{"id":111132,"date":"2026-04-29T13:04:01","date_gmt":"2026-04-29T10:04:01","guid":{"rendered":"https:\/\/kidsplay.lt\/produktas\/woopie-prekybos-centras-su-vezimeliu-svarstyklemis-kasa-skaitytuvu-ir-48-priedais\/"},"modified":"2026-04-29T18:30:37","modified_gmt":"2026-04-29T15:30:37","slug":"woopie-prekybos-centras-su-vezimeliu-svarstyklemis-kasa-skaitytuvu-ir-48-priedais","status":"publish","type":"product","link":"https:\/\/kidsplay.lt\/lv\/products\/woopie-prekybos-centras-su-vezimeliu-svarstyklemis-kasa-skaitytuvu-ir-48-priedais\/","title":{"rendered":"\u201eWOOPIE\u201c prekybos centras su ve\u017eim\u0117liu, svarstykl\u0117mis, kasa, skaitytuvu ir 48 priedais"},"content":{"rendered":"<p>\u0160is \u201eWOOPIE\u201c prekybos centro rinkinys \u2013 tai pilnas vaidmen\u0173 \u017eaidim\u0173 komplektas, leid\u017eiantis vaikams kurti savo parduotuv\u0119 ir atkurti kasdienes apsipirkimo situacijas. Realisti\u0161kos funkcijos ir gaus\u016bs priedai skatina k\u016brybi\u0161k\u0105, edukacin\u012f \u017eaidim\u0105 tiek vienam, tiek su draugais.<br \/>\nFunkcijas:<\/p>\n<p> \tSkirtas vaikams nuo 3 met\u0173<br \/>\n \tInteraktyvus skaitytuvas su \u0161viesos ir garso efektais (baterijos nepridedamos)<br \/>\n \tKasos aparatas su atidaromu stal\u010diumi<br \/>\n \tRealisti\u0161kos svarstykl\u0117s<br \/>\n \tLentynos su preki\u0173 \u201ekainomis\u201c<br \/>\n \tEsteti\u0161kas ir universalus dizainas<br \/>\n \tTinka \u012fvairiems interjerams<br \/>\n \tSpalvinga d\u0117\u017e\u0117 \u2013 puikiai tinka dovanai<\/p>\n<p>Komplekt\u0101:<\/p>\n<p> \tPrekybos centras su lentynomis<br \/>\n \tPirkini\u0173 ve\u017eim\u0117lis<br \/>\n \tSvarstykl\u0117s<br \/>\n \tPreki\u0173 skeneris<br \/>\n \tKasos aparatas<br \/>\n \tMok\u0117jimo kortel\u0117<br \/>\n \tPopieriniai pinigai<br \/>\n \t\u012evair\u016bs maisto produktai (vaisiai, dar\u017eov\u0117s, g\u0117rimai, pieno produktai ir kt.)<br \/>\n \tI\u0161 viso 48 priedai<\/p>","protected":false},"excerpt":{"rendered":"<p>\u0160is \u201eWOOPIE\u201c prekybos centro rinkinys \u2013 tai pilnas vaidmen\u0173 \u017eaidim\u0173 komplektas, leid\u017eiantis vaikams kurti savo parduotuv\u0119 ir atkurti kasdienes apsipirkimo<\/p>","protected":false},"featured_media":111134,"template":"","meta":{"_acf_changed":false,"_glsr_average":0,"_glsr_ranking":0,"_glsr_reviews":0},"product_brand":[],"product_cat":[893,399],"product_tag":[],"class_list":{"0":"post-111132","1":"product","2":"type-product","3":"status-publish","4":"has-post-thumbnail","6":"product_cat-parduotuves","7":"product_cat-vaidmenu-zaidimai-2","8":"\"style=\"background-color: #2ecc711c;\"","10":"first","11":"instock","12":"purchasable","13":"product-type-simple"},"acf":[],"yoast_head":"<!-- This site is optimized with the Yoast SEO plugin v27.4 - https:\/\/yoast.com\/product\/yoast-seo-wordpress\/ -->\n<title>\u201eWOOPIE\u201c prekybos centras su ve\u017eim\u0117liu, svarstykl\u0117mis, kasa, skaitytuvu ir 48 priedais<\/title>\n<meta name=\"description\" content=\"\u201eWOOPIE\u201c prekybos centras su ve\u017eim\u0117liu, svarstykl\u0117mis, kasa, skaitytuvu ir 48 priedais - KidsPlay. Did\u017eiausias vaik\u0173 \u017eaisl\u0173 pasirinkimas.\" \/>\n<meta name=\"robots\" content=\"index, follow, max-snippet:-1, max-image-preview:large, max-video-preview:-1\" \/>\n<link rel=\"canonical\" href=\"https:\/\/kidsplay.lt\/lv\/products\/woopie-prekybos-centras-su-vezimeliu-svarstyklemis-kasa-skaitytuvu-ir-48-priedais\/\" \/>\n<meta property=\"og:locale\" content=\"lv_LV\" \/>\n<meta property=\"og:type\" content=\"article\" \/>\n<meta property=\"og:title\" content=\"\u201eWOOPIE\u201c prekybos centras su ve\u017eim\u0117liu, svarstykl\u0117mis, kasa, skaitytuvu ir 48 priedais\" \/>\n<meta property=\"og:description\" content=\"\u201eWOOPIE\u201c prekybos centras su ve\u017eim\u0117liu, svarstykl\u0117mis, kasa, skaitytuvu ir 48 priedais - KidsPlay. Did\u017eiausias vaik\u0173 \u017eaisl\u0173 pasirinkimas.\" \/>\n<meta property=\"og:url\" content=\"https:\/\/kidsplay.lt\/lv\/products\/woopie-prekybos-centras-su-vezimeliu-svarstyklemis-kasa-skaitytuvu-ir-48-priedais\/\" \/>\n<meta property=\"og:site_name\" content=\"KidsPlay\" \/>\n<meta property=\"article:publisher\" content=\"https:\/\/www.facebook.com\/www.kidsplay.lt\" \/>\n<meta property=\"article:modified_time\" content=\"2026-04-29T15:30:37+00:00\" \/>\n<meta property=\"og:image\" content=\"https:\/\/kidsplay.lt\/wp-content\/uploads\/2026\/04\/\u201eWOOPIE-prekybos-centras-su-vezimeliu-svarstyklemis-kasa-skaitytuvu-ir-48-priedais.jpg\" \/>\n\t<meta property=\"og:image:width\" content=\"2560\" \/>\n\t<meta property=\"og:image:height\" content=\"2560\" \/>\n\t<meta property=\"og:image:type\" content=\"image\/jpeg\" \/>\n<meta name=\"twitter:card\" content=\"summary_large_image\" \/>\n<meta name=\"twitter:label1\" content=\"Est. reading time\" \/>\n\t<meta name=\"twitter:data1\" content=\"1 min\u016bte\" \/>\n<script type=\"application\/ld+json\" class=\"yoast-schema-graph\">{\"@context\":\"https:\\\/\\\/schema.org\",\"@graph\":[{\"@type\":\"WebPage\",\"@id\":\"https:\\\/\\\/kidsplay.lt\\\/produktas\\\/woopie-prekybos-centras-su-vezimeliu-svarstyklemis-kasa-skaitytuvu-ir-48-priedais\\\/\",\"url\":\"https:\\\/\\\/kidsplay.lt\\\/produktas\\\/woopie-prekybos-centras-su-vezimeliu-svarstyklemis-kasa-skaitytuvu-ir-48-priedais\\\/\",\"name\":\"\u201eWOOPIE\u201c prekybos centras su ve\u017eim\u0117liu, svarstykl\u0117mis, kasa, skaitytuvu ir 48 priedais\",\"isPartOf\":{\"@id\":\"https:\\\/\\\/kidsplay.lt\\\/#website\"},\"primaryImageOfPage\":{\"@id\":\"https:\\\/\\\/kidsplay.lt\\\/produktas\\\/woopie-prekybos-centras-su-vezimeliu-svarstyklemis-kasa-skaitytuvu-ir-48-priedais\\\/#primaryimage\"},\"image\":{\"@id\":\"https:\\\/\\\/kidsplay.lt\\\/produktas\\\/woopie-prekybos-centras-su-vezimeliu-svarstyklemis-kasa-skaitytuvu-ir-48-priedais\\\/#primaryimage\"},\"thumbnailUrl\":\"https:\\\/\\\/kidsplay.lt\\\/wp-content\\\/uploads\\\/2026\\\/04\\\/\u201eWOOPIE-prekybos-centras-su-vezimeliu-svarstyklemis-kasa-skaitytuvu-ir-48-priedais.jpg\",\"datePublished\":\"2026-04-29T10:04:01+00:00\",\"dateModified\":\"2026-04-29T15:30:37+00:00\",\"description\":\"\u201eWOOPIE\u201c prekybos centras su ve\u017eim\u0117liu, svarstykl\u0117mis, kasa, skaitytuvu ir 48 priedais - KidsPlay. Did\u017eiausias vaik\u0173 \u017eaisl\u0173 pasirinkimas.\",\"breadcrumb\":{\"@id\":\"https:\\\/\\\/kidsplay.lt\\\/produktas\\\/woopie-prekybos-centras-su-vezimeliu-svarstyklemis-kasa-skaitytuvu-ir-48-priedais\\\/#breadcrumb\"},\"inLanguage\":\"lv-LV\",\"potentialAction\":[{\"@type\":\"ReadAction\",\"target\":[\"https:\\\/\\\/kidsplay.lt\\\/produktas\\\/woopie-prekybos-centras-su-vezimeliu-svarstyklemis-kasa-skaitytuvu-ir-48-priedais\\\/\"]}]},{\"@type\":\"ImageObject\",\"inLanguage\":\"lv-LV\",\"@id\":\"https:\\\/\\\/kidsplay.lt\\\/produktas\\\/woopie-prekybos-centras-su-vezimeliu-svarstyklemis-kasa-skaitytuvu-ir-48-priedais\\\/#primaryimage\",\"url\":\"https:\\\/\\\/kidsplay.lt\\\/wp-content\\\/uploads\\\/2026\\\/04\\\/\u201eWOOPIE-prekybos-centras-su-vezimeliu-svarstyklemis-kasa-skaitytuvu-ir-48-priedais.jpg\",\"contentUrl\":\"https:\\\/\\\/kidsplay.lt\\\/wp-content\\\/uploads\\\/2026\\\/04\\\/\u201eWOOPIE-prekybos-centras-su-vezimeliu-svarstyklemis-kasa-skaitytuvu-ir-48-priedais.jpg\",\"width\":2560,\"height\":2560,\"caption\":\"\u201eWOOPIE\u201c prekybos centras su ve\u017eim\u0117liu\"},{\"@type\":\"BreadcrumbList\",\"@id\":\"https:\\\/\\\/kidsplay.lt\\\/produktas\\\/woopie-prekybos-centras-su-vezimeliu-svarstyklemis-kasa-skaitytuvu-ir-48-priedais\\\/#breadcrumb\",\"itemListElement\":[{\"@type\":\"ListItem\",\"position\":1,\"name\":\"Pagrindinis\",\"item\":\"https:\\\/\\\/kidsplay.lt\\\/\"},{\"@type\":\"ListItem\",\"position\":2,\"name\":\"Parduotuv\u0117\",\"item\":\"https:\\\/\\\/kidsplay.lt\\\/parduotuve\\\/\"},{\"@type\":\"ListItem\",\"position\":3,\"name\":\"\u201eWOOPIE\u201c prekybos centras su ve\u017eim\u0117liu, svarstykl\u0117mis, kasa, skaitytuvu ir 48 priedais\"}]},{\"@type\":\"WebSite\",\"@id\":\"https:\\\/\\\/kidsplay.lt\\\/#website\",\"url\":\"https:\\\/\\\/kidsplay.lt\\\/\",\"name\":\"Kidsplay.lt\",\"description\":\"\u012evairios prek\u0117s vaikams\",\"publisher\":{\"@id\":\"https:\\\/\\\/kidsplay.lt\\\/#organization\"},\"alternateName\":\"Kidsplay\",\"potentialAction\":[{\"@type\":\"SearchAction\",\"target\":{\"@type\":\"EntryPoint\",\"urlTemplate\":\"https:\\\/\\\/kidsplay.lt\\\/?s={search_term_string}\"},\"query-input\":{\"@type\":\"PropertyValueSpecification\",\"valueRequired\":true,\"valueName\":\"search_term_string\"}}],\"inLanguage\":\"lv-LV\"},{\"@type\":\"Organization\",\"@id\":\"https:\\\/\\\/kidsplay.lt\\\/#organization\",\"name\":\"KidsPlay\",\"url\":\"https:\\\/\\\/kidsplay.lt\\\/\",\"logo\":{\"@type\":\"ImageObject\",\"inLanguage\":\"lv-LV\",\"@id\":\"https:\\\/\\\/kidsplay.lt\\\/#\\\/schema\\\/logo\\\/image\\\/\",\"url\":\"https:\\\/\\\/kidsplay.lt\\\/wp-content\\\/uploads\\\/2023\\\/07\\\/kidsplay-logo.png\",\"contentUrl\":\"https:\\\/\\\/kidsplay.lt\\\/wp-content\\\/uploads\\\/2023\\\/07\\\/kidsplay-logo.png\",\"width\":451,\"height\":98,\"caption\":\"KidsPlay\"},\"image\":{\"@id\":\"https:\\\/\\\/kidsplay.lt\\\/#\\\/schema\\\/logo\\\/image\\\/\"},\"sameAs\":[\"https:\\\/\\\/www.facebook.com\\\/www.kidsplay.lt\"]}]}<\/script>\n<!-- \/ Yoast SEO plugin. -->","yoast_head_json":{"title":"\u201eWOOPIE\u201c prekybos centras su ve\u017eim\u0117liu, svarstykl\u0117mis, kasa, skaitytuvu ir 48 priedais","description":"\u201eWOOPIE\u201c prekybos centras su ve\u017eim\u0117liu, svarstykl\u0117mis, kasa, skaitytuvu ir 48 priedais - KidsPlay. Did\u017eiausias vaik\u0173 \u017eaisl\u0173 pasirinkimas.","robots":{"index":"index","follow":"follow","max-snippet":"max-snippet:-1","max-image-preview":"max-image-preview:large","max-video-preview":"max-video-preview:-1"},"canonical":"https:\/\/kidsplay.lt\/lv\/products\/woopie-prekybos-centras-su-vezimeliu-svarstyklemis-kasa-skaitytuvu-ir-48-priedais\/","og_locale":"lv_LV","og_type":"article","og_title":"\u201eWOOPIE\u201c prekybos centras su ve\u017eim\u0117liu, svarstykl\u0117mis, kasa, skaitytuvu ir 48 priedais","og_description":"\u201eWOOPIE\u201c prekybos centras su ve\u017eim\u0117liu, svarstykl\u0117mis, kasa, skaitytuvu ir 48 priedais - KidsPlay. Did\u017eiausias vaik\u0173 \u017eaisl\u0173 pasirinkimas.","og_url":"https:\/\/kidsplay.lt\/lv\/products\/woopie-prekybos-centras-su-vezimeliu-svarstyklemis-kasa-skaitytuvu-ir-48-priedais\/","og_site_name":"KidsPlay","article_publisher":"https:\/\/www.facebook.com\/www.kidsplay.lt","article_modified_time":"2026-04-29T15:30:37+00:00","og_image":[{"width":2560,"height":2560,"url":"https:\/\/kidsplay.lt\/wp-content\/uploads\/2026\/04\/\u201eWOOPIE-prekybos-centras-su-vezimeliu-svarstyklemis-kasa-skaitytuvu-ir-48-priedais.jpg","type":"image\/jpeg"}],"twitter_card":"summary_large_image","twitter_misc":{"Est. reading time":"1 min\u016bte"},"schema":{"@context":"https:\/\/schema.org","@graph":[{"@type":"WebPage","@id":"https:\/\/kidsplay.lt\/produktas\/woopie-prekybos-centras-su-vezimeliu-svarstyklemis-kasa-skaitytuvu-ir-48-priedais\/","url":"https:\/\/kidsplay.lt\/produktas\/woopie-prekybos-centras-su-vezimeliu-svarstyklemis-kasa-skaitytuvu-ir-48-priedais\/","name":"\u201eWOOPIE\u201c prekybos centras su ve\u017eim\u0117liu, svarstykl\u0117mis, kasa, skaitytuvu ir 48 priedais","isPartOf":{"@id":"https:\/\/kidsplay.lt\/#website"},"primaryImageOfPage":{"@id":"https:\/\/kidsplay.lt\/produktas\/woopie-prekybos-centras-su-vezimeliu-svarstyklemis-kasa-skaitytuvu-ir-48-priedais\/#primaryimage"},"image":{"@id":"https:\/\/kidsplay.lt\/produktas\/woopie-prekybos-centras-su-vezimeliu-svarstyklemis-kasa-skaitytuvu-ir-48-priedais\/#primaryimage"},"thumbnailUrl":"https:\/\/kidsplay.lt\/wp-content\/uploads\/2026\/04\/\u201eWOOPIE-prekybos-centras-su-vezimeliu-svarstyklemis-kasa-skaitytuvu-ir-48-priedais.jpg","datePublished":"2026-04-29T10:04:01+00:00","dateModified":"2026-04-29T15:30:37+00:00","description":"\u201eWOOPIE\u201c prekybos centras su ve\u017eim\u0117liu, svarstykl\u0117mis, kasa, skaitytuvu ir 48 priedais - KidsPlay. Did\u017eiausias vaik\u0173 \u017eaisl\u0173 pasirinkimas.","breadcrumb":{"@id":"https:\/\/kidsplay.lt\/produktas\/woopie-prekybos-centras-su-vezimeliu-svarstyklemis-kasa-skaitytuvu-ir-48-priedais\/#breadcrumb"},"inLanguage":"lv-LV","potentialAction":[{"@type":"ReadAction","target":["https:\/\/kidsplay.lt\/produktas\/woopie-prekybos-centras-su-vezimeliu-svarstyklemis-kasa-skaitytuvu-ir-48-priedais\/"]}]},{"@type":"ImageObject","inLanguage":"lv-LV","@id":"https:\/\/kidsplay.lt\/produktas\/woopie-prekybos-centras-su-vezimeliu-svarstyklemis-kasa-skaitytuvu-ir-48-priedais\/#primaryimage","url":"https:\/\/kidsplay.lt\/wp-content\/uploads\/2026\/04\/\u201eWOOPIE-prekybos-centras-su-vezimeliu-svarstyklemis-kasa-skaitytuvu-ir-48-priedais.jpg","contentUrl":"https:\/\/kidsplay.lt\/wp-content\/uploads\/2026\/04\/\u201eWOOPIE-prekybos-centras-su-vezimeliu-svarstyklemis-kasa-skaitytuvu-ir-48-priedais.jpg","width":2560,"height":2560,"caption":"\u201eWOOPIE\u201c prekybos centras su ve\u017eim\u0117liu"},{"@type":"BreadcrumbList","@id":"https:\/\/kidsplay.lt\/produktas\/woopie-prekybos-centras-su-vezimeliu-svarstyklemis-kasa-skaitytuvu-ir-48-priedais\/#breadcrumb","itemListElement":[{"@type":"ListItem","position":1,"name":"Pagrindinis","item":"https:\/\/kidsplay.lt\/"},{"@type":"ListItem","position":2,"name":"Parduotuv\u0117","item":"https:\/\/kidsplay.lt\/parduotuve\/"},{"@type":"ListItem","position":3,"name":"\u201eWOOPIE\u201c prekybos centras su ve\u017eim\u0117liu, svarstykl\u0117mis, kasa, skaitytuvu ir 48 priedais"}]},{"@type":"WebSite","@id":"https:\/\/kidsplay.lt\/#website","url":"https:\/\/kidsplay.lt\/","name":"B\u0113rnu sp\u0113les.lv","description":"\u012evairios prek\u0117s vaikams","publisher":{"@id":"https:\/\/kidsplay.lt\/#organization"},"alternateName":"Kidsplay","potentialAction":[{"@type":"SearchAction","target":{"@type":"EntryPoint","urlTemplate":"https:\/\/kidsplay.lt\/?s={search_term_string}"},"query-input":{"@type":"PropertyValueSpecification","valueRequired":true,"valueName":"search_term_string"}}],"inLanguage":"lv-LV"},{"@type":"Organization","@id":"https:\/\/kidsplay.lt\/#organization","name":"B\u0113rnu sp\u0113le","url":"https:\/\/kidsplay.lt\/","logo":{"@type":"ImageObject","inLanguage":"lv-LV","@id":"https:\/\/kidsplay.lt\/#\/schema\/logo\/image\/","url":"https:\/\/kidsplay.lt\/wp-content\/uploads\/2023\/07\/kidsplay-logo.png","contentUrl":"https:\/\/kidsplay.lt\/wp-content\/uploads\/2023\/07\/kidsplay-logo.png","width":451,"height":98,"caption":"KidsPlay"},"image":{"@id":"https:\/\/kidsplay.lt\/#\/schema\/logo\/image\/"},"sameAs":["https:\/\/www.facebook.com\/www.kidsplay.lt"]}]}},"_links":{"self":[{"href":"https:\/\/kidsplay.lt\/lv\/wp-json\/wp\/v2\/product\/111132","targetHints":{"allow":["GET"]}}],"collection":[{"href":"https:\/\/kidsplay.lt\/lv\/wp-json\/wp\/v2\/product"}],"about":[{"href":"https:\/\/kidsplay.lt\/lv\/wp-json\/wp\/v2\/types\/product"}],"version-history":[{"count":1,"href":"https:\/\/kidsplay.lt\/lv\/wp-json\/wp\/v2\/product\/111132\/revisions"}],"predecessor-version":[{"id":111133,"href":"https:\/\/kidsplay.lt\/lv\/wp-json\/wp\/v2\/product\/111132\/revisions\/111133"}],"wp:featuredmedia":[{"embeddable":true,"href":"https:\/\/kidsplay.lt\/lv\/wp-json\/wp\/v2\/media\/111134"}],"wp:attachment":[{"href":"https:\/\/kidsplay.lt\/lv\/wp-json\/wp\/v2\/media?parent=111132"}],"wp:term":[{"taxonomy":"product_brand","embeddable":true,"href":"https:\/\/kidsplay.lt\/lv\/wp-json\/wp\/v2\/product_brand?post=111132"},{"taxonomy":"product_cat","embeddable":true,"href":"https:\/\/kidsplay.lt\/lv\/wp-json\/wp\/v2\/product_cat?post=111132"},{"taxonomy":"product_tag","embeddable":true,"href":"https:\/\/kidsplay.lt\/lv\/wp-json\/wp\/v2\/product_tag?post=111132"}],"curies":[{"name":"wp","href":"https:\/\/api.w.org\/{rel}","templated":true}]}}