{"id":111153,"date":"2026-04-29T13:05:10","date_gmt":"2026-04-29T10:05:10","guid":{"rendered":"https:\/\/kidsplay.lt\/produktas\/woopie-vaikiskas-pirkiniu-vezimelis-su-judanciomis-dalimis-ir-42-priedais\/"},"modified":"2026-04-29T18:30:38","modified_gmt":"2026-04-29T15:30:38","slug":"woopie-vaikiskas-pirkiniu-vezimelis-su-judanciomis-dalimis-ir-42-priedais","status":"publish","type":"product","link":"https:\/\/kidsplay.lt\/lv\/products\/woopie-vaikiskas-pirkiniu-vezimelis-su-judanciomis-dalimis-ir-42-priedais\/","title":{"rendered":"\u201eWOOPIE\u201c vaiki\u0161kas pirkini\u0173 ve\u017eim\u0117lis su judan\u010diomis dalimis ir 42 priedais"},"content":{"rendered":"<p>Su \u201eWOOPIE\u201c pirkini\u0173 ve\u017eim\u0117liu j\u016bs\u0173 vaikas gal\u0117s leistis \u012f smagias apsipirkimo keliones tiesiai namuose! Tai puikus \u017eaislas ma\u017eiesiems, m\u0117gstantiems m\u0117gd\u017eioti suaugusiuosius ir kurti savo parduotuv\u0117s, virtuv\u0117s ar restorano \u017eaidimus.<br \/>\nFunkcijas:<\/p>\n<p> \tSkirtas vaikams nuo 3 met\u0173<br \/>\n \tSaugus ir vaikams pritaikytas dizainas<br \/>\n \tPagamintas i\u0161 tvirt\u0173 ir ilgaam\u017ei\u0173 med\u017eiag\u0173<br \/>\n \tLengvas ir patogus stumti<br \/>\n \tPriekin\u0117 ve\u017eim\u0117lio dalis atidaroma pasukus var\u017etel\u012f<br \/>\n \tPuikiai tinka vaidmen\u0173 \u017eaidimams namuose<\/p>\n<p>Komplekt\u0101:<\/p>\n<p> \tPirkini\u0173 ve\u017eim\u0117lis<br \/>\n \t42 \u012fvair\u016bs priedai, tarp j\u0173:<\/p>\n<p> \tG\u0117rimai<br \/>\n \tPienas<br \/>\n \tVaisiai<br \/>\n \tDar\u017eov\u0117s<br \/>\n \tKiau\u0161iniai<br \/>\n \tSaldumynai<br \/>\n \tSausainiai<br \/>\n \tLedinukai<br \/>\n \t\u017daisliniai pinigai<\/p>","protected":false},"excerpt":{"rendered":"<p>Su \u201eWOOPIE\u201c pirkini\u0173 ve\u017eim\u0117liu j\u016bs\u0173 vaikas gal\u0117s leistis \u012f smagias apsipirkimo keliones tiesiai namuose! Tai puikus \u017eaislas ma\u017eiesiems, m\u0117gstantiems m\u0117gd\u017eioti<\/p>","protected":false},"featured_media":111155,"template":"","meta":{"_acf_changed":false,"_glsr_average":0,"_glsr_ranking":0,"_glsr_reviews":0},"product_brand":[],"product_cat":[893,399],"product_tag":[],"class_list":{"0":"post-111153","1":"product","2":"type-product","3":"status-publish","4":"has-post-thumbnail","6":"product_cat-parduotuves","7":"product_cat-vaidmenu-zaidimai-2","8":"\"style=\"background-color: #2ecc711c;\"","10":"first","11":"instock","12":"purchasable","13":"product-type-simple"},"acf":[],"yoast_head":"<!-- This site is optimized with the Yoast SEO plugin v27.4 - https:\/\/yoast.com\/product\/yoast-seo-wordpress\/ -->\n<title>\u201eWOOPIE\u201c vaiki\u0161kas pirkini\u0173 ve\u017eim\u0117lis su judan\u010diomis dalimis ir 42 priedais<\/title>\n<meta name=\"description\" content=\"\u201eWOOPIE\u201c vaiki\u0161kas pirkini\u0173 ve\u017eim\u0117lis su judan\u010diomis dalimis ir 42 priedais - KidsPlay. Did\u017eiausias vaik\u0173 \u017eaisl\u0173 pasirinkimas.\" \/>\n<meta name=\"robots\" content=\"index, follow, max-snippet:-1, max-image-preview:large, max-video-preview:-1\" \/>\n<link rel=\"canonical\" href=\"https:\/\/kidsplay.lt\/lv\/products\/woopie-vaikiskas-pirkiniu-vezimelis-su-judanciomis-dalimis-ir-42-priedais\/\" \/>\n<meta property=\"og:locale\" content=\"lv_LV\" \/>\n<meta property=\"og:type\" content=\"article\" \/>\n<meta property=\"og:title\" content=\"\u201eWOOPIE\u201c vaiki\u0161kas pirkini\u0173 ve\u017eim\u0117lis su judan\u010diomis dalimis ir 42 priedais\" \/>\n<meta property=\"og:description\" content=\"\u201eWOOPIE\u201c vaiki\u0161kas pirkini\u0173 ve\u017eim\u0117lis su judan\u010diomis dalimis ir 42 priedais - KidsPlay. Did\u017eiausias vaik\u0173 \u017eaisl\u0173 pasirinkimas.\" \/>\n<meta property=\"og:url\" content=\"https:\/\/kidsplay.lt\/lv\/products\/woopie-vaikiskas-pirkiniu-vezimelis-su-judanciomis-dalimis-ir-42-priedais\/\" \/>\n<meta property=\"og:site_name\" content=\"KidsPlay\" \/>\n<meta property=\"article:publisher\" content=\"https:\/\/www.facebook.com\/www.kidsplay.lt\" \/>\n<meta property=\"article:modified_time\" content=\"2026-04-29T15:30:38+00:00\" \/>\n<meta property=\"og:image\" content=\"https:\/\/kidsplay.lt\/wp-content\/uploads\/2026\/04\/\u201eWOOPIE-vaikiskas-pirkiniu-vezimelis-su-judanciomis-dalimis-ir-42-priedais.jpg\" \/>\n\t<meta property=\"og:image:width\" content=\"650\" \/>\n\t<meta property=\"og:image:height\" content=\"650\" \/>\n\t<meta property=\"og:image:type\" content=\"image\/jpeg\" \/>\n<meta name=\"twitter:card\" content=\"summary_large_image\" \/>\n<script type=\"application\/ld+json\" class=\"yoast-schema-graph\">{\"@context\":\"https:\\\/\\\/schema.org\",\"@graph\":[{\"@type\":\"WebPage\",\"@id\":\"https:\\\/\\\/kidsplay.lt\\\/produktas\\\/woopie-vaikiskas-pirkiniu-vezimelis-su-judanciomis-dalimis-ir-42-priedais\\\/\",\"url\":\"https:\\\/\\\/kidsplay.lt\\\/produktas\\\/woopie-vaikiskas-pirkiniu-vezimelis-su-judanciomis-dalimis-ir-42-priedais\\\/\",\"name\":\"\u201eWOOPIE\u201c vaiki\u0161kas pirkini\u0173 ve\u017eim\u0117lis su judan\u010diomis dalimis ir 42 priedais\",\"isPartOf\":{\"@id\":\"https:\\\/\\\/kidsplay.lt\\\/#website\"},\"primaryImageOfPage\":{\"@id\":\"https:\\\/\\\/kidsplay.lt\\\/produktas\\\/woopie-vaikiskas-pirkiniu-vezimelis-su-judanciomis-dalimis-ir-42-priedais\\\/#primaryimage\"},\"image\":{\"@id\":\"https:\\\/\\\/kidsplay.lt\\\/produktas\\\/woopie-vaikiskas-pirkiniu-vezimelis-su-judanciomis-dalimis-ir-42-priedais\\\/#primaryimage\"},\"thumbnailUrl\":\"https:\\\/\\\/kidsplay.lt\\\/wp-content\\\/uploads\\\/2026\\\/04\\\/\u201eWOOPIE-vaikiskas-pirkiniu-vezimelis-su-judanciomis-dalimis-ir-42-priedais.jpg\",\"datePublished\":\"2026-04-29T10:05:10+00:00\",\"dateModified\":\"2026-04-29T15:30:38+00:00\",\"description\":\"\u201eWOOPIE\u201c vaiki\u0161kas pirkini\u0173 ve\u017eim\u0117lis su judan\u010diomis dalimis ir 42 priedais - KidsPlay. Did\u017eiausias vaik\u0173 \u017eaisl\u0173 pasirinkimas.\",\"breadcrumb\":{\"@id\":\"https:\\\/\\\/kidsplay.lt\\\/produktas\\\/woopie-vaikiskas-pirkiniu-vezimelis-su-judanciomis-dalimis-ir-42-priedais\\\/#breadcrumb\"},\"inLanguage\":\"lv-LV\",\"potentialAction\":[{\"@type\":\"ReadAction\",\"target\":[\"https:\\\/\\\/kidsplay.lt\\\/produktas\\\/woopie-vaikiskas-pirkiniu-vezimelis-su-judanciomis-dalimis-ir-42-priedais\\\/\"]}]},{\"@type\":\"ImageObject\",\"inLanguage\":\"lv-LV\",\"@id\":\"https:\\\/\\\/kidsplay.lt\\\/produktas\\\/woopie-vaikiskas-pirkiniu-vezimelis-su-judanciomis-dalimis-ir-42-priedais\\\/#primaryimage\",\"url\":\"https:\\\/\\\/kidsplay.lt\\\/wp-content\\\/uploads\\\/2026\\\/04\\\/\u201eWOOPIE-vaikiskas-pirkiniu-vezimelis-su-judanciomis-dalimis-ir-42-priedais.jpg\",\"contentUrl\":\"https:\\\/\\\/kidsplay.lt\\\/wp-content\\\/uploads\\\/2026\\\/04\\\/\u201eWOOPIE-vaikiskas-pirkiniu-vezimelis-su-judanciomis-dalimis-ir-42-priedais.jpg\",\"width\":650,\"height\":650,\"caption\":\"\u201eWOOPIE\u201c vaiki\u0161kas pirkini\u0173 ve\u017eim\u0117lis su judan\u010diomis dalimis ir 42 priedais\"},{\"@type\":\"BreadcrumbList\",\"@id\":\"https:\\\/\\\/kidsplay.lt\\\/produktas\\\/woopie-vaikiskas-pirkiniu-vezimelis-su-judanciomis-dalimis-ir-42-priedais\\\/#breadcrumb\",\"itemListElement\":[{\"@type\":\"ListItem\",\"position\":1,\"name\":\"Pagrindinis\",\"item\":\"https:\\\/\\\/kidsplay.lt\\\/\"},{\"@type\":\"ListItem\",\"position\":2,\"name\":\"Parduotuv\u0117\",\"item\":\"https:\\\/\\\/kidsplay.lt\\\/parduotuve\\\/\"},{\"@type\":\"ListItem\",\"position\":3,\"name\":\"\u201eWOOPIE\u201c vaiki\u0161kas pirkini\u0173 ve\u017eim\u0117lis su judan\u010diomis dalimis ir 42 priedais\"}]},{\"@type\":\"WebSite\",\"@id\":\"https:\\\/\\\/kidsplay.lt\\\/#website\",\"url\":\"https:\\\/\\\/kidsplay.lt\\\/\",\"name\":\"Kidsplay.lt\",\"description\":\"\u012evairios prek\u0117s vaikams\",\"publisher\":{\"@id\":\"https:\\\/\\\/kidsplay.lt\\\/#organization\"},\"alternateName\":\"Kidsplay\",\"potentialAction\":[{\"@type\":\"SearchAction\",\"target\":{\"@type\":\"EntryPoint\",\"urlTemplate\":\"https:\\\/\\\/kidsplay.lt\\\/?s={search_term_string}\"},\"query-input\":{\"@type\":\"PropertyValueSpecification\",\"valueRequired\":true,\"valueName\":\"search_term_string\"}}],\"inLanguage\":\"lv-LV\"},{\"@type\":\"Organization\",\"@id\":\"https:\\\/\\\/kidsplay.lt\\\/#organization\",\"name\":\"KidsPlay\",\"url\":\"https:\\\/\\\/kidsplay.lt\\\/\",\"logo\":{\"@type\":\"ImageObject\",\"inLanguage\":\"lv-LV\",\"@id\":\"https:\\\/\\\/kidsplay.lt\\\/#\\\/schema\\\/logo\\\/image\\\/\",\"url\":\"https:\\\/\\\/kidsplay.lt\\\/wp-content\\\/uploads\\\/2023\\\/07\\\/kidsplay-logo.png\",\"contentUrl\":\"https:\\\/\\\/kidsplay.lt\\\/wp-content\\\/uploads\\\/2023\\\/07\\\/kidsplay-logo.png\",\"width\":451,\"height\":98,\"caption\":\"KidsPlay\"},\"image\":{\"@id\":\"https:\\\/\\\/kidsplay.lt\\\/#\\\/schema\\\/logo\\\/image\\\/\"},\"sameAs\":[\"https:\\\/\\\/www.facebook.com\\\/www.kidsplay.lt\"]}]}<\/script>\n<!-- \/ Yoast SEO plugin. -->","yoast_head_json":{"title":"\u201eWOOPIE\u201c vaiki\u0161kas pirkini\u0173 ve\u017eim\u0117lis su judan\u010diomis dalimis ir 42 priedais","description":"\u201eWOOPIE\u201c vaiki\u0161kas pirkini\u0173 ve\u017eim\u0117lis su judan\u010diomis dalimis ir 42 priedais - KidsPlay. Did\u017eiausias vaik\u0173 \u017eaisl\u0173 pasirinkimas.","robots":{"index":"index","follow":"follow","max-snippet":"max-snippet:-1","max-image-preview":"max-image-preview:large","max-video-preview":"max-video-preview:-1"},"canonical":"https:\/\/kidsplay.lt\/lv\/products\/woopie-vaikiskas-pirkiniu-vezimelis-su-judanciomis-dalimis-ir-42-priedais\/","og_locale":"lv_LV","og_type":"article","og_title":"\u201eWOOPIE\u201c vaiki\u0161kas pirkini\u0173 ve\u017eim\u0117lis su judan\u010diomis dalimis ir 42 priedais","og_description":"\u201eWOOPIE\u201c vaiki\u0161kas pirkini\u0173 ve\u017eim\u0117lis su judan\u010diomis dalimis ir 42 priedais - KidsPlay. Did\u017eiausias vaik\u0173 \u017eaisl\u0173 pasirinkimas.","og_url":"https:\/\/kidsplay.lt\/lv\/products\/woopie-vaikiskas-pirkiniu-vezimelis-su-judanciomis-dalimis-ir-42-priedais\/","og_site_name":"KidsPlay","article_publisher":"https:\/\/www.facebook.com\/www.kidsplay.lt","article_modified_time":"2026-04-29T15:30:38+00:00","og_image":[{"width":650,"height":650,"url":"https:\/\/kidsplay.lt\/wp-content\/uploads\/2026\/04\/\u201eWOOPIE-vaikiskas-pirkiniu-vezimelis-su-judanciomis-dalimis-ir-42-priedais.jpg","type":"image\/jpeg"}],"twitter_card":"summary_large_image","schema":{"@context":"https:\/\/schema.org","@graph":[{"@type":"WebPage","@id":"https:\/\/kidsplay.lt\/produktas\/woopie-vaikiskas-pirkiniu-vezimelis-su-judanciomis-dalimis-ir-42-priedais\/","url":"https:\/\/kidsplay.lt\/produktas\/woopie-vaikiskas-pirkiniu-vezimelis-su-judanciomis-dalimis-ir-42-priedais\/","name":"\u201eWOOPIE\u201c vaiki\u0161kas pirkini\u0173 ve\u017eim\u0117lis su judan\u010diomis dalimis ir 42 priedais","isPartOf":{"@id":"https:\/\/kidsplay.lt\/#website"},"primaryImageOfPage":{"@id":"https:\/\/kidsplay.lt\/produktas\/woopie-vaikiskas-pirkiniu-vezimelis-su-judanciomis-dalimis-ir-42-priedais\/#primaryimage"},"image":{"@id":"https:\/\/kidsplay.lt\/produktas\/woopie-vaikiskas-pirkiniu-vezimelis-su-judanciomis-dalimis-ir-42-priedais\/#primaryimage"},"thumbnailUrl":"https:\/\/kidsplay.lt\/wp-content\/uploads\/2026\/04\/\u201eWOOPIE-vaikiskas-pirkiniu-vezimelis-su-judanciomis-dalimis-ir-42-priedais.jpg","datePublished":"2026-04-29T10:05:10+00:00","dateModified":"2026-04-29T15:30:38+00:00","description":"\u201eWOOPIE\u201c vaiki\u0161kas pirkini\u0173 ve\u017eim\u0117lis su judan\u010diomis dalimis ir 42 priedais - KidsPlay. Did\u017eiausias vaik\u0173 \u017eaisl\u0173 pasirinkimas.","breadcrumb":{"@id":"https:\/\/kidsplay.lt\/produktas\/woopie-vaikiskas-pirkiniu-vezimelis-su-judanciomis-dalimis-ir-42-priedais\/#breadcrumb"},"inLanguage":"lv-LV","potentialAction":[{"@type":"ReadAction","target":["https:\/\/kidsplay.lt\/produktas\/woopie-vaikiskas-pirkiniu-vezimelis-su-judanciomis-dalimis-ir-42-priedais\/"]}]},{"@type":"ImageObject","inLanguage":"lv-LV","@id":"https:\/\/kidsplay.lt\/produktas\/woopie-vaikiskas-pirkiniu-vezimelis-su-judanciomis-dalimis-ir-42-priedais\/#primaryimage","url":"https:\/\/kidsplay.lt\/wp-content\/uploads\/2026\/04\/\u201eWOOPIE-vaikiskas-pirkiniu-vezimelis-su-judanciomis-dalimis-ir-42-priedais.jpg","contentUrl":"https:\/\/kidsplay.lt\/wp-content\/uploads\/2026\/04\/\u201eWOOPIE-vaikiskas-pirkiniu-vezimelis-su-judanciomis-dalimis-ir-42-priedais.jpg","width":650,"height":650,"caption":"\u201eWOOPIE\u201c vaiki\u0161kas pirkini\u0173 ve\u017eim\u0117lis su judan\u010diomis dalimis ir 42 priedais"},{"@type":"BreadcrumbList","@id":"https:\/\/kidsplay.lt\/produktas\/woopie-vaikiskas-pirkiniu-vezimelis-su-judanciomis-dalimis-ir-42-priedais\/#breadcrumb","itemListElement":[{"@type":"ListItem","position":1,"name":"Pagrindinis","item":"https:\/\/kidsplay.lt\/"},{"@type":"ListItem","position":2,"name":"Parduotuv\u0117","item":"https:\/\/kidsplay.lt\/parduotuve\/"},{"@type":"ListItem","position":3,"name":"\u201eWOOPIE\u201c vaiki\u0161kas pirkini\u0173 ve\u017eim\u0117lis su judan\u010diomis dalimis ir 42 priedais"}]},{"@type":"WebSite","@id":"https:\/\/kidsplay.lt\/#website","url":"https:\/\/kidsplay.lt\/","name":"B\u0113rnu sp\u0113les.lv","description":"\u012evairios prek\u0117s vaikams","publisher":{"@id":"https:\/\/kidsplay.lt\/#organization"},"alternateName":"Kidsplay","potentialAction":[{"@type":"SearchAction","target":{"@type":"EntryPoint","urlTemplate":"https:\/\/kidsplay.lt\/?s={search_term_string}"},"query-input":{"@type":"PropertyValueSpecification","valueRequired":true,"valueName":"search_term_string"}}],"inLanguage":"lv-LV"},{"@type":"Organization","@id":"https:\/\/kidsplay.lt\/#organization","name":"B\u0113rnu sp\u0113le","url":"https:\/\/kidsplay.lt\/","logo":{"@type":"ImageObject","inLanguage":"lv-LV","@id":"https:\/\/kidsplay.lt\/#\/schema\/logo\/image\/","url":"https:\/\/kidsplay.lt\/wp-content\/uploads\/2023\/07\/kidsplay-logo.png","contentUrl":"https:\/\/kidsplay.lt\/wp-content\/uploads\/2023\/07\/kidsplay-logo.png","width":451,"height":98,"caption":"KidsPlay"},"image":{"@id":"https:\/\/kidsplay.lt\/#\/schema\/logo\/image\/"},"sameAs":["https:\/\/www.facebook.com\/www.kidsplay.lt"]}]}},"_links":{"self":[{"href":"https:\/\/kidsplay.lt\/lv\/wp-json\/wp\/v2\/product\/111153","targetHints":{"allow":["GET"]}}],"collection":[{"href":"https:\/\/kidsplay.lt\/lv\/wp-json\/wp\/v2\/product"}],"about":[{"href":"https:\/\/kidsplay.lt\/lv\/wp-json\/wp\/v2\/types\/product"}],"version-history":[{"count":1,"href":"https:\/\/kidsplay.lt\/lv\/wp-json\/wp\/v2\/product\/111153\/revisions"}],"predecessor-version":[{"id":111154,"href":"https:\/\/kidsplay.lt\/lv\/wp-json\/wp\/v2\/product\/111153\/revisions\/111154"}],"wp:featuredmedia":[{"embeddable":true,"href":"https:\/\/kidsplay.lt\/lv\/wp-json\/wp\/v2\/media\/111155"}],"wp:attachment":[{"href":"https:\/\/kidsplay.lt\/lv\/wp-json\/wp\/v2\/media?parent=111153"}],"wp:term":[{"taxonomy":"product_brand","embeddable":true,"href":"https:\/\/kidsplay.lt\/lv\/wp-json\/wp\/v2\/product_brand?post=111153"},{"taxonomy":"product_cat","embeddable":true,"href":"https:\/\/kidsplay.lt\/lv\/wp-json\/wp\/v2\/product_cat?post=111153"},{"taxonomy":"product_tag","embeddable":true,"href":"https:\/\/kidsplay.lt\/lv\/wp-json\/wp\/v2\/product_tag?post=111153"}],"curies":[{"name":"wp","href":"https:\/\/api.w.org\/{rel}","templated":true}]}}