{"id":111551,"date":"2026-04-29T17:08:16","date_gmt":"2026-04-29T14:08:16","guid":{"rendered":"https:\/\/kidsplay.lt\/produktas\/plush-horse-head-on-a-stick-hobby-horse-long-haired-horse-black-sounds\/"},"modified":"2026-04-29T17:34:29","modified_gmt":"2026-04-29T14:34:29","slug":"juodas-pliusinis-hobio-arkliukas-su-garsais-ir-ilga-karcia","status":"publish","type":"product","link":"https:\/\/kidsplay.lt\/lv\/products\/juodas-pliusinis-hobio-arkliukas-su-garsais-ir-ilga-karcia\/","title":{"rendered":"Juodas pliu\u0161inis hobio arkliukas su garsais ir ilga kar\u010dia"},"content":{"rendered":"<p data-start=\"79\" data-end=\"408\">Hobio arkliukas ant pagaliuko \u2013 tai i\u0161skirtinis \u017eaislas ma\u017eiesiems nuotyki\u0173 ie\u0161kotojams, kurie m\u0117gsta b\u0117gioti ir tyrin\u0117ti pasaul\u012f kartu su savo m\u0117gstamu gyv\u016bnu \u2013 arkliu. \u0160is unikalus \u017eaislas ne tik skatina aktyv\u0173 \u017eaidim\u0105, bet ir lavina vaik\u0173 vaizduot\u0119 bei k\u016brybi\u0161kum\u0105, suteikdamas nepamir\u0161tam\u0173 d\u017eiaugsmo akimirk\u0173.<\/p>\n<p data-start=\"410\" data-end=\"604\">Arkliukas pagamintas i\u0161 mink\u0161to pliu\u0161o, realisti\u0161kos juodos spalvos, kuri suteikia jam tikrovi\u0161k\u0105 i\u0161vaizd\u0105. Ilga kar\u010dia suteikia \u017eavesio ir skatina vaikus kurti \u012fvairias istorijas bei nuotykius.<\/p>\n<p data-start=\"606\" data-end=\"882\">Did\u017eiausias \u0161io \u017eaislo privalumas \u2013 garsiniai efektai. Paspaudus speciali\u0105 viet\u0105 ant arkliuko galvos, pasigirsta tikrovi\u0161ki kanop\u0173 bildesio garsai, leid\u017eiantys vaikams pasijusti tikrais raiteliais. \u0160i funkcija dar labiau \u012ftraukia \u012f \u017eaidim\u0105 ir suteikia papildomo realisti\u0161kumo.<\/p>\n<p data-start=\"884\" data-end=\"1075\">Pagaliukas yra padengtas med\u017eiaga, tod\u0117l u\u017etikrina patogum\u0105 ir saugum\u0105 naudojimo metu. Tvirta konstrukcija ir patvarios med\u017eiagos leid\u017eia \u017eaisti tiek viduje, tiek lauke \u2013 bet kada ir bet kur.<\/p>\n<p data-start=\"1077\" data-end=\"1265\">D\u0117l realisti\u0161kos i\u0161vaizdos, interaktyvi\u0173 funkcij\u0173 ir saugios konstrukcijos \u0161is \u017eaislas yra puikus pasirinkimas t\u0117vams, norintiems suteikti vaikams d\u017eiaugsmo ir \u012fsimintin\u0173 \u017eaidim\u0173 akimirk\u0173.<\/p>\n<p data-start=\"1267\" data-end=\"1331\"><strong data-start=\"1267\" data-end=\"1280\">Izm\u0113ri:<\/strong><br data-start=\"1280\" data-end=\"1283\" \/>Arkliukas: 70 \u00d7 23 \u00d7 11 cm<br data-start=\"1309\" data-end=\"1312\" \/>Pagaliukas: 46 cm<\/p>\n<p data-start=\"1333\" data-end=\"1402\" data-is-last-node=\"\" data-is-only-node=\"\">Atitinka CE sertifikat\u0105 ir EN71 standart\u0105. Skirta vaikams nuo 3 met\u0173.<\/p>","protected":false},"excerpt":{"rendered":"<p>Hobio arkliukas ant pagaliuko \u2013 tai i\u0161skirtinis \u017eaislas ma\u017eiesiems nuotyki\u0173 ie\u0161kotojams, kurie m\u0117gsta b\u0117gioti ir tyrin\u0117ti pasaul\u012f kartu su savo<\/p>","protected":false},"featured_media":108169,"template":"","meta":{"_acf_changed":false,"_glsr_average":0,"_glsr_ranking":0,"_glsr_reviews":0},"product_brand":[],"product_cat":[388],"product_tag":[],"class_list":{"0":"post-111551","1":"product","2":"type-product","3":"status-publish","4":"has-post-thumbnail","6":"product_cat-edukaciniai-lavinamieji-zaislai","7":"\"style=\"background-color: #2ecc711c;\"","9":"first","10":"instock","11":"purchasable","12":"product-type-simple"},"acf":[],"yoast_head":"<!-- This site is optimized with the Yoast SEO plugin v27.4 - https:\/\/yoast.com\/product\/yoast-seo-wordpress\/ -->\n<title>Plush Horse Head On A Stick Hobby Horse Long-haired Horse Black sounds<\/title>\n<meta name=\"description\" content=\"Plush Horse Head On A Stick Hobby Horse Long-haired Horse Black sounds - KidsPlay. Did\u017eiausias vaik\u0173 \u017eaisl\u0173 pasirinkimas.\" \/>\n<meta name=\"robots\" content=\"index, follow, max-snippet:-1, max-image-preview:large, max-video-preview:-1\" \/>\n<link rel=\"canonical\" href=\"https:\/\/kidsplay.lt\/lv\/products\/juodas-pliusinis-hobio-arkliukas-su-garsais-ir-ilga-karcia\/\" \/>\n<meta property=\"og:locale\" content=\"lv_LV\" \/>\n<meta property=\"og:type\" content=\"article\" \/>\n<meta property=\"og:title\" content=\"Plush Horse Head On A Stick Hobby Horse Long-haired Horse Black sounds\" \/>\n<meta property=\"og:description\" content=\"Plush Horse Head On A Stick Hobby Horse Long-haired Horse Black sounds - KidsPlay. Did\u017eiausias vaik\u0173 \u017eaisl\u0173 pasirinkimas.\" \/>\n<meta property=\"og:url\" content=\"https:\/\/kidsplay.lt\/lv\/products\/juodas-pliusinis-hobio-arkliukas-su-garsais-ir-ilga-karcia\/\" \/>\n<meta property=\"og:site_name\" content=\"KidsPlay\" \/>\n<meta property=\"article:publisher\" content=\"https:\/\/www.facebook.com\/www.kidsplay.lt\" \/>\n<meta property=\"article:modified_time\" content=\"2026-04-29T14:34:29+00:00\" \/>\n<meta property=\"og:image\" content=\"https:\/\/kidsplay.lt\/wp-content\/uploads\/2026\/04\/Plush-Horse-Head-On-A-Stick-Hobby-Horse-Long-haired-Horse-Black-sounds.png\" \/>\n\t<meta property=\"og:image:width\" content=\"1000\" \/>\n\t<meta property=\"og:image:height\" content=\"707\" \/>\n\t<meta property=\"og:image:type\" content=\"image\/png\" \/>\n<meta name=\"twitter:card\" content=\"summary_large_image\" \/>\n<meta name=\"twitter:label1\" content=\"Est. reading time\" \/>\n\t<meta name=\"twitter:data1\" content=\"2 min\u016btes\" \/>\n<script type=\"application\/ld+json\" class=\"yoast-schema-graph\">{\"@context\":\"https:\\\/\\\/schema.org\",\"@graph\":[{\"@type\":\"WebPage\",\"@id\":\"https:\\\/\\\/kidsplay.lt\\\/produktas\\\/juodas-pliusinis-hobio-arkliukas-su-garsais-ir-ilga-karcia\\\/\",\"url\":\"https:\\\/\\\/kidsplay.lt\\\/produktas\\\/juodas-pliusinis-hobio-arkliukas-su-garsais-ir-ilga-karcia\\\/\",\"name\":\"Plush Horse Head On A Stick Hobby Horse Long-haired Horse Black sounds\",\"isPartOf\":{\"@id\":\"https:\\\/\\\/kidsplay.lt\\\/#website\"},\"primaryImageOfPage\":{\"@id\":\"https:\\\/\\\/kidsplay.lt\\\/produktas\\\/juodas-pliusinis-hobio-arkliukas-su-garsais-ir-ilga-karcia\\\/#primaryimage\"},\"image\":{\"@id\":\"https:\\\/\\\/kidsplay.lt\\\/produktas\\\/juodas-pliusinis-hobio-arkliukas-su-garsais-ir-ilga-karcia\\\/#primaryimage\"},\"thumbnailUrl\":\"https:\\\/\\\/kidsplay.lt\\\/wp-content\\\/uploads\\\/2026\\\/04\\\/Plush-Horse-Head-On-A-Stick-Hobby-Horse-Long-haired-Horse-Black-sounds.png\",\"datePublished\":\"2026-04-29T14:08:16+00:00\",\"dateModified\":\"2026-04-29T14:34:29+00:00\",\"description\":\"Plush Horse Head On A Stick Hobby Horse Long-haired Horse Black sounds - KidsPlay. Did\u017eiausias vaik\u0173 \u017eaisl\u0173 pasirinkimas.\",\"breadcrumb\":{\"@id\":\"https:\\\/\\\/kidsplay.lt\\\/produktas\\\/juodas-pliusinis-hobio-arkliukas-su-garsais-ir-ilga-karcia\\\/#breadcrumb\"},\"inLanguage\":\"lv-LV\",\"potentialAction\":[{\"@type\":\"ReadAction\",\"target\":[\"https:\\\/\\\/kidsplay.lt\\\/produktas\\\/juodas-pliusinis-hobio-arkliukas-su-garsais-ir-ilga-karcia\\\/\"]}]},{\"@type\":\"ImageObject\",\"inLanguage\":\"lv-LV\",\"@id\":\"https:\\\/\\\/kidsplay.lt\\\/produktas\\\/juodas-pliusinis-hobio-arkliukas-su-garsais-ir-ilga-karcia\\\/#primaryimage\",\"url\":\"https:\\\/\\\/kidsplay.lt\\\/wp-content\\\/uploads\\\/2026\\\/04\\\/Plush-Horse-Head-On-A-Stick-Hobby-Horse-Long-haired-Horse-Black-sounds.png\",\"contentUrl\":\"https:\\\/\\\/kidsplay.lt\\\/wp-content\\\/uploads\\\/2026\\\/04\\\/Plush-Horse-Head-On-A-Stick-Hobby-Horse-Long-haired-Horse-Black-sounds.png\",\"width\":1000,\"height\":707,\"caption\":\"Plush Horse Head On A Stick Hobby Horse Long-haired Horse Black sounds\"},{\"@type\":\"BreadcrumbList\",\"@id\":\"https:\\\/\\\/kidsplay.lt\\\/produktas\\\/juodas-pliusinis-hobio-arkliukas-su-garsais-ir-ilga-karcia\\\/#breadcrumb\",\"itemListElement\":[{\"@type\":\"ListItem\",\"position\":1,\"name\":\"Pagrindinis\",\"item\":\"https:\\\/\\\/kidsplay.lt\\\/\"},{\"@type\":\"ListItem\",\"position\":2,\"name\":\"Parduotuv\u0117\",\"item\":\"https:\\\/\\\/kidsplay.lt\\\/parduotuve\\\/\"},{\"@type\":\"ListItem\",\"position\":3,\"name\":\"Juodas pliu\u0161inis hobio arkliukas su garsais ir ilga kar\u010dia\"}]},{\"@type\":\"WebSite\",\"@id\":\"https:\\\/\\\/kidsplay.lt\\\/#website\",\"url\":\"https:\\\/\\\/kidsplay.lt\\\/\",\"name\":\"Kidsplay.lt\",\"description\":\"\u012evairios prek\u0117s vaikams\",\"publisher\":{\"@id\":\"https:\\\/\\\/kidsplay.lt\\\/#organization\"},\"alternateName\":\"Kidsplay\",\"potentialAction\":[{\"@type\":\"SearchAction\",\"target\":{\"@type\":\"EntryPoint\",\"urlTemplate\":\"https:\\\/\\\/kidsplay.lt\\\/?s={search_term_string}\"},\"query-input\":{\"@type\":\"PropertyValueSpecification\",\"valueRequired\":true,\"valueName\":\"search_term_string\"}}],\"inLanguage\":\"lv-LV\"},{\"@type\":\"Organization\",\"@id\":\"https:\\\/\\\/kidsplay.lt\\\/#organization\",\"name\":\"KidsPlay\",\"url\":\"https:\\\/\\\/kidsplay.lt\\\/\",\"logo\":{\"@type\":\"ImageObject\",\"inLanguage\":\"lv-LV\",\"@id\":\"https:\\\/\\\/kidsplay.lt\\\/#\\\/schema\\\/logo\\\/image\\\/\",\"url\":\"https:\\\/\\\/kidsplay.lt\\\/wp-content\\\/uploads\\\/2023\\\/07\\\/kidsplay-logo.png\",\"contentUrl\":\"https:\\\/\\\/kidsplay.lt\\\/wp-content\\\/uploads\\\/2023\\\/07\\\/kidsplay-logo.png\",\"width\":451,\"height\":98,\"caption\":\"KidsPlay\"},\"image\":{\"@id\":\"https:\\\/\\\/kidsplay.lt\\\/#\\\/schema\\\/logo\\\/image\\\/\"},\"sameAs\":[\"https:\\\/\\\/www.facebook.com\\\/www.kidsplay.lt\"]}]}<\/script>\n<!-- \/ Yoast SEO plugin. -->","yoast_head_json":{"title":"Plush Horse Head On A Stick Hobby Horse Long-haired Horse Black sounds","description":"Plush Horse Head On A Stick Hobby Horse Long-haired Horse Black sounds - KidsPlay. Did\u017eiausias vaik\u0173 \u017eaisl\u0173 pasirinkimas.","robots":{"index":"index","follow":"follow","max-snippet":"max-snippet:-1","max-image-preview":"max-image-preview:large","max-video-preview":"max-video-preview:-1"},"canonical":"https:\/\/kidsplay.lt\/lv\/products\/juodas-pliusinis-hobio-arkliukas-su-garsais-ir-ilga-karcia\/","og_locale":"lv_LV","og_type":"article","og_title":"Plush Horse Head On A Stick Hobby Horse Long-haired Horse Black sounds","og_description":"Plush Horse Head On A Stick Hobby Horse Long-haired Horse Black sounds - KidsPlay. Did\u017eiausias vaik\u0173 \u017eaisl\u0173 pasirinkimas.","og_url":"https:\/\/kidsplay.lt\/lv\/products\/juodas-pliusinis-hobio-arkliukas-su-garsais-ir-ilga-karcia\/","og_site_name":"KidsPlay","article_publisher":"https:\/\/www.facebook.com\/www.kidsplay.lt","article_modified_time":"2026-04-29T14:34:29+00:00","og_image":[{"width":1000,"height":707,"url":"https:\/\/kidsplay.lt\/wp-content\/uploads\/2026\/04\/Plush-Horse-Head-On-A-Stick-Hobby-Horse-Long-haired-Horse-Black-sounds.png","type":"image\/png"}],"twitter_card":"summary_large_image","twitter_misc":{"Est. reading time":"2 min\u016btes"},"schema":{"@context":"https:\/\/schema.org","@graph":[{"@type":"WebPage","@id":"https:\/\/kidsplay.lt\/produktas\/juodas-pliusinis-hobio-arkliukas-su-garsais-ir-ilga-karcia\/","url":"https:\/\/kidsplay.lt\/produktas\/juodas-pliusinis-hobio-arkliukas-su-garsais-ir-ilga-karcia\/","name":"Plush Horse Head On A Stick Hobby Horse Long-haired Horse Black sounds","isPartOf":{"@id":"https:\/\/kidsplay.lt\/#website"},"primaryImageOfPage":{"@id":"https:\/\/kidsplay.lt\/produktas\/juodas-pliusinis-hobio-arkliukas-su-garsais-ir-ilga-karcia\/#primaryimage"},"image":{"@id":"https:\/\/kidsplay.lt\/produktas\/juodas-pliusinis-hobio-arkliukas-su-garsais-ir-ilga-karcia\/#primaryimage"},"thumbnailUrl":"https:\/\/kidsplay.lt\/wp-content\/uploads\/2026\/04\/Plush-Horse-Head-On-A-Stick-Hobby-Horse-Long-haired-Horse-Black-sounds.png","datePublished":"2026-04-29T14:08:16+00:00","dateModified":"2026-04-29T14:34:29+00:00","description":"Plush Horse Head On A Stick Hobby Horse Long-haired Horse Black sounds - KidsPlay. Did\u017eiausias vaik\u0173 \u017eaisl\u0173 pasirinkimas.","breadcrumb":{"@id":"https:\/\/kidsplay.lt\/produktas\/juodas-pliusinis-hobio-arkliukas-su-garsais-ir-ilga-karcia\/#breadcrumb"},"inLanguage":"lv-LV","potentialAction":[{"@type":"ReadAction","target":["https:\/\/kidsplay.lt\/produktas\/juodas-pliusinis-hobio-arkliukas-su-garsais-ir-ilga-karcia\/"]}]},{"@type":"ImageObject","inLanguage":"lv-LV","@id":"https:\/\/kidsplay.lt\/produktas\/juodas-pliusinis-hobio-arkliukas-su-garsais-ir-ilga-karcia\/#primaryimage","url":"https:\/\/kidsplay.lt\/wp-content\/uploads\/2026\/04\/Plush-Horse-Head-On-A-Stick-Hobby-Horse-Long-haired-Horse-Black-sounds.png","contentUrl":"https:\/\/kidsplay.lt\/wp-content\/uploads\/2026\/04\/Plush-Horse-Head-On-A-Stick-Hobby-Horse-Long-haired-Horse-Black-sounds.png","width":1000,"height":707,"caption":"Plush Horse Head On A Stick Hobby Horse Long-haired Horse Black sounds"},{"@type":"BreadcrumbList","@id":"https:\/\/kidsplay.lt\/produktas\/juodas-pliusinis-hobio-arkliukas-su-garsais-ir-ilga-karcia\/#breadcrumb","itemListElement":[{"@type":"ListItem","position":1,"name":"Pagrindinis","item":"https:\/\/kidsplay.lt\/"},{"@type":"ListItem","position":2,"name":"Parduotuv\u0117","item":"https:\/\/kidsplay.lt\/parduotuve\/"},{"@type":"ListItem","position":3,"name":"Juodas pliu\u0161inis hobio arkliukas su garsais ir ilga kar\u010dia"}]},{"@type":"WebSite","@id":"https:\/\/kidsplay.lt\/#website","url":"https:\/\/kidsplay.lt\/","name":"B\u0113rnu sp\u0113les.lv","description":"\u012evairios prek\u0117s vaikams","publisher":{"@id":"https:\/\/kidsplay.lt\/#organization"},"alternateName":"Kidsplay","potentialAction":[{"@type":"SearchAction","target":{"@type":"EntryPoint","urlTemplate":"https:\/\/kidsplay.lt\/?s={search_term_string}"},"query-input":{"@type":"PropertyValueSpecification","valueRequired":true,"valueName":"search_term_string"}}],"inLanguage":"lv-LV"},{"@type":"Organization","@id":"https:\/\/kidsplay.lt\/#organization","name":"B\u0113rnu sp\u0113le","url":"https:\/\/kidsplay.lt\/","logo":{"@type":"ImageObject","inLanguage":"lv-LV","@id":"https:\/\/kidsplay.lt\/#\/schema\/logo\/image\/","url":"https:\/\/kidsplay.lt\/wp-content\/uploads\/2023\/07\/kidsplay-logo.png","contentUrl":"https:\/\/kidsplay.lt\/wp-content\/uploads\/2023\/07\/kidsplay-logo.png","width":451,"height":98,"caption":"KidsPlay"},"image":{"@id":"https:\/\/kidsplay.lt\/#\/schema\/logo\/image\/"},"sameAs":["https:\/\/www.facebook.com\/www.kidsplay.lt"]}]}},"_links":{"self":[{"href":"https:\/\/kidsplay.lt\/lv\/wp-json\/wp\/v2\/product\/111551","targetHints":{"allow":["GET"]}}],"collection":[{"href":"https:\/\/kidsplay.lt\/lv\/wp-json\/wp\/v2\/product"}],"about":[{"href":"https:\/\/kidsplay.lt\/lv\/wp-json\/wp\/v2\/types\/product"}],"version-history":[{"count":3,"href":"https:\/\/kidsplay.lt\/lv\/wp-json\/wp\/v2\/product\/111551\/revisions"}],"predecessor-version":[{"id":111568,"href":"https:\/\/kidsplay.lt\/lv\/wp-json\/wp\/v2\/product\/111551\/revisions\/111568"}],"wp:featuredmedia":[{"embeddable":true,"href":"https:\/\/kidsplay.lt\/lv\/wp-json\/wp\/v2\/media\/108169"}],"wp:attachment":[{"href":"https:\/\/kidsplay.lt\/lv\/wp-json\/wp\/v2\/media?parent=111551"}],"wp:term":[{"taxonomy":"product_brand","embeddable":true,"href":"https:\/\/kidsplay.lt\/lv\/wp-json\/wp\/v2\/product_brand?post=111551"},{"taxonomy":"product_cat","embeddable":true,"href":"https:\/\/kidsplay.lt\/lv\/wp-json\/wp\/v2\/product_cat?post=111551"},{"taxonomy":"product_tag","embeddable":true,"href":"https:\/\/kidsplay.lt\/lv\/wp-json\/wp\/v2\/product_tag?post=111551"}],"curies":[{"name":"wp","href":"https:\/\/api.w.org\/{rel}","templated":true}]}}