{"id":111603,"date":"2026-04-29T18:29:55","date_gmt":"2026-04-29T15:29:55","guid":{"rendered":"https:\/\/kidsplay.lt\/produktas\/masterkidz-sodo-muzikos-instrumentu-rinkinys-3-kongu-bugnai\/"},"modified":"2026-04-30T18:30:08","modified_gmt":"2026-04-30T15:30:08","slug":"masterkidz-sodo-muzikos-instrumentu-rinkinys-3-kongu-bugnai","status":"publish","type":"product","link":"https:\/\/kidsplay.lt\/lv\/products\/masterkidz-sodo-muzikos-instrumentu-rinkinys-3-kongu-bugnai\/","title":{"rendered":"\u201eMASTERKIDZ\u201c sodo muzikos instrument\u0173 rinkinys \u2013 3 kong\u0173 b\u016bgnai"},"content":{"rendered":"<p>\u0160is \u201eMASTERKIDZ\u201c kong\u0173 b\u016bgn\u0173 rinkinys \u2013 tai lauko muzikos instrumentas, leid\u017eiantis vaikams atrasti ritm\u0105 nat\u016braliai, be elektronikos. Trys skirtingai skambantys b\u016bgnai suteikia galimyb\u0119 kurti paprastas melodijas ir groti kartu su draugais.<br \/>\nFunkcijas:<\/p>\n<p> \tSkirtas vaikams nuo 3 met\u0173<br \/>\n \t3 kong\u0173 b\u016bgnai su skirtingais garso tonais<br \/>\n \tTinka \u017eaidimams lauke (\u017eaidim\u0173 aik\u0161tel\u0117je ar sode)<br \/>\n \tAtsparus visoms oro s\u0105lygoms (lietus, sniegas, saul\u0117)<br \/>\n \tPagamintas i\u0161 tvirto HDPE plastiko<br \/>\n \tGalimyb\u0117 groti keliems vaikams vienu metu<br \/>\n \tNat\u016brali\u0173 spalv\u0173 dizainas (\u017ealia \/ ruda), derantis prie lauko aplinkos<\/p>","protected":false},"excerpt":{"rendered":"<p>\u0160is \u201eMASTERKIDZ\u201c kong\u0173 b\u016bgn\u0173 rinkinys \u2013 tai lauko muzikos instrumentas, leid\u017eiantis vaikams atrasti ritm\u0105 nat\u016braliai, be elektronikos. Trys skirtingai skambantys<\/p>","protected":false},"featured_media":111604,"template":"","meta":{"_acf_changed":false,"_glsr_average":0,"_glsr_ranking":0,"_glsr_reviews":0},"product_brand":[],"product_cat":[673,229],"product_tag":[],"class_list":{"0":"post-111603","1":"product","2":"type-product","3":"status-publish","4":"has-post-thumbnail","6":"product_cat-ugdomosios-priemones","7":"product_cat-zaislai-vaikams","8":"\"style=\"background-color: #2ecc711c;\"","10":"first","11":"instock","12":"purchasable","13":"product-type-simple"},"acf":[],"yoast_head":"<!-- This site is optimized with the Yoast SEO plugin v27.5 - https:\/\/yoast.com\/product\/yoast-seo-wordpress\/ -->\n<title>\u201eMASTERKIDZ\u201c sodo muzikos instrument\u0173 rinkinys \u2013 3 kong\u0173 b\u016bgnai<\/title>\n<meta name=\"description\" content=\"\u201eMASTERKIDZ\u201c sodo muzikos instrument\u0173 rinkinys \u2013 3 kong\u0173 b\u016bgnai - KidsPlay. Did\u017eiausias vaik\u0173 \u017eaisl\u0173 pasirinkimas.\" \/>\n<meta name=\"robots\" content=\"index, follow, max-snippet:-1, max-image-preview:large, max-video-preview:-1\" \/>\n<link rel=\"canonical\" href=\"https:\/\/kidsplay.lt\/lv\/products\/masterkidz-sodo-muzikos-instrumentu-rinkinys-3-kongu-bugnai\/\" \/>\n<meta property=\"og:locale\" content=\"lv_LV\" \/>\n<meta property=\"og:type\" content=\"article\" \/>\n<meta property=\"og:title\" content=\"\u201eMASTERKIDZ\u201c sodo muzikos instrument\u0173 rinkinys \u2013 3 kong\u0173 b\u016bgnai\" \/>\n<meta property=\"og:description\" content=\"\u201eMASTERKIDZ\u201c sodo muzikos instrument\u0173 rinkinys \u2013 3 kong\u0173 b\u016bgnai - KidsPlay. Did\u017eiausias vaik\u0173 \u017eaisl\u0173 pasirinkimas.\" \/>\n<meta property=\"og:url\" content=\"https:\/\/kidsplay.lt\/lv\/products\/masterkidz-sodo-muzikos-instrumentu-rinkinys-3-kongu-bugnai\/\" \/>\n<meta property=\"og:site_name\" content=\"KidsPlay\" \/>\n<meta property=\"article:publisher\" content=\"https:\/\/www.facebook.com\/www.kidsplay.lt\" \/>\n<meta property=\"article:modified_time\" content=\"2026-04-30T15:30:08+00:00\" \/>\n<meta property=\"og:image\" content=\"https:\/\/kidsplay.lt\/wp-content\/uploads\/2026\/04\/\u201eMASTERKIDZ-sodo-muzikos-instrumentu-rinkinys-\u2013-3-kongu-bugnai.jpg\" \/>\n\t<meta property=\"og:image:width\" content=\"1000\" \/>\n\t<meta property=\"og:image:height\" content=\"1000\" \/>\n\t<meta property=\"og:image:type\" content=\"image\/jpeg\" \/>\n<meta name=\"twitter:card\" content=\"summary_large_image\" \/>\n<script type=\"application\/ld+json\" class=\"yoast-schema-graph\">{\"@context\":\"https:\\\/\\\/schema.org\",\"@graph\":[{\"@type\":\"WebPage\",\"@id\":\"https:\\\/\\\/kidsplay.lt\\\/produktas\\\/masterkidz-sodo-muzikos-instrumentu-rinkinys-3-kongu-bugnai\\\/\",\"url\":\"https:\\\/\\\/kidsplay.lt\\\/produktas\\\/masterkidz-sodo-muzikos-instrumentu-rinkinys-3-kongu-bugnai\\\/\",\"name\":\"\u201eMASTERKIDZ\u201c sodo muzikos instrument\u0173 rinkinys \u2013 3 kong\u0173 b\u016bgnai\",\"isPartOf\":{\"@id\":\"https:\\\/\\\/kidsplay.lt\\\/#website\"},\"primaryImageOfPage\":{\"@id\":\"https:\\\/\\\/kidsplay.lt\\\/produktas\\\/masterkidz-sodo-muzikos-instrumentu-rinkinys-3-kongu-bugnai\\\/#primaryimage\"},\"image\":{\"@id\":\"https:\\\/\\\/kidsplay.lt\\\/produktas\\\/masterkidz-sodo-muzikos-instrumentu-rinkinys-3-kongu-bugnai\\\/#primaryimage\"},\"thumbnailUrl\":\"https:\\\/\\\/kidsplay.lt\\\/wp-content\\\/uploads\\\/2026\\\/04\\\/\u201eMASTERKIDZ-sodo-muzikos-instrumentu-rinkinys-\u2013-3-kongu-bugnai.jpg\",\"datePublished\":\"2026-04-29T15:29:55+00:00\",\"dateModified\":\"2026-04-30T15:30:08+00:00\",\"description\":\"\u201eMASTERKIDZ\u201c sodo muzikos instrument\u0173 rinkinys \u2013 3 kong\u0173 b\u016bgnai - KidsPlay. Did\u017eiausias vaik\u0173 \u017eaisl\u0173 pasirinkimas.\",\"breadcrumb\":{\"@id\":\"https:\\\/\\\/kidsplay.lt\\\/produktas\\\/masterkidz-sodo-muzikos-instrumentu-rinkinys-3-kongu-bugnai\\\/#breadcrumb\"},\"inLanguage\":\"lv-LV\",\"potentialAction\":[{\"@type\":\"ReadAction\",\"target\":[\"https:\\\/\\\/kidsplay.lt\\\/produktas\\\/masterkidz-sodo-muzikos-instrumentu-rinkinys-3-kongu-bugnai\\\/\"]}]},{\"@type\":\"ImageObject\",\"inLanguage\":\"lv-LV\",\"@id\":\"https:\\\/\\\/kidsplay.lt\\\/produktas\\\/masterkidz-sodo-muzikos-instrumentu-rinkinys-3-kongu-bugnai\\\/#primaryimage\",\"url\":\"https:\\\/\\\/kidsplay.lt\\\/wp-content\\\/uploads\\\/2026\\\/04\\\/\u201eMASTERKIDZ-sodo-muzikos-instrumentu-rinkinys-\u2013-3-kongu-bugnai.jpg\",\"contentUrl\":\"https:\\\/\\\/kidsplay.lt\\\/wp-content\\\/uploads\\\/2026\\\/04\\\/\u201eMASTERKIDZ-sodo-muzikos-instrumentu-rinkinys-\u2013-3-kongu-bugnai.jpg\",\"width\":1000,\"height\":1000,\"caption\":\"\u201eMASTERKIDZ\u201c sodo muzikos instrument\u0173 rinkinys \u2013 3 kong\u0173 b\u016bgnai\"},{\"@type\":\"BreadcrumbList\",\"@id\":\"https:\\\/\\\/kidsplay.lt\\\/produktas\\\/masterkidz-sodo-muzikos-instrumentu-rinkinys-3-kongu-bugnai\\\/#breadcrumb\",\"itemListElement\":[{\"@type\":\"ListItem\",\"position\":1,\"name\":\"Pagrindinis\",\"item\":\"https:\\\/\\\/kidsplay.lt\\\/\"},{\"@type\":\"ListItem\",\"position\":2,\"name\":\"Parduotuv\u0117\",\"item\":\"https:\\\/\\\/kidsplay.lt\\\/parduotuve\\\/\"},{\"@type\":\"ListItem\",\"position\":3,\"name\":\"\u201eMASTERKIDZ\u201c sodo muzikos instrument\u0173 rinkinys \u2013 3 kong\u0173 b\u016bgnai\"}]},{\"@type\":\"WebSite\",\"@id\":\"https:\\\/\\\/kidsplay.lt\\\/#website\",\"url\":\"https:\\\/\\\/kidsplay.lt\\\/\",\"name\":\"Kidsplay.lt\",\"description\":\"\u012evairios prek\u0117s vaikams\",\"publisher\":{\"@id\":\"https:\\\/\\\/kidsplay.lt\\\/#organization\"},\"alternateName\":\"Kidsplay\",\"potentialAction\":[{\"@type\":\"SearchAction\",\"target\":{\"@type\":\"EntryPoint\",\"urlTemplate\":\"https:\\\/\\\/kidsplay.lt\\\/?s={search_term_string}\"},\"query-input\":{\"@type\":\"PropertyValueSpecification\",\"valueRequired\":true,\"valueName\":\"search_term_string\"}}],\"inLanguage\":\"lv-LV\"},{\"@type\":\"Organization\",\"@id\":\"https:\\\/\\\/kidsplay.lt\\\/#organization\",\"name\":\"KidsPlay\",\"url\":\"https:\\\/\\\/kidsplay.lt\\\/\",\"logo\":{\"@type\":\"ImageObject\",\"inLanguage\":\"lv-LV\",\"@id\":\"https:\\\/\\\/kidsplay.lt\\\/#\\\/schema\\\/logo\\\/image\\\/\",\"url\":\"https:\\\/\\\/kidsplay.lt\\\/wp-content\\\/uploads\\\/2023\\\/07\\\/kidsplay-logo.png\",\"contentUrl\":\"https:\\\/\\\/kidsplay.lt\\\/wp-content\\\/uploads\\\/2023\\\/07\\\/kidsplay-logo.png\",\"width\":451,\"height\":98,\"caption\":\"KidsPlay\"},\"image\":{\"@id\":\"https:\\\/\\\/kidsplay.lt\\\/#\\\/schema\\\/logo\\\/image\\\/\"},\"sameAs\":[\"https:\\\/\\\/www.facebook.com\\\/www.kidsplay.lt\"]}]}<\/script>\n<!-- \/ Yoast SEO plugin. -->","yoast_head_json":{"title":"\u201eMASTERKIDZ\u201c sodo muzikos instrument\u0173 rinkinys \u2013 3 kong\u0173 b\u016bgnai","description":"\u201eMASTERKIDZ\u201c sodo muzikos instrument\u0173 rinkinys \u2013 3 kong\u0173 b\u016bgnai - KidsPlay. Did\u017eiausias vaik\u0173 \u017eaisl\u0173 pasirinkimas.","robots":{"index":"index","follow":"follow","max-snippet":"max-snippet:-1","max-image-preview":"max-image-preview:large","max-video-preview":"max-video-preview:-1"},"canonical":"https:\/\/kidsplay.lt\/lv\/products\/masterkidz-sodo-muzikos-instrumentu-rinkinys-3-kongu-bugnai\/","og_locale":"lv_LV","og_type":"article","og_title":"\u201eMASTERKIDZ\u201c sodo muzikos instrument\u0173 rinkinys \u2013 3 kong\u0173 b\u016bgnai","og_description":"\u201eMASTERKIDZ\u201c sodo muzikos instrument\u0173 rinkinys \u2013 3 kong\u0173 b\u016bgnai - KidsPlay. Did\u017eiausias vaik\u0173 \u017eaisl\u0173 pasirinkimas.","og_url":"https:\/\/kidsplay.lt\/lv\/products\/masterkidz-sodo-muzikos-instrumentu-rinkinys-3-kongu-bugnai\/","og_site_name":"KidsPlay","article_publisher":"https:\/\/www.facebook.com\/www.kidsplay.lt","article_modified_time":"2026-04-30T15:30:08+00:00","og_image":[{"width":1000,"height":1000,"url":"https:\/\/kidsplay.lt\/wp-content\/uploads\/2026\/04\/\u201eMASTERKIDZ-sodo-muzikos-instrumentu-rinkinys-\u2013-3-kongu-bugnai.jpg","type":"image\/jpeg"}],"twitter_card":"summary_large_image","schema":{"@context":"https:\/\/schema.org","@graph":[{"@type":"WebPage","@id":"https:\/\/kidsplay.lt\/produktas\/masterkidz-sodo-muzikos-instrumentu-rinkinys-3-kongu-bugnai\/","url":"https:\/\/kidsplay.lt\/produktas\/masterkidz-sodo-muzikos-instrumentu-rinkinys-3-kongu-bugnai\/","name":"\u201eMASTERKIDZ\u201c sodo muzikos instrument\u0173 rinkinys \u2013 3 kong\u0173 b\u016bgnai","isPartOf":{"@id":"https:\/\/kidsplay.lt\/#website"},"primaryImageOfPage":{"@id":"https:\/\/kidsplay.lt\/produktas\/masterkidz-sodo-muzikos-instrumentu-rinkinys-3-kongu-bugnai\/#primaryimage"},"image":{"@id":"https:\/\/kidsplay.lt\/produktas\/masterkidz-sodo-muzikos-instrumentu-rinkinys-3-kongu-bugnai\/#primaryimage"},"thumbnailUrl":"https:\/\/kidsplay.lt\/wp-content\/uploads\/2026\/04\/\u201eMASTERKIDZ-sodo-muzikos-instrumentu-rinkinys-\u2013-3-kongu-bugnai.jpg","datePublished":"2026-04-29T15:29:55+00:00","dateModified":"2026-04-30T15:30:08+00:00","description":"\u201eMASTERKIDZ\u201c sodo muzikos instrument\u0173 rinkinys \u2013 3 kong\u0173 b\u016bgnai - KidsPlay. Did\u017eiausias vaik\u0173 \u017eaisl\u0173 pasirinkimas.","breadcrumb":{"@id":"https:\/\/kidsplay.lt\/produktas\/masterkidz-sodo-muzikos-instrumentu-rinkinys-3-kongu-bugnai\/#breadcrumb"},"inLanguage":"lv-LV","potentialAction":[{"@type":"ReadAction","target":["https:\/\/kidsplay.lt\/produktas\/masterkidz-sodo-muzikos-instrumentu-rinkinys-3-kongu-bugnai\/"]}]},{"@type":"ImageObject","inLanguage":"lv-LV","@id":"https:\/\/kidsplay.lt\/produktas\/masterkidz-sodo-muzikos-instrumentu-rinkinys-3-kongu-bugnai\/#primaryimage","url":"https:\/\/kidsplay.lt\/wp-content\/uploads\/2026\/04\/\u201eMASTERKIDZ-sodo-muzikos-instrumentu-rinkinys-\u2013-3-kongu-bugnai.jpg","contentUrl":"https:\/\/kidsplay.lt\/wp-content\/uploads\/2026\/04\/\u201eMASTERKIDZ-sodo-muzikos-instrumentu-rinkinys-\u2013-3-kongu-bugnai.jpg","width":1000,"height":1000,"caption":"\u201eMASTERKIDZ\u201c sodo muzikos instrument\u0173 rinkinys \u2013 3 kong\u0173 b\u016bgnai"},{"@type":"BreadcrumbList","@id":"https:\/\/kidsplay.lt\/produktas\/masterkidz-sodo-muzikos-instrumentu-rinkinys-3-kongu-bugnai\/#breadcrumb","itemListElement":[{"@type":"ListItem","position":1,"name":"Pagrindinis","item":"https:\/\/kidsplay.lt\/"},{"@type":"ListItem","position":2,"name":"Parduotuv\u0117","item":"https:\/\/kidsplay.lt\/parduotuve\/"},{"@type":"ListItem","position":3,"name":"\u201eMASTERKIDZ\u201c sodo muzikos instrument\u0173 rinkinys \u2013 3 kong\u0173 b\u016bgnai"}]},{"@type":"WebSite","@id":"https:\/\/kidsplay.lt\/#website","url":"https:\/\/kidsplay.lt\/","name":"B\u0113rnu sp\u0113les.lv","description":"\u012evairios prek\u0117s vaikams","publisher":{"@id":"https:\/\/kidsplay.lt\/#organization"},"alternateName":"Kidsplay","potentialAction":[{"@type":"SearchAction","target":{"@type":"EntryPoint","urlTemplate":"https:\/\/kidsplay.lt\/?s={search_term_string}"},"query-input":{"@type":"PropertyValueSpecification","valueRequired":true,"valueName":"search_term_string"}}],"inLanguage":"lv-LV"},{"@type":"Organization","@id":"https:\/\/kidsplay.lt\/#organization","name":"B\u0113rnu sp\u0113le","url":"https:\/\/kidsplay.lt\/","logo":{"@type":"ImageObject","inLanguage":"lv-LV","@id":"https:\/\/kidsplay.lt\/#\/schema\/logo\/image\/","url":"https:\/\/kidsplay.lt\/wp-content\/uploads\/2023\/07\/kidsplay-logo.png","contentUrl":"https:\/\/kidsplay.lt\/wp-content\/uploads\/2023\/07\/kidsplay-logo.png","width":451,"height":98,"caption":"KidsPlay"},"image":{"@id":"https:\/\/kidsplay.lt\/#\/schema\/logo\/image\/"},"sameAs":["https:\/\/www.facebook.com\/www.kidsplay.lt"]}]}},"_links":{"self":[{"href":"https:\/\/kidsplay.lt\/lv\/wp-json\/wp\/v2\/product\/111603","targetHints":{"allow":["GET"]}}],"collection":[{"href":"https:\/\/kidsplay.lt\/lv\/wp-json\/wp\/v2\/product"}],"about":[{"href":"https:\/\/kidsplay.lt\/lv\/wp-json\/wp\/v2\/types\/product"}],"version-history":[{"count":1,"href":"https:\/\/kidsplay.lt\/lv\/wp-json\/wp\/v2\/product\/111603\/revisions"}],"predecessor-version":[{"id":112489,"href":"https:\/\/kidsplay.lt\/lv\/wp-json\/wp\/v2\/product\/111603\/revisions\/112489"}],"wp:featuredmedia":[{"embeddable":true,"href":"https:\/\/kidsplay.lt\/lv\/wp-json\/wp\/v2\/media\/111604"}],"wp:attachment":[{"href":"https:\/\/kidsplay.lt\/lv\/wp-json\/wp\/v2\/media?parent=111603"}],"wp:term":[{"taxonomy":"product_brand","embeddable":true,"href":"https:\/\/kidsplay.lt\/lv\/wp-json\/wp\/v2\/product_brand?post=111603"},{"taxonomy":"product_cat","embeddable":true,"href":"https:\/\/kidsplay.lt\/lv\/wp-json\/wp\/v2\/product_cat?post=111603"},{"taxonomy":"product_tag","embeddable":true,"href":"https:\/\/kidsplay.lt\/lv\/wp-json\/wp\/v2\/product_tag?post=111603"}],"curies":[{"name":"wp","href":"https:\/\/api.w.org\/{rel}","templated":true}]}}