{"id":111612,"date":"2026-04-29T18:30:23","date_gmt":"2026-04-29T15:30:23","guid":{"rendered":"https:\/\/kidsplay.lt\/produktas\/woopie-edukacinis-bugnu-rinkinys-vaikams-6-bugnai-2-cimbolai-ir-taburete\/"},"modified":"2026-04-29T18:30:36","modified_gmt":"2026-04-29T15:30:36","slug":"woopie-edukacinis-bugnu-rinkinys-vaikams-6-bugnai-2-cimbolai-ir-taburete","status":"publish","type":"product","link":"https:\/\/kidsplay.lt\/lv\/products\/woopie-edukacinis-bugnu-rinkinys-vaikams-6-bugnai-2-cimbolai-ir-taburete\/","title":{"rendered":"\u201eWOOPIE\u201c edukacinis b\u016bgn\u0173 rinkinys vaikams (6 b\u016bgnai, 2 cimbolai ir taburet\u0117)"},"content":{"rendered":"<p>Leiskite savo vaikui atrasti muzikos k\u016brimo d\u017eiaugsm\u0105! \u0160is didelis \u201eWOOPIE\u201c b\u016bgn\u0173 rinkinys sukurtas specialiai ma\u017eiesiems muzikantams \u2013 saugus, tvirtas ir kupinas galimybi\u0173 k\u016brybi\u0161kai \u017eaisti bei lav\u0117ti.<br \/>\nFunkcijas:<\/p>\n<p> \tSkirtas vaikams nuo 3 met\u0173<br \/>\n \tRealisti\u0161ka b\u016bgn\u0173 komplekto i\u0161vaizda<br \/>\n \tSaugios ir sertifikuotos med\u017eiagos<br \/>\n \tApvalinti kra\u0161tai ir netoksi\u0161kas plastikas<br \/>\n \tTvirta bei stabili konstrukcija<br \/>\n \t\u012evair\u016bs garso efektai<br \/>\n \tKompakti\u0161ki matmenys<br \/>\n \tRy\u0161kus ir vaikams patrauklus dizainas<\/p>\n<p>Komplekt\u0101:<\/p>\n<p> \t1 didelis centrinis b\u016bgnas su kojiniu pedalu<br \/>\n \t2 vidutinio dyd\u017eio b\u016bgnai<br \/>\n \t2 ma\u017ei b\u016bgnai<br \/>\n \t1 papildomas b\u016bgnas ant stovo<br \/>\n \t2 cimbolai (l\u0117k\u0161t\u0117s)<br \/>\n \t2 b\u016bgn\u0173 lazdel\u0117s<br \/>\n \t1 stabili taburet\u0117<\/p>","protected":false},"excerpt":{"rendered":"<p>Leiskite savo vaikui atrasti muzikos k\u016brimo d\u017eiaugsm\u0105! \u0160is didelis \u201eWOOPIE\u201c b\u016bgn\u0173 rinkinys sukurtas specialiai ma\u017eiesiems muzikantams \u2013 saugus, tvirtas ir<\/p>","protected":false},"featured_media":111613,"template":"","meta":{"_acf_changed":false,"_glsr_average":0,"_glsr_ranking":0,"_glsr_reviews":0},"product_brand":[],"product_cat":[449,229],"product_tag":[],"class_list":{"0":"post-111612","1":"product","2":"type-product","3":"status-publish","4":"has-post-thumbnail","6":"product_cat-muzikiniai","7":"product_cat-zaislai-vaikams","8":"\"style=\"background-color: #2ecc711c;\"","10":"first","11":"instock","12":"purchasable","13":"product-type-simple"},"acf":[],"yoast_head":"<!-- This site is optimized with the Yoast SEO plugin v27.4 - https:\/\/yoast.com\/product\/yoast-seo-wordpress\/ -->\n<title>\u201eWOOPIE\u201c edukacinis b\u016bgn\u0173 rinkinys vaikams (6 b\u016bgnai, 2 cimbolai ir taburet\u0117)<\/title>\n<meta name=\"description\" content=\"\u201eWOOPIE\u201c edukacinis b\u016bgn\u0173 rinkinys vaikams (6 b\u016bgnai, 2 cimbolai ir taburet\u0117) - KidsPlay. Did\u017eiausias vaik\u0173 \u017eaisl\u0173 pasirinkimas.\" \/>\n<meta name=\"robots\" content=\"index, follow, max-snippet:-1, max-image-preview:large, max-video-preview:-1\" \/>\n<link rel=\"canonical\" href=\"https:\/\/kidsplay.lt\/lv\/products\/woopie-edukacinis-bugnu-rinkinys-vaikams-6-bugnai-2-cimbolai-ir-taburete\/\" \/>\n<meta property=\"og:locale\" content=\"lv_LV\" \/>\n<meta property=\"og:type\" content=\"article\" \/>\n<meta property=\"og:title\" content=\"\u201eWOOPIE\u201c edukacinis b\u016bgn\u0173 rinkinys vaikams (6 b\u016bgnai, 2 cimbolai ir taburet\u0117)\" \/>\n<meta property=\"og:description\" content=\"\u201eWOOPIE\u201c edukacinis b\u016bgn\u0173 rinkinys vaikams (6 b\u016bgnai, 2 cimbolai ir taburet\u0117) - KidsPlay. Did\u017eiausias vaik\u0173 \u017eaisl\u0173 pasirinkimas.\" \/>\n<meta property=\"og:url\" content=\"https:\/\/kidsplay.lt\/lv\/products\/woopie-edukacinis-bugnu-rinkinys-vaikams-6-bugnai-2-cimbolai-ir-taburete\/\" \/>\n<meta property=\"og:site_name\" content=\"KidsPlay\" \/>\n<meta property=\"article:publisher\" content=\"https:\/\/www.facebook.com\/www.kidsplay.lt\" \/>\n<meta property=\"article:modified_time\" content=\"2026-04-29T15:30:36+00:00\" \/>\n<meta property=\"og:image\" content=\"https:\/\/kidsplay.lt\/wp-content\/uploads\/2026\/04\/\u201eWOOPIE-edukacinis-bugnu-rinkinys-vaikams-6-bugnai-2-cimbolai-ir-taburete.jpg\" \/>\n\t<meta property=\"og:image:width\" content=\"2560\" \/>\n\t<meta property=\"og:image:height\" content=\"2560\" \/>\n\t<meta property=\"og:image:type\" content=\"image\/jpeg\" \/>\n<meta name=\"twitter:card\" content=\"summary_large_image\" \/>\n<meta name=\"twitter:label1\" content=\"Est. reading time\" \/>\n\t<meta name=\"twitter:data1\" content=\"1 min\u016bte\" \/>\n<script type=\"application\/ld+json\" class=\"yoast-schema-graph\">{\"@context\":\"https:\\\/\\\/schema.org\",\"@graph\":[{\"@type\":\"WebPage\",\"@id\":\"https:\\\/\\\/kidsplay.lt\\\/produktas\\\/woopie-edukacinis-bugnu-rinkinys-vaikams-6-bugnai-2-cimbolai-ir-taburete\\\/\",\"url\":\"https:\\\/\\\/kidsplay.lt\\\/produktas\\\/woopie-edukacinis-bugnu-rinkinys-vaikams-6-bugnai-2-cimbolai-ir-taburete\\\/\",\"name\":\"\u201eWOOPIE\u201c edukacinis b\u016bgn\u0173 rinkinys vaikams (6 b\u016bgnai, 2 cimbolai ir taburet\u0117)\",\"isPartOf\":{\"@id\":\"https:\\\/\\\/kidsplay.lt\\\/#website\"},\"primaryImageOfPage\":{\"@id\":\"https:\\\/\\\/kidsplay.lt\\\/produktas\\\/woopie-edukacinis-bugnu-rinkinys-vaikams-6-bugnai-2-cimbolai-ir-taburete\\\/#primaryimage\"},\"image\":{\"@id\":\"https:\\\/\\\/kidsplay.lt\\\/produktas\\\/woopie-edukacinis-bugnu-rinkinys-vaikams-6-bugnai-2-cimbolai-ir-taburete\\\/#primaryimage\"},\"thumbnailUrl\":\"https:\\\/\\\/kidsplay.lt\\\/wp-content\\\/uploads\\\/2026\\\/04\\\/\u201eWOOPIE-edukacinis-bugnu-rinkinys-vaikams-6-bugnai-2-cimbolai-ir-taburete.jpg\",\"datePublished\":\"2026-04-29T15:30:23+00:00\",\"dateModified\":\"2026-04-29T15:30:36+00:00\",\"description\":\"\u201eWOOPIE\u201c edukacinis b\u016bgn\u0173 rinkinys vaikams (6 b\u016bgnai, 2 cimbolai ir taburet\u0117) - KidsPlay. Did\u017eiausias vaik\u0173 \u017eaisl\u0173 pasirinkimas.\",\"breadcrumb\":{\"@id\":\"https:\\\/\\\/kidsplay.lt\\\/produktas\\\/woopie-edukacinis-bugnu-rinkinys-vaikams-6-bugnai-2-cimbolai-ir-taburete\\\/#breadcrumb\"},\"inLanguage\":\"lv-LV\",\"potentialAction\":[{\"@type\":\"ReadAction\",\"target\":[\"https:\\\/\\\/kidsplay.lt\\\/produktas\\\/woopie-edukacinis-bugnu-rinkinys-vaikams-6-bugnai-2-cimbolai-ir-taburete\\\/\"]}]},{\"@type\":\"ImageObject\",\"inLanguage\":\"lv-LV\",\"@id\":\"https:\\\/\\\/kidsplay.lt\\\/produktas\\\/woopie-edukacinis-bugnu-rinkinys-vaikams-6-bugnai-2-cimbolai-ir-taburete\\\/#primaryimage\",\"url\":\"https:\\\/\\\/kidsplay.lt\\\/wp-content\\\/uploads\\\/2026\\\/04\\\/\u201eWOOPIE-edukacinis-bugnu-rinkinys-vaikams-6-bugnai-2-cimbolai-ir-taburete.jpg\",\"contentUrl\":\"https:\\\/\\\/kidsplay.lt\\\/wp-content\\\/uploads\\\/2026\\\/04\\\/\u201eWOOPIE-edukacinis-bugnu-rinkinys-vaikams-6-bugnai-2-cimbolai-ir-taburete.jpg\",\"width\":2560,\"height\":2560,\"caption\":\"\u201eWOOPIE\u201c edukacinis b\u016bgn\u0173 rinkinys vaikams (6 b\u016bgnai\"},{\"@type\":\"BreadcrumbList\",\"@id\":\"https:\\\/\\\/kidsplay.lt\\\/produktas\\\/woopie-edukacinis-bugnu-rinkinys-vaikams-6-bugnai-2-cimbolai-ir-taburete\\\/#breadcrumb\",\"itemListElement\":[{\"@type\":\"ListItem\",\"position\":1,\"name\":\"Pagrindinis\",\"item\":\"https:\\\/\\\/kidsplay.lt\\\/\"},{\"@type\":\"ListItem\",\"position\":2,\"name\":\"Parduotuv\u0117\",\"item\":\"https:\\\/\\\/kidsplay.lt\\\/parduotuve\\\/\"},{\"@type\":\"ListItem\",\"position\":3,\"name\":\"\u201eWOOPIE\u201c edukacinis b\u016bgn\u0173 rinkinys vaikams (6 b\u016bgnai, 2 cimbolai ir taburet\u0117)\"}]},{\"@type\":\"WebSite\",\"@id\":\"https:\\\/\\\/kidsplay.lt\\\/#website\",\"url\":\"https:\\\/\\\/kidsplay.lt\\\/\",\"name\":\"Kidsplay.lt\",\"description\":\"\u012evairios prek\u0117s vaikams\",\"publisher\":{\"@id\":\"https:\\\/\\\/kidsplay.lt\\\/#organization\"},\"alternateName\":\"Kidsplay\",\"potentialAction\":[{\"@type\":\"SearchAction\",\"target\":{\"@type\":\"EntryPoint\",\"urlTemplate\":\"https:\\\/\\\/kidsplay.lt\\\/?s={search_term_string}\"},\"query-input\":{\"@type\":\"PropertyValueSpecification\",\"valueRequired\":true,\"valueName\":\"search_term_string\"}}],\"inLanguage\":\"lv-LV\"},{\"@type\":\"Organization\",\"@id\":\"https:\\\/\\\/kidsplay.lt\\\/#organization\",\"name\":\"KidsPlay\",\"url\":\"https:\\\/\\\/kidsplay.lt\\\/\",\"logo\":{\"@type\":\"ImageObject\",\"inLanguage\":\"lv-LV\",\"@id\":\"https:\\\/\\\/kidsplay.lt\\\/#\\\/schema\\\/logo\\\/image\\\/\",\"url\":\"https:\\\/\\\/kidsplay.lt\\\/wp-content\\\/uploads\\\/2023\\\/07\\\/kidsplay-logo.png\",\"contentUrl\":\"https:\\\/\\\/kidsplay.lt\\\/wp-content\\\/uploads\\\/2023\\\/07\\\/kidsplay-logo.png\",\"width\":451,\"height\":98,\"caption\":\"KidsPlay\"},\"image\":{\"@id\":\"https:\\\/\\\/kidsplay.lt\\\/#\\\/schema\\\/logo\\\/image\\\/\"},\"sameAs\":[\"https:\\\/\\\/www.facebook.com\\\/www.kidsplay.lt\"]}]}<\/script>\n<!-- \/ Yoast SEO plugin. -->","yoast_head_json":{"title":"\u201eWOOPIE\u201c edukacinis b\u016bgn\u0173 rinkinys vaikams (6 b\u016bgnai, 2 cimbolai ir taburet\u0117)","description":"\u201eWOOPIE\u201c edukacinis b\u016bgn\u0173 rinkinys vaikams (6 b\u016bgnai, 2 cimbolai ir taburet\u0117) - KidsPlay. Did\u017eiausias vaik\u0173 \u017eaisl\u0173 pasirinkimas.","robots":{"index":"index","follow":"follow","max-snippet":"max-snippet:-1","max-image-preview":"max-image-preview:large","max-video-preview":"max-video-preview:-1"},"canonical":"https:\/\/kidsplay.lt\/lv\/products\/woopie-edukacinis-bugnu-rinkinys-vaikams-6-bugnai-2-cimbolai-ir-taburete\/","og_locale":"lv_LV","og_type":"article","og_title":"\u201eWOOPIE\u201c edukacinis b\u016bgn\u0173 rinkinys vaikams (6 b\u016bgnai, 2 cimbolai ir taburet\u0117)","og_description":"\u201eWOOPIE\u201c edukacinis b\u016bgn\u0173 rinkinys vaikams (6 b\u016bgnai, 2 cimbolai ir taburet\u0117) - KidsPlay. Did\u017eiausias vaik\u0173 \u017eaisl\u0173 pasirinkimas.","og_url":"https:\/\/kidsplay.lt\/lv\/products\/woopie-edukacinis-bugnu-rinkinys-vaikams-6-bugnai-2-cimbolai-ir-taburete\/","og_site_name":"KidsPlay","article_publisher":"https:\/\/www.facebook.com\/www.kidsplay.lt","article_modified_time":"2026-04-29T15:30:36+00:00","og_image":[{"width":2560,"height":2560,"url":"https:\/\/kidsplay.lt\/wp-content\/uploads\/2026\/04\/\u201eWOOPIE-edukacinis-bugnu-rinkinys-vaikams-6-bugnai-2-cimbolai-ir-taburete.jpg","type":"image\/jpeg"}],"twitter_card":"summary_large_image","twitter_misc":{"Est. reading time":"1 min\u016bte"},"schema":{"@context":"https:\/\/schema.org","@graph":[{"@type":"WebPage","@id":"https:\/\/kidsplay.lt\/produktas\/woopie-edukacinis-bugnu-rinkinys-vaikams-6-bugnai-2-cimbolai-ir-taburete\/","url":"https:\/\/kidsplay.lt\/produktas\/woopie-edukacinis-bugnu-rinkinys-vaikams-6-bugnai-2-cimbolai-ir-taburete\/","name":"\u201eWOOPIE\u201c edukacinis b\u016bgn\u0173 rinkinys vaikams (6 b\u016bgnai, 2 cimbolai ir taburet\u0117)","isPartOf":{"@id":"https:\/\/kidsplay.lt\/#website"},"primaryImageOfPage":{"@id":"https:\/\/kidsplay.lt\/produktas\/woopie-edukacinis-bugnu-rinkinys-vaikams-6-bugnai-2-cimbolai-ir-taburete\/#primaryimage"},"image":{"@id":"https:\/\/kidsplay.lt\/produktas\/woopie-edukacinis-bugnu-rinkinys-vaikams-6-bugnai-2-cimbolai-ir-taburete\/#primaryimage"},"thumbnailUrl":"https:\/\/kidsplay.lt\/wp-content\/uploads\/2026\/04\/\u201eWOOPIE-edukacinis-bugnu-rinkinys-vaikams-6-bugnai-2-cimbolai-ir-taburete.jpg","datePublished":"2026-04-29T15:30:23+00:00","dateModified":"2026-04-29T15:30:36+00:00","description":"\u201eWOOPIE\u201c edukacinis b\u016bgn\u0173 rinkinys vaikams (6 b\u016bgnai, 2 cimbolai ir taburet\u0117) - KidsPlay. Did\u017eiausias vaik\u0173 \u017eaisl\u0173 pasirinkimas.","breadcrumb":{"@id":"https:\/\/kidsplay.lt\/produktas\/woopie-edukacinis-bugnu-rinkinys-vaikams-6-bugnai-2-cimbolai-ir-taburete\/#breadcrumb"},"inLanguage":"lv-LV","potentialAction":[{"@type":"ReadAction","target":["https:\/\/kidsplay.lt\/produktas\/woopie-edukacinis-bugnu-rinkinys-vaikams-6-bugnai-2-cimbolai-ir-taburete\/"]}]},{"@type":"ImageObject","inLanguage":"lv-LV","@id":"https:\/\/kidsplay.lt\/produktas\/woopie-edukacinis-bugnu-rinkinys-vaikams-6-bugnai-2-cimbolai-ir-taburete\/#primaryimage","url":"https:\/\/kidsplay.lt\/wp-content\/uploads\/2026\/04\/\u201eWOOPIE-edukacinis-bugnu-rinkinys-vaikams-6-bugnai-2-cimbolai-ir-taburete.jpg","contentUrl":"https:\/\/kidsplay.lt\/wp-content\/uploads\/2026\/04\/\u201eWOOPIE-edukacinis-bugnu-rinkinys-vaikams-6-bugnai-2-cimbolai-ir-taburete.jpg","width":2560,"height":2560,"caption":"\u201eWOOPIE\u201c edukacinis b\u016bgn\u0173 rinkinys vaikams (6 b\u016bgnai"},{"@type":"BreadcrumbList","@id":"https:\/\/kidsplay.lt\/produktas\/woopie-edukacinis-bugnu-rinkinys-vaikams-6-bugnai-2-cimbolai-ir-taburete\/#breadcrumb","itemListElement":[{"@type":"ListItem","position":1,"name":"Pagrindinis","item":"https:\/\/kidsplay.lt\/"},{"@type":"ListItem","position":2,"name":"Parduotuv\u0117","item":"https:\/\/kidsplay.lt\/parduotuve\/"},{"@type":"ListItem","position":3,"name":"\u201eWOOPIE\u201c edukacinis b\u016bgn\u0173 rinkinys vaikams (6 b\u016bgnai, 2 cimbolai ir taburet\u0117)"}]},{"@type":"WebSite","@id":"https:\/\/kidsplay.lt\/#website","url":"https:\/\/kidsplay.lt\/","name":"B\u0113rnu sp\u0113les.lv","description":"\u012evairios prek\u0117s vaikams","publisher":{"@id":"https:\/\/kidsplay.lt\/#organization"},"alternateName":"Kidsplay","potentialAction":[{"@type":"SearchAction","target":{"@type":"EntryPoint","urlTemplate":"https:\/\/kidsplay.lt\/?s={search_term_string}"},"query-input":{"@type":"PropertyValueSpecification","valueRequired":true,"valueName":"search_term_string"}}],"inLanguage":"lv-LV"},{"@type":"Organization","@id":"https:\/\/kidsplay.lt\/#organization","name":"B\u0113rnu sp\u0113le","url":"https:\/\/kidsplay.lt\/","logo":{"@type":"ImageObject","inLanguage":"lv-LV","@id":"https:\/\/kidsplay.lt\/#\/schema\/logo\/image\/","url":"https:\/\/kidsplay.lt\/wp-content\/uploads\/2023\/07\/kidsplay-logo.png","contentUrl":"https:\/\/kidsplay.lt\/wp-content\/uploads\/2023\/07\/kidsplay-logo.png","width":451,"height":98,"caption":"KidsPlay"},"image":{"@id":"https:\/\/kidsplay.lt\/#\/schema\/logo\/image\/"},"sameAs":["https:\/\/www.facebook.com\/www.kidsplay.lt"]}]}},"_links":{"self":[{"href":"https:\/\/kidsplay.lt\/lv\/wp-json\/wp\/v2\/product\/111612","targetHints":{"allow":["GET"]}}],"collection":[{"href":"https:\/\/kidsplay.lt\/lv\/wp-json\/wp\/v2\/product"}],"about":[{"href":"https:\/\/kidsplay.lt\/lv\/wp-json\/wp\/v2\/types\/product"}],"version-history":[{"count":0,"href":"https:\/\/kidsplay.lt\/lv\/wp-json\/wp\/v2\/product\/111612\/revisions"}],"wp:featuredmedia":[{"embeddable":true,"href":"https:\/\/kidsplay.lt\/lv\/wp-json\/wp\/v2\/media\/111613"}],"wp:attachment":[{"href":"https:\/\/kidsplay.lt\/lv\/wp-json\/wp\/v2\/media?parent=111612"}],"wp:term":[{"taxonomy":"product_brand","embeddable":true,"href":"https:\/\/kidsplay.lt\/lv\/wp-json\/wp\/v2\/product_brand?post=111612"},{"taxonomy":"product_cat","embeddable":true,"href":"https:\/\/kidsplay.lt\/lv\/wp-json\/wp\/v2\/product_cat?post=111612"},{"taxonomy":"product_tag","embeddable":true,"href":"https:\/\/kidsplay.lt\/lv\/wp-json\/wp\/v2\/product_tag?post=111612"}],"curies":[{"name":"wp","href":"https:\/\/api.w.org\/{rel}","templated":true}]}}