{"id":112196,"date":"2026-04-30T09:49:19","date_gmt":"2026-04-30T06:49:19","guid":{"rendered":"https:\/\/kidsplay.lt\/produktas\/edukacinis-supamas-panda-zaislas-vaikams\/"},"modified":"2026-04-30T09:49:22","modified_gmt":"2026-04-30T06:49:22","slug":"edukacinis-supamas-panda-zaislas-vaikams","status":"publish","type":"product","link":"https:\/\/kidsplay.lt\/lv\/products\/edukacinis-supamas-panda-zaislas-vaikams\/","title":{"rendered":"Edukacinis supamas panda \u017eaislas vaikams"},"content":{"rendered":"<p>\u017davingas edukacinis supamo tipo \u017eaislas pandos formos \u2013 puikus pasirinkimas vaikams nuo 18 m\u0117nesi\u0173. Panda su spalvotais \u017eiedais sujungia edukacines, sensorines ir jud\u0117jimo funkcijas. D\u0117l specialiai suprojektuoto pagrindo \u017eaislas \u0161velniai si\u016bbuoja, bet nevirsta \u2013 tai skatina vaik\u0105 \u017eaisti ir lavina smalsum\u0105.<br \/>\nRinkinyje yra spalvoti skirting\u0173 tekst\u016br\u0173 \u017eiedai, \u012fskaitant vien\u0105 su permatoma dalimi, kurioje yra bar\u0161kantys kamuoliukai. Vaikas gali steb\u0117ti judan\u010dius elementus \u2013 tai lavina reg\u0117jim\u0105, klaus\u0105 ir padeda suprasti prie\u017easties\u2013pasekm\u0117s ry\u0161ius.<br \/>\nMink\u0161ta pandos galvyt\u0117 pagaminta i\u0161 \u0161velnios med\u017eiagos, o \u0161oniniai elementai veikia kaip kramtukai. Tai puikus \u017eaislas, padedantis lavinti motorik\u0105, rank\u0173 ir aki\u0173 koordinacij\u0105 bei lyt\u0117jimo, regos ir klausos poj\u016b\u010dius.<br \/>\nSPECIFIKACIJA:<\/p>\n<p> \tMed\u017eiaga: plastikas, pliu\u0161as, guma<br \/>\n \tFunkcijos: si\u016bbavimas, besisukantys \u017eiedai, kramtukai, bar\u0161kantys kamuoliukai<br \/>\n \t\u017daislo matmenys: 21 \u00d7 16 \u00d7 12 cm<br \/>\n \tPakuot\u0117s matmenys: 27 \u00d7 17 \u00d7 14 cm<br \/>\n \tSaugumas: n\u0117ra a\u0161tri\u0173 kamp\u0173<\/p>\n<p>KOMPLEKTO SUD\u0116TIS:<\/p>\n<p> \tSupamas \u017eaislas \u2013 panda<br \/>\n \tSpalvoti \u017eiedai (1 su bar\u0161kan\u010diais kamuoliukais)<br \/>\n \tMink\u0161ta pliu\u0161in\u0117 galva<br \/>\n \tLankst\u016bs \u0161oniniai kramtukai<br \/>\n \tSpalvota pakuot\u0117<\/p>","protected":false},"excerpt":{"rendered":"<p>\u017davingas edukacinis supamo tipo \u017eaislas pandos formos \u2013 puikus pasirinkimas vaikams nuo 18 m\u0117nesi\u0173. Panda su spalvotais \u017eiedais sujungia edukacines,<\/p>","protected":false},"featured_media":112198,"template":"","meta":{"_acf_changed":false,"_glsr_average":0,"_glsr_ranking":0,"_glsr_reviews":0},"product_brand":[],"product_cat":[396,229],"product_tag":[],"class_list":{"0":"post-112196","1":"product","2":"type-product","3":"status-publish","4":"has-post-thumbnail","6":"product_cat-kudikiu-zaislai-vaikams2","7":"product_cat-zaislai-vaikams","8":"\"style=\"background-color: #2ecc711c;\"","10":"first","11":"instock","12":"purchasable","13":"product-type-simple"},"acf":[],"yoast_head":"<!-- This site is optimized with the Yoast SEO plugin v27.5 - https:\/\/yoast.com\/product\/yoast-seo-wordpress\/ -->\n<title>Edukacinis supamas panda \u017eaislas vaikams<\/title>\n<meta name=\"description\" content=\"Edukacinis supamas panda \u017eaislas vaikams - KidsPlay. Did\u017eiausias vaik\u0173 \u017eaisl\u0173 pasirinkimas.\" \/>\n<meta name=\"robots\" content=\"index, follow, max-snippet:-1, max-image-preview:large, max-video-preview:-1\" \/>\n<link rel=\"canonical\" href=\"https:\/\/kidsplay.lt\/lv\/products\/edukacinis-supamas-panda-zaislas-vaikams\/\" \/>\n<meta property=\"og:locale\" content=\"lv_LV\" \/>\n<meta property=\"og:type\" content=\"article\" \/>\n<meta property=\"og:title\" content=\"Edukacinis supamas panda \u017eaislas vaikams\" \/>\n<meta property=\"og:description\" content=\"Edukacinis supamas panda \u017eaislas vaikams - KidsPlay. Did\u017eiausias vaik\u0173 \u017eaisl\u0173 pasirinkimas.\" \/>\n<meta property=\"og:url\" content=\"https:\/\/kidsplay.lt\/lv\/products\/edukacinis-supamas-panda-zaislas-vaikams\/\" \/>\n<meta property=\"og:site_name\" content=\"KidsPlay\" \/>\n<meta property=\"article:publisher\" content=\"https:\/\/www.facebook.com\/www.kidsplay.lt\" \/>\n<meta property=\"article:modified_time\" content=\"2026-04-30T06:49:22+00:00\" \/>\n<meta property=\"og:image\" content=\"https:\/\/kidsplay.lt\/wp-content\/uploads\/2026\/04\/Edukacinis-supamas-panda-zaislas-vaikams.jpg\" \/>\n\t<meta property=\"og:image:width\" content=\"1000\" \/>\n\t<meta property=\"og:image:height\" content=\"1000\" \/>\n\t<meta property=\"og:image:type\" content=\"image\/jpeg\" \/>\n<meta name=\"twitter:card\" content=\"summary_large_image\" \/>\n<meta name=\"twitter:label1\" content=\"Est. reading time\" \/>\n\t<meta name=\"twitter:data1\" content=\"1 min\u016bte\" \/>\n<script type=\"application\/ld+json\" class=\"yoast-schema-graph\">{\"@context\":\"https:\\\/\\\/schema.org\",\"@graph\":[{\"@type\":\"WebPage\",\"@id\":\"https:\\\/\\\/kidsplay.lt\\\/produktas\\\/edukacinis-supamas-panda-zaislas-vaikams\\\/\",\"url\":\"https:\\\/\\\/kidsplay.lt\\\/produktas\\\/edukacinis-supamas-panda-zaislas-vaikams\\\/\",\"name\":\"Edukacinis supamas panda \u017eaislas vaikams\",\"isPartOf\":{\"@id\":\"https:\\\/\\\/kidsplay.lt\\\/#website\"},\"primaryImageOfPage\":{\"@id\":\"https:\\\/\\\/kidsplay.lt\\\/produktas\\\/edukacinis-supamas-panda-zaislas-vaikams\\\/#primaryimage\"},\"image\":{\"@id\":\"https:\\\/\\\/kidsplay.lt\\\/produktas\\\/edukacinis-supamas-panda-zaislas-vaikams\\\/#primaryimage\"},\"thumbnailUrl\":\"https:\\\/\\\/kidsplay.lt\\\/wp-content\\\/uploads\\\/2026\\\/04\\\/Edukacinis-supamas-panda-zaislas-vaikams.jpg\",\"datePublished\":\"2026-04-30T06:49:19+00:00\",\"dateModified\":\"2026-04-30T06:49:22+00:00\",\"description\":\"Edukacinis supamas panda \u017eaislas vaikams - KidsPlay. Did\u017eiausias vaik\u0173 \u017eaisl\u0173 pasirinkimas.\",\"breadcrumb\":{\"@id\":\"https:\\\/\\\/kidsplay.lt\\\/produktas\\\/edukacinis-supamas-panda-zaislas-vaikams\\\/#breadcrumb\"},\"inLanguage\":\"lv-LV\",\"potentialAction\":[{\"@type\":\"ReadAction\",\"target\":[\"https:\\\/\\\/kidsplay.lt\\\/produktas\\\/edukacinis-supamas-panda-zaislas-vaikams\\\/\"]}]},{\"@type\":\"ImageObject\",\"inLanguage\":\"lv-LV\",\"@id\":\"https:\\\/\\\/kidsplay.lt\\\/produktas\\\/edukacinis-supamas-panda-zaislas-vaikams\\\/#primaryimage\",\"url\":\"https:\\\/\\\/kidsplay.lt\\\/wp-content\\\/uploads\\\/2026\\\/04\\\/Edukacinis-supamas-panda-zaislas-vaikams.jpg\",\"contentUrl\":\"https:\\\/\\\/kidsplay.lt\\\/wp-content\\\/uploads\\\/2026\\\/04\\\/Edukacinis-supamas-panda-zaislas-vaikams.jpg\",\"width\":1000,\"height\":1000,\"caption\":\"Edukacinis supamas panda \u017eaislas vaikams\"},{\"@type\":\"BreadcrumbList\",\"@id\":\"https:\\\/\\\/kidsplay.lt\\\/produktas\\\/edukacinis-supamas-panda-zaislas-vaikams\\\/#breadcrumb\",\"itemListElement\":[{\"@type\":\"ListItem\",\"position\":1,\"name\":\"Pagrindinis\",\"item\":\"https:\\\/\\\/kidsplay.lt\\\/\"},{\"@type\":\"ListItem\",\"position\":2,\"name\":\"Parduotuv\u0117\",\"item\":\"https:\\\/\\\/kidsplay.lt\\\/parduotuve\\\/\"},{\"@type\":\"ListItem\",\"position\":3,\"name\":\"Edukacinis supamas panda \u017eaislas vaikams\"}]},{\"@type\":\"WebSite\",\"@id\":\"https:\\\/\\\/kidsplay.lt\\\/#website\",\"url\":\"https:\\\/\\\/kidsplay.lt\\\/\",\"name\":\"Kidsplay.lt\",\"description\":\"\u012evairios prek\u0117s vaikams\",\"publisher\":{\"@id\":\"https:\\\/\\\/kidsplay.lt\\\/#organization\"},\"alternateName\":\"Kidsplay\",\"potentialAction\":[{\"@type\":\"SearchAction\",\"target\":{\"@type\":\"EntryPoint\",\"urlTemplate\":\"https:\\\/\\\/kidsplay.lt\\\/?s={search_term_string}\"},\"query-input\":{\"@type\":\"PropertyValueSpecification\",\"valueRequired\":true,\"valueName\":\"search_term_string\"}}],\"inLanguage\":\"lv-LV\"},{\"@type\":\"Organization\",\"@id\":\"https:\\\/\\\/kidsplay.lt\\\/#organization\",\"name\":\"KidsPlay\",\"url\":\"https:\\\/\\\/kidsplay.lt\\\/\",\"logo\":{\"@type\":\"ImageObject\",\"inLanguage\":\"lv-LV\",\"@id\":\"https:\\\/\\\/kidsplay.lt\\\/#\\\/schema\\\/logo\\\/image\\\/\",\"url\":\"https:\\\/\\\/kidsplay.lt\\\/wp-content\\\/uploads\\\/2023\\\/07\\\/kidsplay-logo.png\",\"contentUrl\":\"https:\\\/\\\/kidsplay.lt\\\/wp-content\\\/uploads\\\/2023\\\/07\\\/kidsplay-logo.png\",\"width\":451,\"height\":98,\"caption\":\"KidsPlay\"},\"image\":{\"@id\":\"https:\\\/\\\/kidsplay.lt\\\/#\\\/schema\\\/logo\\\/image\\\/\"},\"sameAs\":[\"https:\\\/\\\/www.facebook.com\\\/www.kidsplay.lt\"]}]}<\/script>\n<!-- \/ Yoast SEO plugin. -->","yoast_head_json":{"title":"Edukacinis supamas panda \u017eaislas vaikams","description":"Edukacinis supamas panda \u017eaislas vaikams - KidsPlay. Did\u017eiausias vaik\u0173 \u017eaisl\u0173 pasirinkimas.","robots":{"index":"index","follow":"follow","max-snippet":"max-snippet:-1","max-image-preview":"max-image-preview:large","max-video-preview":"max-video-preview:-1"},"canonical":"https:\/\/kidsplay.lt\/lv\/products\/edukacinis-supamas-panda-zaislas-vaikams\/","og_locale":"lv_LV","og_type":"article","og_title":"Edukacinis supamas panda \u017eaislas vaikams","og_description":"Edukacinis supamas panda \u017eaislas vaikams - KidsPlay. Did\u017eiausias vaik\u0173 \u017eaisl\u0173 pasirinkimas.","og_url":"https:\/\/kidsplay.lt\/lv\/products\/edukacinis-supamas-panda-zaislas-vaikams\/","og_site_name":"KidsPlay","article_publisher":"https:\/\/www.facebook.com\/www.kidsplay.lt","article_modified_time":"2026-04-30T06:49:22+00:00","og_image":[{"width":1000,"height":1000,"url":"https:\/\/kidsplay.lt\/wp-content\/uploads\/2026\/04\/Edukacinis-supamas-panda-zaislas-vaikams.jpg","type":"image\/jpeg"}],"twitter_card":"summary_large_image","twitter_misc":{"Est. reading time":"1 min\u016bte"},"schema":{"@context":"https:\/\/schema.org","@graph":[{"@type":"WebPage","@id":"https:\/\/kidsplay.lt\/produktas\/edukacinis-supamas-panda-zaislas-vaikams\/","url":"https:\/\/kidsplay.lt\/produktas\/edukacinis-supamas-panda-zaislas-vaikams\/","name":"Edukacinis supamas panda \u017eaislas vaikams","isPartOf":{"@id":"https:\/\/kidsplay.lt\/#website"},"primaryImageOfPage":{"@id":"https:\/\/kidsplay.lt\/produktas\/edukacinis-supamas-panda-zaislas-vaikams\/#primaryimage"},"image":{"@id":"https:\/\/kidsplay.lt\/produktas\/edukacinis-supamas-panda-zaislas-vaikams\/#primaryimage"},"thumbnailUrl":"https:\/\/kidsplay.lt\/wp-content\/uploads\/2026\/04\/Edukacinis-supamas-panda-zaislas-vaikams.jpg","datePublished":"2026-04-30T06:49:19+00:00","dateModified":"2026-04-30T06:49:22+00:00","description":"Edukacinis supamas panda \u017eaislas vaikams - KidsPlay. Did\u017eiausias vaik\u0173 \u017eaisl\u0173 pasirinkimas.","breadcrumb":{"@id":"https:\/\/kidsplay.lt\/produktas\/edukacinis-supamas-panda-zaislas-vaikams\/#breadcrumb"},"inLanguage":"lv-LV","potentialAction":[{"@type":"ReadAction","target":["https:\/\/kidsplay.lt\/produktas\/edukacinis-supamas-panda-zaislas-vaikams\/"]}]},{"@type":"ImageObject","inLanguage":"lv-LV","@id":"https:\/\/kidsplay.lt\/produktas\/edukacinis-supamas-panda-zaislas-vaikams\/#primaryimage","url":"https:\/\/kidsplay.lt\/wp-content\/uploads\/2026\/04\/Edukacinis-supamas-panda-zaislas-vaikams.jpg","contentUrl":"https:\/\/kidsplay.lt\/wp-content\/uploads\/2026\/04\/Edukacinis-supamas-panda-zaislas-vaikams.jpg","width":1000,"height":1000,"caption":"Edukacinis supamas panda \u017eaislas vaikams"},{"@type":"BreadcrumbList","@id":"https:\/\/kidsplay.lt\/produktas\/edukacinis-supamas-panda-zaislas-vaikams\/#breadcrumb","itemListElement":[{"@type":"ListItem","position":1,"name":"Pagrindinis","item":"https:\/\/kidsplay.lt\/"},{"@type":"ListItem","position":2,"name":"Parduotuv\u0117","item":"https:\/\/kidsplay.lt\/parduotuve\/"},{"@type":"ListItem","position":3,"name":"Edukacinis supamas panda \u017eaislas vaikams"}]},{"@type":"WebSite","@id":"https:\/\/kidsplay.lt\/#website","url":"https:\/\/kidsplay.lt\/","name":"B\u0113rnu sp\u0113les.lv","description":"\u012evairios prek\u0117s vaikams","publisher":{"@id":"https:\/\/kidsplay.lt\/#organization"},"alternateName":"Kidsplay","potentialAction":[{"@type":"SearchAction","target":{"@type":"EntryPoint","urlTemplate":"https:\/\/kidsplay.lt\/?s={search_term_string}"},"query-input":{"@type":"PropertyValueSpecification","valueRequired":true,"valueName":"search_term_string"}}],"inLanguage":"lv-LV"},{"@type":"Organization","@id":"https:\/\/kidsplay.lt\/#organization","name":"B\u0113rnu sp\u0113le","url":"https:\/\/kidsplay.lt\/","logo":{"@type":"ImageObject","inLanguage":"lv-LV","@id":"https:\/\/kidsplay.lt\/#\/schema\/logo\/image\/","url":"https:\/\/kidsplay.lt\/wp-content\/uploads\/2023\/07\/kidsplay-logo.png","contentUrl":"https:\/\/kidsplay.lt\/wp-content\/uploads\/2023\/07\/kidsplay-logo.png","width":451,"height":98,"caption":"KidsPlay"},"image":{"@id":"https:\/\/kidsplay.lt\/#\/schema\/logo\/image\/"},"sameAs":["https:\/\/www.facebook.com\/www.kidsplay.lt"]}]}},"_links":{"self":[{"href":"https:\/\/kidsplay.lt\/lv\/wp-json\/wp\/v2\/product\/112196","targetHints":{"allow":["GET"]}}],"collection":[{"href":"https:\/\/kidsplay.lt\/lv\/wp-json\/wp\/v2\/product"}],"about":[{"href":"https:\/\/kidsplay.lt\/lv\/wp-json\/wp\/v2\/types\/product"}],"version-history":[{"count":1,"href":"https:\/\/kidsplay.lt\/lv\/wp-json\/wp\/v2\/product\/112196\/revisions"}],"predecessor-version":[{"id":112197,"href":"https:\/\/kidsplay.lt\/lv\/wp-json\/wp\/v2\/product\/112196\/revisions\/112197"}],"wp:featuredmedia":[{"embeddable":true,"href":"https:\/\/kidsplay.lt\/lv\/wp-json\/wp\/v2\/media\/112198"}],"wp:attachment":[{"href":"https:\/\/kidsplay.lt\/lv\/wp-json\/wp\/v2\/media?parent=112196"}],"wp:term":[{"taxonomy":"product_brand","embeddable":true,"href":"https:\/\/kidsplay.lt\/lv\/wp-json\/wp\/v2\/product_brand?post=112196"},{"taxonomy":"product_cat","embeddable":true,"href":"https:\/\/kidsplay.lt\/lv\/wp-json\/wp\/v2\/product_cat?post=112196"},{"taxonomy":"product_tag","embeddable":true,"href":"https:\/\/kidsplay.lt\/lv\/wp-json\/wp\/v2\/product_tag?post=112196"}],"curies":[{"name":"wp","href":"https:\/\/api.w.org\/{rel}","templated":true}]}}