{"id":112204,"date":"2026-04-30T13:21:10","date_gmt":"2026-04-30T10:21:10","guid":{"rendered":"https:\/\/kidsplay.lt\/produktas\/feber-sodo-namelis-vaikams-fantasy-mailbox\/"},"modified":"2026-04-30T18:29:55","modified_gmt":"2026-04-30T15:29:55","slug":"feber-sodo-namelis-vaikams-fantasy-mailbox","status":"publish","type":"product","link":"https:\/\/kidsplay.lt\/lv\/products\/feber-sodo-namelis-vaikams-fantasy-mailbox\/","title":{"rendered":"FEBER d\u0101rza m\u0101ji\u0146a b\u0113rniem &quot;Fant\u0101zijas pastkaste&quot;\u201e"},"content":{"rendered":"<p>\u0160is daugiafunkcis FEBER sodo \u017eaidim\u0173 namelis su sulankstomomis durimis ir \u0161e\u0161iomis \u017eaidim\u0173 zonomis yra puiki vieta kasdieniam \u017eaidimui lauke. Jo unikalus dizainas leid\u017eia j\u012f akimirksniu paversti virtuve, grilio zona, sodu, mokykla, arkada arba ma\u017eu prekybos centru. Pagamintas i\u0161 auk\u0161\u010diausios kokyb\u0117s plastiko, kruop\u0161\u010diai atkreipiant d\u0117mes\u012f \u012f detales, \u017eaislas leid\u017eia ma\u017eiems vaikams atkurti \u012fdomias kasdienio gyvenimo scenas. Produktas padengtas modernia anti-UV danga, kuri saugo spalvas nuo i\u0161blukimo saul\u0117je ir i\u0161laiko gra\u017ei\u0105 i\u0161vaizd\u0105 bet kokiomis oro s\u0105lygomis.<\/p>\n<p>Funkcijas:<\/p>\n<p> \tSkirtas vaikams nuo 2 iki 6 met\u0173<br \/>\n \tInovatyvus dizainas su sulankstomomis durimis<br \/>\n \tIki 6 skirting\u0173 \u017eaidim\u0173 zon\u0173 viename produkte<br \/>\n \tSaugus ir tvirtas plastikas, atsparus pa\u017eeidimams<br \/>\n \tAnti-UV danga saugo spalvas nuo i\u0161blukimo<br \/>\n \tLabai lengvas savaranki\u0161kas surinkimas<\/p>\n<p>Komplekt\u0101 ietilpst:<\/p>\n<p> \tPilna namelio konstrukcija su sulankstomomis durimis<br \/>\n \tGrilio zona su \u012fmontuota kriaukle<br \/>\n \tSodo zona su g\u0117li\u0173 vazonu<br \/>\n \tMokyklos zona su lenta ra\u0161ymui<br \/>\n \tG\u0117rim\u0173 automato ir prekybos centro zonos<\/p>","protected":false},"excerpt":{"rendered":"<p>\u0160is daugiafunkcis FEBER sodo \u017eaidim\u0173 namelis su sulankstomomis durimis ir \u0161e\u0161iomis \u017eaidim\u0173 zonomis yra puiki vieta kasdieniam \u017eaidimui lauke. Jo<\/p>","protected":false},"featured_media":112206,"template":"","meta":{"_acf_changed":false,"_glsr_average":0,"_glsr_ranking":0,"_glsr_reviews":0},"product_brand":[],"product_cat":[233,234],"product_tag":[],"class_list":{"0":"post-112204","1":"product","2":"type-product","3":"status-publish","4":"has-post-thumbnail","6":"product_cat-lauko-pramogos","7":"product_cat-vaikiski-nameliai","8":"\"style=\"background-color: #2ecc711c;\"","10":"first","11":"instock","12":"purchasable","13":"product-type-simple"},"acf":[],"yoast_head":"<!-- This site is optimized with the Yoast SEO plugin v27.5 - https:\/\/yoast.com\/product\/yoast-seo-wordpress\/ -->\n<title>FEBER sodo namelis vaikams \u201eFantasy Mailbox\u201c<\/title>\n<meta name=\"description\" content=\"FEBER sodo namelis vaikams \u201eFantasy Mailbox\u201c - KidsPlay. Did\u017eiausias vaik\u0173 \u017eaisl\u0173 pasirinkimas.\" \/>\n<meta name=\"robots\" content=\"index, follow, max-snippet:-1, max-image-preview:large, max-video-preview:-1\" \/>\n<link rel=\"canonical\" href=\"https:\/\/kidsplay.lt\/lv\/products\/feber-sodo-namelis-vaikams-fantasy-mailbox\/\" \/>\n<meta property=\"og:locale\" content=\"lv_LV\" \/>\n<meta property=\"og:type\" content=\"article\" \/>\n<meta property=\"og:title\" content=\"FEBER sodo namelis vaikams \u201eFantasy Mailbox\u201c\" \/>\n<meta property=\"og:description\" content=\"FEBER sodo namelis vaikams \u201eFantasy Mailbox\u201c - KidsPlay. Did\u017eiausias vaik\u0173 \u017eaisl\u0173 pasirinkimas.\" \/>\n<meta property=\"og:url\" content=\"https:\/\/kidsplay.lt\/lv\/products\/feber-sodo-namelis-vaikams-fantasy-mailbox\/\" \/>\n<meta property=\"og:site_name\" content=\"KidsPlay\" \/>\n<meta property=\"article:publisher\" content=\"https:\/\/www.facebook.com\/www.kidsplay.lt\" \/>\n<meta property=\"article:modified_time\" content=\"2026-04-30T15:29:55+00:00\" \/>\n<meta property=\"og:image\" content=\"https:\/\/kidsplay.lt\/wp-content\/uploads\/2026\/04\/FEBER-sodo-namelis-vaikams-\u201eFantasy-Mailbox.jpg\" \/>\n\t<meta property=\"og:image:width\" content=\"1500\" \/>\n\t<meta property=\"og:image:height\" content=\"1251\" \/>\n\t<meta property=\"og:image:type\" content=\"image\/jpeg\" \/>\n<meta name=\"twitter:card\" content=\"summary_large_image\" \/>\n<meta name=\"twitter:label1\" content=\"Est. reading time\" \/>\n\t<meta name=\"twitter:data1\" content=\"1 min\u016bte\" \/>\n<script type=\"application\/ld+json\" class=\"yoast-schema-graph\">{\"@context\":\"https:\\\/\\\/schema.org\",\"@graph\":[{\"@type\":\"WebPage\",\"@id\":\"https:\\\/\\\/kidsplay.lt\\\/produktas\\\/feber-sodo-namelis-vaikams-fantasy-mailbox\\\/\",\"url\":\"https:\\\/\\\/kidsplay.lt\\\/produktas\\\/feber-sodo-namelis-vaikams-fantasy-mailbox\\\/\",\"name\":\"FEBER sodo namelis vaikams \u201eFantasy Mailbox\u201c\",\"isPartOf\":{\"@id\":\"https:\\\/\\\/kidsplay.lt\\\/#website\"},\"primaryImageOfPage\":{\"@id\":\"https:\\\/\\\/kidsplay.lt\\\/produktas\\\/feber-sodo-namelis-vaikams-fantasy-mailbox\\\/#primaryimage\"},\"image\":{\"@id\":\"https:\\\/\\\/kidsplay.lt\\\/produktas\\\/feber-sodo-namelis-vaikams-fantasy-mailbox\\\/#primaryimage\"},\"thumbnailUrl\":\"https:\\\/\\\/kidsplay.lt\\\/wp-content\\\/uploads\\\/2026\\\/04\\\/FEBER-sodo-namelis-vaikams-\u201eFantasy-Mailbox.jpg\",\"datePublished\":\"2026-04-30T10:21:10+00:00\",\"dateModified\":\"2026-04-30T15:29:55+00:00\",\"description\":\"FEBER sodo namelis vaikams \u201eFantasy Mailbox\u201c - KidsPlay. Did\u017eiausias vaik\u0173 \u017eaisl\u0173 pasirinkimas.\",\"breadcrumb\":{\"@id\":\"https:\\\/\\\/kidsplay.lt\\\/produktas\\\/feber-sodo-namelis-vaikams-fantasy-mailbox\\\/#breadcrumb\"},\"inLanguage\":\"lv-LV\",\"potentialAction\":[{\"@type\":\"ReadAction\",\"target\":[\"https:\\\/\\\/kidsplay.lt\\\/produktas\\\/feber-sodo-namelis-vaikams-fantasy-mailbox\\\/\"]}]},{\"@type\":\"ImageObject\",\"inLanguage\":\"lv-LV\",\"@id\":\"https:\\\/\\\/kidsplay.lt\\\/produktas\\\/feber-sodo-namelis-vaikams-fantasy-mailbox\\\/#primaryimage\",\"url\":\"https:\\\/\\\/kidsplay.lt\\\/wp-content\\\/uploads\\\/2026\\\/04\\\/FEBER-sodo-namelis-vaikams-\u201eFantasy-Mailbox.jpg\",\"contentUrl\":\"https:\\\/\\\/kidsplay.lt\\\/wp-content\\\/uploads\\\/2026\\\/04\\\/FEBER-sodo-namelis-vaikams-\u201eFantasy-Mailbox.jpg\",\"width\":1500,\"height\":1251,\"caption\":\"FEBER sodo namelis vaikams \u201eFantasy Mailbox\u201c\"},{\"@type\":\"BreadcrumbList\",\"@id\":\"https:\\\/\\\/kidsplay.lt\\\/produktas\\\/feber-sodo-namelis-vaikams-fantasy-mailbox\\\/#breadcrumb\",\"itemListElement\":[{\"@type\":\"ListItem\",\"position\":1,\"name\":\"Pagrindinis\",\"item\":\"https:\\\/\\\/kidsplay.lt\\\/\"},{\"@type\":\"ListItem\",\"position\":2,\"name\":\"Parduotuv\u0117\",\"item\":\"https:\\\/\\\/kidsplay.lt\\\/parduotuve\\\/\"},{\"@type\":\"ListItem\",\"position\":3,\"name\":\"FEBER sodo namelis vaikams \u201eFantasy Mailbox\u201c\"}]},{\"@type\":\"WebSite\",\"@id\":\"https:\\\/\\\/kidsplay.lt\\\/#website\",\"url\":\"https:\\\/\\\/kidsplay.lt\\\/\",\"name\":\"Kidsplay.lt\",\"description\":\"\u012evairios prek\u0117s vaikams\",\"publisher\":{\"@id\":\"https:\\\/\\\/kidsplay.lt\\\/#organization\"},\"alternateName\":\"Kidsplay\",\"potentialAction\":[{\"@type\":\"SearchAction\",\"target\":{\"@type\":\"EntryPoint\",\"urlTemplate\":\"https:\\\/\\\/kidsplay.lt\\\/?s={search_term_string}\"},\"query-input\":{\"@type\":\"PropertyValueSpecification\",\"valueRequired\":true,\"valueName\":\"search_term_string\"}}],\"inLanguage\":\"lv-LV\"},{\"@type\":\"Organization\",\"@id\":\"https:\\\/\\\/kidsplay.lt\\\/#organization\",\"name\":\"KidsPlay\",\"url\":\"https:\\\/\\\/kidsplay.lt\\\/\",\"logo\":{\"@type\":\"ImageObject\",\"inLanguage\":\"lv-LV\",\"@id\":\"https:\\\/\\\/kidsplay.lt\\\/#\\\/schema\\\/logo\\\/image\\\/\",\"url\":\"https:\\\/\\\/kidsplay.lt\\\/wp-content\\\/uploads\\\/2023\\\/07\\\/kidsplay-logo.png\",\"contentUrl\":\"https:\\\/\\\/kidsplay.lt\\\/wp-content\\\/uploads\\\/2023\\\/07\\\/kidsplay-logo.png\",\"width\":451,\"height\":98,\"caption\":\"KidsPlay\"},\"image\":{\"@id\":\"https:\\\/\\\/kidsplay.lt\\\/#\\\/schema\\\/logo\\\/image\\\/\"},\"sameAs\":[\"https:\\\/\\\/www.facebook.com\\\/www.kidsplay.lt\"]}]}<\/script>\n<!-- \/ Yoast SEO plugin. -->","yoast_head_json":{"title":"FEBER d\u0101rza m\u0101ji\u0146a b\u0113rniem &quot;Fant\u0101zijas pastkaste&quot;\u201e","description":"FEBER sodo namelis vaikams \u201eFantasy Mailbox\u201c - KidsPlay. Did\u017eiausias vaik\u0173 \u017eaisl\u0173 pasirinkimas.","robots":{"index":"index","follow":"follow","max-snippet":"max-snippet:-1","max-image-preview":"max-image-preview:large","max-video-preview":"max-video-preview:-1"},"canonical":"https:\/\/kidsplay.lt\/lv\/products\/feber-sodo-namelis-vaikams-fantasy-mailbox\/","og_locale":"lv_LV","og_type":"article","og_title":"FEBER sodo namelis vaikams \u201eFantasy Mailbox\u201c","og_description":"FEBER sodo namelis vaikams \u201eFantasy Mailbox\u201c - KidsPlay. Did\u017eiausias vaik\u0173 \u017eaisl\u0173 pasirinkimas.","og_url":"https:\/\/kidsplay.lt\/lv\/products\/feber-sodo-namelis-vaikams-fantasy-mailbox\/","og_site_name":"KidsPlay","article_publisher":"https:\/\/www.facebook.com\/www.kidsplay.lt","article_modified_time":"2026-04-30T15:29:55+00:00","og_image":[{"width":1500,"height":1251,"url":"https:\/\/kidsplay.lt\/wp-content\/uploads\/2026\/04\/FEBER-sodo-namelis-vaikams-\u201eFantasy-Mailbox.jpg","type":"image\/jpeg"}],"twitter_card":"summary_large_image","twitter_misc":{"Est. reading time":"1 min\u016bte"},"schema":{"@context":"https:\/\/schema.org","@graph":[{"@type":"WebPage","@id":"https:\/\/kidsplay.lt\/produktas\/feber-sodo-namelis-vaikams-fantasy-mailbox\/","url":"https:\/\/kidsplay.lt\/produktas\/feber-sodo-namelis-vaikams-fantasy-mailbox\/","name":"FEBER d\u0101rza m\u0101ji\u0146a b\u0113rniem &quot;Fant\u0101zijas pastkaste&quot;\u201e","isPartOf":{"@id":"https:\/\/kidsplay.lt\/#website"},"primaryImageOfPage":{"@id":"https:\/\/kidsplay.lt\/produktas\/feber-sodo-namelis-vaikams-fantasy-mailbox\/#primaryimage"},"image":{"@id":"https:\/\/kidsplay.lt\/produktas\/feber-sodo-namelis-vaikams-fantasy-mailbox\/#primaryimage"},"thumbnailUrl":"https:\/\/kidsplay.lt\/wp-content\/uploads\/2026\/04\/FEBER-sodo-namelis-vaikams-\u201eFantasy-Mailbox.jpg","datePublished":"2026-04-30T10:21:10+00:00","dateModified":"2026-04-30T15:29:55+00:00","description":"FEBER sodo namelis vaikams \u201eFantasy Mailbox\u201c - KidsPlay. Did\u017eiausias vaik\u0173 \u017eaisl\u0173 pasirinkimas.","breadcrumb":{"@id":"https:\/\/kidsplay.lt\/produktas\/feber-sodo-namelis-vaikams-fantasy-mailbox\/#breadcrumb"},"inLanguage":"lv-LV","potentialAction":[{"@type":"ReadAction","target":["https:\/\/kidsplay.lt\/produktas\/feber-sodo-namelis-vaikams-fantasy-mailbox\/"]}]},{"@type":"ImageObject","inLanguage":"lv-LV","@id":"https:\/\/kidsplay.lt\/produktas\/feber-sodo-namelis-vaikams-fantasy-mailbox\/#primaryimage","url":"https:\/\/kidsplay.lt\/wp-content\/uploads\/2026\/04\/FEBER-sodo-namelis-vaikams-\u201eFantasy-Mailbox.jpg","contentUrl":"https:\/\/kidsplay.lt\/wp-content\/uploads\/2026\/04\/FEBER-sodo-namelis-vaikams-\u201eFantasy-Mailbox.jpg","width":1500,"height":1251,"caption":"FEBER sodo namelis vaikams \u201eFantasy Mailbox\u201c"},{"@type":"BreadcrumbList","@id":"https:\/\/kidsplay.lt\/produktas\/feber-sodo-namelis-vaikams-fantasy-mailbox\/#breadcrumb","itemListElement":[{"@type":"ListItem","position":1,"name":"Pagrindinis","item":"https:\/\/kidsplay.lt\/"},{"@type":"ListItem","position":2,"name":"Parduotuv\u0117","item":"https:\/\/kidsplay.lt\/parduotuve\/"},{"@type":"ListItem","position":3,"name":"FEBER sodo namelis vaikams \u201eFantasy Mailbox\u201c"}]},{"@type":"WebSite","@id":"https:\/\/kidsplay.lt\/#website","url":"https:\/\/kidsplay.lt\/","name":"B\u0113rnu sp\u0113les.lv","description":"\u012evairios prek\u0117s vaikams","publisher":{"@id":"https:\/\/kidsplay.lt\/#organization"},"alternateName":"Kidsplay","potentialAction":[{"@type":"SearchAction","target":{"@type":"EntryPoint","urlTemplate":"https:\/\/kidsplay.lt\/?s={search_term_string}"},"query-input":{"@type":"PropertyValueSpecification","valueRequired":true,"valueName":"search_term_string"}}],"inLanguage":"lv-LV"},{"@type":"Organization","@id":"https:\/\/kidsplay.lt\/#organization","name":"B\u0113rnu sp\u0113le","url":"https:\/\/kidsplay.lt\/","logo":{"@type":"ImageObject","inLanguage":"lv-LV","@id":"https:\/\/kidsplay.lt\/#\/schema\/logo\/image\/","url":"https:\/\/kidsplay.lt\/wp-content\/uploads\/2023\/07\/kidsplay-logo.png","contentUrl":"https:\/\/kidsplay.lt\/wp-content\/uploads\/2023\/07\/kidsplay-logo.png","width":451,"height":98,"caption":"KidsPlay"},"image":{"@id":"https:\/\/kidsplay.lt\/#\/schema\/logo\/image\/"},"sameAs":["https:\/\/www.facebook.com\/www.kidsplay.lt"]}]}},"_links":{"self":[{"href":"https:\/\/kidsplay.lt\/lv\/wp-json\/wp\/v2\/product\/112204","targetHints":{"allow":["GET"]}}],"collection":[{"href":"https:\/\/kidsplay.lt\/lv\/wp-json\/wp\/v2\/product"}],"about":[{"href":"https:\/\/kidsplay.lt\/lv\/wp-json\/wp\/v2\/types\/product"}],"version-history":[{"count":1,"href":"https:\/\/kidsplay.lt\/lv\/wp-json\/wp\/v2\/product\/112204\/revisions"}],"predecessor-version":[{"id":112205,"href":"https:\/\/kidsplay.lt\/lv\/wp-json\/wp\/v2\/product\/112204\/revisions\/112205"}],"wp:featuredmedia":[{"embeddable":true,"href":"https:\/\/kidsplay.lt\/lv\/wp-json\/wp\/v2\/media\/112206"}],"wp:attachment":[{"href":"https:\/\/kidsplay.lt\/lv\/wp-json\/wp\/v2\/media?parent=112204"}],"wp:term":[{"taxonomy":"product_brand","embeddable":true,"href":"https:\/\/kidsplay.lt\/lv\/wp-json\/wp\/v2\/product_brand?post=112204"},{"taxonomy":"product_cat","embeddable":true,"href":"https:\/\/kidsplay.lt\/lv\/wp-json\/wp\/v2\/product_cat?post=112204"},{"taxonomy":"product_tag","embeddable":true,"href":"https:\/\/kidsplay.lt\/lv\/wp-json\/wp\/v2\/product_tag?post=112204"}],"curies":[{"name":"wp","href":"https:\/\/api.w.org\/{rel}","templated":true}]}}