{"id":112211,"date":"2026-04-30T13:21:20","date_gmt":"2026-04-30T10:21:20","guid":{"rendered":"https:\/\/kidsplay.lt\/produktas\/feber-milziniski-princeses-rumai-super-rumu-sodo-namelis\/"},"modified":"2026-04-30T18:29:55","modified_gmt":"2026-04-30T15:29:55","slug":"feber-milziniski-princeses-rumai-super-rumu-sodo-namelis","status":"publish","type":"product","link":"https:\/\/kidsplay.lt\/lv\/products\/feber-milziniski-princeses-rumai-super-rumu-sodo-namelis\/","title":{"rendered":"FEBER mil\u017eini\u0161ki princes\u0117s r\u016bmai \u2013 super r\u016bm\u0173 sodo namelis"},"content":{"rendered":"<p>Didingas \u201eFeber Super Palace\u201c yra \u012fsp\u016bdingas, didelis sodo namelis, kuris vaikus nukelia \u012f karali\u0161kos fantazijos pasaul\u012f. \u0160ie r\u016bmai turi erdv\u0173 vid\u0173, devynis bok\u0161tus ir penkis didelius langus. \u012esp\u016bdingos pilies durys turi ranken\u0105 su mygtuku, kuris skleid\u017eia \u012fvairius garsus \u2013 imituoja skambut\u012f arba beldim\u0105.<br \/>\nVisa konstrukcija pagaminta i\u0161 tvirt\u0173, ry\u0161ki\u0173 spalv\u0173 med\u017eiag\u0173, atspari\u0173 saul\u0117s spinduliams ir temperat\u016bros poky\u010diams (UV apsauga). Lengvas surinkimas ir ilgaam\u017ei\u0161kumas daro \u0161\u012f \u201eFeber\u201c r\u016bm\u0173 namel\u012f puikiu \u017eaidim\u0173 centru ilgiems metams.<\/p>\n<p>Funkcijas:<\/p>\n<p> \tSkirtas vaikams nuo 3 iki 10 met\u0173<br \/>\n \tDidingi r\u016bmai su daug erdv\u0117s \u017eaidimams<br \/>\n \tKonstrukcija su 9 bok\u0161tais (6 \u0161oniniai, 3 vir\u0161utiniai su v\u0117liav\u0117l\u0117mis)<br \/>\n \t\u012e\u0117jimo durys su rankena\/mygtuku ir garso efektais (skambutis \/ beldimas)<br \/>\n \t5 dideli langai<br \/>\n \tUV spinduliams ir temperat\u016bros poky\u010diams atsparios spalvos<br \/>\n \tLabai tvirta ir lengvai surenkama konstrukcija<br \/>\n \tReikalingos baterijos (yra komplekte)<\/p>\n<p>Komplekt\u0101 ietilpst:<\/p>\n<p> \t\u201eSuper Palace\u201c konstrukcin\u0117s dalys<br \/>\n \tBok\u0161t\u0173 v\u0117liav\u0117l\u0117s<br \/>\n \tBaterijos garso moduliui<\/p>","protected":false},"excerpt":{"rendered":"<p>Didingas \u201eFeber Super Palace\u201c yra \u012fsp\u016bdingas, didelis sodo namelis, kuris vaikus nukelia \u012f karali\u0161kos fantazijos pasaul\u012f. \u0160ie r\u016bmai turi erdv\u0173<\/p>","protected":false},"featured_media":112213,"template":"","meta":{"_acf_changed":false,"_glsr_average":0,"_glsr_ranking":0,"_glsr_reviews":0},"product_brand":[],"product_cat":[233,234],"product_tag":[],"class_list":{"0":"post-112211","1":"product","2":"type-product","3":"status-publish","4":"has-post-thumbnail","6":"product_cat-lauko-pramogos","7":"product_cat-vaikiski-nameliai","8":"\"style=\"background-color: #2ecc711c;\"","10":"first","11":"instock","12":"purchasable","13":"product-type-simple"},"acf":[],"yoast_head":"<!-- This site is optimized with the Yoast SEO plugin v27.5 - https:\/\/yoast.com\/product\/yoast-seo-wordpress\/ -->\n<title>FEBER mil\u017eini\u0161ki princes\u0117s r\u016bmai \u2013 super r\u016bm\u0173 sodo namelis<\/title>\n<meta name=\"description\" content=\"FEBER mil\u017eini\u0161ki princes\u0117s r\u016bmai \u2013 super r\u016bm\u0173 sodo namelis - KidsPlay. Did\u017eiausias vaik\u0173 \u017eaisl\u0173 pasirinkimas.\" \/>\n<meta name=\"robots\" content=\"index, follow, max-snippet:-1, max-image-preview:large, max-video-preview:-1\" \/>\n<link rel=\"canonical\" href=\"https:\/\/kidsplay.lt\/lv\/products\/feber-milziniski-princeses-rumai-super-rumu-sodo-namelis\/\" \/>\n<meta property=\"og:locale\" content=\"lv_LV\" \/>\n<meta property=\"og:type\" content=\"article\" \/>\n<meta property=\"og:title\" content=\"FEBER mil\u017eini\u0161ki princes\u0117s r\u016bmai \u2013 super r\u016bm\u0173 sodo namelis\" \/>\n<meta property=\"og:description\" content=\"FEBER mil\u017eini\u0161ki princes\u0117s r\u016bmai \u2013 super r\u016bm\u0173 sodo namelis - KidsPlay. Did\u017eiausias vaik\u0173 \u017eaisl\u0173 pasirinkimas.\" \/>\n<meta property=\"og:url\" content=\"https:\/\/kidsplay.lt\/lv\/products\/feber-milziniski-princeses-rumai-super-rumu-sodo-namelis\/\" \/>\n<meta property=\"og:site_name\" content=\"KidsPlay\" \/>\n<meta property=\"article:publisher\" content=\"https:\/\/www.facebook.com\/www.kidsplay.lt\" \/>\n<meta property=\"article:modified_time\" content=\"2026-04-30T15:29:55+00:00\" \/>\n<meta property=\"og:image\" content=\"https:\/\/kidsplay.lt\/wp-content\/uploads\/2026\/04\/FEBER-milziniski-princeses-rumai-\u2013-super-rumu-sodo-namelis.jpg\" \/>\n\t<meta property=\"og:image:width\" content=\"1000\" \/>\n\t<meta property=\"og:image:height\" content=\"1000\" \/>\n\t<meta property=\"og:image:type\" content=\"image\/jpeg\" \/>\n<meta name=\"twitter:card\" content=\"summary_large_image\" \/>\n<meta name=\"twitter:label1\" content=\"Est. reading time\" \/>\n\t<meta name=\"twitter:data1\" content=\"1 min\u016bte\" \/>\n<script type=\"application\/ld+json\" class=\"yoast-schema-graph\">{\"@context\":\"https:\\\/\\\/schema.org\",\"@graph\":[{\"@type\":\"WebPage\",\"@id\":\"https:\\\/\\\/kidsplay.lt\\\/produktas\\\/feber-milziniski-princeses-rumai-super-rumu-sodo-namelis\\\/\",\"url\":\"https:\\\/\\\/kidsplay.lt\\\/produktas\\\/feber-milziniski-princeses-rumai-super-rumu-sodo-namelis\\\/\",\"name\":\"FEBER mil\u017eini\u0161ki princes\u0117s r\u016bmai \u2013 super r\u016bm\u0173 sodo namelis\",\"isPartOf\":{\"@id\":\"https:\\\/\\\/kidsplay.lt\\\/#website\"},\"primaryImageOfPage\":{\"@id\":\"https:\\\/\\\/kidsplay.lt\\\/produktas\\\/feber-milziniski-princeses-rumai-super-rumu-sodo-namelis\\\/#primaryimage\"},\"image\":{\"@id\":\"https:\\\/\\\/kidsplay.lt\\\/produktas\\\/feber-milziniski-princeses-rumai-super-rumu-sodo-namelis\\\/#primaryimage\"},\"thumbnailUrl\":\"https:\\\/\\\/kidsplay.lt\\\/wp-content\\\/uploads\\\/2026\\\/04\\\/FEBER-milziniski-princeses-rumai-\u2013-super-rumu-sodo-namelis.jpg\",\"datePublished\":\"2026-04-30T10:21:20+00:00\",\"dateModified\":\"2026-04-30T15:29:55+00:00\",\"description\":\"FEBER mil\u017eini\u0161ki princes\u0117s r\u016bmai \u2013 super r\u016bm\u0173 sodo namelis - KidsPlay. Did\u017eiausias vaik\u0173 \u017eaisl\u0173 pasirinkimas.\",\"breadcrumb\":{\"@id\":\"https:\\\/\\\/kidsplay.lt\\\/produktas\\\/feber-milziniski-princeses-rumai-super-rumu-sodo-namelis\\\/#breadcrumb\"},\"inLanguage\":\"lv-LV\",\"potentialAction\":[{\"@type\":\"ReadAction\",\"target\":[\"https:\\\/\\\/kidsplay.lt\\\/produktas\\\/feber-milziniski-princeses-rumai-super-rumu-sodo-namelis\\\/\"]}]},{\"@type\":\"ImageObject\",\"inLanguage\":\"lv-LV\",\"@id\":\"https:\\\/\\\/kidsplay.lt\\\/produktas\\\/feber-milziniski-princeses-rumai-super-rumu-sodo-namelis\\\/#primaryimage\",\"url\":\"https:\\\/\\\/kidsplay.lt\\\/wp-content\\\/uploads\\\/2026\\\/04\\\/FEBER-milziniski-princeses-rumai-\u2013-super-rumu-sodo-namelis.jpg\",\"contentUrl\":\"https:\\\/\\\/kidsplay.lt\\\/wp-content\\\/uploads\\\/2026\\\/04\\\/FEBER-milziniski-princeses-rumai-\u2013-super-rumu-sodo-namelis.jpg\",\"width\":1000,\"height\":1000,\"caption\":\"FEBER mil\u017eini\u0161ki princes\u0117s r\u016bmai \u2013 super r\u016bm\u0173 sodo namelis\"},{\"@type\":\"BreadcrumbList\",\"@id\":\"https:\\\/\\\/kidsplay.lt\\\/produktas\\\/feber-milziniski-princeses-rumai-super-rumu-sodo-namelis\\\/#breadcrumb\",\"itemListElement\":[{\"@type\":\"ListItem\",\"position\":1,\"name\":\"Pagrindinis\",\"item\":\"https:\\\/\\\/kidsplay.lt\\\/\"},{\"@type\":\"ListItem\",\"position\":2,\"name\":\"Parduotuv\u0117\",\"item\":\"https:\\\/\\\/kidsplay.lt\\\/parduotuve\\\/\"},{\"@type\":\"ListItem\",\"position\":3,\"name\":\"FEBER mil\u017eini\u0161ki princes\u0117s r\u016bmai \u2013 super r\u016bm\u0173 sodo namelis\"}]},{\"@type\":\"WebSite\",\"@id\":\"https:\\\/\\\/kidsplay.lt\\\/#website\",\"url\":\"https:\\\/\\\/kidsplay.lt\\\/\",\"name\":\"Kidsplay.lt\",\"description\":\"\u012evairios prek\u0117s vaikams\",\"publisher\":{\"@id\":\"https:\\\/\\\/kidsplay.lt\\\/#organization\"},\"alternateName\":\"Kidsplay\",\"potentialAction\":[{\"@type\":\"SearchAction\",\"target\":{\"@type\":\"EntryPoint\",\"urlTemplate\":\"https:\\\/\\\/kidsplay.lt\\\/?s={search_term_string}\"},\"query-input\":{\"@type\":\"PropertyValueSpecification\",\"valueRequired\":true,\"valueName\":\"search_term_string\"}}],\"inLanguage\":\"lv-LV\"},{\"@type\":\"Organization\",\"@id\":\"https:\\\/\\\/kidsplay.lt\\\/#organization\",\"name\":\"KidsPlay\",\"url\":\"https:\\\/\\\/kidsplay.lt\\\/\",\"logo\":{\"@type\":\"ImageObject\",\"inLanguage\":\"lv-LV\",\"@id\":\"https:\\\/\\\/kidsplay.lt\\\/#\\\/schema\\\/logo\\\/image\\\/\",\"url\":\"https:\\\/\\\/kidsplay.lt\\\/wp-content\\\/uploads\\\/2023\\\/07\\\/kidsplay-logo.png\",\"contentUrl\":\"https:\\\/\\\/kidsplay.lt\\\/wp-content\\\/uploads\\\/2023\\\/07\\\/kidsplay-logo.png\",\"width\":451,\"height\":98,\"caption\":\"KidsPlay\"},\"image\":{\"@id\":\"https:\\\/\\\/kidsplay.lt\\\/#\\\/schema\\\/logo\\\/image\\\/\"},\"sameAs\":[\"https:\\\/\\\/www.facebook.com\\\/www.kidsplay.lt\"]}]}<\/script>\n<!-- \/ Yoast SEO plugin. -->","yoast_head_json":{"title":"FEBER mil\u017eini\u0161ki princes\u0117s r\u016bmai \u2013 super r\u016bm\u0173 sodo namelis","description":"FEBER mil\u017eini\u0161ki princes\u0117s r\u016bmai \u2013 super r\u016bm\u0173 sodo namelis - KidsPlay. Did\u017eiausias vaik\u0173 \u017eaisl\u0173 pasirinkimas.","robots":{"index":"index","follow":"follow","max-snippet":"max-snippet:-1","max-image-preview":"max-image-preview:large","max-video-preview":"max-video-preview:-1"},"canonical":"https:\/\/kidsplay.lt\/lv\/products\/feber-milziniski-princeses-rumai-super-rumu-sodo-namelis\/","og_locale":"lv_LV","og_type":"article","og_title":"FEBER mil\u017eini\u0161ki princes\u0117s r\u016bmai \u2013 super r\u016bm\u0173 sodo namelis","og_description":"FEBER mil\u017eini\u0161ki princes\u0117s r\u016bmai \u2013 super r\u016bm\u0173 sodo namelis - KidsPlay. Did\u017eiausias vaik\u0173 \u017eaisl\u0173 pasirinkimas.","og_url":"https:\/\/kidsplay.lt\/lv\/products\/feber-milziniski-princeses-rumai-super-rumu-sodo-namelis\/","og_site_name":"KidsPlay","article_publisher":"https:\/\/www.facebook.com\/www.kidsplay.lt","article_modified_time":"2026-04-30T15:29:55+00:00","og_image":[{"width":1000,"height":1000,"url":"https:\/\/kidsplay.lt\/wp-content\/uploads\/2026\/04\/FEBER-milziniski-princeses-rumai-\u2013-super-rumu-sodo-namelis.jpg","type":"image\/jpeg"}],"twitter_card":"summary_large_image","twitter_misc":{"Est. reading time":"1 min\u016bte"},"schema":{"@context":"https:\/\/schema.org","@graph":[{"@type":"WebPage","@id":"https:\/\/kidsplay.lt\/produktas\/feber-milziniski-princeses-rumai-super-rumu-sodo-namelis\/","url":"https:\/\/kidsplay.lt\/produktas\/feber-milziniski-princeses-rumai-super-rumu-sodo-namelis\/","name":"FEBER mil\u017eini\u0161ki princes\u0117s r\u016bmai \u2013 super r\u016bm\u0173 sodo namelis","isPartOf":{"@id":"https:\/\/kidsplay.lt\/#website"},"primaryImageOfPage":{"@id":"https:\/\/kidsplay.lt\/produktas\/feber-milziniski-princeses-rumai-super-rumu-sodo-namelis\/#primaryimage"},"image":{"@id":"https:\/\/kidsplay.lt\/produktas\/feber-milziniski-princeses-rumai-super-rumu-sodo-namelis\/#primaryimage"},"thumbnailUrl":"https:\/\/kidsplay.lt\/wp-content\/uploads\/2026\/04\/FEBER-milziniski-princeses-rumai-\u2013-super-rumu-sodo-namelis.jpg","datePublished":"2026-04-30T10:21:20+00:00","dateModified":"2026-04-30T15:29:55+00:00","description":"FEBER mil\u017eini\u0161ki princes\u0117s r\u016bmai \u2013 super r\u016bm\u0173 sodo namelis - KidsPlay. Did\u017eiausias vaik\u0173 \u017eaisl\u0173 pasirinkimas.","breadcrumb":{"@id":"https:\/\/kidsplay.lt\/produktas\/feber-milziniski-princeses-rumai-super-rumu-sodo-namelis\/#breadcrumb"},"inLanguage":"lv-LV","potentialAction":[{"@type":"ReadAction","target":["https:\/\/kidsplay.lt\/produktas\/feber-milziniski-princeses-rumai-super-rumu-sodo-namelis\/"]}]},{"@type":"ImageObject","inLanguage":"lv-LV","@id":"https:\/\/kidsplay.lt\/produktas\/feber-milziniski-princeses-rumai-super-rumu-sodo-namelis\/#primaryimage","url":"https:\/\/kidsplay.lt\/wp-content\/uploads\/2026\/04\/FEBER-milziniski-princeses-rumai-\u2013-super-rumu-sodo-namelis.jpg","contentUrl":"https:\/\/kidsplay.lt\/wp-content\/uploads\/2026\/04\/FEBER-milziniski-princeses-rumai-\u2013-super-rumu-sodo-namelis.jpg","width":1000,"height":1000,"caption":"FEBER mil\u017eini\u0161ki princes\u0117s r\u016bmai \u2013 super r\u016bm\u0173 sodo namelis"},{"@type":"BreadcrumbList","@id":"https:\/\/kidsplay.lt\/produktas\/feber-milziniski-princeses-rumai-super-rumu-sodo-namelis\/#breadcrumb","itemListElement":[{"@type":"ListItem","position":1,"name":"Pagrindinis","item":"https:\/\/kidsplay.lt\/"},{"@type":"ListItem","position":2,"name":"Parduotuv\u0117","item":"https:\/\/kidsplay.lt\/parduotuve\/"},{"@type":"ListItem","position":3,"name":"FEBER mil\u017eini\u0161ki princes\u0117s r\u016bmai \u2013 super r\u016bm\u0173 sodo namelis"}]},{"@type":"WebSite","@id":"https:\/\/kidsplay.lt\/#website","url":"https:\/\/kidsplay.lt\/","name":"B\u0113rnu sp\u0113les.lv","description":"\u012evairios prek\u0117s vaikams","publisher":{"@id":"https:\/\/kidsplay.lt\/#organization"},"alternateName":"Kidsplay","potentialAction":[{"@type":"SearchAction","target":{"@type":"EntryPoint","urlTemplate":"https:\/\/kidsplay.lt\/?s={search_term_string}"},"query-input":{"@type":"PropertyValueSpecification","valueRequired":true,"valueName":"search_term_string"}}],"inLanguage":"lv-LV"},{"@type":"Organization","@id":"https:\/\/kidsplay.lt\/#organization","name":"B\u0113rnu sp\u0113le","url":"https:\/\/kidsplay.lt\/","logo":{"@type":"ImageObject","inLanguage":"lv-LV","@id":"https:\/\/kidsplay.lt\/#\/schema\/logo\/image\/","url":"https:\/\/kidsplay.lt\/wp-content\/uploads\/2023\/07\/kidsplay-logo.png","contentUrl":"https:\/\/kidsplay.lt\/wp-content\/uploads\/2023\/07\/kidsplay-logo.png","width":451,"height":98,"caption":"KidsPlay"},"image":{"@id":"https:\/\/kidsplay.lt\/#\/schema\/logo\/image\/"},"sameAs":["https:\/\/www.facebook.com\/www.kidsplay.lt"]}]}},"_links":{"self":[{"href":"https:\/\/kidsplay.lt\/lv\/wp-json\/wp\/v2\/product\/112211","targetHints":{"allow":["GET"]}}],"collection":[{"href":"https:\/\/kidsplay.lt\/lv\/wp-json\/wp\/v2\/product"}],"about":[{"href":"https:\/\/kidsplay.lt\/lv\/wp-json\/wp\/v2\/types\/product"}],"version-history":[{"count":1,"href":"https:\/\/kidsplay.lt\/lv\/wp-json\/wp\/v2\/product\/112211\/revisions"}],"predecessor-version":[{"id":112212,"href":"https:\/\/kidsplay.lt\/lv\/wp-json\/wp\/v2\/product\/112211\/revisions\/112212"}],"wp:featuredmedia":[{"embeddable":true,"href":"https:\/\/kidsplay.lt\/lv\/wp-json\/wp\/v2\/media\/112213"}],"wp:attachment":[{"href":"https:\/\/kidsplay.lt\/lv\/wp-json\/wp\/v2\/media?parent=112211"}],"wp:term":[{"taxonomy":"product_brand","embeddable":true,"href":"https:\/\/kidsplay.lt\/lv\/wp-json\/wp\/v2\/product_brand?post=112211"},{"taxonomy":"product_cat","embeddable":true,"href":"https:\/\/kidsplay.lt\/lv\/wp-json\/wp\/v2\/product_cat?post=112211"},{"taxonomy":"product_tag","embeddable":true,"href":"https:\/\/kidsplay.lt\/lv\/wp-json\/wp\/v2\/product_tag?post=112211"}],"curies":[{"name":"wp","href":"https:\/\/api.w.org\/{rel}","templated":true}]}}