{"id":112218,"date":"2026-04-30T13:21:31","date_gmt":"2026-04-30T10:21:31","guid":{"rendered":"https:\/\/kidsplay.lt\/produktas\/little-tikes-sodo-namelis-vaikams-miesto-namas\/"},"modified":"2026-04-30T18:29:56","modified_gmt":"2026-04-30T15:29:56","slug":"little-tikes-sodo-namelis-vaikams-miesto-namas","status":"publish","type":"product","link":"https:\/\/kidsplay.lt\/lv\/products\/little-tikes-sodo-namelis-vaikams-miesto-namas\/","title":{"rendered":"Little Tikes sodo namelis vaikams \u2013 miesto namas"},"content":{"rendered":"<p>\u0160is plastikinis sodo \u017eaidim\u0173 namelis i\u0161 amerikie\u010di\u0173 kompanijos Little Tikes suteikia begalines interaktyvaus \u017eaidimo galimybes. Keturios skirtingos temos, puo\u0161ian\u010dios namelio sienas, skatina k\u016brybi\u0161k\u0105 ir vaizduot\u0117s kupin\u0105 \u017eaidim\u0105.<\/p>\n<p>Funkcijas:<br \/>\nSporto tematikos siena turi lank\u0105, kamuol\u012f ir smiginio lent\u0105.Degalin\u0117s siena turi kuro pomp\u0105, telefon\u0105 ir specialiai suformuotas detales.Maisto preki\u0173 \/ greito maisto siena turi \u012fva\u017eiavim\u0105 su u\u017edaromais langeliais, kasos aparat\u0105, lentyn\u0105 namelio viduje ir reljefinius aksesuarus.Mokyklos zona turi stal\u0105, lent\u0105, ab\u0117c\u0117l\u0119 ir skai\u010dius.<br \/>\n\u0160ie plastikiniai nameliai turi ir vidaus erdv\u0119, kurioje yra virykl\u0117, dirbtuv\u0117s ir kasos aparatas, pritaikyti skirtingiems \u017eaidimo scenarijams.<br \/>\nNamelis yra dvigub\u0173 sieneli\u0173 konstrukcijos, tod\u0117l yra apsaugotas nuo saul\u0117s ir oro s\u0105lyg\u0173 poveikio bei atsparus stipresniems sm\u016bgiams.<br \/>\n\u201eLittle Tikes\u201c produktai yra \u017einomi ir m\u0117gstami visuose \u017eemynuose, daugyb\u0117je nam\u0173 tarp nesuskai\u010diuojam\u0173 besi\u0161ypsan\u010di\u0173 vaik\u0173 ir patenkint\u0173 t\u0117v\u0173. Atsi\u017evelgdama \u012f vaik\u0173 saugum\u0105, \u201eLittle Tikes\u201c gamina produktus, atitinkan\u010dius visus b\u016btinus saugos standartus.<br \/>\nSiekiant ilgaam\u017ei\u0161kumo, \u017eaislai kuriami ir gaminami naudojant pa\u017eangiausi\u0105 rotacinio liejimo (rotomolding) technologij\u0105, kuri u\u017etikrina daugel\u012f met\u0173 trunkant\u012f \u017eaidimo d\u017eiaugsm\u0105.<\/p>","protected":false},"excerpt":{"rendered":"<p>\u0160is plastikinis sodo \u017eaidim\u0173 namelis i\u0161 amerikie\u010di\u0173 kompanijos Little Tikes suteikia begalines interaktyvaus \u017eaidimo galimybes. Keturios skirtingos temos, puo\u0161ian\u010dios namelio<\/p>","protected":false},"featured_media":112220,"template":"","meta":{"_acf_changed":false,"_glsr_average":0,"_glsr_ranking":0,"_glsr_reviews":0},"product_brand":[],"product_cat":[233,234],"product_tag":[],"class_list":{"0":"post-112218","1":"product","2":"type-product","3":"status-publish","4":"has-post-thumbnail","6":"product_cat-lauko-pramogos","7":"product_cat-vaikiski-nameliai","8":"\"style=\"background-color: #2ecc711c;\"","10":"first","11":"instock","12":"purchasable","13":"product-type-simple"},"acf":[],"yoast_head":"<!-- This site is optimized with the Yoast SEO plugin v27.5 - https:\/\/yoast.com\/product\/yoast-seo-wordpress\/ -->\n<title>Little Tikes sodo namelis vaikams \u2013 miesto namas<\/title>\n<meta name=\"description\" content=\"Little Tikes sodo namelis vaikams \u2013 miesto namas - KidsPlay. Did\u017eiausias vaik\u0173 \u017eaisl\u0173 pasirinkimas.\" \/>\n<meta name=\"robots\" content=\"index, follow, max-snippet:-1, max-image-preview:large, max-video-preview:-1\" \/>\n<link rel=\"canonical\" href=\"https:\/\/kidsplay.lt\/lv\/products\/little-tikes-sodo-namelis-vaikams-miesto-namas\/\" \/>\n<meta property=\"og:locale\" content=\"lv_LV\" \/>\n<meta property=\"og:type\" content=\"article\" \/>\n<meta property=\"og:title\" content=\"Little Tikes sodo namelis vaikams \u2013 miesto namas\" \/>\n<meta property=\"og:description\" content=\"Little Tikes sodo namelis vaikams \u2013 miesto namas - KidsPlay. Did\u017eiausias vaik\u0173 \u017eaisl\u0173 pasirinkimas.\" \/>\n<meta property=\"og:url\" content=\"https:\/\/kidsplay.lt\/lv\/products\/little-tikes-sodo-namelis-vaikams-miesto-namas\/\" \/>\n<meta property=\"og:site_name\" content=\"KidsPlay\" \/>\n<meta property=\"article:publisher\" content=\"https:\/\/www.facebook.com\/www.kidsplay.lt\" \/>\n<meta property=\"article:modified_time\" content=\"2026-04-30T15:29:56+00:00\" \/>\n<meta property=\"og:image\" content=\"https:\/\/kidsplay.lt\/wp-content\/uploads\/2026\/04\/Little-Tikes-sodo-namelis-vaikams-\u2013-miesto-namas.jpg\" \/>\n\t<meta property=\"og:image:width\" content=\"600\" \/>\n\t<meta property=\"og:image:height\" content=\"600\" \/>\n\t<meta property=\"og:image:type\" content=\"image\/jpeg\" \/>\n<meta name=\"twitter:card\" content=\"summary_large_image\" \/>\n<meta name=\"twitter:label1\" content=\"Est. reading time\" \/>\n\t<meta name=\"twitter:data1\" content=\"1 min\u016bte\" \/>\n<script type=\"application\/ld+json\" class=\"yoast-schema-graph\">{\"@context\":\"https:\\\/\\\/schema.org\",\"@graph\":[{\"@type\":\"WebPage\",\"@id\":\"https:\\\/\\\/kidsplay.lt\\\/produktas\\\/little-tikes-sodo-namelis-vaikams-miesto-namas\\\/\",\"url\":\"https:\\\/\\\/kidsplay.lt\\\/produktas\\\/little-tikes-sodo-namelis-vaikams-miesto-namas\\\/\",\"name\":\"Little Tikes sodo namelis vaikams \u2013 miesto namas\",\"isPartOf\":{\"@id\":\"https:\\\/\\\/kidsplay.lt\\\/#website\"},\"primaryImageOfPage\":{\"@id\":\"https:\\\/\\\/kidsplay.lt\\\/produktas\\\/little-tikes-sodo-namelis-vaikams-miesto-namas\\\/#primaryimage\"},\"image\":{\"@id\":\"https:\\\/\\\/kidsplay.lt\\\/produktas\\\/little-tikes-sodo-namelis-vaikams-miesto-namas\\\/#primaryimage\"},\"thumbnailUrl\":\"https:\\\/\\\/kidsplay.lt\\\/wp-content\\\/uploads\\\/2026\\\/04\\\/Little-Tikes-sodo-namelis-vaikams-\u2013-miesto-namas.jpg\",\"datePublished\":\"2026-04-30T10:21:31+00:00\",\"dateModified\":\"2026-04-30T15:29:56+00:00\",\"description\":\"Little Tikes sodo namelis vaikams \u2013 miesto namas - KidsPlay. Did\u017eiausias vaik\u0173 \u017eaisl\u0173 pasirinkimas.\",\"breadcrumb\":{\"@id\":\"https:\\\/\\\/kidsplay.lt\\\/produktas\\\/little-tikes-sodo-namelis-vaikams-miesto-namas\\\/#breadcrumb\"},\"inLanguage\":\"lv-LV\",\"potentialAction\":[{\"@type\":\"ReadAction\",\"target\":[\"https:\\\/\\\/kidsplay.lt\\\/produktas\\\/little-tikes-sodo-namelis-vaikams-miesto-namas\\\/\"]}]},{\"@type\":\"ImageObject\",\"inLanguage\":\"lv-LV\",\"@id\":\"https:\\\/\\\/kidsplay.lt\\\/produktas\\\/little-tikes-sodo-namelis-vaikams-miesto-namas\\\/#primaryimage\",\"url\":\"https:\\\/\\\/kidsplay.lt\\\/wp-content\\\/uploads\\\/2026\\\/04\\\/Little-Tikes-sodo-namelis-vaikams-\u2013-miesto-namas.jpg\",\"contentUrl\":\"https:\\\/\\\/kidsplay.lt\\\/wp-content\\\/uploads\\\/2026\\\/04\\\/Little-Tikes-sodo-namelis-vaikams-\u2013-miesto-namas.jpg\",\"width\":600,\"height\":600,\"caption\":\"Little Tikes sodo namelis vaikams \u2013 miesto namas\"},{\"@type\":\"BreadcrumbList\",\"@id\":\"https:\\\/\\\/kidsplay.lt\\\/produktas\\\/little-tikes-sodo-namelis-vaikams-miesto-namas\\\/#breadcrumb\",\"itemListElement\":[{\"@type\":\"ListItem\",\"position\":1,\"name\":\"Pagrindinis\",\"item\":\"https:\\\/\\\/kidsplay.lt\\\/\"},{\"@type\":\"ListItem\",\"position\":2,\"name\":\"Parduotuv\u0117\",\"item\":\"https:\\\/\\\/kidsplay.lt\\\/parduotuve\\\/\"},{\"@type\":\"ListItem\",\"position\":3,\"name\":\"Little Tikes sodo namelis vaikams \u2013 miesto namas\"}]},{\"@type\":\"WebSite\",\"@id\":\"https:\\\/\\\/kidsplay.lt\\\/#website\",\"url\":\"https:\\\/\\\/kidsplay.lt\\\/\",\"name\":\"Kidsplay.lt\",\"description\":\"\u012evairios prek\u0117s vaikams\",\"publisher\":{\"@id\":\"https:\\\/\\\/kidsplay.lt\\\/#organization\"},\"alternateName\":\"Kidsplay\",\"potentialAction\":[{\"@type\":\"SearchAction\",\"target\":{\"@type\":\"EntryPoint\",\"urlTemplate\":\"https:\\\/\\\/kidsplay.lt\\\/?s={search_term_string}\"},\"query-input\":{\"@type\":\"PropertyValueSpecification\",\"valueRequired\":true,\"valueName\":\"search_term_string\"}}],\"inLanguage\":\"lv-LV\"},{\"@type\":\"Organization\",\"@id\":\"https:\\\/\\\/kidsplay.lt\\\/#organization\",\"name\":\"KidsPlay\",\"url\":\"https:\\\/\\\/kidsplay.lt\\\/\",\"logo\":{\"@type\":\"ImageObject\",\"inLanguage\":\"lv-LV\",\"@id\":\"https:\\\/\\\/kidsplay.lt\\\/#\\\/schema\\\/logo\\\/image\\\/\",\"url\":\"https:\\\/\\\/kidsplay.lt\\\/wp-content\\\/uploads\\\/2023\\\/07\\\/kidsplay-logo.png\",\"contentUrl\":\"https:\\\/\\\/kidsplay.lt\\\/wp-content\\\/uploads\\\/2023\\\/07\\\/kidsplay-logo.png\",\"width\":451,\"height\":98,\"caption\":\"KidsPlay\"},\"image\":{\"@id\":\"https:\\\/\\\/kidsplay.lt\\\/#\\\/schema\\\/logo\\\/image\\\/\"},\"sameAs\":[\"https:\\\/\\\/www.facebook.com\\\/www.kidsplay.lt\"]}]}<\/script>\n<!-- \/ Yoast SEO plugin. -->","yoast_head_json":{"title":"Little Tikes sodo namelis vaikams \u2013 miesto namas","description":"Little Tikes sodo namelis vaikams \u2013 miesto namas - KidsPlay. Did\u017eiausias vaik\u0173 \u017eaisl\u0173 pasirinkimas.","robots":{"index":"index","follow":"follow","max-snippet":"max-snippet:-1","max-image-preview":"max-image-preview:large","max-video-preview":"max-video-preview:-1"},"canonical":"https:\/\/kidsplay.lt\/lv\/products\/little-tikes-sodo-namelis-vaikams-miesto-namas\/","og_locale":"lv_LV","og_type":"article","og_title":"Little Tikes sodo namelis vaikams \u2013 miesto namas","og_description":"Little Tikes sodo namelis vaikams \u2013 miesto namas - KidsPlay. Did\u017eiausias vaik\u0173 \u017eaisl\u0173 pasirinkimas.","og_url":"https:\/\/kidsplay.lt\/lv\/products\/little-tikes-sodo-namelis-vaikams-miesto-namas\/","og_site_name":"KidsPlay","article_publisher":"https:\/\/www.facebook.com\/www.kidsplay.lt","article_modified_time":"2026-04-30T15:29:56+00:00","og_image":[{"width":600,"height":600,"url":"https:\/\/kidsplay.lt\/wp-content\/uploads\/2026\/04\/Little-Tikes-sodo-namelis-vaikams-\u2013-miesto-namas.jpg","type":"image\/jpeg"}],"twitter_card":"summary_large_image","twitter_misc":{"Est. reading time":"1 min\u016bte"},"schema":{"@context":"https:\/\/schema.org","@graph":[{"@type":"WebPage","@id":"https:\/\/kidsplay.lt\/produktas\/little-tikes-sodo-namelis-vaikams-miesto-namas\/","url":"https:\/\/kidsplay.lt\/produktas\/little-tikes-sodo-namelis-vaikams-miesto-namas\/","name":"Little Tikes sodo namelis vaikams \u2013 miesto namas","isPartOf":{"@id":"https:\/\/kidsplay.lt\/#website"},"primaryImageOfPage":{"@id":"https:\/\/kidsplay.lt\/produktas\/little-tikes-sodo-namelis-vaikams-miesto-namas\/#primaryimage"},"image":{"@id":"https:\/\/kidsplay.lt\/produktas\/little-tikes-sodo-namelis-vaikams-miesto-namas\/#primaryimage"},"thumbnailUrl":"https:\/\/kidsplay.lt\/wp-content\/uploads\/2026\/04\/Little-Tikes-sodo-namelis-vaikams-\u2013-miesto-namas.jpg","datePublished":"2026-04-30T10:21:31+00:00","dateModified":"2026-04-30T15:29:56+00:00","description":"Little Tikes sodo namelis vaikams \u2013 miesto namas - KidsPlay. Did\u017eiausias vaik\u0173 \u017eaisl\u0173 pasirinkimas.","breadcrumb":{"@id":"https:\/\/kidsplay.lt\/produktas\/little-tikes-sodo-namelis-vaikams-miesto-namas\/#breadcrumb"},"inLanguage":"lv-LV","potentialAction":[{"@type":"ReadAction","target":["https:\/\/kidsplay.lt\/produktas\/little-tikes-sodo-namelis-vaikams-miesto-namas\/"]}]},{"@type":"ImageObject","inLanguage":"lv-LV","@id":"https:\/\/kidsplay.lt\/produktas\/little-tikes-sodo-namelis-vaikams-miesto-namas\/#primaryimage","url":"https:\/\/kidsplay.lt\/wp-content\/uploads\/2026\/04\/Little-Tikes-sodo-namelis-vaikams-\u2013-miesto-namas.jpg","contentUrl":"https:\/\/kidsplay.lt\/wp-content\/uploads\/2026\/04\/Little-Tikes-sodo-namelis-vaikams-\u2013-miesto-namas.jpg","width":600,"height":600,"caption":"Little Tikes sodo namelis vaikams \u2013 miesto namas"},{"@type":"BreadcrumbList","@id":"https:\/\/kidsplay.lt\/produktas\/little-tikes-sodo-namelis-vaikams-miesto-namas\/#breadcrumb","itemListElement":[{"@type":"ListItem","position":1,"name":"Pagrindinis","item":"https:\/\/kidsplay.lt\/"},{"@type":"ListItem","position":2,"name":"Parduotuv\u0117","item":"https:\/\/kidsplay.lt\/parduotuve\/"},{"@type":"ListItem","position":3,"name":"Little Tikes sodo namelis vaikams \u2013 miesto namas"}]},{"@type":"WebSite","@id":"https:\/\/kidsplay.lt\/#website","url":"https:\/\/kidsplay.lt\/","name":"B\u0113rnu sp\u0113les.lv","description":"\u012evairios prek\u0117s vaikams","publisher":{"@id":"https:\/\/kidsplay.lt\/#organization"},"alternateName":"Kidsplay","potentialAction":[{"@type":"SearchAction","target":{"@type":"EntryPoint","urlTemplate":"https:\/\/kidsplay.lt\/?s={search_term_string}"},"query-input":{"@type":"PropertyValueSpecification","valueRequired":true,"valueName":"search_term_string"}}],"inLanguage":"lv-LV"},{"@type":"Organization","@id":"https:\/\/kidsplay.lt\/#organization","name":"B\u0113rnu sp\u0113le","url":"https:\/\/kidsplay.lt\/","logo":{"@type":"ImageObject","inLanguage":"lv-LV","@id":"https:\/\/kidsplay.lt\/#\/schema\/logo\/image\/","url":"https:\/\/kidsplay.lt\/wp-content\/uploads\/2023\/07\/kidsplay-logo.png","contentUrl":"https:\/\/kidsplay.lt\/wp-content\/uploads\/2023\/07\/kidsplay-logo.png","width":451,"height":98,"caption":"KidsPlay"},"image":{"@id":"https:\/\/kidsplay.lt\/#\/schema\/logo\/image\/"},"sameAs":["https:\/\/www.facebook.com\/www.kidsplay.lt"]}]}},"_links":{"self":[{"href":"https:\/\/kidsplay.lt\/lv\/wp-json\/wp\/v2\/product\/112218","targetHints":{"allow":["GET"]}}],"collection":[{"href":"https:\/\/kidsplay.lt\/lv\/wp-json\/wp\/v2\/product"}],"about":[{"href":"https:\/\/kidsplay.lt\/lv\/wp-json\/wp\/v2\/types\/product"}],"version-history":[{"count":1,"href":"https:\/\/kidsplay.lt\/lv\/wp-json\/wp\/v2\/product\/112218\/revisions"}],"predecessor-version":[{"id":112219,"href":"https:\/\/kidsplay.lt\/lv\/wp-json\/wp\/v2\/product\/112218\/revisions\/112219"}],"wp:featuredmedia":[{"embeddable":true,"href":"https:\/\/kidsplay.lt\/lv\/wp-json\/wp\/v2\/media\/112220"}],"wp:attachment":[{"href":"https:\/\/kidsplay.lt\/lv\/wp-json\/wp\/v2\/media?parent=112218"}],"wp:term":[{"taxonomy":"product_brand","embeddable":true,"href":"https:\/\/kidsplay.lt\/lv\/wp-json\/wp\/v2\/product_brand?post=112218"},{"taxonomy":"product_cat","embeddable":true,"href":"https:\/\/kidsplay.lt\/lv\/wp-json\/wp\/v2\/product_cat?post=112218"},{"taxonomy":"product_tag","embeddable":true,"href":"https:\/\/kidsplay.lt\/lv\/wp-json\/wp\/v2\/product_tag?post=112218"}],"curies":[{"name":"wp","href":"https:\/\/api.w.org\/{rel}","templated":true}]}}