{"id":112233,"date":"2026-04-30T13:21:51","date_gmt":"2026-04-30T10:21:51","guid":{"rendered":"https:\/\/kidsplay.lt\/produktas\/falk-birdy-farm-zalias-vaziuojamas-traktorius-su-priekaba\/"},"modified":"2026-04-30T18:29:56","modified_gmt":"2026-04-30T15:29:56","slug":"falk-birdy-farm-zalias-vaziuojamas-traktorius-su-priekaba","status":"publish","type":"product","link":"https:\/\/kidsplay.lt\/lv\/products\/falk-birdy-farm-zalias-vaziuojamas-traktorius-su-priekaba\/","title":{"rendered":"FALK \u201eBirdy Farm\u201c \u017ealias va\u017eiuojamas traktorius su priekaba"},"content":{"rendered":"<p>FALK \u201eBirdy Farm\u201c \u017ealias va\u017eiuojamas traktorius yra puiki pirmoji transporto priemon\u0117 kiekvienam ma\u017eyliui. \u0160is unikalus traktorius pasi\u017eymi ekologi\u0161ku gamybos po\u017ei\u016briu \u2013 jis pagamintas i\u0161 90 % perdirbto plastiko. Rinkdamiesi \u0161\u012f produkt\u0105, ne tik u\u017etikrinate vaikui smag\u0173 \u017eaidim\u0105, bet ir prisidedate prie aplinkos saugojimo.<br \/>\nTransporto priemon\u0117 turi maloni\u0105 \u017eali\u0105 spalv\u0173 gam\u0105 su \u016bkio tematika, skatinan\u010dia aktyv\u0173 \u017eaidim\u0105. Tvirta konstrukcija ir ergonomi\u0161kas dizainas u\u017etikrina saugum\u0105 pirm\u0173j\u0173 vaiko \u201ekelioni\u0173\u201c metu.<\/p>\n<p>Funkcijas:<\/p>\n<p> \tSkirtas vaikams nuo 1 iki 3 met\u0173<br \/>\n \tPagamintas i\u0161 90 % perdirbtos med\u017eiagos (patvirtinta \u201eRecycle Score\u201c sertifikatu)<br \/>\n \tSukamas vairas, palengvinantis manevravim\u0105<br \/>\n \tPatogi s\u0117dyn\u0117 su atlo\u0161u, kuri gali b\u016bti naudojama ir kaip st\u016bmimo rankena<br \/>\n \tLengva konstrukcija (2,80 kg), leid\u017eianti vaikui lengvai stumtis kojomis<br \/>\n \tAuk\u0161tos kokyb\u0117s, oro s\u0105lygoms atspari med\u017eiaga<br \/>\n \tTinka \u017eaisti tiek namuose, tiek sode<\/p>\n<p>Komplekt\u0101 ietilpst:<\/p>\n<p> \t\u017dalias \u201eBirdy Farm\u201c va\u017eiuojamas traktorius<br \/>\n \tNuimama priekaba ma\u017eylio \u201elobiams\u201c<\/p>","protected":false},"excerpt":{"rendered":"<p>FALK \u201eBirdy Farm\u201c \u017ealias va\u017eiuojamas traktorius yra puiki pirmoji transporto priemon\u0117 kiekvienam ma\u017eyliui. \u0160is unikalus traktorius pasi\u017eymi ekologi\u0161ku gamybos po\u017ei\u016briu<\/p>","protected":false},"featured_media":112235,"template":"","meta":{"_acf_changed":false,"_glsr_average":0,"_glsr_ranking":0,"_glsr_reviews":0},"product_brand":[],"product_cat":[237,393],"product_tag":[],"class_list":{"0":"post-112233","1":"product","2":"type-product","3":"status-publish","4":"has-post-thumbnail","6":"product_cat-judejimo-priemones","7":"product_cat-zaisliniai-traktoriai","8":"\"style=\"background-color: #2ecc711c;\"","10":"first","11":"instock","12":"purchasable","13":"product-type-simple"},"acf":[],"yoast_head":"<!-- This site is optimized with the Yoast SEO plugin v27.5 - https:\/\/yoast.com\/product\/yoast-seo-wordpress\/ -->\n<title>FALK \u201eBirdy Farm\u201c \u017ealias va\u017eiuojamas traktorius su priekaba<\/title>\n<meta name=\"description\" content=\"FALK \u201eBirdy Farm\u201c \u017ealias va\u017eiuojamas traktorius su priekaba - KidsPlay. Did\u017eiausias vaik\u0173 \u017eaisl\u0173 pasirinkimas.\" \/>\n<meta name=\"robots\" content=\"index, follow, max-snippet:-1, max-image-preview:large, max-video-preview:-1\" \/>\n<link rel=\"canonical\" href=\"https:\/\/kidsplay.lt\/lv\/products\/falk-birdy-farm-zalias-vaziuojamas-traktorius-su-priekaba\/\" \/>\n<meta property=\"og:locale\" content=\"lv_LV\" \/>\n<meta property=\"og:type\" content=\"article\" \/>\n<meta property=\"og:title\" content=\"FALK \u201eBirdy Farm\u201c \u017ealias va\u017eiuojamas traktorius su priekaba\" \/>\n<meta property=\"og:description\" content=\"FALK \u201eBirdy Farm\u201c \u017ealias va\u017eiuojamas traktorius su priekaba - KidsPlay. Did\u017eiausias vaik\u0173 \u017eaisl\u0173 pasirinkimas.\" \/>\n<meta property=\"og:url\" content=\"https:\/\/kidsplay.lt\/lv\/products\/falk-birdy-farm-zalias-vaziuojamas-traktorius-su-priekaba\/\" \/>\n<meta property=\"og:site_name\" content=\"KidsPlay\" \/>\n<meta property=\"article:publisher\" content=\"https:\/\/www.facebook.com\/www.kidsplay.lt\" \/>\n<meta property=\"article:modified_time\" content=\"2026-04-30T15:29:56+00:00\" \/>\n<meta property=\"og:image\" content=\"https:\/\/kidsplay.lt\/wp-content\/uploads\/2026\/04\/FALK-\u201eBirdy-Farm-zalias-vaziuojamas-traktorius-su-priekaba.jpg\" \/>\n\t<meta property=\"og:image:width\" content=\"1000\" \/>\n\t<meta property=\"og:image:height\" content=\"1000\" \/>\n\t<meta property=\"og:image:type\" content=\"image\/jpeg\" \/>\n<meta name=\"twitter:card\" content=\"summary_large_image\" \/>\n<meta name=\"twitter:label1\" content=\"Est. reading time\" \/>\n\t<meta name=\"twitter:data1\" content=\"1 min\u016bte\" \/>\n<script type=\"application\/ld+json\" class=\"yoast-schema-graph\">{\"@context\":\"https:\\\/\\\/schema.org\",\"@graph\":[{\"@type\":\"WebPage\",\"@id\":\"https:\\\/\\\/kidsplay.lt\\\/produktas\\\/falk-birdy-farm-zalias-vaziuojamas-traktorius-su-priekaba\\\/\",\"url\":\"https:\\\/\\\/kidsplay.lt\\\/produktas\\\/falk-birdy-farm-zalias-vaziuojamas-traktorius-su-priekaba\\\/\",\"name\":\"FALK \u201eBirdy Farm\u201c \u017ealias va\u017eiuojamas traktorius su priekaba\",\"isPartOf\":{\"@id\":\"https:\\\/\\\/kidsplay.lt\\\/#website\"},\"primaryImageOfPage\":{\"@id\":\"https:\\\/\\\/kidsplay.lt\\\/produktas\\\/falk-birdy-farm-zalias-vaziuojamas-traktorius-su-priekaba\\\/#primaryimage\"},\"image\":{\"@id\":\"https:\\\/\\\/kidsplay.lt\\\/produktas\\\/falk-birdy-farm-zalias-vaziuojamas-traktorius-su-priekaba\\\/#primaryimage\"},\"thumbnailUrl\":\"https:\\\/\\\/kidsplay.lt\\\/wp-content\\\/uploads\\\/2026\\\/04\\\/FALK-\u201eBirdy-Farm-zalias-vaziuojamas-traktorius-su-priekaba.jpg\",\"datePublished\":\"2026-04-30T10:21:51+00:00\",\"dateModified\":\"2026-04-30T15:29:56+00:00\",\"description\":\"FALK \u201eBirdy Farm\u201c \u017ealias va\u017eiuojamas traktorius su priekaba - KidsPlay. Did\u017eiausias vaik\u0173 \u017eaisl\u0173 pasirinkimas.\",\"breadcrumb\":{\"@id\":\"https:\\\/\\\/kidsplay.lt\\\/produktas\\\/falk-birdy-farm-zalias-vaziuojamas-traktorius-su-priekaba\\\/#breadcrumb\"},\"inLanguage\":\"lv-LV\",\"potentialAction\":[{\"@type\":\"ReadAction\",\"target\":[\"https:\\\/\\\/kidsplay.lt\\\/produktas\\\/falk-birdy-farm-zalias-vaziuojamas-traktorius-su-priekaba\\\/\"]}]},{\"@type\":\"ImageObject\",\"inLanguage\":\"lv-LV\",\"@id\":\"https:\\\/\\\/kidsplay.lt\\\/produktas\\\/falk-birdy-farm-zalias-vaziuojamas-traktorius-su-priekaba\\\/#primaryimage\",\"url\":\"https:\\\/\\\/kidsplay.lt\\\/wp-content\\\/uploads\\\/2026\\\/04\\\/FALK-\u201eBirdy-Farm-zalias-vaziuojamas-traktorius-su-priekaba.jpg\",\"contentUrl\":\"https:\\\/\\\/kidsplay.lt\\\/wp-content\\\/uploads\\\/2026\\\/04\\\/FALK-\u201eBirdy-Farm-zalias-vaziuojamas-traktorius-su-priekaba.jpg\",\"width\":1000,\"height\":1000,\"caption\":\"FALK \u201eBirdy Farm\u201c \u017ealias va\u017eiuojamas traktorius su priekaba\"},{\"@type\":\"BreadcrumbList\",\"@id\":\"https:\\\/\\\/kidsplay.lt\\\/produktas\\\/falk-birdy-farm-zalias-vaziuojamas-traktorius-su-priekaba\\\/#breadcrumb\",\"itemListElement\":[{\"@type\":\"ListItem\",\"position\":1,\"name\":\"Pagrindinis\",\"item\":\"https:\\\/\\\/kidsplay.lt\\\/\"},{\"@type\":\"ListItem\",\"position\":2,\"name\":\"Parduotuv\u0117\",\"item\":\"https:\\\/\\\/kidsplay.lt\\\/parduotuve\\\/\"},{\"@type\":\"ListItem\",\"position\":3,\"name\":\"FALK \u201eBirdy Farm\u201c \u017ealias va\u017eiuojamas traktorius su priekaba\"}]},{\"@type\":\"WebSite\",\"@id\":\"https:\\\/\\\/kidsplay.lt\\\/#website\",\"url\":\"https:\\\/\\\/kidsplay.lt\\\/\",\"name\":\"Kidsplay.lt\",\"description\":\"\u012evairios prek\u0117s vaikams\",\"publisher\":{\"@id\":\"https:\\\/\\\/kidsplay.lt\\\/#organization\"},\"alternateName\":\"Kidsplay\",\"potentialAction\":[{\"@type\":\"SearchAction\",\"target\":{\"@type\":\"EntryPoint\",\"urlTemplate\":\"https:\\\/\\\/kidsplay.lt\\\/?s={search_term_string}\"},\"query-input\":{\"@type\":\"PropertyValueSpecification\",\"valueRequired\":true,\"valueName\":\"search_term_string\"}}],\"inLanguage\":\"lv-LV\"},{\"@type\":\"Organization\",\"@id\":\"https:\\\/\\\/kidsplay.lt\\\/#organization\",\"name\":\"KidsPlay\",\"url\":\"https:\\\/\\\/kidsplay.lt\\\/\",\"logo\":{\"@type\":\"ImageObject\",\"inLanguage\":\"lv-LV\",\"@id\":\"https:\\\/\\\/kidsplay.lt\\\/#\\\/schema\\\/logo\\\/image\\\/\",\"url\":\"https:\\\/\\\/kidsplay.lt\\\/wp-content\\\/uploads\\\/2023\\\/07\\\/kidsplay-logo.png\",\"contentUrl\":\"https:\\\/\\\/kidsplay.lt\\\/wp-content\\\/uploads\\\/2023\\\/07\\\/kidsplay-logo.png\",\"width\":451,\"height\":98,\"caption\":\"KidsPlay\"},\"image\":{\"@id\":\"https:\\\/\\\/kidsplay.lt\\\/#\\\/schema\\\/logo\\\/image\\\/\"},\"sameAs\":[\"https:\\\/\\\/www.facebook.com\\\/www.kidsplay.lt\"]}]}<\/script>\n<!-- \/ Yoast SEO plugin. -->","yoast_head_json":{"title":"FALK \u201eBirdy Farm\u201c \u017ealias va\u017eiuojamas traktorius su priekaba","description":"FALK \u201eBirdy Farm\u201c \u017ealias va\u017eiuojamas traktorius su priekaba - KidsPlay. Did\u017eiausias vaik\u0173 \u017eaisl\u0173 pasirinkimas.","robots":{"index":"index","follow":"follow","max-snippet":"max-snippet:-1","max-image-preview":"max-image-preview:large","max-video-preview":"max-video-preview:-1"},"canonical":"https:\/\/kidsplay.lt\/lv\/products\/falk-birdy-farm-zalias-vaziuojamas-traktorius-su-priekaba\/","og_locale":"lv_LV","og_type":"article","og_title":"FALK \u201eBirdy Farm\u201c \u017ealias va\u017eiuojamas traktorius su priekaba","og_description":"FALK \u201eBirdy Farm\u201c \u017ealias va\u017eiuojamas traktorius su priekaba - KidsPlay. Did\u017eiausias vaik\u0173 \u017eaisl\u0173 pasirinkimas.","og_url":"https:\/\/kidsplay.lt\/lv\/products\/falk-birdy-farm-zalias-vaziuojamas-traktorius-su-priekaba\/","og_site_name":"KidsPlay","article_publisher":"https:\/\/www.facebook.com\/www.kidsplay.lt","article_modified_time":"2026-04-30T15:29:56+00:00","og_image":[{"width":1000,"height":1000,"url":"https:\/\/kidsplay.lt\/wp-content\/uploads\/2026\/04\/FALK-\u201eBirdy-Farm-zalias-vaziuojamas-traktorius-su-priekaba.jpg","type":"image\/jpeg"}],"twitter_card":"summary_large_image","twitter_misc":{"Est. reading time":"1 min\u016bte"},"schema":{"@context":"https:\/\/schema.org","@graph":[{"@type":"WebPage","@id":"https:\/\/kidsplay.lt\/produktas\/falk-birdy-farm-zalias-vaziuojamas-traktorius-su-priekaba\/","url":"https:\/\/kidsplay.lt\/produktas\/falk-birdy-farm-zalias-vaziuojamas-traktorius-su-priekaba\/","name":"FALK \u201eBirdy Farm\u201c \u017ealias va\u017eiuojamas traktorius su priekaba","isPartOf":{"@id":"https:\/\/kidsplay.lt\/#website"},"primaryImageOfPage":{"@id":"https:\/\/kidsplay.lt\/produktas\/falk-birdy-farm-zalias-vaziuojamas-traktorius-su-priekaba\/#primaryimage"},"image":{"@id":"https:\/\/kidsplay.lt\/produktas\/falk-birdy-farm-zalias-vaziuojamas-traktorius-su-priekaba\/#primaryimage"},"thumbnailUrl":"https:\/\/kidsplay.lt\/wp-content\/uploads\/2026\/04\/FALK-\u201eBirdy-Farm-zalias-vaziuojamas-traktorius-su-priekaba.jpg","datePublished":"2026-04-30T10:21:51+00:00","dateModified":"2026-04-30T15:29:56+00:00","description":"FALK \u201eBirdy Farm\u201c \u017ealias va\u017eiuojamas traktorius su priekaba - KidsPlay. Did\u017eiausias vaik\u0173 \u017eaisl\u0173 pasirinkimas.","breadcrumb":{"@id":"https:\/\/kidsplay.lt\/produktas\/falk-birdy-farm-zalias-vaziuojamas-traktorius-su-priekaba\/#breadcrumb"},"inLanguage":"lv-LV","potentialAction":[{"@type":"ReadAction","target":["https:\/\/kidsplay.lt\/produktas\/falk-birdy-farm-zalias-vaziuojamas-traktorius-su-priekaba\/"]}]},{"@type":"ImageObject","inLanguage":"lv-LV","@id":"https:\/\/kidsplay.lt\/produktas\/falk-birdy-farm-zalias-vaziuojamas-traktorius-su-priekaba\/#primaryimage","url":"https:\/\/kidsplay.lt\/wp-content\/uploads\/2026\/04\/FALK-\u201eBirdy-Farm-zalias-vaziuojamas-traktorius-su-priekaba.jpg","contentUrl":"https:\/\/kidsplay.lt\/wp-content\/uploads\/2026\/04\/FALK-\u201eBirdy-Farm-zalias-vaziuojamas-traktorius-su-priekaba.jpg","width":1000,"height":1000,"caption":"FALK \u201eBirdy Farm\u201c \u017ealias va\u017eiuojamas traktorius su priekaba"},{"@type":"BreadcrumbList","@id":"https:\/\/kidsplay.lt\/produktas\/falk-birdy-farm-zalias-vaziuojamas-traktorius-su-priekaba\/#breadcrumb","itemListElement":[{"@type":"ListItem","position":1,"name":"Pagrindinis","item":"https:\/\/kidsplay.lt\/"},{"@type":"ListItem","position":2,"name":"Parduotuv\u0117","item":"https:\/\/kidsplay.lt\/parduotuve\/"},{"@type":"ListItem","position":3,"name":"FALK \u201eBirdy Farm\u201c \u017ealias va\u017eiuojamas traktorius su priekaba"}]},{"@type":"WebSite","@id":"https:\/\/kidsplay.lt\/#website","url":"https:\/\/kidsplay.lt\/","name":"B\u0113rnu sp\u0113les.lv","description":"\u012evairios prek\u0117s vaikams","publisher":{"@id":"https:\/\/kidsplay.lt\/#organization"},"alternateName":"Kidsplay","potentialAction":[{"@type":"SearchAction","target":{"@type":"EntryPoint","urlTemplate":"https:\/\/kidsplay.lt\/?s={search_term_string}"},"query-input":{"@type":"PropertyValueSpecification","valueRequired":true,"valueName":"search_term_string"}}],"inLanguage":"lv-LV"},{"@type":"Organization","@id":"https:\/\/kidsplay.lt\/#organization","name":"B\u0113rnu sp\u0113le","url":"https:\/\/kidsplay.lt\/","logo":{"@type":"ImageObject","inLanguage":"lv-LV","@id":"https:\/\/kidsplay.lt\/#\/schema\/logo\/image\/","url":"https:\/\/kidsplay.lt\/wp-content\/uploads\/2023\/07\/kidsplay-logo.png","contentUrl":"https:\/\/kidsplay.lt\/wp-content\/uploads\/2023\/07\/kidsplay-logo.png","width":451,"height":98,"caption":"KidsPlay"},"image":{"@id":"https:\/\/kidsplay.lt\/#\/schema\/logo\/image\/"},"sameAs":["https:\/\/www.facebook.com\/www.kidsplay.lt"]}]}},"_links":{"self":[{"href":"https:\/\/kidsplay.lt\/lv\/wp-json\/wp\/v2\/product\/112233","targetHints":{"allow":["GET"]}}],"collection":[{"href":"https:\/\/kidsplay.lt\/lv\/wp-json\/wp\/v2\/product"}],"about":[{"href":"https:\/\/kidsplay.lt\/lv\/wp-json\/wp\/v2\/types\/product"}],"version-history":[{"count":1,"href":"https:\/\/kidsplay.lt\/lv\/wp-json\/wp\/v2\/product\/112233\/revisions"}],"predecessor-version":[{"id":112234,"href":"https:\/\/kidsplay.lt\/lv\/wp-json\/wp\/v2\/product\/112233\/revisions\/112234"}],"wp:featuredmedia":[{"embeddable":true,"href":"https:\/\/kidsplay.lt\/lv\/wp-json\/wp\/v2\/media\/112235"}],"wp:attachment":[{"href":"https:\/\/kidsplay.lt\/lv\/wp-json\/wp\/v2\/media?parent=112233"}],"wp:term":[{"taxonomy":"product_brand","embeddable":true,"href":"https:\/\/kidsplay.lt\/lv\/wp-json\/wp\/v2\/product_brand?post=112233"},{"taxonomy":"product_cat","embeddable":true,"href":"https:\/\/kidsplay.lt\/lv\/wp-json\/wp\/v2\/product_cat?post=112233"},{"taxonomy":"product_tag","embeddable":true,"href":"https:\/\/kidsplay.lt\/lv\/wp-json\/wp\/v2\/product_tag?post=112233"}],"curies":[{"name":"wp","href":"https:\/\/api.w.org\/{rel}","templated":true}]}}