{"id":112240,"date":"2026-04-30T13:22:18","date_gmt":"2026-04-30T10:22:18","guid":{"rendered":"https:\/\/kidsplay.lt\/produktas\/falk-vaziuojamas-traktorius-birdy-farm-rozinis-su-priekaba\/"},"modified":"2026-04-30T18:29:56","modified_gmt":"2026-04-30T15:29:56","slug":"falk-vaziuojamas-traktorius-birdy-farm-rozinis-su-priekaba","status":"publish","type":"product","link":"https:\/\/kidsplay.lt\/lv\/products\/falk-vaziuojamas-traktorius-birdy-farm-rozinis-su-priekaba\/","title":{"rendered":"FALK va\u017eiuojamas traktorius \u201eBirdy Farm\u201c ro\u017einis su priekaba"},"content":{"rendered":"<p>\u017davus \u201eBirdy Farm\u201c ro\u017einis va\u017eiuojamas traktorius i\u0161 FALK yra puiki pirmoji transporto priemon\u0117 kiekvienam ma\u017eyliui. \u0160is ro\u017einis traktorius sukurtas vaikams nuo 1 iki 3 met\u0173, derinant saug\u0173 \u017eaidim\u0105 su koordinacijos lavinimu.<br \/>\nD\u0117l pridedamos priekabos ma\u017eoji \u201esodinink\u0117\u201c gali ve\u017eioti m\u0117gstamus \u017eaislus, me\u0161kiukus ar kalad\u0117les, tod\u0117l \u017eaidimas tampa dar \u012fdomesnis. Transporto priemon\u0117 turi stabili\u0105 konstrukcij\u0105 ir ergonomi\u0161k\u0105 dizain\u0105, u\u017etikrinant\u012f komfort\u0105 ir saugum\u0105 tiek \u017eaid\u017eiant namuose, tiek lauke.<br \/>\nProduktas pagamintas i\u0161 auk\u0161tos kokyb\u0117s plastiko, i\u0161 kurio apie 90 % yra perdirbama, tod\u0117l tai draugi\u0161kas aplinkai pasirinkimas.<\/p>\n<p>Funkcijas:<\/p>\n<p> \tSkirtas vaikams nuo 1 iki 3 met\u0173<br \/>\n \tMaksimali apkrova iki 25 kg (\u0161i klas\u0117)<br \/>\n \tPastelin\u0117s ro\u017ein\u0117s spalvos \u201eBirdy Farm\u201c dizainas<br \/>\n \tVairuojama priekin\u0117 a\u0161is, valdoma patogiu vairu<br \/>\n \tPlat\u016bs ratai u\u017etikrina stabilum\u0105<br \/>\n \tErgonomi\u0161ka, patogi s\u0117dyn\u0117 su atlo\u0161u<br \/>\n \tLengva konstrukcija (apie 2,8 kg), lengvam valdymui<br \/>\n \tEkologi\u0161kas produktas (auk\u0161tas perdirbamumo rodiklis)<\/p>\n<p>Komplekt\u0101 ietilpst:<\/p>\n<p> \tRo\u017einis va\u017eiuojamas traktorius<br \/>\n \tNuimama priekaba su ratais<\/p>","protected":false},"excerpt":{"rendered":"<p>\u017davus \u201eBirdy Farm\u201c ro\u017einis va\u017eiuojamas traktorius i\u0161 FALK yra puiki pirmoji transporto priemon\u0117 kiekvienam ma\u017eyliui. \u0160is ro\u017einis traktorius sukurtas vaikams<\/p>","protected":false},"featured_media":112242,"template":"","meta":{"_acf_changed":false,"_glsr_average":0,"_glsr_ranking":0,"_glsr_reviews":0},"product_brand":[],"product_cat":[237,393],"product_tag":[],"class_list":{"0":"post-112240","1":"product","2":"type-product","3":"status-publish","4":"has-post-thumbnail","6":"product_cat-judejimo-priemones","7":"product_cat-zaisliniai-traktoriai","8":"\"style=\"background-color: #2ecc711c;\"","10":"first","11":"instock","12":"purchasable","13":"product-type-simple"},"acf":[],"yoast_head":"<!-- This site is optimized with the Yoast SEO plugin v27.5 - https:\/\/yoast.com\/product\/yoast-seo-wordpress\/ -->\n<title>FALK va\u017eiuojamas traktorius \u201eBirdy Farm\u201c ro\u017einis su priekaba<\/title>\n<meta name=\"description\" content=\"FALK va\u017eiuojamas traktorius \u201eBirdy Farm\u201c ro\u017einis su priekaba - KidsPlay. Did\u017eiausias vaik\u0173 \u017eaisl\u0173 pasirinkimas.\" \/>\n<meta name=\"robots\" content=\"index, follow, max-snippet:-1, max-image-preview:large, max-video-preview:-1\" \/>\n<link rel=\"canonical\" href=\"https:\/\/kidsplay.lt\/lv\/products\/falk-vaziuojamas-traktorius-birdy-farm-rozinis-su-priekaba\/\" \/>\n<meta property=\"og:locale\" content=\"lv_LV\" \/>\n<meta property=\"og:type\" content=\"article\" \/>\n<meta property=\"og:title\" content=\"FALK va\u017eiuojamas traktorius \u201eBirdy Farm\u201c ro\u017einis su priekaba\" \/>\n<meta property=\"og:description\" content=\"FALK va\u017eiuojamas traktorius \u201eBirdy Farm\u201c ro\u017einis su priekaba - KidsPlay. Did\u017eiausias vaik\u0173 \u017eaisl\u0173 pasirinkimas.\" \/>\n<meta property=\"og:url\" content=\"https:\/\/kidsplay.lt\/lv\/products\/falk-vaziuojamas-traktorius-birdy-farm-rozinis-su-priekaba\/\" \/>\n<meta property=\"og:site_name\" content=\"KidsPlay\" \/>\n<meta property=\"article:publisher\" content=\"https:\/\/www.facebook.com\/www.kidsplay.lt\" \/>\n<meta property=\"article:modified_time\" content=\"2026-04-30T15:29:56+00:00\" \/>\n<meta property=\"og:image\" content=\"https:\/\/kidsplay.lt\/wp-content\/uploads\/2026\/04\/FALK-vaziuojamas-traktorius-\u201eBirdy-Farm-rozinis-su-priekaba.jpg\" \/>\n\t<meta property=\"og:image:width\" content=\"1000\" \/>\n\t<meta property=\"og:image:height\" content=\"1000\" \/>\n\t<meta property=\"og:image:type\" content=\"image\/jpeg\" \/>\n<meta name=\"twitter:card\" content=\"summary_large_image\" \/>\n<meta name=\"twitter:label1\" content=\"Est. reading time\" \/>\n\t<meta name=\"twitter:data1\" content=\"1 min\u016bte\" \/>\n<script type=\"application\/ld+json\" class=\"yoast-schema-graph\">{\"@context\":\"https:\\\/\\\/schema.org\",\"@graph\":[{\"@type\":\"WebPage\",\"@id\":\"https:\\\/\\\/kidsplay.lt\\\/produktas\\\/falk-vaziuojamas-traktorius-birdy-farm-rozinis-su-priekaba\\\/\",\"url\":\"https:\\\/\\\/kidsplay.lt\\\/produktas\\\/falk-vaziuojamas-traktorius-birdy-farm-rozinis-su-priekaba\\\/\",\"name\":\"FALK va\u017eiuojamas traktorius \u201eBirdy Farm\u201c ro\u017einis su priekaba\",\"isPartOf\":{\"@id\":\"https:\\\/\\\/kidsplay.lt\\\/#website\"},\"primaryImageOfPage\":{\"@id\":\"https:\\\/\\\/kidsplay.lt\\\/produktas\\\/falk-vaziuojamas-traktorius-birdy-farm-rozinis-su-priekaba\\\/#primaryimage\"},\"image\":{\"@id\":\"https:\\\/\\\/kidsplay.lt\\\/produktas\\\/falk-vaziuojamas-traktorius-birdy-farm-rozinis-su-priekaba\\\/#primaryimage\"},\"thumbnailUrl\":\"https:\\\/\\\/kidsplay.lt\\\/wp-content\\\/uploads\\\/2026\\\/04\\\/FALK-vaziuojamas-traktorius-\u201eBirdy-Farm-rozinis-su-priekaba.jpg\",\"datePublished\":\"2026-04-30T10:22:18+00:00\",\"dateModified\":\"2026-04-30T15:29:56+00:00\",\"description\":\"FALK va\u017eiuojamas traktorius \u201eBirdy Farm\u201c ro\u017einis su priekaba - KidsPlay. Did\u017eiausias vaik\u0173 \u017eaisl\u0173 pasirinkimas.\",\"breadcrumb\":{\"@id\":\"https:\\\/\\\/kidsplay.lt\\\/produktas\\\/falk-vaziuojamas-traktorius-birdy-farm-rozinis-su-priekaba\\\/#breadcrumb\"},\"inLanguage\":\"lv-LV\",\"potentialAction\":[{\"@type\":\"ReadAction\",\"target\":[\"https:\\\/\\\/kidsplay.lt\\\/produktas\\\/falk-vaziuojamas-traktorius-birdy-farm-rozinis-su-priekaba\\\/\"]}]},{\"@type\":\"ImageObject\",\"inLanguage\":\"lv-LV\",\"@id\":\"https:\\\/\\\/kidsplay.lt\\\/produktas\\\/falk-vaziuojamas-traktorius-birdy-farm-rozinis-su-priekaba\\\/#primaryimage\",\"url\":\"https:\\\/\\\/kidsplay.lt\\\/wp-content\\\/uploads\\\/2026\\\/04\\\/FALK-vaziuojamas-traktorius-\u201eBirdy-Farm-rozinis-su-priekaba.jpg\",\"contentUrl\":\"https:\\\/\\\/kidsplay.lt\\\/wp-content\\\/uploads\\\/2026\\\/04\\\/FALK-vaziuojamas-traktorius-\u201eBirdy-Farm-rozinis-su-priekaba.jpg\",\"width\":1000,\"height\":1000,\"caption\":\"FALK va\u017eiuojamas traktorius \u201eBirdy Farm\u201c ro\u017einis su priekaba\"},{\"@type\":\"BreadcrumbList\",\"@id\":\"https:\\\/\\\/kidsplay.lt\\\/produktas\\\/falk-vaziuojamas-traktorius-birdy-farm-rozinis-su-priekaba\\\/#breadcrumb\",\"itemListElement\":[{\"@type\":\"ListItem\",\"position\":1,\"name\":\"Pagrindinis\",\"item\":\"https:\\\/\\\/kidsplay.lt\\\/\"},{\"@type\":\"ListItem\",\"position\":2,\"name\":\"Parduotuv\u0117\",\"item\":\"https:\\\/\\\/kidsplay.lt\\\/parduotuve\\\/\"},{\"@type\":\"ListItem\",\"position\":3,\"name\":\"FALK va\u017eiuojamas traktorius \u201eBirdy Farm\u201c ro\u017einis su priekaba\"}]},{\"@type\":\"WebSite\",\"@id\":\"https:\\\/\\\/kidsplay.lt\\\/#website\",\"url\":\"https:\\\/\\\/kidsplay.lt\\\/\",\"name\":\"Kidsplay.lt\",\"description\":\"\u012evairios prek\u0117s vaikams\",\"publisher\":{\"@id\":\"https:\\\/\\\/kidsplay.lt\\\/#organization\"},\"alternateName\":\"Kidsplay\",\"potentialAction\":[{\"@type\":\"SearchAction\",\"target\":{\"@type\":\"EntryPoint\",\"urlTemplate\":\"https:\\\/\\\/kidsplay.lt\\\/?s={search_term_string}\"},\"query-input\":{\"@type\":\"PropertyValueSpecification\",\"valueRequired\":true,\"valueName\":\"search_term_string\"}}],\"inLanguage\":\"lv-LV\"},{\"@type\":\"Organization\",\"@id\":\"https:\\\/\\\/kidsplay.lt\\\/#organization\",\"name\":\"KidsPlay\",\"url\":\"https:\\\/\\\/kidsplay.lt\\\/\",\"logo\":{\"@type\":\"ImageObject\",\"inLanguage\":\"lv-LV\",\"@id\":\"https:\\\/\\\/kidsplay.lt\\\/#\\\/schema\\\/logo\\\/image\\\/\",\"url\":\"https:\\\/\\\/kidsplay.lt\\\/wp-content\\\/uploads\\\/2023\\\/07\\\/kidsplay-logo.png\",\"contentUrl\":\"https:\\\/\\\/kidsplay.lt\\\/wp-content\\\/uploads\\\/2023\\\/07\\\/kidsplay-logo.png\",\"width\":451,\"height\":98,\"caption\":\"KidsPlay\"},\"image\":{\"@id\":\"https:\\\/\\\/kidsplay.lt\\\/#\\\/schema\\\/logo\\\/image\\\/\"},\"sameAs\":[\"https:\\\/\\\/www.facebook.com\\\/www.kidsplay.lt\"]}]}<\/script>\n<!-- \/ Yoast SEO plugin. -->","yoast_head_json":{"title":"FALK va\u017eiuojamas traktorius \u201eBirdy Farm\u201c ro\u017einis su priekaba","description":"FALK va\u017eiuojamas traktorius \u201eBirdy Farm\u201c ro\u017einis su priekaba - KidsPlay. Did\u017eiausias vaik\u0173 \u017eaisl\u0173 pasirinkimas.","robots":{"index":"index","follow":"follow","max-snippet":"max-snippet:-1","max-image-preview":"max-image-preview:large","max-video-preview":"max-video-preview:-1"},"canonical":"https:\/\/kidsplay.lt\/lv\/products\/falk-vaziuojamas-traktorius-birdy-farm-rozinis-su-priekaba\/","og_locale":"lv_LV","og_type":"article","og_title":"FALK va\u017eiuojamas traktorius \u201eBirdy Farm\u201c ro\u017einis su priekaba","og_description":"FALK va\u017eiuojamas traktorius \u201eBirdy Farm\u201c ro\u017einis su priekaba - KidsPlay. Did\u017eiausias vaik\u0173 \u017eaisl\u0173 pasirinkimas.","og_url":"https:\/\/kidsplay.lt\/lv\/products\/falk-vaziuojamas-traktorius-birdy-farm-rozinis-su-priekaba\/","og_site_name":"KidsPlay","article_publisher":"https:\/\/www.facebook.com\/www.kidsplay.lt","article_modified_time":"2026-04-30T15:29:56+00:00","og_image":[{"width":1000,"height":1000,"url":"https:\/\/kidsplay.lt\/wp-content\/uploads\/2026\/04\/FALK-vaziuojamas-traktorius-\u201eBirdy-Farm-rozinis-su-priekaba.jpg","type":"image\/jpeg"}],"twitter_card":"summary_large_image","twitter_misc":{"Est. reading time":"1 min\u016bte"},"schema":{"@context":"https:\/\/schema.org","@graph":[{"@type":"WebPage","@id":"https:\/\/kidsplay.lt\/produktas\/falk-vaziuojamas-traktorius-birdy-farm-rozinis-su-priekaba\/","url":"https:\/\/kidsplay.lt\/produktas\/falk-vaziuojamas-traktorius-birdy-farm-rozinis-su-priekaba\/","name":"FALK va\u017eiuojamas traktorius \u201eBirdy Farm\u201c ro\u017einis su priekaba","isPartOf":{"@id":"https:\/\/kidsplay.lt\/#website"},"primaryImageOfPage":{"@id":"https:\/\/kidsplay.lt\/produktas\/falk-vaziuojamas-traktorius-birdy-farm-rozinis-su-priekaba\/#primaryimage"},"image":{"@id":"https:\/\/kidsplay.lt\/produktas\/falk-vaziuojamas-traktorius-birdy-farm-rozinis-su-priekaba\/#primaryimage"},"thumbnailUrl":"https:\/\/kidsplay.lt\/wp-content\/uploads\/2026\/04\/FALK-vaziuojamas-traktorius-\u201eBirdy-Farm-rozinis-su-priekaba.jpg","datePublished":"2026-04-30T10:22:18+00:00","dateModified":"2026-04-30T15:29:56+00:00","description":"FALK va\u017eiuojamas traktorius \u201eBirdy Farm\u201c ro\u017einis su priekaba - KidsPlay. Did\u017eiausias vaik\u0173 \u017eaisl\u0173 pasirinkimas.","breadcrumb":{"@id":"https:\/\/kidsplay.lt\/produktas\/falk-vaziuojamas-traktorius-birdy-farm-rozinis-su-priekaba\/#breadcrumb"},"inLanguage":"lv-LV","potentialAction":[{"@type":"ReadAction","target":["https:\/\/kidsplay.lt\/produktas\/falk-vaziuojamas-traktorius-birdy-farm-rozinis-su-priekaba\/"]}]},{"@type":"ImageObject","inLanguage":"lv-LV","@id":"https:\/\/kidsplay.lt\/produktas\/falk-vaziuojamas-traktorius-birdy-farm-rozinis-su-priekaba\/#primaryimage","url":"https:\/\/kidsplay.lt\/wp-content\/uploads\/2026\/04\/FALK-vaziuojamas-traktorius-\u201eBirdy-Farm-rozinis-su-priekaba.jpg","contentUrl":"https:\/\/kidsplay.lt\/wp-content\/uploads\/2026\/04\/FALK-vaziuojamas-traktorius-\u201eBirdy-Farm-rozinis-su-priekaba.jpg","width":1000,"height":1000,"caption":"FALK va\u017eiuojamas traktorius \u201eBirdy Farm\u201c ro\u017einis su priekaba"},{"@type":"BreadcrumbList","@id":"https:\/\/kidsplay.lt\/produktas\/falk-vaziuojamas-traktorius-birdy-farm-rozinis-su-priekaba\/#breadcrumb","itemListElement":[{"@type":"ListItem","position":1,"name":"Pagrindinis","item":"https:\/\/kidsplay.lt\/"},{"@type":"ListItem","position":2,"name":"Parduotuv\u0117","item":"https:\/\/kidsplay.lt\/parduotuve\/"},{"@type":"ListItem","position":3,"name":"FALK va\u017eiuojamas traktorius \u201eBirdy Farm\u201c ro\u017einis su priekaba"}]},{"@type":"WebSite","@id":"https:\/\/kidsplay.lt\/#website","url":"https:\/\/kidsplay.lt\/","name":"B\u0113rnu sp\u0113les.lv","description":"\u012evairios prek\u0117s vaikams","publisher":{"@id":"https:\/\/kidsplay.lt\/#organization"},"alternateName":"Kidsplay","potentialAction":[{"@type":"SearchAction","target":{"@type":"EntryPoint","urlTemplate":"https:\/\/kidsplay.lt\/?s={search_term_string}"},"query-input":{"@type":"PropertyValueSpecification","valueRequired":true,"valueName":"search_term_string"}}],"inLanguage":"lv-LV"},{"@type":"Organization","@id":"https:\/\/kidsplay.lt\/#organization","name":"B\u0113rnu sp\u0113le","url":"https:\/\/kidsplay.lt\/","logo":{"@type":"ImageObject","inLanguage":"lv-LV","@id":"https:\/\/kidsplay.lt\/#\/schema\/logo\/image\/","url":"https:\/\/kidsplay.lt\/wp-content\/uploads\/2023\/07\/kidsplay-logo.png","contentUrl":"https:\/\/kidsplay.lt\/wp-content\/uploads\/2023\/07\/kidsplay-logo.png","width":451,"height":98,"caption":"KidsPlay"},"image":{"@id":"https:\/\/kidsplay.lt\/#\/schema\/logo\/image\/"},"sameAs":["https:\/\/www.facebook.com\/www.kidsplay.lt"]}]}},"_links":{"self":[{"href":"https:\/\/kidsplay.lt\/lv\/wp-json\/wp\/v2\/product\/112240","targetHints":{"allow":["GET"]}}],"collection":[{"href":"https:\/\/kidsplay.lt\/lv\/wp-json\/wp\/v2\/product"}],"about":[{"href":"https:\/\/kidsplay.lt\/lv\/wp-json\/wp\/v2\/types\/product"}],"version-history":[{"count":1,"href":"https:\/\/kidsplay.lt\/lv\/wp-json\/wp\/v2\/product\/112240\/revisions"}],"predecessor-version":[{"id":112241,"href":"https:\/\/kidsplay.lt\/lv\/wp-json\/wp\/v2\/product\/112240\/revisions\/112241"}],"wp:featuredmedia":[{"embeddable":true,"href":"https:\/\/kidsplay.lt\/lv\/wp-json\/wp\/v2\/media\/112242"}],"wp:attachment":[{"href":"https:\/\/kidsplay.lt\/lv\/wp-json\/wp\/v2\/media?parent=112240"}],"wp:term":[{"taxonomy":"product_brand","embeddable":true,"href":"https:\/\/kidsplay.lt\/lv\/wp-json\/wp\/v2\/product_brand?post=112240"},{"taxonomy":"product_cat","embeddable":true,"href":"https:\/\/kidsplay.lt\/lv\/wp-json\/wp\/v2\/product_cat?post=112240"},{"taxonomy":"product_tag","embeddable":true,"href":"https:\/\/kidsplay.lt\/lv\/wp-json\/wp\/v2\/product_tag?post=112240"}],"curies":[{"name":"wp","href":"https:\/\/api.w.org\/{rel}","templated":true}]}}