{"id":112244,"date":"2026-04-30T13:22:27","date_gmt":"2026-04-30T10:22:27","guid":{"rendered":"https:\/\/kidsplay.lt\/produktas\/falk-vaziuojamas-jcb-fastrac-traktorius-su-priekaba-kastuvu-ir-grebliu\/"},"modified":"2026-04-30T18:29:57","modified_gmt":"2026-04-30T15:29:57","slug":"falk-vaziuojamas-jcb-fastrac-traktorius-su-priekaba-kastuvu-ir-grebliu","status":"publish","type":"product","link":"https:\/\/kidsplay.lt\/lv\/products\/falk-vaziuojamas-jcb-fastrac-traktorius-su-priekaba-kastuvu-ir-grebliu\/","title":{"rendered":"FALK va\u017eiuojamas JCB \u201eFastrac\u201c traktorius su priekaba, kastuvu ir gr\u0117bliu"},"content":{"rendered":"<p>\u017davus FALK JCB \u201eFastrac\u201c va\u017eiuojamas traktorius yra puiki pirmoji transporto priemon\u0117 j\u016bs\u0173 ma\u017eyliui, tinkama vaikams nuo 12 m\u0117nesi\u0173. \u0160is unikalus rinkinys sukurtas ir pagamintas Pranc\u016bzijoje, atsi\u017evelgiant \u012f aplink\u0105 \u2013 jis pagamintas i\u0161 ma\u017eiausiai 90 % perdirbto plastiko.<br \/>\nVa\u017eiuojamas traktorius turi vair\u0105 su garso signalu, leid\u017eiant\u012f ma\u017eajam vairuotojui manevruoti ir \u201eprane\u0161ti apie savo atvykim\u0105\u201c, tuo pa\u010diu lavinant smulki\u0105j\u0105 motorik\u0105. Did\u017eiausias \u0161io modelio privalumas \u2013 tyl\u016bs, elastomeru dengti ratai. Jie u\u017etikrina tyl\u0173 va\u017eiavim\u0105 namuose, nebrai\u017eo grind\u0173 ir suteikia ger\u0105 sukibim\u0105 bei stabilum\u0105.<br \/>\nRinkin\u012f sudaro priekaba ir \u012frankiai \u2013 kastuvas bei gr\u0117blys \u2013 kurie suteikia dar daugiau \u017eaidimo galimybi\u0173 sode ar sm\u0117lio d\u0117\u017e\u0117je.<\/p>\n<p>Funkcijas:<\/p>\n<p> \tSkirtas vaikams nuo 1 iki 3 met\u0173<br \/>\n \tTyl\u016bs ratai su elastomerine danga \u2013 tylus va\u017eiavimas ir grind\u0173 apsauga<br \/>\n \tVairas su integruotu garso signalu<br \/>\n \tEkologi\u0161kas produktas: pagamintas i\u0161 90 % perdirbto plastiko<br \/>\n \tAuk\u0161tos kokyb\u0117s gamyba: pagaminta Pranc\u016bzijoje<br \/>\n \tStabili ir saugi konstrukcija ma\u017eiems vaikams<\/p>\n<p>Komplekt\u0101 ietilpst:<\/p>\n<p> \tLicencijuotas JCB \u201eFastrac\u201c va\u017eiuojamas traktorius<br \/>\n \tNuimama priekaba<br \/>\n \tSm\u0117lio kastuvas<br \/>\n \tSm\u0117lio gr\u0117blys<\/p>","protected":false},"excerpt":{"rendered":"<p>\u017davus FALK JCB \u201eFastrac\u201c va\u017eiuojamas traktorius yra puiki pirmoji transporto priemon\u0117 j\u016bs\u0173 ma\u017eyliui, tinkama vaikams nuo 12 m\u0117nesi\u0173. \u0160is unikalus<\/p>","protected":false},"featured_media":112246,"template":"","meta":{"_acf_changed":false,"_glsr_average":0,"_glsr_ranking":0,"_glsr_reviews":0},"product_brand":[],"product_cat":[237,393],"product_tag":[],"class_list":{"0":"post-112244","1":"product","2":"type-product","3":"status-publish","4":"has-post-thumbnail","6":"product_cat-judejimo-priemones","7":"product_cat-zaisliniai-traktoriai","8":"\"style=\"background-color: #2ecc711c;\"","10":"first","11":"instock","12":"purchasable","13":"product-type-simple"},"acf":[],"yoast_head":"<!-- This site is optimized with the Yoast SEO plugin v27.5 - https:\/\/yoast.com\/product\/yoast-seo-wordpress\/ -->\n<title>FALK va\u017eiuojamas JCB \u201eFastrac\u201c traktorius su priekaba, kastuvu ir gr\u0117bliu<\/title>\n<meta name=\"description\" content=\"FALK va\u017eiuojamas JCB \u201eFastrac\u201c traktorius su priekaba, kastuvu ir gr\u0117bliu - KidsPlay. Did\u017eiausias vaik\u0173 \u017eaisl\u0173 pasirinkimas.\" \/>\n<meta name=\"robots\" content=\"index, follow, max-snippet:-1, max-image-preview:large, max-video-preview:-1\" \/>\n<link rel=\"canonical\" href=\"https:\/\/kidsplay.lt\/lv\/products\/falk-vaziuojamas-jcb-fastrac-traktorius-su-priekaba-kastuvu-ir-grebliu\/\" \/>\n<meta property=\"og:locale\" content=\"lv_LV\" \/>\n<meta property=\"og:type\" content=\"article\" \/>\n<meta property=\"og:title\" content=\"FALK va\u017eiuojamas JCB \u201eFastrac\u201c traktorius su priekaba, kastuvu ir gr\u0117bliu\" \/>\n<meta property=\"og:description\" content=\"FALK va\u017eiuojamas JCB \u201eFastrac\u201c traktorius su priekaba, kastuvu ir gr\u0117bliu - KidsPlay. Did\u017eiausias vaik\u0173 \u017eaisl\u0173 pasirinkimas.\" \/>\n<meta property=\"og:url\" content=\"https:\/\/kidsplay.lt\/lv\/products\/falk-vaziuojamas-jcb-fastrac-traktorius-su-priekaba-kastuvu-ir-grebliu\/\" \/>\n<meta property=\"og:site_name\" content=\"KidsPlay\" \/>\n<meta property=\"article:publisher\" content=\"https:\/\/www.facebook.com\/www.kidsplay.lt\" \/>\n<meta property=\"article:modified_time\" content=\"2026-04-30T15:29:57+00:00\" \/>\n<meta property=\"og:image\" content=\"https:\/\/kidsplay.lt\/wp-content\/uploads\/2026\/04\/FALK-vaziuojamas-JCB-\u201eFastrac-traktorius-su-priekaba-kastuvu-ir-grebliu.jpg\" \/>\n\t<meta property=\"og:image:width\" content=\"1000\" \/>\n\t<meta property=\"og:image:height\" content=\"1000\" \/>\n\t<meta property=\"og:image:type\" content=\"image\/jpeg\" \/>\n<meta name=\"twitter:card\" content=\"summary_large_image\" \/>\n<meta name=\"twitter:label1\" content=\"Est. reading time\" \/>\n\t<meta name=\"twitter:data1\" content=\"1 min\u016bte\" \/>\n<script type=\"application\/ld+json\" class=\"yoast-schema-graph\">{\"@context\":\"https:\\\/\\\/schema.org\",\"@graph\":[{\"@type\":\"WebPage\",\"@id\":\"https:\\\/\\\/kidsplay.lt\\\/produktas\\\/falk-vaziuojamas-jcb-fastrac-traktorius-su-priekaba-kastuvu-ir-grebliu\\\/\",\"url\":\"https:\\\/\\\/kidsplay.lt\\\/produktas\\\/falk-vaziuojamas-jcb-fastrac-traktorius-su-priekaba-kastuvu-ir-grebliu\\\/\",\"name\":\"FALK va\u017eiuojamas JCB \u201eFastrac\u201c traktorius su priekaba, kastuvu ir gr\u0117bliu\",\"isPartOf\":{\"@id\":\"https:\\\/\\\/kidsplay.lt\\\/#website\"},\"primaryImageOfPage\":{\"@id\":\"https:\\\/\\\/kidsplay.lt\\\/produktas\\\/falk-vaziuojamas-jcb-fastrac-traktorius-su-priekaba-kastuvu-ir-grebliu\\\/#primaryimage\"},\"image\":{\"@id\":\"https:\\\/\\\/kidsplay.lt\\\/produktas\\\/falk-vaziuojamas-jcb-fastrac-traktorius-su-priekaba-kastuvu-ir-grebliu\\\/#primaryimage\"},\"thumbnailUrl\":\"https:\\\/\\\/kidsplay.lt\\\/wp-content\\\/uploads\\\/2026\\\/04\\\/FALK-vaziuojamas-JCB-\u201eFastrac-traktorius-su-priekaba-kastuvu-ir-grebliu.jpg\",\"datePublished\":\"2026-04-30T10:22:27+00:00\",\"dateModified\":\"2026-04-30T15:29:57+00:00\",\"description\":\"FALK va\u017eiuojamas JCB \u201eFastrac\u201c traktorius su priekaba, kastuvu ir gr\u0117bliu - KidsPlay. Did\u017eiausias vaik\u0173 \u017eaisl\u0173 pasirinkimas.\",\"breadcrumb\":{\"@id\":\"https:\\\/\\\/kidsplay.lt\\\/produktas\\\/falk-vaziuojamas-jcb-fastrac-traktorius-su-priekaba-kastuvu-ir-grebliu\\\/#breadcrumb\"},\"inLanguage\":\"lv-LV\",\"potentialAction\":[{\"@type\":\"ReadAction\",\"target\":[\"https:\\\/\\\/kidsplay.lt\\\/produktas\\\/falk-vaziuojamas-jcb-fastrac-traktorius-su-priekaba-kastuvu-ir-grebliu\\\/\"]}]},{\"@type\":\"ImageObject\",\"inLanguage\":\"lv-LV\",\"@id\":\"https:\\\/\\\/kidsplay.lt\\\/produktas\\\/falk-vaziuojamas-jcb-fastrac-traktorius-su-priekaba-kastuvu-ir-grebliu\\\/#primaryimage\",\"url\":\"https:\\\/\\\/kidsplay.lt\\\/wp-content\\\/uploads\\\/2026\\\/04\\\/FALK-vaziuojamas-JCB-\u201eFastrac-traktorius-su-priekaba-kastuvu-ir-grebliu.jpg\",\"contentUrl\":\"https:\\\/\\\/kidsplay.lt\\\/wp-content\\\/uploads\\\/2026\\\/04\\\/FALK-vaziuojamas-JCB-\u201eFastrac-traktorius-su-priekaba-kastuvu-ir-grebliu.jpg\",\"width\":1000,\"height\":1000,\"caption\":\"FALK va\u017eiuojamas JCB \u201eFastrac\u201c traktorius su priekaba\"},{\"@type\":\"BreadcrumbList\",\"@id\":\"https:\\\/\\\/kidsplay.lt\\\/produktas\\\/falk-vaziuojamas-jcb-fastrac-traktorius-su-priekaba-kastuvu-ir-grebliu\\\/#breadcrumb\",\"itemListElement\":[{\"@type\":\"ListItem\",\"position\":1,\"name\":\"Pagrindinis\",\"item\":\"https:\\\/\\\/kidsplay.lt\\\/\"},{\"@type\":\"ListItem\",\"position\":2,\"name\":\"Parduotuv\u0117\",\"item\":\"https:\\\/\\\/kidsplay.lt\\\/parduotuve\\\/\"},{\"@type\":\"ListItem\",\"position\":3,\"name\":\"FALK va\u017eiuojamas JCB \u201eFastrac\u201c traktorius su priekaba, kastuvu ir gr\u0117bliu\"}]},{\"@type\":\"WebSite\",\"@id\":\"https:\\\/\\\/kidsplay.lt\\\/#website\",\"url\":\"https:\\\/\\\/kidsplay.lt\\\/\",\"name\":\"Kidsplay.lt\",\"description\":\"\u012evairios prek\u0117s vaikams\",\"publisher\":{\"@id\":\"https:\\\/\\\/kidsplay.lt\\\/#organization\"},\"alternateName\":\"Kidsplay\",\"potentialAction\":[{\"@type\":\"SearchAction\",\"target\":{\"@type\":\"EntryPoint\",\"urlTemplate\":\"https:\\\/\\\/kidsplay.lt\\\/?s={search_term_string}\"},\"query-input\":{\"@type\":\"PropertyValueSpecification\",\"valueRequired\":true,\"valueName\":\"search_term_string\"}}],\"inLanguage\":\"lv-LV\"},{\"@type\":\"Organization\",\"@id\":\"https:\\\/\\\/kidsplay.lt\\\/#organization\",\"name\":\"KidsPlay\",\"url\":\"https:\\\/\\\/kidsplay.lt\\\/\",\"logo\":{\"@type\":\"ImageObject\",\"inLanguage\":\"lv-LV\",\"@id\":\"https:\\\/\\\/kidsplay.lt\\\/#\\\/schema\\\/logo\\\/image\\\/\",\"url\":\"https:\\\/\\\/kidsplay.lt\\\/wp-content\\\/uploads\\\/2023\\\/07\\\/kidsplay-logo.png\",\"contentUrl\":\"https:\\\/\\\/kidsplay.lt\\\/wp-content\\\/uploads\\\/2023\\\/07\\\/kidsplay-logo.png\",\"width\":451,\"height\":98,\"caption\":\"KidsPlay\"},\"image\":{\"@id\":\"https:\\\/\\\/kidsplay.lt\\\/#\\\/schema\\\/logo\\\/image\\\/\"},\"sameAs\":[\"https:\\\/\\\/www.facebook.com\\\/www.kidsplay.lt\"]}]}<\/script>\n<!-- \/ Yoast SEO plugin. -->","yoast_head_json":{"title":"FALK va\u017eiuojamas JCB \u201eFastrac\u201c traktorius su priekaba, kastuvu ir gr\u0117bliu","description":"FALK va\u017eiuojamas JCB \u201eFastrac\u201c traktorius su priekaba, kastuvu ir gr\u0117bliu - KidsPlay. Did\u017eiausias vaik\u0173 \u017eaisl\u0173 pasirinkimas.","robots":{"index":"index","follow":"follow","max-snippet":"max-snippet:-1","max-image-preview":"max-image-preview:large","max-video-preview":"max-video-preview:-1"},"canonical":"https:\/\/kidsplay.lt\/lv\/products\/falk-vaziuojamas-jcb-fastrac-traktorius-su-priekaba-kastuvu-ir-grebliu\/","og_locale":"lv_LV","og_type":"article","og_title":"FALK va\u017eiuojamas JCB \u201eFastrac\u201c traktorius su priekaba, kastuvu ir gr\u0117bliu","og_description":"FALK va\u017eiuojamas JCB \u201eFastrac\u201c traktorius su priekaba, kastuvu ir gr\u0117bliu - KidsPlay. Did\u017eiausias vaik\u0173 \u017eaisl\u0173 pasirinkimas.","og_url":"https:\/\/kidsplay.lt\/lv\/products\/falk-vaziuojamas-jcb-fastrac-traktorius-su-priekaba-kastuvu-ir-grebliu\/","og_site_name":"KidsPlay","article_publisher":"https:\/\/www.facebook.com\/www.kidsplay.lt","article_modified_time":"2026-04-30T15:29:57+00:00","og_image":[{"width":1000,"height":1000,"url":"https:\/\/kidsplay.lt\/wp-content\/uploads\/2026\/04\/FALK-vaziuojamas-JCB-\u201eFastrac-traktorius-su-priekaba-kastuvu-ir-grebliu.jpg","type":"image\/jpeg"}],"twitter_card":"summary_large_image","twitter_misc":{"Est. reading time":"1 min\u016bte"},"schema":{"@context":"https:\/\/schema.org","@graph":[{"@type":"WebPage","@id":"https:\/\/kidsplay.lt\/produktas\/falk-vaziuojamas-jcb-fastrac-traktorius-su-priekaba-kastuvu-ir-grebliu\/","url":"https:\/\/kidsplay.lt\/produktas\/falk-vaziuojamas-jcb-fastrac-traktorius-su-priekaba-kastuvu-ir-grebliu\/","name":"FALK va\u017eiuojamas JCB \u201eFastrac\u201c traktorius su priekaba, kastuvu ir gr\u0117bliu","isPartOf":{"@id":"https:\/\/kidsplay.lt\/#website"},"primaryImageOfPage":{"@id":"https:\/\/kidsplay.lt\/produktas\/falk-vaziuojamas-jcb-fastrac-traktorius-su-priekaba-kastuvu-ir-grebliu\/#primaryimage"},"image":{"@id":"https:\/\/kidsplay.lt\/produktas\/falk-vaziuojamas-jcb-fastrac-traktorius-su-priekaba-kastuvu-ir-grebliu\/#primaryimage"},"thumbnailUrl":"https:\/\/kidsplay.lt\/wp-content\/uploads\/2026\/04\/FALK-vaziuojamas-JCB-\u201eFastrac-traktorius-su-priekaba-kastuvu-ir-grebliu.jpg","datePublished":"2026-04-30T10:22:27+00:00","dateModified":"2026-04-30T15:29:57+00:00","description":"FALK va\u017eiuojamas JCB \u201eFastrac\u201c traktorius su priekaba, kastuvu ir gr\u0117bliu - KidsPlay. Did\u017eiausias vaik\u0173 \u017eaisl\u0173 pasirinkimas.","breadcrumb":{"@id":"https:\/\/kidsplay.lt\/produktas\/falk-vaziuojamas-jcb-fastrac-traktorius-su-priekaba-kastuvu-ir-grebliu\/#breadcrumb"},"inLanguage":"lv-LV","potentialAction":[{"@type":"ReadAction","target":["https:\/\/kidsplay.lt\/produktas\/falk-vaziuojamas-jcb-fastrac-traktorius-su-priekaba-kastuvu-ir-grebliu\/"]}]},{"@type":"ImageObject","inLanguage":"lv-LV","@id":"https:\/\/kidsplay.lt\/produktas\/falk-vaziuojamas-jcb-fastrac-traktorius-su-priekaba-kastuvu-ir-grebliu\/#primaryimage","url":"https:\/\/kidsplay.lt\/wp-content\/uploads\/2026\/04\/FALK-vaziuojamas-JCB-\u201eFastrac-traktorius-su-priekaba-kastuvu-ir-grebliu.jpg","contentUrl":"https:\/\/kidsplay.lt\/wp-content\/uploads\/2026\/04\/FALK-vaziuojamas-JCB-\u201eFastrac-traktorius-su-priekaba-kastuvu-ir-grebliu.jpg","width":1000,"height":1000,"caption":"FALK va\u017eiuojamas JCB \u201eFastrac\u201c traktorius su priekaba"},{"@type":"BreadcrumbList","@id":"https:\/\/kidsplay.lt\/produktas\/falk-vaziuojamas-jcb-fastrac-traktorius-su-priekaba-kastuvu-ir-grebliu\/#breadcrumb","itemListElement":[{"@type":"ListItem","position":1,"name":"Pagrindinis","item":"https:\/\/kidsplay.lt\/"},{"@type":"ListItem","position":2,"name":"Parduotuv\u0117","item":"https:\/\/kidsplay.lt\/parduotuve\/"},{"@type":"ListItem","position":3,"name":"FALK va\u017eiuojamas JCB \u201eFastrac\u201c traktorius su priekaba, kastuvu ir gr\u0117bliu"}]},{"@type":"WebSite","@id":"https:\/\/kidsplay.lt\/#website","url":"https:\/\/kidsplay.lt\/","name":"B\u0113rnu sp\u0113les.lv","description":"\u012evairios prek\u0117s vaikams","publisher":{"@id":"https:\/\/kidsplay.lt\/#organization"},"alternateName":"Kidsplay","potentialAction":[{"@type":"SearchAction","target":{"@type":"EntryPoint","urlTemplate":"https:\/\/kidsplay.lt\/?s={search_term_string}"},"query-input":{"@type":"PropertyValueSpecification","valueRequired":true,"valueName":"search_term_string"}}],"inLanguage":"lv-LV"},{"@type":"Organization","@id":"https:\/\/kidsplay.lt\/#organization","name":"B\u0113rnu sp\u0113le","url":"https:\/\/kidsplay.lt\/","logo":{"@type":"ImageObject","inLanguage":"lv-LV","@id":"https:\/\/kidsplay.lt\/#\/schema\/logo\/image\/","url":"https:\/\/kidsplay.lt\/wp-content\/uploads\/2023\/07\/kidsplay-logo.png","contentUrl":"https:\/\/kidsplay.lt\/wp-content\/uploads\/2023\/07\/kidsplay-logo.png","width":451,"height":98,"caption":"KidsPlay"},"image":{"@id":"https:\/\/kidsplay.lt\/#\/schema\/logo\/image\/"},"sameAs":["https:\/\/www.facebook.com\/www.kidsplay.lt"]}]}},"_links":{"self":[{"href":"https:\/\/kidsplay.lt\/lv\/wp-json\/wp\/v2\/product\/112244","targetHints":{"allow":["GET"]}}],"collection":[{"href":"https:\/\/kidsplay.lt\/lv\/wp-json\/wp\/v2\/product"}],"about":[{"href":"https:\/\/kidsplay.lt\/lv\/wp-json\/wp\/v2\/types\/product"}],"version-history":[{"count":1,"href":"https:\/\/kidsplay.lt\/lv\/wp-json\/wp\/v2\/product\/112244\/revisions"}],"predecessor-version":[{"id":112245,"href":"https:\/\/kidsplay.lt\/lv\/wp-json\/wp\/v2\/product\/112244\/revisions\/112245"}],"wp:featuredmedia":[{"embeddable":true,"href":"https:\/\/kidsplay.lt\/lv\/wp-json\/wp\/v2\/media\/112246"}],"wp:attachment":[{"href":"https:\/\/kidsplay.lt\/lv\/wp-json\/wp\/v2\/media?parent=112244"}],"wp:term":[{"taxonomy":"product_brand","embeddable":true,"href":"https:\/\/kidsplay.lt\/lv\/wp-json\/wp\/v2\/product_brand?post=112244"},{"taxonomy":"product_cat","embeddable":true,"href":"https:\/\/kidsplay.lt\/lv\/wp-json\/wp\/v2\/product_cat?post=112244"},{"taxonomy":"product_tag","embeddable":true,"href":"https:\/\/kidsplay.lt\/lv\/wp-json\/wp\/v2\/product_tag?post=112244"}],"curies":[{"name":"wp","href":"https:\/\/api.w.org\/{rel}","templated":true}]}}