{"id":112254,"date":"2026-04-30T13:22:54","date_gmt":"2026-04-30T10:22:54","guid":{"rendered":"https:\/\/kidsplay.lt\/produktas\/falk-vaziuojamas-komatsu-traktorius-su-ekskavatoriumi-kausu-ir-priekaba\/"},"modified":"2026-04-30T18:29:57","modified_gmt":"2026-04-30T15:29:57","slug":"falk-vaziuojamas-komatsu-traktorius-su-ekskavatoriumi-kausu-ir-priekaba","status":"publish","type":"product","link":"https:\/\/kidsplay.lt\/lv\/products\/falk-vaziuojamas-komatsu-traktorius-su-ekskavatoriumi-kausu-ir-priekaba\/","title":{"rendered":"FALK va\u017eiuojamas \u201eKomatsu\u201c traktorius su ekskavatoriumi, kau\u0161u ir priekaba"},"content":{"rendered":"<p>\u201eKomatsu Mini Tractor\u201c i\u0161 FALK yra idealus dovanos pasirinkimas vaikams nuo 12 m\u0117nesi\u0173. \u0160is \u017eavingas, vinta\u017einio stiliaus va\u017eiuojamas traktorius turi daug funkcij\u0173, kurios prad\u017eiugins kiekvien\u0105 ma\u017eyl\u012f ir skatins jo vystym\u0105si.<br \/>\nRinkinys yra itin universalus \u2013 turi priekin\u012f kau\u0161\u0105, galin\u012f ekskavatori\u0173 ir nuimam\u0105 priekab\u0105, tod\u0117l puikiai tinka \u017eaidimams sode, papl\u016bdimyje ar sm\u0117lio d\u0117\u017e\u0117je.<br \/>\nBe pramogos, \u017eaislas padeda vaiko raidai: vairas su garso signalu ir \u201espragtel\u0117jimo\u201c tipo u\u017evedimo jungiklis skatina klausos poj\u016bt\u012f ir aktyv\u0173 \u012fsitraukim\u0105 \u012f \u017eaidim\u0105. Tai taip pat tvarus produktas \u2013 pagamintas Pranc\u016bzijoje i\u0161 ne ma\u017eiau kaip 90 % perdirbto plastiko.<\/p>\n<p>Funkcijas:<\/p>\n<p> \tSkirtas vaikams nuo 1 iki 3 met\u0173<br \/>\n \tLicencijuotas \u201eKomatsu\u201c produktas<br \/>\n \tVairuojama priekin\u0117 a\u0161is, valdoma vairu<br \/>\n \tVairas su veikian\u010diu garso signalu<br \/>\n \t\u201eSpragtel\u0117jimo\u201c tipo u\u017evedimo garsinis jungiklis<br \/>\n \tPagamintas i\u0161 auk\u0161tos kokyb\u0117s med\u017eiagos (90 % perdirbtas plastikas)<br \/>\n \tErgonomi\u0161ka s\u0117dyn\u0117 patogiam va\u017eiavimui<br \/>\n \tTvirta ir saugi konstrukcija<br \/>\n \tRa\u017eots Francij\u0101<\/p>\n<p>Komplekt\u0101 ietilpst:<\/p>\n<p> \tVa\u017eiuojamas traktorius<br \/>\n \tNuimama priekaba<br \/>\n \tJudantis priekinis kau\u0161as (krautuvas)<br \/>\n \tJudantis galinis ekskavatorius<\/p>","protected":false},"excerpt":{"rendered":"<p>\u201eKomatsu Mini Tractor\u201c i\u0161 FALK yra idealus dovanos pasirinkimas vaikams nuo 12 m\u0117nesi\u0173. \u0160is \u017eavingas, vinta\u017einio stiliaus va\u017eiuojamas traktorius turi<\/p>","protected":false},"featured_media":112256,"template":"","meta":{"_acf_changed":false,"_glsr_average":0,"_glsr_ranking":0,"_glsr_reviews":0},"product_brand":[],"product_cat":[237,393],"product_tag":[],"class_list":{"0":"post-112254","1":"product","2":"type-product","3":"status-publish","4":"has-post-thumbnail","6":"product_cat-judejimo-priemones","7":"product_cat-zaisliniai-traktoriai","8":"\"style=\"background-color: #2ecc711c;\"","10":"first","11":"instock","12":"purchasable","13":"product-type-simple"},"acf":[],"yoast_head":"<!-- This site is optimized with the Yoast SEO plugin v27.5 - https:\/\/yoast.com\/product\/yoast-seo-wordpress\/ -->\n<title>FALK va\u017eiuojamas \u201eKomatsu\u201c traktorius su ekskavatoriumi, kau\u0161u ir priekaba<\/title>\n<meta name=\"description\" content=\"FALK va\u017eiuojamas \u201eKomatsu\u201c traktorius su ekskavatoriumi, kau\u0161u ir priekaba - KidsPlay. Did\u017eiausias vaik\u0173 \u017eaisl\u0173 pasirinkimas.\" \/>\n<meta name=\"robots\" content=\"index, follow, max-snippet:-1, max-image-preview:large, max-video-preview:-1\" \/>\n<link rel=\"canonical\" href=\"https:\/\/kidsplay.lt\/lv\/products\/falk-vaziuojamas-komatsu-traktorius-su-ekskavatoriumi-kausu-ir-priekaba\/\" \/>\n<meta property=\"og:locale\" content=\"lv_LV\" \/>\n<meta property=\"og:type\" content=\"article\" \/>\n<meta property=\"og:title\" content=\"FALK va\u017eiuojamas \u201eKomatsu\u201c traktorius su ekskavatoriumi, kau\u0161u ir priekaba\" \/>\n<meta property=\"og:description\" content=\"FALK va\u017eiuojamas \u201eKomatsu\u201c traktorius su ekskavatoriumi, kau\u0161u ir priekaba - KidsPlay. Did\u017eiausias vaik\u0173 \u017eaisl\u0173 pasirinkimas.\" \/>\n<meta property=\"og:url\" content=\"https:\/\/kidsplay.lt\/lv\/products\/falk-vaziuojamas-komatsu-traktorius-su-ekskavatoriumi-kausu-ir-priekaba\/\" \/>\n<meta property=\"og:site_name\" content=\"KidsPlay\" \/>\n<meta property=\"article:publisher\" content=\"https:\/\/www.facebook.com\/www.kidsplay.lt\" \/>\n<meta property=\"article:modified_time\" content=\"2026-04-30T15:29:57+00:00\" \/>\n<meta property=\"og:image\" content=\"https:\/\/kidsplay.lt\/wp-content\/uploads\/2026\/04\/FALK-vaziuojamas-\u201eKomatsu-traktorius-su-ekskavatoriumi-kausu-ir-priekaba.jpg\" \/>\n\t<meta property=\"og:image:width\" content=\"1000\" \/>\n\t<meta property=\"og:image:height\" content=\"1000\" \/>\n\t<meta property=\"og:image:type\" content=\"image\/jpeg\" \/>\n<meta name=\"twitter:card\" content=\"summary_large_image\" \/>\n<meta name=\"twitter:label1\" content=\"Est. reading time\" \/>\n\t<meta name=\"twitter:data1\" content=\"1 min\u016bte\" \/>\n<script type=\"application\/ld+json\" class=\"yoast-schema-graph\">{\"@context\":\"https:\\\/\\\/schema.org\",\"@graph\":[{\"@type\":\"WebPage\",\"@id\":\"https:\\\/\\\/kidsplay.lt\\\/produktas\\\/falk-vaziuojamas-komatsu-traktorius-su-ekskavatoriumi-kausu-ir-priekaba\\\/\",\"url\":\"https:\\\/\\\/kidsplay.lt\\\/produktas\\\/falk-vaziuojamas-komatsu-traktorius-su-ekskavatoriumi-kausu-ir-priekaba\\\/\",\"name\":\"FALK va\u017eiuojamas \u201eKomatsu\u201c traktorius su ekskavatoriumi, kau\u0161u ir priekaba\",\"isPartOf\":{\"@id\":\"https:\\\/\\\/kidsplay.lt\\\/#website\"},\"primaryImageOfPage\":{\"@id\":\"https:\\\/\\\/kidsplay.lt\\\/produktas\\\/falk-vaziuojamas-komatsu-traktorius-su-ekskavatoriumi-kausu-ir-priekaba\\\/#primaryimage\"},\"image\":{\"@id\":\"https:\\\/\\\/kidsplay.lt\\\/produktas\\\/falk-vaziuojamas-komatsu-traktorius-su-ekskavatoriumi-kausu-ir-priekaba\\\/#primaryimage\"},\"thumbnailUrl\":\"https:\\\/\\\/kidsplay.lt\\\/wp-content\\\/uploads\\\/2026\\\/04\\\/FALK-vaziuojamas-\u201eKomatsu-traktorius-su-ekskavatoriumi-kausu-ir-priekaba.jpg\",\"datePublished\":\"2026-04-30T10:22:54+00:00\",\"dateModified\":\"2026-04-30T15:29:57+00:00\",\"description\":\"FALK va\u017eiuojamas \u201eKomatsu\u201c traktorius su ekskavatoriumi, kau\u0161u ir priekaba - KidsPlay. Did\u017eiausias vaik\u0173 \u017eaisl\u0173 pasirinkimas.\",\"breadcrumb\":{\"@id\":\"https:\\\/\\\/kidsplay.lt\\\/produktas\\\/falk-vaziuojamas-komatsu-traktorius-su-ekskavatoriumi-kausu-ir-priekaba\\\/#breadcrumb\"},\"inLanguage\":\"lv-LV\",\"potentialAction\":[{\"@type\":\"ReadAction\",\"target\":[\"https:\\\/\\\/kidsplay.lt\\\/produktas\\\/falk-vaziuojamas-komatsu-traktorius-su-ekskavatoriumi-kausu-ir-priekaba\\\/\"]}]},{\"@type\":\"ImageObject\",\"inLanguage\":\"lv-LV\",\"@id\":\"https:\\\/\\\/kidsplay.lt\\\/produktas\\\/falk-vaziuojamas-komatsu-traktorius-su-ekskavatoriumi-kausu-ir-priekaba\\\/#primaryimage\",\"url\":\"https:\\\/\\\/kidsplay.lt\\\/wp-content\\\/uploads\\\/2026\\\/04\\\/FALK-vaziuojamas-\u201eKomatsu-traktorius-su-ekskavatoriumi-kausu-ir-priekaba.jpg\",\"contentUrl\":\"https:\\\/\\\/kidsplay.lt\\\/wp-content\\\/uploads\\\/2026\\\/04\\\/FALK-vaziuojamas-\u201eKomatsu-traktorius-su-ekskavatoriumi-kausu-ir-priekaba.jpg\",\"width\":1000,\"height\":1000,\"caption\":\"FALK va\u017eiuojamas \u201eKomatsu\u201c traktorius su ekskavatoriumi\"},{\"@type\":\"BreadcrumbList\",\"@id\":\"https:\\\/\\\/kidsplay.lt\\\/produktas\\\/falk-vaziuojamas-komatsu-traktorius-su-ekskavatoriumi-kausu-ir-priekaba\\\/#breadcrumb\",\"itemListElement\":[{\"@type\":\"ListItem\",\"position\":1,\"name\":\"Pagrindinis\",\"item\":\"https:\\\/\\\/kidsplay.lt\\\/\"},{\"@type\":\"ListItem\",\"position\":2,\"name\":\"Parduotuv\u0117\",\"item\":\"https:\\\/\\\/kidsplay.lt\\\/parduotuve\\\/\"},{\"@type\":\"ListItem\",\"position\":3,\"name\":\"FALK va\u017eiuojamas \u201eKomatsu\u201c traktorius su ekskavatoriumi, kau\u0161u ir priekaba\"}]},{\"@type\":\"WebSite\",\"@id\":\"https:\\\/\\\/kidsplay.lt\\\/#website\",\"url\":\"https:\\\/\\\/kidsplay.lt\\\/\",\"name\":\"Kidsplay.lt\",\"description\":\"\u012evairios prek\u0117s vaikams\",\"publisher\":{\"@id\":\"https:\\\/\\\/kidsplay.lt\\\/#organization\"},\"alternateName\":\"Kidsplay\",\"potentialAction\":[{\"@type\":\"SearchAction\",\"target\":{\"@type\":\"EntryPoint\",\"urlTemplate\":\"https:\\\/\\\/kidsplay.lt\\\/?s={search_term_string}\"},\"query-input\":{\"@type\":\"PropertyValueSpecification\",\"valueRequired\":true,\"valueName\":\"search_term_string\"}}],\"inLanguage\":\"lv-LV\"},{\"@type\":\"Organization\",\"@id\":\"https:\\\/\\\/kidsplay.lt\\\/#organization\",\"name\":\"KidsPlay\",\"url\":\"https:\\\/\\\/kidsplay.lt\\\/\",\"logo\":{\"@type\":\"ImageObject\",\"inLanguage\":\"lv-LV\",\"@id\":\"https:\\\/\\\/kidsplay.lt\\\/#\\\/schema\\\/logo\\\/image\\\/\",\"url\":\"https:\\\/\\\/kidsplay.lt\\\/wp-content\\\/uploads\\\/2023\\\/07\\\/kidsplay-logo.png\",\"contentUrl\":\"https:\\\/\\\/kidsplay.lt\\\/wp-content\\\/uploads\\\/2023\\\/07\\\/kidsplay-logo.png\",\"width\":451,\"height\":98,\"caption\":\"KidsPlay\"},\"image\":{\"@id\":\"https:\\\/\\\/kidsplay.lt\\\/#\\\/schema\\\/logo\\\/image\\\/\"},\"sameAs\":[\"https:\\\/\\\/www.facebook.com\\\/www.kidsplay.lt\"]}]}<\/script>\n<!-- \/ Yoast SEO plugin. -->","yoast_head_json":{"title":"FALK va\u017eiuojamas \u201eKomatsu\u201c traktorius su ekskavatoriumi, kau\u0161u ir priekaba","description":"FALK va\u017eiuojamas \u201eKomatsu\u201c traktorius su ekskavatoriumi, kau\u0161u ir priekaba - KidsPlay. Did\u017eiausias vaik\u0173 \u017eaisl\u0173 pasirinkimas.","robots":{"index":"index","follow":"follow","max-snippet":"max-snippet:-1","max-image-preview":"max-image-preview:large","max-video-preview":"max-video-preview:-1"},"canonical":"https:\/\/kidsplay.lt\/lv\/products\/falk-vaziuojamas-komatsu-traktorius-su-ekskavatoriumi-kausu-ir-priekaba\/","og_locale":"lv_LV","og_type":"article","og_title":"FALK va\u017eiuojamas \u201eKomatsu\u201c traktorius su ekskavatoriumi, kau\u0161u ir priekaba","og_description":"FALK va\u017eiuojamas \u201eKomatsu\u201c traktorius su ekskavatoriumi, kau\u0161u ir priekaba - KidsPlay. Did\u017eiausias vaik\u0173 \u017eaisl\u0173 pasirinkimas.","og_url":"https:\/\/kidsplay.lt\/lv\/products\/falk-vaziuojamas-komatsu-traktorius-su-ekskavatoriumi-kausu-ir-priekaba\/","og_site_name":"KidsPlay","article_publisher":"https:\/\/www.facebook.com\/www.kidsplay.lt","article_modified_time":"2026-04-30T15:29:57+00:00","og_image":[{"width":1000,"height":1000,"url":"https:\/\/kidsplay.lt\/wp-content\/uploads\/2026\/04\/FALK-vaziuojamas-\u201eKomatsu-traktorius-su-ekskavatoriumi-kausu-ir-priekaba.jpg","type":"image\/jpeg"}],"twitter_card":"summary_large_image","twitter_misc":{"Est. reading time":"1 min\u016bte"},"schema":{"@context":"https:\/\/schema.org","@graph":[{"@type":"WebPage","@id":"https:\/\/kidsplay.lt\/produktas\/falk-vaziuojamas-komatsu-traktorius-su-ekskavatoriumi-kausu-ir-priekaba\/","url":"https:\/\/kidsplay.lt\/produktas\/falk-vaziuojamas-komatsu-traktorius-su-ekskavatoriumi-kausu-ir-priekaba\/","name":"FALK va\u017eiuojamas \u201eKomatsu\u201c traktorius su ekskavatoriumi, kau\u0161u ir priekaba","isPartOf":{"@id":"https:\/\/kidsplay.lt\/#website"},"primaryImageOfPage":{"@id":"https:\/\/kidsplay.lt\/produktas\/falk-vaziuojamas-komatsu-traktorius-su-ekskavatoriumi-kausu-ir-priekaba\/#primaryimage"},"image":{"@id":"https:\/\/kidsplay.lt\/produktas\/falk-vaziuojamas-komatsu-traktorius-su-ekskavatoriumi-kausu-ir-priekaba\/#primaryimage"},"thumbnailUrl":"https:\/\/kidsplay.lt\/wp-content\/uploads\/2026\/04\/FALK-vaziuojamas-\u201eKomatsu-traktorius-su-ekskavatoriumi-kausu-ir-priekaba.jpg","datePublished":"2026-04-30T10:22:54+00:00","dateModified":"2026-04-30T15:29:57+00:00","description":"FALK va\u017eiuojamas \u201eKomatsu\u201c traktorius su ekskavatoriumi, kau\u0161u ir priekaba - KidsPlay. Did\u017eiausias vaik\u0173 \u017eaisl\u0173 pasirinkimas.","breadcrumb":{"@id":"https:\/\/kidsplay.lt\/produktas\/falk-vaziuojamas-komatsu-traktorius-su-ekskavatoriumi-kausu-ir-priekaba\/#breadcrumb"},"inLanguage":"lv-LV","potentialAction":[{"@type":"ReadAction","target":["https:\/\/kidsplay.lt\/produktas\/falk-vaziuojamas-komatsu-traktorius-su-ekskavatoriumi-kausu-ir-priekaba\/"]}]},{"@type":"ImageObject","inLanguage":"lv-LV","@id":"https:\/\/kidsplay.lt\/produktas\/falk-vaziuojamas-komatsu-traktorius-su-ekskavatoriumi-kausu-ir-priekaba\/#primaryimage","url":"https:\/\/kidsplay.lt\/wp-content\/uploads\/2026\/04\/FALK-vaziuojamas-\u201eKomatsu-traktorius-su-ekskavatoriumi-kausu-ir-priekaba.jpg","contentUrl":"https:\/\/kidsplay.lt\/wp-content\/uploads\/2026\/04\/FALK-vaziuojamas-\u201eKomatsu-traktorius-su-ekskavatoriumi-kausu-ir-priekaba.jpg","width":1000,"height":1000,"caption":"FALK va\u017eiuojamas \u201eKomatsu\u201c traktorius su ekskavatoriumi"},{"@type":"BreadcrumbList","@id":"https:\/\/kidsplay.lt\/produktas\/falk-vaziuojamas-komatsu-traktorius-su-ekskavatoriumi-kausu-ir-priekaba\/#breadcrumb","itemListElement":[{"@type":"ListItem","position":1,"name":"Pagrindinis","item":"https:\/\/kidsplay.lt\/"},{"@type":"ListItem","position":2,"name":"Parduotuv\u0117","item":"https:\/\/kidsplay.lt\/parduotuve\/"},{"@type":"ListItem","position":3,"name":"FALK va\u017eiuojamas \u201eKomatsu\u201c traktorius su ekskavatoriumi, kau\u0161u ir priekaba"}]},{"@type":"WebSite","@id":"https:\/\/kidsplay.lt\/#website","url":"https:\/\/kidsplay.lt\/","name":"B\u0113rnu sp\u0113les.lv","description":"\u012evairios prek\u0117s vaikams","publisher":{"@id":"https:\/\/kidsplay.lt\/#organization"},"alternateName":"Kidsplay","potentialAction":[{"@type":"SearchAction","target":{"@type":"EntryPoint","urlTemplate":"https:\/\/kidsplay.lt\/?s={search_term_string}"},"query-input":{"@type":"PropertyValueSpecification","valueRequired":true,"valueName":"search_term_string"}}],"inLanguage":"lv-LV"},{"@type":"Organization","@id":"https:\/\/kidsplay.lt\/#organization","name":"B\u0113rnu sp\u0113le","url":"https:\/\/kidsplay.lt\/","logo":{"@type":"ImageObject","inLanguage":"lv-LV","@id":"https:\/\/kidsplay.lt\/#\/schema\/logo\/image\/","url":"https:\/\/kidsplay.lt\/wp-content\/uploads\/2023\/07\/kidsplay-logo.png","contentUrl":"https:\/\/kidsplay.lt\/wp-content\/uploads\/2023\/07\/kidsplay-logo.png","width":451,"height":98,"caption":"KidsPlay"},"image":{"@id":"https:\/\/kidsplay.lt\/#\/schema\/logo\/image\/"},"sameAs":["https:\/\/www.facebook.com\/www.kidsplay.lt"]}]}},"_links":{"self":[{"href":"https:\/\/kidsplay.lt\/lv\/wp-json\/wp\/v2\/product\/112254","targetHints":{"allow":["GET"]}}],"collection":[{"href":"https:\/\/kidsplay.lt\/lv\/wp-json\/wp\/v2\/product"}],"about":[{"href":"https:\/\/kidsplay.lt\/lv\/wp-json\/wp\/v2\/types\/product"}],"version-history":[{"count":1,"href":"https:\/\/kidsplay.lt\/lv\/wp-json\/wp\/v2\/product\/112254\/revisions"}],"predecessor-version":[{"id":112255,"href":"https:\/\/kidsplay.lt\/lv\/wp-json\/wp\/v2\/product\/112254\/revisions\/112255"}],"wp:featuredmedia":[{"embeddable":true,"href":"https:\/\/kidsplay.lt\/lv\/wp-json\/wp\/v2\/media\/112256"}],"wp:attachment":[{"href":"https:\/\/kidsplay.lt\/lv\/wp-json\/wp\/v2\/media?parent=112254"}],"wp:term":[{"taxonomy":"product_brand","embeddable":true,"href":"https:\/\/kidsplay.lt\/lv\/wp-json\/wp\/v2\/product_brand?post=112254"},{"taxonomy":"product_cat","embeddable":true,"href":"https:\/\/kidsplay.lt\/lv\/wp-json\/wp\/v2\/product_cat?post=112254"},{"taxonomy":"product_tag","embeddable":true,"href":"https:\/\/kidsplay.lt\/lv\/wp-json\/wp\/v2\/product_tag?post=112254"}],"curies":[{"name":"wp","href":"https:\/\/api.w.org\/{rel}","templated":true}]}}