{"id":112261,"date":"2026-04-30T13:23:16","date_gmt":"2026-04-30T10:23:16","guid":{"rendered":"https:\/\/kidsplay.lt\/produktas\/falk-baby-claas-vaziuojamas-traktorius-su-ekskavatoriumi-kausu-ir-priekaba\/"},"modified":"2026-04-30T18:29:57","modified_gmt":"2026-04-30T15:29:57","slug":"falk-baby-claas-vaziuojamas-traktorius-su-ekskavatoriumi-kausu-ir-priekaba","status":"publish","type":"product","link":"https:\/\/kidsplay.lt\/lv\/products\/falk-baby-claas-vaziuojamas-traktorius-su-ekskavatoriumi-kausu-ir-priekaba\/","title":{"rendered":"FALK \u201eBaby Claas\u201c va\u017eiuojamas traktorius su ekskavatoriumi, kau\u0161u ir priekaba"},"content":{"rendered":"<p>FALK va\u017eiuojamas \u201eClaas\u201c traktorius su ekskavatoriumi ir priekaba yra universalus \u017eaislas patiems ma\u017eiausiems \u201estatybininkams\u201c. Tai licencijuota \u201eClaas Arion 470\u201c traktoriaus kopija, sukurta specialiai vaikams, kurie dar tik pradeda vaik\u0161\u010dioti ir tyrin\u0117ti aplink\u0105.<br \/>\n\u0160is modelis ekologi\u0161kai pagamintas Pranc\u016bzijoje i\u0161 90 % perdirbto plastiko, tod\u0117l yra tvirtas ir saugus naudoti.<br \/>\nVa\u017eiuoklis turi priekin\u012f kau\u0161\u0105, galin\u012f ekskavatori\u0173 ir priekab\u0105, tod\u0117l vaikas gali sukurti begal\u0119 \u017eaidimo scenarij\u0173 tiek namuose, tiek lauke. Vairas su signalu leid\u017eia \u201eprane\u0161ti apie savo atvykim\u0105\u201c, o tvirti ratai u\u017etikrina stabilum\u0105.<\/p>\n<p>Funkcijas:<\/p>\n<p> \tSkirtas vaikams nuo 1 met\u0173<br \/>\n \tMaksimali apkrova iki 25 kg<br \/>\n \t100 % pagamintas Pranc\u016bzijoje<br \/>\n \tPagamintas i\u0161 90 % perdirbto plastiko (\u201eEco\u201c serija)<br \/>\n \tPilnai funkcionalus, judantis priekinis kau\u0161as<br \/>\n \tGalinis ekskavatorius (svirtis) sm\u0117liui kasti<br \/>\n \tVairas su integruotu garso signalu<br \/>\n \tTvirti, patvar\u016bs ratai stabiliai eigai<br \/>\n \tErgonomi\u0161ka s\u0117dyn\u0117 pritaikyta ma\u017eiems vaikams<\/p>\n<p>Komplekt\u0101 ietilpst:<\/p>\n<p> \tLicencijuotas va\u017eiuojamas \u201eClaas\u201c traktorius<br \/>\n \tNuimama priekaba<br \/>\n \tJudantis priekinis kau\u0161as<br \/>\n \tJudantis ekskavatoriaus mechanizmas<br \/>\n \tVairas su garso signalu<\/p>","protected":false},"excerpt":{"rendered":"<p>FALK va\u017eiuojamas \u201eClaas\u201c traktorius su ekskavatoriumi ir priekaba yra universalus \u017eaislas patiems ma\u017eiausiems \u201estatybininkams\u201c. Tai licencijuota \u201eClaas Arion 470\u201c traktoriaus<\/p>","protected":false},"featured_media":112263,"template":"","meta":{"_acf_changed":false,"_glsr_average":0,"_glsr_ranking":0,"_glsr_reviews":0},"product_brand":[],"product_cat":[237,393],"product_tag":[],"class_list":{"0":"post-112261","1":"product","2":"type-product","3":"status-publish","4":"has-post-thumbnail","6":"product_cat-judejimo-priemones","7":"product_cat-zaisliniai-traktoriai","8":"\"style=\"background-color: #2ecc711c;\"","10":"first","11":"instock","12":"purchasable","13":"product-type-simple"},"acf":[],"yoast_head":"<!-- This site is optimized with the Yoast SEO plugin v27.5 - https:\/\/yoast.com\/product\/yoast-seo-wordpress\/ -->\n<title>FALK \u201eBaby Claas\u201c va\u017eiuojamas traktorius su ekskavatoriumi, kau\u0161u ir priekaba<\/title>\n<meta name=\"description\" content=\"FALK \u201eBaby Claas\u201c va\u017eiuojamas traktorius su ekskavatoriumi, kau\u0161u ir priekaba - KidsPlay. Did\u017eiausias vaik\u0173 \u017eaisl\u0173 pasirinkimas.\" \/>\n<meta name=\"robots\" content=\"index, follow, max-snippet:-1, max-image-preview:large, max-video-preview:-1\" \/>\n<link rel=\"canonical\" href=\"https:\/\/kidsplay.lt\/lv\/products\/falk-baby-claas-vaziuojamas-traktorius-su-ekskavatoriumi-kausu-ir-priekaba\/\" \/>\n<meta property=\"og:locale\" content=\"lv_LV\" \/>\n<meta property=\"og:type\" content=\"article\" \/>\n<meta property=\"og:title\" content=\"FALK \u201eBaby Claas\u201c va\u017eiuojamas traktorius su ekskavatoriumi, kau\u0161u ir priekaba\" \/>\n<meta property=\"og:description\" content=\"FALK \u201eBaby Claas\u201c va\u017eiuojamas traktorius su ekskavatoriumi, kau\u0161u ir priekaba - KidsPlay. Did\u017eiausias vaik\u0173 \u017eaisl\u0173 pasirinkimas.\" \/>\n<meta property=\"og:url\" content=\"https:\/\/kidsplay.lt\/lv\/products\/falk-baby-claas-vaziuojamas-traktorius-su-ekskavatoriumi-kausu-ir-priekaba\/\" \/>\n<meta property=\"og:site_name\" content=\"KidsPlay\" \/>\n<meta property=\"article:publisher\" content=\"https:\/\/www.facebook.com\/www.kidsplay.lt\" \/>\n<meta property=\"article:modified_time\" content=\"2026-04-30T15:29:57+00:00\" \/>\n<meta property=\"og:image\" content=\"https:\/\/kidsplay.lt\/wp-content\/uploads\/2026\/04\/FALK-\u201eBaby-Claas-vaziuojamas-traktorius-su-ekskavatoriumi-kausu-ir-priekaba.jpg\" \/>\n\t<meta property=\"og:image:width\" content=\"928\" \/>\n\t<meta property=\"og:image:height\" content=\"928\" \/>\n\t<meta property=\"og:image:type\" content=\"image\/jpeg\" \/>\n<meta name=\"twitter:card\" content=\"summary_large_image\" \/>\n<meta name=\"twitter:label1\" content=\"Est. reading time\" \/>\n\t<meta name=\"twitter:data1\" content=\"1 min\u016bte\" \/>\n<script type=\"application\/ld+json\" class=\"yoast-schema-graph\">{\"@context\":\"https:\\\/\\\/schema.org\",\"@graph\":[{\"@type\":\"WebPage\",\"@id\":\"https:\\\/\\\/kidsplay.lt\\\/produktas\\\/falk-baby-claas-vaziuojamas-traktorius-su-ekskavatoriumi-kausu-ir-priekaba\\\/\",\"url\":\"https:\\\/\\\/kidsplay.lt\\\/produktas\\\/falk-baby-claas-vaziuojamas-traktorius-su-ekskavatoriumi-kausu-ir-priekaba\\\/\",\"name\":\"FALK \u201eBaby Claas\u201c va\u017eiuojamas traktorius su ekskavatoriumi, kau\u0161u ir priekaba\",\"isPartOf\":{\"@id\":\"https:\\\/\\\/kidsplay.lt\\\/#website\"},\"primaryImageOfPage\":{\"@id\":\"https:\\\/\\\/kidsplay.lt\\\/produktas\\\/falk-baby-claas-vaziuojamas-traktorius-su-ekskavatoriumi-kausu-ir-priekaba\\\/#primaryimage\"},\"image\":{\"@id\":\"https:\\\/\\\/kidsplay.lt\\\/produktas\\\/falk-baby-claas-vaziuojamas-traktorius-su-ekskavatoriumi-kausu-ir-priekaba\\\/#primaryimage\"},\"thumbnailUrl\":\"https:\\\/\\\/kidsplay.lt\\\/wp-content\\\/uploads\\\/2026\\\/04\\\/FALK-\u201eBaby-Claas-vaziuojamas-traktorius-su-ekskavatoriumi-kausu-ir-priekaba.jpg\",\"datePublished\":\"2026-04-30T10:23:16+00:00\",\"dateModified\":\"2026-04-30T15:29:57+00:00\",\"description\":\"FALK \u201eBaby Claas\u201c va\u017eiuojamas traktorius su ekskavatoriumi, kau\u0161u ir priekaba - KidsPlay. Did\u017eiausias vaik\u0173 \u017eaisl\u0173 pasirinkimas.\",\"breadcrumb\":{\"@id\":\"https:\\\/\\\/kidsplay.lt\\\/produktas\\\/falk-baby-claas-vaziuojamas-traktorius-su-ekskavatoriumi-kausu-ir-priekaba\\\/#breadcrumb\"},\"inLanguage\":\"lv-LV\",\"potentialAction\":[{\"@type\":\"ReadAction\",\"target\":[\"https:\\\/\\\/kidsplay.lt\\\/produktas\\\/falk-baby-claas-vaziuojamas-traktorius-su-ekskavatoriumi-kausu-ir-priekaba\\\/\"]}]},{\"@type\":\"ImageObject\",\"inLanguage\":\"lv-LV\",\"@id\":\"https:\\\/\\\/kidsplay.lt\\\/produktas\\\/falk-baby-claas-vaziuojamas-traktorius-su-ekskavatoriumi-kausu-ir-priekaba\\\/#primaryimage\",\"url\":\"https:\\\/\\\/kidsplay.lt\\\/wp-content\\\/uploads\\\/2026\\\/04\\\/FALK-\u201eBaby-Claas-vaziuojamas-traktorius-su-ekskavatoriumi-kausu-ir-priekaba.jpg\",\"contentUrl\":\"https:\\\/\\\/kidsplay.lt\\\/wp-content\\\/uploads\\\/2026\\\/04\\\/FALK-\u201eBaby-Claas-vaziuojamas-traktorius-su-ekskavatoriumi-kausu-ir-priekaba.jpg\",\"width\":928,\"height\":928,\"caption\":\"FALK \u201eBaby Claas\u201c va\u017eiuojamas traktorius su ekskavatoriumi\"},{\"@type\":\"BreadcrumbList\",\"@id\":\"https:\\\/\\\/kidsplay.lt\\\/produktas\\\/falk-baby-claas-vaziuojamas-traktorius-su-ekskavatoriumi-kausu-ir-priekaba\\\/#breadcrumb\",\"itemListElement\":[{\"@type\":\"ListItem\",\"position\":1,\"name\":\"Pagrindinis\",\"item\":\"https:\\\/\\\/kidsplay.lt\\\/\"},{\"@type\":\"ListItem\",\"position\":2,\"name\":\"Parduotuv\u0117\",\"item\":\"https:\\\/\\\/kidsplay.lt\\\/parduotuve\\\/\"},{\"@type\":\"ListItem\",\"position\":3,\"name\":\"FALK \u201eBaby Claas\u201c va\u017eiuojamas traktorius su ekskavatoriumi, kau\u0161u ir priekaba\"}]},{\"@type\":\"WebSite\",\"@id\":\"https:\\\/\\\/kidsplay.lt\\\/#website\",\"url\":\"https:\\\/\\\/kidsplay.lt\\\/\",\"name\":\"Kidsplay.lt\",\"description\":\"\u012evairios prek\u0117s vaikams\",\"publisher\":{\"@id\":\"https:\\\/\\\/kidsplay.lt\\\/#organization\"},\"alternateName\":\"Kidsplay\",\"potentialAction\":[{\"@type\":\"SearchAction\",\"target\":{\"@type\":\"EntryPoint\",\"urlTemplate\":\"https:\\\/\\\/kidsplay.lt\\\/?s={search_term_string}\"},\"query-input\":{\"@type\":\"PropertyValueSpecification\",\"valueRequired\":true,\"valueName\":\"search_term_string\"}}],\"inLanguage\":\"lv-LV\"},{\"@type\":\"Organization\",\"@id\":\"https:\\\/\\\/kidsplay.lt\\\/#organization\",\"name\":\"KidsPlay\",\"url\":\"https:\\\/\\\/kidsplay.lt\\\/\",\"logo\":{\"@type\":\"ImageObject\",\"inLanguage\":\"lv-LV\",\"@id\":\"https:\\\/\\\/kidsplay.lt\\\/#\\\/schema\\\/logo\\\/image\\\/\",\"url\":\"https:\\\/\\\/kidsplay.lt\\\/wp-content\\\/uploads\\\/2023\\\/07\\\/kidsplay-logo.png\",\"contentUrl\":\"https:\\\/\\\/kidsplay.lt\\\/wp-content\\\/uploads\\\/2023\\\/07\\\/kidsplay-logo.png\",\"width\":451,\"height\":98,\"caption\":\"KidsPlay\"},\"image\":{\"@id\":\"https:\\\/\\\/kidsplay.lt\\\/#\\\/schema\\\/logo\\\/image\\\/\"},\"sameAs\":[\"https:\\\/\\\/www.facebook.com\\\/www.kidsplay.lt\"]}]}<\/script>\n<!-- \/ Yoast SEO plugin. -->","yoast_head_json":{"title":"FALK \u201eBaby Claas\u201c va\u017eiuojamas traktorius su ekskavatoriumi, kau\u0161u ir priekaba","description":"FALK \u201eBaby Claas\u201c va\u017eiuojamas traktorius su ekskavatoriumi, kau\u0161u ir priekaba - KidsPlay. Did\u017eiausias vaik\u0173 \u017eaisl\u0173 pasirinkimas.","robots":{"index":"index","follow":"follow","max-snippet":"max-snippet:-1","max-image-preview":"max-image-preview:large","max-video-preview":"max-video-preview:-1"},"canonical":"https:\/\/kidsplay.lt\/lv\/products\/falk-baby-claas-vaziuojamas-traktorius-su-ekskavatoriumi-kausu-ir-priekaba\/","og_locale":"lv_LV","og_type":"article","og_title":"FALK \u201eBaby Claas\u201c va\u017eiuojamas traktorius su ekskavatoriumi, kau\u0161u ir priekaba","og_description":"FALK \u201eBaby Claas\u201c va\u017eiuojamas traktorius su ekskavatoriumi, kau\u0161u ir priekaba - KidsPlay. Did\u017eiausias vaik\u0173 \u017eaisl\u0173 pasirinkimas.","og_url":"https:\/\/kidsplay.lt\/lv\/products\/falk-baby-claas-vaziuojamas-traktorius-su-ekskavatoriumi-kausu-ir-priekaba\/","og_site_name":"KidsPlay","article_publisher":"https:\/\/www.facebook.com\/www.kidsplay.lt","article_modified_time":"2026-04-30T15:29:57+00:00","og_image":[{"width":928,"height":928,"url":"https:\/\/kidsplay.lt\/wp-content\/uploads\/2026\/04\/FALK-\u201eBaby-Claas-vaziuojamas-traktorius-su-ekskavatoriumi-kausu-ir-priekaba.jpg","type":"image\/jpeg"}],"twitter_card":"summary_large_image","twitter_misc":{"Est. reading time":"1 min\u016bte"},"schema":{"@context":"https:\/\/schema.org","@graph":[{"@type":"WebPage","@id":"https:\/\/kidsplay.lt\/produktas\/falk-baby-claas-vaziuojamas-traktorius-su-ekskavatoriumi-kausu-ir-priekaba\/","url":"https:\/\/kidsplay.lt\/produktas\/falk-baby-claas-vaziuojamas-traktorius-su-ekskavatoriumi-kausu-ir-priekaba\/","name":"FALK \u201eBaby Claas\u201c va\u017eiuojamas traktorius su ekskavatoriumi, kau\u0161u ir priekaba","isPartOf":{"@id":"https:\/\/kidsplay.lt\/#website"},"primaryImageOfPage":{"@id":"https:\/\/kidsplay.lt\/produktas\/falk-baby-claas-vaziuojamas-traktorius-su-ekskavatoriumi-kausu-ir-priekaba\/#primaryimage"},"image":{"@id":"https:\/\/kidsplay.lt\/produktas\/falk-baby-claas-vaziuojamas-traktorius-su-ekskavatoriumi-kausu-ir-priekaba\/#primaryimage"},"thumbnailUrl":"https:\/\/kidsplay.lt\/wp-content\/uploads\/2026\/04\/FALK-\u201eBaby-Claas-vaziuojamas-traktorius-su-ekskavatoriumi-kausu-ir-priekaba.jpg","datePublished":"2026-04-30T10:23:16+00:00","dateModified":"2026-04-30T15:29:57+00:00","description":"FALK \u201eBaby Claas\u201c va\u017eiuojamas traktorius su ekskavatoriumi, kau\u0161u ir priekaba - KidsPlay. Did\u017eiausias vaik\u0173 \u017eaisl\u0173 pasirinkimas.","breadcrumb":{"@id":"https:\/\/kidsplay.lt\/produktas\/falk-baby-claas-vaziuojamas-traktorius-su-ekskavatoriumi-kausu-ir-priekaba\/#breadcrumb"},"inLanguage":"lv-LV","potentialAction":[{"@type":"ReadAction","target":["https:\/\/kidsplay.lt\/produktas\/falk-baby-claas-vaziuojamas-traktorius-su-ekskavatoriumi-kausu-ir-priekaba\/"]}]},{"@type":"ImageObject","inLanguage":"lv-LV","@id":"https:\/\/kidsplay.lt\/produktas\/falk-baby-claas-vaziuojamas-traktorius-su-ekskavatoriumi-kausu-ir-priekaba\/#primaryimage","url":"https:\/\/kidsplay.lt\/wp-content\/uploads\/2026\/04\/FALK-\u201eBaby-Claas-vaziuojamas-traktorius-su-ekskavatoriumi-kausu-ir-priekaba.jpg","contentUrl":"https:\/\/kidsplay.lt\/wp-content\/uploads\/2026\/04\/FALK-\u201eBaby-Claas-vaziuojamas-traktorius-su-ekskavatoriumi-kausu-ir-priekaba.jpg","width":928,"height":928,"caption":"FALK \u201eBaby Claas\u201c va\u017eiuojamas traktorius su ekskavatoriumi"},{"@type":"BreadcrumbList","@id":"https:\/\/kidsplay.lt\/produktas\/falk-baby-claas-vaziuojamas-traktorius-su-ekskavatoriumi-kausu-ir-priekaba\/#breadcrumb","itemListElement":[{"@type":"ListItem","position":1,"name":"Pagrindinis","item":"https:\/\/kidsplay.lt\/"},{"@type":"ListItem","position":2,"name":"Parduotuv\u0117","item":"https:\/\/kidsplay.lt\/parduotuve\/"},{"@type":"ListItem","position":3,"name":"FALK \u201eBaby Claas\u201c va\u017eiuojamas traktorius su ekskavatoriumi, kau\u0161u ir priekaba"}]},{"@type":"WebSite","@id":"https:\/\/kidsplay.lt\/#website","url":"https:\/\/kidsplay.lt\/","name":"B\u0113rnu sp\u0113les.lv","description":"\u012evairios prek\u0117s vaikams","publisher":{"@id":"https:\/\/kidsplay.lt\/#organization"},"alternateName":"Kidsplay","potentialAction":[{"@type":"SearchAction","target":{"@type":"EntryPoint","urlTemplate":"https:\/\/kidsplay.lt\/?s={search_term_string}"},"query-input":{"@type":"PropertyValueSpecification","valueRequired":true,"valueName":"search_term_string"}}],"inLanguage":"lv-LV"},{"@type":"Organization","@id":"https:\/\/kidsplay.lt\/#organization","name":"B\u0113rnu sp\u0113le","url":"https:\/\/kidsplay.lt\/","logo":{"@type":"ImageObject","inLanguage":"lv-LV","@id":"https:\/\/kidsplay.lt\/#\/schema\/logo\/image\/","url":"https:\/\/kidsplay.lt\/wp-content\/uploads\/2023\/07\/kidsplay-logo.png","contentUrl":"https:\/\/kidsplay.lt\/wp-content\/uploads\/2023\/07\/kidsplay-logo.png","width":451,"height":98,"caption":"KidsPlay"},"image":{"@id":"https:\/\/kidsplay.lt\/#\/schema\/logo\/image\/"},"sameAs":["https:\/\/www.facebook.com\/www.kidsplay.lt"]}]}},"_links":{"self":[{"href":"https:\/\/kidsplay.lt\/lv\/wp-json\/wp\/v2\/product\/112261","targetHints":{"allow":["GET"]}}],"collection":[{"href":"https:\/\/kidsplay.lt\/lv\/wp-json\/wp\/v2\/product"}],"about":[{"href":"https:\/\/kidsplay.lt\/lv\/wp-json\/wp\/v2\/types\/product"}],"version-history":[{"count":1,"href":"https:\/\/kidsplay.lt\/lv\/wp-json\/wp\/v2\/product\/112261\/revisions"}],"predecessor-version":[{"id":112262,"href":"https:\/\/kidsplay.lt\/lv\/wp-json\/wp\/v2\/product\/112261\/revisions\/112262"}],"wp:featuredmedia":[{"embeddable":true,"href":"https:\/\/kidsplay.lt\/lv\/wp-json\/wp\/v2\/media\/112263"}],"wp:attachment":[{"href":"https:\/\/kidsplay.lt\/lv\/wp-json\/wp\/v2\/media?parent=112261"}],"wp:term":[{"taxonomy":"product_brand","embeddable":true,"href":"https:\/\/kidsplay.lt\/lv\/wp-json\/wp\/v2\/product_brand?post=112261"},{"taxonomy":"product_cat","embeddable":true,"href":"https:\/\/kidsplay.lt\/lv\/wp-json\/wp\/v2\/product_cat?post=112261"},{"taxonomy":"product_tag","embeddable":true,"href":"https:\/\/kidsplay.lt\/lv\/wp-json\/wp\/v2\/product_tag?post=112261"}],"curies":[{"name":"wp","href":"https:\/\/api.w.org\/{rel}","templated":true}]}}