{"id":112268,"date":"2026-04-30T13:23:24","date_gmt":"2026-04-30T10:23:24","guid":{"rendered":"https:\/\/kidsplay.lt\/produktas\/feber-interaktyvus-supamas-arkliukas-2-in-1-vaziuojamas-stumdukas\/"},"modified":"2026-04-30T18:29:58","modified_gmt":"2026-04-30T15:29:58","slug":"feber-interaktyvus-supamas-arkliukas-2-in-1-vaziuojamas-stumdukas","status":"publish","type":"product","link":"https:\/\/kidsplay.lt\/lv\/products\/feber-interaktyvus-supamas-arkliukas-2-in-1-vaziuojamas-stumdukas\/","title":{"rendered":"FEBER interaktyvus supamas arkliukas 2-in-1 \u2013 va\u017eiuojamas stumdukas"},"content":{"rendered":"<p>Interaktyvus 2-in-1 supamas arkliukas i\u0161 gerai \u017einomo Ispanijos prek\u0117s \u017eenklo FEBER yra daugiafunkcis \u017eaislas, kuris suteiks j\u016bs\u0173 ma\u017eyliui daugyb\u0119 d\u017eiaugsmo ir prisid\u0117s prie jo fizinio vystymosi. \u0160is \u017eavus arkliukas sujungia klasikinio supamo arkliuko ir stabilaus va\u017eiuojamo stumduko funkcijas, tod\u0117l \u201eauga\u201c kartu su vaiku ir prisitaiko prie jo poreiki\u0173.<br \/>\n\u012erengtas garso efektais, jis pakelia \u017eaidim\u0105 \u012f visi\u0161kai nauj\u0105 lyg\u012f, stimuliuodamas vaiko poj\u016b\u010dius ir vaizduot\u0119. Tvirta konstrukcija su pla\u010diu pagrindu ir dideliais ratais u\u017etikrina saugum\u0105 tiek \u017eaid\u017eiant namuose, tiek lauke.<\/p>\n<p>Funkcijas:<\/p>\n<p> \tSkirtas vaikams nuo 12 m\u0117nesi\u0173<br \/>\n \t2-in-1 \u017eaislas: supamas arkliukas ir va\u017eiuojamas stumdukas<br \/>\n \tLengvas ir greitas transformavimas nuimant supimo pagrind\u0105<br \/>\n \tGarso efektai, kurie dar labiau sudomina \u017eaidim\u0105<br \/>\n \tSaugus ir stabilus dizainas su pla\u010diu pagrindu<br \/>\n \tDideli ratai u\u017etikrina stabilum\u0105 va\u017eiuojant<br \/>\n \tPatogios, ergonomi\u0161kos rankenos pritaikytos ma\u017eoms rankoms<br \/>\n \tPagamintas i\u0161 patvarios ir oro s\u0105lygoms atsparios med\u017eiagos<\/p>\n<p>Komplekt\u0101 ietilpst:<\/p>\n<p> \tInteraktyvus rudas arkliukas<br \/>\n \tNuimamas supimo pagrindas<br \/>\n \tIntegruoti stabil\u016bs ratai<br \/>\n \t\u012emontuotas garso modulis<\/p>","protected":false},"excerpt":{"rendered":"<p>Interaktyvus 2-in-1 supamas arkliukas i\u0161 gerai \u017einomo Ispanijos prek\u0117s \u017eenklo FEBER yra daugiafunkcis \u017eaislas, kuris suteiks j\u016bs\u0173 ma\u017eyliui daugyb\u0119 d\u017eiaugsmo<\/p>","protected":false},"featured_media":112270,"template":"","meta":{"_acf_changed":false,"_glsr_average":0,"_glsr_ranking":0,"_glsr_reviews":0},"product_brand":[],"product_cat":[237,238],"product_tag":[],"class_list":{"0":"post-112268","1":"product","2":"type-product","3":"status-publish","4":"has-post-thumbnail","6":"product_cat-judejimo-priemones","7":"product_cat-stumdomos-masineles","8":"\"style=\"background-color: #2ecc711c;\"","10":"first","11":"instock","12":"purchasable","13":"product-type-simple"},"acf":[],"yoast_head":"<!-- This site is optimized with the Yoast SEO plugin v27.5 - https:\/\/yoast.com\/product\/yoast-seo-wordpress\/ -->\n<title>FEBER interaktyvus supamas arkliukas 2-in-1 \u2013 va\u017eiuojamas stumdukas<\/title>\n<meta name=\"description\" content=\"FEBER interaktyvus supamas arkliukas 2-in-1 \u2013 va\u017eiuojamas stumdukas - KidsPlay. Did\u017eiausias vaik\u0173 \u017eaisl\u0173 pasirinkimas.\" \/>\n<meta name=\"robots\" content=\"index, follow, max-snippet:-1, max-image-preview:large, max-video-preview:-1\" \/>\n<link rel=\"canonical\" href=\"https:\/\/kidsplay.lt\/lv\/products\/feber-interaktyvus-supamas-arkliukas-2-in-1-vaziuojamas-stumdukas\/\" \/>\n<meta property=\"og:locale\" content=\"lv_LV\" \/>\n<meta property=\"og:type\" content=\"article\" \/>\n<meta property=\"og:title\" content=\"FEBER interaktyvus supamas arkliukas 2-in-1 \u2013 va\u017eiuojamas stumdukas\" \/>\n<meta property=\"og:description\" content=\"FEBER interaktyvus supamas arkliukas 2-in-1 \u2013 va\u017eiuojamas stumdukas - KidsPlay. Did\u017eiausias vaik\u0173 \u017eaisl\u0173 pasirinkimas.\" \/>\n<meta property=\"og:url\" content=\"https:\/\/kidsplay.lt\/lv\/products\/feber-interaktyvus-supamas-arkliukas-2-in-1-vaziuojamas-stumdukas\/\" \/>\n<meta property=\"og:site_name\" content=\"KidsPlay\" \/>\n<meta property=\"article:publisher\" content=\"https:\/\/www.facebook.com\/www.kidsplay.lt\" \/>\n<meta property=\"article:modified_time\" content=\"2026-04-30T15:29:58+00:00\" \/>\n<meta property=\"og:image\" content=\"https:\/\/kidsplay.lt\/wp-content\/uploads\/2026\/04\/FEBER-interaktyvus-supamas-arkliukas-2-in-1-\u2013-vaziuojamas-stumdukas.jpg\" \/>\n\t<meta property=\"og:image:width\" content=\"1000\" \/>\n\t<meta property=\"og:image:height\" content=\"1000\" \/>\n\t<meta property=\"og:image:type\" content=\"image\/jpeg\" \/>\n<meta name=\"twitter:card\" content=\"summary_large_image\" \/>\n<meta name=\"twitter:label1\" content=\"Est. reading time\" \/>\n\t<meta name=\"twitter:data1\" content=\"1 min\u016bte\" \/>\n<script type=\"application\/ld+json\" class=\"yoast-schema-graph\">{\"@context\":\"https:\\\/\\\/schema.org\",\"@graph\":[{\"@type\":\"WebPage\",\"@id\":\"https:\\\/\\\/kidsplay.lt\\\/produktas\\\/feber-interaktyvus-supamas-arkliukas-2-in-1-vaziuojamas-stumdukas\\\/\",\"url\":\"https:\\\/\\\/kidsplay.lt\\\/produktas\\\/feber-interaktyvus-supamas-arkliukas-2-in-1-vaziuojamas-stumdukas\\\/\",\"name\":\"FEBER interaktyvus supamas arkliukas 2-in-1 \u2013 va\u017eiuojamas stumdukas\",\"isPartOf\":{\"@id\":\"https:\\\/\\\/kidsplay.lt\\\/#website\"},\"primaryImageOfPage\":{\"@id\":\"https:\\\/\\\/kidsplay.lt\\\/produktas\\\/feber-interaktyvus-supamas-arkliukas-2-in-1-vaziuojamas-stumdukas\\\/#primaryimage\"},\"image\":{\"@id\":\"https:\\\/\\\/kidsplay.lt\\\/produktas\\\/feber-interaktyvus-supamas-arkliukas-2-in-1-vaziuojamas-stumdukas\\\/#primaryimage\"},\"thumbnailUrl\":\"https:\\\/\\\/kidsplay.lt\\\/wp-content\\\/uploads\\\/2026\\\/04\\\/FEBER-interaktyvus-supamas-arkliukas-2-in-1-\u2013-vaziuojamas-stumdukas.jpg\",\"datePublished\":\"2026-04-30T10:23:24+00:00\",\"dateModified\":\"2026-04-30T15:29:58+00:00\",\"description\":\"FEBER interaktyvus supamas arkliukas 2-in-1 \u2013 va\u017eiuojamas stumdukas - KidsPlay. Did\u017eiausias vaik\u0173 \u017eaisl\u0173 pasirinkimas.\",\"breadcrumb\":{\"@id\":\"https:\\\/\\\/kidsplay.lt\\\/produktas\\\/feber-interaktyvus-supamas-arkliukas-2-in-1-vaziuojamas-stumdukas\\\/#breadcrumb\"},\"inLanguage\":\"lv-LV\",\"potentialAction\":[{\"@type\":\"ReadAction\",\"target\":[\"https:\\\/\\\/kidsplay.lt\\\/produktas\\\/feber-interaktyvus-supamas-arkliukas-2-in-1-vaziuojamas-stumdukas\\\/\"]}]},{\"@type\":\"ImageObject\",\"inLanguage\":\"lv-LV\",\"@id\":\"https:\\\/\\\/kidsplay.lt\\\/produktas\\\/feber-interaktyvus-supamas-arkliukas-2-in-1-vaziuojamas-stumdukas\\\/#primaryimage\",\"url\":\"https:\\\/\\\/kidsplay.lt\\\/wp-content\\\/uploads\\\/2026\\\/04\\\/FEBER-interaktyvus-supamas-arkliukas-2-in-1-\u2013-vaziuojamas-stumdukas.jpg\",\"contentUrl\":\"https:\\\/\\\/kidsplay.lt\\\/wp-content\\\/uploads\\\/2026\\\/04\\\/FEBER-interaktyvus-supamas-arkliukas-2-in-1-\u2013-vaziuojamas-stumdukas.jpg\",\"width\":1000,\"height\":1000,\"caption\":\"FEBER interaktyvus supamas arkliukas 2-in-1 \u2013 va\u017eiuojamas stumdukas\"},{\"@type\":\"BreadcrumbList\",\"@id\":\"https:\\\/\\\/kidsplay.lt\\\/produktas\\\/feber-interaktyvus-supamas-arkliukas-2-in-1-vaziuojamas-stumdukas\\\/#breadcrumb\",\"itemListElement\":[{\"@type\":\"ListItem\",\"position\":1,\"name\":\"Pagrindinis\",\"item\":\"https:\\\/\\\/kidsplay.lt\\\/\"},{\"@type\":\"ListItem\",\"position\":2,\"name\":\"Parduotuv\u0117\",\"item\":\"https:\\\/\\\/kidsplay.lt\\\/parduotuve\\\/\"},{\"@type\":\"ListItem\",\"position\":3,\"name\":\"FEBER interaktyvus supamas arkliukas 2-in-1 \u2013 va\u017eiuojamas stumdukas\"}]},{\"@type\":\"WebSite\",\"@id\":\"https:\\\/\\\/kidsplay.lt\\\/#website\",\"url\":\"https:\\\/\\\/kidsplay.lt\\\/\",\"name\":\"Kidsplay.lt\",\"description\":\"\u012evairios prek\u0117s vaikams\",\"publisher\":{\"@id\":\"https:\\\/\\\/kidsplay.lt\\\/#organization\"},\"alternateName\":\"Kidsplay\",\"potentialAction\":[{\"@type\":\"SearchAction\",\"target\":{\"@type\":\"EntryPoint\",\"urlTemplate\":\"https:\\\/\\\/kidsplay.lt\\\/?s={search_term_string}\"},\"query-input\":{\"@type\":\"PropertyValueSpecification\",\"valueRequired\":true,\"valueName\":\"search_term_string\"}}],\"inLanguage\":\"lv-LV\"},{\"@type\":\"Organization\",\"@id\":\"https:\\\/\\\/kidsplay.lt\\\/#organization\",\"name\":\"KidsPlay\",\"url\":\"https:\\\/\\\/kidsplay.lt\\\/\",\"logo\":{\"@type\":\"ImageObject\",\"inLanguage\":\"lv-LV\",\"@id\":\"https:\\\/\\\/kidsplay.lt\\\/#\\\/schema\\\/logo\\\/image\\\/\",\"url\":\"https:\\\/\\\/kidsplay.lt\\\/wp-content\\\/uploads\\\/2023\\\/07\\\/kidsplay-logo.png\",\"contentUrl\":\"https:\\\/\\\/kidsplay.lt\\\/wp-content\\\/uploads\\\/2023\\\/07\\\/kidsplay-logo.png\",\"width\":451,\"height\":98,\"caption\":\"KidsPlay\"},\"image\":{\"@id\":\"https:\\\/\\\/kidsplay.lt\\\/#\\\/schema\\\/logo\\\/image\\\/\"},\"sameAs\":[\"https:\\\/\\\/www.facebook.com\\\/www.kidsplay.lt\"]}]}<\/script>\n<!-- \/ Yoast SEO plugin. -->","yoast_head_json":{"title":"FEBER interaktyvus supamas arkliukas 2-in-1 \u2013 va\u017eiuojamas stumdukas","description":"FEBER interaktyvus supamas arkliukas 2-in-1 \u2013 va\u017eiuojamas stumdukas - KidsPlay. Did\u017eiausias vaik\u0173 \u017eaisl\u0173 pasirinkimas.","robots":{"index":"index","follow":"follow","max-snippet":"max-snippet:-1","max-image-preview":"max-image-preview:large","max-video-preview":"max-video-preview:-1"},"canonical":"https:\/\/kidsplay.lt\/lv\/products\/feber-interaktyvus-supamas-arkliukas-2-in-1-vaziuojamas-stumdukas\/","og_locale":"lv_LV","og_type":"article","og_title":"FEBER interaktyvus supamas arkliukas 2-in-1 \u2013 va\u017eiuojamas stumdukas","og_description":"FEBER interaktyvus supamas arkliukas 2-in-1 \u2013 va\u017eiuojamas stumdukas - KidsPlay. Did\u017eiausias vaik\u0173 \u017eaisl\u0173 pasirinkimas.","og_url":"https:\/\/kidsplay.lt\/lv\/products\/feber-interaktyvus-supamas-arkliukas-2-in-1-vaziuojamas-stumdukas\/","og_site_name":"KidsPlay","article_publisher":"https:\/\/www.facebook.com\/www.kidsplay.lt","article_modified_time":"2026-04-30T15:29:58+00:00","og_image":[{"width":1000,"height":1000,"url":"https:\/\/kidsplay.lt\/wp-content\/uploads\/2026\/04\/FEBER-interaktyvus-supamas-arkliukas-2-in-1-\u2013-vaziuojamas-stumdukas.jpg","type":"image\/jpeg"}],"twitter_card":"summary_large_image","twitter_misc":{"Est. reading time":"1 min\u016bte"},"schema":{"@context":"https:\/\/schema.org","@graph":[{"@type":"WebPage","@id":"https:\/\/kidsplay.lt\/produktas\/feber-interaktyvus-supamas-arkliukas-2-in-1-vaziuojamas-stumdukas\/","url":"https:\/\/kidsplay.lt\/produktas\/feber-interaktyvus-supamas-arkliukas-2-in-1-vaziuojamas-stumdukas\/","name":"FEBER interaktyvus supamas arkliukas 2-in-1 \u2013 va\u017eiuojamas stumdukas","isPartOf":{"@id":"https:\/\/kidsplay.lt\/#website"},"primaryImageOfPage":{"@id":"https:\/\/kidsplay.lt\/produktas\/feber-interaktyvus-supamas-arkliukas-2-in-1-vaziuojamas-stumdukas\/#primaryimage"},"image":{"@id":"https:\/\/kidsplay.lt\/produktas\/feber-interaktyvus-supamas-arkliukas-2-in-1-vaziuojamas-stumdukas\/#primaryimage"},"thumbnailUrl":"https:\/\/kidsplay.lt\/wp-content\/uploads\/2026\/04\/FEBER-interaktyvus-supamas-arkliukas-2-in-1-\u2013-vaziuojamas-stumdukas.jpg","datePublished":"2026-04-30T10:23:24+00:00","dateModified":"2026-04-30T15:29:58+00:00","description":"FEBER interaktyvus supamas arkliukas 2-in-1 \u2013 va\u017eiuojamas stumdukas - KidsPlay. Did\u017eiausias vaik\u0173 \u017eaisl\u0173 pasirinkimas.","breadcrumb":{"@id":"https:\/\/kidsplay.lt\/produktas\/feber-interaktyvus-supamas-arkliukas-2-in-1-vaziuojamas-stumdukas\/#breadcrumb"},"inLanguage":"lv-LV","potentialAction":[{"@type":"ReadAction","target":["https:\/\/kidsplay.lt\/produktas\/feber-interaktyvus-supamas-arkliukas-2-in-1-vaziuojamas-stumdukas\/"]}]},{"@type":"ImageObject","inLanguage":"lv-LV","@id":"https:\/\/kidsplay.lt\/produktas\/feber-interaktyvus-supamas-arkliukas-2-in-1-vaziuojamas-stumdukas\/#primaryimage","url":"https:\/\/kidsplay.lt\/wp-content\/uploads\/2026\/04\/FEBER-interaktyvus-supamas-arkliukas-2-in-1-\u2013-vaziuojamas-stumdukas.jpg","contentUrl":"https:\/\/kidsplay.lt\/wp-content\/uploads\/2026\/04\/FEBER-interaktyvus-supamas-arkliukas-2-in-1-\u2013-vaziuojamas-stumdukas.jpg","width":1000,"height":1000,"caption":"FEBER interaktyvus supamas arkliukas 2-in-1 \u2013 va\u017eiuojamas stumdukas"},{"@type":"BreadcrumbList","@id":"https:\/\/kidsplay.lt\/produktas\/feber-interaktyvus-supamas-arkliukas-2-in-1-vaziuojamas-stumdukas\/#breadcrumb","itemListElement":[{"@type":"ListItem","position":1,"name":"Pagrindinis","item":"https:\/\/kidsplay.lt\/"},{"@type":"ListItem","position":2,"name":"Parduotuv\u0117","item":"https:\/\/kidsplay.lt\/parduotuve\/"},{"@type":"ListItem","position":3,"name":"FEBER interaktyvus supamas arkliukas 2-in-1 \u2013 va\u017eiuojamas stumdukas"}]},{"@type":"WebSite","@id":"https:\/\/kidsplay.lt\/#website","url":"https:\/\/kidsplay.lt\/","name":"B\u0113rnu sp\u0113les.lv","description":"\u012evairios prek\u0117s vaikams","publisher":{"@id":"https:\/\/kidsplay.lt\/#organization"},"alternateName":"Kidsplay","potentialAction":[{"@type":"SearchAction","target":{"@type":"EntryPoint","urlTemplate":"https:\/\/kidsplay.lt\/?s={search_term_string}"},"query-input":{"@type":"PropertyValueSpecification","valueRequired":true,"valueName":"search_term_string"}}],"inLanguage":"lv-LV"},{"@type":"Organization","@id":"https:\/\/kidsplay.lt\/#organization","name":"B\u0113rnu sp\u0113le","url":"https:\/\/kidsplay.lt\/","logo":{"@type":"ImageObject","inLanguage":"lv-LV","@id":"https:\/\/kidsplay.lt\/#\/schema\/logo\/image\/","url":"https:\/\/kidsplay.lt\/wp-content\/uploads\/2023\/07\/kidsplay-logo.png","contentUrl":"https:\/\/kidsplay.lt\/wp-content\/uploads\/2023\/07\/kidsplay-logo.png","width":451,"height":98,"caption":"KidsPlay"},"image":{"@id":"https:\/\/kidsplay.lt\/#\/schema\/logo\/image\/"},"sameAs":["https:\/\/www.facebook.com\/www.kidsplay.lt"]}]}},"_links":{"self":[{"href":"https:\/\/kidsplay.lt\/lv\/wp-json\/wp\/v2\/product\/112268","targetHints":{"allow":["GET"]}}],"collection":[{"href":"https:\/\/kidsplay.lt\/lv\/wp-json\/wp\/v2\/product"}],"about":[{"href":"https:\/\/kidsplay.lt\/lv\/wp-json\/wp\/v2\/types\/product"}],"version-history":[{"count":1,"href":"https:\/\/kidsplay.lt\/lv\/wp-json\/wp\/v2\/product\/112268\/revisions"}],"predecessor-version":[{"id":112269,"href":"https:\/\/kidsplay.lt\/lv\/wp-json\/wp\/v2\/product\/112268\/revisions\/112269"}],"wp:featuredmedia":[{"embeddable":true,"href":"https:\/\/kidsplay.lt\/lv\/wp-json\/wp\/v2\/media\/112270"}],"wp:attachment":[{"href":"https:\/\/kidsplay.lt\/lv\/wp-json\/wp\/v2\/media?parent=112268"}],"wp:term":[{"taxonomy":"product_brand","embeddable":true,"href":"https:\/\/kidsplay.lt\/lv\/wp-json\/wp\/v2\/product_brand?post=112268"},{"taxonomy":"product_cat","embeddable":true,"href":"https:\/\/kidsplay.lt\/lv\/wp-json\/wp\/v2\/product_cat?post=112268"},{"taxonomy":"product_tag","embeddable":true,"href":"https:\/\/kidsplay.lt\/lv\/wp-json\/wp\/v2\/product_tag?post=112268"}],"curies":[{"name":"wp","href":"https:\/\/api.w.org\/{rel}","templated":true}]}}