{"id":112358,"date":"2026-04-30T13:27:25","date_gmt":"2026-04-30T10:27:25","guid":{"rendered":"https:\/\/kidsplay.lt\/produktas\/woopie-active-trailer-zalia-priekaba-tipper-35-kg\/"},"modified":"2026-04-30T18:30:01","modified_gmt":"2026-04-30T15:30:01","slug":"woopie-active-trailer-zalia-priekaba-tipper-35-kg","status":"publish","type":"product","link":"https:\/\/kidsplay.lt\/lv\/products\/woopie-active-trailer-zalia-priekaba-tipper-35-kg\/","title":{"rendered":"WOOPIE \u201eActive Trailer\u201c \u017ealia priekaba (tipper, 35 kg)"},"content":{"rendered":"<p>WOOPIE \u201eActive Trailer\u201c \u2013 tai \u017ealia vaiki\u0161ka priekaba su i\u0161vertimo (tipper) funkcija, skirta prijungti prie \u017eaislini\u0173 transporto priemoni\u0173. Ji leid\u017eia vaikui ve\u017eioti sm\u0117l\u012f, lapus ar \u017eaislus ir juos lengvai i\u0161versti, imituojant tikr\u0105 darb\u0105.<br \/>\nPriekaba sukurta taip, kad b\u016bt\u0173 patogi ir saugi naudoti tiek kieme, tiek lauke.<br \/>\nRaksturojums:<\/p>\n<p> \tskirta vaikams nuo 3 met\u0173,<br \/>\n \tpagaminta i\u0161 auk\u0161tos kokyb\u0117s, aplinkai draugi\u0161k\u0173 ir saugi\u0173 med\u017eiag\u0173,<br \/>\n \ttyl\u016bs, patvar\u016bs ratai su neslystan\u010diais elementais,<br \/>\n \tergonomi\u0161kas dizainas lengvam naudojimui,<br \/>\n \tjudama i\u0161vertimo (tipper) funkcija,<br \/>\n \tmaksimali apkrova iki 35 kg,<br \/>\n \tgalima ve\u017eti sm\u0117l\u012f, lapus, \u017eaislus ir kt.,<br \/>\n \tsuderinama su GoTrac ir MaxTrac modeliais.<\/p>","protected":false},"excerpt":{"rendered":"<p>WOOPIE \u201eActive Trailer\u201c \u2013 tai \u017ealia vaiki\u0161ka priekaba su i\u0161vertimo (tipper) funkcija, skirta prijungti prie \u017eaislini\u0173 transporto priemoni\u0173. Ji leid\u017eia<\/p>","protected":false},"featured_media":112360,"template":"","meta":{"_acf_changed":false,"_glsr_average":0,"_glsr_ranking":0,"_glsr_reviews":0},"product_brand":[],"product_cat":[237,433],"product_tag":[],"class_list":{"0":"post-112358","1":"product","2":"type-product","3":"status-publish","4":"has-post-thumbnail","6":"product_cat-judejimo-priemones","7":"product_cat-priedai-judejimo-priemones","8":"\"style=\"background-color: #2ecc711c;\"","10":"first","11":"instock","12":"purchasable","13":"product-type-simple"},"acf":[],"yoast_head":"<!-- This site is optimized with the Yoast SEO plugin v27.5 - https:\/\/yoast.com\/product\/yoast-seo-wordpress\/ -->\n<title>WOOPIE \u201eActive Trailer\u201c \u017ealia priekaba (tipper, 35 kg)<\/title>\n<meta name=\"description\" content=\"WOOPIE \u201eActive Trailer\u201c \u017ealia priekaba (tipper, 35 kg) - KidsPlay. Did\u017eiausias vaik\u0173 \u017eaisl\u0173 pasirinkimas.\" \/>\n<meta name=\"robots\" content=\"index, follow, max-snippet:-1, max-image-preview:large, max-video-preview:-1\" \/>\n<link rel=\"canonical\" href=\"https:\/\/kidsplay.lt\/lv\/products\/woopie-active-trailer-zalia-priekaba-tipper-35-kg\/\" \/>\n<meta property=\"og:locale\" content=\"lv_LV\" \/>\n<meta property=\"og:type\" content=\"article\" \/>\n<meta property=\"og:title\" content=\"WOOPIE \u201eActive Trailer\u201c \u017ealia priekaba (tipper, 35 kg)\" \/>\n<meta property=\"og:description\" content=\"WOOPIE \u201eActive Trailer\u201c \u017ealia priekaba (tipper, 35 kg) - KidsPlay. Did\u017eiausias vaik\u0173 \u017eaisl\u0173 pasirinkimas.\" \/>\n<meta property=\"og:url\" content=\"https:\/\/kidsplay.lt\/lv\/products\/woopie-active-trailer-zalia-priekaba-tipper-35-kg\/\" \/>\n<meta property=\"og:site_name\" content=\"KidsPlay\" \/>\n<meta property=\"article:publisher\" content=\"https:\/\/www.facebook.com\/www.kidsplay.lt\" \/>\n<meta property=\"article:modified_time\" content=\"2026-04-30T15:30:01+00:00\" \/>\n<meta property=\"og:image\" content=\"https:\/\/kidsplay.lt\/wp-content\/uploads\/2026\/04\/WOOPIE-\u201eActive-Trailer-zalia-priekaba-tipper-35-kg.jpg\" \/>\n\t<meta property=\"og:image:width\" content=\"800\" \/>\n\t<meta property=\"og:image:height\" content=\"800\" \/>\n\t<meta property=\"og:image:type\" content=\"image\/jpeg\" \/>\n<meta name=\"twitter:card\" content=\"summary_large_image\" \/>\n<meta name=\"twitter:label1\" content=\"Est. reading time\" \/>\n\t<meta name=\"twitter:data1\" content=\"1 min\u016bte\" \/>\n<script type=\"application\/ld+json\" class=\"yoast-schema-graph\">{\"@context\":\"https:\\\/\\\/schema.org\",\"@graph\":[{\"@type\":\"WebPage\",\"@id\":\"https:\\\/\\\/kidsplay.lt\\\/produktas\\\/woopie-active-trailer-zalia-priekaba-tipper-35-kg\\\/\",\"url\":\"https:\\\/\\\/kidsplay.lt\\\/produktas\\\/woopie-active-trailer-zalia-priekaba-tipper-35-kg\\\/\",\"name\":\"WOOPIE \u201eActive Trailer\u201c \u017ealia priekaba (tipper, 35 kg)\",\"isPartOf\":{\"@id\":\"https:\\\/\\\/kidsplay.lt\\\/#website\"},\"primaryImageOfPage\":{\"@id\":\"https:\\\/\\\/kidsplay.lt\\\/produktas\\\/woopie-active-trailer-zalia-priekaba-tipper-35-kg\\\/#primaryimage\"},\"image\":{\"@id\":\"https:\\\/\\\/kidsplay.lt\\\/produktas\\\/woopie-active-trailer-zalia-priekaba-tipper-35-kg\\\/#primaryimage\"},\"thumbnailUrl\":\"https:\\\/\\\/kidsplay.lt\\\/wp-content\\\/uploads\\\/2026\\\/04\\\/WOOPIE-\u201eActive-Trailer-zalia-priekaba-tipper-35-kg.jpg\",\"datePublished\":\"2026-04-30T10:27:25+00:00\",\"dateModified\":\"2026-04-30T15:30:01+00:00\",\"description\":\"WOOPIE \u201eActive Trailer\u201c \u017ealia priekaba (tipper, 35 kg) - KidsPlay. Did\u017eiausias vaik\u0173 \u017eaisl\u0173 pasirinkimas.\",\"breadcrumb\":{\"@id\":\"https:\\\/\\\/kidsplay.lt\\\/produktas\\\/woopie-active-trailer-zalia-priekaba-tipper-35-kg\\\/#breadcrumb\"},\"inLanguage\":\"lv-LV\",\"potentialAction\":[{\"@type\":\"ReadAction\",\"target\":[\"https:\\\/\\\/kidsplay.lt\\\/produktas\\\/woopie-active-trailer-zalia-priekaba-tipper-35-kg\\\/\"]}]},{\"@type\":\"ImageObject\",\"inLanguage\":\"lv-LV\",\"@id\":\"https:\\\/\\\/kidsplay.lt\\\/produktas\\\/woopie-active-trailer-zalia-priekaba-tipper-35-kg\\\/#primaryimage\",\"url\":\"https:\\\/\\\/kidsplay.lt\\\/wp-content\\\/uploads\\\/2026\\\/04\\\/WOOPIE-\u201eActive-Trailer-zalia-priekaba-tipper-35-kg.jpg\",\"contentUrl\":\"https:\\\/\\\/kidsplay.lt\\\/wp-content\\\/uploads\\\/2026\\\/04\\\/WOOPIE-\u201eActive-Trailer-zalia-priekaba-tipper-35-kg.jpg\",\"width\":800,\"height\":800,\"caption\":\"WOOPIE \u201eActive Trailer\u201c \u017ealia priekaba (tipper\"},{\"@type\":\"BreadcrumbList\",\"@id\":\"https:\\\/\\\/kidsplay.lt\\\/produktas\\\/woopie-active-trailer-zalia-priekaba-tipper-35-kg\\\/#breadcrumb\",\"itemListElement\":[{\"@type\":\"ListItem\",\"position\":1,\"name\":\"Pagrindinis\",\"item\":\"https:\\\/\\\/kidsplay.lt\\\/\"},{\"@type\":\"ListItem\",\"position\":2,\"name\":\"Parduotuv\u0117\",\"item\":\"https:\\\/\\\/kidsplay.lt\\\/parduotuve\\\/\"},{\"@type\":\"ListItem\",\"position\":3,\"name\":\"WOOPIE \u201eActive Trailer\u201c \u017ealia priekaba (tipper, 35 kg)\"}]},{\"@type\":\"WebSite\",\"@id\":\"https:\\\/\\\/kidsplay.lt\\\/#website\",\"url\":\"https:\\\/\\\/kidsplay.lt\\\/\",\"name\":\"Kidsplay.lt\",\"description\":\"\u012evairios prek\u0117s vaikams\",\"publisher\":{\"@id\":\"https:\\\/\\\/kidsplay.lt\\\/#organization\"},\"alternateName\":\"Kidsplay\",\"potentialAction\":[{\"@type\":\"SearchAction\",\"target\":{\"@type\":\"EntryPoint\",\"urlTemplate\":\"https:\\\/\\\/kidsplay.lt\\\/?s={search_term_string}\"},\"query-input\":{\"@type\":\"PropertyValueSpecification\",\"valueRequired\":true,\"valueName\":\"search_term_string\"}}],\"inLanguage\":\"lv-LV\"},{\"@type\":\"Organization\",\"@id\":\"https:\\\/\\\/kidsplay.lt\\\/#organization\",\"name\":\"KidsPlay\",\"url\":\"https:\\\/\\\/kidsplay.lt\\\/\",\"logo\":{\"@type\":\"ImageObject\",\"inLanguage\":\"lv-LV\",\"@id\":\"https:\\\/\\\/kidsplay.lt\\\/#\\\/schema\\\/logo\\\/image\\\/\",\"url\":\"https:\\\/\\\/kidsplay.lt\\\/wp-content\\\/uploads\\\/2023\\\/07\\\/kidsplay-logo.png\",\"contentUrl\":\"https:\\\/\\\/kidsplay.lt\\\/wp-content\\\/uploads\\\/2023\\\/07\\\/kidsplay-logo.png\",\"width\":451,\"height\":98,\"caption\":\"KidsPlay\"},\"image\":{\"@id\":\"https:\\\/\\\/kidsplay.lt\\\/#\\\/schema\\\/logo\\\/image\\\/\"},\"sameAs\":[\"https:\\\/\\\/www.facebook.com\\\/www.kidsplay.lt\"]}]}<\/script>\n<!-- \/ Yoast SEO plugin. -->","yoast_head_json":{"title":"WOOPIE \u201eActive Trailer\u201c \u017ealia priekaba (tipper, 35 kg)","description":"WOOPIE \u201eActive Trailer\u201c \u017ealia priekaba (tipper, 35 kg) - KidsPlay. Did\u017eiausias vaik\u0173 \u017eaisl\u0173 pasirinkimas.","robots":{"index":"index","follow":"follow","max-snippet":"max-snippet:-1","max-image-preview":"max-image-preview:large","max-video-preview":"max-video-preview:-1"},"canonical":"https:\/\/kidsplay.lt\/lv\/products\/woopie-active-trailer-zalia-priekaba-tipper-35-kg\/","og_locale":"lv_LV","og_type":"article","og_title":"WOOPIE \u201eActive Trailer\u201c \u017ealia priekaba (tipper, 35 kg)","og_description":"WOOPIE \u201eActive Trailer\u201c \u017ealia priekaba (tipper, 35 kg) - KidsPlay. Did\u017eiausias vaik\u0173 \u017eaisl\u0173 pasirinkimas.","og_url":"https:\/\/kidsplay.lt\/lv\/products\/woopie-active-trailer-zalia-priekaba-tipper-35-kg\/","og_site_name":"KidsPlay","article_publisher":"https:\/\/www.facebook.com\/www.kidsplay.lt","article_modified_time":"2026-04-30T15:30:01+00:00","og_image":[{"width":800,"height":800,"url":"https:\/\/kidsplay.lt\/wp-content\/uploads\/2026\/04\/WOOPIE-\u201eActive-Trailer-zalia-priekaba-tipper-35-kg.jpg","type":"image\/jpeg"}],"twitter_card":"summary_large_image","twitter_misc":{"Est. reading time":"1 min\u016bte"},"schema":{"@context":"https:\/\/schema.org","@graph":[{"@type":"WebPage","@id":"https:\/\/kidsplay.lt\/produktas\/woopie-active-trailer-zalia-priekaba-tipper-35-kg\/","url":"https:\/\/kidsplay.lt\/produktas\/woopie-active-trailer-zalia-priekaba-tipper-35-kg\/","name":"WOOPIE \u201eActive Trailer\u201c \u017ealia priekaba (tipper, 35 kg)","isPartOf":{"@id":"https:\/\/kidsplay.lt\/#website"},"primaryImageOfPage":{"@id":"https:\/\/kidsplay.lt\/produktas\/woopie-active-trailer-zalia-priekaba-tipper-35-kg\/#primaryimage"},"image":{"@id":"https:\/\/kidsplay.lt\/produktas\/woopie-active-trailer-zalia-priekaba-tipper-35-kg\/#primaryimage"},"thumbnailUrl":"https:\/\/kidsplay.lt\/wp-content\/uploads\/2026\/04\/WOOPIE-\u201eActive-Trailer-zalia-priekaba-tipper-35-kg.jpg","datePublished":"2026-04-30T10:27:25+00:00","dateModified":"2026-04-30T15:30:01+00:00","description":"WOOPIE \u201eActive Trailer\u201c \u017ealia priekaba (tipper, 35 kg) - KidsPlay. Did\u017eiausias vaik\u0173 \u017eaisl\u0173 pasirinkimas.","breadcrumb":{"@id":"https:\/\/kidsplay.lt\/produktas\/woopie-active-trailer-zalia-priekaba-tipper-35-kg\/#breadcrumb"},"inLanguage":"lv-LV","potentialAction":[{"@type":"ReadAction","target":["https:\/\/kidsplay.lt\/produktas\/woopie-active-trailer-zalia-priekaba-tipper-35-kg\/"]}]},{"@type":"ImageObject","inLanguage":"lv-LV","@id":"https:\/\/kidsplay.lt\/produktas\/woopie-active-trailer-zalia-priekaba-tipper-35-kg\/#primaryimage","url":"https:\/\/kidsplay.lt\/wp-content\/uploads\/2026\/04\/WOOPIE-\u201eActive-Trailer-zalia-priekaba-tipper-35-kg.jpg","contentUrl":"https:\/\/kidsplay.lt\/wp-content\/uploads\/2026\/04\/WOOPIE-\u201eActive-Trailer-zalia-priekaba-tipper-35-kg.jpg","width":800,"height":800,"caption":"WOOPIE \u201eActive Trailer\u201c \u017ealia priekaba (tipper"},{"@type":"BreadcrumbList","@id":"https:\/\/kidsplay.lt\/produktas\/woopie-active-trailer-zalia-priekaba-tipper-35-kg\/#breadcrumb","itemListElement":[{"@type":"ListItem","position":1,"name":"Pagrindinis","item":"https:\/\/kidsplay.lt\/"},{"@type":"ListItem","position":2,"name":"Parduotuv\u0117","item":"https:\/\/kidsplay.lt\/parduotuve\/"},{"@type":"ListItem","position":3,"name":"WOOPIE \u201eActive Trailer\u201c \u017ealia priekaba (tipper, 35 kg)"}]},{"@type":"WebSite","@id":"https:\/\/kidsplay.lt\/#website","url":"https:\/\/kidsplay.lt\/","name":"B\u0113rnu sp\u0113les.lv","description":"\u012evairios prek\u0117s vaikams","publisher":{"@id":"https:\/\/kidsplay.lt\/#organization"},"alternateName":"Kidsplay","potentialAction":[{"@type":"SearchAction","target":{"@type":"EntryPoint","urlTemplate":"https:\/\/kidsplay.lt\/?s={search_term_string}"},"query-input":{"@type":"PropertyValueSpecification","valueRequired":true,"valueName":"search_term_string"}}],"inLanguage":"lv-LV"},{"@type":"Organization","@id":"https:\/\/kidsplay.lt\/#organization","name":"B\u0113rnu sp\u0113le","url":"https:\/\/kidsplay.lt\/","logo":{"@type":"ImageObject","inLanguage":"lv-LV","@id":"https:\/\/kidsplay.lt\/#\/schema\/logo\/image\/","url":"https:\/\/kidsplay.lt\/wp-content\/uploads\/2023\/07\/kidsplay-logo.png","contentUrl":"https:\/\/kidsplay.lt\/wp-content\/uploads\/2023\/07\/kidsplay-logo.png","width":451,"height":98,"caption":"KidsPlay"},"image":{"@id":"https:\/\/kidsplay.lt\/#\/schema\/logo\/image\/"},"sameAs":["https:\/\/www.facebook.com\/www.kidsplay.lt"]}]}},"_links":{"self":[{"href":"https:\/\/kidsplay.lt\/lv\/wp-json\/wp\/v2\/product\/112358","targetHints":{"allow":["GET"]}}],"collection":[{"href":"https:\/\/kidsplay.lt\/lv\/wp-json\/wp\/v2\/product"}],"about":[{"href":"https:\/\/kidsplay.lt\/lv\/wp-json\/wp\/v2\/types\/product"}],"version-history":[{"count":1,"href":"https:\/\/kidsplay.lt\/lv\/wp-json\/wp\/v2\/product\/112358\/revisions"}],"predecessor-version":[{"id":112359,"href":"https:\/\/kidsplay.lt\/lv\/wp-json\/wp\/v2\/product\/112358\/revisions\/112359"}],"wp:featuredmedia":[{"embeddable":true,"href":"https:\/\/kidsplay.lt\/lv\/wp-json\/wp\/v2\/media\/112360"}],"wp:attachment":[{"href":"https:\/\/kidsplay.lt\/lv\/wp-json\/wp\/v2\/media?parent=112358"}],"wp:term":[{"taxonomy":"product_brand","embeddable":true,"href":"https:\/\/kidsplay.lt\/lv\/wp-json\/wp\/v2\/product_brand?post=112358"},{"taxonomy":"product_cat","embeddable":true,"href":"https:\/\/kidsplay.lt\/lv\/wp-json\/wp\/v2\/product_cat?post=112358"},{"taxonomy":"product_tag","embeddable":true,"href":"https:\/\/kidsplay.lt\/lv\/wp-json\/wp\/v2\/product_tag?post=112358"}],"curies":[{"name":"wp","href":"https:\/\/api.w.org\/{rel}","templated":true}]}}