{"id":112372,"date":"2026-04-30T13:27:39","date_gmt":"2026-04-30T10:27:39","guid":{"rendered":"https:\/\/kidsplay.lt\/produktas\/classic-world-medinis-veiklos-staliukas-sea-life-muzikinis-ir-edukacinis\/"},"modified":"2026-04-30T13:27:57","modified_gmt":"2026-04-30T10:27:57","slug":"classic-world-medinis-veiklos-staliukas-sea-life-muzikinis-ir-edukacinis","status":"publish","type":"product","link":"https:\/\/kidsplay.lt\/lv\/products\/classic-world-medinis-veiklos-staliukas-sea-life-muzikinis-ir-edukacinis\/","title":{"rendered":"CLASSIC WORLD medinis veiklos staliukas \u201eSea Life\u201c (muzikinis ir edukacinis)"},"content":{"rendered":"<p>CLASSIC WORLD \u201eSea Life\u201c veiklos staliukas \u2013 tai daugiafunkcis 2in1 lavinamasis \u017eaislas ma\u017eyliams nuo 18 m\u0117nesi\u0173, sujungiantis sensorinius \u017eaidimus ir muzikinius instrumentus. Jis skirtas vaikams, kurie m\u0117gsta tyrin\u0117ti, judinti, sukti ir kurti garsus.<br \/>\nStaliukas skatina aktyv\u0173 \u017eaidim\u0105 stovint, o \u012fvair\u016bs elementai leid\u017eia nuolat keisti veiklas, tod\u0117l vaikas ilgiau i\u0161lieka \u012fsitrauk\u0119s.<br \/>\nRaksturojums:<\/p>\n<p> \tskirtas vaikams nuo 18 m\u0117nesi\u0173,<br \/>\n \t2in1: lavinamasis staliukas + muzikiniai instrumentai,<br \/>\n \tpagamintas i\u0161 auk\u0161tos kokyb\u0117s medienos,<br \/>\n \tsaug\u016bs, netoksi\u0161ki da\u017eai,<br \/>\n \tj\u016bros (Sea Life) tematika.<\/p>\n<p>Staliuko funkcijos:<\/p>\n<p> \t3 motoriniai labirintai,<br \/>\n \t\u201ekrabo\u201c takelis fig\u016br\u0117lei vesti,<br \/>\n \trutuliuk\u0173 trasa,<br \/>\n \tkrumpliara\u010diai,<br \/>\n \tbesisukanti v\u0117\u017eliuko detal\u0117,<br \/>\n \tcimbolai,<br \/>\n \t\u201ema\u017ea f\u0117ja\u201c (judanti detal\u0117),<br \/>\n \tj\u016bros b\u016bgnas,<br \/>\n \tmuzikin\u0117 skalbimo lenta.<\/p>","protected":false},"excerpt":{"rendered":"<p>CLASSIC WORLD \u201eSea Life\u201c veiklos staliukas \u2013 tai daugiafunkcis 2in1 lavinamasis \u017eaislas ma\u017eyliams nuo 18 m\u0117nesi\u0173, sujungiantis sensorinius \u017eaidimus ir<\/p>","protected":false},"featured_media":112374,"template":"","meta":{"_acf_changed":false,"_glsr_average":0,"_glsr_ranking":0,"_glsr_reviews":0},"product_brand":[],"product_cat":[675,229],"product_tag":[],"class_list":{"0":"post-112372","1":"product","2":"type-product","3":"status-publish","4":"has-post-thumbnail","6":"product_cat-edukaciniai-staliukai","7":"product_cat-zaislai-vaikams","8":"\"style=\"background-color: #2ecc711c;\"","10":"first","11":"instock","12":"purchasable","13":"product-type-simple"},"acf":[],"yoast_head":"<!-- This site is optimized with the Yoast SEO plugin v27.5 - https:\/\/yoast.com\/product\/yoast-seo-wordpress\/ -->\n<title>CLASSIC WORLD medinis veiklos staliukas \u201eSea Life\u201c (muzikinis ir edukacinis)<\/title>\n<meta name=\"description\" content=\"CLASSIC WORLD medinis veiklos staliukas \u201eSea Life\u201c (muzikinis ir edukacinis) - KidsPlay. Did\u017eiausias vaik\u0173 \u017eaisl\u0173 pasirinkimas.\" \/>\n<meta name=\"robots\" content=\"index, follow, max-snippet:-1, max-image-preview:large, max-video-preview:-1\" \/>\n<link rel=\"canonical\" href=\"https:\/\/kidsplay.lt\/lv\/products\/classic-world-medinis-veiklos-staliukas-sea-life-muzikinis-ir-edukacinis\/\" \/>\n<meta property=\"og:locale\" content=\"lv_LV\" \/>\n<meta property=\"og:type\" content=\"article\" \/>\n<meta property=\"og:title\" content=\"CLASSIC WORLD medinis veiklos staliukas \u201eSea Life\u201c (muzikinis ir edukacinis)\" \/>\n<meta property=\"og:description\" content=\"CLASSIC WORLD medinis veiklos staliukas \u201eSea Life\u201c (muzikinis ir edukacinis) - KidsPlay. Did\u017eiausias vaik\u0173 \u017eaisl\u0173 pasirinkimas.\" \/>\n<meta property=\"og:url\" content=\"https:\/\/kidsplay.lt\/lv\/products\/classic-world-medinis-veiklos-staliukas-sea-life-muzikinis-ir-edukacinis\/\" \/>\n<meta property=\"og:site_name\" content=\"KidsPlay\" \/>\n<meta property=\"article:publisher\" content=\"https:\/\/www.facebook.com\/www.kidsplay.lt\" \/>\n<meta property=\"article:modified_time\" content=\"2026-04-30T10:27:57+00:00\" \/>\n<meta property=\"og:image\" content=\"https:\/\/kidsplay.lt\/wp-content\/uploads\/2026\/04\/CLASSIC-WORLD-medinis-veiklos-staliukas-\u201eSea-Life-muzikinis-ir-edukacinis.jpg\" \/>\n\t<meta property=\"og:image:width\" content=\"2560\" \/>\n\t<meta property=\"og:image:height\" content=\"2560\" \/>\n\t<meta property=\"og:image:type\" content=\"image\/jpeg\" \/>\n<meta name=\"twitter:card\" content=\"summary_large_image\" \/>\n<meta name=\"twitter:label1\" content=\"Est. reading time\" \/>\n\t<meta name=\"twitter:data1\" content=\"1 min\u016bte\" \/>\n<script type=\"application\/ld+json\" class=\"yoast-schema-graph\">{\"@context\":\"https:\\\/\\\/schema.org\",\"@graph\":[{\"@type\":\"WebPage\",\"@id\":\"https:\\\/\\\/kidsplay.lt\\\/produktas\\\/classic-world-medinis-veiklos-staliukas-sea-life-muzikinis-ir-edukacinis\\\/\",\"url\":\"https:\\\/\\\/kidsplay.lt\\\/produktas\\\/classic-world-medinis-veiklos-staliukas-sea-life-muzikinis-ir-edukacinis\\\/\",\"name\":\"CLASSIC WORLD medinis veiklos staliukas \u201eSea Life\u201c (muzikinis ir edukacinis)\",\"isPartOf\":{\"@id\":\"https:\\\/\\\/kidsplay.lt\\\/#website\"},\"primaryImageOfPage\":{\"@id\":\"https:\\\/\\\/kidsplay.lt\\\/produktas\\\/classic-world-medinis-veiklos-staliukas-sea-life-muzikinis-ir-edukacinis\\\/#primaryimage\"},\"image\":{\"@id\":\"https:\\\/\\\/kidsplay.lt\\\/produktas\\\/classic-world-medinis-veiklos-staliukas-sea-life-muzikinis-ir-edukacinis\\\/#primaryimage\"},\"thumbnailUrl\":\"https:\\\/\\\/kidsplay.lt\\\/wp-content\\\/uploads\\\/2026\\\/04\\\/CLASSIC-WORLD-medinis-veiklos-staliukas-\u201eSea-Life-muzikinis-ir-edukacinis.jpg\",\"datePublished\":\"2026-04-30T10:27:39+00:00\",\"dateModified\":\"2026-04-30T10:27:57+00:00\",\"description\":\"CLASSIC WORLD medinis veiklos staliukas \u201eSea Life\u201c (muzikinis ir edukacinis) - KidsPlay. Did\u017eiausias vaik\u0173 \u017eaisl\u0173 pasirinkimas.\",\"breadcrumb\":{\"@id\":\"https:\\\/\\\/kidsplay.lt\\\/produktas\\\/classic-world-medinis-veiklos-staliukas-sea-life-muzikinis-ir-edukacinis\\\/#breadcrumb\"},\"inLanguage\":\"lv-LV\",\"potentialAction\":[{\"@type\":\"ReadAction\",\"target\":[\"https:\\\/\\\/kidsplay.lt\\\/produktas\\\/classic-world-medinis-veiklos-staliukas-sea-life-muzikinis-ir-edukacinis\\\/\"]}]},{\"@type\":\"ImageObject\",\"inLanguage\":\"lv-LV\",\"@id\":\"https:\\\/\\\/kidsplay.lt\\\/produktas\\\/classic-world-medinis-veiklos-staliukas-sea-life-muzikinis-ir-edukacinis\\\/#primaryimage\",\"url\":\"https:\\\/\\\/kidsplay.lt\\\/wp-content\\\/uploads\\\/2026\\\/04\\\/CLASSIC-WORLD-medinis-veiklos-staliukas-\u201eSea-Life-muzikinis-ir-edukacinis.jpg\",\"contentUrl\":\"https:\\\/\\\/kidsplay.lt\\\/wp-content\\\/uploads\\\/2026\\\/04\\\/CLASSIC-WORLD-medinis-veiklos-staliukas-\u201eSea-Life-muzikinis-ir-edukacinis.jpg\",\"width\":2560,\"height\":2560,\"caption\":\"CLASSIC WORLD medinis veiklos staliukas \u201eSea Life\u201c (muzikinis ir edukacinis)\"},{\"@type\":\"BreadcrumbList\",\"@id\":\"https:\\\/\\\/kidsplay.lt\\\/produktas\\\/classic-world-medinis-veiklos-staliukas-sea-life-muzikinis-ir-edukacinis\\\/#breadcrumb\",\"itemListElement\":[{\"@type\":\"ListItem\",\"position\":1,\"name\":\"Pagrindinis\",\"item\":\"https:\\\/\\\/kidsplay.lt\\\/\"},{\"@type\":\"ListItem\",\"position\":2,\"name\":\"Parduotuv\u0117\",\"item\":\"https:\\\/\\\/kidsplay.lt\\\/parduotuve\\\/\"},{\"@type\":\"ListItem\",\"position\":3,\"name\":\"CLASSIC WORLD medinis veiklos staliukas \u201eSea Life\u201c (muzikinis ir edukacinis)\"}]},{\"@type\":\"WebSite\",\"@id\":\"https:\\\/\\\/kidsplay.lt\\\/#website\",\"url\":\"https:\\\/\\\/kidsplay.lt\\\/\",\"name\":\"Kidsplay.lt\",\"description\":\"\u012evairios prek\u0117s vaikams\",\"publisher\":{\"@id\":\"https:\\\/\\\/kidsplay.lt\\\/#organization\"},\"alternateName\":\"Kidsplay\",\"potentialAction\":[{\"@type\":\"SearchAction\",\"target\":{\"@type\":\"EntryPoint\",\"urlTemplate\":\"https:\\\/\\\/kidsplay.lt\\\/?s={search_term_string}\"},\"query-input\":{\"@type\":\"PropertyValueSpecification\",\"valueRequired\":true,\"valueName\":\"search_term_string\"}}],\"inLanguage\":\"lv-LV\"},{\"@type\":\"Organization\",\"@id\":\"https:\\\/\\\/kidsplay.lt\\\/#organization\",\"name\":\"KidsPlay\",\"url\":\"https:\\\/\\\/kidsplay.lt\\\/\",\"logo\":{\"@type\":\"ImageObject\",\"inLanguage\":\"lv-LV\",\"@id\":\"https:\\\/\\\/kidsplay.lt\\\/#\\\/schema\\\/logo\\\/image\\\/\",\"url\":\"https:\\\/\\\/kidsplay.lt\\\/wp-content\\\/uploads\\\/2023\\\/07\\\/kidsplay-logo.png\",\"contentUrl\":\"https:\\\/\\\/kidsplay.lt\\\/wp-content\\\/uploads\\\/2023\\\/07\\\/kidsplay-logo.png\",\"width\":451,\"height\":98,\"caption\":\"KidsPlay\"},\"image\":{\"@id\":\"https:\\\/\\\/kidsplay.lt\\\/#\\\/schema\\\/logo\\\/image\\\/\"},\"sameAs\":[\"https:\\\/\\\/www.facebook.com\\\/www.kidsplay.lt\"]}]}<\/script>\n<!-- \/ Yoast SEO plugin. -->","yoast_head_json":{"title":"CLASSIC WORLD medinis veiklos staliukas \u201eSea Life\u201c (muzikinis ir edukacinis)","description":"CLASSIC WORLD medinis veiklos staliukas \u201eSea Life\u201c (muzikinis ir edukacinis) - KidsPlay. Did\u017eiausias vaik\u0173 \u017eaisl\u0173 pasirinkimas.","robots":{"index":"index","follow":"follow","max-snippet":"max-snippet:-1","max-image-preview":"max-image-preview:large","max-video-preview":"max-video-preview:-1"},"canonical":"https:\/\/kidsplay.lt\/lv\/products\/classic-world-medinis-veiklos-staliukas-sea-life-muzikinis-ir-edukacinis\/","og_locale":"lv_LV","og_type":"article","og_title":"CLASSIC WORLD medinis veiklos staliukas \u201eSea Life\u201c (muzikinis ir edukacinis)","og_description":"CLASSIC WORLD medinis veiklos staliukas \u201eSea Life\u201c (muzikinis ir edukacinis) - KidsPlay. Did\u017eiausias vaik\u0173 \u017eaisl\u0173 pasirinkimas.","og_url":"https:\/\/kidsplay.lt\/lv\/products\/classic-world-medinis-veiklos-staliukas-sea-life-muzikinis-ir-edukacinis\/","og_site_name":"KidsPlay","article_publisher":"https:\/\/www.facebook.com\/www.kidsplay.lt","article_modified_time":"2026-04-30T10:27:57+00:00","og_image":[{"width":2560,"height":2560,"url":"https:\/\/kidsplay.lt\/wp-content\/uploads\/2026\/04\/CLASSIC-WORLD-medinis-veiklos-staliukas-\u201eSea-Life-muzikinis-ir-edukacinis.jpg","type":"image\/jpeg"}],"twitter_card":"summary_large_image","twitter_misc":{"Est. reading time":"1 min\u016bte"},"schema":{"@context":"https:\/\/schema.org","@graph":[{"@type":"WebPage","@id":"https:\/\/kidsplay.lt\/produktas\/classic-world-medinis-veiklos-staliukas-sea-life-muzikinis-ir-edukacinis\/","url":"https:\/\/kidsplay.lt\/produktas\/classic-world-medinis-veiklos-staliukas-sea-life-muzikinis-ir-edukacinis\/","name":"CLASSIC WORLD medinis veiklos staliukas \u201eSea Life\u201c (muzikinis ir edukacinis)","isPartOf":{"@id":"https:\/\/kidsplay.lt\/#website"},"primaryImageOfPage":{"@id":"https:\/\/kidsplay.lt\/produktas\/classic-world-medinis-veiklos-staliukas-sea-life-muzikinis-ir-edukacinis\/#primaryimage"},"image":{"@id":"https:\/\/kidsplay.lt\/produktas\/classic-world-medinis-veiklos-staliukas-sea-life-muzikinis-ir-edukacinis\/#primaryimage"},"thumbnailUrl":"https:\/\/kidsplay.lt\/wp-content\/uploads\/2026\/04\/CLASSIC-WORLD-medinis-veiklos-staliukas-\u201eSea-Life-muzikinis-ir-edukacinis.jpg","datePublished":"2026-04-30T10:27:39+00:00","dateModified":"2026-04-30T10:27:57+00:00","description":"CLASSIC WORLD medinis veiklos staliukas \u201eSea Life\u201c (muzikinis ir edukacinis) - KidsPlay. Did\u017eiausias vaik\u0173 \u017eaisl\u0173 pasirinkimas.","breadcrumb":{"@id":"https:\/\/kidsplay.lt\/produktas\/classic-world-medinis-veiklos-staliukas-sea-life-muzikinis-ir-edukacinis\/#breadcrumb"},"inLanguage":"lv-LV","potentialAction":[{"@type":"ReadAction","target":["https:\/\/kidsplay.lt\/produktas\/classic-world-medinis-veiklos-staliukas-sea-life-muzikinis-ir-edukacinis\/"]}]},{"@type":"ImageObject","inLanguage":"lv-LV","@id":"https:\/\/kidsplay.lt\/produktas\/classic-world-medinis-veiklos-staliukas-sea-life-muzikinis-ir-edukacinis\/#primaryimage","url":"https:\/\/kidsplay.lt\/wp-content\/uploads\/2026\/04\/CLASSIC-WORLD-medinis-veiklos-staliukas-\u201eSea-Life-muzikinis-ir-edukacinis.jpg","contentUrl":"https:\/\/kidsplay.lt\/wp-content\/uploads\/2026\/04\/CLASSIC-WORLD-medinis-veiklos-staliukas-\u201eSea-Life-muzikinis-ir-edukacinis.jpg","width":2560,"height":2560,"caption":"CLASSIC WORLD medinis veiklos staliukas \u201eSea Life\u201c (muzikinis ir edukacinis)"},{"@type":"BreadcrumbList","@id":"https:\/\/kidsplay.lt\/produktas\/classic-world-medinis-veiklos-staliukas-sea-life-muzikinis-ir-edukacinis\/#breadcrumb","itemListElement":[{"@type":"ListItem","position":1,"name":"Pagrindinis","item":"https:\/\/kidsplay.lt\/"},{"@type":"ListItem","position":2,"name":"Parduotuv\u0117","item":"https:\/\/kidsplay.lt\/parduotuve\/"},{"@type":"ListItem","position":3,"name":"CLASSIC WORLD medinis veiklos staliukas \u201eSea Life\u201c (muzikinis ir edukacinis)"}]},{"@type":"WebSite","@id":"https:\/\/kidsplay.lt\/#website","url":"https:\/\/kidsplay.lt\/","name":"B\u0113rnu sp\u0113les.lv","description":"\u012evairios prek\u0117s vaikams","publisher":{"@id":"https:\/\/kidsplay.lt\/#organization"},"alternateName":"Kidsplay","potentialAction":[{"@type":"SearchAction","target":{"@type":"EntryPoint","urlTemplate":"https:\/\/kidsplay.lt\/?s={search_term_string}"},"query-input":{"@type":"PropertyValueSpecification","valueRequired":true,"valueName":"search_term_string"}}],"inLanguage":"lv-LV"},{"@type":"Organization","@id":"https:\/\/kidsplay.lt\/#organization","name":"B\u0113rnu sp\u0113le","url":"https:\/\/kidsplay.lt\/","logo":{"@type":"ImageObject","inLanguage":"lv-LV","@id":"https:\/\/kidsplay.lt\/#\/schema\/logo\/image\/","url":"https:\/\/kidsplay.lt\/wp-content\/uploads\/2023\/07\/kidsplay-logo.png","contentUrl":"https:\/\/kidsplay.lt\/wp-content\/uploads\/2023\/07\/kidsplay-logo.png","width":451,"height":98,"caption":"KidsPlay"},"image":{"@id":"https:\/\/kidsplay.lt\/#\/schema\/logo\/image\/"},"sameAs":["https:\/\/www.facebook.com\/www.kidsplay.lt"]}]}},"_links":{"self":[{"href":"https:\/\/kidsplay.lt\/lv\/wp-json\/wp\/v2\/product\/112372","targetHints":{"allow":["GET"]}}],"collection":[{"href":"https:\/\/kidsplay.lt\/lv\/wp-json\/wp\/v2\/product"}],"about":[{"href":"https:\/\/kidsplay.lt\/lv\/wp-json\/wp\/v2\/types\/product"}],"version-history":[{"count":1,"href":"https:\/\/kidsplay.lt\/lv\/wp-json\/wp\/v2\/product\/112372\/revisions"}],"predecessor-version":[{"id":112373,"href":"https:\/\/kidsplay.lt\/lv\/wp-json\/wp\/v2\/product\/112372\/revisions\/112373"}],"wp:featuredmedia":[{"embeddable":true,"href":"https:\/\/kidsplay.lt\/lv\/wp-json\/wp\/v2\/media\/112374"}],"wp:attachment":[{"href":"https:\/\/kidsplay.lt\/lv\/wp-json\/wp\/v2\/media?parent=112372"}],"wp:term":[{"taxonomy":"product_brand","embeddable":true,"href":"https:\/\/kidsplay.lt\/lv\/wp-json\/wp\/v2\/product_brand?post=112372"},{"taxonomy":"product_cat","embeddable":true,"href":"https:\/\/kidsplay.lt\/lv\/wp-json\/wp\/v2\/product_cat?post=112372"},{"taxonomy":"product_tag","embeddable":true,"href":"https:\/\/kidsplay.lt\/lv\/wp-json\/wp\/v2\/product_tag?post=112372"}],"curies":[{"name":"wp","href":"https:\/\/api.w.org\/{rel}","templated":true}]}}