{"id":112379,"date":"2026-04-30T13:28:00","date_gmt":"2026-04-30T10:28:00","guid":{"rendered":"https:\/\/kidsplay.lt\/produktas\/woopie-kudikiu-sensoriniai-kaladeliu-rinkinys-squeeze-puzzle-12-vnt\/"},"modified":"2026-04-30T18:30:02","modified_gmt":"2026-04-30T15:30:02","slug":"woopie-kudikiu-sensoriniai-kaladeliu-rinkinys-squeeze-puzzle-12-vnt","status":"publish","type":"product","link":"https:\/\/kidsplay.lt\/lv\/products\/woopie-kudikiu-sensoriniai-kaladeliu-rinkinys-squeeze-puzzle-12-vnt\/","title":{"rendered":"WOOPIE k\u016bdiki\u0173 sensoriniai kalad\u0117li\u0173 rinkinys \u201eSqueeze Puzzle\u201c (12 vnt.)"},"content":{"rendered":"<p>WOOPIE sensorin\u0117s d\u0117lion\u0117s kalad\u0117l\u0117s \u2013 tai lavinamasis rinkinys vaikams nuo 12 m\u0117nesi\u0173, skirtas jutiminiam pa\u017einimui ir ankstyvam mokymuisi. Mink\u0161tos, spaud\u017eiamos kalad\u0117l\u0117s skleid\u017eia garsus, turi \u012fvairias tekst\u016bras, formas ir spalvingus vaizdus, tod\u0117l vienu metu aktyvina kelis poj\u016b\u010dius.<br \/>\nKalad\u0117l\u0117s gali b\u016bti jungiamos tarpusavyje, o j\u0173 pavir\u0161iai padeda vaikui pa\u017einti skai\u010dius, gyv\u016bnus, geometrines formas ir net paprastus matematinius simbolius. Tai taip pat gali veikti kaip kramtukai d\u0117l savo mink\u0161tos strukt\u016bros.<br \/>\nRaksturojums:<\/p>\n<p> \tskirtas vaikams nuo 12 m\u0117nesi\u0173,<br \/>\n \t12 sensorini\u0173 kalad\u0117li\u0173 rinkinys,<br \/>\n \tmink\u0161tos, spaud\u017eiamos ir gars\u0105 skleid\u017eian\u010dios detal\u0117s,<br \/>\n \t\u012fvairios tekst\u016bros, spalvos ir formos,<br \/>\n \tnumeriai, matematiniai simboliai, gyv\u016bnai, vaisiai ir geometrin\u0117s formos,<br \/>\n \tkalad\u0117l\u0117s gali b\u016bti jungiamos tarpusavyje,<br \/>\n \tsaugios, mink\u0161tos ir malonios liesti med\u017eiagos,<br \/>\n \tkomplekte yra laikymo mai\u0161elis,<br \/>\n \tsupakuota dovanin\u0117je d\u0117\u017eut\u0117je su langeliu.<\/p>","protected":false},"excerpt":{"rendered":"<p>WOOPIE sensorin\u0117s d\u0117lion\u0117s kalad\u0117l\u0117s \u2013 tai lavinamasis rinkinys vaikams nuo 12 m\u0117nesi\u0173, skirtas jutiminiam pa\u017einimui ir ankstyvam mokymuisi. Mink\u0161tos, spaud\u017eiamos<\/p>","protected":false},"featured_media":112381,"template":"","meta":{"_acf_changed":false,"_glsr_average":0,"_glsr_ranking":0,"_glsr_reviews":0},"product_brand":[],"product_cat":[396,229],"product_tag":[],"class_list":{"0":"post-112379","1":"product","2":"type-product","3":"status-publish","4":"has-post-thumbnail","6":"product_cat-kudikiu-zaislai-vaikams2","7":"product_cat-zaislai-vaikams","8":"\"style=\"background-color: #2ecc711c;\"","10":"first","11":"instock","12":"purchasable","13":"product-type-simple"},"acf":[],"yoast_head":"<!-- This site is optimized with the Yoast SEO plugin v27.5 - https:\/\/yoast.com\/product\/yoast-seo-wordpress\/ -->\n<title>WOOPIE k\u016bdiki\u0173 sensoriniai kalad\u0117li\u0173 rinkinys \u201eSqueeze Puzzle\u201c (12 vnt.)<\/title>\n<meta name=\"description\" content=\"WOOPIE k\u016bdiki\u0173 sensoriniai kalad\u0117li\u0173 rinkinys \u201eSqueeze Puzzle\u201c (12 vnt.) - KidsPlay. Did\u017eiausias vaik\u0173 \u017eaisl\u0173 pasirinkimas.\" \/>\n<meta name=\"robots\" content=\"index, follow, max-snippet:-1, max-image-preview:large, max-video-preview:-1\" \/>\n<link rel=\"canonical\" href=\"https:\/\/kidsplay.lt\/lv\/products\/woopie-kudikiu-sensoriniai-kaladeliu-rinkinys-squeeze-puzzle-12-vnt\/\" \/>\n<meta property=\"og:locale\" content=\"lv_LV\" \/>\n<meta property=\"og:type\" content=\"article\" \/>\n<meta property=\"og:title\" content=\"WOOPIE k\u016bdiki\u0173 sensoriniai kalad\u0117li\u0173 rinkinys \u201eSqueeze Puzzle\u201c (12 vnt.)\" \/>\n<meta property=\"og:description\" content=\"WOOPIE k\u016bdiki\u0173 sensoriniai kalad\u0117li\u0173 rinkinys \u201eSqueeze Puzzle\u201c (12 vnt.) - KidsPlay. Did\u017eiausias vaik\u0173 \u017eaisl\u0173 pasirinkimas.\" \/>\n<meta property=\"og:url\" content=\"https:\/\/kidsplay.lt\/lv\/products\/woopie-kudikiu-sensoriniai-kaladeliu-rinkinys-squeeze-puzzle-12-vnt\/\" \/>\n<meta property=\"og:site_name\" content=\"KidsPlay\" \/>\n<meta property=\"article:publisher\" content=\"https:\/\/www.facebook.com\/www.kidsplay.lt\" \/>\n<meta property=\"article:modified_time\" content=\"2026-04-30T15:30:02+00:00\" \/>\n<meta property=\"og:image\" content=\"https:\/\/kidsplay.lt\/wp-content\/uploads\/2026\/04\/WOOPIE-kudikiu-sensoriniai-kaladeliu-rinkinys-\u201eSqueeze-Puzzle-12-vnt.jpg\" \/>\n\t<meta property=\"og:image:width\" content=\"1000\" \/>\n\t<meta property=\"og:image:height\" content=\"1000\" \/>\n\t<meta property=\"og:image:type\" content=\"image\/jpeg\" \/>\n<meta name=\"twitter:card\" content=\"summary_large_image\" \/>\n<meta name=\"twitter:label1\" content=\"Est. reading time\" \/>\n\t<meta name=\"twitter:data1\" content=\"1 min\u016bte\" \/>\n<script type=\"application\/ld+json\" class=\"yoast-schema-graph\">{\"@context\":\"https:\\\/\\\/schema.org\",\"@graph\":[{\"@type\":\"WebPage\",\"@id\":\"https:\\\/\\\/kidsplay.lt\\\/produktas\\\/woopie-kudikiu-sensoriniai-kaladeliu-rinkinys-squeeze-puzzle-12-vnt\\\/\",\"url\":\"https:\\\/\\\/kidsplay.lt\\\/produktas\\\/woopie-kudikiu-sensoriniai-kaladeliu-rinkinys-squeeze-puzzle-12-vnt\\\/\",\"name\":\"WOOPIE k\u016bdiki\u0173 sensoriniai kalad\u0117li\u0173 rinkinys \u201eSqueeze Puzzle\u201c (12 vnt.)\",\"isPartOf\":{\"@id\":\"https:\\\/\\\/kidsplay.lt\\\/#website\"},\"primaryImageOfPage\":{\"@id\":\"https:\\\/\\\/kidsplay.lt\\\/produktas\\\/woopie-kudikiu-sensoriniai-kaladeliu-rinkinys-squeeze-puzzle-12-vnt\\\/#primaryimage\"},\"image\":{\"@id\":\"https:\\\/\\\/kidsplay.lt\\\/produktas\\\/woopie-kudikiu-sensoriniai-kaladeliu-rinkinys-squeeze-puzzle-12-vnt\\\/#primaryimage\"},\"thumbnailUrl\":\"https:\\\/\\\/kidsplay.lt\\\/wp-content\\\/uploads\\\/2026\\\/04\\\/WOOPIE-kudikiu-sensoriniai-kaladeliu-rinkinys-\u201eSqueeze-Puzzle-12-vnt.jpg\",\"datePublished\":\"2026-04-30T10:28:00+00:00\",\"dateModified\":\"2026-04-30T15:30:02+00:00\",\"description\":\"WOOPIE k\u016bdiki\u0173 sensoriniai kalad\u0117li\u0173 rinkinys \u201eSqueeze Puzzle\u201c (12 vnt.) - KidsPlay. Did\u017eiausias vaik\u0173 \u017eaisl\u0173 pasirinkimas.\",\"breadcrumb\":{\"@id\":\"https:\\\/\\\/kidsplay.lt\\\/produktas\\\/woopie-kudikiu-sensoriniai-kaladeliu-rinkinys-squeeze-puzzle-12-vnt\\\/#breadcrumb\"},\"inLanguage\":\"lv-LV\",\"potentialAction\":[{\"@type\":\"ReadAction\",\"target\":[\"https:\\\/\\\/kidsplay.lt\\\/produktas\\\/woopie-kudikiu-sensoriniai-kaladeliu-rinkinys-squeeze-puzzle-12-vnt\\\/\"]}]},{\"@type\":\"ImageObject\",\"inLanguage\":\"lv-LV\",\"@id\":\"https:\\\/\\\/kidsplay.lt\\\/produktas\\\/woopie-kudikiu-sensoriniai-kaladeliu-rinkinys-squeeze-puzzle-12-vnt\\\/#primaryimage\",\"url\":\"https:\\\/\\\/kidsplay.lt\\\/wp-content\\\/uploads\\\/2026\\\/04\\\/WOOPIE-kudikiu-sensoriniai-kaladeliu-rinkinys-\u201eSqueeze-Puzzle-12-vnt.jpg\",\"contentUrl\":\"https:\\\/\\\/kidsplay.lt\\\/wp-content\\\/uploads\\\/2026\\\/04\\\/WOOPIE-kudikiu-sensoriniai-kaladeliu-rinkinys-\u201eSqueeze-Puzzle-12-vnt.jpg\",\"width\":1000,\"height\":1000,\"caption\":\"WOOPIE k\u016bdiki\u0173 sensoriniai kalad\u0117li\u0173 rinkinys \u201eSqueeze Puzzle\u201c (12 vnt.)\"},{\"@type\":\"BreadcrumbList\",\"@id\":\"https:\\\/\\\/kidsplay.lt\\\/produktas\\\/woopie-kudikiu-sensoriniai-kaladeliu-rinkinys-squeeze-puzzle-12-vnt\\\/#breadcrumb\",\"itemListElement\":[{\"@type\":\"ListItem\",\"position\":1,\"name\":\"Pagrindinis\",\"item\":\"https:\\\/\\\/kidsplay.lt\\\/\"},{\"@type\":\"ListItem\",\"position\":2,\"name\":\"Parduotuv\u0117\",\"item\":\"https:\\\/\\\/kidsplay.lt\\\/parduotuve\\\/\"},{\"@type\":\"ListItem\",\"position\":3,\"name\":\"WOOPIE k\u016bdiki\u0173 sensoriniai kalad\u0117li\u0173 rinkinys \u201eSqueeze Puzzle\u201c (12 vnt.)\"}]},{\"@type\":\"WebSite\",\"@id\":\"https:\\\/\\\/kidsplay.lt\\\/#website\",\"url\":\"https:\\\/\\\/kidsplay.lt\\\/\",\"name\":\"Kidsplay.lt\",\"description\":\"\u012evairios prek\u0117s vaikams\",\"publisher\":{\"@id\":\"https:\\\/\\\/kidsplay.lt\\\/#organization\"},\"alternateName\":\"Kidsplay\",\"potentialAction\":[{\"@type\":\"SearchAction\",\"target\":{\"@type\":\"EntryPoint\",\"urlTemplate\":\"https:\\\/\\\/kidsplay.lt\\\/?s={search_term_string}\"},\"query-input\":{\"@type\":\"PropertyValueSpecification\",\"valueRequired\":true,\"valueName\":\"search_term_string\"}}],\"inLanguage\":\"lv-LV\"},{\"@type\":\"Organization\",\"@id\":\"https:\\\/\\\/kidsplay.lt\\\/#organization\",\"name\":\"KidsPlay\",\"url\":\"https:\\\/\\\/kidsplay.lt\\\/\",\"logo\":{\"@type\":\"ImageObject\",\"inLanguage\":\"lv-LV\",\"@id\":\"https:\\\/\\\/kidsplay.lt\\\/#\\\/schema\\\/logo\\\/image\\\/\",\"url\":\"https:\\\/\\\/kidsplay.lt\\\/wp-content\\\/uploads\\\/2023\\\/07\\\/kidsplay-logo.png\",\"contentUrl\":\"https:\\\/\\\/kidsplay.lt\\\/wp-content\\\/uploads\\\/2023\\\/07\\\/kidsplay-logo.png\",\"width\":451,\"height\":98,\"caption\":\"KidsPlay\"},\"image\":{\"@id\":\"https:\\\/\\\/kidsplay.lt\\\/#\\\/schema\\\/logo\\\/image\\\/\"},\"sameAs\":[\"https:\\\/\\\/www.facebook.com\\\/www.kidsplay.lt\"]}]}<\/script>\n<!-- \/ Yoast SEO plugin. -->","yoast_head_json":{"title":"WOOPIE k\u016bdiki\u0173 sensoriniai kalad\u0117li\u0173 rinkinys \u201eSqueeze Puzzle\u201c (12 vnt.)","description":"WOOPIE k\u016bdiki\u0173 sensoriniai kalad\u0117li\u0173 rinkinys \u201eSqueeze Puzzle\u201c (12 vnt.) - KidsPlay. Did\u017eiausias vaik\u0173 \u017eaisl\u0173 pasirinkimas.","robots":{"index":"index","follow":"follow","max-snippet":"max-snippet:-1","max-image-preview":"max-image-preview:large","max-video-preview":"max-video-preview:-1"},"canonical":"https:\/\/kidsplay.lt\/lv\/products\/woopie-kudikiu-sensoriniai-kaladeliu-rinkinys-squeeze-puzzle-12-vnt\/","og_locale":"lv_LV","og_type":"article","og_title":"WOOPIE k\u016bdiki\u0173 sensoriniai kalad\u0117li\u0173 rinkinys \u201eSqueeze Puzzle\u201c (12 vnt.)","og_description":"WOOPIE k\u016bdiki\u0173 sensoriniai kalad\u0117li\u0173 rinkinys \u201eSqueeze Puzzle\u201c (12 vnt.) - KidsPlay. Did\u017eiausias vaik\u0173 \u017eaisl\u0173 pasirinkimas.","og_url":"https:\/\/kidsplay.lt\/lv\/products\/woopie-kudikiu-sensoriniai-kaladeliu-rinkinys-squeeze-puzzle-12-vnt\/","og_site_name":"KidsPlay","article_publisher":"https:\/\/www.facebook.com\/www.kidsplay.lt","article_modified_time":"2026-04-30T15:30:02+00:00","og_image":[{"width":1000,"height":1000,"url":"https:\/\/kidsplay.lt\/wp-content\/uploads\/2026\/04\/WOOPIE-kudikiu-sensoriniai-kaladeliu-rinkinys-\u201eSqueeze-Puzzle-12-vnt.jpg","type":"image\/jpeg"}],"twitter_card":"summary_large_image","twitter_misc":{"Est. reading time":"1 min\u016bte"},"schema":{"@context":"https:\/\/schema.org","@graph":[{"@type":"WebPage","@id":"https:\/\/kidsplay.lt\/produktas\/woopie-kudikiu-sensoriniai-kaladeliu-rinkinys-squeeze-puzzle-12-vnt\/","url":"https:\/\/kidsplay.lt\/produktas\/woopie-kudikiu-sensoriniai-kaladeliu-rinkinys-squeeze-puzzle-12-vnt\/","name":"WOOPIE k\u016bdiki\u0173 sensoriniai kalad\u0117li\u0173 rinkinys \u201eSqueeze Puzzle\u201c (12 vnt.)","isPartOf":{"@id":"https:\/\/kidsplay.lt\/#website"},"primaryImageOfPage":{"@id":"https:\/\/kidsplay.lt\/produktas\/woopie-kudikiu-sensoriniai-kaladeliu-rinkinys-squeeze-puzzle-12-vnt\/#primaryimage"},"image":{"@id":"https:\/\/kidsplay.lt\/produktas\/woopie-kudikiu-sensoriniai-kaladeliu-rinkinys-squeeze-puzzle-12-vnt\/#primaryimage"},"thumbnailUrl":"https:\/\/kidsplay.lt\/wp-content\/uploads\/2026\/04\/WOOPIE-kudikiu-sensoriniai-kaladeliu-rinkinys-\u201eSqueeze-Puzzle-12-vnt.jpg","datePublished":"2026-04-30T10:28:00+00:00","dateModified":"2026-04-30T15:30:02+00:00","description":"WOOPIE k\u016bdiki\u0173 sensoriniai kalad\u0117li\u0173 rinkinys \u201eSqueeze Puzzle\u201c (12 vnt.) - KidsPlay. Did\u017eiausias vaik\u0173 \u017eaisl\u0173 pasirinkimas.","breadcrumb":{"@id":"https:\/\/kidsplay.lt\/produktas\/woopie-kudikiu-sensoriniai-kaladeliu-rinkinys-squeeze-puzzle-12-vnt\/#breadcrumb"},"inLanguage":"lv-LV","potentialAction":[{"@type":"ReadAction","target":["https:\/\/kidsplay.lt\/produktas\/woopie-kudikiu-sensoriniai-kaladeliu-rinkinys-squeeze-puzzle-12-vnt\/"]}]},{"@type":"ImageObject","inLanguage":"lv-LV","@id":"https:\/\/kidsplay.lt\/produktas\/woopie-kudikiu-sensoriniai-kaladeliu-rinkinys-squeeze-puzzle-12-vnt\/#primaryimage","url":"https:\/\/kidsplay.lt\/wp-content\/uploads\/2026\/04\/WOOPIE-kudikiu-sensoriniai-kaladeliu-rinkinys-\u201eSqueeze-Puzzle-12-vnt.jpg","contentUrl":"https:\/\/kidsplay.lt\/wp-content\/uploads\/2026\/04\/WOOPIE-kudikiu-sensoriniai-kaladeliu-rinkinys-\u201eSqueeze-Puzzle-12-vnt.jpg","width":1000,"height":1000,"caption":"WOOPIE k\u016bdiki\u0173 sensoriniai kalad\u0117li\u0173 rinkinys \u201eSqueeze Puzzle\u201c (12 vnt.)"},{"@type":"BreadcrumbList","@id":"https:\/\/kidsplay.lt\/produktas\/woopie-kudikiu-sensoriniai-kaladeliu-rinkinys-squeeze-puzzle-12-vnt\/#breadcrumb","itemListElement":[{"@type":"ListItem","position":1,"name":"Pagrindinis","item":"https:\/\/kidsplay.lt\/"},{"@type":"ListItem","position":2,"name":"Parduotuv\u0117","item":"https:\/\/kidsplay.lt\/parduotuve\/"},{"@type":"ListItem","position":3,"name":"WOOPIE k\u016bdiki\u0173 sensoriniai kalad\u0117li\u0173 rinkinys \u201eSqueeze Puzzle\u201c (12 vnt.)"}]},{"@type":"WebSite","@id":"https:\/\/kidsplay.lt\/#website","url":"https:\/\/kidsplay.lt\/","name":"B\u0113rnu sp\u0113les.lv","description":"\u012evairios prek\u0117s vaikams","publisher":{"@id":"https:\/\/kidsplay.lt\/#organization"},"alternateName":"Kidsplay","potentialAction":[{"@type":"SearchAction","target":{"@type":"EntryPoint","urlTemplate":"https:\/\/kidsplay.lt\/?s={search_term_string}"},"query-input":{"@type":"PropertyValueSpecification","valueRequired":true,"valueName":"search_term_string"}}],"inLanguage":"lv-LV"},{"@type":"Organization","@id":"https:\/\/kidsplay.lt\/#organization","name":"B\u0113rnu sp\u0113le","url":"https:\/\/kidsplay.lt\/","logo":{"@type":"ImageObject","inLanguage":"lv-LV","@id":"https:\/\/kidsplay.lt\/#\/schema\/logo\/image\/","url":"https:\/\/kidsplay.lt\/wp-content\/uploads\/2023\/07\/kidsplay-logo.png","contentUrl":"https:\/\/kidsplay.lt\/wp-content\/uploads\/2023\/07\/kidsplay-logo.png","width":451,"height":98,"caption":"KidsPlay"},"image":{"@id":"https:\/\/kidsplay.lt\/#\/schema\/logo\/image\/"},"sameAs":["https:\/\/www.facebook.com\/www.kidsplay.lt"]}]}},"_links":{"self":[{"href":"https:\/\/kidsplay.lt\/lv\/wp-json\/wp\/v2\/product\/112379","targetHints":{"allow":["GET"]}}],"collection":[{"href":"https:\/\/kidsplay.lt\/lv\/wp-json\/wp\/v2\/product"}],"about":[{"href":"https:\/\/kidsplay.lt\/lv\/wp-json\/wp\/v2\/types\/product"}],"version-history":[{"count":1,"href":"https:\/\/kidsplay.lt\/lv\/wp-json\/wp\/v2\/product\/112379\/revisions"}],"predecessor-version":[{"id":112380,"href":"https:\/\/kidsplay.lt\/lv\/wp-json\/wp\/v2\/product\/112379\/revisions\/112380"}],"wp:featuredmedia":[{"embeddable":true,"href":"https:\/\/kidsplay.lt\/lv\/wp-json\/wp\/v2\/media\/112381"}],"wp:attachment":[{"href":"https:\/\/kidsplay.lt\/lv\/wp-json\/wp\/v2\/media?parent=112379"}],"wp:term":[{"taxonomy":"product_brand","embeddable":true,"href":"https:\/\/kidsplay.lt\/lv\/wp-json\/wp\/v2\/product_brand?post=112379"},{"taxonomy":"product_cat","embeddable":true,"href":"https:\/\/kidsplay.lt\/lv\/wp-json\/wp\/v2\/product_cat?post=112379"},{"taxonomy":"product_tag","embeddable":true,"href":"https:\/\/kidsplay.lt\/lv\/wp-json\/wp\/v2\/product_tag?post=112379"}],"curies":[{"name":"wp","href":"https:\/\/api.w.org\/{rel}","templated":true}]}}