{"id":112386,"date":"2026-04-30T13:28:12","date_gmt":"2026-04-30T10:28:12","guid":{"rendered":"https:\/\/kidsplay.lt\/produktas\/woopie-kudikio-migdukas-meskiukas-su-projektoriumi-ir-15-melodiju\/"},"modified":"2026-04-30T18:30:02","modified_gmt":"2026-04-30T15:30:02","slug":"woopie-kudikio-migdukas-meskiukas-su-projektoriumi-ir-15-melodiju","status":"publish","type":"product","link":"https:\/\/kidsplay.lt\/lv\/products\/woopie-kudikio-migdukas-meskiukas-su-projektoriumi-ir-15-melodiju\/","title":{"rendered":"WOOPIE k\u016bdikio migdukas me\u0161kiukas su projektoriumi ir 15 melodij\u0173"},"content":{"rendered":"<p>WOOPIE \u201ePolar Bear\u201c \u2013 tai mink\u0161tas, saugus migdukas k\u016bdikiams nuo gimimo, derinantis \u0161velnios pliu\u0161in\u0117s me\u0161kiuko formos \u017eaisl\u0105 su projektoriaus ir raminan\u010di\u0173 gars\u0173 funkcijomis. Jis padeda sukurti rami\u0105 miego aplink\u0105 ir palengvina u\u017emigim\u0105.<br \/>\nProjektorius ant lub\u0173 ar sienos rodo \u017evaig\u017ed\u0117t\u0105 dang\u0173 su m\u0117nuliu, o \u012fmontuota mechanin\u0117 muzikos d\u0117\u017eut\u0117 leid\u017eia \u0161velni\u0105 melodij\u0105. Elektroninis modulis yra nuimamas, tod\u0117l me\u0161kiuk\u0105 galima skalbti.<br \/>\nRaksturojums:<\/p>\n<p> \tskirtas nuo gimimo,<br \/>\n \t\u017evaig\u017ed\u0117to dangaus projektorius,<br \/>\n \traminanti muzika (\u012fmontuota muzikos d\u0117\u017eut\u0117),<br \/>\n \tnuimamas elektroninis modulis,<br \/>\n \tgalima skalbti skalbimo ma\u0161inoje (i\u0161\u0117mus elektronik\u0105),<br \/>\n \tmink\u0161ta, saugi med\u017eiaga,<br \/>\n \tmaitinamas 3 \u00d7 AAA 1.5V baterijomis (ne\u012feina).<\/p>\n<p>Komplekt\u0101 ietilpst:<\/p>\n<p> \tpliu\u0161inis poliarinis lokys,<br \/>\n \tnuimamas projektoriaus ir garso modulis.<\/p>\n<p>\u017daislas lavina \/ padeda:<\/p>\n<p> \tregos poj\u016bt\u012f (\u0161vies\u0173 projekcijos),<br \/>\n \tklausos poj\u016bt\u012f (raminan\u010dios melodijos),<br \/>\n \tsaugumo ir komforto jausm\u0105,<br \/>\n \tlengvesn\u012f u\u017emigim\u0105,<br \/>\n \tmiego rutinos formavim\u0105.<\/p>","protected":false},"excerpt":{"rendered":"<p>WOOPIE \u201ePolar Bear\u201c \u2013 tai mink\u0161tas, saugus migdukas k\u016bdikiams nuo gimimo, derinantis \u0161velnios pliu\u0161in\u0117s me\u0161kiuko formos \u017eaisl\u0105 su projektoriaus ir<\/p>","protected":false},"featured_media":112388,"template":"","meta":{"_acf_changed":false,"_glsr_average":0,"_glsr_ranking":0,"_glsr_reviews":0},"product_brand":[],"product_cat":[396,458],"product_tag":[],"class_list":{"0":"post-112386","1":"product","2":"type-product","3":"status-publish","4":"has-post-thumbnail","6":"product_cat-kudikiu-zaislai-vaikams2","7":"product_cat-ramiam-uzmigimui","8":"\"style=\"background-color: #2ecc711c;\"","10":"first","11":"instock","12":"purchasable","13":"product-type-simple"},"acf":[],"yoast_head":"<!-- This site is optimized with the Yoast SEO plugin v27.5 - https:\/\/yoast.com\/product\/yoast-seo-wordpress\/ -->\n<title>WOOPIE k\u016bdikio migdukas me\u0161kiukas su projektoriumi ir 15 melodij\u0173<\/title>\n<meta name=\"description\" content=\"WOOPIE k\u016bdikio migdukas me\u0161kiukas su projektoriumi ir 15 melodij\u0173 - KidsPlay. Did\u017eiausias vaik\u0173 \u017eaisl\u0173 pasirinkimas.\" \/>\n<meta name=\"robots\" content=\"index, follow, max-snippet:-1, max-image-preview:large, max-video-preview:-1\" \/>\n<link rel=\"canonical\" href=\"https:\/\/kidsplay.lt\/lv\/products\/woopie-kudikio-migdukas-meskiukas-su-projektoriumi-ir-15-melodiju\/\" \/>\n<meta property=\"og:locale\" content=\"lv_LV\" \/>\n<meta property=\"og:type\" content=\"article\" \/>\n<meta property=\"og:title\" content=\"WOOPIE k\u016bdikio migdukas me\u0161kiukas su projektoriumi ir 15 melodij\u0173\" \/>\n<meta property=\"og:description\" content=\"WOOPIE k\u016bdikio migdukas me\u0161kiukas su projektoriumi ir 15 melodij\u0173 - KidsPlay. Did\u017eiausias vaik\u0173 \u017eaisl\u0173 pasirinkimas.\" \/>\n<meta property=\"og:url\" content=\"https:\/\/kidsplay.lt\/lv\/products\/woopie-kudikio-migdukas-meskiukas-su-projektoriumi-ir-15-melodiju\/\" \/>\n<meta property=\"og:site_name\" content=\"KidsPlay\" \/>\n<meta property=\"article:publisher\" content=\"https:\/\/www.facebook.com\/www.kidsplay.lt\" \/>\n<meta property=\"article:modified_time\" content=\"2026-04-30T15:30:02+00:00\" \/>\n<meta property=\"og:image\" content=\"https:\/\/kidsplay.lt\/wp-content\/uploads\/2026\/04\/WOOPIE-kudikio-migdukas-meskiukas-su-projektoriumi-ir-15-melodiju.jpg\" \/>\n\t<meta property=\"og:image:width\" content=\"1000\" \/>\n\t<meta property=\"og:image:height\" content=\"1000\" \/>\n\t<meta property=\"og:image:type\" content=\"image\/jpeg\" \/>\n<meta name=\"twitter:card\" content=\"summary_large_image\" \/>\n<meta name=\"twitter:label1\" content=\"Est. reading time\" \/>\n\t<meta name=\"twitter:data1\" content=\"1 min\u016bte\" \/>\n<script type=\"application\/ld+json\" class=\"yoast-schema-graph\">{\"@context\":\"https:\\\/\\\/schema.org\",\"@graph\":[{\"@type\":\"WebPage\",\"@id\":\"https:\\\/\\\/kidsplay.lt\\\/produktas\\\/woopie-kudikio-migdukas-meskiukas-su-projektoriumi-ir-15-melodiju\\\/\",\"url\":\"https:\\\/\\\/kidsplay.lt\\\/produktas\\\/woopie-kudikio-migdukas-meskiukas-su-projektoriumi-ir-15-melodiju\\\/\",\"name\":\"WOOPIE k\u016bdikio migdukas me\u0161kiukas su projektoriumi ir 15 melodij\u0173\",\"isPartOf\":{\"@id\":\"https:\\\/\\\/kidsplay.lt\\\/#website\"},\"primaryImageOfPage\":{\"@id\":\"https:\\\/\\\/kidsplay.lt\\\/produktas\\\/woopie-kudikio-migdukas-meskiukas-su-projektoriumi-ir-15-melodiju\\\/#primaryimage\"},\"image\":{\"@id\":\"https:\\\/\\\/kidsplay.lt\\\/produktas\\\/woopie-kudikio-migdukas-meskiukas-su-projektoriumi-ir-15-melodiju\\\/#primaryimage\"},\"thumbnailUrl\":\"https:\\\/\\\/kidsplay.lt\\\/wp-content\\\/uploads\\\/2026\\\/04\\\/WOOPIE-kudikio-migdukas-meskiukas-su-projektoriumi-ir-15-melodiju.jpg\",\"datePublished\":\"2026-04-30T10:28:12+00:00\",\"dateModified\":\"2026-04-30T15:30:02+00:00\",\"description\":\"WOOPIE k\u016bdikio migdukas me\u0161kiukas su projektoriumi ir 15 melodij\u0173 - KidsPlay. Did\u017eiausias vaik\u0173 \u017eaisl\u0173 pasirinkimas.\",\"breadcrumb\":{\"@id\":\"https:\\\/\\\/kidsplay.lt\\\/produktas\\\/woopie-kudikio-migdukas-meskiukas-su-projektoriumi-ir-15-melodiju\\\/#breadcrumb\"},\"inLanguage\":\"lv-LV\",\"potentialAction\":[{\"@type\":\"ReadAction\",\"target\":[\"https:\\\/\\\/kidsplay.lt\\\/produktas\\\/woopie-kudikio-migdukas-meskiukas-su-projektoriumi-ir-15-melodiju\\\/\"]}]},{\"@type\":\"ImageObject\",\"inLanguage\":\"lv-LV\",\"@id\":\"https:\\\/\\\/kidsplay.lt\\\/produktas\\\/woopie-kudikio-migdukas-meskiukas-su-projektoriumi-ir-15-melodiju\\\/#primaryimage\",\"url\":\"https:\\\/\\\/kidsplay.lt\\\/wp-content\\\/uploads\\\/2026\\\/04\\\/WOOPIE-kudikio-migdukas-meskiukas-su-projektoriumi-ir-15-melodiju.jpg\",\"contentUrl\":\"https:\\\/\\\/kidsplay.lt\\\/wp-content\\\/uploads\\\/2026\\\/04\\\/WOOPIE-kudikio-migdukas-meskiukas-su-projektoriumi-ir-15-melodiju.jpg\",\"width\":1000,\"height\":1000,\"caption\":\"WOOPIE k\u016bdikio migdukas me\u0161kiukas su projektoriumi ir 15 melodij\u0173\"},{\"@type\":\"BreadcrumbList\",\"@id\":\"https:\\\/\\\/kidsplay.lt\\\/produktas\\\/woopie-kudikio-migdukas-meskiukas-su-projektoriumi-ir-15-melodiju\\\/#breadcrumb\",\"itemListElement\":[{\"@type\":\"ListItem\",\"position\":1,\"name\":\"Pagrindinis\",\"item\":\"https:\\\/\\\/kidsplay.lt\\\/\"},{\"@type\":\"ListItem\",\"position\":2,\"name\":\"Parduotuv\u0117\",\"item\":\"https:\\\/\\\/kidsplay.lt\\\/parduotuve\\\/\"},{\"@type\":\"ListItem\",\"position\":3,\"name\":\"WOOPIE k\u016bdikio migdukas me\u0161kiukas su projektoriumi ir 15 melodij\u0173\"}]},{\"@type\":\"WebSite\",\"@id\":\"https:\\\/\\\/kidsplay.lt\\\/#website\",\"url\":\"https:\\\/\\\/kidsplay.lt\\\/\",\"name\":\"Kidsplay.lt\",\"description\":\"\u012evairios prek\u0117s vaikams\",\"publisher\":{\"@id\":\"https:\\\/\\\/kidsplay.lt\\\/#organization\"},\"alternateName\":\"Kidsplay\",\"potentialAction\":[{\"@type\":\"SearchAction\",\"target\":{\"@type\":\"EntryPoint\",\"urlTemplate\":\"https:\\\/\\\/kidsplay.lt\\\/?s={search_term_string}\"},\"query-input\":{\"@type\":\"PropertyValueSpecification\",\"valueRequired\":true,\"valueName\":\"search_term_string\"}}],\"inLanguage\":\"lv-LV\"},{\"@type\":\"Organization\",\"@id\":\"https:\\\/\\\/kidsplay.lt\\\/#organization\",\"name\":\"KidsPlay\",\"url\":\"https:\\\/\\\/kidsplay.lt\\\/\",\"logo\":{\"@type\":\"ImageObject\",\"inLanguage\":\"lv-LV\",\"@id\":\"https:\\\/\\\/kidsplay.lt\\\/#\\\/schema\\\/logo\\\/image\\\/\",\"url\":\"https:\\\/\\\/kidsplay.lt\\\/wp-content\\\/uploads\\\/2023\\\/07\\\/kidsplay-logo.png\",\"contentUrl\":\"https:\\\/\\\/kidsplay.lt\\\/wp-content\\\/uploads\\\/2023\\\/07\\\/kidsplay-logo.png\",\"width\":451,\"height\":98,\"caption\":\"KidsPlay\"},\"image\":{\"@id\":\"https:\\\/\\\/kidsplay.lt\\\/#\\\/schema\\\/logo\\\/image\\\/\"},\"sameAs\":[\"https:\\\/\\\/www.facebook.com\\\/www.kidsplay.lt\"]}]}<\/script>\n<!-- \/ Yoast SEO plugin. -->","yoast_head_json":{"title":"WOOPIE k\u016bdikio migdukas me\u0161kiukas su projektoriumi ir 15 melodij\u0173","description":"WOOPIE k\u016bdikio migdukas me\u0161kiukas su projektoriumi ir 15 melodij\u0173 - KidsPlay. Did\u017eiausias vaik\u0173 \u017eaisl\u0173 pasirinkimas.","robots":{"index":"index","follow":"follow","max-snippet":"max-snippet:-1","max-image-preview":"max-image-preview:large","max-video-preview":"max-video-preview:-1"},"canonical":"https:\/\/kidsplay.lt\/lv\/products\/woopie-kudikio-migdukas-meskiukas-su-projektoriumi-ir-15-melodiju\/","og_locale":"lv_LV","og_type":"article","og_title":"WOOPIE k\u016bdikio migdukas me\u0161kiukas su projektoriumi ir 15 melodij\u0173","og_description":"WOOPIE k\u016bdikio migdukas me\u0161kiukas su projektoriumi ir 15 melodij\u0173 - KidsPlay. Did\u017eiausias vaik\u0173 \u017eaisl\u0173 pasirinkimas.","og_url":"https:\/\/kidsplay.lt\/lv\/products\/woopie-kudikio-migdukas-meskiukas-su-projektoriumi-ir-15-melodiju\/","og_site_name":"KidsPlay","article_publisher":"https:\/\/www.facebook.com\/www.kidsplay.lt","article_modified_time":"2026-04-30T15:30:02+00:00","og_image":[{"width":1000,"height":1000,"url":"https:\/\/kidsplay.lt\/wp-content\/uploads\/2026\/04\/WOOPIE-kudikio-migdukas-meskiukas-su-projektoriumi-ir-15-melodiju.jpg","type":"image\/jpeg"}],"twitter_card":"summary_large_image","twitter_misc":{"Est. reading time":"1 min\u016bte"},"schema":{"@context":"https:\/\/schema.org","@graph":[{"@type":"WebPage","@id":"https:\/\/kidsplay.lt\/produktas\/woopie-kudikio-migdukas-meskiukas-su-projektoriumi-ir-15-melodiju\/","url":"https:\/\/kidsplay.lt\/produktas\/woopie-kudikio-migdukas-meskiukas-su-projektoriumi-ir-15-melodiju\/","name":"WOOPIE k\u016bdikio migdukas me\u0161kiukas su projektoriumi ir 15 melodij\u0173","isPartOf":{"@id":"https:\/\/kidsplay.lt\/#website"},"primaryImageOfPage":{"@id":"https:\/\/kidsplay.lt\/produktas\/woopie-kudikio-migdukas-meskiukas-su-projektoriumi-ir-15-melodiju\/#primaryimage"},"image":{"@id":"https:\/\/kidsplay.lt\/produktas\/woopie-kudikio-migdukas-meskiukas-su-projektoriumi-ir-15-melodiju\/#primaryimage"},"thumbnailUrl":"https:\/\/kidsplay.lt\/wp-content\/uploads\/2026\/04\/WOOPIE-kudikio-migdukas-meskiukas-su-projektoriumi-ir-15-melodiju.jpg","datePublished":"2026-04-30T10:28:12+00:00","dateModified":"2026-04-30T15:30:02+00:00","description":"WOOPIE k\u016bdikio migdukas me\u0161kiukas su projektoriumi ir 15 melodij\u0173 - KidsPlay. Did\u017eiausias vaik\u0173 \u017eaisl\u0173 pasirinkimas.","breadcrumb":{"@id":"https:\/\/kidsplay.lt\/produktas\/woopie-kudikio-migdukas-meskiukas-su-projektoriumi-ir-15-melodiju\/#breadcrumb"},"inLanguage":"lv-LV","potentialAction":[{"@type":"ReadAction","target":["https:\/\/kidsplay.lt\/produktas\/woopie-kudikio-migdukas-meskiukas-su-projektoriumi-ir-15-melodiju\/"]}]},{"@type":"ImageObject","inLanguage":"lv-LV","@id":"https:\/\/kidsplay.lt\/produktas\/woopie-kudikio-migdukas-meskiukas-su-projektoriumi-ir-15-melodiju\/#primaryimage","url":"https:\/\/kidsplay.lt\/wp-content\/uploads\/2026\/04\/WOOPIE-kudikio-migdukas-meskiukas-su-projektoriumi-ir-15-melodiju.jpg","contentUrl":"https:\/\/kidsplay.lt\/wp-content\/uploads\/2026\/04\/WOOPIE-kudikio-migdukas-meskiukas-su-projektoriumi-ir-15-melodiju.jpg","width":1000,"height":1000,"caption":"WOOPIE k\u016bdikio migdukas me\u0161kiukas su projektoriumi ir 15 melodij\u0173"},{"@type":"BreadcrumbList","@id":"https:\/\/kidsplay.lt\/produktas\/woopie-kudikio-migdukas-meskiukas-su-projektoriumi-ir-15-melodiju\/#breadcrumb","itemListElement":[{"@type":"ListItem","position":1,"name":"Pagrindinis","item":"https:\/\/kidsplay.lt\/"},{"@type":"ListItem","position":2,"name":"Parduotuv\u0117","item":"https:\/\/kidsplay.lt\/parduotuve\/"},{"@type":"ListItem","position":3,"name":"WOOPIE k\u016bdikio migdukas me\u0161kiukas su projektoriumi ir 15 melodij\u0173"}]},{"@type":"WebSite","@id":"https:\/\/kidsplay.lt\/#website","url":"https:\/\/kidsplay.lt\/","name":"B\u0113rnu sp\u0113les.lv","description":"\u012evairios prek\u0117s vaikams","publisher":{"@id":"https:\/\/kidsplay.lt\/#organization"},"alternateName":"Kidsplay","potentialAction":[{"@type":"SearchAction","target":{"@type":"EntryPoint","urlTemplate":"https:\/\/kidsplay.lt\/?s={search_term_string}"},"query-input":{"@type":"PropertyValueSpecification","valueRequired":true,"valueName":"search_term_string"}}],"inLanguage":"lv-LV"},{"@type":"Organization","@id":"https:\/\/kidsplay.lt\/#organization","name":"B\u0113rnu sp\u0113le","url":"https:\/\/kidsplay.lt\/","logo":{"@type":"ImageObject","inLanguage":"lv-LV","@id":"https:\/\/kidsplay.lt\/#\/schema\/logo\/image\/","url":"https:\/\/kidsplay.lt\/wp-content\/uploads\/2023\/07\/kidsplay-logo.png","contentUrl":"https:\/\/kidsplay.lt\/wp-content\/uploads\/2023\/07\/kidsplay-logo.png","width":451,"height":98,"caption":"KidsPlay"},"image":{"@id":"https:\/\/kidsplay.lt\/#\/schema\/logo\/image\/"},"sameAs":["https:\/\/www.facebook.com\/www.kidsplay.lt"]}]}},"_links":{"self":[{"href":"https:\/\/kidsplay.lt\/lv\/wp-json\/wp\/v2\/product\/112386","targetHints":{"allow":["GET"]}}],"collection":[{"href":"https:\/\/kidsplay.lt\/lv\/wp-json\/wp\/v2\/product"}],"about":[{"href":"https:\/\/kidsplay.lt\/lv\/wp-json\/wp\/v2\/types\/product"}],"version-history":[{"count":1,"href":"https:\/\/kidsplay.lt\/lv\/wp-json\/wp\/v2\/product\/112386\/revisions"}],"predecessor-version":[{"id":112387,"href":"https:\/\/kidsplay.lt\/lv\/wp-json\/wp\/v2\/product\/112386\/revisions\/112387"}],"wp:featuredmedia":[{"embeddable":true,"href":"https:\/\/kidsplay.lt\/lv\/wp-json\/wp\/v2\/media\/112388"}],"wp:attachment":[{"href":"https:\/\/kidsplay.lt\/lv\/wp-json\/wp\/v2\/media?parent=112386"}],"wp:term":[{"taxonomy":"product_brand","embeddable":true,"href":"https:\/\/kidsplay.lt\/lv\/wp-json\/wp\/v2\/product_brand?post=112386"},{"taxonomy":"product_cat","embeddable":true,"href":"https:\/\/kidsplay.lt\/lv\/wp-json\/wp\/v2\/product_cat?post=112386"},{"taxonomy":"product_tag","embeddable":true,"href":"https:\/\/kidsplay.lt\/lv\/wp-json\/wp\/v2\/product_tag?post=112386"}],"curies":[{"name":"wp","href":"https:\/\/api.w.org\/{rel}","templated":true}]}}