{"id":112406,"date":"2026-04-30T13:29:11","date_gmt":"2026-04-30T10:29:11","guid":{"rendered":"https:\/\/kidsplay.lt\/produktas\/woopie-elektrinis-traukinys-su-dideliu-914-cm-begiu-rinkiniu-86-vnt\/"},"modified":"2026-04-30T18:30:04","modified_gmt":"2026-04-30T15:30:04","slug":"woopie-elektrinis-traukinys-su-dideliu-914-cm-begiu-rinkiniu-86-vnt","status":"publish","type":"product","link":"https:\/\/kidsplay.lt\/lv\/products\/woopie-elektrinis-traukinys-su-dideliu-914-cm-begiu-rinkiniu-86-vnt\/","title":{"rendered":"WOOPIE elektrinis traukinys su dideliu 914 cm b\u0117gi\u0173 rinkiniu (86 vnt.)"},"content":{"rendered":"<p>WOOPIE elektrinis keleivinis traukinys yra \u012fsp\u016bdingas \u017eaislas vaikams nuo 3 met\u0173, sukurtas ilgam ir \u012ftraukiam \u017eaidimui. Tai kruop\u0161\u010diai pagamintas rinkinys su b\u0117gi\u0173 sistema, kuri\u0105 sudaro net 914 cm trasa, tiltas, tunelis ir \u012fvair\u016bs miesto elementai.<br \/>\nLokomotyvas yra varomas baterijomis, jud\u0117damas \u0161vie\u010dia priekin\u0117mis lemput\u0117mis, o greit\u012f galima reguliuoti. Pakeliamas tiltas aktyvuojamas mygtuku, tod\u0117l \u017eaidimas tampa dar interaktyvesnis ir realesnis.<br \/>\nRaksturojums:<\/p>\n<p> \tskirtas vaikams nuo 3 met\u0173,<br \/>\n \t5 dali\u0173 Pendolino tipo traukinys,<br \/>\n \telektrinis lokomotyvas su \u0161viesa priekyje,<br \/>\n \tbaterijinis veikimas (2 \u00d7 AAA 1.5V),<br \/>\n \tpakeliamas tiltas su mygtuku,<br \/>\n \tkomplekte: tunelis, \u017eenklai, pastat\u0173 maketai, u\u017etvarai, med\u017eiai, \u017eibintai,<br \/>\n \tpagamintas i\u0161 auk\u0161tos kokyb\u0117s, patvaraus plastiko.<\/p>","protected":false},"excerpt":{"rendered":"<p>WOOPIE elektrinis keleivinis traukinys yra \u012fsp\u016bdingas \u017eaislas vaikams nuo 3 met\u0173, sukurtas ilgam ir \u012ftraukiam \u017eaidimui. Tai kruop\u0161\u010diai pagamintas rinkinys<\/p>","protected":false},"featured_media":112408,"template":"","meta":{"_acf_changed":false,"_glsr_average":0,"_glsr_ranking":0,"_glsr_reviews":0},"product_brand":[],"product_cat":[448,229],"product_tag":[],"class_list":{"0":"post-112406","1":"product","2":"type-product","3":"status-publish","4":"has-post-thumbnail","6":"product_cat-automobiliai-ir-transportas","7":"product_cat-zaislai-vaikams","8":"\"style=\"background-color: #2ecc711c;\"","10":"first","11":"instock","12":"purchasable","13":"product-type-simple"},"acf":[],"yoast_head":"<!-- This site is optimized with the Yoast SEO plugin v27.5 - https:\/\/yoast.com\/product\/yoast-seo-wordpress\/ -->\n<title>WOOPIE elektrinis traukinys su dideliu 914 cm b\u0117gi\u0173 rinkiniu (86 vnt.)<\/title>\n<meta name=\"description\" content=\"WOOPIE elektrinis traukinys su dideliu 914 cm b\u0117gi\u0173 rinkiniu (86 vnt.) - KidsPlay. Did\u017eiausias vaik\u0173 \u017eaisl\u0173 pasirinkimas.\" \/>\n<meta name=\"robots\" content=\"index, follow, max-snippet:-1, max-image-preview:large, max-video-preview:-1\" \/>\n<link rel=\"canonical\" href=\"https:\/\/kidsplay.lt\/lv\/products\/woopie-elektrinis-traukinys-su-dideliu-914-cm-begiu-rinkiniu-86-vnt\/\" \/>\n<meta property=\"og:locale\" content=\"lv_LV\" \/>\n<meta property=\"og:type\" content=\"article\" \/>\n<meta property=\"og:title\" content=\"WOOPIE elektrinis traukinys su dideliu 914 cm b\u0117gi\u0173 rinkiniu (86 vnt.)\" \/>\n<meta property=\"og:description\" content=\"WOOPIE elektrinis traukinys su dideliu 914 cm b\u0117gi\u0173 rinkiniu (86 vnt.) - KidsPlay. Did\u017eiausias vaik\u0173 \u017eaisl\u0173 pasirinkimas.\" \/>\n<meta property=\"og:url\" content=\"https:\/\/kidsplay.lt\/lv\/products\/woopie-elektrinis-traukinys-su-dideliu-914-cm-begiu-rinkiniu-86-vnt\/\" \/>\n<meta property=\"og:site_name\" content=\"KidsPlay\" \/>\n<meta property=\"article:publisher\" content=\"https:\/\/www.facebook.com\/www.kidsplay.lt\" \/>\n<meta property=\"article:modified_time\" content=\"2026-04-30T15:30:04+00:00\" \/>\n<meta property=\"og:image\" content=\"https:\/\/kidsplay.lt\/wp-content\/uploads\/2026\/04\/WOOPIE-elektrinis-traukinys-su-dideliu-914-cm-begiu-rinkiniu-86-vnt-800x800.png\" \/>\n\t<meta property=\"og:image:width\" content=\"800\" \/>\n\t<meta property=\"og:image:height\" content=\"800\" \/>\n\t<meta property=\"og:image:type\" content=\"image\/png\" \/>\n<meta name=\"twitter:card\" content=\"summary_large_image\" \/>\n<meta name=\"twitter:label1\" content=\"Est. reading time\" \/>\n\t<meta name=\"twitter:data1\" content=\"1 min\u016bte\" \/>\n<script type=\"application\/ld+json\" class=\"yoast-schema-graph\">{\"@context\":\"https:\\\/\\\/schema.org\",\"@graph\":[{\"@type\":\"WebPage\",\"@id\":\"https:\\\/\\\/kidsplay.lt\\\/produktas\\\/woopie-elektrinis-traukinys-su-dideliu-914-cm-begiu-rinkiniu-86-vnt\\\/\",\"url\":\"https:\\\/\\\/kidsplay.lt\\\/produktas\\\/woopie-elektrinis-traukinys-su-dideliu-914-cm-begiu-rinkiniu-86-vnt\\\/\",\"name\":\"WOOPIE elektrinis traukinys su dideliu 914 cm b\u0117gi\u0173 rinkiniu (86 vnt.)\",\"isPartOf\":{\"@id\":\"https:\\\/\\\/kidsplay.lt\\\/#website\"},\"primaryImageOfPage\":{\"@id\":\"https:\\\/\\\/kidsplay.lt\\\/produktas\\\/woopie-elektrinis-traukinys-su-dideliu-914-cm-begiu-rinkiniu-86-vnt\\\/#primaryimage\"},\"image\":{\"@id\":\"https:\\\/\\\/kidsplay.lt\\\/produktas\\\/woopie-elektrinis-traukinys-su-dideliu-914-cm-begiu-rinkiniu-86-vnt\\\/#primaryimage\"},\"thumbnailUrl\":\"https:\\\/\\\/kidsplay.lt\\\/wp-content\\\/uploads\\\/2026\\\/04\\\/WOOPIE-elektrinis-traukinys-su-dideliu-914-cm-begiu-rinkiniu-86-vnt.png\",\"datePublished\":\"2026-04-30T10:29:11+00:00\",\"dateModified\":\"2026-04-30T15:30:04+00:00\",\"description\":\"WOOPIE elektrinis traukinys su dideliu 914 cm b\u0117gi\u0173 rinkiniu (86 vnt.) - KidsPlay. Did\u017eiausias vaik\u0173 \u017eaisl\u0173 pasirinkimas.\",\"breadcrumb\":{\"@id\":\"https:\\\/\\\/kidsplay.lt\\\/produktas\\\/woopie-elektrinis-traukinys-su-dideliu-914-cm-begiu-rinkiniu-86-vnt\\\/#breadcrumb\"},\"inLanguage\":\"lv-LV\",\"potentialAction\":[{\"@type\":\"ReadAction\",\"target\":[\"https:\\\/\\\/kidsplay.lt\\\/produktas\\\/woopie-elektrinis-traukinys-su-dideliu-914-cm-begiu-rinkiniu-86-vnt\\\/\"]}]},{\"@type\":\"ImageObject\",\"inLanguage\":\"lv-LV\",\"@id\":\"https:\\\/\\\/kidsplay.lt\\\/produktas\\\/woopie-elektrinis-traukinys-su-dideliu-914-cm-begiu-rinkiniu-86-vnt\\\/#primaryimage\",\"url\":\"https:\\\/\\\/kidsplay.lt\\\/wp-content\\\/uploads\\\/2026\\\/04\\\/WOOPIE-elektrinis-traukinys-su-dideliu-914-cm-begiu-rinkiniu-86-vnt.png\",\"contentUrl\":\"https:\\\/\\\/kidsplay.lt\\\/wp-content\\\/uploads\\\/2026\\\/04\\\/WOOPIE-elektrinis-traukinys-su-dideliu-914-cm-begiu-rinkiniu-86-vnt.png\",\"width\":2560,\"height\":2560,\"caption\":\"WOOPIE elektrinis traukinys su dideliu 914 cm b\u0117gi\u0173 rinkiniu (86 vnt.)\"},{\"@type\":\"BreadcrumbList\",\"@id\":\"https:\\\/\\\/kidsplay.lt\\\/produktas\\\/woopie-elektrinis-traukinys-su-dideliu-914-cm-begiu-rinkiniu-86-vnt\\\/#breadcrumb\",\"itemListElement\":[{\"@type\":\"ListItem\",\"position\":1,\"name\":\"Pagrindinis\",\"item\":\"https:\\\/\\\/kidsplay.lt\\\/\"},{\"@type\":\"ListItem\",\"position\":2,\"name\":\"Parduotuv\u0117\",\"item\":\"https:\\\/\\\/kidsplay.lt\\\/parduotuve\\\/\"},{\"@type\":\"ListItem\",\"position\":3,\"name\":\"WOOPIE elektrinis traukinys su dideliu 914 cm b\u0117gi\u0173 rinkiniu (86 vnt.)\"}]},{\"@type\":\"WebSite\",\"@id\":\"https:\\\/\\\/kidsplay.lt\\\/#website\",\"url\":\"https:\\\/\\\/kidsplay.lt\\\/\",\"name\":\"Kidsplay.lt\",\"description\":\"\u012evairios prek\u0117s vaikams\",\"publisher\":{\"@id\":\"https:\\\/\\\/kidsplay.lt\\\/#organization\"},\"alternateName\":\"Kidsplay\",\"potentialAction\":[{\"@type\":\"SearchAction\",\"target\":{\"@type\":\"EntryPoint\",\"urlTemplate\":\"https:\\\/\\\/kidsplay.lt\\\/?s={search_term_string}\"},\"query-input\":{\"@type\":\"PropertyValueSpecification\",\"valueRequired\":true,\"valueName\":\"search_term_string\"}}],\"inLanguage\":\"lv-LV\"},{\"@type\":\"Organization\",\"@id\":\"https:\\\/\\\/kidsplay.lt\\\/#organization\",\"name\":\"KidsPlay\",\"url\":\"https:\\\/\\\/kidsplay.lt\\\/\",\"logo\":{\"@type\":\"ImageObject\",\"inLanguage\":\"lv-LV\",\"@id\":\"https:\\\/\\\/kidsplay.lt\\\/#\\\/schema\\\/logo\\\/image\\\/\",\"url\":\"https:\\\/\\\/kidsplay.lt\\\/wp-content\\\/uploads\\\/2023\\\/07\\\/kidsplay-logo.png\",\"contentUrl\":\"https:\\\/\\\/kidsplay.lt\\\/wp-content\\\/uploads\\\/2023\\\/07\\\/kidsplay-logo.png\",\"width\":451,\"height\":98,\"caption\":\"KidsPlay\"},\"image\":{\"@id\":\"https:\\\/\\\/kidsplay.lt\\\/#\\\/schema\\\/logo\\\/image\\\/\"},\"sameAs\":[\"https:\\\/\\\/www.facebook.com\\\/www.kidsplay.lt\"]}]}<\/script>\n<!-- \/ Yoast SEO plugin. -->","yoast_head_json":{"title":"WOOPIE elektrinis traukinys su dideliu 914 cm b\u0117gi\u0173 rinkiniu (86 vnt.)","description":"WOOPIE elektrinis traukinys su dideliu 914 cm b\u0117gi\u0173 rinkiniu (86 vnt.) - KidsPlay. Did\u017eiausias vaik\u0173 \u017eaisl\u0173 pasirinkimas.","robots":{"index":"index","follow":"follow","max-snippet":"max-snippet:-1","max-image-preview":"max-image-preview:large","max-video-preview":"max-video-preview:-1"},"canonical":"https:\/\/kidsplay.lt\/lv\/products\/woopie-elektrinis-traukinys-su-dideliu-914-cm-begiu-rinkiniu-86-vnt\/","og_locale":"lv_LV","og_type":"article","og_title":"WOOPIE elektrinis traukinys su dideliu 914 cm b\u0117gi\u0173 rinkiniu (86 vnt.)","og_description":"WOOPIE elektrinis traukinys su dideliu 914 cm b\u0117gi\u0173 rinkiniu (86 vnt.) - KidsPlay. Did\u017eiausias vaik\u0173 \u017eaisl\u0173 pasirinkimas.","og_url":"https:\/\/kidsplay.lt\/lv\/products\/woopie-elektrinis-traukinys-su-dideliu-914-cm-begiu-rinkiniu-86-vnt\/","og_site_name":"KidsPlay","article_publisher":"https:\/\/www.facebook.com\/www.kidsplay.lt","article_modified_time":"2026-04-30T15:30:04+00:00","og_image":[{"width":800,"height":800,"url":"https:\/\/kidsplay.lt\/wp-content\/uploads\/2026\/04\/WOOPIE-elektrinis-traukinys-su-dideliu-914-cm-begiu-rinkiniu-86-vnt-800x800.png","type":"image\/png"}],"twitter_card":"summary_large_image","twitter_misc":{"Est. reading time":"1 min\u016bte"},"schema":{"@context":"https:\/\/schema.org","@graph":[{"@type":"WebPage","@id":"https:\/\/kidsplay.lt\/produktas\/woopie-elektrinis-traukinys-su-dideliu-914-cm-begiu-rinkiniu-86-vnt\/","url":"https:\/\/kidsplay.lt\/produktas\/woopie-elektrinis-traukinys-su-dideliu-914-cm-begiu-rinkiniu-86-vnt\/","name":"WOOPIE elektrinis traukinys su dideliu 914 cm b\u0117gi\u0173 rinkiniu (86 vnt.)","isPartOf":{"@id":"https:\/\/kidsplay.lt\/#website"},"primaryImageOfPage":{"@id":"https:\/\/kidsplay.lt\/produktas\/woopie-elektrinis-traukinys-su-dideliu-914-cm-begiu-rinkiniu-86-vnt\/#primaryimage"},"image":{"@id":"https:\/\/kidsplay.lt\/produktas\/woopie-elektrinis-traukinys-su-dideliu-914-cm-begiu-rinkiniu-86-vnt\/#primaryimage"},"thumbnailUrl":"https:\/\/kidsplay.lt\/wp-content\/uploads\/2026\/04\/WOOPIE-elektrinis-traukinys-su-dideliu-914-cm-begiu-rinkiniu-86-vnt.png","datePublished":"2026-04-30T10:29:11+00:00","dateModified":"2026-04-30T15:30:04+00:00","description":"WOOPIE elektrinis traukinys su dideliu 914 cm b\u0117gi\u0173 rinkiniu (86 vnt.) - KidsPlay. Did\u017eiausias vaik\u0173 \u017eaisl\u0173 pasirinkimas.","breadcrumb":{"@id":"https:\/\/kidsplay.lt\/produktas\/woopie-elektrinis-traukinys-su-dideliu-914-cm-begiu-rinkiniu-86-vnt\/#breadcrumb"},"inLanguage":"lv-LV","potentialAction":[{"@type":"ReadAction","target":["https:\/\/kidsplay.lt\/produktas\/woopie-elektrinis-traukinys-su-dideliu-914-cm-begiu-rinkiniu-86-vnt\/"]}]},{"@type":"ImageObject","inLanguage":"lv-LV","@id":"https:\/\/kidsplay.lt\/produktas\/woopie-elektrinis-traukinys-su-dideliu-914-cm-begiu-rinkiniu-86-vnt\/#primaryimage","url":"https:\/\/kidsplay.lt\/wp-content\/uploads\/2026\/04\/WOOPIE-elektrinis-traukinys-su-dideliu-914-cm-begiu-rinkiniu-86-vnt.png","contentUrl":"https:\/\/kidsplay.lt\/wp-content\/uploads\/2026\/04\/WOOPIE-elektrinis-traukinys-su-dideliu-914-cm-begiu-rinkiniu-86-vnt.png","width":2560,"height":2560,"caption":"WOOPIE elektrinis traukinys su dideliu 914 cm b\u0117gi\u0173 rinkiniu (86 vnt.)"},{"@type":"BreadcrumbList","@id":"https:\/\/kidsplay.lt\/produktas\/woopie-elektrinis-traukinys-su-dideliu-914-cm-begiu-rinkiniu-86-vnt\/#breadcrumb","itemListElement":[{"@type":"ListItem","position":1,"name":"Pagrindinis","item":"https:\/\/kidsplay.lt\/"},{"@type":"ListItem","position":2,"name":"Parduotuv\u0117","item":"https:\/\/kidsplay.lt\/parduotuve\/"},{"@type":"ListItem","position":3,"name":"WOOPIE elektrinis traukinys su dideliu 914 cm b\u0117gi\u0173 rinkiniu (86 vnt.)"}]},{"@type":"WebSite","@id":"https:\/\/kidsplay.lt\/#website","url":"https:\/\/kidsplay.lt\/","name":"B\u0113rnu sp\u0113les.lv","description":"\u012evairios prek\u0117s vaikams","publisher":{"@id":"https:\/\/kidsplay.lt\/#organization"},"alternateName":"Kidsplay","potentialAction":[{"@type":"SearchAction","target":{"@type":"EntryPoint","urlTemplate":"https:\/\/kidsplay.lt\/?s={search_term_string}"},"query-input":{"@type":"PropertyValueSpecification","valueRequired":true,"valueName":"search_term_string"}}],"inLanguage":"lv-LV"},{"@type":"Organization","@id":"https:\/\/kidsplay.lt\/#organization","name":"B\u0113rnu sp\u0113le","url":"https:\/\/kidsplay.lt\/","logo":{"@type":"ImageObject","inLanguage":"lv-LV","@id":"https:\/\/kidsplay.lt\/#\/schema\/logo\/image\/","url":"https:\/\/kidsplay.lt\/wp-content\/uploads\/2023\/07\/kidsplay-logo.png","contentUrl":"https:\/\/kidsplay.lt\/wp-content\/uploads\/2023\/07\/kidsplay-logo.png","width":451,"height":98,"caption":"KidsPlay"},"image":{"@id":"https:\/\/kidsplay.lt\/#\/schema\/logo\/image\/"},"sameAs":["https:\/\/www.facebook.com\/www.kidsplay.lt"]}]}},"_links":{"self":[{"href":"https:\/\/kidsplay.lt\/lv\/wp-json\/wp\/v2\/product\/112406","targetHints":{"allow":["GET"]}}],"collection":[{"href":"https:\/\/kidsplay.lt\/lv\/wp-json\/wp\/v2\/product"}],"about":[{"href":"https:\/\/kidsplay.lt\/lv\/wp-json\/wp\/v2\/types\/product"}],"version-history":[{"count":1,"href":"https:\/\/kidsplay.lt\/lv\/wp-json\/wp\/v2\/product\/112406\/revisions"}],"predecessor-version":[{"id":112407,"href":"https:\/\/kidsplay.lt\/lv\/wp-json\/wp\/v2\/product\/112406\/revisions\/112407"}],"wp:featuredmedia":[{"embeddable":true,"href":"https:\/\/kidsplay.lt\/lv\/wp-json\/wp\/v2\/media\/112408"}],"wp:attachment":[{"href":"https:\/\/kidsplay.lt\/lv\/wp-json\/wp\/v2\/media?parent=112406"}],"wp:term":[{"taxonomy":"product_brand","embeddable":true,"href":"https:\/\/kidsplay.lt\/lv\/wp-json\/wp\/v2\/product_brand?post=112406"},{"taxonomy":"product_cat","embeddable":true,"href":"https:\/\/kidsplay.lt\/lv\/wp-json\/wp\/v2\/product_cat?post=112406"},{"taxonomy":"product_tag","embeddable":true,"href":"https:\/\/kidsplay.lt\/lv\/wp-json\/wp\/v2\/product_tag?post=112406"}],"curies":[{"name":"wp","href":"https:\/\/api.w.org\/{rel}","templated":true}]}}