{"id":112420,"date":"2026-04-30T13:29:52","date_gmt":"2026-04-30T10:29:52","guid":{"rendered":"https:\/\/kidsplay.lt\/produktas\/classic-world-arcade-game-paddle-ball-3\/"},"modified":"2026-04-30T18:30:04","modified_gmt":"2026-04-30T15:30:04","slug":"classic-world-arcade-game-paddle-ball-3","status":"publish","type":"product","link":"https:\/\/kidsplay.lt\/lv\/products\/classic-world-arcade-game-paddle-ball-3\/","title":{"rendered":"CLASSIC WORLD \u201eArcade Game Paddle Ball\u201c (3+)"},"content":{"rendered":"<p>CLASSIC WORLD \u201eArcade Game Paddle Ball\u201c yra klasikinis sportinis \u017eaislas, kuriame kamuoliukas gumine virvele pritvirtintas prie raket\u0117s ir po kiekvieno sm\u016bgio gr\u012f\u017eta atgal. Tai leid\u017eia vaikui nuolat treniruoti sm\u016bgiavim\u0105 ir koordinacij\u0105, nebijant prarasti kamuoliuko.<br \/>\n\u017daidimas yra lengvas, patogus ir tinkamas tiek namuose, tiek lauke. D\u0117l kompakti\u0161ko dyd\u017eio j\u012f paprasta pasiimti \u012f kelion\u0119, tod\u0117l jis suteikia aktyv\u0173 u\u017eimtum\u0105 bet kur ir bet kada.<br \/>\nRaksturojums:<\/p>\n<p> \tskirtas vaikams nuo 3 met\u0173,<br \/>\n \tpastelinis, esteti\u0161kas dizainas,<br \/>\n \tpagamintas i\u0161 tvirt\u0173 ir saugi\u0173 med\u017eiag\u0173,<br \/>\n \tlengvas ir patogus naudoti,<br \/>\n \ttinkamas \u017eaisti tiek viduje, tiek lauke,<br \/>\n \tkompakti\u0161kas \u2013 patogu pasiimti \u012f keliones.<\/p>","protected":false},"excerpt":{"rendered":"<p>CLASSIC WORLD \u201eArcade Game Paddle Ball\u201c yra klasikinis sportinis \u017eaislas, kuriame kamuoliukas gumine virvele pritvirtintas prie raket\u0117s ir po kiekvieno<\/p>","protected":false},"featured_media":112422,"template":"","meta":{"_acf_changed":false,"_glsr_average":0,"_glsr_ranking":0,"_glsr_reviews":0},"product_brand":[],"product_cat":[388,229],"product_tag":[],"class_list":{"0":"post-112420","1":"product","2":"type-product","3":"status-publish","4":"has-post-thumbnail","6":"product_cat-edukaciniai-lavinamieji-zaislai","7":"product_cat-zaislai-vaikams","8":"\"style=\"background-color: #2ecc711c;\"","10":"first","11":"instock","12":"purchasable","13":"product-type-simple"},"acf":[],"yoast_head":"<!-- This site is optimized with the Yoast SEO plugin v27.5 - https:\/\/yoast.com\/product\/yoast-seo-wordpress\/ -->\n<title>CLASSIC WORLD \u201eArcade Game Paddle Ball\u201c (3+)<\/title>\n<meta name=\"description\" content=\"CLASSIC WORLD \u201eArcade Game Paddle Ball\u201c (3+) - KidsPlay. Did\u017eiausias vaik\u0173 \u017eaisl\u0173 pasirinkimas.\" \/>\n<meta name=\"robots\" content=\"index, follow, max-snippet:-1, max-image-preview:large, max-video-preview:-1\" \/>\n<link rel=\"canonical\" href=\"https:\/\/kidsplay.lt\/lv\/products\/classic-world-arcade-game-paddle-ball-3\/\" \/>\n<meta property=\"og:locale\" content=\"lv_LV\" \/>\n<meta property=\"og:type\" content=\"article\" \/>\n<meta property=\"og:title\" content=\"CLASSIC WORLD \u201eArcade Game Paddle Ball\u201c (3+)\" \/>\n<meta property=\"og:description\" content=\"CLASSIC WORLD \u201eArcade Game Paddle Ball\u201c (3+) - KidsPlay. Did\u017eiausias vaik\u0173 \u017eaisl\u0173 pasirinkimas.\" \/>\n<meta property=\"og:url\" content=\"https:\/\/kidsplay.lt\/lv\/products\/classic-world-arcade-game-paddle-ball-3\/\" \/>\n<meta property=\"og:site_name\" content=\"KidsPlay\" \/>\n<meta property=\"article:publisher\" content=\"https:\/\/www.facebook.com\/www.kidsplay.lt\" \/>\n<meta property=\"article:modified_time\" content=\"2026-04-30T15:30:04+00:00\" \/>\n<meta property=\"og:image\" content=\"https:\/\/kidsplay.lt\/wp-content\/uploads\/2026\/04\/CLASSIC-WORLD-\u201eArcade-Game-Paddle-Ball-3.jpg\" \/>\n\t<meta property=\"og:image:width\" content=\"2560\" \/>\n\t<meta property=\"og:image:height\" content=\"2560\" \/>\n\t<meta property=\"og:image:type\" content=\"image\/jpeg\" \/>\n<meta name=\"twitter:card\" content=\"summary_large_image\" \/>\n<meta name=\"twitter:label1\" content=\"Est. reading time\" \/>\n\t<meta name=\"twitter:data1\" content=\"1 min\u016bte\" \/>\n<script type=\"application\/ld+json\" class=\"yoast-schema-graph\">{\"@context\":\"https:\\\/\\\/schema.org\",\"@graph\":[{\"@type\":\"WebPage\",\"@id\":\"https:\\\/\\\/kidsplay.lt\\\/produktas\\\/classic-world-arcade-game-paddle-ball-3\\\/\",\"url\":\"https:\\\/\\\/kidsplay.lt\\\/produktas\\\/classic-world-arcade-game-paddle-ball-3\\\/\",\"name\":\"CLASSIC WORLD \u201eArcade Game Paddle Ball\u201c (3+)\",\"isPartOf\":{\"@id\":\"https:\\\/\\\/kidsplay.lt\\\/#website\"},\"primaryImageOfPage\":{\"@id\":\"https:\\\/\\\/kidsplay.lt\\\/produktas\\\/classic-world-arcade-game-paddle-ball-3\\\/#primaryimage\"},\"image\":{\"@id\":\"https:\\\/\\\/kidsplay.lt\\\/produktas\\\/classic-world-arcade-game-paddle-ball-3\\\/#primaryimage\"},\"thumbnailUrl\":\"https:\\\/\\\/kidsplay.lt\\\/wp-content\\\/uploads\\\/2026\\\/04\\\/CLASSIC-WORLD-\u201eArcade-Game-Paddle-Ball-3.jpg\",\"datePublished\":\"2026-04-30T10:29:52+00:00\",\"dateModified\":\"2026-04-30T15:30:04+00:00\",\"description\":\"CLASSIC WORLD \u201eArcade Game Paddle Ball\u201c (3+) - KidsPlay. Did\u017eiausias vaik\u0173 \u017eaisl\u0173 pasirinkimas.\",\"breadcrumb\":{\"@id\":\"https:\\\/\\\/kidsplay.lt\\\/produktas\\\/classic-world-arcade-game-paddle-ball-3\\\/#breadcrumb\"},\"inLanguage\":\"lv-LV\",\"potentialAction\":[{\"@type\":\"ReadAction\",\"target\":[\"https:\\\/\\\/kidsplay.lt\\\/produktas\\\/classic-world-arcade-game-paddle-ball-3\\\/\"]}]},{\"@type\":\"ImageObject\",\"inLanguage\":\"lv-LV\",\"@id\":\"https:\\\/\\\/kidsplay.lt\\\/produktas\\\/classic-world-arcade-game-paddle-ball-3\\\/#primaryimage\",\"url\":\"https:\\\/\\\/kidsplay.lt\\\/wp-content\\\/uploads\\\/2026\\\/04\\\/CLASSIC-WORLD-\u201eArcade-Game-Paddle-Ball-3.jpg\",\"contentUrl\":\"https:\\\/\\\/kidsplay.lt\\\/wp-content\\\/uploads\\\/2026\\\/04\\\/CLASSIC-WORLD-\u201eArcade-Game-Paddle-Ball-3.jpg\",\"width\":2560,\"height\":2560,\"caption\":\"CLASSIC WORLD \u201eArcade Game Paddle Ball\u201c (3+)\"},{\"@type\":\"BreadcrumbList\",\"@id\":\"https:\\\/\\\/kidsplay.lt\\\/produktas\\\/classic-world-arcade-game-paddle-ball-3\\\/#breadcrumb\",\"itemListElement\":[{\"@type\":\"ListItem\",\"position\":1,\"name\":\"Pagrindinis\",\"item\":\"https:\\\/\\\/kidsplay.lt\\\/\"},{\"@type\":\"ListItem\",\"position\":2,\"name\":\"Parduotuv\u0117\",\"item\":\"https:\\\/\\\/kidsplay.lt\\\/parduotuve\\\/\"},{\"@type\":\"ListItem\",\"position\":3,\"name\":\"CLASSIC WORLD \u201eArcade Game Paddle Ball\u201c (3+)\"}]},{\"@type\":\"WebSite\",\"@id\":\"https:\\\/\\\/kidsplay.lt\\\/#website\",\"url\":\"https:\\\/\\\/kidsplay.lt\\\/\",\"name\":\"Kidsplay.lt\",\"description\":\"\u012evairios prek\u0117s vaikams\",\"publisher\":{\"@id\":\"https:\\\/\\\/kidsplay.lt\\\/#organization\"},\"alternateName\":\"Kidsplay\",\"potentialAction\":[{\"@type\":\"SearchAction\",\"target\":{\"@type\":\"EntryPoint\",\"urlTemplate\":\"https:\\\/\\\/kidsplay.lt\\\/?s={search_term_string}\"},\"query-input\":{\"@type\":\"PropertyValueSpecification\",\"valueRequired\":true,\"valueName\":\"search_term_string\"}}],\"inLanguage\":\"lv-LV\"},{\"@type\":\"Organization\",\"@id\":\"https:\\\/\\\/kidsplay.lt\\\/#organization\",\"name\":\"KidsPlay\",\"url\":\"https:\\\/\\\/kidsplay.lt\\\/\",\"logo\":{\"@type\":\"ImageObject\",\"inLanguage\":\"lv-LV\",\"@id\":\"https:\\\/\\\/kidsplay.lt\\\/#\\\/schema\\\/logo\\\/image\\\/\",\"url\":\"https:\\\/\\\/kidsplay.lt\\\/wp-content\\\/uploads\\\/2023\\\/07\\\/kidsplay-logo.png\",\"contentUrl\":\"https:\\\/\\\/kidsplay.lt\\\/wp-content\\\/uploads\\\/2023\\\/07\\\/kidsplay-logo.png\",\"width\":451,\"height\":98,\"caption\":\"KidsPlay\"},\"image\":{\"@id\":\"https:\\\/\\\/kidsplay.lt\\\/#\\\/schema\\\/logo\\\/image\\\/\"},\"sameAs\":[\"https:\\\/\\\/www.facebook.com\\\/www.kidsplay.lt\"]}]}<\/script>\n<!-- \/ Yoast SEO plugin. -->","yoast_head_json":{"title":"CLASSIC WORLD \u201eArcade Game Paddle Ball\u201c (3+)","description":"CLASSIC WORLD \u201eArcade Game Paddle Ball\u201c (3+) - KidsPlay. Did\u017eiausias vaik\u0173 \u017eaisl\u0173 pasirinkimas.","robots":{"index":"index","follow":"follow","max-snippet":"max-snippet:-1","max-image-preview":"max-image-preview:large","max-video-preview":"max-video-preview:-1"},"canonical":"https:\/\/kidsplay.lt\/lv\/products\/classic-world-arcade-game-paddle-ball-3\/","og_locale":"lv_LV","og_type":"article","og_title":"CLASSIC WORLD \u201eArcade Game Paddle Ball\u201c (3+)","og_description":"CLASSIC WORLD \u201eArcade Game Paddle Ball\u201c (3+) - KidsPlay. Did\u017eiausias vaik\u0173 \u017eaisl\u0173 pasirinkimas.","og_url":"https:\/\/kidsplay.lt\/lv\/products\/classic-world-arcade-game-paddle-ball-3\/","og_site_name":"KidsPlay","article_publisher":"https:\/\/www.facebook.com\/www.kidsplay.lt","article_modified_time":"2026-04-30T15:30:04+00:00","og_image":[{"width":2560,"height":2560,"url":"https:\/\/kidsplay.lt\/wp-content\/uploads\/2026\/04\/CLASSIC-WORLD-\u201eArcade-Game-Paddle-Ball-3.jpg","type":"image\/jpeg"}],"twitter_card":"summary_large_image","twitter_misc":{"Est. reading time":"1 min\u016bte"},"schema":{"@context":"https:\/\/schema.org","@graph":[{"@type":"WebPage","@id":"https:\/\/kidsplay.lt\/produktas\/classic-world-arcade-game-paddle-ball-3\/","url":"https:\/\/kidsplay.lt\/produktas\/classic-world-arcade-game-paddle-ball-3\/","name":"CLASSIC WORLD \u201eArcade Game Paddle Ball\u201c (3+)","isPartOf":{"@id":"https:\/\/kidsplay.lt\/#website"},"primaryImageOfPage":{"@id":"https:\/\/kidsplay.lt\/produktas\/classic-world-arcade-game-paddle-ball-3\/#primaryimage"},"image":{"@id":"https:\/\/kidsplay.lt\/produktas\/classic-world-arcade-game-paddle-ball-3\/#primaryimage"},"thumbnailUrl":"https:\/\/kidsplay.lt\/wp-content\/uploads\/2026\/04\/CLASSIC-WORLD-\u201eArcade-Game-Paddle-Ball-3.jpg","datePublished":"2026-04-30T10:29:52+00:00","dateModified":"2026-04-30T15:30:04+00:00","description":"CLASSIC WORLD \u201eArcade Game Paddle Ball\u201c (3+) - KidsPlay. Did\u017eiausias vaik\u0173 \u017eaisl\u0173 pasirinkimas.","breadcrumb":{"@id":"https:\/\/kidsplay.lt\/produktas\/classic-world-arcade-game-paddle-ball-3\/#breadcrumb"},"inLanguage":"lv-LV","potentialAction":[{"@type":"ReadAction","target":["https:\/\/kidsplay.lt\/produktas\/classic-world-arcade-game-paddle-ball-3\/"]}]},{"@type":"ImageObject","inLanguage":"lv-LV","@id":"https:\/\/kidsplay.lt\/produktas\/classic-world-arcade-game-paddle-ball-3\/#primaryimage","url":"https:\/\/kidsplay.lt\/wp-content\/uploads\/2026\/04\/CLASSIC-WORLD-\u201eArcade-Game-Paddle-Ball-3.jpg","contentUrl":"https:\/\/kidsplay.lt\/wp-content\/uploads\/2026\/04\/CLASSIC-WORLD-\u201eArcade-Game-Paddle-Ball-3.jpg","width":2560,"height":2560,"caption":"CLASSIC WORLD \u201eArcade Game Paddle Ball\u201c (3+)"},{"@type":"BreadcrumbList","@id":"https:\/\/kidsplay.lt\/produktas\/classic-world-arcade-game-paddle-ball-3\/#breadcrumb","itemListElement":[{"@type":"ListItem","position":1,"name":"Pagrindinis","item":"https:\/\/kidsplay.lt\/"},{"@type":"ListItem","position":2,"name":"Parduotuv\u0117","item":"https:\/\/kidsplay.lt\/parduotuve\/"},{"@type":"ListItem","position":3,"name":"CLASSIC WORLD \u201eArcade Game Paddle Ball\u201c (3+)"}]},{"@type":"WebSite","@id":"https:\/\/kidsplay.lt\/#website","url":"https:\/\/kidsplay.lt\/","name":"B\u0113rnu sp\u0113les.lv","description":"\u012evairios prek\u0117s vaikams","publisher":{"@id":"https:\/\/kidsplay.lt\/#organization"},"alternateName":"Kidsplay","potentialAction":[{"@type":"SearchAction","target":{"@type":"EntryPoint","urlTemplate":"https:\/\/kidsplay.lt\/?s={search_term_string}"},"query-input":{"@type":"PropertyValueSpecification","valueRequired":true,"valueName":"search_term_string"}}],"inLanguage":"lv-LV"},{"@type":"Organization","@id":"https:\/\/kidsplay.lt\/#organization","name":"B\u0113rnu sp\u0113le","url":"https:\/\/kidsplay.lt\/","logo":{"@type":"ImageObject","inLanguage":"lv-LV","@id":"https:\/\/kidsplay.lt\/#\/schema\/logo\/image\/","url":"https:\/\/kidsplay.lt\/wp-content\/uploads\/2023\/07\/kidsplay-logo.png","contentUrl":"https:\/\/kidsplay.lt\/wp-content\/uploads\/2023\/07\/kidsplay-logo.png","width":451,"height":98,"caption":"KidsPlay"},"image":{"@id":"https:\/\/kidsplay.lt\/#\/schema\/logo\/image\/"},"sameAs":["https:\/\/www.facebook.com\/www.kidsplay.lt"]}]}},"_links":{"self":[{"href":"https:\/\/kidsplay.lt\/lv\/wp-json\/wp\/v2\/product\/112420","targetHints":{"allow":["GET"]}}],"collection":[{"href":"https:\/\/kidsplay.lt\/lv\/wp-json\/wp\/v2\/product"}],"about":[{"href":"https:\/\/kidsplay.lt\/lv\/wp-json\/wp\/v2\/types\/product"}],"version-history":[{"count":1,"href":"https:\/\/kidsplay.lt\/lv\/wp-json\/wp\/v2\/product\/112420\/revisions"}],"predecessor-version":[{"id":112421,"href":"https:\/\/kidsplay.lt\/lv\/wp-json\/wp\/v2\/product\/112420\/revisions\/112421"}],"wp:featuredmedia":[{"embeddable":true,"href":"https:\/\/kidsplay.lt\/lv\/wp-json\/wp\/v2\/media\/112422"}],"wp:attachment":[{"href":"https:\/\/kidsplay.lt\/lv\/wp-json\/wp\/v2\/media?parent=112420"}],"wp:term":[{"taxonomy":"product_brand","embeddable":true,"href":"https:\/\/kidsplay.lt\/lv\/wp-json\/wp\/v2\/product_brand?post=112420"},{"taxonomy":"product_cat","embeddable":true,"href":"https:\/\/kidsplay.lt\/lv\/wp-json\/wp\/v2\/product_cat?post=112420"},{"taxonomy":"product_tag","embeddable":true,"href":"https:\/\/kidsplay.lt\/lv\/wp-json\/wp\/v2\/product_tag?post=112420"}],"curies":[{"name":"wp","href":"https:\/\/api.w.org\/{rel}","templated":true}]}}