{"id":112427,"date":"2026-04-30T13:30:15","date_gmt":"2026-04-30T10:30:15","guid":{"rendered":"https:\/\/kidsplay.lt\/produktas\/woopie-royal-leles-nesyne-33-48-cm-lelems\/"},"modified":"2026-04-30T18:30:04","modified_gmt":"2026-04-30T15:30:04","slug":"woopie-royal-leles-nesyne-33-48-cm-lelems","status":"publish","type":"product","link":"https:\/\/kidsplay.lt\/lv\/products\/woopie-royal-leles-nesyne-33-48-cm-lelems\/","title":{"rendered":"WOOPIE \u201eRoyal\u201c l\u0117l\u0117s ne\u0161yn\u0117 (33\u201348 cm l\u0117l\u0117ms)"},"content":{"rendered":"<p>WOOPIE \u201eRoyal\u201c l\u0117l\u0117s ne\u0161yn\u0117 yra prakti\u0161kas ir modernus aksesuaras vaikams nuo 3 met\u0173, skirtas l\u0117li\u0173 ne\u0161iojimui ir vaidmen\u0173 \u017eaidimams. Ji leid\u017eia vaikui imituoti t\u0117vyst\u0117s\/motinyst\u0117s situacijas ir r\u016bpintis savo l\u0117le kaip tikru k\u016bdikiu.<br \/>\nNe\u0161yn\u0117 yra lengva, stabili ir patogi naudoti. Ji turi reguliuojam\u0105 ranken\u0105, saugos dir\u017eelius ir nuimam\u0105, skalbiam\u0105 audinio u\u017edangal\u0105. Tinka 33\u201348 cm dyd\u017eio l\u0117l\u0117ms.<br \/>\nRaksturojums:<\/p>\n<p> \tskirtas vaikams nuo 3 met\u0173,<br \/>\n \treguliuojama, patogi rankena,<br \/>\n \tsaugos dir\u017eeliai l\u0117l\u0117s tvirtinimui,<br \/>\n \ttinka 33\u201348 cm dyd\u017eio l\u0117l\u0117ms,<br \/>\n \tl\u0117l\u0117 \u012f rinkin\u012f ne\u012feina,<br \/>\n \tlengva, stabili konstrukcija,<br \/>\n \tnuimamas ir skalbiamas audinio u\u017edangalas.<\/p>","protected":false},"excerpt":{"rendered":"<p>WOOPIE \u201eRoyal\u201c l\u0117l\u0117s ne\u0161yn\u0117 yra prakti\u0161kas ir modernus aksesuaras vaikams nuo 3 met\u0173, skirtas l\u0117li\u0173 ne\u0161iojimui ir vaidmen\u0173 \u017eaidimams. Ji<\/p>","protected":false},"featured_media":112429,"template":"","meta":{"_acf_changed":false,"_glsr_average":0,"_glsr_ranking":0,"_glsr_reviews":0},"product_brand":[],"product_cat":[443,229],"product_tag":[],"class_list":{"0":"post-112427","1":"product","2":"type-product","3":"status-publish","4":"has-post-thumbnail","6":"product_cat-leles-ir-priedai","7":"product_cat-zaislai-vaikams","8":"\"style=\"background-color: #2ecc711c;\"","10":"first","11":"instock","12":"purchasable","13":"product-type-simple"},"acf":[],"yoast_head":"<!-- This site is optimized with the Yoast SEO plugin v27.5 - https:\/\/yoast.com\/product\/yoast-seo-wordpress\/ -->\n<title>WOOPIE \u201eRoyal\u201c l\u0117l\u0117s ne\u0161yn\u0117 (33\u201348 cm l\u0117l\u0117ms)<\/title>\n<meta name=\"description\" content=\"WOOPIE \u201eRoyal\u201c l\u0117l\u0117s ne\u0161yn\u0117 (33\u201348 cm l\u0117l\u0117ms) - KidsPlay. Did\u017eiausias vaik\u0173 \u017eaisl\u0173 pasirinkimas.\" \/>\n<meta name=\"robots\" content=\"index, follow, max-snippet:-1, max-image-preview:large, max-video-preview:-1\" \/>\n<link rel=\"canonical\" href=\"https:\/\/kidsplay.lt\/lv\/products\/woopie-royal-leles-nesyne-33-48-cm-lelems\/\" \/>\n<meta property=\"og:locale\" content=\"lv_LV\" \/>\n<meta property=\"og:type\" content=\"article\" \/>\n<meta property=\"og:title\" content=\"WOOPIE \u201eRoyal\u201c l\u0117l\u0117s ne\u0161yn\u0117 (33\u201348 cm l\u0117l\u0117ms)\" \/>\n<meta property=\"og:description\" content=\"WOOPIE \u201eRoyal\u201c l\u0117l\u0117s ne\u0161yn\u0117 (33\u201348 cm l\u0117l\u0117ms) - KidsPlay. Did\u017eiausias vaik\u0173 \u017eaisl\u0173 pasirinkimas.\" \/>\n<meta property=\"og:url\" content=\"https:\/\/kidsplay.lt\/lv\/products\/woopie-royal-leles-nesyne-33-48-cm-lelems\/\" \/>\n<meta property=\"og:site_name\" content=\"KidsPlay\" \/>\n<meta property=\"article:publisher\" content=\"https:\/\/www.facebook.com\/www.kidsplay.lt\" \/>\n<meta property=\"article:modified_time\" content=\"2026-04-30T15:30:04+00:00\" \/>\n<meta property=\"og:image\" content=\"https:\/\/kidsplay.lt\/wp-content\/uploads\/2026\/04\/WOOPIE-\u201eRoyal-leles-nesyne-33\u201348-cm-lelems.jpg\" \/>\n\t<meta property=\"og:image:width\" content=\"1000\" \/>\n\t<meta property=\"og:image:height\" content=\"1000\" \/>\n\t<meta property=\"og:image:type\" content=\"image\/jpeg\" \/>\n<meta name=\"twitter:card\" content=\"summary_large_image\" \/>\n<meta name=\"twitter:label1\" content=\"Est. reading time\" \/>\n\t<meta name=\"twitter:data1\" content=\"1 min\u016bte\" \/>\n<script type=\"application\/ld+json\" class=\"yoast-schema-graph\">{\"@context\":\"https:\\\/\\\/schema.org\",\"@graph\":[{\"@type\":\"WebPage\",\"@id\":\"https:\\\/\\\/kidsplay.lt\\\/produktas\\\/woopie-royal-leles-nesyne-33-48-cm-lelems\\\/\",\"url\":\"https:\\\/\\\/kidsplay.lt\\\/produktas\\\/woopie-royal-leles-nesyne-33-48-cm-lelems\\\/\",\"name\":\"WOOPIE \u201eRoyal\u201c l\u0117l\u0117s ne\u0161yn\u0117 (33\u201348 cm l\u0117l\u0117ms)\",\"isPartOf\":{\"@id\":\"https:\\\/\\\/kidsplay.lt\\\/#website\"},\"primaryImageOfPage\":{\"@id\":\"https:\\\/\\\/kidsplay.lt\\\/produktas\\\/woopie-royal-leles-nesyne-33-48-cm-lelems\\\/#primaryimage\"},\"image\":{\"@id\":\"https:\\\/\\\/kidsplay.lt\\\/produktas\\\/woopie-royal-leles-nesyne-33-48-cm-lelems\\\/#primaryimage\"},\"thumbnailUrl\":\"https:\\\/\\\/kidsplay.lt\\\/wp-content\\\/uploads\\\/2026\\\/04\\\/WOOPIE-\u201eRoyal-leles-nesyne-33\u201348-cm-lelems.jpg\",\"datePublished\":\"2026-04-30T10:30:15+00:00\",\"dateModified\":\"2026-04-30T15:30:04+00:00\",\"description\":\"WOOPIE \u201eRoyal\u201c l\u0117l\u0117s ne\u0161yn\u0117 (33\u201348 cm l\u0117l\u0117ms) - KidsPlay. Did\u017eiausias vaik\u0173 \u017eaisl\u0173 pasirinkimas.\",\"breadcrumb\":{\"@id\":\"https:\\\/\\\/kidsplay.lt\\\/produktas\\\/woopie-royal-leles-nesyne-33-48-cm-lelems\\\/#breadcrumb\"},\"inLanguage\":\"lv-LV\",\"potentialAction\":[{\"@type\":\"ReadAction\",\"target\":[\"https:\\\/\\\/kidsplay.lt\\\/produktas\\\/woopie-royal-leles-nesyne-33-48-cm-lelems\\\/\"]}]},{\"@type\":\"ImageObject\",\"inLanguage\":\"lv-LV\",\"@id\":\"https:\\\/\\\/kidsplay.lt\\\/produktas\\\/woopie-royal-leles-nesyne-33-48-cm-lelems\\\/#primaryimage\",\"url\":\"https:\\\/\\\/kidsplay.lt\\\/wp-content\\\/uploads\\\/2026\\\/04\\\/WOOPIE-\u201eRoyal-leles-nesyne-33\u201348-cm-lelems.jpg\",\"contentUrl\":\"https:\\\/\\\/kidsplay.lt\\\/wp-content\\\/uploads\\\/2026\\\/04\\\/WOOPIE-\u201eRoyal-leles-nesyne-33\u201348-cm-lelems.jpg\",\"width\":1000,\"height\":1000,\"caption\":\"WOOPIE \u201eRoyal\u201c l\u0117l\u0117s ne\u0161yn\u0117 (33\u201348 cm l\u0117l\u0117ms)\"},{\"@type\":\"BreadcrumbList\",\"@id\":\"https:\\\/\\\/kidsplay.lt\\\/produktas\\\/woopie-royal-leles-nesyne-33-48-cm-lelems\\\/#breadcrumb\",\"itemListElement\":[{\"@type\":\"ListItem\",\"position\":1,\"name\":\"Pagrindinis\",\"item\":\"https:\\\/\\\/kidsplay.lt\\\/\"},{\"@type\":\"ListItem\",\"position\":2,\"name\":\"Parduotuv\u0117\",\"item\":\"https:\\\/\\\/kidsplay.lt\\\/parduotuve\\\/\"},{\"@type\":\"ListItem\",\"position\":3,\"name\":\"WOOPIE \u201eRoyal\u201c l\u0117l\u0117s ne\u0161yn\u0117 (33\u201348 cm l\u0117l\u0117ms)\"}]},{\"@type\":\"WebSite\",\"@id\":\"https:\\\/\\\/kidsplay.lt\\\/#website\",\"url\":\"https:\\\/\\\/kidsplay.lt\\\/\",\"name\":\"Kidsplay.lt\",\"description\":\"\u012evairios prek\u0117s vaikams\",\"publisher\":{\"@id\":\"https:\\\/\\\/kidsplay.lt\\\/#organization\"},\"alternateName\":\"Kidsplay\",\"potentialAction\":[{\"@type\":\"SearchAction\",\"target\":{\"@type\":\"EntryPoint\",\"urlTemplate\":\"https:\\\/\\\/kidsplay.lt\\\/?s={search_term_string}\"},\"query-input\":{\"@type\":\"PropertyValueSpecification\",\"valueRequired\":true,\"valueName\":\"search_term_string\"}}],\"inLanguage\":\"lv-LV\"},{\"@type\":\"Organization\",\"@id\":\"https:\\\/\\\/kidsplay.lt\\\/#organization\",\"name\":\"KidsPlay\",\"url\":\"https:\\\/\\\/kidsplay.lt\\\/\",\"logo\":{\"@type\":\"ImageObject\",\"inLanguage\":\"lv-LV\",\"@id\":\"https:\\\/\\\/kidsplay.lt\\\/#\\\/schema\\\/logo\\\/image\\\/\",\"url\":\"https:\\\/\\\/kidsplay.lt\\\/wp-content\\\/uploads\\\/2023\\\/07\\\/kidsplay-logo.png\",\"contentUrl\":\"https:\\\/\\\/kidsplay.lt\\\/wp-content\\\/uploads\\\/2023\\\/07\\\/kidsplay-logo.png\",\"width\":451,\"height\":98,\"caption\":\"KidsPlay\"},\"image\":{\"@id\":\"https:\\\/\\\/kidsplay.lt\\\/#\\\/schema\\\/logo\\\/image\\\/\"},\"sameAs\":[\"https:\\\/\\\/www.facebook.com\\\/www.kidsplay.lt\"]}]}<\/script>\n<!-- \/ Yoast SEO plugin. -->","yoast_head_json":{"title":"WOOPIE \u201eRoyal\u201c l\u0117l\u0117s ne\u0161yn\u0117 (33\u201348 cm l\u0117l\u0117ms)","description":"WOOPIE \u201eRoyal\u201c l\u0117l\u0117s ne\u0161yn\u0117 (33\u201348 cm l\u0117l\u0117ms) - KidsPlay. Did\u017eiausias vaik\u0173 \u017eaisl\u0173 pasirinkimas.","robots":{"index":"index","follow":"follow","max-snippet":"max-snippet:-1","max-image-preview":"max-image-preview:large","max-video-preview":"max-video-preview:-1"},"canonical":"https:\/\/kidsplay.lt\/lv\/products\/woopie-royal-leles-nesyne-33-48-cm-lelems\/","og_locale":"lv_LV","og_type":"article","og_title":"WOOPIE \u201eRoyal\u201c l\u0117l\u0117s ne\u0161yn\u0117 (33\u201348 cm l\u0117l\u0117ms)","og_description":"WOOPIE \u201eRoyal\u201c l\u0117l\u0117s ne\u0161yn\u0117 (33\u201348 cm l\u0117l\u0117ms) - KidsPlay. Did\u017eiausias vaik\u0173 \u017eaisl\u0173 pasirinkimas.","og_url":"https:\/\/kidsplay.lt\/lv\/products\/woopie-royal-leles-nesyne-33-48-cm-lelems\/","og_site_name":"KidsPlay","article_publisher":"https:\/\/www.facebook.com\/www.kidsplay.lt","article_modified_time":"2026-04-30T15:30:04+00:00","og_image":[{"width":1000,"height":1000,"url":"https:\/\/kidsplay.lt\/wp-content\/uploads\/2026\/04\/WOOPIE-\u201eRoyal-leles-nesyne-33\u201348-cm-lelems.jpg","type":"image\/jpeg"}],"twitter_card":"summary_large_image","twitter_misc":{"Est. reading time":"1 min\u016bte"},"schema":{"@context":"https:\/\/schema.org","@graph":[{"@type":"WebPage","@id":"https:\/\/kidsplay.lt\/produktas\/woopie-royal-leles-nesyne-33-48-cm-lelems\/","url":"https:\/\/kidsplay.lt\/produktas\/woopie-royal-leles-nesyne-33-48-cm-lelems\/","name":"WOOPIE \u201eRoyal\u201c l\u0117l\u0117s ne\u0161yn\u0117 (33\u201348 cm l\u0117l\u0117ms)","isPartOf":{"@id":"https:\/\/kidsplay.lt\/#website"},"primaryImageOfPage":{"@id":"https:\/\/kidsplay.lt\/produktas\/woopie-royal-leles-nesyne-33-48-cm-lelems\/#primaryimage"},"image":{"@id":"https:\/\/kidsplay.lt\/produktas\/woopie-royal-leles-nesyne-33-48-cm-lelems\/#primaryimage"},"thumbnailUrl":"https:\/\/kidsplay.lt\/wp-content\/uploads\/2026\/04\/WOOPIE-\u201eRoyal-leles-nesyne-33\u201348-cm-lelems.jpg","datePublished":"2026-04-30T10:30:15+00:00","dateModified":"2026-04-30T15:30:04+00:00","description":"WOOPIE \u201eRoyal\u201c l\u0117l\u0117s ne\u0161yn\u0117 (33\u201348 cm l\u0117l\u0117ms) - KidsPlay. Did\u017eiausias vaik\u0173 \u017eaisl\u0173 pasirinkimas.","breadcrumb":{"@id":"https:\/\/kidsplay.lt\/produktas\/woopie-royal-leles-nesyne-33-48-cm-lelems\/#breadcrumb"},"inLanguage":"lv-LV","potentialAction":[{"@type":"ReadAction","target":["https:\/\/kidsplay.lt\/produktas\/woopie-royal-leles-nesyne-33-48-cm-lelems\/"]}]},{"@type":"ImageObject","inLanguage":"lv-LV","@id":"https:\/\/kidsplay.lt\/produktas\/woopie-royal-leles-nesyne-33-48-cm-lelems\/#primaryimage","url":"https:\/\/kidsplay.lt\/wp-content\/uploads\/2026\/04\/WOOPIE-\u201eRoyal-leles-nesyne-33\u201348-cm-lelems.jpg","contentUrl":"https:\/\/kidsplay.lt\/wp-content\/uploads\/2026\/04\/WOOPIE-\u201eRoyal-leles-nesyne-33\u201348-cm-lelems.jpg","width":1000,"height":1000,"caption":"WOOPIE \u201eRoyal\u201c l\u0117l\u0117s ne\u0161yn\u0117 (33\u201348 cm l\u0117l\u0117ms)"},{"@type":"BreadcrumbList","@id":"https:\/\/kidsplay.lt\/produktas\/woopie-royal-leles-nesyne-33-48-cm-lelems\/#breadcrumb","itemListElement":[{"@type":"ListItem","position":1,"name":"Pagrindinis","item":"https:\/\/kidsplay.lt\/"},{"@type":"ListItem","position":2,"name":"Parduotuv\u0117","item":"https:\/\/kidsplay.lt\/parduotuve\/"},{"@type":"ListItem","position":3,"name":"WOOPIE \u201eRoyal\u201c l\u0117l\u0117s ne\u0161yn\u0117 (33\u201348 cm l\u0117l\u0117ms)"}]},{"@type":"WebSite","@id":"https:\/\/kidsplay.lt\/#website","url":"https:\/\/kidsplay.lt\/","name":"B\u0113rnu sp\u0113les.lv","description":"\u012evairios prek\u0117s vaikams","publisher":{"@id":"https:\/\/kidsplay.lt\/#organization"},"alternateName":"Kidsplay","potentialAction":[{"@type":"SearchAction","target":{"@type":"EntryPoint","urlTemplate":"https:\/\/kidsplay.lt\/?s={search_term_string}"},"query-input":{"@type":"PropertyValueSpecification","valueRequired":true,"valueName":"search_term_string"}}],"inLanguage":"lv-LV"},{"@type":"Organization","@id":"https:\/\/kidsplay.lt\/#organization","name":"B\u0113rnu sp\u0113le","url":"https:\/\/kidsplay.lt\/","logo":{"@type":"ImageObject","inLanguage":"lv-LV","@id":"https:\/\/kidsplay.lt\/#\/schema\/logo\/image\/","url":"https:\/\/kidsplay.lt\/wp-content\/uploads\/2023\/07\/kidsplay-logo.png","contentUrl":"https:\/\/kidsplay.lt\/wp-content\/uploads\/2023\/07\/kidsplay-logo.png","width":451,"height":98,"caption":"KidsPlay"},"image":{"@id":"https:\/\/kidsplay.lt\/#\/schema\/logo\/image\/"},"sameAs":["https:\/\/www.facebook.com\/www.kidsplay.lt"]}]}},"_links":{"self":[{"href":"https:\/\/kidsplay.lt\/lv\/wp-json\/wp\/v2\/product\/112427","targetHints":{"allow":["GET"]}}],"collection":[{"href":"https:\/\/kidsplay.lt\/lv\/wp-json\/wp\/v2\/product"}],"about":[{"href":"https:\/\/kidsplay.lt\/lv\/wp-json\/wp\/v2\/types\/product"}],"version-history":[{"count":1,"href":"https:\/\/kidsplay.lt\/lv\/wp-json\/wp\/v2\/product\/112427\/revisions"}],"predecessor-version":[{"id":112428,"href":"https:\/\/kidsplay.lt\/lv\/wp-json\/wp\/v2\/product\/112427\/revisions\/112428"}],"wp:featuredmedia":[{"embeddable":true,"href":"https:\/\/kidsplay.lt\/lv\/wp-json\/wp\/v2\/media\/112429"}],"wp:attachment":[{"href":"https:\/\/kidsplay.lt\/lv\/wp-json\/wp\/v2\/media?parent=112427"}],"wp:term":[{"taxonomy":"product_brand","embeddable":true,"href":"https:\/\/kidsplay.lt\/lv\/wp-json\/wp\/v2\/product_brand?post=112427"},{"taxonomy":"product_cat","embeddable":true,"href":"https:\/\/kidsplay.lt\/lv\/wp-json\/wp\/v2\/product_cat?post=112427"},{"taxonomy":"product_tag","embeddable":true,"href":"https:\/\/kidsplay.lt\/lv\/wp-json\/wp\/v2\/product_tag?post=112427"}],"curies":[{"name":"wp","href":"https:\/\/api.w.org\/{rel}","templated":true}]}}