{"id":112434,"date":"2026-04-30T13:30:34","date_gmt":"2026-04-30T10:30:34","guid":{"rendered":"https:\/\/kidsplay.lt\/produktas\/woopie-royal-leles-drabuziu-rinkinys-spalvinga-striuke-ir-kepure-43-46-cm-lelems\/"},"modified":"2026-04-30T18:30:05","modified_gmt":"2026-04-30T15:30:05","slug":"woopie-royal-leles-drabuziu-rinkinys-spalvinga-striuke-ir-kepure-43-46-cm-lelems","status":"publish","type":"product","link":"https:\/\/kidsplay.lt\/lv\/products\/woopie-royal-leles-drabuziu-rinkinys-spalvinga-striuke-ir-kepure-43-46-cm-lelems\/","title":{"rendered":"WOOPIE \u201eRoyal\u201c l\u0117l\u0117s drabu\u017ei\u0173 rinkinys \u2013 spalvinga striuk\u0117 ir kepur\u0117 (43\u201346 cm l\u0117l\u0117ms)"},"content":{"rendered":"<p>\u0160is spalvingas WOOPIE drabu\u017ei\u0173 rinkinys bus puikus j\u016bs\u0173 vaiko l\u0117l\u0117s papildymas. \u017daisdamas vaikas gal\u0117s kurti \u012fvairias istorijas, lavinti vaizduot\u0119 ir k\u016brybi\u0161kum\u0105, o m\u0117gstam\u0105 l\u0117l\u0119 pasiimti visur kartu.<br \/>\nRaksturojums:<\/p>\n<p> \tskirtas 43\u201346 cm dyd\u017eio l\u0117l\u0117ms,<br \/>\n \tauk\u0161tos kokyb\u0117s gamyba ir kruop\u0161\u010diai i\u0161dirbtos detal\u0117s,<br \/>\n \try\u0161kios spalvos ir patrauklus dizainas,<br \/>\n \tlengvai aprengiamas ir nurengiamas.<\/p>\n<p>Komplekt\u0101 ietilpst:<\/p>\n<p> \tpalaidin\u0117 su \u0161uniuko motyvu,<br \/>\n \tspalvinga striuk\u0117,<br \/>\n \tkepur\u0117,<br \/>\n \t\u0161ortai,<br \/>\n \tbateliai.<\/p>","protected":false},"excerpt":{"rendered":"<p>\u0160is spalvingas WOOPIE drabu\u017ei\u0173 rinkinys bus puikus j\u016bs\u0173 vaiko l\u0117l\u0117s papildymas. \u017daisdamas vaikas gal\u0117s kurti \u012fvairias istorijas, lavinti vaizduot\u0119 ir<\/p>","protected":false},"featured_media":112436,"template":"","meta":{"_acf_changed":false,"_glsr_average":0,"_glsr_ranking":0,"_glsr_reviews":0},"product_brand":[],"product_cat":[443,229],"product_tag":[],"class_list":{"0":"post-112434","1":"product","2":"type-product","3":"status-publish","4":"has-post-thumbnail","6":"product_cat-leles-ir-priedai","7":"product_cat-zaislai-vaikams","8":"\"style=\"background-color: #2ecc711c;\"","10":"first","11":"instock","12":"purchasable","13":"product-type-simple"},"acf":[],"yoast_head":"<!-- This site is optimized with the Yoast SEO plugin v27.5 - https:\/\/yoast.com\/product\/yoast-seo-wordpress\/ -->\n<title>WOOPIE \u201eRoyal\u201c l\u0117l\u0117s drabu\u017ei\u0173 rinkinys \u2013 spalvinga striuk\u0117 ir kepur\u0117 (43\u201346 cm l\u0117l\u0117ms)<\/title>\n<meta name=\"description\" content=\"WOOPIE \u201eRoyal\u201c l\u0117l\u0117s drabu\u017ei\u0173 rinkinys \u2013 spalvinga striuk\u0117 ir kepur\u0117 (43\u201346 cm l\u0117l\u0117ms) - KidsPlay. Did\u017eiausias vaik\u0173 \u017eaisl\u0173 pasirinkimas.\" \/>\n<meta name=\"robots\" content=\"index, follow, max-snippet:-1, max-image-preview:large, max-video-preview:-1\" \/>\n<link rel=\"canonical\" href=\"https:\/\/kidsplay.lt\/lv\/products\/woopie-royal-leles-drabuziu-rinkinys-spalvinga-striuke-ir-kepure-43-46-cm-lelems\/\" \/>\n<meta property=\"og:locale\" content=\"lv_LV\" \/>\n<meta property=\"og:type\" content=\"article\" \/>\n<meta property=\"og:title\" content=\"WOOPIE \u201eRoyal\u201c l\u0117l\u0117s drabu\u017ei\u0173 rinkinys \u2013 spalvinga striuk\u0117 ir kepur\u0117 (43\u201346 cm l\u0117l\u0117ms)\" \/>\n<meta property=\"og:description\" content=\"WOOPIE \u201eRoyal\u201c l\u0117l\u0117s drabu\u017ei\u0173 rinkinys \u2013 spalvinga striuk\u0117 ir kepur\u0117 (43\u201346 cm l\u0117l\u0117ms) - KidsPlay. Did\u017eiausias vaik\u0173 \u017eaisl\u0173 pasirinkimas.\" \/>\n<meta property=\"og:url\" content=\"https:\/\/kidsplay.lt\/lv\/products\/woopie-royal-leles-drabuziu-rinkinys-spalvinga-striuke-ir-kepure-43-46-cm-lelems\/\" \/>\n<meta property=\"og:site_name\" content=\"KidsPlay\" \/>\n<meta property=\"article:publisher\" content=\"https:\/\/www.facebook.com\/www.kidsplay.lt\" \/>\n<meta property=\"article:modified_time\" content=\"2026-04-30T15:30:05+00:00\" \/>\n<meta property=\"og:image\" content=\"https:\/\/kidsplay.lt\/wp-content\/uploads\/2026\/04\/WOOPIE-\u201eRoyal-leles-drabuziu-rinkinys-\u2013-spalvinga-striuke-ir-kepure-43\u201346-cm-lelems.jpg\" \/>\n\t<meta property=\"og:image:width\" content=\"2560\" \/>\n\t<meta property=\"og:image:height\" content=\"2560\" \/>\n\t<meta property=\"og:image:type\" content=\"image\/jpeg\" \/>\n<meta name=\"twitter:card\" content=\"summary_large_image\" \/>\n<script type=\"application\/ld+json\" class=\"yoast-schema-graph\">{\"@context\":\"https:\\\/\\\/schema.org\",\"@graph\":[{\"@type\":\"WebPage\",\"@id\":\"https:\\\/\\\/kidsplay.lt\\\/produktas\\\/woopie-royal-leles-drabuziu-rinkinys-spalvinga-striuke-ir-kepure-43-46-cm-lelems\\\/\",\"url\":\"https:\\\/\\\/kidsplay.lt\\\/produktas\\\/woopie-royal-leles-drabuziu-rinkinys-spalvinga-striuke-ir-kepure-43-46-cm-lelems\\\/\",\"name\":\"WOOPIE \u201eRoyal\u201c l\u0117l\u0117s drabu\u017ei\u0173 rinkinys \u2013 spalvinga striuk\u0117 ir kepur\u0117 (43\u201346 cm l\u0117l\u0117ms)\",\"isPartOf\":{\"@id\":\"https:\\\/\\\/kidsplay.lt\\\/#website\"},\"primaryImageOfPage\":{\"@id\":\"https:\\\/\\\/kidsplay.lt\\\/produktas\\\/woopie-royal-leles-drabuziu-rinkinys-spalvinga-striuke-ir-kepure-43-46-cm-lelems\\\/#primaryimage\"},\"image\":{\"@id\":\"https:\\\/\\\/kidsplay.lt\\\/produktas\\\/woopie-royal-leles-drabuziu-rinkinys-spalvinga-striuke-ir-kepure-43-46-cm-lelems\\\/#primaryimage\"},\"thumbnailUrl\":\"https:\\\/\\\/kidsplay.lt\\\/wp-content\\\/uploads\\\/2026\\\/04\\\/WOOPIE-\u201eRoyal-leles-drabuziu-rinkinys-\u2013-spalvinga-striuke-ir-kepure-43\u201346-cm-lelems.jpg\",\"datePublished\":\"2026-04-30T10:30:34+00:00\",\"dateModified\":\"2026-04-30T15:30:05+00:00\",\"description\":\"WOOPIE \u201eRoyal\u201c l\u0117l\u0117s drabu\u017ei\u0173 rinkinys \u2013 spalvinga striuk\u0117 ir kepur\u0117 (43\u201346 cm l\u0117l\u0117ms) - KidsPlay. Did\u017eiausias vaik\u0173 \u017eaisl\u0173 pasirinkimas.\",\"breadcrumb\":{\"@id\":\"https:\\\/\\\/kidsplay.lt\\\/produktas\\\/woopie-royal-leles-drabuziu-rinkinys-spalvinga-striuke-ir-kepure-43-46-cm-lelems\\\/#breadcrumb\"},\"inLanguage\":\"lv-LV\",\"potentialAction\":[{\"@type\":\"ReadAction\",\"target\":[\"https:\\\/\\\/kidsplay.lt\\\/produktas\\\/woopie-royal-leles-drabuziu-rinkinys-spalvinga-striuke-ir-kepure-43-46-cm-lelems\\\/\"]}]},{\"@type\":\"ImageObject\",\"inLanguage\":\"lv-LV\",\"@id\":\"https:\\\/\\\/kidsplay.lt\\\/produktas\\\/woopie-royal-leles-drabuziu-rinkinys-spalvinga-striuke-ir-kepure-43-46-cm-lelems\\\/#primaryimage\",\"url\":\"https:\\\/\\\/kidsplay.lt\\\/wp-content\\\/uploads\\\/2026\\\/04\\\/WOOPIE-\u201eRoyal-leles-drabuziu-rinkinys-\u2013-spalvinga-striuke-ir-kepure-43\u201346-cm-lelems.jpg\",\"contentUrl\":\"https:\\\/\\\/kidsplay.lt\\\/wp-content\\\/uploads\\\/2026\\\/04\\\/WOOPIE-\u201eRoyal-leles-drabuziu-rinkinys-\u2013-spalvinga-striuke-ir-kepure-43\u201346-cm-lelems.jpg\",\"width\":2560,\"height\":2560,\"caption\":\"WOOPIE \u201eRoyal\u201c l\u0117l\u0117s drabu\u017ei\u0173 rinkinys \u2013 spalvinga striuk\u0117 ir kepur\u0117 (43\u201346 cm l\u0117l\u0117ms)\"},{\"@type\":\"BreadcrumbList\",\"@id\":\"https:\\\/\\\/kidsplay.lt\\\/produktas\\\/woopie-royal-leles-drabuziu-rinkinys-spalvinga-striuke-ir-kepure-43-46-cm-lelems\\\/#breadcrumb\",\"itemListElement\":[{\"@type\":\"ListItem\",\"position\":1,\"name\":\"Pagrindinis\",\"item\":\"https:\\\/\\\/kidsplay.lt\\\/\"},{\"@type\":\"ListItem\",\"position\":2,\"name\":\"Parduotuv\u0117\",\"item\":\"https:\\\/\\\/kidsplay.lt\\\/parduotuve\\\/\"},{\"@type\":\"ListItem\",\"position\":3,\"name\":\"WOOPIE \u201eRoyal\u201c l\u0117l\u0117s drabu\u017ei\u0173 rinkinys \u2013 spalvinga striuk\u0117 ir kepur\u0117 (43\u201346 cm l\u0117l\u0117ms)\"}]},{\"@type\":\"WebSite\",\"@id\":\"https:\\\/\\\/kidsplay.lt\\\/#website\",\"url\":\"https:\\\/\\\/kidsplay.lt\\\/\",\"name\":\"Kidsplay.lt\",\"description\":\"\u012evairios prek\u0117s vaikams\",\"publisher\":{\"@id\":\"https:\\\/\\\/kidsplay.lt\\\/#organization\"},\"alternateName\":\"Kidsplay\",\"potentialAction\":[{\"@type\":\"SearchAction\",\"target\":{\"@type\":\"EntryPoint\",\"urlTemplate\":\"https:\\\/\\\/kidsplay.lt\\\/?s={search_term_string}\"},\"query-input\":{\"@type\":\"PropertyValueSpecification\",\"valueRequired\":true,\"valueName\":\"search_term_string\"}}],\"inLanguage\":\"lv-LV\"},{\"@type\":\"Organization\",\"@id\":\"https:\\\/\\\/kidsplay.lt\\\/#organization\",\"name\":\"KidsPlay\",\"url\":\"https:\\\/\\\/kidsplay.lt\\\/\",\"logo\":{\"@type\":\"ImageObject\",\"inLanguage\":\"lv-LV\",\"@id\":\"https:\\\/\\\/kidsplay.lt\\\/#\\\/schema\\\/logo\\\/image\\\/\",\"url\":\"https:\\\/\\\/kidsplay.lt\\\/wp-content\\\/uploads\\\/2023\\\/07\\\/kidsplay-logo.png\",\"contentUrl\":\"https:\\\/\\\/kidsplay.lt\\\/wp-content\\\/uploads\\\/2023\\\/07\\\/kidsplay-logo.png\",\"width\":451,\"height\":98,\"caption\":\"KidsPlay\"},\"image\":{\"@id\":\"https:\\\/\\\/kidsplay.lt\\\/#\\\/schema\\\/logo\\\/image\\\/\"},\"sameAs\":[\"https:\\\/\\\/www.facebook.com\\\/www.kidsplay.lt\"]}]}<\/script>\n<!-- \/ Yoast SEO plugin. -->","yoast_head_json":{"title":"WOOPIE \u201eRoyal\u201c l\u0117l\u0117s drabu\u017ei\u0173 rinkinys \u2013 spalvinga striuk\u0117 ir kepur\u0117 (43\u201346 cm l\u0117l\u0117ms)","description":"WOOPIE \u201eRoyal\u201c l\u0117l\u0117s drabu\u017ei\u0173 rinkinys \u2013 spalvinga striuk\u0117 ir kepur\u0117 (43\u201346 cm l\u0117l\u0117ms) - KidsPlay. Did\u017eiausias vaik\u0173 \u017eaisl\u0173 pasirinkimas.","robots":{"index":"index","follow":"follow","max-snippet":"max-snippet:-1","max-image-preview":"max-image-preview:large","max-video-preview":"max-video-preview:-1"},"canonical":"https:\/\/kidsplay.lt\/lv\/products\/woopie-royal-leles-drabuziu-rinkinys-spalvinga-striuke-ir-kepure-43-46-cm-lelems\/","og_locale":"lv_LV","og_type":"article","og_title":"WOOPIE \u201eRoyal\u201c l\u0117l\u0117s drabu\u017ei\u0173 rinkinys \u2013 spalvinga striuk\u0117 ir kepur\u0117 (43\u201346 cm l\u0117l\u0117ms)","og_description":"WOOPIE \u201eRoyal\u201c l\u0117l\u0117s drabu\u017ei\u0173 rinkinys \u2013 spalvinga striuk\u0117 ir kepur\u0117 (43\u201346 cm l\u0117l\u0117ms) - KidsPlay. Did\u017eiausias vaik\u0173 \u017eaisl\u0173 pasirinkimas.","og_url":"https:\/\/kidsplay.lt\/lv\/products\/woopie-royal-leles-drabuziu-rinkinys-spalvinga-striuke-ir-kepure-43-46-cm-lelems\/","og_site_name":"KidsPlay","article_publisher":"https:\/\/www.facebook.com\/www.kidsplay.lt","article_modified_time":"2026-04-30T15:30:05+00:00","og_image":[{"width":2560,"height":2560,"url":"https:\/\/kidsplay.lt\/wp-content\/uploads\/2026\/04\/WOOPIE-\u201eRoyal-leles-drabuziu-rinkinys-\u2013-spalvinga-striuke-ir-kepure-43\u201346-cm-lelems.jpg","type":"image\/jpeg"}],"twitter_card":"summary_large_image","schema":{"@context":"https:\/\/schema.org","@graph":[{"@type":"WebPage","@id":"https:\/\/kidsplay.lt\/produktas\/woopie-royal-leles-drabuziu-rinkinys-spalvinga-striuke-ir-kepure-43-46-cm-lelems\/","url":"https:\/\/kidsplay.lt\/produktas\/woopie-royal-leles-drabuziu-rinkinys-spalvinga-striuke-ir-kepure-43-46-cm-lelems\/","name":"WOOPIE \u201eRoyal\u201c l\u0117l\u0117s drabu\u017ei\u0173 rinkinys \u2013 spalvinga striuk\u0117 ir kepur\u0117 (43\u201346 cm l\u0117l\u0117ms)","isPartOf":{"@id":"https:\/\/kidsplay.lt\/#website"},"primaryImageOfPage":{"@id":"https:\/\/kidsplay.lt\/produktas\/woopie-royal-leles-drabuziu-rinkinys-spalvinga-striuke-ir-kepure-43-46-cm-lelems\/#primaryimage"},"image":{"@id":"https:\/\/kidsplay.lt\/produktas\/woopie-royal-leles-drabuziu-rinkinys-spalvinga-striuke-ir-kepure-43-46-cm-lelems\/#primaryimage"},"thumbnailUrl":"https:\/\/kidsplay.lt\/wp-content\/uploads\/2026\/04\/WOOPIE-\u201eRoyal-leles-drabuziu-rinkinys-\u2013-spalvinga-striuke-ir-kepure-43\u201346-cm-lelems.jpg","datePublished":"2026-04-30T10:30:34+00:00","dateModified":"2026-04-30T15:30:05+00:00","description":"WOOPIE \u201eRoyal\u201c l\u0117l\u0117s drabu\u017ei\u0173 rinkinys \u2013 spalvinga striuk\u0117 ir kepur\u0117 (43\u201346 cm l\u0117l\u0117ms) - KidsPlay. Did\u017eiausias vaik\u0173 \u017eaisl\u0173 pasirinkimas.","breadcrumb":{"@id":"https:\/\/kidsplay.lt\/produktas\/woopie-royal-leles-drabuziu-rinkinys-spalvinga-striuke-ir-kepure-43-46-cm-lelems\/#breadcrumb"},"inLanguage":"lv-LV","potentialAction":[{"@type":"ReadAction","target":["https:\/\/kidsplay.lt\/produktas\/woopie-royal-leles-drabuziu-rinkinys-spalvinga-striuke-ir-kepure-43-46-cm-lelems\/"]}]},{"@type":"ImageObject","inLanguage":"lv-LV","@id":"https:\/\/kidsplay.lt\/produktas\/woopie-royal-leles-drabuziu-rinkinys-spalvinga-striuke-ir-kepure-43-46-cm-lelems\/#primaryimage","url":"https:\/\/kidsplay.lt\/wp-content\/uploads\/2026\/04\/WOOPIE-\u201eRoyal-leles-drabuziu-rinkinys-\u2013-spalvinga-striuke-ir-kepure-43\u201346-cm-lelems.jpg","contentUrl":"https:\/\/kidsplay.lt\/wp-content\/uploads\/2026\/04\/WOOPIE-\u201eRoyal-leles-drabuziu-rinkinys-\u2013-spalvinga-striuke-ir-kepure-43\u201346-cm-lelems.jpg","width":2560,"height":2560,"caption":"WOOPIE \u201eRoyal\u201c l\u0117l\u0117s drabu\u017ei\u0173 rinkinys \u2013 spalvinga striuk\u0117 ir kepur\u0117 (43\u201346 cm l\u0117l\u0117ms)"},{"@type":"BreadcrumbList","@id":"https:\/\/kidsplay.lt\/produktas\/woopie-royal-leles-drabuziu-rinkinys-spalvinga-striuke-ir-kepure-43-46-cm-lelems\/#breadcrumb","itemListElement":[{"@type":"ListItem","position":1,"name":"Pagrindinis","item":"https:\/\/kidsplay.lt\/"},{"@type":"ListItem","position":2,"name":"Parduotuv\u0117","item":"https:\/\/kidsplay.lt\/parduotuve\/"},{"@type":"ListItem","position":3,"name":"WOOPIE \u201eRoyal\u201c l\u0117l\u0117s drabu\u017ei\u0173 rinkinys \u2013 spalvinga striuk\u0117 ir kepur\u0117 (43\u201346 cm l\u0117l\u0117ms)"}]},{"@type":"WebSite","@id":"https:\/\/kidsplay.lt\/#website","url":"https:\/\/kidsplay.lt\/","name":"B\u0113rnu sp\u0113les.lv","description":"\u012evairios prek\u0117s vaikams","publisher":{"@id":"https:\/\/kidsplay.lt\/#organization"},"alternateName":"Kidsplay","potentialAction":[{"@type":"SearchAction","target":{"@type":"EntryPoint","urlTemplate":"https:\/\/kidsplay.lt\/?s={search_term_string}"},"query-input":{"@type":"PropertyValueSpecification","valueRequired":true,"valueName":"search_term_string"}}],"inLanguage":"lv-LV"},{"@type":"Organization","@id":"https:\/\/kidsplay.lt\/#organization","name":"B\u0113rnu sp\u0113le","url":"https:\/\/kidsplay.lt\/","logo":{"@type":"ImageObject","inLanguage":"lv-LV","@id":"https:\/\/kidsplay.lt\/#\/schema\/logo\/image\/","url":"https:\/\/kidsplay.lt\/wp-content\/uploads\/2023\/07\/kidsplay-logo.png","contentUrl":"https:\/\/kidsplay.lt\/wp-content\/uploads\/2023\/07\/kidsplay-logo.png","width":451,"height":98,"caption":"KidsPlay"},"image":{"@id":"https:\/\/kidsplay.lt\/#\/schema\/logo\/image\/"},"sameAs":["https:\/\/www.facebook.com\/www.kidsplay.lt"]}]}},"_links":{"self":[{"href":"https:\/\/kidsplay.lt\/lv\/wp-json\/wp\/v2\/product\/112434","targetHints":{"allow":["GET"]}}],"collection":[{"href":"https:\/\/kidsplay.lt\/lv\/wp-json\/wp\/v2\/product"}],"about":[{"href":"https:\/\/kidsplay.lt\/lv\/wp-json\/wp\/v2\/types\/product"}],"version-history":[{"count":1,"href":"https:\/\/kidsplay.lt\/lv\/wp-json\/wp\/v2\/product\/112434\/revisions"}],"predecessor-version":[{"id":112435,"href":"https:\/\/kidsplay.lt\/lv\/wp-json\/wp\/v2\/product\/112434\/revisions\/112435"}],"wp:featuredmedia":[{"embeddable":true,"href":"https:\/\/kidsplay.lt\/lv\/wp-json\/wp\/v2\/media\/112436"}],"wp:attachment":[{"href":"https:\/\/kidsplay.lt\/lv\/wp-json\/wp\/v2\/media?parent=112434"}],"wp:term":[{"taxonomy":"product_brand","embeddable":true,"href":"https:\/\/kidsplay.lt\/lv\/wp-json\/wp\/v2\/product_brand?post=112434"},{"taxonomy":"product_cat","embeddable":true,"href":"https:\/\/kidsplay.lt\/lv\/wp-json\/wp\/v2\/product_cat?post=112434"},{"taxonomy":"product_tag","embeddable":true,"href":"https:\/\/kidsplay.lt\/lv\/wp-json\/wp\/v2\/product_tag?post=112434"}],"curies":[{"name":"wp","href":"https:\/\/api.w.org\/{rel}","templated":true}]}}