{"id":112447,"date":"2026-04-30T13:31:15","date_gmt":"2026-04-30T10:31:15","guid":{"rendered":"https:\/\/kidsplay.lt\/produktas\/classic-world-pasaulio-zemelapio-delione\/"},"modified":"2026-04-30T18:30:05","modified_gmt":"2026-04-30T15:30:05","slug":"classic-world-pasaulio-zemelapio-delione","status":"publish","type":"product","link":"https:\/\/kidsplay.lt\/lv\/products\/classic-world-pasaulio-zemelapio-delione\/","title":{"rendered":"CLASSIC WORLD pasaulio \u017eem\u0117lapio d\u0117lion\u0117"},"content":{"rendered":"<p>CLASSIC WORLD medin\u0117 pasaulio \u017eem\u0117lapio d\u0117lion\u0117 kvie\u010dia vaik\u0105 \u012f \u012fsp\u016bding\u0105 kelion\u0119 aplink pasaul\u012f. Tai edukacinis \u017eaislas, kuris ne tik suteikia daug d\u017eiaugsmo, bet ir padeda pa\u017einti \u017eemynus, pasaulio \u012fvairov\u0119 bei geografijos pagrindus.<br \/>\nRinkin\u012f sudaro 48 detal\u0117s su ry\u0161kiomis ir i\u0161samiomis iliustracijomis, kurios susijungia \u012f spalving\u0105 pasaulio \u017eem\u0117lap\u012f. D\u0117liodamas vaikas lavina pa\u017eintinius geb\u0117jimus, vaizduot\u0119 ir smulki\u0105j\u0105 motorik\u0105.<br \/>\nRaksturojums:<\/p>\n<p> \tskirtas vaikams nuo 3 met\u0173,<br \/>\n \trinkinyje yra 48 d\u0117lion\u0117s detal\u0117s,<br \/>\n \tpasaulio \u017eem\u0117lapio ir \u017eemyn\u0173 tematika,<br \/>\n \tpagaminta i\u0161 auk\u0161tos kokyb\u0117s, vaikams ir aplinkai saugi\u0173 med\u017eiag\u0173,<br \/>\n \tneturi a\u0161tri\u0173 kamp\u0173,<br \/>\n \tda\u017eyta netoksi\u0161kais da\u017eais,<br \/>\n \tsud\u0117jus gaunamas spalvingas pasaulio \u017eem\u0117lapis.<\/p>","protected":false},"excerpt":{"rendered":"<p>CLASSIC WORLD medin\u0117 pasaulio \u017eem\u0117lapio d\u0117lion\u0117 kvie\u010dia vaik\u0105 \u012f \u012fsp\u016bding\u0105 kelion\u0119 aplink pasaul\u012f. Tai edukacinis \u017eaislas, kuris ne tik suteikia<\/p>","protected":false},"featured_media":112449,"template":"","meta":{"_acf_changed":false,"_glsr_average":0,"_glsr_ranking":0,"_glsr_reviews":0},"product_brand":[],"product_cat":[397,883],"product_tag":[],"class_list":{"0":"post-112447","1":"product","2":"type-product","3":"status-publish","4":"has-post-thumbnail","6":"product_cat-medines-deliones-mediniai-zaislai","7":"product_cat-mediniai-zaislai-2","8":"\"style=\"background-color: #2ecc711c;\"","10":"first","11":"instock","12":"purchasable","13":"product-type-simple"},"acf":[],"yoast_head":"<!-- This site is optimized with the Yoast SEO plugin v27.5 - https:\/\/yoast.com\/product\/yoast-seo-wordpress\/ -->\n<title>CLASSIC WORLD pasaulio \u017eem\u0117lapio d\u0117lion\u0117<\/title>\n<meta name=\"description\" content=\"CLASSIC WORLD pasaulio \u017eem\u0117lapio d\u0117lion\u0117 - KidsPlay. Did\u017eiausias vaik\u0173 \u017eaisl\u0173 pasirinkimas.\" \/>\n<meta name=\"robots\" content=\"index, follow, max-snippet:-1, max-image-preview:large, max-video-preview:-1\" \/>\n<link rel=\"canonical\" href=\"https:\/\/kidsplay.lt\/lv\/products\/classic-world-pasaulio-zemelapio-delione\/\" \/>\n<meta property=\"og:locale\" content=\"lv_LV\" \/>\n<meta property=\"og:type\" content=\"article\" \/>\n<meta property=\"og:title\" content=\"CLASSIC WORLD pasaulio \u017eem\u0117lapio d\u0117lion\u0117\" \/>\n<meta property=\"og:description\" content=\"CLASSIC WORLD pasaulio \u017eem\u0117lapio d\u0117lion\u0117 - KidsPlay. Did\u017eiausias vaik\u0173 \u017eaisl\u0173 pasirinkimas.\" \/>\n<meta property=\"og:url\" content=\"https:\/\/kidsplay.lt\/lv\/products\/classic-world-pasaulio-zemelapio-delione\/\" \/>\n<meta property=\"og:site_name\" content=\"KidsPlay\" \/>\n<meta property=\"article:publisher\" content=\"https:\/\/www.facebook.com\/www.kidsplay.lt\" \/>\n<meta property=\"article:modified_time\" content=\"2026-04-30T15:30:05+00:00\" \/>\n<meta property=\"og:image\" content=\"https:\/\/kidsplay.lt\/wp-content\/uploads\/2026\/04\/CLASSIC-WORLD-pasaulio-zemelapio-delione.jpg\" \/>\n\t<meta property=\"og:image:width\" content=\"2500\" \/>\n\t<meta property=\"og:image:height\" content=\"2500\" \/>\n\t<meta property=\"og:image:type\" content=\"image\/jpeg\" \/>\n<meta name=\"twitter:card\" content=\"summary_large_image\" \/>\n<meta name=\"twitter:label1\" content=\"Est. reading time\" \/>\n\t<meta name=\"twitter:data1\" content=\"1 min\u016bte\" \/>\n<script type=\"application\/ld+json\" class=\"yoast-schema-graph\">{\"@context\":\"https:\\\/\\\/schema.org\",\"@graph\":[{\"@type\":\"WebPage\",\"@id\":\"https:\\\/\\\/kidsplay.lt\\\/produktas\\\/classic-world-pasaulio-zemelapio-delione\\\/\",\"url\":\"https:\\\/\\\/kidsplay.lt\\\/produktas\\\/classic-world-pasaulio-zemelapio-delione\\\/\",\"name\":\"CLASSIC WORLD pasaulio \u017eem\u0117lapio d\u0117lion\u0117\",\"isPartOf\":{\"@id\":\"https:\\\/\\\/kidsplay.lt\\\/#website\"},\"primaryImageOfPage\":{\"@id\":\"https:\\\/\\\/kidsplay.lt\\\/produktas\\\/classic-world-pasaulio-zemelapio-delione\\\/#primaryimage\"},\"image\":{\"@id\":\"https:\\\/\\\/kidsplay.lt\\\/produktas\\\/classic-world-pasaulio-zemelapio-delione\\\/#primaryimage\"},\"thumbnailUrl\":\"https:\\\/\\\/kidsplay.lt\\\/wp-content\\\/uploads\\\/2026\\\/04\\\/CLASSIC-WORLD-pasaulio-zemelapio-delione.jpg\",\"datePublished\":\"2026-04-30T10:31:15+00:00\",\"dateModified\":\"2026-04-30T15:30:05+00:00\",\"description\":\"CLASSIC WORLD pasaulio \u017eem\u0117lapio d\u0117lion\u0117 - KidsPlay. Did\u017eiausias vaik\u0173 \u017eaisl\u0173 pasirinkimas.\",\"breadcrumb\":{\"@id\":\"https:\\\/\\\/kidsplay.lt\\\/produktas\\\/classic-world-pasaulio-zemelapio-delione\\\/#breadcrumb\"},\"inLanguage\":\"lv-LV\",\"potentialAction\":[{\"@type\":\"ReadAction\",\"target\":[\"https:\\\/\\\/kidsplay.lt\\\/produktas\\\/classic-world-pasaulio-zemelapio-delione\\\/\"]}]},{\"@type\":\"ImageObject\",\"inLanguage\":\"lv-LV\",\"@id\":\"https:\\\/\\\/kidsplay.lt\\\/produktas\\\/classic-world-pasaulio-zemelapio-delione\\\/#primaryimage\",\"url\":\"https:\\\/\\\/kidsplay.lt\\\/wp-content\\\/uploads\\\/2026\\\/04\\\/CLASSIC-WORLD-pasaulio-zemelapio-delione.jpg\",\"contentUrl\":\"https:\\\/\\\/kidsplay.lt\\\/wp-content\\\/uploads\\\/2026\\\/04\\\/CLASSIC-WORLD-pasaulio-zemelapio-delione.jpg\",\"width\":2500,\"height\":2500,\"caption\":\"CLASSIC WORLD pasaulio \u017eem\u0117lapio d\u0117lion\u0117\"},{\"@type\":\"BreadcrumbList\",\"@id\":\"https:\\\/\\\/kidsplay.lt\\\/produktas\\\/classic-world-pasaulio-zemelapio-delione\\\/#breadcrumb\",\"itemListElement\":[{\"@type\":\"ListItem\",\"position\":1,\"name\":\"Pagrindinis\",\"item\":\"https:\\\/\\\/kidsplay.lt\\\/\"},{\"@type\":\"ListItem\",\"position\":2,\"name\":\"Parduotuv\u0117\",\"item\":\"https:\\\/\\\/kidsplay.lt\\\/parduotuve\\\/\"},{\"@type\":\"ListItem\",\"position\":3,\"name\":\"CLASSIC WORLD pasaulio \u017eem\u0117lapio d\u0117lion\u0117\"}]},{\"@type\":\"WebSite\",\"@id\":\"https:\\\/\\\/kidsplay.lt\\\/#website\",\"url\":\"https:\\\/\\\/kidsplay.lt\\\/\",\"name\":\"Kidsplay.lt\",\"description\":\"\u012evairios prek\u0117s vaikams\",\"publisher\":{\"@id\":\"https:\\\/\\\/kidsplay.lt\\\/#organization\"},\"alternateName\":\"Kidsplay\",\"potentialAction\":[{\"@type\":\"SearchAction\",\"target\":{\"@type\":\"EntryPoint\",\"urlTemplate\":\"https:\\\/\\\/kidsplay.lt\\\/?s={search_term_string}\"},\"query-input\":{\"@type\":\"PropertyValueSpecification\",\"valueRequired\":true,\"valueName\":\"search_term_string\"}}],\"inLanguage\":\"lv-LV\"},{\"@type\":\"Organization\",\"@id\":\"https:\\\/\\\/kidsplay.lt\\\/#organization\",\"name\":\"KidsPlay\",\"url\":\"https:\\\/\\\/kidsplay.lt\\\/\",\"logo\":{\"@type\":\"ImageObject\",\"inLanguage\":\"lv-LV\",\"@id\":\"https:\\\/\\\/kidsplay.lt\\\/#\\\/schema\\\/logo\\\/image\\\/\",\"url\":\"https:\\\/\\\/kidsplay.lt\\\/wp-content\\\/uploads\\\/2023\\\/07\\\/kidsplay-logo.png\",\"contentUrl\":\"https:\\\/\\\/kidsplay.lt\\\/wp-content\\\/uploads\\\/2023\\\/07\\\/kidsplay-logo.png\",\"width\":451,\"height\":98,\"caption\":\"KidsPlay\"},\"image\":{\"@id\":\"https:\\\/\\\/kidsplay.lt\\\/#\\\/schema\\\/logo\\\/image\\\/\"},\"sameAs\":[\"https:\\\/\\\/www.facebook.com\\\/www.kidsplay.lt\"]}]}<\/script>\n<!-- \/ Yoast SEO plugin. -->","yoast_head_json":{"title":"CLASSIC WORLD pasaulio \u017eem\u0117lapio d\u0117lion\u0117","description":"CLASSIC WORLD pasaulio \u017eem\u0117lapio d\u0117lion\u0117 - KidsPlay. Did\u017eiausias vaik\u0173 \u017eaisl\u0173 pasirinkimas.","robots":{"index":"index","follow":"follow","max-snippet":"max-snippet:-1","max-image-preview":"max-image-preview:large","max-video-preview":"max-video-preview:-1"},"canonical":"https:\/\/kidsplay.lt\/lv\/products\/classic-world-pasaulio-zemelapio-delione\/","og_locale":"lv_LV","og_type":"article","og_title":"CLASSIC WORLD pasaulio \u017eem\u0117lapio d\u0117lion\u0117","og_description":"CLASSIC WORLD pasaulio \u017eem\u0117lapio d\u0117lion\u0117 - KidsPlay. Did\u017eiausias vaik\u0173 \u017eaisl\u0173 pasirinkimas.","og_url":"https:\/\/kidsplay.lt\/lv\/products\/classic-world-pasaulio-zemelapio-delione\/","og_site_name":"KidsPlay","article_publisher":"https:\/\/www.facebook.com\/www.kidsplay.lt","article_modified_time":"2026-04-30T15:30:05+00:00","og_image":[{"width":2500,"height":2500,"url":"https:\/\/kidsplay.lt\/wp-content\/uploads\/2026\/04\/CLASSIC-WORLD-pasaulio-zemelapio-delione.jpg","type":"image\/jpeg"}],"twitter_card":"summary_large_image","twitter_misc":{"Est. reading time":"1 min\u016bte"},"schema":{"@context":"https:\/\/schema.org","@graph":[{"@type":"WebPage","@id":"https:\/\/kidsplay.lt\/produktas\/classic-world-pasaulio-zemelapio-delione\/","url":"https:\/\/kidsplay.lt\/produktas\/classic-world-pasaulio-zemelapio-delione\/","name":"CLASSIC WORLD pasaulio \u017eem\u0117lapio d\u0117lion\u0117","isPartOf":{"@id":"https:\/\/kidsplay.lt\/#website"},"primaryImageOfPage":{"@id":"https:\/\/kidsplay.lt\/produktas\/classic-world-pasaulio-zemelapio-delione\/#primaryimage"},"image":{"@id":"https:\/\/kidsplay.lt\/produktas\/classic-world-pasaulio-zemelapio-delione\/#primaryimage"},"thumbnailUrl":"https:\/\/kidsplay.lt\/wp-content\/uploads\/2026\/04\/CLASSIC-WORLD-pasaulio-zemelapio-delione.jpg","datePublished":"2026-04-30T10:31:15+00:00","dateModified":"2026-04-30T15:30:05+00:00","description":"CLASSIC WORLD pasaulio \u017eem\u0117lapio d\u0117lion\u0117 - KidsPlay. Did\u017eiausias vaik\u0173 \u017eaisl\u0173 pasirinkimas.","breadcrumb":{"@id":"https:\/\/kidsplay.lt\/produktas\/classic-world-pasaulio-zemelapio-delione\/#breadcrumb"},"inLanguage":"lv-LV","potentialAction":[{"@type":"ReadAction","target":["https:\/\/kidsplay.lt\/produktas\/classic-world-pasaulio-zemelapio-delione\/"]}]},{"@type":"ImageObject","inLanguage":"lv-LV","@id":"https:\/\/kidsplay.lt\/produktas\/classic-world-pasaulio-zemelapio-delione\/#primaryimage","url":"https:\/\/kidsplay.lt\/wp-content\/uploads\/2026\/04\/CLASSIC-WORLD-pasaulio-zemelapio-delione.jpg","contentUrl":"https:\/\/kidsplay.lt\/wp-content\/uploads\/2026\/04\/CLASSIC-WORLD-pasaulio-zemelapio-delione.jpg","width":2500,"height":2500,"caption":"CLASSIC WORLD pasaulio \u017eem\u0117lapio d\u0117lion\u0117"},{"@type":"BreadcrumbList","@id":"https:\/\/kidsplay.lt\/produktas\/classic-world-pasaulio-zemelapio-delione\/#breadcrumb","itemListElement":[{"@type":"ListItem","position":1,"name":"Pagrindinis","item":"https:\/\/kidsplay.lt\/"},{"@type":"ListItem","position":2,"name":"Parduotuv\u0117","item":"https:\/\/kidsplay.lt\/parduotuve\/"},{"@type":"ListItem","position":3,"name":"CLASSIC WORLD pasaulio \u017eem\u0117lapio d\u0117lion\u0117"}]},{"@type":"WebSite","@id":"https:\/\/kidsplay.lt\/#website","url":"https:\/\/kidsplay.lt\/","name":"B\u0113rnu sp\u0113les.lv","description":"\u012evairios prek\u0117s vaikams","publisher":{"@id":"https:\/\/kidsplay.lt\/#organization"},"alternateName":"Kidsplay","potentialAction":[{"@type":"SearchAction","target":{"@type":"EntryPoint","urlTemplate":"https:\/\/kidsplay.lt\/?s={search_term_string}"},"query-input":{"@type":"PropertyValueSpecification","valueRequired":true,"valueName":"search_term_string"}}],"inLanguage":"lv-LV"},{"@type":"Organization","@id":"https:\/\/kidsplay.lt\/#organization","name":"B\u0113rnu sp\u0113le","url":"https:\/\/kidsplay.lt\/","logo":{"@type":"ImageObject","inLanguage":"lv-LV","@id":"https:\/\/kidsplay.lt\/#\/schema\/logo\/image\/","url":"https:\/\/kidsplay.lt\/wp-content\/uploads\/2023\/07\/kidsplay-logo.png","contentUrl":"https:\/\/kidsplay.lt\/wp-content\/uploads\/2023\/07\/kidsplay-logo.png","width":451,"height":98,"caption":"KidsPlay"},"image":{"@id":"https:\/\/kidsplay.lt\/#\/schema\/logo\/image\/"},"sameAs":["https:\/\/www.facebook.com\/www.kidsplay.lt"]}]}},"_links":{"self":[{"href":"https:\/\/kidsplay.lt\/lv\/wp-json\/wp\/v2\/product\/112447","targetHints":{"allow":["GET"]}}],"collection":[{"href":"https:\/\/kidsplay.lt\/lv\/wp-json\/wp\/v2\/product"}],"about":[{"href":"https:\/\/kidsplay.lt\/lv\/wp-json\/wp\/v2\/types\/product"}],"version-history":[{"count":1,"href":"https:\/\/kidsplay.lt\/lv\/wp-json\/wp\/v2\/product\/112447\/revisions"}],"predecessor-version":[{"id":112448,"href":"https:\/\/kidsplay.lt\/lv\/wp-json\/wp\/v2\/product\/112447\/revisions\/112448"}],"wp:featuredmedia":[{"embeddable":true,"href":"https:\/\/kidsplay.lt\/lv\/wp-json\/wp\/v2\/media\/112449"}],"wp:attachment":[{"href":"https:\/\/kidsplay.lt\/lv\/wp-json\/wp\/v2\/media?parent=112447"}],"wp:term":[{"taxonomy":"product_brand","embeddable":true,"href":"https:\/\/kidsplay.lt\/lv\/wp-json\/wp\/v2\/product_brand?post=112447"},{"taxonomy":"product_cat","embeddable":true,"href":"https:\/\/kidsplay.lt\/lv\/wp-json\/wp\/v2\/product_cat?post=112447"},{"taxonomy":"product_tag","embeddable":true,"href":"https:\/\/kidsplay.lt\/lv\/wp-json\/wp\/v2\/product_tag?post=112447"}],"curies":[{"name":"wp","href":"https:\/\/api.w.org\/{rel}","templated":true}]}}