{"id":112475,"date":"2026-04-30T13:33:09","date_gmt":"2026-04-30T10:33:09","guid":{"rendered":"https:\/\/kidsplay.lt\/produktas\/woopie-prekybos-centras-su-pirkiniu-vezimeliu-kasa-svarstyklemis-ir-skeneriu-47-priedai\/"},"modified":"2026-04-30T18:30:07","modified_gmt":"2026-04-30T15:30:07","slug":"woopie-prekybos-centras-su-pirkiniu-vezimeliu-kasa-svarstyklemis-ir-skeneriu-47-priedai","status":"publish","type":"product","link":"https:\/\/kidsplay.lt\/lv\/products\/woopie-prekybos-centras-su-pirkiniu-vezimeliu-kasa-svarstyklemis-ir-skeneriu-47-priedai\/","title":{"rendered":"\u201eWOOPIE\u201c prekybos centras su pirkini\u0173 ve\u017eim\u0117liu, kasa, svarstykl\u0117mis ir skeneriu (47 priedai)"},"content":{"rendered":"<p>\u0160is \u201eWOOPIE\u201c prekybos centro rinkinys \u2013 tai realisti\u0161kas vaidmen\u0173 \u017eaidim\u0173 \u017eaislas, leid\u017eiantis vaikams atkurti apsipirkimo situacijas ir \u017eaisti parduotuv\u0119 su draugais ar \u0161eima. Interaktyv\u016bs elementai ir gausus pried\u0173 kiekis u\u017etikrina ilg\u0105, \u012ftraukiant\u012f \u017eaidim\u0105.<br \/>\nFunkcijas:<\/p>\n<p> \tSkirtas vaikams nuo 3 met\u0173<br \/>\n \tRealisti\u0161kas prekybos centro dizainas<br \/>\n \tPirkini\u0173 ve\u017eim\u0117lis komplekte<br \/>\n \tKasos aparatas su integruotomis svarstykl\u0117mis<br \/>\n \tSkaitytuvas su \u0161viesos ir garso efektais (raudona \u0161viesa, garsai)<br \/>\n \tKorteli\u0173 skaitytuvas su garsu ir \u0161viesos efektu<br \/>\n \tLentynos su \u201ekainomis\u201c<br \/>\n \tSubtilios, esteti\u0161kos spalvos \u2013 tinka \u012fvairiems interjerams<br \/>\n \tSpalvinga d\u0117\u017e\u0117 \u2013 puikiai tinka dovanai<br \/>\n \tParduotuv\u0117s prekystalio auk\u0161tis ~45 cm<\/p>\n<p>Rinkinyje (47 priedai):<\/p>\n<p> \tPrekybos centro stendas<br \/>\n \tPirkini\u0173 krep\u0161elis \/ ve\u017eim\u0117lis<br \/>\n \tSvarstykl\u0117s<br \/>\n \tBr\u016bk\u0161nini\u0173 kod\u0173 skeneris<br \/>\n \tKorteli\u0173 skaitytuvas + mok\u0117jimo kortel\u0117<br \/>\n \tPopieriniai pinigai ir monetos<br \/>\n \t\u012evair\u016bs maisto produktai (vaisiai, dar\u017eov\u0117s, g\u0117rimai, pieno produktai ir kt.)<\/p>","protected":false},"excerpt":{"rendered":"<p>\u0160is \u201eWOOPIE\u201c prekybos centro rinkinys \u2013 tai realisti\u0161kas vaidmen\u0173 \u017eaidim\u0173 \u017eaislas, leid\u017eiantis vaikams atkurti apsipirkimo situacijas ir \u017eaisti parduotuv\u0119 su<\/p>","protected":false},"featured_media":112477,"template":"","meta":{"_acf_changed":false,"_glsr_average":0,"_glsr_ranking":0,"_glsr_reviews":0},"product_brand":[],"product_cat":[893,399],"product_tag":[],"class_list":{"0":"post-112475","1":"product","2":"type-product","3":"status-publish","4":"has-post-thumbnail","6":"product_cat-parduotuves","7":"product_cat-vaidmenu-zaidimai-2","8":"\"style=\"background-color: #2ecc711c;\"","10":"first","11":"instock","12":"purchasable","13":"product-type-simple"},"acf":[],"yoast_head":"<!-- This site is optimized with the Yoast SEO plugin v27.5 - https:\/\/yoast.com\/product\/yoast-seo-wordpress\/ -->\n<title>\u201eWOOPIE\u201c prekybos centras su pirkini\u0173 ve\u017eim\u0117liu, kasa, svarstykl\u0117mis ir skeneriu (47 priedai)<\/title>\n<meta name=\"description\" content=\"\u201eWOOPIE\u201c prekybos centras su pirkini\u0173 ve\u017eim\u0117liu, kasa, svarstykl\u0117mis ir skeneriu (47 priedai) - KidsPlay. Did\u017eiausias vaik\u0173 \u017eaisl\u0173 pasirinkimas.\" \/>\n<meta name=\"robots\" content=\"index, follow, max-snippet:-1, max-image-preview:large, max-video-preview:-1\" \/>\n<link rel=\"canonical\" href=\"https:\/\/kidsplay.lt\/lv\/products\/woopie-prekybos-centras-su-pirkiniu-vezimeliu-kasa-svarstyklemis-ir-skeneriu-47-priedai\/\" \/>\n<meta property=\"og:locale\" content=\"lv_LV\" \/>\n<meta property=\"og:type\" content=\"article\" \/>\n<meta property=\"og:title\" content=\"\u201eWOOPIE\u201c prekybos centras su pirkini\u0173 ve\u017eim\u0117liu, kasa, svarstykl\u0117mis ir skeneriu (47 priedai)\" \/>\n<meta property=\"og:description\" content=\"\u201eWOOPIE\u201c prekybos centras su pirkini\u0173 ve\u017eim\u0117liu, kasa, svarstykl\u0117mis ir skeneriu (47 priedai) - KidsPlay. Did\u017eiausias vaik\u0173 \u017eaisl\u0173 pasirinkimas.\" \/>\n<meta property=\"og:url\" content=\"https:\/\/kidsplay.lt\/lv\/products\/woopie-prekybos-centras-su-pirkiniu-vezimeliu-kasa-svarstyklemis-ir-skeneriu-47-priedai\/\" \/>\n<meta property=\"og:site_name\" content=\"KidsPlay\" \/>\n<meta property=\"article:publisher\" content=\"https:\/\/www.facebook.com\/www.kidsplay.lt\" \/>\n<meta property=\"article:modified_time\" content=\"2026-04-30T15:30:07+00:00\" \/>\n<meta property=\"og:image\" content=\"https:\/\/kidsplay.lt\/wp-content\/uploads\/2026\/04\/\u201eWOOPIE-prekybos-centras-su-pirkiniu-vezimeliu-kasa-svarstyklemis-ir-skeneriu-47-priedai.jpg\" \/>\n\t<meta property=\"og:image:width\" content=\"818\" \/>\n\t<meta property=\"og:image:height\" content=\"748\" \/>\n\t<meta property=\"og:image:type\" content=\"image\/jpeg\" \/>\n<meta name=\"twitter:card\" content=\"summary_large_image\" \/>\n<meta name=\"twitter:label1\" content=\"Est. reading time\" \/>\n\t<meta name=\"twitter:data1\" content=\"1 min\u016bte\" \/>\n<script type=\"application\/ld+json\" class=\"yoast-schema-graph\">{\"@context\":\"https:\\\/\\\/schema.org\",\"@graph\":[{\"@type\":\"WebPage\",\"@id\":\"https:\\\/\\\/kidsplay.lt\\\/produktas\\\/woopie-prekybos-centras-su-pirkiniu-vezimeliu-kasa-svarstyklemis-ir-skeneriu-47-priedai\\\/\",\"url\":\"https:\\\/\\\/kidsplay.lt\\\/produktas\\\/woopie-prekybos-centras-su-pirkiniu-vezimeliu-kasa-svarstyklemis-ir-skeneriu-47-priedai\\\/\",\"name\":\"\u201eWOOPIE\u201c prekybos centras su pirkini\u0173 ve\u017eim\u0117liu, kasa, svarstykl\u0117mis ir skeneriu (47 priedai)\",\"isPartOf\":{\"@id\":\"https:\\\/\\\/kidsplay.lt\\\/#website\"},\"primaryImageOfPage\":{\"@id\":\"https:\\\/\\\/kidsplay.lt\\\/produktas\\\/woopie-prekybos-centras-su-pirkiniu-vezimeliu-kasa-svarstyklemis-ir-skeneriu-47-priedai\\\/#primaryimage\"},\"image\":{\"@id\":\"https:\\\/\\\/kidsplay.lt\\\/produktas\\\/woopie-prekybos-centras-su-pirkiniu-vezimeliu-kasa-svarstyklemis-ir-skeneriu-47-priedai\\\/#primaryimage\"},\"thumbnailUrl\":\"https:\\\/\\\/kidsplay.lt\\\/wp-content\\\/uploads\\\/2026\\\/04\\\/\u201eWOOPIE-prekybos-centras-su-pirkiniu-vezimeliu-kasa-svarstyklemis-ir-skeneriu-47-priedai.jpg\",\"datePublished\":\"2026-04-30T10:33:09+00:00\",\"dateModified\":\"2026-04-30T15:30:07+00:00\",\"description\":\"\u201eWOOPIE\u201c prekybos centras su pirkini\u0173 ve\u017eim\u0117liu, kasa, svarstykl\u0117mis ir skeneriu (47 priedai) - KidsPlay. Did\u017eiausias vaik\u0173 \u017eaisl\u0173 pasirinkimas.\",\"breadcrumb\":{\"@id\":\"https:\\\/\\\/kidsplay.lt\\\/produktas\\\/woopie-prekybos-centras-su-pirkiniu-vezimeliu-kasa-svarstyklemis-ir-skeneriu-47-priedai\\\/#breadcrumb\"},\"inLanguage\":\"lv-LV\",\"potentialAction\":[{\"@type\":\"ReadAction\",\"target\":[\"https:\\\/\\\/kidsplay.lt\\\/produktas\\\/woopie-prekybos-centras-su-pirkiniu-vezimeliu-kasa-svarstyklemis-ir-skeneriu-47-priedai\\\/\"]}]},{\"@type\":\"ImageObject\",\"inLanguage\":\"lv-LV\",\"@id\":\"https:\\\/\\\/kidsplay.lt\\\/produktas\\\/woopie-prekybos-centras-su-pirkiniu-vezimeliu-kasa-svarstyklemis-ir-skeneriu-47-priedai\\\/#primaryimage\",\"url\":\"https:\\\/\\\/kidsplay.lt\\\/wp-content\\\/uploads\\\/2026\\\/04\\\/\u201eWOOPIE-prekybos-centras-su-pirkiniu-vezimeliu-kasa-svarstyklemis-ir-skeneriu-47-priedai.jpg\",\"contentUrl\":\"https:\\\/\\\/kidsplay.lt\\\/wp-content\\\/uploads\\\/2026\\\/04\\\/\u201eWOOPIE-prekybos-centras-su-pirkiniu-vezimeliu-kasa-svarstyklemis-ir-skeneriu-47-priedai.jpg\",\"width\":818,\"height\":748,\"caption\":\"\u201eWOOPIE\u201c prekybos centras su pirkini\u0173 ve\u017eim\u0117liu\"},{\"@type\":\"BreadcrumbList\",\"@id\":\"https:\\\/\\\/kidsplay.lt\\\/produktas\\\/woopie-prekybos-centras-su-pirkiniu-vezimeliu-kasa-svarstyklemis-ir-skeneriu-47-priedai\\\/#breadcrumb\",\"itemListElement\":[{\"@type\":\"ListItem\",\"position\":1,\"name\":\"Pagrindinis\",\"item\":\"https:\\\/\\\/kidsplay.lt\\\/\"},{\"@type\":\"ListItem\",\"position\":2,\"name\":\"Parduotuv\u0117\",\"item\":\"https:\\\/\\\/kidsplay.lt\\\/parduotuve\\\/\"},{\"@type\":\"ListItem\",\"position\":3,\"name\":\"\u201eWOOPIE\u201c prekybos centras su pirkini\u0173 ve\u017eim\u0117liu, kasa, svarstykl\u0117mis ir skeneriu (47 priedai)\"}]},{\"@type\":\"WebSite\",\"@id\":\"https:\\\/\\\/kidsplay.lt\\\/#website\",\"url\":\"https:\\\/\\\/kidsplay.lt\\\/\",\"name\":\"Kidsplay.lt\",\"description\":\"\u012evairios prek\u0117s vaikams\",\"publisher\":{\"@id\":\"https:\\\/\\\/kidsplay.lt\\\/#organization\"},\"alternateName\":\"Kidsplay\",\"potentialAction\":[{\"@type\":\"SearchAction\",\"target\":{\"@type\":\"EntryPoint\",\"urlTemplate\":\"https:\\\/\\\/kidsplay.lt\\\/?s={search_term_string}\"},\"query-input\":{\"@type\":\"PropertyValueSpecification\",\"valueRequired\":true,\"valueName\":\"search_term_string\"}}],\"inLanguage\":\"lv-LV\"},{\"@type\":\"Organization\",\"@id\":\"https:\\\/\\\/kidsplay.lt\\\/#organization\",\"name\":\"KidsPlay\",\"url\":\"https:\\\/\\\/kidsplay.lt\\\/\",\"logo\":{\"@type\":\"ImageObject\",\"inLanguage\":\"lv-LV\",\"@id\":\"https:\\\/\\\/kidsplay.lt\\\/#\\\/schema\\\/logo\\\/image\\\/\",\"url\":\"https:\\\/\\\/kidsplay.lt\\\/wp-content\\\/uploads\\\/2023\\\/07\\\/kidsplay-logo.png\",\"contentUrl\":\"https:\\\/\\\/kidsplay.lt\\\/wp-content\\\/uploads\\\/2023\\\/07\\\/kidsplay-logo.png\",\"width\":451,\"height\":98,\"caption\":\"KidsPlay\"},\"image\":{\"@id\":\"https:\\\/\\\/kidsplay.lt\\\/#\\\/schema\\\/logo\\\/image\\\/\"},\"sameAs\":[\"https:\\\/\\\/www.facebook.com\\\/www.kidsplay.lt\"]}]}<\/script>\n<!-- \/ Yoast SEO plugin. -->","yoast_head_json":{"title":"\u201eWOOPIE\u201c prekybos centras su pirkini\u0173 ve\u017eim\u0117liu, kasa, svarstykl\u0117mis ir skeneriu (47 priedai)","description":"\u201eWOOPIE\u201c prekybos centras su pirkini\u0173 ve\u017eim\u0117liu, kasa, svarstykl\u0117mis ir skeneriu (47 priedai) - KidsPlay. Did\u017eiausias vaik\u0173 \u017eaisl\u0173 pasirinkimas.","robots":{"index":"index","follow":"follow","max-snippet":"max-snippet:-1","max-image-preview":"max-image-preview:large","max-video-preview":"max-video-preview:-1"},"canonical":"https:\/\/kidsplay.lt\/lv\/products\/woopie-prekybos-centras-su-pirkiniu-vezimeliu-kasa-svarstyklemis-ir-skeneriu-47-priedai\/","og_locale":"lv_LV","og_type":"article","og_title":"\u201eWOOPIE\u201c prekybos centras su pirkini\u0173 ve\u017eim\u0117liu, kasa, svarstykl\u0117mis ir skeneriu (47 priedai)","og_description":"\u201eWOOPIE\u201c prekybos centras su pirkini\u0173 ve\u017eim\u0117liu, kasa, svarstykl\u0117mis ir skeneriu (47 priedai) - KidsPlay. Did\u017eiausias vaik\u0173 \u017eaisl\u0173 pasirinkimas.","og_url":"https:\/\/kidsplay.lt\/lv\/products\/woopie-prekybos-centras-su-pirkiniu-vezimeliu-kasa-svarstyklemis-ir-skeneriu-47-priedai\/","og_site_name":"KidsPlay","article_publisher":"https:\/\/www.facebook.com\/www.kidsplay.lt","article_modified_time":"2026-04-30T15:30:07+00:00","og_image":[{"width":818,"height":748,"url":"https:\/\/kidsplay.lt\/wp-content\/uploads\/2026\/04\/\u201eWOOPIE-prekybos-centras-su-pirkiniu-vezimeliu-kasa-svarstyklemis-ir-skeneriu-47-priedai.jpg","type":"image\/jpeg"}],"twitter_card":"summary_large_image","twitter_misc":{"Est. reading time":"1 min\u016bte"},"schema":{"@context":"https:\/\/schema.org","@graph":[{"@type":"WebPage","@id":"https:\/\/kidsplay.lt\/produktas\/woopie-prekybos-centras-su-pirkiniu-vezimeliu-kasa-svarstyklemis-ir-skeneriu-47-priedai\/","url":"https:\/\/kidsplay.lt\/produktas\/woopie-prekybos-centras-su-pirkiniu-vezimeliu-kasa-svarstyklemis-ir-skeneriu-47-priedai\/","name":"\u201eWOOPIE\u201c prekybos centras su pirkini\u0173 ve\u017eim\u0117liu, kasa, svarstykl\u0117mis ir skeneriu (47 priedai)","isPartOf":{"@id":"https:\/\/kidsplay.lt\/#website"},"primaryImageOfPage":{"@id":"https:\/\/kidsplay.lt\/produktas\/woopie-prekybos-centras-su-pirkiniu-vezimeliu-kasa-svarstyklemis-ir-skeneriu-47-priedai\/#primaryimage"},"image":{"@id":"https:\/\/kidsplay.lt\/produktas\/woopie-prekybos-centras-su-pirkiniu-vezimeliu-kasa-svarstyklemis-ir-skeneriu-47-priedai\/#primaryimage"},"thumbnailUrl":"https:\/\/kidsplay.lt\/wp-content\/uploads\/2026\/04\/\u201eWOOPIE-prekybos-centras-su-pirkiniu-vezimeliu-kasa-svarstyklemis-ir-skeneriu-47-priedai.jpg","datePublished":"2026-04-30T10:33:09+00:00","dateModified":"2026-04-30T15:30:07+00:00","description":"\u201eWOOPIE\u201c prekybos centras su pirkini\u0173 ve\u017eim\u0117liu, kasa, svarstykl\u0117mis ir skeneriu (47 priedai) - KidsPlay. Did\u017eiausias vaik\u0173 \u017eaisl\u0173 pasirinkimas.","breadcrumb":{"@id":"https:\/\/kidsplay.lt\/produktas\/woopie-prekybos-centras-su-pirkiniu-vezimeliu-kasa-svarstyklemis-ir-skeneriu-47-priedai\/#breadcrumb"},"inLanguage":"lv-LV","potentialAction":[{"@type":"ReadAction","target":["https:\/\/kidsplay.lt\/produktas\/woopie-prekybos-centras-su-pirkiniu-vezimeliu-kasa-svarstyklemis-ir-skeneriu-47-priedai\/"]}]},{"@type":"ImageObject","inLanguage":"lv-LV","@id":"https:\/\/kidsplay.lt\/produktas\/woopie-prekybos-centras-su-pirkiniu-vezimeliu-kasa-svarstyklemis-ir-skeneriu-47-priedai\/#primaryimage","url":"https:\/\/kidsplay.lt\/wp-content\/uploads\/2026\/04\/\u201eWOOPIE-prekybos-centras-su-pirkiniu-vezimeliu-kasa-svarstyklemis-ir-skeneriu-47-priedai.jpg","contentUrl":"https:\/\/kidsplay.lt\/wp-content\/uploads\/2026\/04\/\u201eWOOPIE-prekybos-centras-su-pirkiniu-vezimeliu-kasa-svarstyklemis-ir-skeneriu-47-priedai.jpg","width":818,"height":748,"caption":"\u201eWOOPIE\u201c prekybos centras su pirkini\u0173 ve\u017eim\u0117liu"},{"@type":"BreadcrumbList","@id":"https:\/\/kidsplay.lt\/produktas\/woopie-prekybos-centras-su-pirkiniu-vezimeliu-kasa-svarstyklemis-ir-skeneriu-47-priedai\/#breadcrumb","itemListElement":[{"@type":"ListItem","position":1,"name":"Pagrindinis","item":"https:\/\/kidsplay.lt\/"},{"@type":"ListItem","position":2,"name":"Parduotuv\u0117","item":"https:\/\/kidsplay.lt\/parduotuve\/"},{"@type":"ListItem","position":3,"name":"\u201eWOOPIE\u201c prekybos centras su pirkini\u0173 ve\u017eim\u0117liu, kasa, svarstykl\u0117mis ir skeneriu (47 priedai)"}]},{"@type":"WebSite","@id":"https:\/\/kidsplay.lt\/#website","url":"https:\/\/kidsplay.lt\/","name":"B\u0113rnu sp\u0113les.lv","description":"\u012evairios prek\u0117s vaikams","publisher":{"@id":"https:\/\/kidsplay.lt\/#organization"},"alternateName":"Kidsplay","potentialAction":[{"@type":"SearchAction","target":{"@type":"EntryPoint","urlTemplate":"https:\/\/kidsplay.lt\/?s={search_term_string}"},"query-input":{"@type":"PropertyValueSpecification","valueRequired":true,"valueName":"search_term_string"}}],"inLanguage":"lv-LV"},{"@type":"Organization","@id":"https:\/\/kidsplay.lt\/#organization","name":"B\u0113rnu sp\u0113le","url":"https:\/\/kidsplay.lt\/","logo":{"@type":"ImageObject","inLanguage":"lv-LV","@id":"https:\/\/kidsplay.lt\/#\/schema\/logo\/image\/","url":"https:\/\/kidsplay.lt\/wp-content\/uploads\/2023\/07\/kidsplay-logo.png","contentUrl":"https:\/\/kidsplay.lt\/wp-content\/uploads\/2023\/07\/kidsplay-logo.png","width":451,"height":98,"caption":"KidsPlay"},"image":{"@id":"https:\/\/kidsplay.lt\/#\/schema\/logo\/image\/"},"sameAs":["https:\/\/www.facebook.com\/www.kidsplay.lt"]}]}},"_links":{"self":[{"href":"https:\/\/kidsplay.lt\/lv\/wp-json\/wp\/v2\/product\/112475","targetHints":{"allow":["GET"]}}],"collection":[{"href":"https:\/\/kidsplay.lt\/lv\/wp-json\/wp\/v2\/product"}],"about":[{"href":"https:\/\/kidsplay.lt\/lv\/wp-json\/wp\/v2\/types\/product"}],"version-history":[{"count":1,"href":"https:\/\/kidsplay.lt\/lv\/wp-json\/wp\/v2\/product\/112475\/revisions"}],"predecessor-version":[{"id":112476,"href":"https:\/\/kidsplay.lt\/lv\/wp-json\/wp\/v2\/product\/112475\/revisions\/112476"}],"wp:featuredmedia":[{"embeddable":true,"href":"https:\/\/kidsplay.lt\/lv\/wp-json\/wp\/v2\/media\/112477"}],"wp:attachment":[{"href":"https:\/\/kidsplay.lt\/lv\/wp-json\/wp\/v2\/media?parent=112475"}],"wp:term":[{"taxonomy":"product_brand","embeddable":true,"href":"https:\/\/kidsplay.lt\/lv\/wp-json\/wp\/v2\/product_brand?post=112475"},{"taxonomy":"product_cat","embeddable":true,"href":"https:\/\/kidsplay.lt\/lv\/wp-json\/wp\/v2\/product_cat?post=112475"},{"taxonomy":"product_tag","embeddable":true,"href":"https:\/\/kidsplay.lt\/lv\/wp-json\/wp\/v2\/product_tag?post=112475"}],"curies":[{"name":"wp","href":"https:\/\/api.w.org\/{rel}","templated":true}]}}