{"id":112482,"date":"2026-04-30T13:33:27","date_gmt":"2026-04-30T10:33:27","guid":{"rendered":"https:\/\/kidsplay.lt\/produktas\/viga-mano-pirmasis-medinis-fotoaparatas-vaikams-su-kaleidoskopu\/"},"modified":"2026-04-30T18:30:07","modified_gmt":"2026-04-30T15:30:07","slug":"viga-mano-pirmasis-medinis-fotoaparatas-vaikams-su-kaleidoskopu","status":"publish","type":"product","link":"https:\/\/kidsplay.lt\/lv\/products\/viga-mano-pirmasis-medinis-fotoaparatas-vaikams-su-kaleidoskopu\/","title":{"rendered":"\u201eVIGA Mana pirm\u0101 koka kamera b\u0113rniem ar kaleidoskopu"},"content":{"rendered":"<p>\u201eVIGA My First Camera\u201c \u2013 tai edukacinis medinis fotoaparatas ma\u017eiesiems, sukurtas skatinti smalsum\u0105, vaizduot\u0119 ir sensorin\u012f pasaulio pa\u017einim\u0105. D\u0117l kaleidoskopinio l\u0119\u0161io vaikai gali matyti spalvingus, besikei\u010dian\u010dius vaizdus ir tyrin\u0117ti \u0161viesos bei form\u0173 efektus.<br \/>\nFunkcijas:<\/p>\n<p> \tSkirtas vaikams nuo 18 m\u0117nesi\u0173<br \/>\n \tPagamintas i\u0161 nat\u016bralios buko medienos<br \/>\n \tIntegruotas besisukantis kaleidoskopo l\u0119\u0161is su 3 re\u017eimais:<\/p>\n<p> \tpaprastas kaleidoskopas<br \/>\n \tm\u0117lynas kaleidoskopas<br \/>\n \tm\u0117lynas akrilinis filtras<\/p>\n<p> \tAtveriama galin\u0117 dalis papildomam \u017eaidimui<br \/>\n \tLyg\u016bs, suapvalinti kra\u0161tai \u2013 saug\u016bs ma\u017eoms rankoms<br \/>\n \tErgonomi\u0161ka forma, lengva laikyti<br \/>\n \tPastelin\u0117s, ramios spalvos<br \/>\n \tBe ekran\u0173 \u2013 skatina nat\u016bral\u0173 tyrin\u0117jim\u0105<\/p>\n<p>Komplekt\u0101:<\/p>\n<p> \tMedinis fotoaparatas<br \/>\n \tIntegruotas kaleidoskopinis l\u0119\u0161is<br \/>\n \tAtveriama galin\u0117 panel\u0117<br \/>\n \tEsteti\u0161ka pakuot\u0117 su langeliu (tinka dovanai)<\/p>","protected":false},"excerpt":{"rendered":"<p>\u201eVIGA My First Camera\u201c \u2013 tai edukacinis medinis fotoaparatas ma\u017eiesiems, sukurtas skatinti smalsum\u0105, vaizduot\u0119 ir sensorin\u012f pasaulio pa\u017einim\u0105. D\u0117l kaleidoskopinio<\/p>","protected":false},"featured_media":112484,"template":"","meta":{"_acf_changed":false,"_glsr_average":0,"_glsr_ranking":0,"_glsr_reviews":0},"product_brand":[],"product_cat":[884,883],"product_tag":[],"class_list":{"0":"post-112482","1":"product","2":"type-product","3":"status-publish","4":"has-post-thumbnail","6":"product_cat-edukaciniai-lavinamieji-mediniai-zaislai","7":"product_cat-mediniai-zaislai-2","8":"\"style=\"background-color: #2ecc711c;\"","10":"first","11":"instock","12":"purchasable","13":"product-type-simple"},"acf":[],"yoast_head":"<!-- This site is optimized with the Yoast SEO plugin v27.5 - https:\/\/yoast.com\/product\/yoast-seo-wordpress\/ -->\n<title>\u201eVIGA\u201c mano pirmasis medinis fotoaparatas vaikams su kaleidoskopu<\/title>\n<meta name=\"description\" content=\"\u201eVIGA\u201c mano pirmasis medinis fotoaparatas vaikams su kaleidoskopu - KidsPlay. Did\u017eiausias vaik\u0173 \u017eaisl\u0173 pasirinkimas.\" \/>\n<meta name=\"robots\" content=\"index, follow, max-snippet:-1, max-image-preview:large, max-video-preview:-1\" \/>\n<link rel=\"canonical\" href=\"https:\/\/kidsplay.lt\/lv\/products\/viga-mano-pirmasis-medinis-fotoaparatas-vaikams-su-kaleidoskopu\/\" \/>\n<meta property=\"og:locale\" content=\"lv_LV\" \/>\n<meta property=\"og:type\" content=\"article\" \/>\n<meta property=\"og:title\" content=\"\u201eVIGA\u201c mano pirmasis medinis fotoaparatas vaikams su kaleidoskopu\" \/>\n<meta property=\"og:description\" content=\"\u201eVIGA\u201c mano pirmasis medinis fotoaparatas vaikams su kaleidoskopu - KidsPlay. Did\u017eiausias vaik\u0173 \u017eaisl\u0173 pasirinkimas.\" \/>\n<meta property=\"og:url\" content=\"https:\/\/kidsplay.lt\/lv\/products\/viga-mano-pirmasis-medinis-fotoaparatas-vaikams-su-kaleidoskopu\/\" \/>\n<meta property=\"og:site_name\" content=\"KidsPlay\" \/>\n<meta property=\"article:publisher\" content=\"https:\/\/www.facebook.com\/www.kidsplay.lt\" \/>\n<meta property=\"article:modified_time\" content=\"2026-04-30T15:30:07+00:00\" \/>\n<meta property=\"og:image\" content=\"https:\/\/kidsplay.lt\/wp-content\/uploads\/2026\/04\/\u201eVIGA-mano-pirmasis-medinis-fotoaparatas-vaikams-su-kaleidoskopu.jpg\" \/>\n\t<meta property=\"og:image:width\" content=\"1000\" \/>\n\t<meta property=\"og:image:height\" content=\"1000\" \/>\n\t<meta property=\"og:image:type\" content=\"image\/jpeg\" \/>\n<meta name=\"twitter:card\" content=\"summary_large_image\" \/>\n<meta name=\"twitter:label1\" content=\"Est. reading time\" \/>\n\t<meta name=\"twitter:data1\" content=\"1 min\u016bte\" \/>\n<script type=\"application\/ld+json\" class=\"yoast-schema-graph\">{\"@context\":\"https:\\\/\\\/schema.org\",\"@graph\":[{\"@type\":\"WebPage\",\"@id\":\"https:\\\/\\\/kidsplay.lt\\\/produktas\\\/viga-mano-pirmasis-medinis-fotoaparatas-vaikams-su-kaleidoskopu\\\/\",\"url\":\"https:\\\/\\\/kidsplay.lt\\\/produktas\\\/viga-mano-pirmasis-medinis-fotoaparatas-vaikams-su-kaleidoskopu\\\/\",\"name\":\"\u201eVIGA\u201c mano pirmasis medinis fotoaparatas vaikams su kaleidoskopu\",\"isPartOf\":{\"@id\":\"https:\\\/\\\/kidsplay.lt\\\/#website\"},\"primaryImageOfPage\":{\"@id\":\"https:\\\/\\\/kidsplay.lt\\\/produktas\\\/viga-mano-pirmasis-medinis-fotoaparatas-vaikams-su-kaleidoskopu\\\/#primaryimage\"},\"image\":{\"@id\":\"https:\\\/\\\/kidsplay.lt\\\/produktas\\\/viga-mano-pirmasis-medinis-fotoaparatas-vaikams-su-kaleidoskopu\\\/#primaryimage\"},\"thumbnailUrl\":\"https:\\\/\\\/kidsplay.lt\\\/wp-content\\\/uploads\\\/2026\\\/04\\\/\u201eVIGA-mano-pirmasis-medinis-fotoaparatas-vaikams-su-kaleidoskopu.jpg\",\"datePublished\":\"2026-04-30T10:33:27+00:00\",\"dateModified\":\"2026-04-30T15:30:07+00:00\",\"description\":\"\u201eVIGA\u201c mano pirmasis medinis fotoaparatas vaikams su kaleidoskopu - KidsPlay. Did\u017eiausias vaik\u0173 \u017eaisl\u0173 pasirinkimas.\",\"breadcrumb\":{\"@id\":\"https:\\\/\\\/kidsplay.lt\\\/produktas\\\/viga-mano-pirmasis-medinis-fotoaparatas-vaikams-su-kaleidoskopu\\\/#breadcrumb\"},\"inLanguage\":\"lv-LV\",\"potentialAction\":[{\"@type\":\"ReadAction\",\"target\":[\"https:\\\/\\\/kidsplay.lt\\\/produktas\\\/viga-mano-pirmasis-medinis-fotoaparatas-vaikams-su-kaleidoskopu\\\/\"]}]},{\"@type\":\"ImageObject\",\"inLanguage\":\"lv-LV\",\"@id\":\"https:\\\/\\\/kidsplay.lt\\\/produktas\\\/viga-mano-pirmasis-medinis-fotoaparatas-vaikams-su-kaleidoskopu\\\/#primaryimage\",\"url\":\"https:\\\/\\\/kidsplay.lt\\\/wp-content\\\/uploads\\\/2026\\\/04\\\/\u201eVIGA-mano-pirmasis-medinis-fotoaparatas-vaikams-su-kaleidoskopu.jpg\",\"contentUrl\":\"https:\\\/\\\/kidsplay.lt\\\/wp-content\\\/uploads\\\/2026\\\/04\\\/\u201eVIGA-mano-pirmasis-medinis-fotoaparatas-vaikams-su-kaleidoskopu.jpg\",\"width\":1000,\"height\":1000,\"caption\":\"\u201eVIGA\u201c mano pirmasis medinis fotoaparatas vaikams su kaleidoskopu\"},{\"@type\":\"BreadcrumbList\",\"@id\":\"https:\\\/\\\/kidsplay.lt\\\/produktas\\\/viga-mano-pirmasis-medinis-fotoaparatas-vaikams-su-kaleidoskopu\\\/#breadcrumb\",\"itemListElement\":[{\"@type\":\"ListItem\",\"position\":1,\"name\":\"Pagrindinis\",\"item\":\"https:\\\/\\\/kidsplay.lt\\\/\"},{\"@type\":\"ListItem\",\"position\":2,\"name\":\"Parduotuv\u0117\",\"item\":\"https:\\\/\\\/kidsplay.lt\\\/parduotuve\\\/\"},{\"@type\":\"ListItem\",\"position\":3,\"name\":\"\u201eVIGA\u201c mano pirmasis medinis fotoaparatas vaikams su kaleidoskopu\"}]},{\"@type\":\"WebSite\",\"@id\":\"https:\\\/\\\/kidsplay.lt\\\/#website\",\"url\":\"https:\\\/\\\/kidsplay.lt\\\/\",\"name\":\"Kidsplay.lt\",\"description\":\"\u012evairios prek\u0117s vaikams\",\"publisher\":{\"@id\":\"https:\\\/\\\/kidsplay.lt\\\/#organization\"},\"alternateName\":\"Kidsplay\",\"potentialAction\":[{\"@type\":\"SearchAction\",\"target\":{\"@type\":\"EntryPoint\",\"urlTemplate\":\"https:\\\/\\\/kidsplay.lt\\\/?s={search_term_string}\"},\"query-input\":{\"@type\":\"PropertyValueSpecification\",\"valueRequired\":true,\"valueName\":\"search_term_string\"}}],\"inLanguage\":\"lv-LV\"},{\"@type\":\"Organization\",\"@id\":\"https:\\\/\\\/kidsplay.lt\\\/#organization\",\"name\":\"KidsPlay\",\"url\":\"https:\\\/\\\/kidsplay.lt\\\/\",\"logo\":{\"@type\":\"ImageObject\",\"inLanguage\":\"lv-LV\",\"@id\":\"https:\\\/\\\/kidsplay.lt\\\/#\\\/schema\\\/logo\\\/image\\\/\",\"url\":\"https:\\\/\\\/kidsplay.lt\\\/wp-content\\\/uploads\\\/2023\\\/07\\\/kidsplay-logo.png\",\"contentUrl\":\"https:\\\/\\\/kidsplay.lt\\\/wp-content\\\/uploads\\\/2023\\\/07\\\/kidsplay-logo.png\",\"width\":451,\"height\":98,\"caption\":\"KidsPlay\"},\"image\":{\"@id\":\"https:\\\/\\\/kidsplay.lt\\\/#\\\/schema\\\/logo\\\/image\\\/\"},\"sameAs\":[\"https:\\\/\\\/www.facebook.com\\\/www.kidsplay.lt\"]}]}<\/script>\n<!-- \/ Yoast SEO plugin. -->","yoast_head_json":{"title":"\u201eVIGA Mana pirm\u0101 koka kamera b\u0113rniem ar kaleidoskopu","description":"\u201eVIGA\u201c mano pirmasis medinis fotoaparatas vaikams su kaleidoskopu - KidsPlay. Did\u017eiausias vaik\u0173 \u017eaisl\u0173 pasirinkimas.","robots":{"index":"index","follow":"follow","max-snippet":"max-snippet:-1","max-image-preview":"max-image-preview:large","max-video-preview":"max-video-preview:-1"},"canonical":"https:\/\/kidsplay.lt\/lv\/products\/viga-mano-pirmasis-medinis-fotoaparatas-vaikams-su-kaleidoskopu\/","og_locale":"lv_LV","og_type":"article","og_title":"\u201eVIGA\u201c mano pirmasis medinis fotoaparatas vaikams su kaleidoskopu","og_description":"\u201eVIGA\u201c mano pirmasis medinis fotoaparatas vaikams su kaleidoskopu - KidsPlay. Did\u017eiausias vaik\u0173 \u017eaisl\u0173 pasirinkimas.","og_url":"https:\/\/kidsplay.lt\/lv\/products\/viga-mano-pirmasis-medinis-fotoaparatas-vaikams-su-kaleidoskopu\/","og_site_name":"KidsPlay","article_publisher":"https:\/\/www.facebook.com\/www.kidsplay.lt","article_modified_time":"2026-04-30T15:30:07+00:00","og_image":[{"width":1000,"height":1000,"url":"https:\/\/kidsplay.lt\/wp-content\/uploads\/2026\/04\/\u201eVIGA-mano-pirmasis-medinis-fotoaparatas-vaikams-su-kaleidoskopu.jpg","type":"image\/jpeg"}],"twitter_card":"summary_large_image","twitter_misc":{"Est. reading time":"1 min\u016bte"},"schema":{"@context":"https:\/\/schema.org","@graph":[{"@type":"WebPage","@id":"https:\/\/kidsplay.lt\/produktas\/viga-mano-pirmasis-medinis-fotoaparatas-vaikams-su-kaleidoskopu\/","url":"https:\/\/kidsplay.lt\/produktas\/viga-mano-pirmasis-medinis-fotoaparatas-vaikams-su-kaleidoskopu\/","name":"\u201eVIGA Mana pirm\u0101 koka kamera b\u0113rniem ar kaleidoskopu","isPartOf":{"@id":"https:\/\/kidsplay.lt\/#website"},"primaryImageOfPage":{"@id":"https:\/\/kidsplay.lt\/produktas\/viga-mano-pirmasis-medinis-fotoaparatas-vaikams-su-kaleidoskopu\/#primaryimage"},"image":{"@id":"https:\/\/kidsplay.lt\/produktas\/viga-mano-pirmasis-medinis-fotoaparatas-vaikams-su-kaleidoskopu\/#primaryimage"},"thumbnailUrl":"https:\/\/kidsplay.lt\/wp-content\/uploads\/2026\/04\/\u201eVIGA-mano-pirmasis-medinis-fotoaparatas-vaikams-su-kaleidoskopu.jpg","datePublished":"2026-04-30T10:33:27+00:00","dateModified":"2026-04-30T15:30:07+00:00","description":"\u201eVIGA\u201c mano pirmasis medinis fotoaparatas vaikams su kaleidoskopu - KidsPlay. Did\u017eiausias vaik\u0173 \u017eaisl\u0173 pasirinkimas.","breadcrumb":{"@id":"https:\/\/kidsplay.lt\/produktas\/viga-mano-pirmasis-medinis-fotoaparatas-vaikams-su-kaleidoskopu\/#breadcrumb"},"inLanguage":"lv-LV","potentialAction":[{"@type":"ReadAction","target":["https:\/\/kidsplay.lt\/produktas\/viga-mano-pirmasis-medinis-fotoaparatas-vaikams-su-kaleidoskopu\/"]}]},{"@type":"ImageObject","inLanguage":"lv-LV","@id":"https:\/\/kidsplay.lt\/produktas\/viga-mano-pirmasis-medinis-fotoaparatas-vaikams-su-kaleidoskopu\/#primaryimage","url":"https:\/\/kidsplay.lt\/wp-content\/uploads\/2026\/04\/\u201eVIGA-mano-pirmasis-medinis-fotoaparatas-vaikams-su-kaleidoskopu.jpg","contentUrl":"https:\/\/kidsplay.lt\/wp-content\/uploads\/2026\/04\/\u201eVIGA-mano-pirmasis-medinis-fotoaparatas-vaikams-su-kaleidoskopu.jpg","width":1000,"height":1000,"caption":"\u201eVIGA\u201c mano pirmasis medinis fotoaparatas vaikams su kaleidoskopu"},{"@type":"BreadcrumbList","@id":"https:\/\/kidsplay.lt\/produktas\/viga-mano-pirmasis-medinis-fotoaparatas-vaikams-su-kaleidoskopu\/#breadcrumb","itemListElement":[{"@type":"ListItem","position":1,"name":"Pagrindinis","item":"https:\/\/kidsplay.lt\/"},{"@type":"ListItem","position":2,"name":"Parduotuv\u0117","item":"https:\/\/kidsplay.lt\/parduotuve\/"},{"@type":"ListItem","position":3,"name":"\u201eVIGA\u201c mano pirmasis medinis fotoaparatas vaikams su kaleidoskopu"}]},{"@type":"WebSite","@id":"https:\/\/kidsplay.lt\/#website","url":"https:\/\/kidsplay.lt\/","name":"B\u0113rnu sp\u0113les.lv","description":"\u012evairios prek\u0117s vaikams","publisher":{"@id":"https:\/\/kidsplay.lt\/#organization"},"alternateName":"Kidsplay","potentialAction":[{"@type":"SearchAction","target":{"@type":"EntryPoint","urlTemplate":"https:\/\/kidsplay.lt\/?s={search_term_string}"},"query-input":{"@type":"PropertyValueSpecification","valueRequired":true,"valueName":"search_term_string"}}],"inLanguage":"lv-LV"},{"@type":"Organization","@id":"https:\/\/kidsplay.lt\/#organization","name":"B\u0113rnu sp\u0113le","url":"https:\/\/kidsplay.lt\/","logo":{"@type":"ImageObject","inLanguage":"lv-LV","@id":"https:\/\/kidsplay.lt\/#\/schema\/logo\/image\/","url":"https:\/\/kidsplay.lt\/wp-content\/uploads\/2023\/07\/kidsplay-logo.png","contentUrl":"https:\/\/kidsplay.lt\/wp-content\/uploads\/2023\/07\/kidsplay-logo.png","width":451,"height":98,"caption":"KidsPlay"},"image":{"@id":"https:\/\/kidsplay.lt\/#\/schema\/logo\/image\/"},"sameAs":["https:\/\/www.facebook.com\/www.kidsplay.lt"]}]}},"_links":{"self":[{"href":"https:\/\/kidsplay.lt\/lv\/wp-json\/wp\/v2\/product\/112482","targetHints":{"allow":["GET"]}}],"collection":[{"href":"https:\/\/kidsplay.lt\/lv\/wp-json\/wp\/v2\/product"}],"about":[{"href":"https:\/\/kidsplay.lt\/lv\/wp-json\/wp\/v2\/types\/product"}],"version-history":[{"count":1,"href":"https:\/\/kidsplay.lt\/lv\/wp-json\/wp\/v2\/product\/112482\/revisions"}],"predecessor-version":[{"id":112483,"href":"https:\/\/kidsplay.lt\/lv\/wp-json\/wp\/v2\/product\/112482\/revisions\/112483"}],"wp:featuredmedia":[{"embeddable":true,"href":"https:\/\/kidsplay.lt\/lv\/wp-json\/wp\/v2\/media\/112484"}],"wp:attachment":[{"href":"https:\/\/kidsplay.lt\/lv\/wp-json\/wp\/v2\/media?parent=112482"}],"wp:term":[{"taxonomy":"product_brand","embeddable":true,"href":"https:\/\/kidsplay.lt\/lv\/wp-json\/wp\/v2\/product_brand?post=112482"},{"taxonomy":"product_cat","embeddable":true,"href":"https:\/\/kidsplay.lt\/lv\/wp-json\/wp\/v2\/product_cat?post=112482"},{"taxonomy":"product_tag","embeddable":true,"href":"https:\/\/kidsplay.lt\/lv\/wp-json\/wp\/v2\/product_tag?post=112482"}],"curies":[{"name":"wp","href":"https:\/\/api.w.org\/{rel}","templated":true}]}}