{"id":113289,"date":"2026-05-01T13:38:15","date_gmt":"2026-05-01T10:38:15","guid":{"rendered":"https:\/\/kidsplay.lt\/produktas\/soap-bubbles-snake-rotating-toy-2in1-green\/"},"modified":"2026-05-04T08:47:47","modified_gmt":"2026-05-04T05:47:47","slug":"soap-bubbles-snake-rotating-toy-2in1-green","status":"publish","type":"product","link":"https:\/\/kidsplay.lt\/lv\/products\/soap-bubbles-snake-rotating-toy-2in1-green\/","title":{"rendered":"Soap Bubbles Snake Rotating Toy 2in1 Green"},"content":{"rendered":"<p>SOAP BUBBLES WITH MOVING SNAKE 2IN1<br \/>\nColourful soap bubbles with a rotating snake are a creative and unique 2in1 toy that combines classic bubble play with the element of movement and surprise. The green snake toy is not only a container with bubble liquid, but also an impressive rotating head and snake body that attracts attention and introduces an element of interactivity. Such an addition makes the fun even more engaging and dynamic &#8211; ideal for children who like movement and colourful effects.<br \/>\nThanks to the simple mechanism, the toy is very intuitive to use &#8211; just dip the tip in the liquid, press the button and watch as light, shimmering bubbles start to emerge from the snake. The whole thing looks extremely impressive, which makes the toy perfect not only for everyday play in the garden or on the playground, but also as an attraction at birthday parties or other children&#8217;s events. The product is made of safe and durable materials that are suitable for the youngest users.<br \/>\nThe collective package contains 12 pieces. Toys sold separately.<br \/>\nSPECIFICATION:<\/p>\n<p>Type: Bubble toy<br \/>\nAdditional function: Movable, rotating hose head<br \/>\nDimensions of the toy: 20 x 6 cm<br \/>\nDimensions of the collective package: 30 x 22 x 21 cm<br \/>\nColour: Green (snake)<\/p>\n<p>SET CONTENTS:<\/p>\n<p>1 x bubble toy &#8211; hose<\/p>\n<p>\u00a0<\/p>","protected":false},"excerpt":{"rendered":"<p>SOAP BUBBLES WITH MOVING SNAKE 2IN1 Colourful soap bubbles with a rotating snake are a creative and unique 2in1 toy<\/p>","protected":false},"featured_media":113291,"template":"","meta":{"_acf_changed":false,"_glsr_average":0,"_glsr_ranking":0,"_glsr_reviews":0},"product_brand":[],"product_cat":[1093],"product_tag":[],"class_list":{"0":"post-113289","1":"product","2":"type-product","3":"status-publish","4":"has-post-thumbnail","6":"product_cat-be-kategorijos","7":"\"style=\"background-color: #2ecc711c;\"","9":"first","10":"instock","11":"purchasable","12":"product-type-simple"},"acf":[],"yoast_head":"<!-- This site is optimized with the Yoast SEO plugin v27.5 - https:\/\/yoast.com\/product\/yoast-seo-wordpress\/ -->\n<title>Soap Bubbles Snake Rotating Toy 2in1 Green<\/title>\n<meta name=\"description\" content=\"Soap Bubbles Snake Rotating Toy 2in1 Green - KidsPlay. Did\u017eiausias vaik\u0173 \u017eaisl\u0173 pasirinkimas.\" \/>\n<meta name=\"robots\" content=\"index, follow, max-snippet:-1, max-image-preview:large, max-video-preview:-1\" \/>\n<link rel=\"canonical\" href=\"https:\/\/kidsplay.lt\/lv\/products\/soap-bubbles-snake-rotating-toy-2in1-green\/\" \/>\n<meta property=\"og:locale\" content=\"lv_LV\" \/>\n<meta property=\"og:type\" content=\"article\" \/>\n<meta property=\"og:title\" content=\"Soap Bubbles Snake Rotating Toy 2in1 Green\" \/>\n<meta property=\"og:description\" content=\"Soap Bubbles Snake Rotating Toy 2in1 Green - KidsPlay. Did\u017eiausias vaik\u0173 \u017eaisl\u0173 pasirinkimas.\" \/>\n<meta property=\"og:url\" content=\"https:\/\/kidsplay.lt\/lv\/products\/soap-bubbles-snake-rotating-toy-2in1-green\/\" \/>\n<meta property=\"og:site_name\" content=\"KidsPlay\" \/>\n<meta property=\"article:publisher\" content=\"https:\/\/www.facebook.com\/www.kidsplay.lt\" \/>\n<meta property=\"article:modified_time\" content=\"2026-05-04T05:47:47+00:00\" \/>\n<meta property=\"og:image\" content=\"https:\/\/kidsplay.lt\/wp-content\/uploads\/2026\/05\/Soap-Bubbles-Snake-Rotating-Toy-2in1-Green.jpg\" \/>\n\t<meta property=\"og:image:width\" content=\"1000\" \/>\n\t<meta property=\"og:image:height\" content=\"1000\" \/>\n\t<meta property=\"og:image:type\" content=\"image\/jpeg\" \/>\n<meta name=\"twitter:card\" content=\"summary_large_image\" \/>\n<meta name=\"twitter:label1\" content=\"Est. reading time\" \/>\n\t<meta name=\"twitter:data1\" content=\"1 min\u016bte\" \/>\n<script type=\"application\/ld+json\" class=\"yoast-schema-graph\">{\"@context\":\"https:\\\/\\\/schema.org\",\"@graph\":[{\"@type\":\"WebPage\",\"@id\":\"https:\\\/\\\/kidsplay.lt\\\/produktas\\\/soap-bubbles-snake-rotating-toy-2in1-green\\\/\",\"url\":\"https:\\\/\\\/kidsplay.lt\\\/produktas\\\/soap-bubbles-snake-rotating-toy-2in1-green\\\/\",\"name\":\"Soap Bubbles Snake Rotating Toy 2in1 Green\",\"isPartOf\":{\"@id\":\"https:\\\/\\\/kidsplay.lt\\\/#website\"},\"primaryImageOfPage\":{\"@id\":\"https:\\\/\\\/kidsplay.lt\\\/produktas\\\/soap-bubbles-snake-rotating-toy-2in1-green\\\/#primaryimage\"},\"image\":{\"@id\":\"https:\\\/\\\/kidsplay.lt\\\/produktas\\\/soap-bubbles-snake-rotating-toy-2in1-green\\\/#primaryimage\"},\"thumbnailUrl\":\"https:\\\/\\\/kidsplay.lt\\\/wp-content\\\/uploads\\\/2026\\\/05\\\/Soap-Bubbles-Snake-Rotating-Toy-2in1-Green.jpg\",\"datePublished\":\"2026-05-01T10:38:15+00:00\",\"dateModified\":\"2026-05-04T05:47:47+00:00\",\"description\":\"Soap Bubbles Snake Rotating Toy 2in1 Green - KidsPlay. Did\u017eiausias vaik\u0173 \u017eaisl\u0173 pasirinkimas.\",\"breadcrumb\":{\"@id\":\"https:\\\/\\\/kidsplay.lt\\\/produktas\\\/soap-bubbles-snake-rotating-toy-2in1-green\\\/#breadcrumb\"},\"inLanguage\":\"lv-LV\",\"potentialAction\":[{\"@type\":\"ReadAction\",\"target\":[\"https:\\\/\\\/kidsplay.lt\\\/produktas\\\/soap-bubbles-snake-rotating-toy-2in1-green\\\/\"]}]},{\"@type\":\"ImageObject\",\"inLanguage\":\"lv-LV\",\"@id\":\"https:\\\/\\\/kidsplay.lt\\\/produktas\\\/soap-bubbles-snake-rotating-toy-2in1-green\\\/#primaryimage\",\"url\":\"https:\\\/\\\/kidsplay.lt\\\/wp-content\\\/uploads\\\/2026\\\/05\\\/Soap-Bubbles-Snake-Rotating-Toy-2in1-Green.jpg\",\"contentUrl\":\"https:\\\/\\\/kidsplay.lt\\\/wp-content\\\/uploads\\\/2026\\\/05\\\/Soap-Bubbles-Snake-Rotating-Toy-2in1-Green.jpg\",\"width\":1000,\"height\":1000,\"caption\":\"Soap Bubbles Snake Rotating Toy 2in1 Green\"},{\"@type\":\"BreadcrumbList\",\"@id\":\"https:\\\/\\\/kidsplay.lt\\\/produktas\\\/soap-bubbles-snake-rotating-toy-2in1-green\\\/#breadcrumb\",\"itemListElement\":[{\"@type\":\"ListItem\",\"position\":1,\"name\":\"Pagrindinis\",\"item\":\"https:\\\/\\\/kidsplay.lt\\\/\"},{\"@type\":\"ListItem\",\"position\":2,\"name\":\"Parduotuv\u0117\",\"item\":\"https:\\\/\\\/kidsplay.lt\\\/parduotuve\\\/\"},{\"@type\":\"ListItem\",\"position\":3,\"name\":\"Soap Bubbles Snake Rotating Toy 2in1 Green\"}]},{\"@type\":\"WebSite\",\"@id\":\"https:\\\/\\\/kidsplay.lt\\\/#website\",\"url\":\"https:\\\/\\\/kidsplay.lt\\\/\",\"name\":\"Kidsplay.lt\",\"description\":\"\u012evairios prek\u0117s vaikams\",\"publisher\":{\"@id\":\"https:\\\/\\\/kidsplay.lt\\\/#organization\"},\"alternateName\":\"Kidsplay\",\"potentialAction\":[{\"@type\":\"SearchAction\",\"target\":{\"@type\":\"EntryPoint\",\"urlTemplate\":\"https:\\\/\\\/kidsplay.lt\\\/?s={search_term_string}\"},\"query-input\":{\"@type\":\"PropertyValueSpecification\",\"valueRequired\":true,\"valueName\":\"search_term_string\"}}],\"inLanguage\":\"lv-LV\"},{\"@type\":\"Organization\",\"@id\":\"https:\\\/\\\/kidsplay.lt\\\/#organization\",\"name\":\"KidsPlay\",\"url\":\"https:\\\/\\\/kidsplay.lt\\\/\",\"logo\":{\"@type\":\"ImageObject\",\"inLanguage\":\"lv-LV\",\"@id\":\"https:\\\/\\\/kidsplay.lt\\\/#\\\/schema\\\/logo\\\/image\\\/\",\"url\":\"https:\\\/\\\/kidsplay.lt\\\/wp-content\\\/uploads\\\/2023\\\/07\\\/kidsplay-logo.png\",\"contentUrl\":\"https:\\\/\\\/kidsplay.lt\\\/wp-content\\\/uploads\\\/2023\\\/07\\\/kidsplay-logo.png\",\"width\":451,\"height\":98,\"caption\":\"KidsPlay\"},\"image\":{\"@id\":\"https:\\\/\\\/kidsplay.lt\\\/#\\\/schema\\\/logo\\\/image\\\/\"},\"sameAs\":[\"https:\\\/\\\/www.facebook.com\\\/www.kidsplay.lt\"]}]}<\/script>\n<!-- \/ Yoast SEO plugin. -->","yoast_head_json":{"title":"Soap Bubbles Snake Rotating Toy 2in1 Green","description":"Soap Bubbles Snake Rotating Toy 2in1 Green - KidsPlay. Did\u017eiausias vaik\u0173 \u017eaisl\u0173 pasirinkimas.","robots":{"index":"index","follow":"follow","max-snippet":"max-snippet:-1","max-image-preview":"max-image-preview:large","max-video-preview":"max-video-preview:-1"},"canonical":"https:\/\/kidsplay.lt\/lv\/products\/soap-bubbles-snake-rotating-toy-2in1-green\/","og_locale":"lv_LV","og_type":"article","og_title":"Soap Bubbles Snake Rotating Toy 2in1 Green","og_description":"Soap Bubbles Snake Rotating Toy 2in1 Green - KidsPlay. Did\u017eiausias vaik\u0173 \u017eaisl\u0173 pasirinkimas.","og_url":"https:\/\/kidsplay.lt\/lv\/products\/soap-bubbles-snake-rotating-toy-2in1-green\/","og_site_name":"KidsPlay","article_publisher":"https:\/\/www.facebook.com\/www.kidsplay.lt","article_modified_time":"2026-05-04T05:47:47+00:00","og_image":[{"width":1000,"height":1000,"url":"https:\/\/kidsplay.lt\/wp-content\/uploads\/2026\/05\/Soap-Bubbles-Snake-Rotating-Toy-2in1-Green.jpg","type":"image\/jpeg"}],"twitter_card":"summary_large_image","twitter_misc":{"Est. reading time":"1 min\u016bte"},"schema":{"@context":"https:\/\/schema.org","@graph":[{"@type":"WebPage","@id":"https:\/\/kidsplay.lt\/produktas\/soap-bubbles-snake-rotating-toy-2in1-green\/","url":"https:\/\/kidsplay.lt\/produktas\/soap-bubbles-snake-rotating-toy-2in1-green\/","name":"Soap Bubbles Snake Rotating Toy 2in1 Green","isPartOf":{"@id":"https:\/\/kidsplay.lt\/#website"},"primaryImageOfPage":{"@id":"https:\/\/kidsplay.lt\/produktas\/soap-bubbles-snake-rotating-toy-2in1-green\/#primaryimage"},"image":{"@id":"https:\/\/kidsplay.lt\/produktas\/soap-bubbles-snake-rotating-toy-2in1-green\/#primaryimage"},"thumbnailUrl":"https:\/\/kidsplay.lt\/wp-content\/uploads\/2026\/05\/Soap-Bubbles-Snake-Rotating-Toy-2in1-Green.jpg","datePublished":"2026-05-01T10:38:15+00:00","dateModified":"2026-05-04T05:47:47+00:00","description":"Soap Bubbles Snake Rotating Toy 2in1 Green - KidsPlay. Did\u017eiausias vaik\u0173 \u017eaisl\u0173 pasirinkimas.","breadcrumb":{"@id":"https:\/\/kidsplay.lt\/produktas\/soap-bubbles-snake-rotating-toy-2in1-green\/#breadcrumb"},"inLanguage":"lv-LV","potentialAction":[{"@type":"ReadAction","target":["https:\/\/kidsplay.lt\/produktas\/soap-bubbles-snake-rotating-toy-2in1-green\/"]}]},{"@type":"ImageObject","inLanguage":"lv-LV","@id":"https:\/\/kidsplay.lt\/produktas\/soap-bubbles-snake-rotating-toy-2in1-green\/#primaryimage","url":"https:\/\/kidsplay.lt\/wp-content\/uploads\/2026\/05\/Soap-Bubbles-Snake-Rotating-Toy-2in1-Green.jpg","contentUrl":"https:\/\/kidsplay.lt\/wp-content\/uploads\/2026\/05\/Soap-Bubbles-Snake-Rotating-Toy-2in1-Green.jpg","width":1000,"height":1000,"caption":"Soap Bubbles Snake Rotating Toy 2in1 Green"},{"@type":"BreadcrumbList","@id":"https:\/\/kidsplay.lt\/produktas\/soap-bubbles-snake-rotating-toy-2in1-green\/#breadcrumb","itemListElement":[{"@type":"ListItem","position":1,"name":"Pagrindinis","item":"https:\/\/kidsplay.lt\/"},{"@type":"ListItem","position":2,"name":"Parduotuv\u0117","item":"https:\/\/kidsplay.lt\/parduotuve\/"},{"@type":"ListItem","position":3,"name":"Soap Bubbles Snake Rotating Toy 2in1 Green"}]},{"@type":"WebSite","@id":"https:\/\/kidsplay.lt\/#website","url":"https:\/\/kidsplay.lt\/","name":"B\u0113rnu sp\u0113les.lv","description":"\u012evairios prek\u0117s vaikams","publisher":{"@id":"https:\/\/kidsplay.lt\/#organization"},"alternateName":"Kidsplay","potentialAction":[{"@type":"SearchAction","target":{"@type":"EntryPoint","urlTemplate":"https:\/\/kidsplay.lt\/?s={search_term_string}"},"query-input":{"@type":"PropertyValueSpecification","valueRequired":true,"valueName":"search_term_string"}}],"inLanguage":"lv-LV"},{"@type":"Organization","@id":"https:\/\/kidsplay.lt\/#organization","name":"B\u0113rnu sp\u0113le","url":"https:\/\/kidsplay.lt\/","logo":{"@type":"ImageObject","inLanguage":"lv-LV","@id":"https:\/\/kidsplay.lt\/#\/schema\/logo\/image\/","url":"https:\/\/kidsplay.lt\/wp-content\/uploads\/2023\/07\/kidsplay-logo.png","contentUrl":"https:\/\/kidsplay.lt\/wp-content\/uploads\/2023\/07\/kidsplay-logo.png","width":451,"height":98,"caption":"KidsPlay"},"image":{"@id":"https:\/\/kidsplay.lt\/#\/schema\/logo\/image\/"},"sameAs":["https:\/\/www.facebook.com\/www.kidsplay.lt"]}]}},"_links":{"self":[{"href":"https:\/\/kidsplay.lt\/lv\/wp-json\/wp\/v2\/product\/113289","targetHints":{"allow":["GET"]}}],"collection":[{"href":"https:\/\/kidsplay.lt\/lv\/wp-json\/wp\/v2\/product"}],"about":[{"href":"https:\/\/kidsplay.lt\/lv\/wp-json\/wp\/v2\/types\/product"}],"version-history":[{"count":1,"href":"https:\/\/kidsplay.lt\/lv\/wp-json\/wp\/v2\/product\/113289\/revisions"}],"predecessor-version":[{"id":113290,"href":"https:\/\/kidsplay.lt\/lv\/wp-json\/wp\/v2\/product\/113289\/revisions\/113290"}],"wp:featuredmedia":[{"embeddable":true,"href":"https:\/\/kidsplay.lt\/lv\/wp-json\/wp\/v2\/media\/113291"}],"wp:attachment":[{"href":"https:\/\/kidsplay.lt\/lv\/wp-json\/wp\/v2\/media?parent=113289"}],"wp:term":[{"taxonomy":"product_brand","embeddable":true,"href":"https:\/\/kidsplay.lt\/lv\/wp-json\/wp\/v2\/product_brand?post=113289"},{"taxonomy":"product_cat","embeddable":true,"href":"https:\/\/kidsplay.lt\/lv\/wp-json\/wp\/v2\/product_cat?post=113289"},{"taxonomy":"product_tag","embeddable":true,"href":"https:\/\/kidsplay.lt\/lv\/wp-json\/wp\/v2\/product_tag?post=113289"}],"curies":[{"name":"wp","href":"https:\/\/api.w.org\/{rel}","templated":true}]}}