{"id":116246,"date":"2026-05-06T14:25:33","date_gmt":"2026-05-06T11:25:33","guid":{"rendered":"https:\/\/kidsplay.lt\/?post_type=product&#038;p=116246"},"modified":"2026-05-06T14:46:47","modified_gmt":"2026-05-06T11:46:47","slug":"yes-for-skills-lietuviskai-igarsintos-korteles-snekancios-korteles","status":"publish","type":"product","link":"https:\/\/kidsplay.lt\/lv\/products\/yes-for-skills-lietuviskai-igarsintos-korteles-snekancios-korteles\/","title":{"rendered":"Yes For Skills lietuvi\u0161kai \u012fgarsintos kortel\u0117s \u201e\u0160nekan\u010dios kortel\u0117s\u201c"},"content":{"rendered":"<p>Geb\u0117jimas kalb\u0117ti ir suvokti kalb\u0105 turi nei\u0161matuojam\u0105 reik\u0161m\u0119 tiek vaiko ankstyvajam vystymuisi, tiek vyresniame am\u017eiuje. Yes For Skills lietuvi\u0161kai \u012fgarsintos kortel\u0117s \u201e\u0160nekan\u010dios kortel\u0117s\u201c, kalban\u010dios lietuvi\u0161kai, \u2013 \u012fdomiam, linksmam ir interaktyviam kalbos \u012fg\u016bd\u017ei\u0173 lavinimui.<\/p>\n<p>Siekdami, kad mokytis b\u016bt\u0173 dar smagiau, sujung\u0117me lietuvi\u0161kai \u012fgarsint\u0173 korteli\u0173 \u201e\u0160nekan\u010dios kortel\u0117s\u201c, kalban\u010dios lietuvi\u0161kai, skaitytuv\u0105 su LCD ekrano pie\u0161imo kompiuteriu. Dabar vaikai gali klausytis skirting\u0173 \u017eod\u017ei\u0173 tarimo, mokytis nauj\u0173 s\u0105vok\u0173 tiesiog pie\u0161dami. Tai puiki vaik\u0173 lavinimo priemon\u0117, padedanti ne tik tobulinti vaiko kalbos \u012fg\u016bd\u017eius ir pl\u0117sti \u017eodyn\u0105, bet ir lavinti smulki\u0105j\u0105 motorik\u0105, akies-rankos koordinacij\u0105, suvokim\u0105, pie\u0161imo, ra\u0161ymo \u012fg\u016bd\u017eius.<\/p>\n<p>Pamir\u0161kite nuobod\u0173 mokym\u0105si ir b\u016btinyb\u0119 \u012fkalbin\u0117ti vaikus atlikti tam tikras edukacines u\u017eduotis. Vaikai kur kas entuziastingiau mokosi, naudodami lietuvi\u0161kai \u012fgarsintas korteles \u201e\u0160nekan\u010dios kortel\u0117s\u201c, kalban\u010dios lietuvi\u0161kai, su pie\u0161imo plan\u0161etiniu kompiuteriu! Anot m\u016bs\u0173 klient\u0117s Ramun\u0117s S., ,,tai turb\u016bt vienas tobuliausi\u0173 dovan\u0173 vaikui variant\u0173, su kuriuo mokymosi procesas malonus ir \u012ftraukiantis\u201c.<\/p>\n<p>Kalbos \u012fg\u016bd\u017ei\u0173 lavinimas neturi b\u016bti nuobodus ir nemalonus. Lietuvi\u0161kai \u012fgarsintos kortel\u0117s \u201e\u0160nekan\u010dios kortel\u0117s\u201c, kalban\u010dios lietuvi\u0161kai, mokymosi proces\u0105 pavers \u017eaidimu! I\u0161gird\u0119 \u017eod\u012f vaikai plan\u0161etinio kompiuterio LCD ekrane gali nupie\u0161ti objekt\u0105, kurio pavadinim\u0105 i\u0161girdo. Taip \u017eod\u017ei\u0173 mokymasis kur kas efektyvesnis!<\/p>\n<h3>Lietuvi\u0161kai \u012fgarsint\u0173 korteli\u0173 \u201e\u0160nekan\u010dios kortel\u0117s\u201c, kalban\u010dios lietuvi\u0161kai, naudojimas<\/h3>\n<p>1.\u00a0\u00a0\u00a0 Palaikykite paspaud\u0119 skaitytuvo \u012fjungimo mygtuk\u0105;<br \/>\n2.\u00a0\u00a0\u00a0 \u012estatykite \u0161nekan\u010di\u0105 kortel\u0119, kalban\u010di\u0105 lietuvi\u0161kai, \u012f skaitytuv\u0105, i\u0161girsite kortel\u0117je para\u0161yt\u0105 \u017eod\u012f;<br \/>\n3.\u00a0\u00a0\u00a0 Paspauskite kartojimo mygtuk\u0105, jei norite t\u0105 pat\u012f \u017eod\u012f i\u0161girsti dar kart\u0105;<br \/>\n4.\u00a0\u00a0\u00a0 Su garso mygtuku reguliuokite garso stiprum\u0105;<br \/>\n5.\u00a0\u00a0\u00a0 Su komplektacijoje prid\u0117tu ra\u0161ikliu pie\u0161kite plan\u0161etinio kompiuterio ekran\u0117lyje;<br \/>\n6.\u00a0\u00a0\u00a0 Pie\u0161inys nepavyko? Norite prad\u0117ti i\u0161 naujo? Paspauskite i\u0161valymo mygtuk\u0105 ir pie\u0161in\u012f nuvalysite;<br \/>\n7.\u00a0\u00a0\u00a0 Pie\u0161inys patiko ir norite j\u012f i\u0161saugoti? Paspauskite u\u017erakinimo mygtuk\u0105 ir pie\u0161inys i\u0161liks ekrane;<br \/>\n8.\u00a0\u00a0\u00a0 Prietaiso nenaudojant jis automati\u0161kai i\u0161sijungs po 3 minu\u010di\u0173.<\/p>\n<h3>Lietuvi\u0161kai \u012fgarsint\u0173 korteli\u0173 \u201e\u0160nekan\u010dios kortel\u0117s\u201c, kalban\u010dios lietuvi\u0161kai, rinkinyje rasite:<\/h3>\n<p>1.\u00a0\u00a0\u00a0 Patog\u0173 elektronin\u012f \u0161nekan\u010di\u0173 korteli\u0173, kalban\u010di\u0173 lietuvi\u0161kai, skaitytuv\u0105 su LCD ekrano plan\u0161etiniu kompiuteriu;<br \/>\n2.\u00a0\u00a0\u00a0 Ra\u0161ikl\u012f pie\u0161imui LCD ekrane.<br \/>\n3.\u00a0\u00a0\u00a0 168 dvipusi\u0173 korteli\u0173, kuriose rasite net 336\u00a0 lietuvi\u0161kus \u017eod\u017eius;<br \/>\n4.\u00a0\u00a0\u00a0 USB laid\u0105 prietaisui \u012fkrauti;<br \/>\n5.\u00a0\u00a0\u00a0 Instrukcij\u0105.<\/p>\n<h3>Lietuvi\u0161kai \u012fgarsint\u0173 korteli\u0173 \u201e\u0160nekan\u010dios kortel\u0117s\u201c,kalban\u010dios lietuvi\u0161kai, su pie\u0161imo plan\u0161etiniu kompiuteriu nauda:<\/h3>\n<p>\u2022\u00a0\u00a0\u00a0 Ugdomi vaiko kalbos \u012fg\u016bd\u017eiai;<br \/>\n\u2022\u00a0\u00a0\u00a0 Vaikas noriai \u012fsitraukia ir mokymosi procesas n\u0117ra nuobodus;<br \/>\n\u2022\u00a0\u00a0\u00a0 LCD ekranas nekenkia vaiko regai kaip kompiuteris, \u012fprasta plan\u0161et\u0117 ar mobilusis telefonas, be to prietaisas neskleid\u017eia radiacijos ir yra saugus naudoti;<br \/>\n\u2022\u00a0\u00a0\u00a0 Turtinamas vaiko \u017eodynas;<br \/>\n\u2022\u00a0\u00a0\u00a0 Vaikas i\u0161 karto mokosi taisyklingai tarti \u017eod\u017eius;<br \/>\n\u2022\u00a0\u00a0\u00a0 \u012estatant \u0161nekan\u010dias korteles, kalban\u010dias lietuvi\u0161kai, \u012f skaitytuv\u0105, pie\u0161iant ar ra\u0161ant su ra\u0161ikliu LCD ekrane lavinama vaiko smulkioji motorika, akies-rankos koordinacija;<br \/>\n\u2022\u00a0\u00a0\u00a0 Vaikas gali i\u0161 karto susieti \u017eod\u012f su vaizdu ir net j\u012f nupie\u0161ti;<br \/>\n\u2022\u00a0\u00a0\u00a0 Nedidel\u0117 ir patogi priemon\u0117, kuri\u0105 galima naudoti bet kur, patogu pasiimti su savimi;<br \/>\n\u2022\u00a0\u00a0\u00a0 Puiki \u017eaidimo priemon\u0117;<br \/>\n\u2022\u00a0\u00a0\u00a0 Skatinamas vaiko k\u016brybi\u0161kumas ir vaizduot\u0117;<br \/>\n\u2022\u00a0\u00a0\u00a0 Nuostabi ir visi\u0161kai saugi \u012fprasto plan\u0161etinio kompiuterio ar mobiliojo telefono alternatyva;<br \/>\n\u2022\u00a0\u00a0\u00a0 Prasminga dovana;<br \/>\n\u2022\u00a0\u00a0\u00a0 Puiki ankstyvosios vaik\u0173 reabilitacijos priemon\u0117, esant kalbos, d\u0117mesio koncentracijos, smulkiosios motorikos sutrikimams;<br \/>\n\u2022\u00a0\u00a0\u00a0 Paprastas naudojimas.<\/p>\n<p>Mokymosi procesas, naudojant inovatyvias lietuvi\u0161kai \u012fgarsintas korteles \u201e\u0160nekan\u010dios kortel\u0117s\u201c, kalban\u010dios lietuvi\u0161kai, su pie\u0161imo plan\u0161etiniu kompiuteriu, kur kas \u012fdomesnis ir linksmesnis. Mokytis galite bet kur, priemones patogu ne\u0161iotis su savimi. Pamir\u0161kite nuobodul\u012f ir mokykit\u0117s namuose, kieme, automobilyje ar prekybos centre!<\/p>","protected":false},"excerpt":{"rendered":"<p>Lietuvi\u0161kai \u012fgarsintos \u201e\u0160nekan\u010dios kortel\u0117s\u201c su LCD pie\u0161imo plan\u0161ete \u2013 interaktyvi edukacin\u0117 priemon\u0117 vaikams, padedanti lavinti kalbos \u012fg\u016bd\u017eius, pl\u0117sti \u017eodyn\u0105 ir stiprinti smulki\u0105j\u0105 motorik\u0105. Vaikas girdi taisykling\u0105 \u017eod\u017eio tarim\u0105, j\u012f pie\u0161ia ekrane ir lengvai \u012fsimena naujas s\u0105vokas. Saugi, patogi ir \u012ftraukianti priemon\u0117 mokymuisi namuose ar kelion\u0117je.<\/p>","protected":false},"featured_media":116247,"template":"","meta":{"_acf_changed":false,"_glsr_average":0,"_glsr_ranking":0,"_glsr_reviews":0},"product_brand":[],"product_cat":[72,1145,229],"product_tag":[],"class_list":{"0":"post-116246","1":"product","2":"type-product","3":"status-publish","4":"has-post-thumbnail","6":"product_cat-ispardavimas","7":"product_cat-lietuviski-edukaciniai-zaislai","8":"product_cat-zaislai-vaikams","9":"\"style=\"background-color: #2ecc711c;\"","11":"first","12":"instock","13":"sale","14":"shipping-taxable","15":"purchasable","16":"product-type-simple"},"acf":[],"yoast_head":"<!-- This site is optimized with the Yoast SEO plugin v27.5 - https:\/\/yoast.com\/product\/yoast-seo-wordpress\/ -->\n<title>Yes For Skills lietuvi\u0161kai \u012fgarsintos kortel\u0117s \u201e\u0160nekan\u010dios kortel\u0117s\u201c - KidsPlay<\/title>\n<meta name=\"description\" content=\"Yes For Skills lietuvi\u0161kai \u012fgarsintos kortel\u0117s \u201e\u0160nekan\u010dios kortel\u0117s\u201c - KidsPlay. Did\u017eiausias vaik\u0173 \u017eaisl\u0173 pasirinkimas.\" \/>\n<meta name=\"robots\" content=\"index, follow, max-snippet:-1, max-image-preview:large, max-video-preview:-1\" \/>\n<link rel=\"canonical\" href=\"https:\/\/kidsplay.lt\/lv\/products\/yes-for-skills-lietuviskai-igarsintos-korteles-snekancios-korteles\/\" \/>\n<meta property=\"og:locale\" content=\"lv_LV\" \/>\n<meta property=\"og:type\" content=\"article\" \/>\n<meta property=\"og:title\" content=\"Yes For Skills lietuvi\u0161kai \u012fgarsintos kortel\u0117s \u201e\u0160nekan\u010dios kortel\u0117s\u201c - KidsPlay\" \/>\n<meta property=\"og:description\" content=\"Yes For Skills lietuvi\u0161kai \u012fgarsintos kortel\u0117s \u201e\u0160nekan\u010dios kortel\u0117s\u201c - KidsPlay. Did\u017eiausias vaik\u0173 \u017eaisl\u0173 pasirinkimas.\" \/>\n<meta property=\"og:url\" content=\"https:\/\/kidsplay.lt\/lv\/products\/yes-for-skills-lietuviskai-igarsintos-korteles-snekancios-korteles\/\" \/>\n<meta property=\"og:site_name\" content=\"KidsPlay\" \/>\n<meta property=\"article:publisher\" content=\"https:\/\/www.facebook.com\/www.kidsplay.lt\" \/>\n<meta property=\"article:modified_time\" content=\"2026-05-06T11:46:47+00:00\" \/>\n<meta property=\"og:image\" content=\"https:\/\/kidsplay.lt\/wp-content\/uploads\/2026\/05\/image_2026-05-06_135500827.png\" \/>\n\t<meta property=\"og:image:width\" content=\"1188\" \/>\n\t<meta property=\"og:image:height\" content=\"1188\" \/>\n\t<meta property=\"og:image:type\" content=\"image\/png\" \/>\n<meta name=\"twitter:card\" content=\"summary_large_image\" \/>\n<meta name=\"twitter:label1\" content=\"Est. reading time\" \/>\n\t<meta name=\"twitter:data1\" content=\"3 min\u016btes\" \/>\n<script type=\"application\/ld+json\" class=\"yoast-schema-graph\">{\"@context\":\"https:\\\/\\\/schema.org\",\"@graph\":[{\"@type\":\"WebPage\",\"@id\":\"https:\\\/\\\/kidsplay.lt\\\/produktas\\\/yes-for-skills-lietuviskai-igarsintos-korteles-snekancios-korteles\\\/\",\"url\":\"https:\\\/\\\/kidsplay.lt\\\/produktas\\\/yes-for-skills-lietuviskai-igarsintos-korteles-snekancios-korteles\\\/\",\"name\":\"Yes For Skills lietuvi\u0161kai \u012fgarsintos kortel\u0117s \u201e\u0160nekan\u010dios kortel\u0117s\u201c - KidsPlay\",\"isPartOf\":{\"@id\":\"https:\\\/\\\/kidsplay.lt\\\/#website\"},\"primaryImageOfPage\":{\"@id\":\"https:\\\/\\\/kidsplay.lt\\\/produktas\\\/yes-for-skills-lietuviskai-igarsintos-korteles-snekancios-korteles\\\/#primaryimage\"},\"image\":{\"@id\":\"https:\\\/\\\/kidsplay.lt\\\/produktas\\\/yes-for-skills-lietuviskai-igarsintos-korteles-snekancios-korteles\\\/#primaryimage\"},\"thumbnailUrl\":\"https:\\\/\\\/kidsplay.lt\\\/wp-content\\\/uploads\\\/2026\\\/05\\\/image_2026-05-06_135500827.png\",\"datePublished\":\"2026-05-06T11:25:33+00:00\",\"dateModified\":\"2026-05-06T11:46:47+00:00\",\"description\":\"Yes For Skills lietuvi\u0161kai \u012fgarsintos kortel\u0117s \u201e\u0160nekan\u010dios kortel\u0117s\u201c - KidsPlay. Did\u017eiausias vaik\u0173 \u017eaisl\u0173 pasirinkimas.\",\"breadcrumb\":{\"@id\":\"https:\\\/\\\/kidsplay.lt\\\/produktas\\\/yes-for-skills-lietuviskai-igarsintos-korteles-snekancios-korteles\\\/#breadcrumb\"},\"inLanguage\":\"lv-LV\",\"potentialAction\":[{\"@type\":\"ReadAction\",\"target\":[\"https:\\\/\\\/kidsplay.lt\\\/produktas\\\/yes-for-skills-lietuviskai-igarsintos-korteles-snekancios-korteles\\\/\"]}]},{\"@type\":\"ImageObject\",\"inLanguage\":\"lv-LV\",\"@id\":\"https:\\\/\\\/kidsplay.lt\\\/produktas\\\/yes-for-skills-lietuviskai-igarsintos-korteles-snekancios-korteles\\\/#primaryimage\",\"url\":\"https:\\\/\\\/kidsplay.lt\\\/wp-content\\\/uploads\\\/2026\\\/05\\\/image_2026-05-06_135500827.png\",\"contentUrl\":\"https:\\\/\\\/kidsplay.lt\\\/wp-content\\\/uploads\\\/2026\\\/05\\\/image_2026-05-06_135500827.png\",\"width\":1188,\"height\":1188},{\"@type\":\"BreadcrumbList\",\"@id\":\"https:\\\/\\\/kidsplay.lt\\\/produktas\\\/yes-for-skills-lietuviskai-igarsintos-korteles-snekancios-korteles\\\/#breadcrumb\",\"itemListElement\":[{\"@type\":\"ListItem\",\"position\":1,\"name\":\"Pagrindinis\",\"item\":\"https:\\\/\\\/kidsplay.lt\\\/\"},{\"@type\":\"ListItem\",\"position\":2,\"name\":\"Parduotuv\u0117\",\"item\":\"https:\\\/\\\/kidsplay.lt\\\/parduotuve\\\/\"},{\"@type\":\"ListItem\",\"position\":3,\"name\":\"Yes For Skills lietuvi\u0161kai \u012fgarsintos kortel\u0117s \u201e\u0160nekan\u010dios kortel\u0117s\u201c\"}]},{\"@type\":\"WebSite\",\"@id\":\"https:\\\/\\\/kidsplay.lt\\\/#website\",\"url\":\"https:\\\/\\\/kidsplay.lt\\\/\",\"name\":\"Kidsplay.lt\",\"description\":\"\u012evairios prek\u0117s vaikams\",\"publisher\":{\"@id\":\"https:\\\/\\\/kidsplay.lt\\\/#organization\"},\"alternateName\":\"Kidsplay\",\"potentialAction\":[{\"@type\":\"SearchAction\",\"target\":{\"@type\":\"EntryPoint\",\"urlTemplate\":\"https:\\\/\\\/kidsplay.lt\\\/?s={search_term_string}\"},\"query-input\":{\"@type\":\"PropertyValueSpecification\",\"valueRequired\":true,\"valueName\":\"search_term_string\"}}],\"inLanguage\":\"lv-LV\"},{\"@type\":\"Organization\",\"@id\":\"https:\\\/\\\/kidsplay.lt\\\/#organization\",\"name\":\"KidsPlay\",\"url\":\"https:\\\/\\\/kidsplay.lt\\\/\",\"logo\":{\"@type\":\"ImageObject\",\"inLanguage\":\"lv-LV\",\"@id\":\"https:\\\/\\\/kidsplay.lt\\\/#\\\/schema\\\/logo\\\/image\\\/\",\"url\":\"https:\\\/\\\/kidsplay.lt\\\/wp-content\\\/uploads\\\/2023\\\/07\\\/kidsplay-logo.png\",\"contentUrl\":\"https:\\\/\\\/kidsplay.lt\\\/wp-content\\\/uploads\\\/2023\\\/07\\\/kidsplay-logo.png\",\"width\":451,\"height\":98,\"caption\":\"KidsPlay\"},\"image\":{\"@id\":\"https:\\\/\\\/kidsplay.lt\\\/#\\\/schema\\\/logo\\\/image\\\/\"},\"sameAs\":[\"https:\\\/\\\/www.facebook.com\\\/www.kidsplay.lt\"]}]}<\/script>\n<!-- \/ Yoast SEO plugin. -->","yoast_head_json":{"title":"Yes For Skills lietuvi\u0161kai \u012fgarsintos kortel\u0117s \u201e\u0160nekan\u010dios kortel\u0117s\u201c - KidsPlay","description":"Yes For Skills lietuvi\u0161kai \u012fgarsintos kortel\u0117s \u201e\u0160nekan\u010dios kortel\u0117s\u201c - KidsPlay. Did\u017eiausias vaik\u0173 \u017eaisl\u0173 pasirinkimas.","robots":{"index":"index","follow":"follow","max-snippet":"max-snippet:-1","max-image-preview":"max-image-preview:large","max-video-preview":"max-video-preview:-1"},"canonical":"https:\/\/kidsplay.lt\/lv\/products\/yes-for-skills-lietuviskai-igarsintos-korteles-snekancios-korteles\/","og_locale":"lv_LV","og_type":"article","og_title":"Yes For Skills lietuvi\u0161kai \u012fgarsintos kortel\u0117s \u201e\u0160nekan\u010dios kortel\u0117s\u201c - KidsPlay","og_description":"Yes For Skills lietuvi\u0161kai \u012fgarsintos kortel\u0117s \u201e\u0160nekan\u010dios kortel\u0117s\u201c - KidsPlay. Did\u017eiausias vaik\u0173 \u017eaisl\u0173 pasirinkimas.","og_url":"https:\/\/kidsplay.lt\/lv\/products\/yes-for-skills-lietuviskai-igarsintos-korteles-snekancios-korteles\/","og_site_name":"KidsPlay","article_publisher":"https:\/\/www.facebook.com\/www.kidsplay.lt","article_modified_time":"2026-05-06T11:46:47+00:00","og_image":[{"width":1188,"height":1188,"url":"https:\/\/kidsplay.lt\/wp-content\/uploads\/2026\/05\/image_2026-05-06_135500827.png","type":"image\/png"}],"twitter_card":"summary_large_image","twitter_misc":{"Est. reading time":"3 min\u016btes"},"schema":{"@context":"https:\/\/schema.org","@graph":[{"@type":"WebPage","@id":"https:\/\/kidsplay.lt\/produktas\/yes-for-skills-lietuviskai-igarsintos-korteles-snekancios-korteles\/","url":"https:\/\/kidsplay.lt\/produktas\/yes-for-skills-lietuviskai-igarsintos-korteles-snekancios-korteles\/","name":"Yes For Skills lietuvi\u0161kai \u012fgarsintos kortel\u0117s \u201e\u0160nekan\u010dios kortel\u0117s\u201c - KidsPlay","isPartOf":{"@id":"https:\/\/kidsplay.lt\/#website"},"primaryImageOfPage":{"@id":"https:\/\/kidsplay.lt\/produktas\/yes-for-skills-lietuviskai-igarsintos-korteles-snekancios-korteles\/#primaryimage"},"image":{"@id":"https:\/\/kidsplay.lt\/produktas\/yes-for-skills-lietuviskai-igarsintos-korteles-snekancios-korteles\/#primaryimage"},"thumbnailUrl":"https:\/\/kidsplay.lt\/wp-content\/uploads\/2026\/05\/image_2026-05-06_135500827.png","datePublished":"2026-05-06T11:25:33+00:00","dateModified":"2026-05-06T11:46:47+00:00","description":"Yes For Skills lietuvi\u0161kai \u012fgarsintos kortel\u0117s \u201e\u0160nekan\u010dios kortel\u0117s\u201c - KidsPlay. Did\u017eiausias vaik\u0173 \u017eaisl\u0173 pasirinkimas.","breadcrumb":{"@id":"https:\/\/kidsplay.lt\/produktas\/yes-for-skills-lietuviskai-igarsintos-korteles-snekancios-korteles\/#breadcrumb"},"inLanguage":"lv-LV","potentialAction":[{"@type":"ReadAction","target":["https:\/\/kidsplay.lt\/produktas\/yes-for-skills-lietuviskai-igarsintos-korteles-snekancios-korteles\/"]}]},{"@type":"ImageObject","inLanguage":"lv-LV","@id":"https:\/\/kidsplay.lt\/produktas\/yes-for-skills-lietuviskai-igarsintos-korteles-snekancios-korteles\/#primaryimage","url":"https:\/\/kidsplay.lt\/wp-content\/uploads\/2026\/05\/image_2026-05-06_135500827.png","contentUrl":"https:\/\/kidsplay.lt\/wp-content\/uploads\/2026\/05\/image_2026-05-06_135500827.png","width":1188,"height":1188},{"@type":"BreadcrumbList","@id":"https:\/\/kidsplay.lt\/produktas\/yes-for-skills-lietuviskai-igarsintos-korteles-snekancios-korteles\/#breadcrumb","itemListElement":[{"@type":"ListItem","position":1,"name":"Pagrindinis","item":"https:\/\/kidsplay.lt\/"},{"@type":"ListItem","position":2,"name":"Parduotuv\u0117","item":"https:\/\/kidsplay.lt\/parduotuve\/"},{"@type":"ListItem","position":3,"name":"Yes For Skills lietuvi\u0161kai \u012fgarsintos kortel\u0117s \u201e\u0160nekan\u010dios kortel\u0117s\u201c"}]},{"@type":"WebSite","@id":"https:\/\/kidsplay.lt\/#website","url":"https:\/\/kidsplay.lt\/","name":"B\u0113rnu sp\u0113les.lv","description":"\u012evairios prek\u0117s vaikams","publisher":{"@id":"https:\/\/kidsplay.lt\/#organization"},"alternateName":"Kidsplay","potentialAction":[{"@type":"SearchAction","target":{"@type":"EntryPoint","urlTemplate":"https:\/\/kidsplay.lt\/?s={search_term_string}"},"query-input":{"@type":"PropertyValueSpecification","valueRequired":true,"valueName":"search_term_string"}}],"inLanguage":"lv-LV"},{"@type":"Organization","@id":"https:\/\/kidsplay.lt\/#organization","name":"B\u0113rnu sp\u0113le","url":"https:\/\/kidsplay.lt\/","logo":{"@type":"ImageObject","inLanguage":"lv-LV","@id":"https:\/\/kidsplay.lt\/#\/schema\/logo\/image\/","url":"https:\/\/kidsplay.lt\/wp-content\/uploads\/2023\/07\/kidsplay-logo.png","contentUrl":"https:\/\/kidsplay.lt\/wp-content\/uploads\/2023\/07\/kidsplay-logo.png","width":451,"height":98,"caption":"KidsPlay"},"image":{"@id":"https:\/\/kidsplay.lt\/#\/schema\/logo\/image\/"},"sameAs":["https:\/\/www.facebook.com\/www.kidsplay.lt"]}]}},"_links":{"self":[{"href":"https:\/\/kidsplay.lt\/lv\/wp-json\/wp\/v2\/product\/116246","targetHints":{"allow":["GET"]}}],"collection":[{"href":"https:\/\/kidsplay.lt\/lv\/wp-json\/wp\/v2\/product"}],"about":[{"href":"https:\/\/kidsplay.lt\/lv\/wp-json\/wp\/v2\/types\/product"}],"version-history":[{"count":3,"href":"https:\/\/kidsplay.lt\/lv\/wp-json\/wp\/v2\/product\/116246\/revisions"}],"predecessor-version":[{"id":116265,"href":"https:\/\/kidsplay.lt\/lv\/wp-json\/wp\/v2\/product\/116246\/revisions\/116265"}],"wp:featuredmedia":[{"embeddable":true,"href":"https:\/\/kidsplay.lt\/lv\/wp-json\/wp\/v2\/media\/116247"}],"wp:attachment":[{"href":"https:\/\/kidsplay.lt\/lv\/wp-json\/wp\/v2\/media?parent=116246"}],"wp:term":[{"taxonomy":"product_brand","embeddable":true,"href":"https:\/\/kidsplay.lt\/lv\/wp-json\/wp\/v2\/product_brand?post=116246"},{"taxonomy":"product_cat","embeddable":true,"href":"https:\/\/kidsplay.lt\/lv\/wp-json\/wp\/v2\/product_cat?post=116246"},{"taxonomy":"product_tag","embeddable":true,"href":"https:\/\/kidsplay.lt\/lv\/wp-json\/wp\/v2\/product_tag?post=116246"}],"curies":[{"name":"wp","href":"https:\/\/api.w.org\/{rel}","templated":true}]}}