{"id":116313,"date":"2026-05-06T17:16:38","date_gmt":"2026-05-06T14:16:38","guid":{"rendered":"https:\/\/kidsplay.lt\/?post_type=product&#038;p=116313"},"modified":"2026-05-06T17:17:52","modified_gmt":"2026-05-06T14:17:52","slug":"lietuviskai-igarsintos-lavinamosios-korteles","status":"publish","type":"product","link":"https:\/\/kidsplay.lt\/lv\/products\/lietuviskai-igarsintos-lavinamosios-korteles\/","title":{"rendered":"Lietuvi\u0161kai \u012fgarsintos lavinamosios kortel\u0117s"},"content":{"rendered":"<h2><strong>Interaktyvus mokymasis per \u017eaidim\u0105<\/strong><\/h2>\n<p>Mokymasis per \u017eaidim\u0105 \u2013 vienas efektyviausi\u0173 b\u016bd\u0173 lavinti vaik\u0105. \u0160ios lietuvi\u0161kai \u012fgarsintos \u0161nekan\u010dios kortel\u0117s paver\u010dia mokym\u0105si smagiu, \u012ftraukian\u010diu ir visi\u0161kai saugiu procesu be ekran\u0173. Vaikas klausosi \u017eod\u017ei\u0173, kartoja, mokosi tarti ir ple\u010dia \u017eodyn\u0105 nat\u016braliai \u017eaisdamas.<\/p>\n<div><\/div>\n<h2><strong>Kod\u0117l verta rinktis \u0161ias korteles?<\/strong><\/h2>\n<ul>\n<li>Interaktyvus mokymasis per gars\u0105<\/li>\n<li>Lavina kalb\u0105, \u017eodyn\u0105 ir taisykling\u0105 tarim\u0105<\/li>\n<li>Skatina d\u0117mesio koncentracij\u0105<\/li>\n<li>Ugdo smalsum\u0105 ir vaizduot\u0119<\/li>\n<li>Gerina socialinius \u012fg\u016bd\u017eius<\/li>\n<li>Visi\u0161kai be ekran\u0173 \u2013 saugu akims<\/li>\n<\/ul>\n<p>Tai moderni edukacin\u0117 priemon\u0117, tinkanti tiek namams, tiek dar\u017eeliams ar logopedin\u0117ms veikloms.<\/p>\n<div><\/div>\n<h2><strong>K\u0105 lavina \u0161nekan\u010dios kortel\u0117s?<\/strong><\/h2>\n<p>Naudodamas korteles vaikas:<\/p>\n<ul>\n<li>ple\u010dia \u017eodyn\u0105<\/li>\n<li>mokosi taisyklingai tarti lietuvi\u0161kus \u017eod\u017eius<\/li>\n<li>lavina klausymosi ir kalbos suvokimo \u012fg\u016bd\u017eius<\/li>\n<li>stiprina d\u0117mesio i\u0161laikym\u0105<\/li>\n<li>mokosi per \u017eaidim\u0105 ir nat\u016bral\u0173 kartojim\u0105<\/li>\n<\/ul>\n<p>Kortel\u0117s puikiai tinka ankstyvajam ugdymui ir kalbos lavinimui.<\/p>\n<div><\/div>\n<h2><strong>Rekomenduojama logoped\u0173<\/strong><\/h2>\n<p>\u0160ios kortel\u0117s da\u017enai naudojamos:<\/p>\n<ul>\n<li>kalbos ugdymui<\/li>\n<li>\u017eodyno pl\u0117timui<\/li>\n<li>pirmiesiems \u017eod\u017eiams mokytis<\/li>\n<li>taisyklingam tarimui formuoti<\/li>\n<\/ul>\n<p>Tai patikima ir veiksminga priemon\u0117, kuri\u0105 vertina specialistai.<\/p>\n<div><\/div>\n<h2><strong>Kaip naudoti?<\/strong><\/h2>\n<p>Naudojimas itin paprastas:<\/p>\n<ol start=\"1\">\n<li>\u012ejunkite prietais\u0105<\/li>\n<li>\u012ed\u0117kite kortel\u0119<\/li>\n<li>I\u0161girskite \u017eod\u012f<\/li>\n<li>Skatinkite vaik\u0105 pakartoti<\/li>\n<\/ol>\n<p>Galima reguliuoti garso lyg\u012f, tod\u0117l \u017eaidimas patogus bet kurioje aplinkoje.<\/p>\n<div><\/div>\n<h2><strong>Kas yra pakuot\u0117je?<\/strong><\/h2>\n<ul>\n<li>Korteli\u0173 \u012fgarsinimo prietaisas<\/li>\n<li><strong>112 korteli\u0173<\/strong> (224 lietuvi\u0161ki \u017eod\u017eiai)<\/li>\n<li>USB uzl\u0101des kabelis<\/li>\n<li>Naudojimo instrukcija<\/li>\n<\/ul>\n<div><\/div>\n<h2><strong>Temos kortel\u0117se<\/strong><\/h2>\n<p>Vaikams artimos ir lengvai suprantamos temos:<\/p>\n<ul>\n<li>lietuvi\u0161ka ab\u0117c\u0117l\u0117<\/li>\n<li>skai\u010diai<\/li>\n<li>kr\u0101sas<\/li>\n<li>maistas<\/li>\n<li>gyv\u016bnai<\/li>\n<li>transportas<\/li>\n<li>kasdieniai daiktai ir dar daugiau<\/li>\n<\/ul>\n<div><\/div>\n<h2><strong>Patogus ir saugus naudojimas<\/strong><\/h2>\n<ul>\n<li>Veikia iki ~6 val. po \u012fkrovimo<\/li>\n<li>\u012ekraunamas USB laidu<\/li>\n<li>Kompakti\u0161kas dydis \u2013 patogu kelion\u0117ms<\/li>\n<li>Rekomenduojamas nuo 3 met\u0173 (ma\u017eesniems \u2013 suaugusi\u0173j\u0173 prie\u017ei\u016bra)<\/li>\n<\/ul>\n<p>Atitinka <strong>CE<\/strong> un <strong>RoHS<\/strong> standartus. Sukurta Lietuvoje.<\/p>","protected":false},"excerpt":{"rendered":"<p>Lietuvi\u0161kai \u012fgarsintos \u0161nekan\u010dios kortel\u0117s \u2013 interaktyvi edukacin\u0117 priemon\u0117 vaikams, padedanti mokytis \u017eod\u017ei\u0173, taisyklingo tarimo ir kalbos suvokimo be ekran\u0173. Rinkinyje yra 112 korteli\u0173 su 224 lietuvi\u0161kais \u017eod\u017eiais, garsin\u0117mis instrukcijomis ir ai\u0161kiu tarimu. \u017daidimas lavina \u017eodyn\u0105, d\u0117mesio koncentracij\u0105, klausymosi \u012fg\u016bd\u017eius ir smalsum\u0105. Puikiai tinka ankstyvajam ugdymui, logopedin\u0117ms veikloms ir kasdieniam mokymuisi namuose.<\/p>","protected":false},"featured_media":116314,"template":"","meta":{"_acf_changed":false,"_glsr_average":0,"_glsr_ranking":0,"_glsr_reviews":0},"product_brand":[],"product_cat":[72,1145,229],"product_tag":[],"class_list":{"0":"post-116313","1":"product","2":"type-product","3":"status-publish","4":"has-post-thumbnail","6":"product_cat-ispardavimas","7":"product_cat-lietuviski-edukaciniai-zaislai","8":"product_cat-zaislai-vaikams","9":"\"style=\"background-color: #2ecc711c;\"","11":"first","12":"instock","13":"sale","14":"shipping-taxable","15":"purchasable","16":"product-type-simple"},"acf":[],"yoast_head":"<!-- This site is optimized with the Yoast SEO plugin v27.5 - https:\/\/yoast.com\/product\/yoast-seo-wordpress\/ -->\n<title>Lietuvi\u0161kai \u012fgarsintos lavinamosios kortel\u0117s - KidsPlay<\/title>\n<meta name=\"description\" content=\"Lietuvi\u0161kai \u012fgarsintos \u0161nekan\u010dios kortel\u0117s \u2013 interaktyvi edukacin\u0117 priemon\u0117 vaikams, padedanti mokytis \u017eod\u017ei\u0173, taisyklingo tarimo ir kalbos suvokimo be ekran\u0173. Rinkinyje yra 112 korteli\u0173 su 224 lietuvi\u0161kais \u017eod\u017eiais, garsin\u0117mis instrukcijomis ir ai\u0161kiu tarimu. \u017daidimas lavina \u017eodyn\u0105, d\u0117mesio koncentracij\u0105, klausymosi \u012fg\u016bd\u017eius ir smalsum\u0105. Puikiai tinka ankstyvajam ugdymui, logopedin\u0117ms veikloms ir kasdieniam mokymuisi namuose.\" \/>\n<meta name=\"robots\" content=\"index, follow, max-snippet:-1, max-image-preview:large, max-video-preview:-1\" \/>\n<link rel=\"canonical\" href=\"https:\/\/kidsplay.lt\/lv\/products\/lietuviskai-igarsintos-lavinamosios-korteles\/\" \/>\n<meta property=\"og:locale\" content=\"lv_LV\" \/>\n<meta property=\"og:type\" content=\"article\" \/>\n<meta property=\"og:title\" content=\"Lietuvi\u0161kai \u012fgarsintos lavinamosios kortel\u0117s - KidsPlay\" \/>\n<meta property=\"og:description\" content=\"Lietuvi\u0161kai \u012fgarsintos \u0161nekan\u010dios kortel\u0117s \u2013 interaktyvi edukacin\u0117 priemon\u0117 vaikams, padedanti mokytis \u017eod\u017ei\u0173, taisyklingo tarimo ir kalbos suvokimo be ekran\u0173. Rinkinyje yra 112 korteli\u0173 su 224 lietuvi\u0161kais \u017eod\u017eiais, garsin\u0117mis instrukcijomis ir ai\u0161kiu tarimu. \u017daidimas lavina \u017eodyn\u0105, d\u0117mesio koncentracij\u0105, klausymosi \u012fg\u016bd\u017eius ir smalsum\u0105. Puikiai tinka ankstyvajam ugdymui, logopedin\u0117ms veikloms ir kasdieniam mokymuisi namuose.\" \/>\n<meta property=\"og:url\" content=\"https:\/\/kidsplay.lt\/lv\/products\/lietuviskai-igarsintos-lavinamosios-korteles\/\" \/>\n<meta property=\"og:site_name\" content=\"KidsPlay\" \/>\n<meta property=\"article:publisher\" content=\"https:\/\/www.facebook.com\/www.kidsplay.lt\" \/>\n<meta property=\"article:modified_time\" content=\"2026-05-06T14:17:52+00:00\" \/>\n<meta property=\"og:image\" content=\"https:\/\/kidsplay.lt\/wp-content\/uploads\/2026\/05\/image_2026-05-06_170949989.png\" \/>\n\t<meta property=\"og:image:width\" content=\"1590\" \/>\n\t<meta property=\"og:image:height\" content=\"948\" \/>\n\t<meta property=\"og:image:type\" content=\"image\/png\" \/>\n<meta name=\"twitter:card\" content=\"summary_large_image\" \/>\n<meta name=\"twitter:label1\" content=\"Est. reading time\" \/>\n\t<meta name=\"twitter:data1\" content=\"2 min\u016btes\" \/>\n<script type=\"application\/ld+json\" class=\"yoast-schema-graph\">{\"@context\":\"https:\\\/\\\/schema.org\",\"@graph\":[{\"@type\":\"WebPage\",\"@id\":\"https:\\\/\\\/kidsplay.lt\\\/produktas\\\/lietuviskai-igarsintos-lavinamosios-korteles\\\/\",\"url\":\"https:\\\/\\\/kidsplay.lt\\\/produktas\\\/lietuviskai-igarsintos-lavinamosios-korteles\\\/\",\"name\":\"Lietuvi\u0161kai \u012fgarsintos lavinamosios kortel\u0117s - KidsPlay\",\"isPartOf\":{\"@id\":\"https:\\\/\\\/kidsplay.lt\\\/#website\"},\"primaryImageOfPage\":{\"@id\":\"https:\\\/\\\/kidsplay.lt\\\/produktas\\\/lietuviskai-igarsintos-lavinamosios-korteles\\\/#primaryimage\"},\"image\":{\"@id\":\"https:\\\/\\\/kidsplay.lt\\\/produktas\\\/lietuviskai-igarsintos-lavinamosios-korteles\\\/#primaryimage\"},\"thumbnailUrl\":\"https:\\\/\\\/kidsplay.lt\\\/wp-content\\\/uploads\\\/2026\\\/05\\\/image_2026-05-06_170949989.png\",\"datePublished\":\"2026-05-06T14:16:38+00:00\",\"dateModified\":\"2026-05-06T14:17:52+00:00\",\"description\":\"Lietuvi\u0161kai \u012fgarsintos \u0161nekan\u010dios kortel\u0117s \u2013 interaktyvi edukacin\u0117 priemon\u0117 vaikams, padedanti mokytis \u017eod\u017ei\u0173, taisyklingo tarimo ir kalbos suvokimo be ekran\u0173. Rinkinyje yra 112 korteli\u0173 su 224 lietuvi\u0161kais \u017eod\u017eiais, garsin\u0117mis instrukcijomis ir ai\u0161kiu tarimu. \u017daidimas lavina \u017eodyn\u0105, d\u0117mesio koncentracij\u0105, klausymosi \u012fg\u016bd\u017eius ir smalsum\u0105. Puikiai tinka ankstyvajam ugdymui, logopedin\u0117ms veikloms ir kasdieniam mokymuisi namuose.\",\"breadcrumb\":{\"@id\":\"https:\\\/\\\/kidsplay.lt\\\/produktas\\\/lietuviskai-igarsintos-lavinamosios-korteles\\\/#breadcrumb\"},\"inLanguage\":\"lv-LV\",\"potentialAction\":[{\"@type\":\"ReadAction\",\"target\":[\"https:\\\/\\\/kidsplay.lt\\\/produktas\\\/lietuviskai-igarsintos-lavinamosios-korteles\\\/\"]}]},{\"@type\":\"ImageObject\",\"inLanguage\":\"lv-LV\",\"@id\":\"https:\\\/\\\/kidsplay.lt\\\/produktas\\\/lietuviskai-igarsintos-lavinamosios-korteles\\\/#primaryimage\",\"url\":\"https:\\\/\\\/kidsplay.lt\\\/wp-content\\\/uploads\\\/2026\\\/05\\\/image_2026-05-06_170949989.png\",\"contentUrl\":\"https:\\\/\\\/kidsplay.lt\\\/wp-content\\\/uploads\\\/2026\\\/05\\\/image_2026-05-06_170949989.png\",\"width\":1590,\"height\":948},{\"@type\":\"BreadcrumbList\",\"@id\":\"https:\\\/\\\/kidsplay.lt\\\/produktas\\\/lietuviskai-igarsintos-lavinamosios-korteles\\\/#breadcrumb\",\"itemListElement\":[{\"@type\":\"ListItem\",\"position\":1,\"name\":\"Pagrindinis\",\"item\":\"https:\\\/\\\/kidsplay.lt\\\/\"},{\"@type\":\"ListItem\",\"position\":2,\"name\":\"Parduotuv\u0117\",\"item\":\"https:\\\/\\\/kidsplay.lt\\\/parduotuve\\\/\"},{\"@type\":\"ListItem\",\"position\":3,\"name\":\"Lietuvi\u0161kai \u012fgarsintos lavinamosios kortel\u0117s\"}]},{\"@type\":\"WebSite\",\"@id\":\"https:\\\/\\\/kidsplay.lt\\\/#website\",\"url\":\"https:\\\/\\\/kidsplay.lt\\\/\",\"name\":\"Kidsplay.lt\",\"description\":\"\u012evairios prek\u0117s vaikams\",\"publisher\":{\"@id\":\"https:\\\/\\\/kidsplay.lt\\\/#organization\"},\"alternateName\":\"Kidsplay\",\"potentialAction\":[{\"@type\":\"SearchAction\",\"target\":{\"@type\":\"EntryPoint\",\"urlTemplate\":\"https:\\\/\\\/kidsplay.lt\\\/?s={search_term_string}\"},\"query-input\":{\"@type\":\"PropertyValueSpecification\",\"valueRequired\":true,\"valueName\":\"search_term_string\"}}],\"inLanguage\":\"lv-LV\"},{\"@type\":\"Organization\",\"@id\":\"https:\\\/\\\/kidsplay.lt\\\/#organization\",\"name\":\"KidsPlay\",\"url\":\"https:\\\/\\\/kidsplay.lt\\\/\",\"logo\":{\"@type\":\"ImageObject\",\"inLanguage\":\"lv-LV\",\"@id\":\"https:\\\/\\\/kidsplay.lt\\\/#\\\/schema\\\/logo\\\/image\\\/\",\"url\":\"https:\\\/\\\/kidsplay.lt\\\/wp-content\\\/uploads\\\/2023\\\/07\\\/kidsplay-logo.png\",\"contentUrl\":\"https:\\\/\\\/kidsplay.lt\\\/wp-content\\\/uploads\\\/2023\\\/07\\\/kidsplay-logo.png\",\"width\":451,\"height\":98,\"caption\":\"KidsPlay\"},\"image\":{\"@id\":\"https:\\\/\\\/kidsplay.lt\\\/#\\\/schema\\\/logo\\\/image\\\/\"},\"sameAs\":[\"https:\\\/\\\/www.facebook.com\\\/www.kidsplay.lt\"]}]}<\/script>\n<!-- \/ Yoast SEO plugin. -->","yoast_head_json":{"title":"Lietuvi\u0161kai \u012fgarsintos lavinamosios kortel\u0117s - KidsPlay","description":"Lietuvi\u0161kai \u012fgarsintos \u0161nekan\u010dios kortel\u0117s \u2013 interaktyvi edukacin\u0117 priemon\u0117 vaikams, padedanti mokytis \u017eod\u017ei\u0173, taisyklingo tarimo ir kalbos suvokimo be ekran\u0173. Rinkinyje yra 112 korteli\u0173 su 224 lietuvi\u0161kais \u017eod\u017eiais, garsin\u0117mis instrukcijomis ir ai\u0161kiu tarimu. \u017daidimas lavina \u017eodyn\u0105, d\u0117mesio koncentracij\u0105, klausymosi \u012fg\u016bd\u017eius ir smalsum\u0105. Puikiai tinka ankstyvajam ugdymui, logopedin\u0117ms veikloms ir kasdieniam mokymuisi namuose.","robots":{"index":"index","follow":"follow","max-snippet":"max-snippet:-1","max-image-preview":"max-image-preview:large","max-video-preview":"max-video-preview:-1"},"canonical":"https:\/\/kidsplay.lt\/lv\/products\/lietuviskai-igarsintos-lavinamosios-korteles\/","og_locale":"lv_LV","og_type":"article","og_title":"Lietuvi\u0161kai \u012fgarsintos lavinamosios kortel\u0117s - KidsPlay","og_description":"Lietuvi\u0161kai \u012fgarsintos \u0161nekan\u010dios kortel\u0117s \u2013 interaktyvi edukacin\u0117 priemon\u0117 vaikams, padedanti mokytis \u017eod\u017ei\u0173, taisyklingo tarimo ir kalbos suvokimo be ekran\u0173. Rinkinyje yra 112 korteli\u0173 su 224 lietuvi\u0161kais \u017eod\u017eiais, garsin\u0117mis instrukcijomis ir ai\u0161kiu tarimu. \u017daidimas lavina \u017eodyn\u0105, d\u0117mesio koncentracij\u0105, klausymosi \u012fg\u016bd\u017eius ir smalsum\u0105. Puikiai tinka ankstyvajam ugdymui, logopedin\u0117ms veikloms ir kasdieniam mokymuisi namuose.","og_url":"https:\/\/kidsplay.lt\/lv\/products\/lietuviskai-igarsintos-lavinamosios-korteles\/","og_site_name":"KidsPlay","article_publisher":"https:\/\/www.facebook.com\/www.kidsplay.lt","article_modified_time":"2026-05-06T14:17:52+00:00","og_image":[{"width":1590,"height":948,"url":"https:\/\/kidsplay.lt\/wp-content\/uploads\/2026\/05\/image_2026-05-06_170949989.png","type":"image\/png"}],"twitter_card":"summary_large_image","twitter_misc":{"Est. reading time":"2 min\u016btes"},"schema":{"@context":"https:\/\/schema.org","@graph":[{"@type":"WebPage","@id":"https:\/\/kidsplay.lt\/produktas\/lietuviskai-igarsintos-lavinamosios-korteles\/","url":"https:\/\/kidsplay.lt\/produktas\/lietuviskai-igarsintos-lavinamosios-korteles\/","name":"Lietuvi\u0161kai \u012fgarsintos lavinamosios kortel\u0117s - KidsPlay","isPartOf":{"@id":"https:\/\/kidsplay.lt\/#website"},"primaryImageOfPage":{"@id":"https:\/\/kidsplay.lt\/produktas\/lietuviskai-igarsintos-lavinamosios-korteles\/#primaryimage"},"image":{"@id":"https:\/\/kidsplay.lt\/produktas\/lietuviskai-igarsintos-lavinamosios-korteles\/#primaryimage"},"thumbnailUrl":"https:\/\/kidsplay.lt\/wp-content\/uploads\/2026\/05\/image_2026-05-06_170949989.png","datePublished":"2026-05-06T14:16:38+00:00","dateModified":"2026-05-06T14:17:52+00:00","description":"Lietuvi\u0161kai \u012fgarsintos \u0161nekan\u010dios kortel\u0117s \u2013 interaktyvi edukacin\u0117 priemon\u0117 vaikams, padedanti mokytis \u017eod\u017ei\u0173, taisyklingo tarimo ir kalbos suvokimo be ekran\u0173. Rinkinyje yra 112 korteli\u0173 su 224 lietuvi\u0161kais \u017eod\u017eiais, garsin\u0117mis instrukcijomis ir ai\u0161kiu tarimu. \u017daidimas lavina \u017eodyn\u0105, d\u0117mesio koncentracij\u0105, klausymosi \u012fg\u016bd\u017eius ir smalsum\u0105. Puikiai tinka ankstyvajam ugdymui, logopedin\u0117ms veikloms ir kasdieniam mokymuisi namuose.","breadcrumb":{"@id":"https:\/\/kidsplay.lt\/produktas\/lietuviskai-igarsintos-lavinamosios-korteles\/#breadcrumb"},"inLanguage":"lv-LV","potentialAction":[{"@type":"ReadAction","target":["https:\/\/kidsplay.lt\/produktas\/lietuviskai-igarsintos-lavinamosios-korteles\/"]}]},{"@type":"ImageObject","inLanguage":"lv-LV","@id":"https:\/\/kidsplay.lt\/produktas\/lietuviskai-igarsintos-lavinamosios-korteles\/#primaryimage","url":"https:\/\/kidsplay.lt\/wp-content\/uploads\/2026\/05\/image_2026-05-06_170949989.png","contentUrl":"https:\/\/kidsplay.lt\/wp-content\/uploads\/2026\/05\/image_2026-05-06_170949989.png","width":1590,"height":948},{"@type":"BreadcrumbList","@id":"https:\/\/kidsplay.lt\/produktas\/lietuviskai-igarsintos-lavinamosios-korteles\/#breadcrumb","itemListElement":[{"@type":"ListItem","position":1,"name":"Pagrindinis","item":"https:\/\/kidsplay.lt\/"},{"@type":"ListItem","position":2,"name":"Parduotuv\u0117","item":"https:\/\/kidsplay.lt\/parduotuve\/"},{"@type":"ListItem","position":3,"name":"Lietuvi\u0161kai \u012fgarsintos lavinamosios kortel\u0117s"}]},{"@type":"WebSite","@id":"https:\/\/kidsplay.lt\/#website","url":"https:\/\/kidsplay.lt\/","name":"B\u0113rnu sp\u0113les.lv","description":"\u012evairios prek\u0117s vaikams","publisher":{"@id":"https:\/\/kidsplay.lt\/#organization"},"alternateName":"Kidsplay","potentialAction":[{"@type":"SearchAction","target":{"@type":"EntryPoint","urlTemplate":"https:\/\/kidsplay.lt\/?s={search_term_string}"},"query-input":{"@type":"PropertyValueSpecification","valueRequired":true,"valueName":"search_term_string"}}],"inLanguage":"lv-LV"},{"@type":"Organization","@id":"https:\/\/kidsplay.lt\/#organization","name":"B\u0113rnu sp\u0113le","url":"https:\/\/kidsplay.lt\/","logo":{"@type":"ImageObject","inLanguage":"lv-LV","@id":"https:\/\/kidsplay.lt\/#\/schema\/logo\/image\/","url":"https:\/\/kidsplay.lt\/wp-content\/uploads\/2023\/07\/kidsplay-logo.png","contentUrl":"https:\/\/kidsplay.lt\/wp-content\/uploads\/2023\/07\/kidsplay-logo.png","width":451,"height":98,"caption":"KidsPlay"},"image":{"@id":"https:\/\/kidsplay.lt\/#\/schema\/logo\/image\/"},"sameAs":["https:\/\/www.facebook.com\/www.kidsplay.lt"]}]}},"_links":{"self":[{"href":"https:\/\/kidsplay.lt\/lv\/wp-json\/wp\/v2\/product\/116313","targetHints":{"allow":["GET"]}}],"collection":[{"href":"https:\/\/kidsplay.lt\/lv\/wp-json\/wp\/v2\/product"}],"about":[{"href":"https:\/\/kidsplay.lt\/lv\/wp-json\/wp\/v2\/types\/product"}],"version-history":[{"count":1,"href":"https:\/\/kidsplay.lt\/lv\/wp-json\/wp\/v2\/product\/116313\/revisions"}],"predecessor-version":[{"id":116321,"href":"https:\/\/kidsplay.lt\/lv\/wp-json\/wp\/v2\/product\/116313\/revisions\/116321"}],"wp:featuredmedia":[{"embeddable":true,"href":"https:\/\/kidsplay.lt\/lv\/wp-json\/wp\/v2\/media\/116314"}],"wp:attachment":[{"href":"https:\/\/kidsplay.lt\/lv\/wp-json\/wp\/v2\/media?parent=116313"}],"wp:term":[{"taxonomy":"product_brand","embeddable":true,"href":"https:\/\/kidsplay.lt\/lv\/wp-json\/wp\/v2\/product_brand?post=116313"},{"taxonomy":"product_cat","embeddable":true,"href":"https:\/\/kidsplay.lt\/lv\/wp-json\/wp\/v2\/product_cat?post=116313"},{"taxonomy":"product_tag","embeddable":true,"href":"https:\/\/kidsplay.lt\/lv\/wp-json\/wp\/v2\/product_tag?post=116313"}],"curies":[{"name":"wp","href":"https:\/\/api.w.org\/{rel}","templated":true}]}}