{"id":116325,"date":"2026-05-06T21:00:47","date_gmt":"2026-05-06T18:00:47","guid":{"rendered":"https:\/\/kidsplay.lt\/?post_type=product&#038;p=116325"},"modified":"2026-05-06T21:04:24","modified_gmt":"2026-05-06T18:04:24","slug":"kalba-lavinantys-zaidimai-girdimasis-suvokimas","status":"publish","type":"product","link":"https:\/\/kidsplay.lt\/lv\/products\/kalba-lavinantys-zaidimai-girdimasis-suvokimas\/","title":{"rendered":"Kalb\u0105 lavinantys \u017eaidimai \u201eGirdimasis suvokimas\u201c"},"content":{"rendered":"<section id=\"section_1193238148\" class=\"section\">\n<div class=\"section-content relative\">\n<div id=\"row-1011248526\" class=\"row align-equal align-center\">\n<div id=\"col-1429821740\" class=\"col medium-12 small-12 large-7\">\n<div class=\"col-inner\">\n<div id=\"text-3541200784\" class=\"text\">\n<p class=\"lead\">Kalb\u0105 lavinan\u010di\u0173 \u017eaidim\u0173 rinkinyje rasite daugiau nei 50 \u017eaidim\u0173, kurie moko gird\u0117ti, suprasti ir kalb\u0117ti.<\/p>\n<\/div>\n<p data-start=\"377\" data-end=\"928\">Kalba vystosi ne tik i\u0161 to, k\u0105 vaikas sako, bet ir i\u0161 to, k\u0105 girdi?\u00a0<strong>Girdimasis suvokimas \u2013 tai pagrindas, be kurio sunku ne tik ai\u0161kiai kalb\u0117ti, bet ir suprasti kalb\u0105, i\u0161mokti skaityti ir ra\u0161yti.<\/strong><\/p>\n<p data-start=\"377\" data-end=\"928\">Tai daugiau nei 50-ies smagi\u0173 \u017eaidim\u0173 rinkinys, padedantis lavinti \u0161\u012f svarb\u0173 geb\u0117jim\u0105 per \u017eaidim\u0105. <strong>\u017daisdami kartu ne tik lavinsite kalb\u0105, bet ir kursite tvirt\u0105 ry\u0161\u012f su vaiku<\/strong> \u2013 \u017eaisdami, bendraudami ir juokdamiesi. Prad\u0117kite \u0161iandien \u2013 kalbos vystymasis neturi laukti rytojaus.<\/p>\n<\/div>\n<\/div>\n<\/div>\n<\/div>\n<\/section>\n<section id=\"section_135099288\" class=\"section\">\n<div class=\"section-content relative\">\n<div id=\"row-348673546\" class=\"row row-large align-middle\">\n<div id=\"col-1764542428\" class=\"col medium-7 small-12 large-7\" data-animate=\"fadeInRight\" data-animate-transform=\"true\" data-animate-transition=\"true\" data-animated=\"true\">\n<div class=\"col-inner\">\n<h3>Kokius vaiko \u012fg\u016bd\u017eius lavinsite?<\/h3>\n<p><strong>\u017daid\u017eiant \u0161iuos kalb\u0105 lavinan\u010dius \u017eaidimus vos 10\u201320 minu\u010di\u0173, po 1\u20132 \u017eaidimus per dien\u0105 j\u016bs\u0173 vaikas gali:<\/strong><\/p>\n<ul>\n<li class=\"bullet-arrow\">prad\u0117ti tarti garsus, skiemenis, \u017eod\u017eius, net jei prie\u0161 tai visai nekalb\u0117jo;<\/li>\n<li class=\"bullet-arrow\">prad\u0117ti ri\u0161liau ir vaizdingiau kalb\u0117ti, net jei iki \u0161iol ir gerai kalb\u0117jo;<\/li>\n<li class=\"bullet-arrow\">\u012fveikti gars\u0173 painiojim\u0105 ir \u0161veplavim\u0105;<\/li>\n<li class=\"bullet-arrow\">pasiruo\u0161ti s\u0117kmingam skaitymo ir ra\u0161ymo startui;<\/li>\n<li class=\"bullet-arrow\">mokytis sutelkti ir i\u0161laikyti d\u0117mes\u012f;<\/li>\n<li class=\"bullet-arrow\">lavinti pa\u017eintinius geb\u0117jimus ir m\u0105stymo procesus;<\/li>\n<li class=\"bullet-arrow\">pl\u0117toti vaizduot\u0119 ir k\u016brybi\u0161kum\u0105.<\/li>\n<\/ul>\n<\/div>\n<\/div>\n<\/div>\n<div id=\"row-1024836919\" class=\"row row-large align-middle\">\n<div id=\"col-1016438717\" class=\"col medium-6 small-12 large-6\">\n<div class=\"col-inner\">\n<h3>Kod\u0117l verta rinktis \u0161iuos kalb\u0105 lavinan\u010dius \u017eaidimus?<\/h3>\n<ul>\n<li class=\"bullet-arrow\">Daugiau nei 50 \u017eaidim\u0173 \u2013 nepritr\u016bksite id\u0117j\u0173!<\/li>\n<li class=\"bullet-arrow\">Smag\u016bs ir \u012ftraukiantys edukaciniai \u017eaidimai.<\/li>\n<li class=\"bullet-arrow\">Pritaikyta \u012fvairiems kalbos raidos etapams.<\/li>\n<li class=\"bullet-arrow\">Edukuoja t\u0117vus.<\/li>\n<li class=\"bullet-arrow\">Stiprina t\u0117v\u0173 ir vaik\u0173 ry\u0161\u012f.<\/li>\n<li class=\"bullet-arrow\">Naudingai praleisite laik\u0105 kartu.<\/li>\n<li class=\"bullet-arrow\">Vaikams linksma, o t\u0117vams nauja ir \u012fdomu.<\/li>\n<li class=\"bullet-arrow\">Tinka tiek namuose, tiek kelion\u0117se.<\/li>\n<li class=\"bullet-arrow\">Visi \u017eaidimai naudojami logopedo kabinete!<\/li>\n<\/ul>\n<p><strong>Vaiko emociniu pasitenkinimu net neabejokite<\/strong><\/p>\n<\/div>\n<\/div>\n<\/div>\n<div id=\"row-1019186849\" class=\"row row-large align-middle\">\n<div id=\"col-686820461\" class=\"col medium-6 small-12 large-6\">\n<div class=\"col-inner\">\n<h3>Kam tinka \u0161is rinkinys?<\/h3>\n<p><strong>M\u016bs\u0173 kalb\u0105 lavinantys \u017eaidimai skirti 1-7 m. vaikams, turintiems kalb\u0117jimo sunkum\u0173 ar ne\u017eymiai sutrikusi\u0105 raid\u0105 ir vaikams, kuri\u0173 kalbos raida vystosi skland\u017eiai.<\/strong><\/p>\n<p>Jei ma\u017eylio kalba v\u0117luoja, da\u017enai prie\u017eastis slypi girdimojo suvokimo nepakankamume. Si\u016blomi \u017eaidimai pad\u0117s lavinti \u0161i\u0105 srit\u012f \u2013 nuosekliai ir \u017eaismingai ugdant, vaikas pama\u017eu ims atpa\u017einti garsus, jungti juos \u012f skiemenis ir \u017eod\u017eius, geriau suvokti kalb\u0105.<\/p>\n<p>Net jei vaiko kalba vystosi skland\u017eiai, \u0161iuos \u017eaidimus vis tiek verta \u012ftraukti \u012f kasdienyb\u0119 \u2013 jie padeda pl\u0117toti kalbinius geb\u0117jimus, m\u0105stym\u0105, d\u0117mes\u012f ir girdim\u0105j\u0105 atmint\u012f. Tai puiki veikla pasiruo\u0161ti skaitymo ir ra\u0161ymo prad\u017eiai. Be to, vaikai bus \u012ftraukti \u012f krypting\u0105, lavinan\u010di\u0105 veikl\u0105, kuri jiems i\u0161 ties\u0173 patinka.<\/p>\n<\/div>\n<\/div>\n<\/div>\n<\/div>\n<\/section>","protected":false},"excerpt":{"rendered":"<p><strong>Daugiau nei 50 kalb\u0105 lavinan\u010di\u0173 \u017eaidim\u0173 rinkinys 1\u20137 met\u0173 vaikams. Padeda lavinti girdim\u0105j\u012f suvokim\u0105, tart\u012f, \u017eodyn\u0105, d\u0117mesio koncentracij\u0105 ir pasiruo\u0161ti skaitymui bei ra\u0161ymui. Naudojamas logoped\u0173, tinka namams ir kelion\u0117ms.<\/strong><\/p>\n<div><\/div>","protected":false},"featured_media":116326,"template":"","meta":{"_acf_changed":false,"_glsr_average":0,"_glsr_ranking":0,"_glsr_reviews":0},"product_brand":[],"product_cat":[72,1145,229],"product_tag":[],"class_list":{"0":"post-116325","1":"product","2":"type-product","3":"status-publish","4":"has-post-thumbnail","6":"product_cat-ispardavimas","7":"product_cat-lietuviski-edukaciniai-zaislai","8":"product_cat-zaislai-vaikams","9":"\"style=\"background-color: #2ecc711c;\"","11":"first","12":"instock","13":"sale","14":"shipping-taxable","15":"purchasable","16":"product-type-simple"},"acf":[],"yoast_head":"<!-- This site is optimized with the Yoast SEO plugin v27.5 - https:\/\/yoast.com\/product\/yoast-seo-wordpress\/ -->\n<title>Kalb\u0105 lavinantys \u017eaidimai \u201eGirdimasis suvokimas\u201c - KidsPlay<\/title>\n<meta name=\"description\" content=\"Kalb\u0105 lavinantys \u017eaidimai \u201eGirdimasis suvokimas\u201c - KidsPlay. Did\u017eiausias vaik\u0173 \u017eaisl\u0173 pasirinkimas.\" \/>\n<meta name=\"robots\" content=\"index, follow, max-snippet:-1, max-image-preview:large, max-video-preview:-1\" \/>\n<link rel=\"canonical\" href=\"https:\/\/kidsplay.lt\/lv\/products\/kalba-lavinantys-zaidimai-girdimasis-suvokimas\/\" \/>\n<meta property=\"og:locale\" content=\"lv_LV\" \/>\n<meta property=\"og:type\" content=\"article\" \/>\n<meta property=\"og:title\" content=\"Kalb\u0105 lavinantys \u017eaidimai \u201eGirdimasis suvokimas\u201c - KidsPlay\" \/>\n<meta property=\"og:description\" content=\"Kalb\u0105 lavinantys \u017eaidimai \u201eGirdimasis suvokimas\u201c - KidsPlay. Did\u017eiausias vaik\u0173 \u017eaisl\u0173 pasirinkimas.\" \/>\n<meta property=\"og:url\" content=\"https:\/\/kidsplay.lt\/lv\/products\/kalba-lavinantys-zaidimai-girdimasis-suvokimas\/\" \/>\n<meta property=\"og:site_name\" content=\"KidsPlay\" \/>\n<meta property=\"article:publisher\" content=\"https:\/\/www.facebook.com\/www.kidsplay.lt\" \/>\n<meta property=\"article:modified_time\" content=\"2026-05-06T18:04:24+00:00\" \/>\n<meta property=\"og:image\" content=\"https:\/\/kidsplay.lt\/wp-content\/uploads\/2026\/05\/image_2026-05-06_205723135.png\" \/>\n\t<meta property=\"og:image:width\" content=\"2000\" \/>\n\t<meta property=\"og:image:height\" content=\"2000\" \/>\n\t<meta property=\"og:image:type\" content=\"image\/png\" \/>\n<meta name=\"twitter:card\" content=\"summary_large_image\" \/>\n<meta name=\"twitter:label1\" content=\"Est. reading time\" \/>\n\t<meta name=\"twitter:data1\" content=\"2 min\u016btes\" \/>\n<script type=\"application\/ld+json\" class=\"yoast-schema-graph\">{\"@context\":\"https:\\\/\\\/schema.org\",\"@graph\":[{\"@type\":\"WebPage\",\"@id\":\"https:\\\/\\\/kidsplay.lt\\\/produktas\\\/kalba-lavinantys-zaidimai-girdimasis-suvokimas\\\/\",\"url\":\"https:\\\/\\\/kidsplay.lt\\\/produktas\\\/kalba-lavinantys-zaidimai-girdimasis-suvokimas\\\/\",\"name\":\"Kalb\u0105 lavinantys \u017eaidimai \u201eGirdimasis suvokimas\u201c - KidsPlay\",\"isPartOf\":{\"@id\":\"https:\\\/\\\/kidsplay.lt\\\/#website\"},\"primaryImageOfPage\":{\"@id\":\"https:\\\/\\\/kidsplay.lt\\\/produktas\\\/kalba-lavinantys-zaidimai-girdimasis-suvokimas\\\/#primaryimage\"},\"image\":{\"@id\":\"https:\\\/\\\/kidsplay.lt\\\/produktas\\\/kalba-lavinantys-zaidimai-girdimasis-suvokimas\\\/#primaryimage\"},\"thumbnailUrl\":\"https:\\\/\\\/kidsplay.lt\\\/wp-content\\\/uploads\\\/2026\\\/05\\\/image_2026-05-06_205723135.png\",\"datePublished\":\"2026-05-06T18:00:47+00:00\",\"dateModified\":\"2026-05-06T18:04:24+00:00\",\"description\":\"Kalb\u0105 lavinantys \u017eaidimai \u201eGirdimasis suvokimas\u201c - KidsPlay. Did\u017eiausias vaik\u0173 \u017eaisl\u0173 pasirinkimas.\",\"breadcrumb\":{\"@id\":\"https:\\\/\\\/kidsplay.lt\\\/produktas\\\/kalba-lavinantys-zaidimai-girdimasis-suvokimas\\\/#breadcrumb\"},\"inLanguage\":\"lv-LV\",\"potentialAction\":[{\"@type\":\"ReadAction\",\"target\":[\"https:\\\/\\\/kidsplay.lt\\\/produktas\\\/kalba-lavinantys-zaidimai-girdimasis-suvokimas\\\/\"]}]},{\"@type\":\"ImageObject\",\"inLanguage\":\"lv-LV\",\"@id\":\"https:\\\/\\\/kidsplay.lt\\\/produktas\\\/kalba-lavinantys-zaidimai-girdimasis-suvokimas\\\/#primaryimage\",\"url\":\"https:\\\/\\\/kidsplay.lt\\\/wp-content\\\/uploads\\\/2026\\\/05\\\/image_2026-05-06_205723135.png\",\"contentUrl\":\"https:\\\/\\\/kidsplay.lt\\\/wp-content\\\/uploads\\\/2026\\\/05\\\/image_2026-05-06_205723135.png\",\"width\":2000,\"height\":2000},{\"@type\":\"BreadcrumbList\",\"@id\":\"https:\\\/\\\/kidsplay.lt\\\/produktas\\\/kalba-lavinantys-zaidimai-girdimasis-suvokimas\\\/#breadcrumb\",\"itemListElement\":[{\"@type\":\"ListItem\",\"position\":1,\"name\":\"Pagrindinis\",\"item\":\"https:\\\/\\\/kidsplay.lt\\\/\"},{\"@type\":\"ListItem\",\"position\":2,\"name\":\"Parduotuv\u0117\",\"item\":\"https:\\\/\\\/kidsplay.lt\\\/parduotuve\\\/\"},{\"@type\":\"ListItem\",\"position\":3,\"name\":\"Kalb\u0105 lavinantys \u017eaidimai \u201eGirdimasis suvokimas\u201c\"}]},{\"@type\":\"WebSite\",\"@id\":\"https:\\\/\\\/kidsplay.lt\\\/#website\",\"url\":\"https:\\\/\\\/kidsplay.lt\\\/\",\"name\":\"Kidsplay.lt\",\"description\":\"\u012evairios prek\u0117s vaikams\",\"publisher\":{\"@id\":\"https:\\\/\\\/kidsplay.lt\\\/#organization\"},\"alternateName\":\"Kidsplay\",\"potentialAction\":[{\"@type\":\"SearchAction\",\"target\":{\"@type\":\"EntryPoint\",\"urlTemplate\":\"https:\\\/\\\/kidsplay.lt\\\/?s={search_term_string}\"},\"query-input\":{\"@type\":\"PropertyValueSpecification\",\"valueRequired\":true,\"valueName\":\"search_term_string\"}}],\"inLanguage\":\"lv-LV\"},{\"@type\":\"Organization\",\"@id\":\"https:\\\/\\\/kidsplay.lt\\\/#organization\",\"name\":\"KidsPlay\",\"url\":\"https:\\\/\\\/kidsplay.lt\\\/\",\"logo\":{\"@type\":\"ImageObject\",\"inLanguage\":\"lv-LV\",\"@id\":\"https:\\\/\\\/kidsplay.lt\\\/#\\\/schema\\\/logo\\\/image\\\/\",\"url\":\"https:\\\/\\\/kidsplay.lt\\\/wp-content\\\/uploads\\\/2023\\\/07\\\/kidsplay-logo.png\",\"contentUrl\":\"https:\\\/\\\/kidsplay.lt\\\/wp-content\\\/uploads\\\/2023\\\/07\\\/kidsplay-logo.png\",\"width\":451,\"height\":98,\"caption\":\"KidsPlay\"},\"image\":{\"@id\":\"https:\\\/\\\/kidsplay.lt\\\/#\\\/schema\\\/logo\\\/image\\\/\"},\"sameAs\":[\"https:\\\/\\\/www.facebook.com\\\/www.kidsplay.lt\"]}]}<\/script>\n<!-- \/ Yoast SEO plugin. -->","yoast_head_json":{"title":"Kalb\u0105 lavinantys \u017eaidimai \u201eGirdimasis suvokimas\u201c - KidsPlay","description":"Kalb\u0105 lavinantys \u017eaidimai \u201eGirdimasis suvokimas\u201c - KidsPlay. Did\u017eiausias vaik\u0173 \u017eaisl\u0173 pasirinkimas.","robots":{"index":"index","follow":"follow","max-snippet":"max-snippet:-1","max-image-preview":"max-image-preview:large","max-video-preview":"max-video-preview:-1"},"canonical":"https:\/\/kidsplay.lt\/lv\/products\/kalba-lavinantys-zaidimai-girdimasis-suvokimas\/","og_locale":"lv_LV","og_type":"article","og_title":"Kalb\u0105 lavinantys \u017eaidimai \u201eGirdimasis suvokimas\u201c - KidsPlay","og_description":"Kalb\u0105 lavinantys \u017eaidimai \u201eGirdimasis suvokimas\u201c - KidsPlay. Did\u017eiausias vaik\u0173 \u017eaisl\u0173 pasirinkimas.","og_url":"https:\/\/kidsplay.lt\/lv\/products\/kalba-lavinantys-zaidimai-girdimasis-suvokimas\/","og_site_name":"KidsPlay","article_publisher":"https:\/\/www.facebook.com\/www.kidsplay.lt","article_modified_time":"2026-05-06T18:04:24+00:00","og_image":[{"width":2000,"height":2000,"url":"https:\/\/kidsplay.lt\/wp-content\/uploads\/2026\/05\/image_2026-05-06_205723135.png","type":"image\/png"}],"twitter_card":"summary_large_image","twitter_misc":{"Est. reading time":"2 min\u016btes"},"schema":{"@context":"https:\/\/schema.org","@graph":[{"@type":"WebPage","@id":"https:\/\/kidsplay.lt\/produktas\/kalba-lavinantys-zaidimai-girdimasis-suvokimas\/","url":"https:\/\/kidsplay.lt\/produktas\/kalba-lavinantys-zaidimai-girdimasis-suvokimas\/","name":"Kalb\u0105 lavinantys \u017eaidimai \u201eGirdimasis suvokimas\u201c - KidsPlay","isPartOf":{"@id":"https:\/\/kidsplay.lt\/#website"},"primaryImageOfPage":{"@id":"https:\/\/kidsplay.lt\/produktas\/kalba-lavinantys-zaidimai-girdimasis-suvokimas\/#primaryimage"},"image":{"@id":"https:\/\/kidsplay.lt\/produktas\/kalba-lavinantys-zaidimai-girdimasis-suvokimas\/#primaryimage"},"thumbnailUrl":"https:\/\/kidsplay.lt\/wp-content\/uploads\/2026\/05\/image_2026-05-06_205723135.png","datePublished":"2026-05-06T18:00:47+00:00","dateModified":"2026-05-06T18:04:24+00:00","description":"Kalb\u0105 lavinantys \u017eaidimai \u201eGirdimasis suvokimas\u201c - KidsPlay. Did\u017eiausias vaik\u0173 \u017eaisl\u0173 pasirinkimas.","breadcrumb":{"@id":"https:\/\/kidsplay.lt\/produktas\/kalba-lavinantys-zaidimai-girdimasis-suvokimas\/#breadcrumb"},"inLanguage":"lv-LV","potentialAction":[{"@type":"ReadAction","target":["https:\/\/kidsplay.lt\/produktas\/kalba-lavinantys-zaidimai-girdimasis-suvokimas\/"]}]},{"@type":"ImageObject","inLanguage":"lv-LV","@id":"https:\/\/kidsplay.lt\/produktas\/kalba-lavinantys-zaidimai-girdimasis-suvokimas\/#primaryimage","url":"https:\/\/kidsplay.lt\/wp-content\/uploads\/2026\/05\/image_2026-05-06_205723135.png","contentUrl":"https:\/\/kidsplay.lt\/wp-content\/uploads\/2026\/05\/image_2026-05-06_205723135.png","width":2000,"height":2000},{"@type":"BreadcrumbList","@id":"https:\/\/kidsplay.lt\/produktas\/kalba-lavinantys-zaidimai-girdimasis-suvokimas\/#breadcrumb","itemListElement":[{"@type":"ListItem","position":1,"name":"Pagrindinis","item":"https:\/\/kidsplay.lt\/"},{"@type":"ListItem","position":2,"name":"Parduotuv\u0117","item":"https:\/\/kidsplay.lt\/parduotuve\/"},{"@type":"ListItem","position":3,"name":"Kalb\u0105 lavinantys \u017eaidimai \u201eGirdimasis suvokimas\u201c"}]},{"@type":"WebSite","@id":"https:\/\/kidsplay.lt\/#website","url":"https:\/\/kidsplay.lt\/","name":"B\u0113rnu sp\u0113les.lv","description":"\u012evairios prek\u0117s vaikams","publisher":{"@id":"https:\/\/kidsplay.lt\/#organization"},"alternateName":"Kidsplay","potentialAction":[{"@type":"SearchAction","target":{"@type":"EntryPoint","urlTemplate":"https:\/\/kidsplay.lt\/?s={search_term_string}"},"query-input":{"@type":"PropertyValueSpecification","valueRequired":true,"valueName":"search_term_string"}}],"inLanguage":"lv-LV"},{"@type":"Organization","@id":"https:\/\/kidsplay.lt\/#organization","name":"B\u0113rnu sp\u0113le","url":"https:\/\/kidsplay.lt\/","logo":{"@type":"ImageObject","inLanguage":"lv-LV","@id":"https:\/\/kidsplay.lt\/#\/schema\/logo\/image\/","url":"https:\/\/kidsplay.lt\/wp-content\/uploads\/2023\/07\/kidsplay-logo.png","contentUrl":"https:\/\/kidsplay.lt\/wp-content\/uploads\/2023\/07\/kidsplay-logo.png","width":451,"height":98,"caption":"KidsPlay"},"image":{"@id":"https:\/\/kidsplay.lt\/#\/schema\/logo\/image\/"},"sameAs":["https:\/\/www.facebook.com\/www.kidsplay.lt"]}]}},"_links":{"self":[{"href":"https:\/\/kidsplay.lt\/lv\/wp-json\/wp\/v2\/product\/116325","targetHints":{"allow":["GET"]}}],"collection":[{"href":"https:\/\/kidsplay.lt\/lv\/wp-json\/wp\/v2\/product"}],"about":[{"href":"https:\/\/kidsplay.lt\/lv\/wp-json\/wp\/v2\/types\/product"}],"version-history":[{"count":2,"href":"https:\/\/kidsplay.lt\/lv\/wp-json\/wp\/v2\/product\/116325\/revisions"}],"predecessor-version":[{"id":116334,"href":"https:\/\/kidsplay.lt\/lv\/wp-json\/wp\/v2\/product\/116325\/revisions\/116334"}],"wp:featuredmedia":[{"embeddable":true,"href":"https:\/\/kidsplay.lt\/lv\/wp-json\/wp\/v2\/media\/116326"}],"wp:attachment":[{"href":"https:\/\/kidsplay.lt\/lv\/wp-json\/wp\/v2\/media?parent=116325"}],"wp:term":[{"taxonomy":"product_brand","embeddable":true,"href":"https:\/\/kidsplay.lt\/lv\/wp-json\/wp\/v2\/product_brand?post=116325"},{"taxonomy":"product_cat","embeddable":true,"href":"https:\/\/kidsplay.lt\/lv\/wp-json\/wp\/v2\/product_cat?post=116325"},{"taxonomy":"product_tag","embeddable":true,"href":"https:\/\/kidsplay.lt\/lv\/wp-json\/wp\/v2\/product_tag?post=116325"}],"curies":[{"name":"wp","href":"https:\/\/api.w.org\/{rel}","templated":true}]}}