{"id":116369,"date":"2026-05-07T21:20:31","date_gmt":"2026-05-07T18:20:31","guid":{"rendered":"https:\/\/kidsplay.lt\/?post_type=product&#038;p=116369"},"modified":"2026-05-07T21:20:31","modified_gmt":"2026-05-07T18:20:31","slug":"kake-make-kalbancios-korteles","status":"publish","type":"product","link":"https:\/\/kidsplay.lt\/lv\/products\/kake-make-kalbancios-korteles\/","title":{"rendered":"Poke Makey run\u0101jo\u0161\u0101s k\u0101rtis"},"content":{"rendered":"<p>Elektronin\u0117s lavinamosios KAK\u0116 MAK\u0116 KALBAN\u010cIOS KORTEL\u0116S vaikams yra visi\u0161kai naujas ir unikalus \u017eaislas, u\u017eprogramuotas j\u016bs\u0173 vaiku\u010di\u0173 meilei!<\/p>\n<p>\u0160ios kortel\u0117s buvo sukurtos konsultuojantis ir su LOGOPEDE, ir su VAIK\u0172 PSICHOLOGE, kad kuo geriau atitikt\u0173 vaiku\u010di\u0173 lavinimo poreikius.<\/p>\n<p dir=\"ltr\">Elektronin\u0117s kortel\u0117s yra \u012fdomi, edukacin\u0117 ir lengvai naudojama priemon\u0117, skatinanti vaik\u0173 kalbos geb\u0117jimus. Tiek kortel\u0117se esantys objektai, tiek \u012fgarsinimas yra lietuvi\u0173 kalba!<\/p>\n<p>Galven\u0101s iez\u012bmes:<\/p>\n<ul>\n<li>Interaktyvus dizainas: \u012ed\u0117ta kortel\u0117 \u012f nedidel\u012f aparat\u0105 ai\u0161kiai lietuvi\u0161kai\u00a0 atkartoja \u017eod\u017eius, taip skatindama mokym\u0105si ir \u017eaidim\u0105.<\/li>\n<li>Tem\u0173 \u012fvairov\u0117: Kortel\u0117se yra \u017eod\u017eiai i\u0161 net 17 SKIRTING\u0172 TEM\u0172: a<span class=\"OYPEnA font-feature-liga-off font-feature-clig-off font-feature-calt-off text-decoration-none text-strikethrough-none\">b\u0117c\u0117l\u0117, skai\u010diai, formos, spalvos, svarb\u016bs \u017emon\u0117s, met\u0173 laikai, laiko matavimas, \u0161vent\u0117s, gamtos rei\u0161kiniai, k\u016bno dalys, mano vietos, mano pareigos, r\u016bpinimasis savimi, malonumai, vertingi \u017eodeliai, prie\u0161ingyb\u0117s, veiksmo \u017eod\u017eiai.<\/span><\/li>\n<li>Didelis smagumo faktorius: \u017daisti ir mokytis kartu su vienu i\u0161 vaiku\u010di\u0173 mylimiausi\u0173 persona\u017e\u0173 KAK\u0116 MAK\u0116 yra smagu ir motyvuoja.<\/li>\n<li>D\u0117mesys vaiku\u010di\u0173 saugumui: \u017daislas neturi elektroninio \u012frenginio ekrano, tad yra saugus vaik\u0173 akyt\u0117ms. Kortel\u0117s yra u\u017eapvalintais kampais, kad vaiku\u010diai neu\u017esigaut\u0173.<\/li>\n<li>Auk\u0161tos kokyb\u0117s garsas: Kortel\u0117se \u012fra\u0161yti ai\u0161k\u016bs ir skaidr\u016bs garsai padeda vaikams tobulinti tarim\u0105 ir kalbos \u012fg\u016bd\u017eius.<\/li>\n<li>Patvarumas ir ilgaam\u017ei\u0161kumas: Kortel\u0117s nuo \u0161iol yra LAMINUOTOS, tod\u0117l dar tvirtesn\u0117s ir atsparios vandeniui, kad m\u0117gautis \u017eaidimu gal\u0117tum\u0117te labai ilgai.<\/li>\n<li>Patogus ir ne\u0161iojamas dizainas: Kortel\u0117s yra lengvos, kompakti\u0161kos ir lengvai ne\u0161iojamos, tod\u0117l vaikai gali mokytis ir \u017eaisti bet kur ir bet kada.<\/li>\n<\/ul>\n<p>Komplekt\u0101 ietilpst:<\/p>\n<ol>\n<li>Nedidelis elektroninis aparatas, patogus ma\u017eoms rankyt\u0117ms.<\/li>\n<li>112 dvipusi\u0173 korteli\u0173, kuriose rasite 224 lietuvi\u0161kus \u017eod\u017eius i\u0161 \u012fvairi\u0173 tem\u0173.<\/li>\n<li>Laidas aparato pakrovimui.<\/li>\n<li>Instrukcija.<\/li>\n<\/ol>\n<p dir=\"ltr\">Skirtos vaikams nuo 3 met\u0173.<\/p>\n<p dir=\"ltr\">Neleiskite, kad vaiku\u010di\u0173 kalbos lavinimas ir \u017eodyno pl\u0117timas b\u016bt\u0173 nuobodus &#8211; KAK\u0116 MAK\u0116 KALBAN\u010cIOS KORTEL\u0116S &#8211; tai linksmas ir \u012ftraukiantis mokymasis \u017eaid\u017eiant su savo numyl\u0117tine KAKE MAKE!<\/p>","protected":false},"excerpt":{"rendered":"<p>Kak\u0117 Mak\u0117 kalban\u010dios kortel\u0117s \u2013 interaktyvus, lietuvi\u0161kai \u012fgarsintas edukacinis \u017eaislas vaikams, padedantis lavinti kalb\u0105, \u017eodyn\u0105 ir taisykling\u0105 tarim\u0105 be ekran\u0173. Rinkinyje \u2013 112 dvipusi\u0173 korteli\u0173 su 224 \u017eod\u017eiais i\u0161 17 tem\u0173, ai\u0161kus garsas ir patogus aparatas ma\u017eoms rankyt\u0117ms. Laminuotos, tvirtos ir saugios kortel\u0117s skatina mokym\u0105si \u017eaid\u017eiant ir motyvuoja mylimo persona\u017eo draugija. Skirta vaikams nuo 3 met\u0173.<\/p>","protected":false},"featured_media":116370,"template":"","meta":{"_acf_changed":false,"_glsr_average":0,"_glsr_ranking":0,"_glsr_reviews":0},"product_brand":[],"product_cat":[1145,229],"product_tag":[],"class_list":{"0":"post-116369","1":"product","2":"type-product","3":"status-publish","4":"has-post-thumbnail","6":"product_cat-lietuviski-edukaciniai-zaislai","7":"product_cat-zaislai-vaikams","8":"\"style=\"background-color: #e74c3c52;\"","10":"first","11":"instock","12":"shipping-taxable","13":"purchasable","14":"product-type-simple"},"acf":[],"yoast_head":"<!-- This site is optimized with the Yoast SEO plugin v27.5 - https:\/\/yoast.com\/product\/yoast-seo-wordpress\/ -->\n<title>Kak\u0117 Mak\u0117 kalban\u010dios kortel\u0117s - KidsPlay<\/title>\n<meta name=\"description\" content=\"Kak\u0117 Mak\u0117 kalban\u010dios kortel\u0117s - KidsPlay. Did\u017eiausias vaik\u0173 \u017eaisl\u0173 pasirinkimas.\" \/>\n<meta name=\"robots\" content=\"index, follow, max-snippet:-1, max-image-preview:large, max-video-preview:-1\" \/>\n<link rel=\"canonical\" href=\"https:\/\/kidsplay.lt\/lv\/products\/kake-make-kalbancios-korteles\/\" \/>\n<meta property=\"og:locale\" content=\"lv_LV\" \/>\n<meta property=\"og:type\" content=\"article\" \/>\n<meta property=\"og:title\" content=\"Kak\u0117 Mak\u0117 kalban\u010dios kortel\u0117s - KidsPlay\" \/>\n<meta property=\"og:description\" content=\"Kak\u0117 Mak\u0117 kalban\u010dios kortel\u0117s - KidsPlay. Did\u017eiausias vaik\u0173 \u017eaisl\u0173 pasirinkimas.\" \/>\n<meta property=\"og:url\" content=\"https:\/\/kidsplay.lt\/lv\/products\/kake-make-kalbancios-korteles\/\" \/>\n<meta property=\"og:site_name\" content=\"KidsPlay\" \/>\n<meta property=\"article:publisher\" content=\"https:\/\/www.facebook.com\/www.kidsplay.lt\" \/>\n<meta property=\"og:image\" content=\"https:\/\/kidsplay.lt\/wp-content\/uploads\/2026\/05\/image_2026-05-07_211810388.png\" \/>\n\t<meta property=\"og:image:width\" content=\"1366\" \/>\n\t<meta property=\"og:image:height\" content=\"1366\" \/>\n\t<meta property=\"og:image:type\" content=\"image\/png\" \/>\n<meta name=\"twitter:card\" content=\"summary_large_image\" \/>\n<meta name=\"twitter:label1\" content=\"Est. reading time\" \/>\n\t<meta name=\"twitter:data1\" content=\"2 min\u016btes\" \/>\n<script type=\"application\/ld+json\" class=\"yoast-schema-graph\">{\"@context\":\"https:\\\/\\\/schema.org\",\"@graph\":[{\"@type\":\"WebPage\",\"@id\":\"https:\\\/\\\/kidsplay.lt\\\/produktas\\\/kake-make-kalbancios-korteles\\\/\",\"url\":\"https:\\\/\\\/kidsplay.lt\\\/produktas\\\/kake-make-kalbancios-korteles\\\/\",\"name\":\"Kak\u0117 Mak\u0117 kalban\u010dios kortel\u0117s - KidsPlay\",\"isPartOf\":{\"@id\":\"https:\\\/\\\/kidsplay.lt\\\/#website\"},\"primaryImageOfPage\":{\"@id\":\"https:\\\/\\\/kidsplay.lt\\\/produktas\\\/kake-make-kalbancios-korteles\\\/#primaryimage\"},\"image\":{\"@id\":\"https:\\\/\\\/kidsplay.lt\\\/produktas\\\/kake-make-kalbancios-korteles\\\/#primaryimage\"},\"thumbnailUrl\":\"https:\\\/\\\/kidsplay.lt\\\/wp-content\\\/uploads\\\/2026\\\/05\\\/image_2026-05-07_211810388.png\",\"datePublished\":\"2026-05-07T18:20:31+00:00\",\"description\":\"Kak\u0117 Mak\u0117 kalban\u010dios kortel\u0117s - KidsPlay. Did\u017eiausias vaik\u0173 \u017eaisl\u0173 pasirinkimas.\",\"breadcrumb\":{\"@id\":\"https:\\\/\\\/kidsplay.lt\\\/produktas\\\/kake-make-kalbancios-korteles\\\/#breadcrumb\"},\"inLanguage\":\"lv-LV\",\"potentialAction\":[{\"@type\":\"ReadAction\",\"target\":[\"https:\\\/\\\/kidsplay.lt\\\/produktas\\\/kake-make-kalbancios-korteles\\\/\"]}]},{\"@type\":\"ImageObject\",\"inLanguage\":\"lv-LV\",\"@id\":\"https:\\\/\\\/kidsplay.lt\\\/produktas\\\/kake-make-kalbancios-korteles\\\/#primaryimage\",\"url\":\"https:\\\/\\\/kidsplay.lt\\\/wp-content\\\/uploads\\\/2026\\\/05\\\/image_2026-05-07_211810388.png\",\"contentUrl\":\"https:\\\/\\\/kidsplay.lt\\\/wp-content\\\/uploads\\\/2026\\\/05\\\/image_2026-05-07_211810388.png\",\"width\":1366,\"height\":1366},{\"@type\":\"BreadcrumbList\",\"@id\":\"https:\\\/\\\/kidsplay.lt\\\/produktas\\\/kake-make-kalbancios-korteles\\\/#breadcrumb\",\"itemListElement\":[{\"@type\":\"ListItem\",\"position\":1,\"name\":\"Pagrindinis\",\"item\":\"https:\\\/\\\/kidsplay.lt\\\/\"},{\"@type\":\"ListItem\",\"position\":2,\"name\":\"Parduotuv\u0117\",\"item\":\"https:\\\/\\\/kidsplay.lt\\\/parduotuve\\\/\"},{\"@type\":\"ListItem\",\"position\":3,\"name\":\"Kak\u0117 Mak\u0117 kalban\u010dios kortel\u0117s\"}]},{\"@type\":\"WebSite\",\"@id\":\"https:\\\/\\\/kidsplay.lt\\\/#website\",\"url\":\"https:\\\/\\\/kidsplay.lt\\\/\",\"name\":\"Kidsplay.lt\",\"description\":\"\u012evairios prek\u0117s vaikams\",\"publisher\":{\"@id\":\"https:\\\/\\\/kidsplay.lt\\\/#organization\"},\"alternateName\":\"Kidsplay\",\"potentialAction\":[{\"@type\":\"SearchAction\",\"target\":{\"@type\":\"EntryPoint\",\"urlTemplate\":\"https:\\\/\\\/kidsplay.lt\\\/?s={search_term_string}\"},\"query-input\":{\"@type\":\"PropertyValueSpecification\",\"valueRequired\":true,\"valueName\":\"search_term_string\"}}],\"inLanguage\":\"lv-LV\"},{\"@type\":\"Organization\",\"@id\":\"https:\\\/\\\/kidsplay.lt\\\/#organization\",\"name\":\"KidsPlay\",\"url\":\"https:\\\/\\\/kidsplay.lt\\\/\",\"logo\":{\"@type\":\"ImageObject\",\"inLanguage\":\"lv-LV\",\"@id\":\"https:\\\/\\\/kidsplay.lt\\\/#\\\/schema\\\/logo\\\/image\\\/\",\"url\":\"https:\\\/\\\/kidsplay.lt\\\/wp-content\\\/uploads\\\/2023\\\/07\\\/kidsplay-logo.png\",\"contentUrl\":\"https:\\\/\\\/kidsplay.lt\\\/wp-content\\\/uploads\\\/2023\\\/07\\\/kidsplay-logo.png\",\"width\":451,\"height\":98,\"caption\":\"KidsPlay\"},\"image\":{\"@id\":\"https:\\\/\\\/kidsplay.lt\\\/#\\\/schema\\\/logo\\\/image\\\/\"},\"sameAs\":[\"https:\\\/\\\/www.facebook.com\\\/www.kidsplay.lt\"]}]}<\/script>\n<!-- \/ Yoast SEO plugin. -->","yoast_head_json":{"title":"Kak\u0117 Mak\u0117 kalban\u010dios kortel\u0117s - KidsPlay","description":"Kak\u0117 Mak\u0117 kalban\u010dios kortel\u0117s - KidsPlay. Did\u017eiausias vaik\u0173 \u017eaisl\u0173 pasirinkimas.","robots":{"index":"index","follow":"follow","max-snippet":"max-snippet:-1","max-image-preview":"max-image-preview:large","max-video-preview":"max-video-preview:-1"},"canonical":"https:\/\/kidsplay.lt\/lv\/products\/kake-make-kalbancios-korteles\/","og_locale":"lv_LV","og_type":"article","og_title":"Kak\u0117 Mak\u0117 kalban\u010dios kortel\u0117s - KidsPlay","og_description":"Kak\u0117 Mak\u0117 kalban\u010dios kortel\u0117s - KidsPlay. Did\u017eiausias vaik\u0173 \u017eaisl\u0173 pasirinkimas.","og_url":"https:\/\/kidsplay.lt\/lv\/products\/kake-make-kalbancios-korteles\/","og_site_name":"KidsPlay","article_publisher":"https:\/\/www.facebook.com\/www.kidsplay.lt","og_image":[{"width":1366,"height":1366,"url":"https:\/\/kidsplay.lt\/wp-content\/uploads\/2026\/05\/image_2026-05-07_211810388.png","type":"image\/png"}],"twitter_card":"summary_large_image","twitter_misc":{"Est. reading time":"2 min\u016btes"},"schema":{"@context":"https:\/\/schema.org","@graph":[{"@type":"WebPage","@id":"https:\/\/kidsplay.lt\/produktas\/kake-make-kalbancios-korteles\/","url":"https:\/\/kidsplay.lt\/produktas\/kake-make-kalbancios-korteles\/","name":"Kak\u0117 Mak\u0117 kalban\u010dios kortel\u0117s - KidsPlay","isPartOf":{"@id":"https:\/\/kidsplay.lt\/#website"},"primaryImageOfPage":{"@id":"https:\/\/kidsplay.lt\/produktas\/kake-make-kalbancios-korteles\/#primaryimage"},"image":{"@id":"https:\/\/kidsplay.lt\/produktas\/kake-make-kalbancios-korteles\/#primaryimage"},"thumbnailUrl":"https:\/\/kidsplay.lt\/wp-content\/uploads\/2026\/05\/image_2026-05-07_211810388.png","datePublished":"2026-05-07T18:20:31+00:00","description":"Kak\u0117 Mak\u0117 kalban\u010dios kortel\u0117s - KidsPlay. Did\u017eiausias vaik\u0173 \u017eaisl\u0173 pasirinkimas.","breadcrumb":{"@id":"https:\/\/kidsplay.lt\/produktas\/kake-make-kalbancios-korteles\/#breadcrumb"},"inLanguage":"lv-LV","potentialAction":[{"@type":"ReadAction","target":["https:\/\/kidsplay.lt\/produktas\/kake-make-kalbancios-korteles\/"]}]},{"@type":"ImageObject","inLanguage":"lv-LV","@id":"https:\/\/kidsplay.lt\/produktas\/kake-make-kalbancios-korteles\/#primaryimage","url":"https:\/\/kidsplay.lt\/wp-content\/uploads\/2026\/05\/image_2026-05-07_211810388.png","contentUrl":"https:\/\/kidsplay.lt\/wp-content\/uploads\/2026\/05\/image_2026-05-07_211810388.png","width":1366,"height":1366},{"@type":"BreadcrumbList","@id":"https:\/\/kidsplay.lt\/produktas\/kake-make-kalbancios-korteles\/#breadcrumb","itemListElement":[{"@type":"ListItem","position":1,"name":"Pagrindinis","item":"https:\/\/kidsplay.lt\/"},{"@type":"ListItem","position":2,"name":"Parduotuv\u0117","item":"https:\/\/kidsplay.lt\/parduotuve\/"},{"@type":"ListItem","position":3,"name":"Kak\u0117 Mak\u0117 kalban\u010dios kortel\u0117s"}]},{"@type":"WebSite","@id":"https:\/\/kidsplay.lt\/#website","url":"https:\/\/kidsplay.lt\/","name":"B\u0113rnu sp\u0113les.lv","description":"\u012evairios prek\u0117s vaikams","publisher":{"@id":"https:\/\/kidsplay.lt\/#organization"},"alternateName":"Kidsplay","potentialAction":[{"@type":"SearchAction","target":{"@type":"EntryPoint","urlTemplate":"https:\/\/kidsplay.lt\/?s={search_term_string}"},"query-input":{"@type":"PropertyValueSpecification","valueRequired":true,"valueName":"search_term_string"}}],"inLanguage":"lv-LV"},{"@type":"Organization","@id":"https:\/\/kidsplay.lt\/#organization","name":"B\u0113rnu sp\u0113le","url":"https:\/\/kidsplay.lt\/","logo":{"@type":"ImageObject","inLanguage":"lv-LV","@id":"https:\/\/kidsplay.lt\/#\/schema\/logo\/image\/","url":"https:\/\/kidsplay.lt\/wp-content\/uploads\/2023\/07\/kidsplay-logo.png","contentUrl":"https:\/\/kidsplay.lt\/wp-content\/uploads\/2023\/07\/kidsplay-logo.png","width":451,"height":98,"caption":"KidsPlay"},"image":{"@id":"https:\/\/kidsplay.lt\/#\/schema\/logo\/image\/"},"sameAs":["https:\/\/www.facebook.com\/www.kidsplay.lt"]}]}},"_links":{"self":[{"href":"https:\/\/kidsplay.lt\/lv\/wp-json\/wp\/v2\/product\/116369","targetHints":{"allow":["GET"]}}],"collection":[{"href":"https:\/\/kidsplay.lt\/lv\/wp-json\/wp\/v2\/product"}],"about":[{"href":"https:\/\/kidsplay.lt\/lv\/wp-json\/wp\/v2\/types\/product"}],"version-history":[{"count":0,"href":"https:\/\/kidsplay.lt\/lv\/wp-json\/wp\/v2\/product\/116369\/revisions"}],"wp:featuredmedia":[{"embeddable":true,"href":"https:\/\/kidsplay.lt\/lv\/wp-json\/wp\/v2\/media\/116370"}],"wp:attachment":[{"href":"https:\/\/kidsplay.lt\/lv\/wp-json\/wp\/v2\/media?parent=116369"}],"wp:term":[{"taxonomy":"product_brand","embeddable":true,"href":"https:\/\/kidsplay.lt\/lv\/wp-json\/wp\/v2\/product_brand?post=116369"},{"taxonomy":"product_cat","embeddable":true,"href":"https:\/\/kidsplay.lt\/lv\/wp-json\/wp\/v2\/product_cat?post=116369"},{"taxonomy":"product_tag","embeddable":true,"href":"https:\/\/kidsplay.lt\/lv\/wp-json\/wp\/v2\/product_tag?post=116369"}],"curies":[{"name":"wp","href":"https:\/\/api.w.org\/{rel}","templated":true}]}}