{"id":117336,"date":"2026-05-09T13:21:29","date_gmt":"2026-05-09T10:21:29","guid":{"rendered":"https:\/\/kidsplay.lt\/produktas\/magnetiniai-konstruktoriai-magnastix-560-detaliu-rinkinys\/"},"modified":"2026-05-13T11:42:03","modified_gmt":"2026-05-13T08:42:03","slug":"magnetiniai-konstruktoriai-magnastix-560-detaliu-rinkinys","status":"publish","type":"product","link":"https:\/\/kidsplay.lt\/lv\/products\/magnetiniai-konstruktoriai-magnastix-560-detaliu-rinkinys\/","title":{"rendered":"Magn\u0113tisk\u0101s konstruktoru rota\u013clietas Magnastix \u2013 560 deta\u013cu komplekts"},"content":{"rendered":"<p>Magnastix \u2013 tai did\u017eiulis 560 detali\u0173 magnetini\u0173 konstruktori\u0173 rinkinys, suteikiantis vaikams neribotas k\u016brybos galimybes. Tai \u017eaislas, kuris ne tik linksmina, bet ir lavina vaiko vaizduot\u0119, k\u016brybi\u0161kum\u0105, login\u012f m\u0105stym\u0105 bei padeda suprasti matematikos, fizikos ir chemijos pagrindus per \u017eaidim\u0105.<\/p>\n<p>Rinkinys turi inovatyvius, itin stiprius magnetus, tod\u0117l net sud\u0117tingos konstrukcijos i\u0161lieka stabilios. D\u0117l lengv\u0173, patogi\u0173 form\u0173 su Magnastix gali \u017eaisti net ir ma\u017eesni vaikai \u2014 elementus lengva suimti, jungti ir kurti \u012fvairias formas.<\/p>\n<p>Puikus pasirinkimas tiek laisvalaikiui, tiek mokymuisi \u2014 robotai, transporto priemon\u0117s, geometrin\u0117s fig\u016bros, spalvoti modeliai ir viskas, k\u0105 tik \u012fsivaizduos vaikas.<\/p>\n<p>\ud83c\udf1f Kod\u0117l verta rinktis Magnastix<\/p>\n<p> \t560 detali\u0173 \u2013 mil\u017eini\u0161kos k\u016brybos galimyb\u0117s<br \/>\n \tStipr\u016bs magnetai \u2013 stabilios konstrukcijos<br \/>\n \tLavina k\u016brybi\u0161kum\u0105, login\u012f m\u0105stym\u0105 ir koncentracij\u0105<br \/>\n \tPuikiai tinka mokytis spalv\u0173, form\u0173, erdv\u0117s suvokimo<br \/>\n \tTinka ir vaikams, ir suaugusiems \u2013 puikus b\u016bdas atsipalaiduoti<br \/>\n \tDidel\u0117, dekoratyvi d\u0117\u017e\u0117 \u2013 patogiam laikymui<br \/>\n \tSaug\u016bs, netoksi\u0161ki, EN71 sertifikuoti<\/p>\n<p>\ud83e\udde0\u2728 Kokius geb\u0117jimus lavina<\/p>\n<p> \tLo\u0123isk\u0101 dom\u0101\u0161ana<br \/>\n \tRado\u0161ums<br \/>\n \tTelpisk\u0101 uztvere<br \/>\n \tSmalk\u0101s motorikas prasmes<br \/>\n \tKoncentracij\u0105 ir ramyb\u0119<\/p>\n<p>Puikus pasirinkimas tiek \u017eaidimui, tiek edukacijai.<\/p>\n<p>\ud83c\udf81 Puiki dovana k\u016brybi\u0161kam vaikui<br \/>\nPiem\u0113rots:<\/p>\n<p> \t5+ met\u0173 vaikams<br \/>\n \tkonstruktori\u0173 ir magnetini\u0173 \u017eaisl\u0173 fanams<br \/>\n \tmokymuisi per \u017eaidim\u0105<br \/>\n \tdzim\u0161anas dien\u0101 vai sv\u0113tkos<\/p>\n<p>\ud83d\udcd0 Tehniskie dati<\/p>\n<p> \tTipas: Magnetiniai konstruktoriai Magnastix<br \/>\n \tDetali\u0173 skai\u010dius: 560<br \/>\n \tAm\u017eius: 5+<br \/>\n \tSertifikatai: EN71, netoksi\u0161kos med\u017eiagos<br \/>\n \tPakuot\u0117s svoris: 4,1 kg<br \/>\n \tPakuot\u0117s dydis: 49 \u00d7 31 \u00d7 5 cm<\/p>\n<p>Element\u0173 i\u0161matavimai:<\/p>\n<p> \tDvipus\u0117 lenta: 35 \u00d7 25 cm<br \/>\n \tKulk\u0117s: 1 cm<br \/>\n \tTiesios lazdel\u0117s: 2,5 cm<br \/>\n \tMetaliniai \u017eiedai: 3 cm<br \/>\n \tPusm\u0117nulio lazdel\u0117s: 2,5 cm<br \/>\n \tTrikampiai blokai: 5 \u00d7 5 cm<\/p>\n<p>\ud83d\udce6 Komplekta saturs<\/p>\n<p> \t560 magnetini\u0173 detali\u0173:<\/p>\n<p> \t206 magnetini\u0173 kamuoliuk\u0173<br \/>\n \t276 tiesi\u0173 lazdeli\u0173<br \/>\n \t18 metalini\u0173 \u017eied\u0173<br \/>\n \t48 pusm\u0117nulio lazdeli\u0173<br \/>\n \t12 trikampi\u0173 blok\u0173<\/p>\n<p> \tDvipus\u0117 lenta<br \/>\n \t2 magnetai lentai<br \/>\n \tMarkerio ra\u0161iklis<br \/>\n \tId\u0117j\u0173 knygel\u0117<br \/>\n \tDekoratyvin\u0117 d\u0117\u017e\u0117 laikymui<\/p>\n<p>\ud83e\uddf2\ud83e\udde9 Nauda vaikui<\/p>\n<p> \tK\u016brybinis m\u0105stymas<br \/>\n \tMotorisk\u0101 att\u012bst\u012bba<br \/>\n \tKoncentr\u0113\u0161an\u0101s un miers<br \/>\n \tD\u017eiaugsmas kuriant tvirtas, spalvingas konstrukcijas<\/p>","protected":false},"excerpt":{"rendered":"<p>Magnastix \u2013 tai did\u017eiulis 560 detali\u0173 magnetini\u0173 konstruktori\u0173 rinkinys, suteikiantis vaikams neribotas k\u016brybos galimybes. Tai \u017eaislas, kuris ne tik linksmina,<\/p>","protected":false},"featured_media":117338,"template":"","meta":{"_acf_changed":false,"_glsr_average":0,"_glsr_ranking":0,"_glsr_reviews":0},"product_brand":[],"product_cat":[446,229],"product_tag":[],"class_list":{"0":"post-117336","1":"product","2":"type-product","3":"status-publish","4":"has-post-thumbnail","6":"product_cat-konstruktoriai","7":"product_cat-zaislai-vaikams","8":"\"style=\"background-color: #2ecc711c;\"","10":"first","11":"instock","12":"purchasable","13":"product-type-simple"},"acf":[],"yoast_head":"<!-- This site is optimized with the Yoast SEO plugin v27.6 - https:\/\/yoast.com\/product\/yoast-seo-wordpress\/ -->\n<title>Magnetiniai konstruktoriai Magnastix \u2013 560 detali\u0173 rinkinys<\/title>\n<meta name=\"robots\" content=\"index, follow, max-snippet:-1, max-image-preview:large, max-video-preview:-1\" \/>\n<link rel=\"canonical\" href=\"https:\/\/kidsplay.lt\/lv\/products\/magnetiniai-konstruktoriai-magnastix-560-detaliu-rinkinys\/\" \/>\n<meta property=\"og:locale\" content=\"lv_LV\" \/>\n<meta property=\"og:type\" content=\"article\" \/>\n<meta property=\"og:title\" content=\"Magnetiniai konstruktoriai Magnastix \u2013 560 detali\u0173 rinkinys\" \/>\n<meta property=\"og:description\" content=\"Magnastix \u2013 tai did\u017eiulis 560 detali\u0173 magnetini\u0173 konstruktori\u0173 rinkinys, suteikiantis vaikams neribotas k\u016brybos galimybes. Tai \u017eaislas, kuris ne tik linksmina,\" \/>\n<meta property=\"og:url\" content=\"https:\/\/kidsplay.lt\/lv\/products\/magnetiniai-konstruktoriai-magnastix-560-detaliu-rinkinys\/\" \/>\n<meta property=\"og:site_name\" content=\"KidsPlay\" \/>\n<meta property=\"article:publisher\" content=\"https:\/\/www.facebook.com\/www.kidsplay.lt\" \/>\n<meta property=\"article:modified_time\" content=\"2026-05-13T08:42:03+00:00\" \/>\n<meta property=\"og:image\" content=\"https:\/\/kidsplay.lt\/wp-content\/uploads\/2026\/05\/Magnetiniai-konstruktoriai-Magnastix-\u2013-560-detaliu-rinkinys.jpg\" \/>\n\t<meta property=\"og:image:width\" content=\"1000\" \/>\n\t<meta property=\"og:image:height\" content=\"750\" \/>\n\t<meta property=\"og:image:type\" content=\"image\/jpeg\" \/>\n<meta name=\"twitter:card\" content=\"summary_large_image\" \/>\n<meta name=\"twitter:label1\" content=\"Est. reading time\" \/>\n\t<meta name=\"twitter:data1\" content=\"1 min\u016bte\" \/>\n<script type=\"application\/ld+json\" class=\"yoast-schema-graph\">{\"@context\":\"https:\\\/\\\/schema.org\",\"@graph\":[{\"@type\":\"WebPage\",\"@id\":\"https:\\\/\\\/kidsplay.lt\\\/produktas\\\/magnetiniai-konstruktoriai-magnastix-560-detaliu-rinkinys\\\/\",\"url\":\"https:\\\/\\\/kidsplay.lt\\\/produktas\\\/magnetiniai-konstruktoriai-magnastix-560-detaliu-rinkinys\\\/\",\"name\":\"Magnetiniai konstruktoriai Magnastix \u2013 560 detali\u0173 rinkinys\",\"isPartOf\":{\"@id\":\"https:\\\/\\\/kidsplay.lt\\\/#website\"},\"primaryImageOfPage\":{\"@id\":\"https:\\\/\\\/kidsplay.lt\\\/produktas\\\/magnetiniai-konstruktoriai-magnastix-560-detaliu-rinkinys\\\/#primaryimage\"},\"image\":{\"@id\":\"https:\\\/\\\/kidsplay.lt\\\/produktas\\\/magnetiniai-konstruktoriai-magnastix-560-detaliu-rinkinys\\\/#primaryimage\"},\"thumbnailUrl\":\"https:\\\/\\\/kidsplay.lt\\\/wp-content\\\/uploads\\\/2026\\\/05\\\/Magnetiniai-konstruktoriai-Magnastix-\u2013-560-detaliu-rinkinys.jpg\",\"datePublished\":\"2026-05-09T10:21:29+00:00\",\"dateModified\":\"2026-05-13T08:42:03+00:00\",\"breadcrumb\":{\"@id\":\"https:\\\/\\\/kidsplay.lt\\\/produktas\\\/magnetiniai-konstruktoriai-magnastix-560-detaliu-rinkinys\\\/#breadcrumb\"},\"inLanguage\":\"lv-LV\",\"potentialAction\":[{\"@type\":\"ReadAction\",\"target\":[\"https:\\\/\\\/kidsplay.lt\\\/produktas\\\/magnetiniai-konstruktoriai-magnastix-560-detaliu-rinkinys\\\/\"]}]},{\"@type\":\"ImageObject\",\"inLanguage\":\"lv-LV\",\"@id\":\"https:\\\/\\\/kidsplay.lt\\\/produktas\\\/magnetiniai-konstruktoriai-magnastix-560-detaliu-rinkinys\\\/#primaryimage\",\"url\":\"https:\\\/\\\/kidsplay.lt\\\/wp-content\\\/uploads\\\/2026\\\/05\\\/Magnetiniai-konstruktoriai-Magnastix-\u2013-560-detaliu-rinkinys.jpg\",\"contentUrl\":\"https:\\\/\\\/kidsplay.lt\\\/wp-content\\\/uploads\\\/2026\\\/05\\\/Magnetiniai-konstruktoriai-Magnastix-\u2013-560-detaliu-rinkinys.jpg\",\"width\":1000,\"height\":750,\"caption\":\"Magnetiniai konstruktoriai Magnastix \u2013 560 detali\u0173 rinkinys\"},{\"@type\":\"BreadcrumbList\",\"@id\":\"https:\\\/\\\/kidsplay.lt\\\/produktas\\\/magnetiniai-konstruktoriai-magnastix-560-detaliu-rinkinys\\\/#breadcrumb\",\"itemListElement\":[{\"@type\":\"ListItem\",\"position\":1,\"name\":\"Pagrindinis\",\"item\":\"https:\\\/\\\/kidsplay.lt\\\/\"},{\"@type\":\"ListItem\",\"position\":2,\"name\":\"Parduotuv\u0117\",\"item\":\"https:\\\/\\\/kidsplay.lt\\\/parduotuve\\\/\"},{\"@type\":\"ListItem\",\"position\":3,\"name\":\"Magnetiniai konstruktoriai Magnastix \u2013 560 detali\u0173 rinkinys\"}]},{\"@type\":\"WebSite\",\"@id\":\"https:\\\/\\\/kidsplay.lt\\\/#website\",\"url\":\"https:\\\/\\\/kidsplay.lt\\\/\",\"name\":\"Kidsplay.lt\",\"description\":\"\u012evairios prek\u0117s vaikams\",\"publisher\":{\"@id\":\"https:\\\/\\\/kidsplay.lt\\\/#organization\"},\"alternateName\":\"Kidsplay\",\"potentialAction\":[{\"@type\":\"SearchAction\",\"target\":{\"@type\":\"EntryPoint\",\"urlTemplate\":\"https:\\\/\\\/kidsplay.lt\\\/?s={search_term_string}\"},\"query-input\":{\"@type\":\"PropertyValueSpecification\",\"valueRequired\":true,\"valueName\":\"search_term_string\"}}],\"inLanguage\":\"lv-LV\"},{\"@type\":\"Organization\",\"@id\":\"https:\\\/\\\/kidsplay.lt\\\/#organization\",\"name\":\"KidsPlay\",\"url\":\"https:\\\/\\\/kidsplay.lt\\\/\",\"logo\":{\"@type\":\"ImageObject\",\"inLanguage\":\"lv-LV\",\"@id\":\"https:\\\/\\\/kidsplay.lt\\\/#\\\/schema\\\/logo\\\/image\\\/\",\"url\":\"https:\\\/\\\/kidsplay.lt\\\/wp-content\\\/uploads\\\/2023\\\/07\\\/kidsplay-logo.png\",\"contentUrl\":\"https:\\\/\\\/kidsplay.lt\\\/wp-content\\\/uploads\\\/2023\\\/07\\\/kidsplay-logo.png\",\"width\":451,\"height\":98,\"caption\":\"KidsPlay\"},\"image\":{\"@id\":\"https:\\\/\\\/kidsplay.lt\\\/#\\\/schema\\\/logo\\\/image\\\/\"},\"sameAs\":[\"https:\\\/\\\/www.facebook.com\\\/www.kidsplay.lt\"]}]}<\/script>\n<!-- \/ Yoast SEO plugin. -->","yoast_head_json":{"title":"Magn\u0113tisk\u0101s konstruktoru rota\u013clietas Magnastix \u2013 560 deta\u013cu komplekts","robots":{"index":"index","follow":"follow","max-snippet":"max-snippet:-1","max-image-preview":"max-image-preview:large","max-video-preview":"max-video-preview:-1"},"canonical":"https:\/\/kidsplay.lt\/lv\/products\/magnetiniai-konstruktoriai-magnastix-560-detaliu-rinkinys\/","og_locale":"lv_LV","og_type":"article","og_title":"Magnetiniai konstruktoriai Magnastix \u2013 560 detali\u0173 rinkinys","og_description":"Magnastix \u2013 tai did\u017eiulis 560 detali\u0173 magnetini\u0173 konstruktori\u0173 rinkinys, suteikiantis vaikams neribotas k\u016brybos galimybes. Tai \u017eaislas, kuris ne tik linksmina,","og_url":"https:\/\/kidsplay.lt\/lv\/products\/magnetiniai-konstruktoriai-magnastix-560-detaliu-rinkinys\/","og_site_name":"KidsPlay","article_publisher":"https:\/\/www.facebook.com\/www.kidsplay.lt","article_modified_time":"2026-05-13T08:42:03+00:00","og_image":[{"width":1000,"height":750,"url":"https:\/\/kidsplay.lt\/wp-content\/uploads\/2026\/05\/Magnetiniai-konstruktoriai-Magnastix-\u2013-560-detaliu-rinkinys.jpg","type":"image\/jpeg"}],"twitter_card":"summary_large_image","twitter_misc":{"Est. reading time":"1 min\u016bte"},"schema":{"@context":"https:\/\/schema.org","@graph":[{"@type":"WebPage","@id":"https:\/\/kidsplay.lt\/produktas\/magnetiniai-konstruktoriai-magnastix-560-detaliu-rinkinys\/","url":"https:\/\/kidsplay.lt\/produktas\/magnetiniai-konstruktoriai-magnastix-560-detaliu-rinkinys\/","name":"Magn\u0113tisk\u0101s konstruktoru rota\u013clietas Magnastix \u2013 560 deta\u013cu komplekts","isPartOf":{"@id":"https:\/\/kidsplay.lt\/#website"},"primaryImageOfPage":{"@id":"https:\/\/kidsplay.lt\/produktas\/magnetiniai-konstruktoriai-magnastix-560-detaliu-rinkinys\/#primaryimage"},"image":{"@id":"https:\/\/kidsplay.lt\/produktas\/magnetiniai-konstruktoriai-magnastix-560-detaliu-rinkinys\/#primaryimage"},"thumbnailUrl":"https:\/\/kidsplay.lt\/wp-content\/uploads\/2026\/05\/Magnetiniai-konstruktoriai-Magnastix-\u2013-560-detaliu-rinkinys.jpg","datePublished":"2026-05-09T10:21:29+00:00","dateModified":"2026-05-13T08:42:03+00:00","breadcrumb":{"@id":"https:\/\/kidsplay.lt\/produktas\/magnetiniai-konstruktoriai-magnastix-560-detaliu-rinkinys\/#breadcrumb"},"inLanguage":"lv-LV","potentialAction":[{"@type":"ReadAction","target":["https:\/\/kidsplay.lt\/produktas\/magnetiniai-konstruktoriai-magnastix-560-detaliu-rinkinys\/"]}]},{"@type":"ImageObject","inLanguage":"lv-LV","@id":"https:\/\/kidsplay.lt\/produktas\/magnetiniai-konstruktoriai-magnastix-560-detaliu-rinkinys\/#primaryimage","url":"https:\/\/kidsplay.lt\/wp-content\/uploads\/2026\/05\/Magnetiniai-konstruktoriai-Magnastix-\u2013-560-detaliu-rinkinys.jpg","contentUrl":"https:\/\/kidsplay.lt\/wp-content\/uploads\/2026\/05\/Magnetiniai-konstruktoriai-Magnastix-\u2013-560-detaliu-rinkinys.jpg","width":1000,"height":750,"caption":"Magnetiniai konstruktoriai Magnastix \u2013 560 detali\u0173 rinkinys"},{"@type":"BreadcrumbList","@id":"https:\/\/kidsplay.lt\/produktas\/magnetiniai-konstruktoriai-magnastix-560-detaliu-rinkinys\/#breadcrumb","itemListElement":[{"@type":"ListItem","position":1,"name":"Pagrindinis","item":"https:\/\/kidsplay.lt\/"},{"@type":"ListItem","position":2,"name":"Parduotuv\u0117","item":"https:\/\/kidsplay.lt\/parduotuve\/"},{"@type":"ListItem","position":3,"name":"Magnetiniai konstruktoriai Magnastix \u2013 560 detali\u0173 rinkinys"}]},{"@type":"WebSite","@id":"https:\/\/kidsplay.lt\/#website","url":"https:\/\/kidsplay.lt\/","name":"B\u0113rnu sp\u0113les.lv","description":"\u012evairios prek\u0117s vaikams","publisher":{"@id":"https:\/\/kidsplay.lt\/#organization"},"alternateName":"Kidsplay","potentialAction":[{"@type":"SearchAction","target":{"@type":"EntryPoint","urlTemplate":"https:\/\/kidsplay.lt\/?s={search_term_string}"},"query-input":{"@type":"PropertyValueSpecification","valueRequired":true,"valueName":"search_term_string"}}],"inLanguage":"lv-LV"},{"@type":"Organization","@id":"https:\/\/kidsplay.lt\/#organization","name":"B\u0113rnu sp\u0113le","url":"https:\/\/kidsplay.lt\/","logo":{"@type":"ImageObject","inLanguage":"lv-LV","@id":"https:\/\/kidsplay.lt\/#\/schema\/logo\/image\/","url":"https:\/\/kidsplay.lt\/wp-content\/uploads\/2023\/07\/kidsplay-logo.png","contentUrl":"https:\/\/kidsplay.lt\/wp-content\/uploads\/2023\/07\/kidsplay-logo.png","width":451,"height":98,"caption":"KidsPlay"},"image":{"@id":"https:\/\/kidsplay.lt\/#\/schema\/logo\/image\/"},"sameAs":["https:\/\/www.facebook.com\/www.kidsplay.lt"]}]}},"_links":{"self":[{"href":"https:\/\/kidsplay.lt\/lv\/wp-json\/wp\/v2\/product\/117336","targetHints":{"allow":["GET"]}}],"collection":[{"href":"https:\/\/kidsplay.lt\/lv\/wp-json\/wp\/v2\/product"}],"about":[{"href":"https:\/\/kidsplay.lt\/lv\/wp-json\/wp\/v2\/types\/product"}],"version-history":[{"count":1,"href":"https:\/\/kidsplay.lt\/lv\/wp-json\/wp\/v2\/product\/117336\/revisions"}],"predecessor-version":[{"id":121399,"href":"https:\/\/kidsplay.lt\/lv\/wp-json\/wp\/v2\/product\/117336\/revisions\/121399"}],"wp:featuredmedia":[{"embeddable":true,"href":"https:\/\/kidsplay.lt\/lv\/wp-json\/wp\/v2\/media\/117338"}],"wp:attachment":[{"href":"https:\/\/kidsplay.lt\/lv\/wp-json\/wp\/v2\/media?parent=117336"}],"wp:term":[{"taxonomy":"product_brand","embeddable":true,"href":"https:\/\/kidsplay.lt\/lv\/wp-json\/wp\/v2\/product_brand?post=117336"},{"taxonomy":"product_cat","embeddable":true,"href":"https:\/\/kidsplay.lt\/lv\/wp-json\/wp\/v2\/product_cat?post=117336"},{"taxonomy":"product_tag","embeddable":true,"href":"https:\/\/kidsplay.lt\/lv\/wp-json\/wp\/v2\/product_tag?post=117336"}],"curies":[{"name":"wp","href":"https:\/\/api.w.org\/{rel}","templated":true}]}}