{"id":117871,"date":"2026-05-09T18:29:59","date_gmt":"2026-05-09T15:29:59","guid":{"rendered":"https:\/\/kidsplay.lt\/produktas\/classic-world-edu-metalinis-sodo-karutis-vaikams-skirtas-sodui-papludimiui-ir-smelio-dezei\/"},"modified":"2026-05-10T15:04:31","modified_gmt":"2026-05-10T12:04:31","slug":"classic-world-edu-metalinis-sodo-karutis-vaikams","status":"publish","type":"product","link":"https:\/\/kidsplay.lt\/lv\/products\/classic-world-edu-metalinis-sodo-karutis-vaikams\/","title":{"rendered":"CLASSIC WORLD EDU metalinis sodo karutis vaikams"},"content":{"rendered":"<p>\u0160is metalinis sodo karutis i\u0161 \u017einomo Classic World EDU prek\u0117s \u017eenklo yra puikus pasirinkimas vaikams, m\u0117gstantiems \u017eaisti lauke. \u0160is \u017eaislas tikrovi\u0161kai atkartoja tikr\u0105 sodo karut\u012f, skatindamas vaikus b\u016bti aktyvius ir m\u0117gd\u017eioti suaugusiuosius j\u0173 kasdieniuose darbuose. Karutis yra lengvas ir patogus ma\u017eoms rankoms, o tvirta metalin\u0117 konstrukcija u\u017etikrina ilgaam\u017ei\u0161kum\u0105 bei atsparum\u0105 lauko s\u0105lygoms. Tai puikus pasirinkimas \u017eaidimams sm\u0117lio d\u0117\u017e\u0117je, sode ar papl\u016bdimyje, garantuojantis ilgalaik\u012f ir saug\u0173 j\u016bs\u0173 vaiko u\u017eimtum\u0105.<br \/>\nRaksturojums:<\/p>\n<p>paredz\u0113ts b\u0113rniem no 3 gadu vecuma<br \/>\npagamintas i\u0161 patvaraus raudono metalo<br \/>\nlengvas ir patogus, pritaikytas ma\u017eoms rankoms<br \/>\natkartoja tikr\u0105 sodo karut\u012f<br \/>\natsparus i\u0161orin\u0117ms s\u0105lygoms ir ilgaam\u017eis<br \/>\npuikiai tinka \u017eaidimams sm\u0117lio d\u0117\u017e\u0117je, sode ir papl\u016bdimyje<\/p>","protected":false},"excerpt":{"rendered":"<p>\u0160is metalinis sodo karutis i\u0161 \u017einomo Classic World EDU prek\u0117s \u017eenklo yra puikus pasirinkimas vaikams, m\u0117gstantiems \u017eaisti lauke. \u0160is \u017eaislas<\/p>","protected":false},"featured_media":117872,"template":"","meta":{"_acf_changed":false,"_glsr_average":0,"_glsr_ranking":0,"_glsr_reviews":0},"product_brand":[],"product_cat":[430],"product_tag":[],"class_list":{"0":"post-117871","1":"product","2":"type-product","3":"status-publish","4":"has-post-thumbnail","6":"product_cat-zaidimai-ir-linksmybes","7":"\"style=\"background-color: #2ecc711c;\"","9":"first","10":"instock","11":"purchasable","12":"product-type-simple"},"acf":[],"yoast_head":"<!-- This site is optimized with the Yoast SEO plugin v27.5 - https:\/\/yoast.com\/product\/yoast-seo-wordpress\/ -->\n<title>CLASSIC WORLD EDU metalinis sodo karutis vaikams<\/title>\n<meta name=\"robots\" content=\"index, follow, max-snippet:-1, max-image-preview:large, max-video-preview:-1\" \/>\n<link rel=\"canonical\" href=\"https:\/\/kidsplay.lt\/lv\/products\/classic-world-edu-metalinis-sodo-karutis-vaikams\/\" \/>\n<meta property=\"og:locale\" content=\"lv_LV\" \/>\n<meta property=\"og:type\" content=\"article\" \/>\n<meta property=\"og:title\" content=\"CLASSIC WORLD EDU metalinis sodo karutis vaikams\" \/>\n<meta property=\"og:description\" content=\"\u0160is metalinis sodo karutis i\u0161 \u017einomo Classic World EDU prek\u0117s \u017eenklo yra puikus pasirinkimas vaikams, m\u0117gstantiems \u017eaisti lauke. \u0160is \u017eaislas\" \/>\n<meta property=\"og:url\" content=\"https:\/\/kidsplay.lt\/lv\/products\/classic-world-edu-metalinis-sodo-karutis-vaikams\/\" \/>\n<meta property=\"og:site_name\" content=\"KidsPlay\" \/>\n<meta property=\"article:publisher\" content=\"https:\/\/www.facebook.com\/www.kidsplay.lt\" \/>\n<meta property=\"article:modified_time\" content=\"2026-05-10T12:04:31+00:00\" \/>\n<meta property=\"og:image\" content=\"https:\/\/kidsplay.lt\/wp-content\/uploads\/2026\/05\/CLASSIC-WORLD-EDU-metalinis-sodo-karutis-vaikams-skirtas-sodui-papludimiui-ir-smelio-dezei.jpg\" \/>\n\t<meta property=\"og:image:width\" content=\"2560\" \/>\n\t<meta property=\"og:image:height\" content=\"2560\" \/>\n\t<meta property=\"og:image:type\" content=\"image\/jpeg\" \/>\n<meta name=\"twitter:card\" content=\"summary_large_image\" \/>\n<meta name=\"twitter:label1\" content=\"Est. reading time\" \/>\n\t<meta name=\"twitter:data1\" content=\"1 min\u016bte\" \/>\n<script type=\"application\/ld+json\" class=\"yoast-schema-graph\">{\"@context\":\"https:\\\/\\\/schema.org\",\"@graph\":[{\"@type\":\"WebPage\",\"@id\":\"https:\\\/\\\/kidsplay.lt\\\/produktas\\\/classic-world-edu-metalinis-sodo-karutis-vaikams\\\/\",\"url\":\"https:\\\/\\\/kidsplay.lt\\\/produktas\\\/classic-world-edu-metalinis-sodo-karutis-vaikams\\\/\",\"name\":\"CLASSIC WORLD EDU metalinis sodo karutis vaikams\",\"isPartOf\":{\"@id\":\"https:\\\/\\\/kidsplay.lt\\\/#website\"},\"primaryImageOfPage\":{\"@id\":\"https:\\\/\\\/kidsplay.lt\\\/produktas\\\/classic-world-edu-metalinis-sodo-karutis-vaikams\\\/#primaryimage\"},\"image\":{\"@id\":\"https:\\\/\\\/kidsplay.lt\\\/produktas\\\/classic-world-edu-metalinis-sodo-karutis-vaikams\\\/#primaryimage\"},\"thumbnailUrl\":\"https:\\\/\\\/kidsplay.lt\\\/wp-content\\\/uploads\\\/2026\\\/05\\\/CLASSIC-WORLD-EDU-metalinis-sodo-karutis-vaikams-skirtas-sodui-papludimiui-ir-smelio-dezei.jpg\",\"datePublished\":\"2026-05-09T15:29:59+00:00\",\"dateModified\":\"2026-05-10T12:04:31+00:00\",\"breadcrumb\":{\"@id\":\"https:\\\/\\\/kidsplay.lt\\\/produktas\\\/classic-world-edu-metalinis-sodo-karutis-vaikams\\\/#breadcrumb\"},\"inLanguage\":\"lv-LV\",\"potentialAction\":[{\"@type\":\"ReadAction\",\"target\":[\"https:\\\/\\\/kidsplay.lt\\\/produktas\\\/classic-world-edu-metalinis-sodo-karutis-vaikams\\\/\"]}]},{\"@type\":\"ImageObject\",\"inLanguage\":\"lv-LV\",\"@id\":\"https:\\\/\\\/kidsplay.lt\\\/produktas\\\/classic-world-edu-metalinis-sodo-karutis-vaikams\\\/#primaryimage\",\"url\":\"https:\\\/\\\/kidsplay.lt\\\/wp-content\\\/uploads\\\/2026\\\/05\\\/CLASSIC-WORLD-EDU-metalinis-sodo-karutis-vaikams-skirtas-sodui-papludimiui-ir-smelio-dezei.jpg\",\"contentUrl\":\"https:\\\/\\\/kidsplay.lt\\\/wp-content\\\/uploads\\\/2026\\\/05\\\/CLASSIC-WORLD-EDU-metalinis-sodo-karutis-vaikams-skirtas-sodui-papludimiui-ir-smelio-dezei.jpg\",\"width\":2560,\"height\":2560,\"caption\":\"CLASSIC WORLD EDU metalinis sodo karutis vaikams (skirtas sodui\"},{\"@type\":\"BreadcrumbList\",\"@id\":\"https:\\\/\\\/kidsplay.lt\\\/produktas\\\/classic-world-edu-metalinis-sodo-karutis-vaikams\\\/#breadcrumb\",\"itemListElement\":[{\"@type\":\"ListItem\",\"position\":1,\"name\":\"Pagrindinis\",\"item\":\"https:\\\/\\\/kidsplay.lt\\\/\"},{\"@type\":\"ListItem\",\"position\":2,\"name\":\"Parduotuv\u0117\",\"item\":\"https:\\\/\\\/kidsplay.lt\\\/parduotuve\\\/\"},{\"@type\":\"ListItem\",\"position\":3,\"name\":\"CLASSIC WORLD EDU metalinis sodo karutis vaikams\"}]},{\"@type\":\"WebSite\",\"@id\":\"https:\\\/\\\/kidsplay.lt\\\/#website\",\"url\":\"https:\\\/\\\/kidsplay.lt\\\/\",\"name\":\"Kidsplay.lt\",\"description\":\"\u012evairios prek\u0117s vaikams\",\"publisher\":{\"@id\":\"https:\\\/\\\/kidsplay.lt\\\/#organization\"},\"alternateName\":\"Kidsplay\",\"potentialAction\":[{\"@type\":\"SearchAction\",\"target\":{\"@type\":\"EntryPoint\",\"urlTemplate\":\"https:\\\/\\\/kidsplay.lt\\\/?s={search_term_string}\"},\"query-input\":{\"@type\":\"PropertyValueSpecification\",\"valueRequired\":true,\"valueName\":\"search_term_string\"}}],\"inLanguage\":\"lv-LV\"},{\"@type\":\"Organization\",\"@id\":\"https:\\\/\\\/kidsplay.lt\\\/#organization\",\"name\":\"KidsPlay\",\"url\":\"https:\\\/\\\/kidsplay.lt\\\/\",\"logo\":{\"@type\":\"ImageObject\",\"inLanguage\":\"lv-LV\",\"@id\":\"https:\\\/\\\/kidsplay.lt\\\/#\\\/schema\\\/logo\\\/image\\\/\",\"url\":\"https:\\\/\\\/kidsplay.lt\\\/wp-content\\\/uploads\\\/2023\\\/07\\\/kidsplay-logo.png\",\"contentUrl\":\"https:\\\/\\\/kidsplay.lt\\\/wp-content\\\/uploads\\\/2023\\\/07\\\/kidsplay-logo.png\",\"width\":451,\"height\":98,\"caption\":\"KidsPlay\"},\"image\":{\"@id\":\"https:\\\/\\\/kidsplay.lt\\\/#\\\/schema\\\/logo\\\/image\\\/\"},\"sameAs\":[\"https:\\\/\\\/www.facebook.com\\\/www.kidsplay.lt\"]}]}<\/script>\n<!-- \/ Yoast SEO plugin. -->","yoast_head_json":{"title":"CLASSIC WORLD EDU metalinis sodo karutis vaikams","robots":{"index":"index","follow":"follow","max-snippet":"max-snippet:-1","max-image-preview":"max-image-preview:large","max-video-preview":"max-video-preview:-1"},"canonical":"https:\/\/kidsplay.lt\/lv\/products\/classic-world-edu-metalinis-sodo-karutis-vaikams\/","og_locale":"lv_LV","og_type":"article","og_title":"CLASSIC WORLD EDU metalinis sodo karutis vaikams","og_description":"\u0160is metalinis sodo karutis i\u0161 \u017einomo Classic World EDU prek\u0117s \u017eenklo yra puikus pasirinkimas vaikams, m\u0117gstantiems \u017eaisti lauke. \u0160is \u017eaislas","og_url":"https:\/\/kidsplay.lt\/lv\/products\/classic-world-edu-metalinis-sodo-karutis-vaikams\/","og_site_name":"KidsPlay","article_publisher":"https:\/\/www.facebook.com\/www.kidsplay.lt","article_modified_time":"2026-05-10T12:04:31+00:00","og_image":[{"width":2560,"height":2560,"url":"https:\/\/kidsplay.lt\/wp-content\/uploads\/2026\/05\/CLASSIC-WORLD-EDU-metalinis-sodo-karutis-vaikams-skirtas-sodui-papludimiui-ir-smelio-dezei.jpg","type":"image\/jpeg"}],"twitter_card":"summary_large_image","twitter_misc":{"Est. reading time":"1 min\u016bte"},"schema":{"@context":"https:\/\/schema.org","@graph":[{"@type":"WebPage","@id":"https:\/\/kidsplay.lt\/produktas\/classic-world-edu-metalinis-sodo-karutis-vaikams\/","url":"https:\/\/kidsplay.lt\/produktas\/classic-world-edu-metalinis-sodo-karutis-vaikams\/","name":"CLASSIC WORLD EDU metalinis sodo karutis vaikams","isPartOf":{"@id":"https:\/\/kidsplay.lt\/#website"},"primaryImageOfPage":{"@id":"https:\/\/kidsplay.lt\/produktas\/classic-world-edu-metalinis-sodo-karutis-vaikams\/#primaryimage"},"image":{"@id":"https:\/\/kidsplay.lt\/produktas\/classic-world-edu-metalinis-sodo-karutis-vaikams\/#primaryimage"},"thumbnailUrl":"https:\/\/kidsplay.lt\/wp-content\/uploads\/2026\/05\/CLASSIC-WORLD-EDU-metalinis-sodo-karutis-vaikams-skirtas-sodui-papludimiui-ir-smelio-dezei.jpg","datePublished":"2026-05-09T15:29:59+00:00","dateModified":"2026-05-10T12:04:31+00:00","breadcrumb":{"@id":"https:\/\/kidsplay.lt\/produktas\/classic-world-edu-metalinis-sodo-karutis-vaikams\/#breadcrumb"},"inLanguage":"lv-LV","potentialAction":[{"@type":"ReadAction","target":["https:\/\/kidsplay.lt\/produktas\/classic-world-edu-metalinis-sodo-karutis-vaikams\/"]}]},{"@type":"ImageObject","inLanguage":"lv-LV","@id":"https:\/\/kidsplay.lt\/produktas\/classic-world-edu-metalinis-sodo-karutis-vaikams\/#primaryimage","url":"https:\/\/kidsplay.lt\/wp-content\/uploads\/2026\/05\/CLASSIC-WORLD-EDU-metalinis-sodo-karutis-vaikams-skirtas-sodui-papludimiui-ir-smelio-dezei.jpg","contentUrl":"https:\/\/kidsplay.lt\/wp-content\/uploads\/2026\/05\/CLASSIC-WORLD-EDU-metalinis-sodo-karutis-vaikams-skirtas-sodui-papludimiui-ir-smelio-dezei.jpg","width":2560,"height":2560,"caption":"CLASSIC WORLD EDU metalinis sodo karutis vaikams (skirtas sodui"},{"@type":"BreadcrumbList","@id":"https:\/\/kidsplay.lt\/produktas\/classic-world-edu-metalinis-sodo-karutis-vaikams\/#breadcrumb","itemListElement":[{"@type":"ListItem","position":1,"name":"Pagrindinis","item":"https:\/\/kidsplay.lt\/"},{"@type":"ListItem","position":2,"name":"Parduotuv\u0117","item":"https:\/\/kidsplay.lt\/parduotuve\/"},{"@type":"ListItem","position":3,"name":"CLASSIC WORLD EDU metalinis sodo karutis vaikams"}]},{"@type":"WebSite","@id":"https:\/\/kidsplay.lt\/#website","url":"https:\/\/kidsplay.lt\/","name":"B\u0113rnu sp\u0113les.lv","description":"\u012evairios prek\u0117s vaikams","publisher":{"@id":"https:\/\/kidsplay.lt\/#organization"},"alternateName":"Kidsplay","potentialAction":[{"@type":"SearchAction","target":{"@type":"EntryPoint","urlTemplate":"https:\/\/kidsplay.lt\/?s={search_term_string}"},"query-input":{"@type":"PropertyValueSpecification","valueRequired":true,"valueName":"search_term_string"}}],"inLanguage":"lv-LV"},{"@type":"Organization","@id":"https:\/\/kidsplay.lt\/#organization","name":"B\u0113rnu sp\u0113le","url":"https:\/\/kidsplay.lt\/","logo":{"@type":"ImageObject","inLanguage":"lv-LV","@id":"https:\/\/kidsplay.lt\/#\/schema\/logo\/image\/","url":"https:\/\/kidsplay.lt\/wp-content\/uploads\/2023\/07\/kidsplay-logo.png","contentUrl":"https:\/\/kidsplay.lt\/wp-content\/uploads\/2023\/07\/kidsplay-logo.png","width":451,"height":98,"caption":"KidsPlay"},"image":{"@id":"https:\/\/kidsplay.lt\/#\/schema\/logo\/image\/"},"sameAs":["https:\/\/www.facebook.com\/www.kidsplay.lt"]}]}},"_links":{"self":[{"href":"https:\/\/kidsplay.lt\/lv\/wp-json\/wp\/v2\/product\/117871","targetHints":{"allow":["GET"]}}],"collection":[{"href":"https:\/\/kidsplay.lt\/lv\/wp-json\/wp\/v2\/product"}],"about":[{"href":"https:\/\/kidsplay.lt\/lv\/wp-json\/wp\/v2\/types\/product"}],"version-history":[{"count":1,"href":"https:\/\/kidsplay.lt\/lv\/wp-json\/wp\/v2\/product\/117871\/revisions"}],"predecessor-version":[{"id":117880,"href":"https:\/\/kidsplay.lt\/lv\/wp-json\/wp\/v2\/product\/117871\/revisions\/117880"}],"wp:featuredmedia":[{"embeddable":true,"href":"https:\/\/kidsplay.lt\/lv\/wp-json\/wp\/v2\/media\/117872"}],"wp:attachment":[{"href":"https:\/\/kidsplay.lt\/lv\/wp-json\/wp\/v2\/media?parent=117871"}],"wp:term":[{"taxonomy":"product_brand","embeddable":true,"href":"https:\/\/kidsplay.lt\/lv\/wp-json\/wp\/v2\/product_brand?post=117871"},{"taxonomy":"product_cat","embeddable":true,"href":"https:\/\/kidsplay.lt\/lv\/wp-json\/wp\/v2\/product_cat?post=117871"},{"taxonomy":"product_tag","embeddable":true,"href":"https:\/\/kidsplay.lt\/lv\/wp-json\/wp\/v2\/product_tag?post=117871"}],"curies":[{"name":"wp","href":"https:\/\/api.w.org\/{rel}","templated":true}]}}