{"id":117885,"date":"2026-05-10T18:30:14","date_gmt":"2026-05-10T15:30:14","guid":{"rendered":"https:\/\/kidsplay.lt\/produktas\/step2-tiltas-su-tuneliu-zaidimu-aikstele\/"},"modified":"2026-05-13T09:38:54","modified_gmt":"2026-05-13T06:38:54","slug":"step2-tiltas-su-tuneliu-zaidimu-aikstele","status":"publish","type":"product","link":"https:\/\/kidsplay.lt\/lv\/products\/step2-tiltas-su-tuneliu-zaidimu-aikstele\/","title":{"rendered":"Step2 tiltas su tuneliu \u017eaidim\u0173 aik\u0161tel\u0117"},"content":{"rendered":"<p>vienas populiariausi\u0173 lauko \u017eaidim\u0173 kompleks\u0173 i\u0161 JAV gamintojo Step2<\/p>\n<p>Funkcijas:<\/p>\n<p> \tBok\u0161telis sujungtas tiltu su nameliu \u2013 keli \u017eaidimo lygiai<br \/>\n \tName yra kop\u0117t\u0117l\u0117s su pla\u010diais laipteliais ir tur\u0117klais<br \/>\n \tApvalus langas, stoglangis ir vairas \u2013 vaidmen\u0173 \u017eaidimams<br \/>\n \t\u010ciuo\u017eykla (~98 cm nusileidimas)<br \/>\n \tSl\u0117ptuv\u0117 su tuneliu \u2013 land\u017eiojimui ir sl\u0117pyn\u0117ms<br \/>\n \tKeli vaikai gali \u017eaisti vienu metu<\/p>\n<p>Saugumas ir kokyb\u0117:<\/p>\n<p> \tPagaminta i\u0161 auk\u0161tos kokyb\u0117s, tvirt\u0173 med\u017eiag\u0173<br \/>\n \tSukurta taip, kad suma\u017eint\u0173 traum\u0173 rizik\u0105<br \/>\n \tLyg\u016bs, saug\u016bs kra\u0161tai<br \/>\n \tIlgaam\u017e\u0117 konstrukcija, pritaikyta lauko naudojimui<\/p>\n<p>\u2714 Lavina judrum\u0105, balans\u0105, koordinacij\u0105 ir socialinius \u012fg\u016bd\u017eius\u2714 Tinka kiemui, dar\u017eeliams ir \u017eaidim\u0173 aik\u0161tel\u0117ms<\/p>","protected":false},"excerpt":{"rendered":"<p>vienas populiariausi\u0173 lauko \u017eaidim\u0173 kompleks\u0173 i\u0161 JAV gamintojo Step2 Savyb\u0117s: Bok\u0161telis sujungtas tiltu su nameliu \u2013 keli \u017eaidimo lygiai Name<\/p>","protected":false},"featured_media":117886,"template":"","meta":{"_acf_changed":false,"_glsr_average":0,"_glsr_ranking":0,"_glsr_reviews":0},"product_brand":[],"product_cat":[233,382],"product_tag":[],"class_list":{"0":"post-117885","1":"product","2":"type-product","3":"status-publish","4":"has-post-thumbnail","6":"product_cat-lauko-pramogos","7":"product_cat-zaidimu-aiksteles","8":"\"style=\"background-color: #2ecc711c;\"","10":"first","11":"instock","12":"purchasable","13":"product-type-simple"},"acf":[],"yoast_head":"<!-- This site is optimized with the Yoast SEO plugin v27.5 - https:\/\/yoast.com\/product\/yoast-seo-wordpress\/ -->\n<title>Step2 tiltas su tuneliu \u017eaidim\u0173 aik\u0161tel\u0117<\/title>\n<meta name=\"robots\" content=\"index, follow, max-snippet:-1, max-image-preview:large, max-video-preview:-1\" \/>\n<link rel=\"canonical\" href=\"https:\/\/kidsplay.lt\/lv\/products\/step2-tiltas-su-tuneliu-zaidimu-aikstele\/\" \/>\n<meta property=\"og:locale\" content=\"lv_LV\" \/>\n<meta property=\"og:type\" content=\"article\" \/>\n<meta property=\"og:title\" content=\"Step2 tiltas su tuneliu \u017eaidim\u0173 aik\u0161tel\u0117\" \/>\n<meta property=\"og:description\" content=\"vienas populiariausi\u0173 lauko \u017eaidim\u0173 kompleks\u0173 i\u0161 JAV gamintojo Step2 Savyb\u0117s: Bok\u0161telis sujungtas tiltu su nameliu \u2013 keli \u017eaidimo lygiai Name\" \/>\n<meta property=\"og:url\" content=\"https:\/\/kidsplay.lt\/lv\/products\/step2-tiltas-su-tuneliu-zaidimu-aikstele\/\" \/>\n<meta property=\"og:site_name\" content=\"KidsPlay\" \/>\n<meta property=\"article:publisher\" content=\"https:\/\/www.facebook.com\/www.kidsplay.lt\" \/>\n<meta property=\"article:modified_time\" content=\"2026-05-13T06:38:54+00:00\" \/>\n<meta property=\"og:image\" content=\"https:\/\/kidsplay.lt\/wp-content\/uploads\/2026\/05\/Step2-tiltas-su-tuneliu-zaidimu-aikstele.jpg\" \/>\n\t<meta property=\"og:image:width\" content=\"2560\" \/>\n\t<meta property=\"og:image:height\" content=\"2560\" \/>\n\t<meta property=\"og:image:type\" content=\"image\/jpeg\" \/>\n<meta name=\"twitter:card\" content=\"summary_large_image\" \/>\n<meta name=\"twitter:label1\" content=\"Est. reading time\" \/>\n\t<meta name=\"twitter:data1\" content=\"1 min\u016bte\" \/>\n<script type=\"application\/ld+json\" class=\"yoast-schema-graph\">{\"@context\":\"https:\\\/\\\/schema.org\",\"@graph\":[{\"@type\":\"WebPage\",\"@id\":\"https:\\\/\\\/kidsplay.lt\\\/produktas\\\/step2-tiltas-su-tuneliu-zaidimu-aikstele\\\/\",\"url\":\"https:\\\/\\\/kidsplay.lt\\\/produktas\\\/step2-tiltas-su-tuneliu-zaidimu-aikstele\\\/\",\"name\":\"Step2 tiltas su tuneliu \u017eaidim\u0173 aik\u0161tel\u0117\",\"isPartOf\":{\"@id\":\"https:\\\/\\\/kidsplay.lt\\\/#website\"},\"primaryImageOfPage\":{\"@id\":\"https:\\\/\\\/kidsplay.lt\\\/produktas\\\/step2-tiltas-su-tuneliu-zaidimu-aikstele\\\/#primaryimage\"},\"image\":{\"@id\":\"https:\\\/\\\/kidsplay.lt\\\/produktas\\\/step2-tiltas-su-tuneliu-zaidimu-aikstele\\\/#primaryimage\"},\"thumbnailUrl\":\"https:\\\/\\\/kidsplay.lt\\\/wp-content\\\/uploads\\\/2026\\\/05\\\/Step2-tiltas-su-tuneliu-zaidimu-aikstele.jpg\",\"datePublished\":\"2026-05-10T15:30:14+00:00\",\"dateModified\":\"2026-05-13T06:38:54+00:00\",\"breadcrumb\":{\"@id\":\"https:\\\/\\\/kidsplay.lt\\\/produktas\\\/step2-tiltas-su-tuneliu-zaidimu-aikstele\\\/#breadcrumb\"},\"inLanguage\":\"lv-LV\",\"potentialAction\":[{\"@type\":\"ReadAction\",\"target\":[\"https:\\\/\\\/kidsplay.lt\\\/produktas\\\/step2-tiltas-su-tuneliu-zaidimu-aikstele\\\/\"]}]},{\"@type\":\"ImageObject\",\"inLanguage\":\"lv-LV\",\"@id\":\"https:\\\/\\\/kidsplay.lt\\\/produktas\\\/step2-tiltas-su-tuneliu-zaidimu-aikstele\\\/#primaryimage\",\"url\":\"https:\\\/\\\/kidsplay.lt\\\/wp-content\\\/uploads\\\/2026\\\/05\\\/Step2-tiltas-su-tuneliu-zaidimu-aikstele.jpg\",\"contentUrl\":\"https:\\\/\\\/kidsplay.lt\\\/wp-content\\\/uploads\\\/2026\\\/05\\\/Step2-tiltas-su-tuneliu-zaidimu-aikstele.jpg\",\"width\":2560,\"height\":2560,\"caption\":\"Step2 tiltas su tuneliu \u017eaidim\u0173 aik\u0161tel\u0117\"},{\"@type\":\"BreadcrumbList\",\"@id\":\"https:\\\/\\\/kidsplay.lt\\\/produktas\\\/step2-tiltas-su-tuneliu-zaidimu-aikstele\\\/#breadcrumb\",\"itemListElement\":[{\"@type\":\"ListItem\",\"position\":1,\"name\":\"Pagrindinis\",\"item\":\"https:\\\/\\\/kidsplay.lt\\\/\"},{\"@type\":\"ListItem\",\"position\":2,\"name\":\"Parduotuv\u0117\",\"item\":\"https:\\\/\\\/kidsplay.lt\\\/parduotuve\\\/\"},{\"@type\":\"ListItem\",\"position\":3,\"name\":\"Step2 tiltas su tuneliu \u017eaidim\u0173 aik\u0161tel\u0117\"}]},{\"@type\":\"WebSite\",\"@id\":\"https:\\\/\\\/kidsplay.lt\\\/#website\",\"url\":\"https:\\\/\\\/kidsplay.lt\\\/\",\"name\":\"Kidsplay.lt\",\"description\":\"\u012evairios prek\u0117s vaikams\",\"publisher\":{\"@id\":\"https:\\\/\\\/kidsplay.lt\\\/#organization\"},\"alternateName\":\"Kidsplay\",\"potentialAction\":[{\"@type\":\"SearchAction\",\"target\":{\"@type\":\"EntryPoint\",\"urlTemplate\":\"https:\\\/\\\/kidsplay.lt\\\/?s={search_term_string}\"},\"query-input\":{\"@type\":\"PropertyValueSpecification\",\"valueRequired\":true,\"valueName\":\"search_term_string\"}}],\"inLanguage\":\"lv-LV\"},{\"@type\":\"Organization\",\"@id\":\"https:\\\/\\\/kidsplay.lt\\\/#organization\",\"name\":\"KidsPlay\",\"url\":\"https:\\\/\\\/kidsplay.lt\\\/\",\"logo\":{\"@type\":\"ImageObject\",\"inLanguage\":\"lv-LV\",\"@id\":\"https:\\\/\\\/kidsplay.lt\\\/#\\\/schema\\\/logo\\\/image\\\/\",\"url\":\"https:\\\/\\\/kidsplay.lt\\\/wp-content\\\/uploads\\\/2023\\\/07\\\/kidsplay-logo.png\",\"contentUrl\":\"https:\\\/\\\/kidsplay.lt\\\/wp-content\\\/uploads\\\/2023\\\/07\\\/kidsplay-logo.png\",\"width\":451,\"height\":98,\"caption\":\"KidsPlay\"},\"image\":{\"@id\":\"https:\\\/\\\/kidsplay.lt\\\/#\\\/schema\\\/logo\\\/image\\\/\"},\"sameAs\":[\"https:\\\/\\\/www.facebook.com\\\/www.kidsplay.lt\"]}]}<\/script>\n<!-- \/ Yoast SEO plugin. -->","yoast_head_json":{"title":"Step2 tiltas su tuneliu \u017eaidim\u0173 aik\u0161tel\u0117","robots":{"index":"index","follow":"follow","max-snippet":"max-snippet:-1","max-image-preview":"max-image-preview:large","max-video-preview":"max-video-preview:-1"},"canonical":"https:\/\/kidsplay.lt\/lv\/products\/step2-tiltas-su-tuneliu-zaidimu-aikstele\/","og_locale":"lv_LV","og_type":"article","og_title":"Step2 tiltas su tuneliu \u017eaidim\u0173 aik\u0161tel\u0117","og_description":"vienas populiariausi\u0173 lauko \u017eaidim\u0173 kompleks\u0173 i\u0161 JAV gamintojo Step2 Savyb\u0117s: Bok\u0161telis sujungtas tiltu su nameliu \u2013 keli \u017eaidimo lygiai Name","og_url":"https:\/\/kidsplay.lt\/lv\/products\/step2-tiltas-su-tuneliu-zaidimu-aikstele\/","og_site_name":"KidsPlay","article_publisher":"https:\/\/www.facebook.com\/www.kidsplay.lt","article_modified_time":"2026-05-13T06:38:54+00:00","og_image":[{"width":2560,"height":2560,"url":"https:\/\/kidsplay.lt\/wp-content\/uploads\/2026\/05\/Step2-tiltas-su-tuneliu-zaidimu-aikstele.jpg","type":"image\/jpeg"}],"twitter_card":"summary_large_image","twitter_misc":{"Est. reading time":"1 min\u016bte"},"schema":{"@context":"https:\/\/schema.org","@graph":[{"@type":"WebPage","@id":"https:\/\/kidsplay.lt\/produktas\/step2-tiltas-su-tuneliu-zaidimu-aikstele\/","url":"https:\/\/kidsplay.lt\/produktas\/step2-tiltas-su-tuneliu-zaidimu-aikstele\/","name":"Step2 tiltas su tuneliu \u017eaidim\u0173 aik\u0161tel\u0117","isPartOf":{"@id":"https:\/\/kidsplay.lt\/#website"},"primaryImageOfPage":{"@id":"https:\/\/kidsplay.lt\/produktas\/step2-tiltas-su-tuneliu-zaidimu-aikstele\/#primaryimage"},"image":{"@id":"https:\/\/kidsplay.lt\/produktas\/step2-tiltas-su-tuneliu-zaidimu-aikstele\/#primaryimage"},"thumbnailUrl":"https:\/\/kidsplay.lt\/wp-content\/uploads\/2026\/05\/Step2-tiltas-su-tuneliu-zaidimu-aikstele.jpg","datePublished":"2026-05-10T15:30:14+00:00","dateModified":"2026-05-13T06:38:54+00:00","breadcrumb":{"@id":"https:\/\/kidsplay.lt\/produktas\/step2-tiltas-su-tuneliu-zaidimu-aikstele\/#breadcrumb"},"inLanguage":"lv-LV","potentialAction":[{"@type":"ReadAction","target":["https:\/\/kidsplay.lt\/produktas\/step2-tiltas-su-tuneliu-zaidimu-aikstele\/"]}]},{"@type":"ImageObject","inLanguage":"lv-LV","@id":"https:\/\/kidsplay.lt\/produktas\/step2-tiltas-su-tuneliu-zaidimu-aikstele\/#primaryimage","url":"https:\/\/kidsplay.lt\/wp-content\/uploads\/2026\/05\/Step2-tiltas-su-tuneliu-zaidimu-aikstele.jpg","contentUrl":"https:\/\/kidsplay.lt\/wp-content\/uploads\/2026\/05\/Step2-tiltas-su-tuneliu-zaidimu-aikstele.jpg","width":2560,"height":2560,"caption":"Step2 tiltas su tuneliu \u017eaidim\u0173 aik\u0161tel\u0117"},{"@type":"BreadcrumbList","@id":"https:\/\/kidsplay.lt\/produktas\/step2-tiltas-su-tuneliu-zaidimu-aikstele\/#breadcrumb","itemListElement":[{"@type":"ListItem","position":1,"name":"Pagrindinis","item":"https:\/\/kidsplay.lt\/"},{"@type":"ListItem","position":2,"name":"Parduotuv\u0117","item":"https:\/\/kidsplay.lt\/parduotuve\/"},{"@type":"ListItem","position":3,"name":"Step2 tiltas su tuneliu \u017eaidim\u0173 aik\u0161tel\u0117"}]},{"@type":"WebSite","@id":"https:\/\/kidsplay.lt\/#website","url":"https:\/\/kidsplay.lt\/","name":"B\u0113rnu sp\u0113les.lv","description":"\u012evairios prek\u0117s vaikams","publisher":{"@id":"https:\/\/kidsplay.lt\/#organization"},"alternateName":"Kidsplay","potentialAction":[{"@type":"SearchAction","target":{"@type":"EntryPoint","urlTemplate":"https:\/\/kidsplay.lt\/?s={search_term_string}"},"query-input":{"@type":"PropertyValueSpecification","valueRequired":true,"valueName":"search_term_string"}}],"inLanguage":"lv-LV"},{"@type":"Organization","@id":"https:\/\/kidsplay.lt\/#organization","name":"B\u0113rnu sp\u0113le","url":"https:\/\/kidsplay.lt\/","logo":{"@type":"ImageObject","inLanguage":"lv-LV","@id":"https:\/\/kidsplay.lt\/#\/schema\/logo\/image\/","url":"https:\/\/kidsplay.lt\/wp-content\/uploads\/2023\/07\/kidsplay-logo.png","contentUrl":"https:\/\/kidsplay.lt\/wp-content\/uploads\/2023\/07\/kidsplay-logo.png","width":451,"height":98,"caption":"KidsPlay"},"image":{"@id":"https:\/\/kidsplay.lt\/#\/schema\/logo\/image\/"},"sameAs":["https:\/\/www.facebook.com\/www.kidsplay.lt"]}]}},"_links":{"self":[{"href":"https:\/\/kidsplay.lt\/lv\/wp-json\/wp\/v2\/product\/117885","targetHints":{"allow":["GET"]}}],"collection":[{"href":"https:\/\/kidsplay.lt\/lv\/wp-json\/wp\/v2\/product"}],"about":[{"href":"https:\/\/kidsplay.lt\/lv\/wp-json\/wp\/v2\/types\/product"}],"version-history":[{"count":1,"href":"https:\/\/kidsplay.lt\/lv\/wp-json\/wp\/v2\/product\/117885\/revisions"}],"predecessor-version":[{"id":118411,"href":"https:\/\/kidsplay.lt\/lv\/wp-json\/wp\/v2\/product\/117885\/revisions\/118411"}],"wp:featuredmedia":[{"embeddable":true,"href":"https:\/\/kidsplay.lt\/lv\/wp-json\/wp\/v2\/media\/117886"}],"wp:attachment":[{"href":"https:\/\/kidsplay.lt\/lv\/wp-json\/wp\/v2\/media?parent=117885"}],"wp:term":[{"taxonomy":"product_brand","embeddable":true,"href":"https:\/\/kidsplay.lt\/lv\/wp-json\/wp\/v2\/product_brand?post=117885"},{"taxonomy":"product_cat","embeddable":true,"href":"https:\/\/kidsplay.lt\/lv\/wp-json\/wp\/v2\/product_cat?post=117885"},{"taxonomy":"product_tag","embeddable":true,"href":"https:\/\/kidsplay.lt\/lv\/wp-json\/wp\/v2\/product_tag?post=117885"}],"curies":[{"name":"wp","href":"https:\/\/api.w.org\/{rel}","templated":true}]}}