{"id":117891,"date":"2026-05-10T18:30:36","date_gmt":"2026-05-10T15:30:36","guid":{"rendered":"https:\/\/kidsplay.lt\/produktas\/axi-medine-smelio-deze-laivo-formos-su-stogeliu-ir-virtuvele\/"},"modified":"2026-05-10T18:30:46","modified_gmt":"2026-05-10T15:30:46","slug":"axi-medine-smelio-deze-laivo-formos-su-stogeliu-ir-virtuvele","status":"publish","type":"product","link":"https:\/\/kidsplay.lt\/lv\/products\/axi-medine-smelio-deze-laivo-formos-su-stogeliu-ir-virtuvele\/","title":{"rendered":"AXI koka smil\u0161u kaste ku\u0123a form\u0101 ar jumtu un virtuv\u012bti"},"content":{"rendered":"<p>\u2714 Didel\u0117 medin\u0117 sm\u0117lio d\u0117\u017e\u0117 laivo formos \u2013 sukuria \u201epirat\u0173 nuotyki\u0173\u201c \u017eaidim\u0173 erdv\u0119\u2714 Integruota virtuv\u0117l\u0117 su kriaukle \u2013 galima \u017eaisti su vandeniu, sm\u0117liu ir purvu\u2714 Reguliuojamas audinio stogelis su UV50 apsauga \u2013 saugo nuo saul\u0117s ir gali b\u016bti nuleid\u017eiamas kaip dangtis<\/p>\n<p>Funkcijas:<\/p>\n<p> \tLaivo dizaino sm\u0117lio d\u0117\u017e\u0117<br \/>\n \tFunkcionali kriaukl\u0117 (16 litr\u0173 talpa)<br \/>\n \tApvalinti saug\u016bs kra\u0161tai<br \/>\n \tTvirta, stabili konstrukcija<br \/>\n \tAtspari oro s\u0105lygoms FSC mediena<br \/>\n \tNetoksi\u0161kas, vandens pagrindo impregnavimas<\/p>\n<p>Tehniskie dati:<\/p>\n<p> \tI\u0161matavimai: 160 x 100 x 110 cm<br \/>\n \tTalpa: ~200 kg sm\u0117lio<br \/>\n \tMaksimali apkrova: 150 kg vienam suoliukui<\/p>\n<p>\u2714 Lavina vaiko vaizduot\u0119, motorik\u0105, bendravim\u0105 ir savaranki\u0161kum\u0105\u2714 Tinka aktyviems lauko \u017eaidimams grup\u0117je arba vienam<\/p>","protected":false},"excerpt":{"rendered":"<p>\u2714 Didel\u0117 medin\u0117 sm\u0117lio d\u0117\u017e\u0117 laivo formos \u2013 sukuria \u201epirat\u0173 nuotyki\u0173\u201c \u017eaidim\u0173 erdv\u0119\u2714 Integruota virtuv\u0117l\u0117 su kriaukle \u2013 galima \u017eaisti<\/p>","protected":false},"featured_media":117892,"template":"","meta":{"_acf_changed":false,"_glsr_average":0,"_glsr_ranking":0,"_glsr_reviews":0},"product_brand":[],"product_cat":[233,327],"product_tag":[],"class_list":{"0":"post-117891","1":"product","2":"type-product","3":"status-publish","4":"has-post-thumbnail","6":"product_cat-lauko-pramogos","7":"product_cat-smelio-dezes-ir-priedai","8":"\"style=\"background-color: #2ecc711c;\"","10":"first","11":"instock","12":"purchasable","13":"product-type-simple"},"acf":[],"yoast_head":"<!-- This site is optimized with the Yoast SEO plugin v27.5 - https:\/\/yoast.com\/product\/yoast-seo-wordpress\/ -->\n<title>AXI medin\u0117 sm\u0117lio d\u0117\u017e\u0117 laivo formos su stogeliu ir virtuv\u0117le<\/title>\n<meta name=\"robots\" content=\"index, follow, max-snippet:-1, max-image-preview:large, max-video-preview:-1\" \/>\n<link rel=\"canonical\" href=\"https:\/\/kidsplay.lt\/lv\/products\/axi-medine-smelio-deze-laivo-formos-su-stogeliu-ir-virtuvele\/\" \/>\n<meta property=\"og:locale\" content=\"lv_LV\" \/>\n<meta property=\"og:type\" content=\"article\" \/>\n<meta property=\"og:title\" content=\"AXI medin\u0117 sm\u0117lio d\u0117\u017e\u0117 laivo formos su stogeliu ir virtuv\u0117le\" \/>\n<meta property=\"og:description\" content=\"\u2714 Didel\u0117 medin\u0117 sm\u0117lio d\u0117\u017e\u0117 laivo formos \u2013 sukuria \u201epirat\u0173 nuotyki\u0173\u201c \u017eaidim\u0173 erdv\u0119\u2714 Integruota virtuv\u0117l\u0117 su kriaukle \u2013 galima \u017eaisti\" \/>\n<meta property=\"og:url\" content=\"https:\/\/kidsplay.lt\/lv\/products\/axi-medine-smelio-deze-laivo-formos-su-stogeliu-ir-virtuvele\/\" \/>\n<meta property=\"og:site_name\" content=\"KidsPlay\" \/>\n<meta property=\"article:publisher\" content=\"https:\/\/www.facebook.com\/www.kidsplay.lt\" \/>\n<meta property=\"article:modified_time\" content=\"2026-05-10T15:30:46+00:00\" \/>\n<meta property=\"og:image\" content=\"https:\/\/kidsplay.lt\/wp-content\/uploads\/2026\/05\/AXI-medine-smelio-deze-laivo-formos-su-stogeliu-ir-virtuvele.jpg\" \/>\n\t<meta property=\"og:image:width\" content=\"1920\" \/>\n\t<meta property=\"og:image:height\" content=\"1920\" \/>\n\t<meta property=\"og:image:type\" content=\"image\/jpeg\" \/>\n<meta name=\"twitter:card\" content=\"summary_large_image\" \/>\n<meta name=\"twitter:label1\" content=\"Est. reading time\" \/>\n\t<meta name=\"twitter:data1\" content=\"1 min\u016bte\" \/>\n<script type=\"application\/ld+json\" class=\"yoast-schema-graph\">{\"@context\":\"https:\\\/\\\/schema.org\",\"@graph\":[{\"@type\":\"WebPage\",\"@id\":\"https:\\\/\\\/kidsplay.lt\\\/produktas\\\/axi-medine-smelio-deze-laivo-formos-su-stogeliu-ir-virtuvele\\\/\",\"url\":\"https:\\\/\\\/kidsplay.lt\\\/produktas\\\/axi-medine-smelio-deze-laivo-formos-su-stogeliu-ir-virtuvele\\\/\",\"name\":\"AXI medin\u0117 sm\u0117lio d\u0117\u017e\u0117 laivo formos su stogeliu ir virtuv\u0117le\",\"isPartOf\":{\"@id\":\"https:\\\/\\\/kidsplay.lt\\\/#website\"},\"primaryImageOfPage\":{\"@id\":\"https:\\\/\\\/kidsplay.lt\\\/produktas\\\/axi-medine-smelio-deze-laivo-formos-su-stogeliu-ir-virtuvele\\\/#primaryimage\"},\"image\":{\"@id\":\"https:\\\/\\\/kidsplay.lt\\\/produktas\\\/axi-medine-smelio-deze-laivo-formos-su-stogeliu-ir-virtuvele\\\/#primaryimage\"},\"thumbnailUrl\":\"https:\\\/\\\/kidsplay.lt\\\/wp-content\\\/uploads\\\/2026\\\/05\\\/AXI-medine-smelio-deze-laivo-formos-su-stogeliu-ir-virtuvele.jpg\",\"datePublished\":\"2026-05-10T15:30:36+00:00\",\"dateModified\":\"2026-05-10T15:30:46+00:00\",\"breadcrumb\":{\"@id\":\"https:\\\/\\\/kidsplay.lt\\\/produktas\\\/axi-medine-smelio-deze-laivo-formos-su-stogeliu-ir-virtuvele\\\/#breadcrumb\"},\"inLanguage\":\"lv-LV\",\"potentialAction\":[{\"@type\":\"ReadAction\",\"target\":[\"https:\\\/\\\/kidsplay.lt\\\/produktas\\\/axi-medine-smelio-deze-laivo-formos-su-stogeliu-ir-virtuvele\\\/\"]}]},{\"@type\":\"ImageObject\",\"inLanguage\":\"lv-LV\",\"@id\":\"https:\\\/\\\/kidsplay.lt\\\/produktas\\\/axi-medine-smelio-deze-laivo-formos-su-stogeliu-ir-virtuvele\\\/#primaryimage\",\"url\":\"https:\\\/\\\/kidsplay.lt\\\/wp-content\\\/uploads\\\/2026\\\/05\\\/AXI-medine-smelio-deze-laivo-formos-su-stogeliu-ir-virtuvele.jpg\",\"contentUrl\":\"https:\\\/\\\/kidsplay.lt\\\/wp-content\\\/uploads\\\/2026\\\/05\\\/AXI-medine-smelio-deze-laivo-formos-su-stogeliu-ir-virtuvele.jpg\",\"width\":1920,\"height\":1920,\"caption\":\"AXI medin\u0117 sm\u0117lio d\u0117\u017e\u0117 laivo formos su stogeliu ir virtuv\u0117le\"},{\"@type\":\"BreadcrumbList\",\"@id\":\"https:\\\/\\\/kidsplay.lt\\\/produktas\\\/axi-medine-smelio-deze-laivo-formos-su-stogeliu-ir-virtuvele\\\/#breadcrumb\",\"itemListElement\":[{\"@type\":\"ListItem\",\"position\":1,\"name\":\"Pagrindinis\",\"item\":\"https:\\\/\\\/kidsplay.lt\\\/\"},{\"@type\":\"ListItem\",\"position\":2,\"name\":\"Parduotuv\u0117\",\"item\":\"https:\\\/\\\/kidsplay.lt\\\/parduotuve\\\/\"},{\"@type\":\"ListItem\",\"position\":3,\"name\":\"AXI medin\u0117 sm\u0117lio d\u0117\u017e\u0117 laivo formos su stogeliu ir virtuv\u0117le\"}]},{\"@type\":\"WebSite\",\"@id\":\"https:\\\/\\\/kidsplay.lt\\\/#website\",\"url\":\"https:\\\/\\\/kidsplay.lt\\\/\",\"name\":\"Kidsplay.lt\",\"description\":\"\u012evairios prek\u0117s vaikams\",\"publisher\":{\"@id\":\"https:\\\/\\\/kidsplay.lt\\\/#organization\"},\"alternateName\":\"Kidsplay\",\"potentialAction\":[{\"@type\":\"SearchAction\",\"target\":{\"@type\":\"EntryPoint\",\"urlTemplate\":\"https:\\\/\\\/kidsplay.lt\\\/?s={search_term_string}\"},\"query-input\":{\"@type\":\"PropertyValueSpecification\",\"valueRequired\":true,\"valueName\":\"search_term_string\"}}],\"inLanguage\":\"lv-LV\"},{\"@type\":\"Organization\",\"@id\":\"https:\\\/\\\/kidsplay.lt\\\/#organization\",\"name\":\"KidsPlay\",\"url\":\"https:\\\/\\\/kidsplay.lt\\\/\",\"logo\":{\"@type\":\"ImageObject\",\"inLanguage\":\"lv-LV\",\"@id\":\"https:\\\/\\\/kidsplay.lt\\\/#\\\/schema\\\/logo\\\/image\\\/\",\"url\":\"https:\\\/\\\/kidsplay.lt\\\/wp-content\\\/uploads\\\/2023\\\/07\\\/kidsplay-logo.png\",\"contentUrl\":\"https:\\\/\\\/kidsplay.lt\\\/wp-content\\\/uploads\\\/2023\\\/07\\\/kidsplay-logo.png\",\"width\":451,\"height\":98,\"caption\":\"KidsPlay\"},\"image\":{\"@id\":\"https:\\\/\\\/kidsplay.lt\\\/#\\\/schema\\\/logo\\\/image\\\/\"},\"sameAs\":[\"https:\\\/\\\/www.facebook.com\\\/www.kidsplay.lt\"]}]}<\/script>\n<!-- \/ Yoast SEO plugin. -->","yoast_head_json":{"title":"AXI koka smil\u0161u kaste ku\u0123a form\u0101 ar jumtu un virtuv\u012bti","robots":{"index":"index","follow":"follow","max-snippet":"max-snippet:-1","max-image-preview":"max-image-preview:large","max-video-preview":"max-video-preview:-1"},"canonical":"https:\/\/kidsplay.lt\/lv\/products\/axi-medine-smelio-deze-laivo-formos-su-stogeliu-ir-virtuvele\/","og_locale":"lv_LV","og_type":"article","og_title":"AXI medin\u0117 sm\u0117lio d\u0117\u017e\u0117 laivo formos su stogeliu ir virtuv\u0117le","og_description":"\u2714 Didel\u0117 medin\u0117 sm\u0117lio d\u0117\u017e\u0117 laivo formos \u2013 sukuria \u201epirat\u0173 nuotyki\u0173\u201c \u017eaidim\u0173 erdv\u0119\u2714 Integruota virtuv\u0117l\u0117 su kriaukle \u2013 galima \u017eaisti","og_url":"https:\/\/kidsplay.lt\/lv\/products\/axi-medine-smelio-deze-laivo-formos-su-stogeliu-ir-virtuvele\/","og_site_name":"KidsPlay","article_publisher":"https:\/\/www.facebook.com\/www.kidsplay.lt","article_modified_time":"2026-05-10T15:30:46+00:00","og_image":[{"width":1920,"height":1920,"url":"https:\/\/kidsplay.lt\/wp-content\/uploads\/2026\/05\/AXI-medine-smelio-deze-laivo-formos-su-stogeliu-ir-virtuvele.jpg","type":"image\/jpeg"}],"twitter_card":"summary_large_image","twitter_misc":{"Est. reading time":"1 min\u016bte"},"schema":{"@context":"https:\/\/schema.org","@graph":[{"@type":"WebPage","@id":"https:\/\/kidsplay.lt\/produktas\/axi-medine-smelio-deze-laivo-formos-su-stogeliu-ir-virtuvele\/","url":"https:\/\/kidsplay.lt\/produktas\/axi-medine-smelio-deze-laivo-formos-su-stogeliu-ir-virtuvele\/","name":"AXI koka smil\u0161u kaste ku\u0123a form\u0101 ar jumtu un virtuv\u012bti","isPartOf":{"@id":"https:\/\/kidsplay.lt\/#website"},"primaryImageOfPage":{"@id":"https:\/\/kidsplay.lt\/produktas\/axi-medine-smelio-deze-laivo-formos-su-stogeliu-ir-virtuvele\/#primaryimage"},"image":{"@id":"https:\/\/kidsplay.lt\/produktas\/axi-medine-smelio-deze-laivo-formos-su-stogeliu-ir-virtuvele\/#primaryimage"},"thumbnailUrl":"https:\/\/kidsplay.lt\/wp-content\/uploads\/2026\/05\/AXI-medine-smelio-deze-laivo-formos-su-stogeliu-ir-virtuvele.jpg","datePublished":"2026-05-10T15:30:36+00:00","dateModified":"2026-05-10T15:30:46+00:00","breadcrumb":{"@id":"https:\/\/kidsplay.lt\/produktas\/axi-medine-smelio-deze-laivo-formos-su-stogeliu-ir-virtuvele\/#breadcrumb"},"inLanguage":"lv-LV","potentialAction":[{"@type":"ReadAction","target":["https:\/\/kidsplay.lt\/produktas\/axi-medine-smelio-deze-laivo-formos-su-stogeliu-ir-virtuvele\/"]}]},{"@type":"ImageObject","inLanguage":"lv-LV","@id":"https:\/\/kidsplay.lt\/produktas\/axi-medine-smelio-deze-laivo-formos-su-stogeliu-ir-virtuvele\/#primaryimage","url":"https:\/\/kidsplay.lt\/wp-content\/uploads\/2026\/05\/AXI-medine-smelio-deze-laivo-formos-su-stogeliu-ir-virtuvele.jpg","contentUrl":"https:\/\/kidsplay.lt\/wp-content\/uploads\/2026\/05\/AXI-medine-smelio-deze-laivo-formos-su-stogeliu-ir-virtuvele.jpg","width":1920,"height":1920,"caption":"AXI medin\u0117 sm\u0117lio d\u0117\u017e\u0117 laivo formos su stogeliu ir virtuv\u0117le"},{"@type":"BreadcrumbList","@id":"https:\/\/kidsplay.lt\/produktas\/axi-medine-smelio-deze-laivo-formos-su-stogeliu-ir-virtuvele\/#breadcrumb","itemListElement":[{"@type":"ListItem","position":1,"name":"Pagrindinis","item":"https:\/\/kidsplay.lt\/"},{"@type":"ListItem","position":2,"name":"Parduotuv\u0117","item":"https:\/\/kidsplay.lt\/parduotuve\/"},{"@type":"ListItem","position":3,"name":"AXI medin\u0117 sm\u0117lio d\u0117\u017e\u0117 laivo formos su stogeliu ir virtuv\u0117le"}]},{"@type":"WebSite","@id":"https:\/\/kidsplay.lt\/#website","url":"https:\/\/kidsplay.lt\/","name":"B\u0113rnu sp\u0113les.lv","description":"\u012evairios prek\u0117s vaikams","publisher":{"@id":"https:\/\/kidsplay.lt\/#organization"},"alternateName":"Kidsplay","potentialAction":[{"@type":"SearchAction","target":{"@type":"EntryPoint","urlTemplate":"https:\/\/kidsplay.lt\/?s={search_term_string}"},"query-input":{"@type":"PropertyValueSpecification","valueRequired":true,"valueName":"search_term_string"}}],"inLanguage":"lv-LV"},{"@type":"Organization","@id":"https:\/\/kidsplay.lt\/#organization","name":"B\u0113rnu sp\u0113le","url":"https:\/\/kidsplay.lt\/","logo":{"@type":"ImageObject","inLanguage":"lv-LV","@id":"https:\/\/kidsplay.lt\/#\/schema\/logo\/image\/","url":"https:\/\/kidsplay.lt\/wp-content\/uploads\/2023\/07\/kidsplay-logo.png","contentUrl":"https:\/\/kidsplay.lt\/wp-content\/uploads\/2023\/07\/kidsplay-logo.png","width":451,"height":98,"caption":"KidsPlay"},"image":{"@id":"https:\/\/kidsplay.lt\/#\/schema\/logo\/image\/"},"sameAs":["https:\/\/www.facebook.com\/www.kidsplay.lt"]}]}},"_links":{"self":[{"href":"https:\/\/kidsplay.lt\/lv\/wp-json\/wp\/v2\/product\/117891","targetHints":{"allow":["GET"]}}],"collection":[{"href":"https:\/\/kidsplay.lt\/lv\/wp-json\/wp\/v2\/product"}],"about":[{"href":"https:\/\/kidsplay.lt\/lv\/wp-json\/wp\/v2\/types\/product"}],"version-history":[{"count":0,"href":"https:\/\/kidsplay.lt\/lv\/wp-json\/wp\/v2\/product\/117891\/revisions"}],"wp:featuredmedia":[{"embeddable":true,"href":"https:\/\/kidsplay.lt\/lv\/wp-json\/wp\/v2\/media\/117892"}],"wp:attachment":[{"href":"https:\/\/kidsplay.lt\/lv\/wp-json\/wp\/v2\/media?parent=117891"}],"wp:term":[{"taxonomy":"product_brand","embeddable":true,"href":"https:\/\/kidsplay.lt\/lv\/wp-json\/wp\/v2\/product_brand?post=117891"},{"taxonomy":"product_cat","embeddable":true,"href":"https:\/\/kidsplay.lt\/lv\/wp-json\/wp\/v2\/product_cat?post=117891"},{"taxonomy":"product_tag","embeddable":true,"href":"https:\/\/kidsplay.lt\/lv\/wp-json\/wp\/v2\/product_tag?post=117891"}],"curies":[{"name":"wp","href":"https:\/\/api.w.org\/{rel}","templated":true}]}}