{"id":117903,"date":"2026-05-10T18:30:52","date_gmt":"2026-05-10T15:30:52","guid":{"rendered":"https:\/\/kidsplay.lt\/produktas\/classic-world-klasikinis-medinis-telefonu-rinkinys-vaikams\/"},"modified":"2026-05-13T09:39:08","modified_gmt":"2026-05-13T06:39:08","slug":"classic-world-klasikinis-medinis-telefonu-rinkinys-vaikams","status":"publish","type":"product","link":"https:\/\/kidsplay.lt\/lv\/products\/classic-world-klasikinis-medinis-telefonu-rinkinys-vaikams\/","title":{"rendered":"CLASSIC WORLD klasisks koka telefona komplekts b\u0113rniem"},"content":{"rendered":"<p>\u0160is CLASSIC WORLD medinis laidinis telefonas \u2013 tai klasikinio, retro dizaino \u017eaislas, skirtas vaik\u0173 vaidmen\u0173 \u017eaidimams ir komunikacijos \u012fg\u016bd\u017ei\u0173 lavinimui. Vaikas gali \u201eskambinti\u201c, spausti, imituoti pokalbius ir kurti \u012fvairius scenarijus, taip mokydamasis bendrauti per \u017eaidim\u0105.<br \/>\n\u012edomi detal\u0117 \u2013 \u012fdedamas \u201emonetos\u201c mechanizmas, kuris suteikia \u017eaidimui papildomos vaizduot\u0117s (tarsi tikras senovinis telefonas). Telefonas veikia mechani\u0161kai, be baterij\u0173, skleid\u017eia varpelio gars\u0105.<br \/>\nFunkcijas:<\/p>\n<p> \tparedz\u0113ts b\u0113rniem no 3 gadu vecuma,<br \/>\n \tpagamintas i\u0161 med\u017eio,<br \/>\n \tvintage (retro) stiliaus dizainas,<br \/>\n \tskatina dialogo ir vaidmen\u0173 \u017eaidimus,<br \/>\n \tmechaninis skamb\u0117jimo garsas (be baterij\u0173),<br \/>\n \ttvirta, saugi konstrukcija,<br \/>\n \tekologi\u0161kas, hipoalerginis \u017eaislas.<\/p>","protected":false},"excerpt":{"rendered":"<p>\u0160is CLASSIC WORLD medinis laidinis telefonas \u2013 tai klasikinio, retro dizaino \u017eaislas, skirtas vaik\u0173 vaidmen\u0173 \u017eaidimams ir komunikacijos \u012fg\u016bd\u017ei\u0173 lavinimui.<\/p>","protected":false},"featured_media":117904,"template":"","meta":{"_acf_changed":false,"_glsr_average":0,"_glsr_ranking":0,"_glsr_reviews":0},"product_brand":[],"product_cat":[884,883],"product_tag":[],"class_list":{"0":"post-117903","1":"product","2":"type-product","3":"status-publish","4":"has-post-thumbnail","6":"product_cat-edukaciniai-lavinamieji-mediniai-zaislai","7":"product_cat-mediniai-zaislai-2","8":"\"style=\"background-color: #2ecc711c;\"","10":"first","11":"instock","12":"purchasable","13":"product-type-simple"},"acf":[],"yoast_head":"<!-- This site is optimized with the Yoast SEO plugin v27.5 - https:\/\/yoast.com\/product\/yoast-seo-wordpress\/ -->\n<title>CLASSIC WORLD klasikinis medinis telefon\u0173 rinkinys vaikams<\/title>\n<meta name=\"robots\" content=\"index, follow, max-snippet:-1, max-image-preview:large, max-video-preview:-1\" \/>\n<link rel=\"canonical\" href=\"https:\/\/kidsplay.lt\/lv\/products\/classic-world-klasikinis-medinis-telefonu-rinkinys-vaikams\/\" \/>\n<meta property=\"og:locale\" content=\"lv_LV\" \/>\n<meta property=\"og:type\" content=\"article\" \/>\n<meta property=\"og:title\" content=\"CLASSIC WORLD klasikinis medinis telefon\u0173 rinkinys vaikams\" \/>\n<meta property=\"og:description\" content=\"\u0160is CLASSIC WORLD medinis laidinis telefonas \u2013 tai klasikinio, retro dizaino \u017eaislas, skirtas vaik\u0173 vaidmen\u0173 \u017eaidimams ir komunikacijos \u012fg\u016bd\u017ei\u0173 lavinimui.\" \/>\n<meta property=\"og:url\" content=\"https:\/\/kidsplay.lt\/lv\/products\/classic-world-klasikinis-medinis-telefonu-rinkinys-vaikams\/\" \/>\n<meta property=\"og:site_name\" content=\"KidsPlay\" \/>\n<meta property=\"article:publisher\" content=\"https:\/\/www.facebook.com\/www.kidsplay.lt\" \/>\n<meta property=\"article:modified_time\" content=\"2026-05-13T06:39:08+00:00\" \/>\n<meta property=\"og:image\" content=\"https:\/\/kidsplay.lt\/wp-content\/uploads\/2026\/05\/CLASSIC-WORLD-klasikinis-medinis-telefonu-rinkinys-vaikams.jpg\" \/>\n\t<meta property=\"og:image:width\" content=\"2560\" \/>\n\t<meta property=\"og:image:height\" content=\"2495\" \/>\n\t<meta property=\"og:image:type\" content=\"image\/jpeg\" \/>\n<meta name=\"twitter:card\" content=\"summary_large_image\" \/>\n<script type=\"application\/ld+json\" class=\"yoast-schema-graph\">{\"@context\":\"https:\\\/\\\/schema.org\",\"@graph\":[{\"@type\":\"WebPage\",\"@id\":\"https:\\\/\\\/kidsplay.lt\\\/produktas\\\/classic-world-klasikinis-medinis-telefonu-rinkinys-vaikams\\\/\",\"url\":\"https:\\\/\\\/kidsplay.lt\\\/produktas\\\/classic-world-klasikinis-medinis-telefonu-rinkinys-vaikams\\\/\",\"name\":\"CLASSIC WORLD klasikinis medinis telefon\u0173 rinkinys vaikams\",\"isPartOf\":{\"@id\":\"https:\\\/\\\/kidsplay.lt\\\/#website\"},\"primaryImageOfPage\":{\"@id\":\"https:\\\/\\\/kidsplay.lt\\\/produktas\\\/classic-world-klasikinis-medinis-telefonu-rinkinys-vaikams\\\/#primaryimage\"},\"image\":{\"@id\":\"https:\\\/\\\/kidsplay.lt\\\/produktas\\\/classic-world-klasikinis-medinis-telefonu-rinkinys-vaikams\\\/#primaryimage\"},\"thumbnailUrl\":\"https:\\\/\\\/kidsplay.lt\\\/wp-content\\\/uploads\\\/2026\\\/05\\\/CLASSIC-WORLD-klasikinis-medinis-telefonu-rinkinys-vaikams.jpg\",\"datePublished\":\"2026-05-10T15:30:52+00:00\",\"dateModified\":\"2026-05-13T06:39:08+00:00\",\"breadcrumb\":{\"@id\":\"https:\\\/\\\/kidsplay.lt\\\/produktas\\\/classic-world-klasikinis-medinis-telefonu-rinkinys-vaikams\\\/#breadcrumb\"},\"inLanguage\":\"lv-LV\",\"potentialAction\":[{\"@type\":\"ReadAction\",\"target\":[\"https:\\\/\\\/kidsplay.lt\\\/produktas\\\/classic-world-klasikinis-medinis-telefonu-rinkinys-vaikams\\\/\"]}]},{\"@type\":\"ImageObject\",\"inLanguage\":\"lv-LV\",\"@id\":\"https:\\\/\\\/kidsplay.lt\\\/produktas\\\/classic-world-klasikinis-medinis-telefonu-rinkinys-vaikams\\\/#primaryimage\",\"url\":\"https:\\\/\\\/kidsplay.lt\\\/wp-content\\\/uploads\\\/2026\\\/05\\\/CLASSIC-WORLD-klasikinis-medinis-telefonu-rinkinys-vaikams.jpg\",\"contentUrl\":\"https:\\\/\\\/kidsplay.lt\\\/wp-content\\\/uploads\\\/2026\\\/05\\\/CLASSIC-WORLD-klasikinis-medinis-telefonu-rinkinys-vaikams.jpg\",\"width\":2560,\"height\":2495,\"caption\":\"CLASSIC WORLD klasikinis medinis telefon\u0173 rinkinys vaikams\"},{\"@type\":\"BreadcrumbList\",\"@id\":\"https:\\\/\\\/kidsplay.lt\\\/produktas\\\/classic-world-klasikinis-medinis-telefonu-rinkinys-vaikams\\\/#breadcrumb\",\"itemListElement\":[{\"@type\":\"ListItem\",\"position\":1,\"name\":\"Pagrindinis\",\"item\":\"https:\\\/\\\/kidsplay.lt\\\/\"},{\"@type\":\"ListItem\",\"position\":2,\"name\":\"Parduotuv\u0117\",\"item\":\"https:\\\/\\\/kidsplay.lt\\\/parduotuve\\\/\"},{\"@type\":\"ListItem\",\"position\":3,\"name\":\"CLASSIC WORLD klasikinis medinis telefon\u0173 rinkinys vaikams\"}]},{\"@type\":\"WebSite\",\"@id\":\"https:\\\/\\\/kidsplay.lt\\\/#website\",\"url\":\"https:\\\/\\\/kidsplay.lt\\\/\",\"name\":\"Kidsplay.lt\",\"description\":\"\u012evairios prek\u0117s vaikams\",\"publisher\":{\"@id\":\"https:\\\/\\\/kidsplay.lt\\\/#organization\"},\"alternateName\":\"Kidsplay\",\"potentialAction\":[{\"@type\":\"SearchAction\",\"target\":{\"@type\":\"EntryPoint\",\"urlTemplate\":\"https:\\\/\\\/kidsplay.lt\\\/?s={search_term_string}\"},\"query-input\":{\"@type\":\"PropertyValueSpecification\",\"valueRequired\":true,\"valueName\":\"search_term_string\"}}],\"inLanguage\":\"lv-LV\"},{\"@type\":\"Organization\",\"@id\":\"https:\\\/\\\/kidsplay.lt\\\/#organization\",\"name\":\"KidsPlay\",\"url\":\"https:\\\/\\\/kidsplay.lt\\\/\",\"logo\":{\"@type\":\"ImageObject\",\"inLanguage\":\"lv-LV\",\"@id\":\"https:\\\/\\\/kidsplay.lt\\\/#\\\/schema\\\/logo\\\/image\\\/\",\"url\":\"https:\\\/\\\/kidsplay.lt\\\/wp-content\\\/uploads\\\/2023\\\/07\\\/kidsplay-logo.png\",\"contentUrl\":\"https:\\\/\\\/kidsplay.lt\\\/wp-content\\\/uploads\\\/2023\\\/07\\\/kidsplay-logo.png\",\"width\":451,\"height\":98,\"caption\":\"KidsPlay\"},\"image\":{\"@id\":\"https:\\\/\\\/kidsplay.lt\\\/#\\\/schema\\\/logo\\\/image\\\/\"},\"sameAs\":[\"https:\\\/\\\/www.facebook.com\\\/www.kidsplay.lt\"]}]}<\/script>\n<!-- \/ Yoast SEO plugin. -->","yoast_head_json":{"title":"CLASSIC WORLD klasisks koka telefona komplekts b\u0113rniem","robots":{"index":"index","follow":"follow","max-snippet":"max-snippet:-1","max-image-preview":"max-image-preview:large","max-video-preview":"max-video-preview:-1"},"canonical":"https:\/\/kidsplay.lt\/lv\/products\/classic-world-klasikinis-medinis-telefonu-rinkinys-vaikams\/","og_locale":"lv_LV","og_type":"article","og_title":"CLASSIC WORLD klasikinis medinis telefon\u0173 rinkinys vaikams","og_description":"\u0160is CLASSIC WORLD medinis laidinis telefonas \u2013 tai klasikinio, retro dizaino \u017eaislas, skirtas vaik\u0173 vaidmen\u0173 \u017eaidimams ir komunikacijos \u012fg\u016bd\u017ei\u0173 lavinimui.","og_url":"https:\/\/kidsplay.lt\/lv\/products\/classic-world-klasikinis-medinis-telefonu-rinkinys-vaikams\/","og_site_name":"KidsPlay","article_publisher":"https:\/\/www.facebook.com\/www.kidsplay.lt","article_modified_time":"2026-05-13T06:39:08+00:00","og_image":[{"width":2560,"height":2495,"url":"https:\/\/kidsplay.lt\/wp-content\/uploads\/2026\/05\/CLASSIC-WORLD-klasikinis-medinis-telefonu-rinkinys-vaikams.jpg","type":"image\/jpeg"}],"twitter_card":"summary_large_image","schema":{"@context":"https:\/\/schema.org","@graph":[{"@type":"WebPage","@id":"https:\/\/kidsplay.lt\/produktas\/classic-world-klasikinis-medinis-telefonu-rinkinys-vaikams\/","url":"https:\/\/kidsplay.lt\/produktas\/classic-world-klasikinis-medinis-telefonu-rinkinys-vaikams\/","name":"CLASSIC WORLD klasisks koka telefona komplekts b\u0113rniem","isPartOf":{"@id":"https:\/\/kidsplay.lt\/#website"},"primaryImageOfPage":{"@id":"https:\/\/kidsplay.lt\/produktas\/classic-world-klasikinis-medinis-telefonu-rinkinys-vaikams\/#primaryimage"},"image":{"@id":"https:\/\/kidsplay.lt\/produktas\/classic-world-klasikinis-medinis-telefonu-rinkinys-vaikams\/#primaryimage"},"thumbnailUrl":"https:\/\/kidsplay.lt\/wp-content\/uploads\/2026\/05\/CLASSIC-WORLD-klasikinis-medinis-telefonu-rinkinys-vaikams.jpg","datePublished":"2026-05-10T15:30:52+00:00","dateModified":"2026-05-13T06:39:08+00:00","breadcrumb":{"@id":"https:\/\/kidsplay.lt\/produktas\/classic-world-klasikinis-medinis-telefonu-rinkinys-vaikams\/#breadcrumb"},"inLanguage":"lv-LV","potentialAction":[{"@type":"ReadAction","target":["https:\/\/kidsplay.lt\/produktas\/classic-world-klasikinis-medinis-telefonu-rinkinys-vaikams\/"]}]},{"@type":"ImageObject","inLanguage":"lv-LV","@id":"https:\/\/kidsplay.lt\/produktas\/classic-world-klasikinis-medinis-telefonu-rinkinys-vaikams\/#primaryimage","url":"https:\/\/kidsplay.lt\/wp-content\/uploads\/2026\/05\/CLASSIC-WORLD-klasikinis-medinis-telefonu-rinkinys-vaikams.jpg","contentUrl":"https:\/\/kidsplay.lt\/wp-content\/uploads\/2026\/05\/CLASSIC-WORLD-klasikinis-medinis-telefonu-rinkinys-vaikams.jpg","width":2560,"height":2495,"caption":"CLASSIC WORLD klasikinis medinis telefon\u0173 rinkinys vaikams"},{"@type":"BreadcrumbList","@id":"https:\/\/kidsplay.lt\/produktas\/classic-world-klasikinis-medinis-telefonu-rinkinys-vaikams\/#breadcrumb","itemListElement":[{"@type":"ListItem","position":1,"name":"Pagrindinis","item":"https:\/\/kidsplay.lt\/"},{"@type":"ListItem","position":2,"name":"Parduotuv\u0117","item":"https:\/\/kidsplay.lt\/parduotuve\/"},{"@type":"ListItem","position":3,"name":"CLASSIC WORLD klasikinis medinis telefon\u0173 rinkinys vaikams"}]},{"@type":"WebSite","@id":"https:\/\/kidsplay.lt\/#website","url":"https:\/\/kidsplay.lt\/","name":"B\u0113rnu sp\u0113les.lv","description":"\u012evairios prek\u0117s vaikams","publisher":{"@id":"https:\/\/kidsplay.lt\/#organization"},"alternateName":"Kidsplay","potentialAction":[{"@type":"SearchAction","target":{"@type":"EntryPoint","urlTemplate":"https:\/\/kidsplay.lt\/?s={search_term_string}"},"query-input":{"@type":"PropertyValueSpecification","valueRequired":true,"valueName":"search_term_string"}}],"inLanguage":"lv-LV"},{"@type":"Organization","@id":"https:\/\/kidsplay.lt\/#organization","name":"B\u0113rnu sp\u0113le","url":"https:\/\/kidsplay.lt\/","logo":{"@type":"ImageObject","inLanguage":"lv-LV","@id":"https:\/\/kidsplay.lt\/#\/schema\/logo\/image\/","url":"https:\/\/kidsplay.lt\/wp-content\/uploads\/2023\/07\/kidsplay-logo.png","contentUrl":"https:\/\/kidsplay.lt\/wp-content\/uploads\/2023\/07\/kidsplay-logo.png","width":451,"height":98,"caption":"KidsPlay"},"image":{"@id":"https:\/\/kidsplay.lt\/#\/schema\/logo\/image\/"},"sameAs":["https:\/\/www.facebook.com\/www.kidsplay.lt"]}]}},"_links":{"self":[{"href":"https:\/\/kidsplay.lt\/lv\/wp-json\/wp\/v2\/product\/117903","targetHints":{"allow":["GET"]}}],"collection":[{"href":"https:\/\/kidsplay.lt\/lv\/wp-json\/wp\/v2\/product"}],"about":[{"href":"https:\/\/kidsplay.lt\/lv\/wp-json\/wp\/v2\/types\/product"}],"version-history":[{"count":1,"href":"https:\/\/kidsplay.lt\/lv\/wp-json\/wp\/v2\/product\/117903\/revisions"}],"predecessor-version":[{"id":118417,"href":"https:\/\/kidsplay.lt\/lv\/wp-json\/wp\/v2\/product\/117903\/revisions\/118417"}],"wp:featuredmedia":[{"embeddable":true,"href":"https:\/\/kidsplay.lt\/lv\/wp-json\/wp\/v2\/media\/117904"}],"wp:attachment":[{"href":"https:\/\/kidsplay.lt\/lv\/wp-json\/wp\/v2\/media?parent=117903"}],"wp:term":[{"taxonomy":"product_brand","embeddable":true,"href":"https:\/\/kidsplay.lt\/lv\/wp-json\/wp\/v2\/product_brand?post=117903"},{"taxonomy":"product_cat","embeddable":true,"href":"https:\/\/kidsplay.lt\/lv\/wp-json\/wp\/v2\/product_cat?post=117903"},{"taxonomy":"product_tag","embeddable":true,"href":"https:\/\/kidsplay.lt\/lv\/wp-json\/wp\/v2\/product_tag?post=117903"}],"curies":[{"name":"wp","href":"https:\/\/api.w.org\/{rel}","templated":true}]}}