{"id":118033,"date":"2026-05-11T18:30:18","date_gmt":"2026-05-11T15:30:18","guid":{"rendered":"https:\/\/kidsplay.lt\/produktas\/classic-world-edu-dideli-muzikos-varpeliai-vaikams\/"},"modified":"2026-05-13T09:39:18","modified_gmt":"2026-05-13T06:39:18","slug":"classic-world-edu-dideli-muzikos-varpeliai-vaikams","status":"publish","type":"product","link":"https:\/\/kidsplay.lt\/lv\/products\/classic-world-edu-dideli-muzikos-varpeliai-vaikams\/","title":{"rendered":"CLASSIC WORLD EDU dideli muzikos varpeliai vaikams"},"content":{"rendered":"<p>\u0160ie CLASSIC WORLD EDU didieji varpeliai i\u0161 EDU serijos yra lauko muzikos instrumentas, skirtas vaikams kurti garsus, ritmus ir paprastas melodijas. Jie gali b\u016bti naudojami sode, \u017eaidim\u0173 aik\u0161tel\u0117je ar bet kurioje lauko erdv\u0117je, suteikiant vaikams galimyb\u0119 muzikuoti gamtoje.<br \/>\nViena instrumento pus\u0117 pateikia pavyzdines kompozicijas, kurios padeda vaikui suprasti, kaip kurti savo melodijas. Tai ne tik muzikinis \u017eaislas, bet ir priemon\u0117 ugdyti pasitik\u0117jim\u0105 savimi bei savirai\u0161k\u0105.<br \/>\nPagaminti i\u0161 auk\u0161tos kokyb\u0117s, orui atsparios medienos i\u0161 tvari\u0173 \u0161altini\u0173, tod\u0117l tinkami naudoti lauke.<br \/>\nFunkcijas:<\/p>\n<p> \tparedz\u0113ts b\u0113rniem no 3 gadu vecuma,<br \/>\n \tEDU serijos edukacinis instrumentas,<br \/>\n \tpateikia pavyzdines melodijas mokymuisi,<br \/>\n \tatsparus oro s\u0105lygoms,<br \/>\n \tpagamintas i\u0161 auk\u0161tos kokyb\u0117s med\u017eiag\u0173.<\/p>","protected":false},"excerpt":{"rendered":"<p>\u0160ie CLASSIC WORLD EDU didieji varpeliai i\u0161 EDU serijos yra lauko muzikos instrumentas, skirtas vaikams kurti garsus, ritmus ir paprastas<\/p>","protected":false},"featured_media":118035,"template":"","meta":{"_acf_changed":false,"_glsr_average":0,"_glsr_ranking":0,"_glsr_reviews":0},"product_brand":[],"product_cat":[449,229],"product_tag":[],"class_list":{"0":"post-118033","1":"product","2":"type-product","3":"status-publish","4":"has-post-thumbnail","6":"product_cat-muzikiniai","7":"product_cat-zaislai-vaikams","8":"\"style=\"background-color: #2ecc711c;\"","10":"first","11":"instock","12":"purchasable","13":"product-type-simple"},"acf":[],"yoast_head":"<!-- This site is optimized with the Yoast SEO plugin v27.5 - https:\/\/yoast.com\/product\/yoast-seo-wordpress\/ -->\n<title>CLASSIC WORLD EDU dideli muzikos varpeliai vaikams<\/title>\n<meta name=\"robots\" content=\"index, follow, max-snippet:-1, max-image-preview:large, max-video-preview:-1\" \/>\n<link rel=\"canonical\" href=\"https:\/\/kidsplay.lt\/lv\/products\/classic-world-edu-dideli-muzikos-varpeliai-vaikams\/\" \/>\n<meta property=\"og:locale\" content=\"lv_LV\" \/>\n<meta property=\"og:type\" content=\"article\" \/>\n<meta property=\"og:title\" content=\"CLASSIC WORLD EDU dideli muzikos varpeliai vaikams\" \/>\n<meta property=\"og:description\" content=\"\u0160ie CLASSIC WORLD EDU didieji varpeliai i\u0161 EDU serijos yra lauko muzikos instrumentas, skirtas vaikams kurti garsus, ritmus ir paprastas\" \/>\n<meta property=\"og:url\" content=\"https:\/\/kidsplay.lt\/lv\/products\/classic-world-edu-dideli-muzikos-varpeliai-vaikams\/\" \/>\n<meta property=\"og:site_name\" content=\"KidsPlay\" \/>\n<meta property=\"article:publisher\" content=\"https:\/\/www.facebook.com\/www.kidsplay.lt\" \/>\n<meta property=\"article:modified_time\" content=\"2026-05-13T06:39:18+00:00\" \/>\n<meta property=\"og:image\" content=\"https:\/\/kidsplay.lt\/wp-content\/uploads\/2026\/05\/CLASSIC-WORLD-EDU-dideli-muzikos-varpeliai-vaikams.jpg\" \/>\n\t<meta property=\"og:image:width\" content=\"2560\" \/>\n\t<meta property=\"og:image:height\" content=\"2560\" \/>\n\t<meta property=\"og:image:type\" content=\"image\/jpeg\" \/>\n<meta name=\"twitter:card\" content=\"summary_large_image\" \/>\n<meta name=\"twitter:label1\" content=\"Est. reading time\" \/>\n\t<meta name=\"twitter:data1\" content=\"1 min\u016bte\" \/>\n<script type=\"application\/ld+json\" class=\"yoast-schema-graph\">{\"@context\":\"https:\\\/\\\/schema.org\",\"@graph\":[{\"@type\":\"WebPage\",\"@id\":\"https:\\\/\\\/kidsplay.lt\\\/produktas\\\/classic-world-edu-dideli-muzikos-varpeliai-vaikams\\\/\",\"url\":\"https:\\\/\\\/kidsplay.lt\\\/produktas\\\/classic-world-edu-dideli-muzikos-varpeliai-vaikams\\\/\",\"name\":\"CLASSIC WORLD EDU dideli muzikos varpeliai vaikams\",\"isPartOf\":{\"@id\":\"https:\\\/\\\/kidsplay.lt\\\/#website\"},\"primaryImageOfPage\":{\"@id\":\"https:\\\/\\\/kidsplay.lt\\\/produktas\\\/classic-world-edu-dideli-muzikos-varpeliai-vaikams\\\/#primaryimage\"},\"image\":{\"@id\":\"https:\\\/\\\/kidsplay.lt\\\/produktas\\\/classic-world-edu-dideli-muzikos-varpeliai-vaikams\\\/#primaryimage\"},\"thumbnailUrl\":\"https:\\\/\\\/kidsplay.lt\\\/wp-content\\\/uploads\\\/2026\\\/05\\\/CLASSIC-WORLD-EDU-dideli-muzikos-varpeliai-vaikams.jpg\",\"datePublished\":\"2026-05-11T15:30:18+00:00\",\"dateModified\":\"2026-05-13T06:39:18+00:00\",\"breadcrumb\":{\"@id\":\"https:\\\/\\\/kidsplay.lt\\\/produktas\\\/classic-world-edu-dideli-muzikos-varpeliai-vaikams\\\/#breadcrumb\"},\"inLanguage\":\"lv-LV\",\"potentialAction\":[{\"@type\":\"ReadAction\",\"target\":[\"https:\\\/\\\/kidsplay.lt\\\/produktas\\\/classic-world-edu-dideli-muzikos-varpeliai-vaikams\\\/\"]}]},{\"@type\":\"ImageObject\",\"inLanguage\":\"lv-LV\",\"@id\":\"https:\\\/\\\/kidsplay.lt\\\/produktas\\\/classic-world-edu-dideli-muzikos-varpeliai-vaikams\\\/#primaryimage\",\"url\":\"https:\\\/\\\/kidsplay.lt\\\/wp-content\\\/uploads\\\/2026\\\/05\\\/CLASSIC-WORLD-EDU-dideli-muzikos-varpeliai-vaikams.jpg\",\"contentUrl\":\"https:\\\/\\\/kidsplay.lt\\\/wp-content\\\/uploads\\\/2026\\\/05\\\/CLASSIC-WORLD-EDU-dideli-muzikos-varpeliai-vaikams.jpg\",\"width\":2560,\"height\":2560,\"caption\":\"CLASSIC WORLD EDU dideli muzikos varpeliai vaikams\"},{\"@type\":\"BreadcrumbList\",\"@id\":\"https:\\\/\\\/kidsplay.lt\\\/produktas\\\/classic-world-edu-dideli-muzikos-varpeliai-vaikams\\\/#breadcrumb\",\"itemListElement\":[{\"@type\":\"ListItem\",\"position\":1,\"name\":\"Pagrindinis\",\"item\":\"https:\\\/\\\/kidsplay.lt\\\/\"},{\"@type\":\"ListItem\",\"position\":2,\"name\":\"Parduotuv\u0117\",\"item\":\"https:\\\/\\\/kidsplay.lt\\\/parduotuve\\\/\"},{\"@type\":\"ListItem\",\"position\":3,\"name\":\"CLASSIC WORLD EDU dideli muzikos varpeliai vaikams\"}]},{\"@type\":\"WebSite\",\"@id\":\"https:\\\/\\\/kidsplay.lt\\\/#website\",\"url\":\"https:\\\/\\\/kidsplay.lt\\\/\",\"name\":\"Kidsplay.lt\",\"description\":\"\u012evairios prek\u0117s vaikams\",\"publisher\":{\"@id\":\"https:\\\/\\\/kidsplay.lt\\\/#organization\"},\"alternateName\":\"Kidsplay\",\"potentialAction\":[{\"@type\":\"SearchAction\",\"target\":{\"@type\":\"EntryPoint\",\"urlTemplate\":\"https:\\\/\\\/kidsplay.lt\\\/?s={search_term_string}\"},\"query-input\":{\"@type\":\"PropertyValueSpecification\",\"valueRequired\":true,\"valueName\":\"search_term_string\"}}],\"inLanguage\":\"lv-LV\"},{\"@type\":\"Organization\",\"@id\":\"https:\\\/\\\/kidsplay.lt\\\/#organization\",\"name\":\"KidsPlay\",\"url\":\"https:\\\/\\\/kidsplay.lt\\\/\",\"logo\":{\"@type\":\"ImageObject\",\"inLanguage\":\"lv-LV\",\"@id\":\"https:\\\/\\\/kidsplay.lt\\\/#\\\/schema\\\/logo\\\/image\\\/\",\"url\":\"https:\\\/\\\/kidsplay.lt\\\/wp-content\\\/uploads\\\/2023\\\/07\\\/kidsplay-logo.png\",\"contentUrl\":\"https:\\\/\\\/kidsplay.lt\\\/wp-content\\\/uploads\\\/2023\\\/07\\\/kidsplay-logo.png\",\"width\":451,\"height\":98,\"caption\":\"KidsPlay\"},\"image\":{\"@id\":\"https:\\\/\\\/kidsplay.lt\\\/#\\\/schema\\\/logo\\\/image\\\/\"},\"sameAs\":[\"https:\\\/\\\/www.facebook.com\\\/www.kidsplay.lt\"]}]}<\/script>\n<!-- \/ Yoast SEO plugin. -->","yoast_head_json":{"title":"CLASSIC WORLD EDU dideli muzikos varpeliai vaikams","robots":{"index":"index","follow":"follow","max-snippet":"max-snippet:-1","max-image-preview":"max-image-preview:large","max-video-preview":"max-video-preview:-1"},"canonical":"https:\/\/kidsplay.lt\/lv\/products\/classic-world-edu-dideli-muzikos-varpeliai-vaikams\/","og_locale":"lv_LV","og_type":"article","og_title":"CLASSIC WORLD EDU dideli muzikos varpeliai vaikams","og_description":"\u0160ie CLASSIC WORLD EDU didieji varpeliai i\u0161 EDU serijos yra lauko muzikos instrumentas, skirtas vaikams kurti garsus, ritmus ir paprastas","og_url":"https:\/\/kidsplay.lt\/lv\/products\/classic-world-edu-dideli-muzikos-varpeliai-vaikams\/","og_site_name":"KidsPlay","article_publisher":"https:\/\/www.facebook.com\/www.kidsplay.lt","article_modified_time":"2026-05-13T06:39:18+00:00","og_image":[{"width":2560,"height":2560,"url":"https:\/\/kidsplay.lt\/wp-content\/uploads\/2026\/05\/CLASSIC-WORLD-EDU-dideli-muzikos-varpeliai-vaikams.jpg","type":"image\/jpeg"}],"twitter_card":"summary_large_image","twitter_misc":{"Est. reading time":"1 min\u016bte"},"schema":{"@context":"https:\/\/schema.org","@graph":[{"@type":"WebPage","@id":"https:\/\/kidsplay.lt\/produktas\/classic-world-edu-dideli-muzikos-varpeliai-vaikams\/","url":"https:\/\/kidsplay.lt\/produktas\/classic-world-edu-dideli-muzikos-varpeliai-vaikams\/","name":"CLASSIC WORLD EDU dideli muzikos varpeliai vaikams","isPartOf":{"@id":"https:\/\/kidsplay.lt\/#website"},"primaryImageOfPage":{"@id":"https:\/\/kidsplay.lt\/produktas\/classic-world-edu-dideli-muzikos-varpeliai-vaikams\/#primaryimage"},"image":{"@id":"https:\/\/kidsplay.lt\/produktas\/classic-world-edu-dideli-muzikos-varpeliai-vaikams\/#primaryimage"},"thumbnailUrl":"https:\/\/kidsplay.lt\/wp-content\/uploads\/2026\/05\/CLASSIC-WORLD-EDU-dideli-muzikos-varpeliai-vaikams.jpg","datePublished":"2026-05-11T15:30:18+00:00","dateModified":"2026-05-13T06:39:18+00:00","breadcrumb":{"@id":"https:\/\/kidsplay.lt\/produktas\/classic-world-edu-dideli-muzikos-varpeliai-vaikams\/#breadcrumb"},"inLanguage":"lv-LV","potentialAction":[{"@type":"ReadAction","target":["https:\/\/kidsplay.lt\/produktas\/classic-world-edu-dideli-muzikos-varpeliai-vaikams\/"]}]},{"@type":"ImageObject","inLanguage":"lv-LV","@id":"https:\/\/kidsplay.lt\/produktas\/classic-world-edu-dideli-muzikos-varpeliai-vaikams\/#primaryimage","url":"https:\/\/kidsplay.lt\/wp-content\/uploads\/2026\/05\/CLASSIC-WORLD-EDU-dideli-muzikos-varpeliai-vaikams.jpg","contentUrl":"https:\/\/kidsplay.lt\/wp-content\/uploads\/2026\/05\/CLASSIC-WORLD-EDU-dideli-muzikos-varpeliai-vaikams.jpg","width":2560,"height":2560,"caption":"CLASSIC WORLD EDU dideli muzikos varpeliai vaikams"},{"@type":"BreadcrumbList","@id":"https:\/\/kidsplay.lt\/produktas\/classic-world-edu-dideli-muzikos-varpeliai-vaikams\/#breadcrumb","itemListElement":[{"@type":"ListItem","position":1,"name":"Pagrindinis","item":"https:\/\/kidsplay.lt\/"},{"@type":"ListItem","position":2,"name":"Parduotuv\u0117","item":"https:\/\/kidsplay.lt\/parduotuve\/"},{"@type":"ListItem","position":3,"name":"CLASSIC WORLD EDU dideli muzikos varpeliai vaikams"}]},{"@type":"WebSite","@id":"https:\/\/kidsplay.lt\/#website","url":"https:\/\/kidsplay.lt\/","name":"B\u0113rnu sp\u0113les.lv","description":"\u012evairios prek\u0117s vaikams","publisher":{"@id":"https:\/\/kidsplay.lt\/#organization"},"alternateName":"Kidsplay","potentialAction":[{"@type":"SearchAction","target":{"@type":"EntryPoint","urlTemplate":"https:\/\/kidsplay.lt\/?s={search_term_string}"},"query-input":{"@type":"PropertyValueSpecification","valueRequired":true,"valueName":"search_term_string"}}],"inLanguage":"lv-LV"},{"@type":"Organization","@id":"https:\/\/kidsplay.lt\/#organization","name":"B\u0113rnu sp\u0113le","url":"https:\/\/kidsplay.lt\/","logo":{"@type":"ImageObject","inLanguage":"lv-LV","@id":"https:\/\/kidsplay.lt\/#\/schema\/logo\/image\/","url":"https:\/\/kidsplay.lt\/wp-content\/uploads\/2023\/07\/kidsplay-logo.png","contentUrl":"https:\/\/kidsplay.lt\/wp-content\/uploads\/2023\/07\/kidsplay-logo.png","width":451,"height":98,"caption":"KidsPlay"},"image":{"@id":"https:\/\/kidsplay.lt\/#\/schema\/logo\/image\/"},"sameAs":["https:\/\/www.facebook.com\/www.kidsplay.lt"]}]}},"_links":{"self":[{"href":"https:\/\/kidsplay.lt\/lv\/wp-json\/wp\/v2\/product\/118033","targetHints":{"allow":["GET"]}}],"collection":[{"href":"https:\/\/kidsplay.lt\/lv\/wp-json\/wp\/v2\/product"}],"about":[{"href":"https:\/\/kidsplay.lt\/lv\/wp-json\/wp\/v2\/types\/product"}],"version-history":[{"count":1,"href":"https:\/\/kidsplay.lt\/lv\/wp-json\/wp\/v2\/product\/118033\/revisions"}],"predecessor-version":[{"id":118034,"href":"https:\/\/kidsplay.lt\/lv\/wp-json\/wp\/v2\/product\/118033\/revisions\/118034"}],"wp:featuredmedia":[{"embeddable":true,"href":"https:\/\/kidsplay.lt\/lv\/wp-json\/wp\/v2\/media\/118035"}],"wp:attachment":[{"href":"https:\/\/kidsplay.lt\/lv\/wp-json\/wp\/v2\/media?parent=118033"}],"wp:term":[{"taxonomy":"product_brand","embeddable":true,"href":"https:\/\/kidsplay.lt\/lv\/wp-json\/wp\/v2\/product_brand?post=118033"},{"taxonomy":"product_cat","embeddable":true,"href":"https:\/\/kidsplay.lt\/lv\/wp-json\/wp\/v2\/product_cat?post=118033"},{"taxonomy":"product_tag","embeddable":true,"href":"https:\/\/kidsplay.lt\/lv\/wp-json\/wp\/v2\/product_tag?post=118033"}],"curies":[{"name":"wp","href":"https:\/\/api.w.org\/{rel}","templated":true}]}}