{"id":118281,"date":"2026-05-13T09:32:53","date_gmt":"2026-05-13T06:32:53","guid":{"rendered":"https:\/\/kidsplay.lt\/produktas\/rolly-toys-joskin-halfpipe-savivarte-priekaba\/"},"modified":"2026-05-13T09:33:01","modified_gmt":"2026-05-13T06:33:01","slug":"rolly-toys-joskin-halfpipe-savivarte-priekaba","status":"publish","type":"product","link":"https:\/\/kidsplay.lt\/lv\/products\/rolly-toys-joskin-halfpipe-savivarte-priekaba\/","title":{"rendered":"Rolly Toys Joskin Halfpipe savivart\u0117 priekaba"},"content":{"rendered":"<p>Rolly Toys Joskin Halfpipe savivart\u0117 priekaba \u2013 stabili ir tvirta vaiki\u0161ka priekaba, skirta visiems Rolly Toys traktoriams\u2714 Sukurta realisti\u0161kiems \u201e\u016bkio darb\u0173\u201c \u017eaidimams<\/p>\n<p>Funkcijas:<\/p>\n<p> \tDviguba a\u0161is \u2013 didesnis stabilumas va\u017eiuojant<br \/>\n \tSavivart\u0117s mechanizmas \u2013 lengvas krovinio i\u0161vertimas<br \/>\n \tSuderinama su visais Rolly Toys traktoriais<br \/>\n \tTvirta konstrukcija, pritaikyta intensyviam naudojimui<br \/>\n \tLengvai prikabinama prie traktoriaus<\/p>","protected":false},"excerpt":{"rendered":"<p>Rolly Toys Joskin Halfpipe savivart\u0117 priekaba \u2013 stabili ir tvirta vaiki\u0161ka priekaba, skirta visiems Rolly Toys traktoriams\u2714 Sukurta realisti\u0161kiems \u201e\u016bkio<\/p>","protected":false},"featured_media":118283,"template":"","meta":{"_acf_changed":false,"_glsr_average":0,"_glsr_ranking":0,"_glsr_reviews":0},"product_brand":[],"product_cat":[237,433],"product_tag":[],"class_list":{"0":"post-118281","1":"product","2":"type-product","3":"status-publish","4":"has-post-thumbnail","6":"product_cat-judejimo-priemones","7":"product_cat-priedai-judejimo-priemones","8":"\"style=\"background-color: #2ecc711c;\"","10":"first","11":"instock","12":"purchasable","13":"product-type-simple"},"acf":[],"yoast_head":"<!-- This site is optimized with the Yoast SEO plugin v27.5 - https:\/\/yoast.com\/product\/yoast-seo-wordpress\/ -->\n<title>Rolly Toys Joskin Halfpipe savivart\u0117 priekaba<\/title>\n<meta name=\"robots\" content=\"index, follow, max-snippet:-1, max-image-preview:large, max-video-preview:-1\" \/>\n<link rel=\"canonical\" href=\"https:\/\/kidsplay.lt\/lv\/products\/rolly-toys-joskin-halfpipe-savivarte-priekaba\/\" \/>\n<meta property=\"og:locale\" content=\"lv_LV\" \/>\n<meta property=\"og:type\" content=\"article\" \/>\n<meta property=\"og:title\" content=\"Rolly Toys Joskin Halfpipe savivart\u0117 priekaba\" \/>\n<meta property=\"og:description\" content=\"Rolly Toys Joskin Halfpipe savivart\u0117 priekaba \u2013 stabili ir tvirta vaiki\u0161ka priekaba, skirta visiems Rolly Toys traktoriams\u2714 Sukurta realisti\u0161kiems \u201e\u016bkio\" \/>\n<meta property=\"og:url\" content=\"https:\/\/kidsplay.lt\/lv\/products\/rolly-toys-joskin-halfpipe-savivarte-priekaba\/\" \/>\n<meta property=\"og:site_name\" content=\"KidsPlay\" \/>\n<meta property=\"article:publisher\" content=\"https:\/\/www.facebook.com\/www.kidsplay.lt\" \/>\n<meta property=\"article:modified_time\" content=\"2026-05-13T06:33:01+00:00\" \/>\n<meta property=\"og:image\" content=\"https:\/\/kidsplay.lt\/wp-content\/uploads\/2026\/05\/Rolly-Toys-Joskin-Halfpipe-savivarte-priekaba.jpg\" \/>\n\t<meta property=\"og:image:width\" content=\"1280\" \/>\n\t<meta property=\"og:image:height\" content=\"1280\" \/>\n\t<meta property=\"og:image:type\" content=\"image\/jpeg\" \/>\n<meta name=\"twitter:card\" content=\"summary_large_image\" \/>\n<script type=\"application\/ld+json\" class=\"yoast-schema-graph\">{\"@context\":\"https:\\\/\\\/schema.org\",\"@graph\":[{\"@type\":\"WebPage\",\"@id\":\"https:\\\/\\\/kidsplay.lt\\\/produktas\\\/rolly-toys-joskin-halfpipe-savivarte-priekaba\\\/\",\"url\":\"https:\\\/\\\/kidsplay.lt\\\/produktas\\\/rolly-toys-joskin-halfpipe-savivarte-priekaba\\\/\",\"name\":\"Rolly Toys Joskin Halfpipe savivart\u0117 priekaba\",\"isPartOf\":{\"@id\":\"https:\\\/\\\/kidsplay.lt\\\/#website\"},\"primaryImageOfPage\":{\"@id\":\"https:\\\/\\\/kidsplay.lt\\\/produktas\\\/rolly-toys-joskin-halfpipe-savivarte-priekaba\\\/#primaryimage\"},\"image\":{\"@id\":\"https:\\\/\\\/kidsplay.lt\\\/produktas\\\/rolly-toys-joskin-halfpipe-savivarte-priekaba\\\/#primaryimage\"},\"thumbnailUrl\":\"https:\\\/\\\/kidsplay.lt\\\/wp-content\\\/uploads\\\/2026\\\/05\\\/Rolly-Toys-Joskin-Halfpipe-savivarte-priekaba.jpg\",\"datePublished\":\"2026-05-13T06:32:53+00:00\",\"dateModified\":\"2026-05-13T06:33:01+00:00\",\"breadcrumb\":{\"@id\":\"https:\\\/\\\/kidsplay.lt\\\/produktas\\\/rolly-toys-joskin-halfpipe-savivarte-priekaba\\\/#breadcrumb\"},\"inLanguage\":\"lv-LV\",\"potentialAction\":[{\"@type\":\"ReadAction\",\"target\":[\"https:\\\/\\\/kidsplay.lt\\\/produktas\\\/rolly-toys-joskin-halfpipe-savivarte-priekaba\\\/\"]}]},{\"@type\":\"ImageObject\",\"inLanguage\":\"lv-LV\",\"@id\":\"https:\\\/\\\/kidsplay.lt\\\/produktas\\\/rolly-toys-joskin-halfpipe-savivarte-priekaba\\\/#primaryimage\",\"url\":\"https:\\\/\\\/kidsplay.lt\\\/wp-content\\\/uploads\\\/2026\\\/05\\\/Rolly-Toys-Joskin-Halfpipe-savivarte-priekaba.jpg\",\"contentUrl\":\"https:\\\/\\\/kidsplay.lt\\\/wp-content\\\/uploads\\\/2026\\\/05\\\/Rolly-Toys-Joskin-Halfpipe-savivarte-priekaba.jpg\",\"width\":1280,\"height\":1280,\"caption\":\"Rolly Toys Joskin Halfpipe savivart\u0117 priekaba\"},{\"@type\":\"BreadcrumbList\",\"@id\":\"https:\\\/\\\/kidsplay.lt\\\/produktas\\\/rolly-toys-joskin-halfpipe-savivarte-priekaba\\\/#breadcrumb\",\"itemListElement\":[{\"@type\":\"ListItem\",\"position\":1,\"name\":\"Pagrindinis\",\"item\":\"https:\\\/\\\/kidsplay.lt\\\/\"},{\"@type\":\"ListItem\",\"position\":2,\"name\":\"Parduotuv\u0117\",\"item\":\"https:\\\/\\\/kidsplay.lt\\\/parduotuve\\\/\"},{\"@type\":\"ListItem\",\"position\":3,\"name\":\"Rolly Toys Joskin Halfpipe savivart\u0117 priekaba\"}]},{\"@type\":\"WebSite\",\"@id\":\"https:\\\/\\\/kidsplay.lt\\\/#website\",\"url\":\"https:\\\/\\\/kidsplay.lt\\\/\",\"name\":\"Kidsplay.lt\",\"description\":\"\u012evairios prek\u0117s vaikams\",\"publisher\":{\"@id\":\"https:\\\/\\\/kidsplay.lt\\\/#organization\"},\"alternateName\":\"Kidsplay\",\"potentialAction\":[{\"@type\":\"SearchAction\",\"target\":{\"@type\":\"EntryPoint\",\"urlTemplate\":\"https:\\\/\\\/kidsplay.lt\\\/?s={search_term_string}\"},\"query-input\":{\"@type\":\"PropertyValueSpecification\",\"valueRequired\":true,\"valueName\":\"search_term_string\"}}],\"inLanguage\":\"lv-LV\"},{\"@type\":\"Organization\",\"@id\":\"https:\\\/\\\/kidsplay.lt\\\/#organization\",\"name\":\"KidsPlay\",\"url\":\"https:\\\/\\\/kidsplay.lt\\\/\",\"logo\":{\"@type\":\"ImageObject\",\"inLanguage\":\"lv-LV\",\"@id\":\"https:\\\/\\\/kidsplay.lt\\\/#\\\/schema\\\/logo\\\/image\\\/\",\"url\":\"https:\\\/\\\/kidsplay.lt\\\/wp-content\\\/uploads\\\/2023\\\/07\\\/kidsplay-logo.png\",\"contentUrl\":\"https:\\\/\\\/kidsplay.lt\\\/wp-content\\\/uploads\\\/2023\\\/07\\\/kidsplay-logo.png\",\"width\":451,\"height\":98,\"caption\":\"KidsPlay\"},\"image\":{\"@id\":\"https:\\\/\\\/kidsplay.lt\\\/#\\\/schema\\\/logo\\\/image\\\/\"},\"sameAs\":[\"https:\\\/\\\/www.facebook.com\\\/www.kidsplay.lt\"]}]}<\/script>\n<!-- \/ Yoast SEO plugin. -->","yoast_head_json":{"title":"Rolly Toys Joskin Halfpipe savivart\u0117 priekaba","robots":{"index":"index","follow":"follow","max-snippet":"max-snippet:-1","max-image-preview":"max-image-preview:large","max-video-preview":"max-video-preview:-1"},"canonical":"https:\/\/kidsplay.lt\/lv\/products\/rolly-toys-joskin-halfpipe-savivarte-priekaba\/","og_locale":"lv_LV","og_type":"article","og_title":"Rolly Toys Joskin Halfpipe savivart\u0117 priekaba","og_description":"Rolly Toys Joskin Halfpipe savivart\u0117 priekaba \u2013 stabili ir tvirta vaiki\u0161ka priekaba, skirta visiems Rolly Toys traktoriams\u2714 Sukurta realisti\u0161kiems \u201e\u016bkio","og_url":"https:\/\/kidsplay.lt\/lv\/products\/rolly-toys-joskin-halfpipe-savivarte-priekaba\/","og_site_name":"KidsPlay","article_publisher":"https:\/\/www.facebook.com\/www.kidsplay.lt","article_modified_time":"2026-05-13T06:33:01+00:00","og_image":[{"width":1280,"height":1280,"url":"https:\/\/kidsplay.lt\/wp-content\/uploads\/2026\/05\/Rolly-Toys-Joskin-Halfpipe-savivarte-priekaba.jpg","type":"image\/jpeg"}],"twitter_card":"summary_large_image","schema":{"@context":"https:\/\/schema.org","@graph":[{"@type":"WebPage","@id":"https:\/\/kidsplay.lt\/produktas\/rolly-toys-joskin-halfpipe-savivarte-priekaba\/","url":"https:\/\/kidsplay.lt\/produktas\/rolly-toys-joskin-halfpipe-savivarte-priekaba\/","name":"Rolly Toys Joskin Halfpipe savivart\u0117 priekaba","isPartOf":{"@id":"https:\/\/kidsplay.lt\/#website"},"primaryImageOfPage":{"@id":"https:\/\/kidsplay.lt\/produktas\/rolly-toys-joskin-halfpipe-savivarte-priekaba\/#primaryimage"},"image":{"@id":"https:\/\/kidsplay.lt\/produktas\/rolly-toys-joskin-halfpipe-savivarte-priekaba\/#primaryimage"},"thumbnailUrl":"https:\/\/kidsplay.lt\/wp-content\/uploads\/2026\/05\/Rolly-Toys-Joskin-Halfpipe-savivarte-priekaba.jpg","datePublished":"2026-05-13T06:32:53+00:00","dateModified":"2026-05-13T06:33:01+00:00","breadcrumb":{"@id":"https:\/\/kidsplay.lt\/produktas\/rolly-toys-joskin-halfpipe-savivarte-priekaba\/#breadcrumb"},"inLanguage":"lv-LV","potentialAction":[{"@type":"ReadAction","target":["https:\/\/kidsplay.lt\/produktas\/rolly-toys-joskin-halfpipe-savivarte-priekaba\/"]}]},{"@type":"ImageObject","inLanguage":"lv-LV","@id":"https:\/\/kidsplay.lt\/produktas\/rolly-toys-joskin-halfpipe-savivarte-priekaba\/#primaryimage","url":"https:\/\/kidsplay.lt\/wp-content\/uploads\/2026\/05\/Rolly-Toys-Joskin-Halfpipe-savivarte-priekaba.jpg","contentUrl":"https:\/\/kidsplay.lt\/wp-content\/uploads\/2026\/05\/Rolly-Toys-Joskin-Halfpipe-savivarte-priekaba.jpg","width":1280,"height":1280,"caption":"Rolly Toys Joskin Halfpipe savivart\u0117 priekaba"},{"@type":"BreadcrumbList","@id":"https:\/\/kidsplay.lt\/produktas\/rolly-toys-joskin-halfpipe-savivarte-priekaba\/#breadcrumb","itemListElement":[{"@type":"ListItem","position":1,"name":"Pagrindinis","item":"https:\/\/kidsplay.lt\/"},{"@type":"ListItem","position":2,"name":"Parduotuv\u0117","item":"https:\/\/kidsplay.lt\/parduotuve\/"},{"@type":"ListItem","position":3,"name":"Rolly Toys Joskin Halfpipe savivart\u0117 priekaba"}]},{"@type":"WebSite","@id":"https:\/\/kidsplay.lt\/#website","url":"https:\/\/kidsplay.lt\/","name":"B\u0113rnu sp\u0113les.lv","description":"\u012evairios prek\u0117s vaikams","publisher":{"@id":"https:\/\/kidsplay.lt\/#organization"},"alternateName":"Kidsplay","potentialAction":[{"@type":"SearchAction","target":{"@type":"EntryPoint","urlTemplate":"https:\/\/kidsplay.lt\/?s={search_term_string}"},"query-input":{"@type":"PropertyValueSpecification","valueRequired":true,"valueName":"search_term_string"}}],"inLanguage":"lv-LV"},{"@type":"Organization","@id":"https:\/\/kidsplay.lt\/#organization","name":"B\u0113rnu sp\u0113le","url":"https:\/\/kidsplay.lt\/","logo":{"@type":"ImageObject","inLanguage":"lv-LV","@id":"https:\/\/kidsplay.lt\/#\/schema\/logo\/image\/","url":"https:\/\/kidsplay.lt\/wp-content\/uploads\/2023\/07\/kidsplay-logo.png","contentUrl":"https:\/\/kidsplay.lt\/wp-content\/uploads\/2023\/07\/kidsplay-logo.png","width":451,"height":98,"caption":"KidsPlay"},"image":{"@id":"https:\/\/kidsplay.lt\/#\/schema\/logo\/image\/"},"sameAs":["https:\/\/www.facebook.com\/www.kidsplay.lt"]}]}},"_links":{"self":[{"href":"https:\/\/kidsplay.lt\/lv\/wp-json\/wp\/v2\/product\/118281","targetHints":{"allow":["GET"]}}],"collection":[{"href":"https:\/\/kidsplay.lt\/lv\/wp-json\/wp\/v2\/product"}],"about":[{"href":"https:\/\/kidsplay.lt\/lv\/wp-json\/wp\/v2\/types\/product"}],"version-history":[{"count":1,"href":"https:\/\/kidsplay.lt\/lv\/wp-json\/wp\/v2\/product\/118281\/revisions"}],"predecessor-version":[{"id":118282,"href":"https:\/\/kidsplay.lt\/lv\/wp-json\/wp\/v2\/product\/118281\/revisions\/118282"}],"wp:featuredmedia":[{"embeddable":true,"href":"https:\/\/kidsplay.lt\/lv\/wp-json\/wp\/v2\/media\/118283"}],"wp:attachment":[{"href":"https:\/\/kidsplay.lt\/lv\/wp-json\/wp\/v2\/media?parent=118281"}],"wp:term":[{"taxonomy":"product_brand","embeddable":true,"href":"https:\/\/kidsplay.lt\/lv\/wp-json\/wp\/v2\/product_brand?post=118281"},{"taxonomy":"product_cat","embeddable":true,"href":"https:\/\/kidsplay.lt\/lv\/wp-json\/wp\/v2\/product_cat?post=118281"},{"taxonomy":"product_tag","embeddable":true,"href":"https:\/\/kidsplay.lt\/lv\/wp-json\/wp\/v2\/product_tag?post=118281"}],"curies":[{"name":"wp","href":"https:\/\/api.w.org\/{rel}","templated":true}]}}