{"id":118295,"date":"2026-05-13T09:33:28","date_gmt":"2026-05-13T06:33:28","guid":{"rendered":"https:\/\/kidsplay.lt\/produktas\/rolly-toys-rollykipper-ii-john-deere-priekaba-vaikams\/"},"modified":"2026-05-13T09:33:29","modified_gmt":"2026-05-13T06:33:29","slug":"rolly-toys-rollykipper-ii-john-deere-priekaba-vaikams","status":"publish","type":"product","link":"https:\/\/kidsplay.lt\/lv\/products\/rolly-toys-rollykipper-ii-john-deere-priekaba-vaikams\/","title":{"rendered":"Rolly Toys RollyKipper II John Deere priekaba vaikams"},"content":{"rendered":"<p>\u2714 Rolly Toys \u201eRolly Kipper II John Deere\u201c \u2013 \u017ealia vaiki\u0161ka priekaba ma\u017eiesiems traktoristams\u2714 Skirta prisijungti prie Rolly Toys pedalini\u0173 traktori\u0173<\/p>\n<p>Funkcijas:<\/p>\n<p> \tPriekaba su i\u0161vertimo (tipping) funkcija \u2013 lengva i\u0161krauti sm\u0117l\u012f, lapus ar kitus daiktus<br \/>\n \tAutomatin\u0117 u\u017erakinimo sistema saugesniam naudojimui<br \/>\n \tTvirtos, auk\u0161tos kokyb\u0117s plastikin\u0117s rat\u0173 konstrukcijos<br \/>\n \tLengvai prikabinama prie traktoriaus<br \/>\n \tDalinai surenkama \u2013 paprastos instrukcijos<\/p>\n<p>Tinkamumas:<\/p>\n<p> \tVaikams nuo ~3 iki 8\u201310 met\u0173 (priklausomai nuo traktoriaus modelio)<\/p>\n<p>\u2714 Lavina vaizduot\u0119, fizin\u012f aktyvum\u0105 ir koordinacij\u0105\u2714 Puikiai tinka \u201ema\u017eojo \u016bkininko\u201c \u017eaidimams lauke \u2013 sm\u0117liui, lapams ar \u201ederliui\u201c ve\u017eioti<\/p>","protected":false},"excerpt":{"rendered":"<p>\u2714 Rolly Toys \u201eRolly Kipper II John Deere\u201c \u2013 \u017ealia vaiki\u0161ka priekaba ma\u017eiesiems traktoristams\u2714 Skirta prisijungti prie Rolly Toys pedalini\u0173<\/p>","protected":false},"featured_media":118297,"template":"","meta":{"_acf_changed":false,"_glsr_average":0,"_glsr_ranking":0,"_glsr_reviews":0},"product_brand":[],"product_cat":[237,433],"product_tag":[],"class_list":{"0":"post-118295","1":"product","2":"type-product","3":"status-publish","4":"has-post-thumbnail","6":"product_cat-judejimo-priemones","7":"product_cat-priedai-judejimo-priemones","8":"\"style=\"background-color: #2ecc711c;\"","10":"first","11":"instock","12":"purchasable","13":"product-type-simple"},"acf":[],"yoast_head":"<!-- This site is optimized with the Yoast SEO plugin v27.5 - https:\/\/yoast.com\/product\/yoast-seo-wordpress\/ -->\n<title>Rolly Toys RollyKipper II John Deere priekaba vaikams<\/title>\n<meta name=\"robots\" content=\"index, follow, max-snippet:-1, max-image-preview:large, max-video-preview:-1\" \/>\n<link rel=\"canonical\" href=\"https:\/\/kidsplay.lt\/lv\/products\/rolly-toys-rollykipper-ii-john-deere-priekaba-vaikams\/\" \/>\n<meta property=\"og:locale\" content=\"lv_LV\" \/>\n<meta property=\"og:type\" content=\"article\" \/>\n<meta property=\"og:title\" content=\"Rolly Toys RollyKipper II John Deere priekaba vaikams\" \/>\n<meta property=\"og:description\" content=\"\u2714 Rolly Toys \u201eRolly Kipper II John Deere\u201c \u2013 \u017ealia vaiki\u0161ka priekaba ma\u017eiesiems traktoristams\u2714 Skirta prisijungti prie Rolly Toys pedalini\u0173\" \/>\n<meta property=\"og:url\" content=\"https:\/\/kidsplay.lt\/lv\/products\/rolly-toys-rollykipper-ii-john-deere-priekaba-vaikams\/\" \/>\n<meta property=\"og:site_name\" content=\"KidsPlay\" \/>\n<meta property=\"article:publisher\" content=\"https:\/\/www.facebook.com\/www.kidsplay.lt\" \/>\n<meta property=\"article:modified_time\" content=\"2026-05-13T06:33:29+00:00\" \/>\n<meta property=\"og:image\" content=\"https:\/\/kidsplay.lt\/wp-content\/uploads\/2026\/05\/Rolly-Toys-RollyKipper-II-John-Deere-priekaba-vaikams.jpg\" \/>\n\t<meta property=\"og:image:width\" content=\"1697\" \/>\n\t<meta property=\"og:image:height\" content=\"1200\" \/>\n\t<meta property=\"og:image:type\" content=\"image\/jpeg\" \/>\n<meta name=\"twitter:card\" content=\"summary_large_image\" \/>\n<script type=\"application\/ld+json\" class=\"yoast-schema-graph\">{\"@context\":\"https:\\\/\\\/schema.org\",\"@graph\":[{\"@type\":\"WebPage\",\"@id\":\"https:\\\/\\\/kidsplay.lt\\\/produktas\\\/rolly-toys-rollykipper-ii-john-deere-priekaba-vaikams\\\/\",\"url\":\"https:\\\/\\\/kidsplay.lt\\\/produktas\\\/rolly-toys-rollykipper-ii-john-deere-priekaba-vaikams\\\/\",\"name\":\"Rolly Toys RollyKipper II John Deere priekaba vaikams\",\"isPartOf\":{\"@id\":\"https:\\\/\\\/kidsplay.lt\\\/#website\"},\"primaryImageOfPage\":{\"@id\":\"https:\\\/\\\/kidsplay.lt\\\/produktas\\\/rolly-toys-rollykipper-ii-john-deere-priekaba-vaikams\\\/#primaryimage\"},\"image\":{\"@id\":\"https:\\\/\\\/kidsplay.lt\\\/produktas\\\/rolly-toys-rollykipper-ii-john-deere-priekaba-vaikams\\\/#primaryimage\"},\"thumbnailUrl\":\"https:\\\/\\\/kidsplay.lt\\\/wp-content\\\/uploads\\\/2026\\\/05\\\/Rolly-Toys-RollyKipper-II-John-Deere-priekaba-vaikams.jpg\",\"datePublished\":\"2026-05-13T06:33:28+00:00\",\"dateModified\":\"2026-05-13T06:33:29+00:00\",\"breadcrumb\":{\"@id\":\"https:\\\/\\\/kidsplay.lt\\\/produktas\\\/rolly-toys-rollykipper-ii-john-deere-priekaba-vaikams\\\/#breadcrumb\"},\"inLanguage\":\"lv-LV\",\"potentialAction\":[{\"@type\":\"ReadAction\",\"target\":[\"https:\\\/\\\/kidsplay.lt\\\/produktas\\\/rolly-toys-rollykipper-ii-john-deere-priekaba-vaikams\\\/\"]}]},{\"@type\":\"ImageObject\",\"inLanguage\":\"lv-LV\",\"@id\":\"https:\\\/\\\/kidsplay.lt\\\/produktas\\\/rolly-toys-rollykipper-ii-john-deere-priekaba-vaikams\\\/#primaryimage\",\"url\":\"https:\\\/\\\/kidsplay.lt\\\/wp-content\\\/uploads\\\/2026\\\/05\\\/Rolly-Toys-RollyKipper-II-John-Deere-priekaba-vaikams.jpg\",\"contentUrl\":\"https:\\\/\\\/kidsplay.lt\\\/wp-content\\\/uploads\\\/2026\\\/05\\\/Rolly-Toys-RollyKipper-II-John-Deere-priekaba-vaikams.jpg\",\"width\":1697,\"height\":1200,\"caption\":\"Rolly Toys RollyKipper II John Deere priekaba vaikams\"},{\"@type\":\"BreadcrumbList\",\"@id\":\"https:\\\/\\\/kidsplay.lt\\\/produktas\\\/rolly-toys-rollykipper-ii-john-deere-priekaba-vaikams\\\/#breadcrumb\",\"itemListElement\":[{\"@type\":\"ListItem\",\"position\":1,\"name\":\"Pagrindinis\",\"item\":\"https:\\\/\\\/kidsplay.lt\\\/\"},{\"@type\":\"ListItem\",\"position\":2,\"name\":\"Parduotuv\u0117\",\"item\":\"https:\\\/\\\/kidsplay.lt\\\/parduotuve\\\/\"},{\"@type\":\"ListItem\",\"position\":3,\"name\":\"Rolly Toys RollyKipper II John Deere priekaba vaikams\"}]},{\"@type\":\"WebSite\",\"@id\":\"https:\\\/\\\/kidsplay.lt\\\/#website\",\"url\":\"https:\\\/\\\/kidsplay.lt\\\/\",\"name\":\"Kidsplay.lt\",\"description\":\"\u012evairios prek\u0117s vaikams\",\"publisher\":{\"@id\":\"https:\\\/\\\/kidsplay.lt\\\/#organization\"},\"alternateName\":\"Kidsplay\",\"potentialAction\":[{\"@type\":\"SearchAction\",\"target\":{\"@type\":\"EntryPoint\",\"urlTemplate\":\"https:\\\/\\\/kidsplay.lt\\\/?s={search_term_string}\"},\"query-input\":{\"@type\":\"PropertyValueSpecification\",\"valueRequired\":true,\"valueName\":\"search_term_string\"}}],\"inLanguage\":\"lv-LV\"},{\"@type\":\"Organization\",\"@id\":\"https:\\\/\\\/kidsplay.lt\\\/#organization\",\"name\":\"KidsPlay\",\"url\":\"https:\\\/\\\/kidsplay.lt\\\/\",\"logo\":{\"@type\":\"ImageObject\",\"inLanguage\":\"lv-LV\",\"@id\":\"https:\\\/\\\/kidsplay.lt\\\/#\\\/schema\\\/logo\\\/image\\\/\",\"url\":\"https:\\\/\\\/kidsplay.lt\\\/wp-content\\\/uploads\\\/2023\\\/07\\\/kidsplay-logo.png\",\"contentUrl\":\"https:\\\/\\\/kidsplay.lt\\\/wp-content\\\/uploads\\\/2023\\\/07\\\/kidsplay-logo.png\",\"width\":451,\"height\":98,\"caption\":\"KidsPlay\"},\"image\":{\"@id\":\"https:\\\/\\\/kidsplay.lt\\\/#\\\/schema\\\/logo\\\/image\\\/\"},\"sameAs\":[\"https:\\\/\\\/www.facebook.com\\\/www.kidsplay.lt\"]}]}<\/script>\n<!-- \/ Yoast SEO plugin. -->","yoast_head_json":{"title":"Rolly Toys RollyKipper II John Deere priekaba vaikams","robots":{"index":"index","follow":"follow","max-snippet":"max-snippet:-1","max-image-preview":"max-image-preview:large","max-video-preview":"max-video-preview:-1"},"canonical":"https:\/\/kidsplay.lt\/lv\/products\/rolly-toys-rollykipper-ii-john-deere-priekaba-vaikams\/","og_locale":"lv_LV","og_type":"article","og_title":"Rolly Toys RollyKipper II John Deere priekaba vaikams","og_description":"\u2714 Rolly Toys \u201eRolly Kipper II John Deere\u201c \u2013 \u017ealia vaiki\u0161ka priekaba ma\u017eiesiems traktoristams\u2714 Skirta prisijungti prie Rolly Toys pedalini\u0173","og_url":"https:\/\/kidsplay.lt\/lv\/products\/rolly-toys-rollykipper-ii-john-deere-priekaba-vaikams\/","og_site_name":"KidsPlay","article_publisher":"https:\/\/www.facebook.com\/www.kidsplay.lt","article_modified_time":"2026-05-13T06:33:29+00:00","og_image":[{"width":1697,"height":1200,"url":"https:\/\/kidsplay.lt\/wp-content\/uploads\/2026\/05\/Rolly-Toys-RollyKipper-II-John-Deere-priekaba-vaikams.jpg","type":"image\/jpeg"}],"twitter_card":"summary_large_image","schema":{"@context":"https:\/\/schema.org","@graph":[{"@type":"WebPage","@id":"https:\/\/kidsplay.lt\/produktas\/rolly-toys-rollykipper-ii-john-deere-priekaba-vaikams\/","url":"https:\/\/kidsplay.lt\/produktas\/rolly-toys-rollykipper-ii-john-deere-priekaba-vaikams\/","name":"Rolly Toys RollyKipper II John Deere priekaba vaikams","isPartOf":{"@id":"https:\/\/kidsplay.lt\/#website"},"primaryImageOfPage":{"@id":"https:\/\/kidsplay.lt\/produktas\/rolly-toys-rollykipper-ii-john-deere-priekaba-vaikams\/#primaryimage"},"image":{"@id":"https:\/\/kidsplay.lt\/produktas\/rolly-toys-rollykipper-ii-john-deere-priekaba-vaikams\/#primaryimage"},"thumbnailUrl":"https:\/\/kidsplay.lt\/wp-content\/uploads\/2026\/05\/Rolly-Toys-RollyKipper-II-John-Deere-priekaba-vaikams.jpg","datePublished":"2026-05-13T06:33:28+00:00","dateModified":"2026-05-13T06:33:29+00:00","breadcrumb":{"@id":"https:\/\/kidsplay.lt\/produktas\/rolly-toys-rollykipper-ii-john-deere-priekaba-vaikams\/#breadcrumb"},"inLanguage":"lv-LV","potentialAction":[{"@type":"ReadAction","target":["https:\/\/kidsplay.lt\/produktas\/rolly-toys-rollykipper-ii-john-deere-priekaba-vaikams\/"]}]},{"@type":"ImageObject","inLanguage":"lv-LV","@id":"https:\/\/kidsplay.lt\/produktas\/rolly-toys-rollykipper-ii-john-deere-priekaba-vaikams\/#primaryimage","url":"https:\/\/kidsplay.lt\/wp-content\/uploads\/2026\/05\/Rolly-Toys-RollyKipper-II-John-Deere-priekaba-vaikams.jpg","contentUrl":"https:\/\/kidsplay.lt\/wp-content\/uploads\/2026\/05\/Rolly-Toys-RollyKipper-II-John-Deere-priekaba-vaikams.jpg","width":1697,"height":1200,"caption":"Rolly Toys RollyKipper II John Deere priekaba vaikams"},{"@type":"BreadcrumbList","@id":"https:\/\/kidsplay.lt\/produktas\/rolly-toys-rollykipper-ii-john-deere-priekaba-vaikams\/#breadcrumb","itemListElement":[{"@type":"ListItem","position":1,"name":"Pagrindinis","item":"https:\/\/kidsplay.lt\/"},{"@type":"ListItem","position":2,"name":"Parduotuv\u0117","item":"https:\/\/kidsplay.lt\/parduotuve\/"},{"@type":"ListItem","position":3,"name":"Rolly Toys RollyKipper II John Deere priekaba vaikams"}]},{"@type":"WebSite","@id":"https:\/\/kidsplay.lt\/#website","url":"https:\/\/kidsplay.lt\/","name":"B\u0113rnu sp\u0113les.lv","description":"\u012evairios prek\u0117s vaikams","publisher":{"@id":"https:\/\/kidsplay.lt\/#organization"},"alternateName":"Kidsplay","potentialAction":[{"@type":"SearchAction","target":{"@type":"EntryPoint","urlTemplate":"https:\/\/kidsplay.lt\/?s={search_term_string}"},"query-input":{"@type":"PropertyValueSpecification","valueRequired":true,"valueName":"search_term_string"}}],"inLanguage":"lv-LV"},{"@type":"Organization","@id":"https:\/\/kidsplay.lt\/#organization","name":"B\u0113rnu sp\u0113le","url":"https:\/\/kidsplay.lt\/","logo":{"@type":"ImageObject","inLanguage":"lv-LV","@id":"https:\/\/kidsplay.lt\/#\/schema\/logo\/image\/","url":"https:\/\/kidsplay.lt\/wp-content\/uploads\/2023\/07\/kidsplay-logo.png","contentUrl":"https:\/\/kidsplay.lt\/wp-content\/uploads\/2023\/07\/kidsplay-logo.png","width":451,"height":98,"caption":"KidsPlay"},"image":{"@id":"https:\/\/kidsplay.lt\/#\/schema\/logo\/image\/"},"sameAs":["https:\/\/www.facebook.com\/www.kidsplay.lt"]}]}},"_links":{"self":[{"href":"https:\/\/kidsplay.lt\/lv\/wp-json\/wp\/v2\/product\/118295","targetHints":{"allow":["GET"]}}],"collection":[{"href":"https:\/\/kidsplay.lt\/lv\/wp-json\/wp\/v2\/product"}],"about":[{"href":"https:\/\/kidsplay.lt\/lv\/wp-json\/wp\/v2\/types\/product"}],"version-history":[{"count":1,"href":"https:\/\/kidsplay.lt\/lv\/wp-json\/wp\/v2\/product\/118295\/revisions"}],"predecessor-version":[{"id":118296,"href":"https:\/\/kidsplay.lt\/lv\/wp-json\/wp\/v2\/product\/118295\/revisions\/118296"}],"wp:featuredmedia":[{"embeddable":true,"href":"https:\/\/kidsplay.lt\/lv\/wp-json\/wp\/v2\/media\/118297"}],"wp:attachment":[{"href":"https:\/\/kidsplay.lt\/lv\/wp-json\/wp\/v2\/media?parent=118295"}],"wp:term":[{"taxonomy":"product_brand","embeddable":true,"href":"https:\/\/kidsplay.lt\/lv\/wp-json\/wp\/v2\/product_brand?post=118295"},{"taxonomy":"product_cat","embeddable":true,"href":"https:\/\/kidsplay.lt\/lv\/wp-json\/wp\/v2\/product_cat?post=118295"},{"taxonomy":"product_tag","embeddable":true,"href":"https:\/\/kidsplay.lt\/lv\/wp-json\/wp\/v2\/product_tag?post=118295"}],"curies":[{"name":"wp","href":"https:\/\/api.w.org\/{rel}","templated":true}]}}