{"id":118312,"date":"2026-05-13T09:34:12","date_gmt":"2026-05-13T06:34:12","guid":{"rendered":"https:\/\/kidsplay.lt\/produktas\/woopie-baby-vonios-zaislas-laivas-banginis-su-perpildymo-puodeliais\/"},"modified":"2026-05-14T18:30:01","modified_gmt":"2026-05-14T15:30:01","slug":"woopie-baby-vonios-zaislas-laivas-banginis-su-perpildymo-puodeliais","status":"publish","type":"product","link":"https:\/\/kidsplay.lt\/lv\/products\/woopie-baby-vonios-zaislas-laivas-banginis-su-perpildymo-puodeliais\/","title":{"rendered":"WOOPIE BABY vonios \u017eaislas laivas banginis su perpildymo puodeliais"},"content":{"rendered":"<p>\u2714 WOOPIE BABY laivo ir banginio vonios rinkinys \u2013 smagus vandens \u017eaislas vaikams nuo 12 m\u0117n.\u2714 Skirtas padaryti maudynes \u012fdomesnes ir lavinan\u010dias<\/p>\n<p>Funkcijas:<\/p>\n<p> \tPl\u016bduriuojantis laivas su besisukan\u010diu vandens mal\u016bn\u0117liu<br \/>\n \t4 spalvoti perpildymo puodeliai su skirtingomis skylut\u0117mis<br \/>\n \tMink\u0161tas guminis banginis, kuris skleid\u017eia gars\u0105 paspaudus<br \/>\n \tSaugus ir kokybi\u0161kas dizainas ma\u017eiems vaikams<\/p>","protected":false},"excerpt":{"rendered":"<p>\u2714 WOOPIE BABY laivo ir banginio vonios rinkinys \u2013 smagus vandens \u017eaislas vaikams nuo 12 m\u0117n.\u2714 Skirtas padaryti maudynes \u012fdomesnes<\/p>","protected":false},"featured_media":118314,"template":"","meta":{"_acf_changed":false,"_glsr_average":0,"_glsr_ranking":0,"_glsr_reviews":0},"product_brand":[],"product_cat":[440,229],"product_tag":[],"class_list":{"0":"post-118312","1":"product","2":"type-product","3":"status-publish","4":"has-post-thumbnail","6":"product_cat-vonios-zaislai","7":"product_cat-zaislai-vaikams","8":"\"style=\"background-color: #2ecc711c;\"","10":"first","11":"instock","12":"purchasable","13":"product-type-simple"},"acf":[],"yoast_head":"<!-- This site is optimized with the Yoast SEO plugin v27.5 - https:\/\/yoast.com\/product\/yoast-seo-wordpress\/ -->\n<title>WOOPIE BABY vonios \u017eaislas laivas banginis su perpildymo puodeliais<\/title>\n<meta name=\"robots\" content=\"index, follow, max-snippet:-1, max-image-preview:large, max-video-preview:-1\" \/>\n<link rel=\"canonical\" href=\"https:\/\/kidsplay.lt\/lv\/products\/woopie-baby-vonios-zaislas-laivas-banginis-su-perpildymo-puodeliais\/\" \/>\n<meta property=\"og:locale\" content=\"lv_LV\" \/>\n<meta property=\"og:type\" content=\"article\" \/>\n<meta property=\"og:title\" content=\"WOOPIE BABY vonios \u017eaislas laivas banginis su perpildymo puodeliais\" \/>\n<meta property=\"og:description\" content=\"\u2714 WOOPIE BABY laivo ir banginio vonios rinkinys \u2013 smagus vandens \u017eaislas vaikams nuo 12 m\u0117n.\u2714 Skirtas padaryti maudynes \u012fdomesnes\" \/>\n<meta property=\"og:url\" content=\"https:\/\/kidsplay.lt\/lv\/products\/woopie-baby-vonios-zaislas-laivas-banginis-su-perpildymo-puodeliais\/\" \/>\n<meta property=\"og:site_name\" content=\"KidsPlay\" \/>\n<meta property=\"article:publisher\" content=\"https:\/\/www.facebook.com\/www.kidsplay.lt\" \/>\n<meta property=\"article:modified_time\" content=\"2026-05-14T15:30:01+00:00\" \/>\n<meta property=\"og:image\" content=\"https:\/\/kidsplay.lt\/wp-content\/uploads\/2026\/05\/WOOPIE-BABY-vonios-zaislas-laivas-banginis-su-perpildymo-puodeliais.jpg\" \/>\n\t<meta property=\"og:image:width\" content=\"1000\" \/>\n\t<meta property=\"og:image:height\" content=\"1000\" \/>\n\t<meta property=\"og:image:type\" content=\"image\/jpeg\" \/>\n<meta name=\"twitter:card\" content=\"summary_large_image\" \/>\n<script type=\"application\/ld+json\" class=\"yoast-schema-graph\">{\"@context\":\"https:\\\/\\\/schema.org\",\"@graph\":[{\"@type\":\"WebPage\",\"@id\":\"https:\\\/\\\/kidsplay.lt\\\/produktas\\\/woopie-baby-vonios-zaislas-laivas-banginis-su-perpildymo-puodeliais\\\/\",\"url\":\"https:\\\/\\\/kidsplay.lt\\\/produktas\\\/woopie-baby-vonios-zaislas-laivas-banginis-su-perpildymo-puodeliais\\\/\",\"name\":\"WOOPIE BABY vonios \u017eaislas laivas banginis su perpildymo puodeliais\",\"isPartOf\":{\"@id\":\"https:\\\/\\\/kidsplay.lt\\\/#website\"},\"primaryImageOfPage\":{\"@id\":\"https:\\\/\\\/kidsplay.lt\\\/produktas\\\/woopie-baby-vonios-zaislas-laivas-banginis-su-perpildymo-puodeliais\\\/#primaryimage\"},\"image\":{\"@id\":\"https:\\\/\\\/kidsplay.lt\\\/produktas\\\/woopie-baby-vonios-zaislas-laivas-banginis-su-perpildymo-puodeliais\\\/#primaryimage\"},\"thumbnailUrl\":\"https:\\\/\\\/kidsplay.lt\\\/wp-content\\\/uploads\\\/2026\\\/05\\\/WOOPIE-BABY-vonios-zaislas-laivas-banginis-su-perpildymo-puodeliais.jpg\",\"datePublished\":\"2026-05-13T06:34:12+00:00\",\"dateModified\":\"2026-05-14T15:30:01+00:00\",\"breadcrumb\":{\"@id\":\"https:\\\/\\\/kidsplay.lt\\\/produktas\\\/woopie-baby-vonios-zaislas-laivas-banginis-su-perpildymo-puodeliais\\\/#breadcrumb\"},\"inLanguage\":\"lv-LV\",\"potentialAction\":[{\"@type\":\"ReadAction\",\"target\":[\"https:\\\/\\\/kidsplay.lt\\\/produktas\\\/woopie-baby-vonios-zaislas-laivas-banginis-su-perpildymo-puodeliais\\\/\"]}]},{\"@type\":\"ImageObject\",\"inLanguage\":\"lv-LV\",\"@id\":\"https:\\\/\\\/kidsplay.lt\\\/produktas\\\/woopie-baby-vonios-zaislas-laivas-banginis-su-perpildymo-puodeliais\\\/#primaryimage\",\"url\":\"https:\\\/\\\/kidsplay.lt\\\/wp-content\\\/uploads\\\/2026\\\/05\\\/WOOPIE-BABY-vonios-zaislas-laivas-banginis-su-perpildymo-puodeliais.jpg\",\"contentUrl\":\"https:\\\/\\\/kidsplay.lt\\\/wp-content\\\/uploads\\\/2026\\\/05\\\/WOOPIE-BABY-vonios-zaislas-laivas-banginis-su-perpildymo-puodeliais.jpg\",\"width\":1000,\"height\":1000,\"caption\":\"WOOPIE BABY vonios \u017eaislas laivas banginis su perpildymo puodeliais\"},{\"@type\":\"BreadcrumbList\",\"@id\":\"https:\\\/\\\/kidsplay.lt\\\/produktas\\\/woopie-baby-vonios-zaislas-laivas-banginis-su-perpildymo-puodeliais\\\/#breadcrumb\",\"itemListElement\":[{\"@type\":\"ListItem\",\"position\":1,\"name\":\"Pagrindinis\",\"item\":\"https:\\\/\\\/kidsplay.lt\\\/\"},{\"@type\":\"ListItem\",\"position\":2,\"name\":\"Parduotuv\u0117\",\"item\":\"https:\\\/\\\/kidsplay.lt\\\/parduotuve\\\/\"},{\"@type\":\"ListItem\",\"position\":3,\"name\":\"WOOPIE BABY vonios \u017eaislas laivas banginis su perpildymo puodeliais\"}]},{\"@type\":\"WebSite\",\"@id\":\"https:\\\/\\\/kidsplay.lt\\\/#website\",\"url\":\"https:\\\/\\\/kidsplay.lt\\\/\",\"name\":\"Kidsplay.lt\",\"description\":\"\u012evairios prek\u0117s vaikams\",\"publisher\":{\"@id\":\"https:\\\/\\\/kidsplay.lt\\\/#organization\"},\"alternateName\":\"Kidsplay\",\"potentialAction\":[{\"@type\":\"SearchAction\",\"target\":{\"@type\":\"EntryPoint\",\"urlTemplate\":\"https:\\\/\\\/kidsplay.lt\\\/?s={search_term_string}\"},\"query-input\":{\"@type\":\"PropertyValueSpecification\",\"valueRequired\":true,\"valueName\":\"search_term_string\"}}],\"inLanguage\":\"lv-LV\"},{\"@type\":\"Organization\",\"@id\":\"https:\\\/\\\/kidsplay.lt\\\/#organization\",\"name\":\"KidsPlay\",\"url\":\"https:\\\/\\\/kidsplay.lt\\\/\",\"logo\":{\"@type\":\"ImageObject\",\"inLanguage\":\"lv-LV\",\"@id\":\"https:\\\/\\\/kidsplay.lt\\\/#\\\/schema\\\/logo\\\/image\\\/\",\"url\":\"https:\\\/\\\/kidsplay.lt\\\/wp-content\\\/uploads\\\/2023\\\/07\\\/kidsplay-logo.png\",\"contentUrl\":\"https:\\\/\\\/kidsplay.lt\\\/wp-content\\\/uploads\\\/2023\\\/07\\\/kidsplay-logo.png\",\"width\":451,\"height\":98,\"caption\":\"KidsPlay\"},\"image\":{\"@id\":\"https:\\\/\\\/kidsplay.lt\\\/#\\\/schema\\\/logo\\\/image\\\/\"},\"sameAs\":[\"https:\\\/\\\/www.facebook.com\\\/www.kidsplay.lt\"]}]}<\/script>\n<!-- \/ Yoast SEO plugin. -->","yoast_head_json":{"title":"WOOPIE BABY vonios \u017eaislas laivas banginis su perpildymo puodeliais","robots":{"index":"index","follow":"follow","max-snippet":"max-snippet:-1","max-image-preview":"max-image-preview:large","max-video-preview":"max-video-preview:-1"},"canonical":"https:\/\/kidsplay.lt\/lv\/products\/woopie-baby-vonios-zaislas-laivas-banginis-su-perpildymo-puodeliais\/","og_locale":"lv_LV","og_type":"article","og_title":"WOOPIE BABY vonios \u017eaislas laivas banginis su perpildymo puodeliais","og_description":"\u2714 WOOPIE BABY laivo ir banginio vonios rinkinys \u2013 smagus vandens \u017eaislas vaikams nuo 12 m\u0117n.\u2714 Skirtas padaryti maudynes \u012fdomesnes","og_url":"https:\/\/kidsplay.lt\/lv\/products\/woopie-baby-vonios-zaislas-laivas-banginis-su-perpildymo-puodeliais\/","og_site_name":"KidsPlay","article_publisher":"https:\/\/www.facebook.com\/www.kidsplay.lt","article_modified_time":"2026-05-14T15:30:01+00:00","og_image":[{"width":1000,"height":1000,"url":"https:\/\/kidsplay.lt\/wp-content\/uploads\/2026\/05\/WOOPIE-BABY-vonios-zaislas-laivas-banginis-su-perpildymo-puodeliais.jpg","type":"image\/jpeg"}],"twitter_card":"summary_large_image","schema":{"@context":"https:\/\/schema.org","@graph":[{"@type":"WebPage","@id":"https:\/\/kidsplay.lt\/produktas\/woopie-baby-vonios-zaislas-laivas-banginis-su-perpildymo-puodeliais\/","url":"https:\/\/kidsplay.lt\/produktas\/woopie-baby-vonios-zaislas-laivas-banginis-su-perpildymo-puodeliais\/","name":"WOOPIE BABY vonios \u017eaislas laivas banginis su perpildymo puodeliais","isPartOf":{"@id":"https:\/\/kidsplay.lt\/#website"},"primaryImageOfPage":{"@id":"https:\/\/kidsplay.lt\/produktas\/woopie-baby-vonios-zaislas-laivas-banginis-su-perpildymo-puodeliais\/#primaryimage"},"image":{"@id":"https:\/\/kidsplay.lt\/produktas\/woopie-baby-vonios-zaislas-laivas-banginis-su-perpildymo-puodeliais\/#primaryimage"},"thumbnailUrl":"https:\/\/kidsplay.lt\/wp-content\/uploads\/2026\/05\/WOOPIE-BABY-vonios-zaislas-laivas-banginis-su-perpildymo-puodeliais.jpg","datePublished":"2026-05-13T06:34:12+00:00","dateModified":"2026-05-14T15:30:01+00:00","breadcrumb":{"@id":"https:\/\/kidsplay.lt\/produktas\/woopie-baby-vonios-zaislas-laivas-banginis-su-perpildymo-puodeliais\/#breadcrumb"},"inLanguage":"lv-LV","potentialAction":[{"@type":"ReadAction","target":["https:\/\/kidsplay.lt\/produktas\/woopie-baby-vonios-zaislas-laivas-banginis-su-perpildymo-puodeliais\/"]}]},{"@type":"ImageObject","inLanguage":"lv-LV","@id":"https:\/\/kidsplay.lt\/produktas\/woopie-baby-vonios-zaislas-laivas-banginis-su-perpildymo-puodeliais\/#primaryimage","url":"https:\/\/kidsplay.lt\/wp-content\/uploads\/2026\/05\/WOOPIE-BABY-vonios-zaislas-laivas-banginis-su-perpildymo-puodeliais.jpg","contentUrl":"https:\/\/kidsplay.lt\/wp-content\/uploads\/2026\/05\/WOOPIE-BABY-vonios-zaislas-laivas-banginis-su-perpildymo-puodeliais.jpg","width":1000,"height":1000,"caption":"WOOPIE BABY vonios \u017eaislas laivas banginis su perpildymo puodeliais"},{"@type":"BreadcrumbList","@id":"https:\/\/kidsplay.lt\/produktas\/woopie-baby-vonios-zaislas-laivas-banginis-su-perpildymo-puodeliais\/#breadcrumb","itemListElement":[{"@type":"ListItem","position":1,"name":"Pagrindinis","item":"https:\/\/kidsplay.lt\/"},{"@type":"ListItem","position":2,"name":"Parduotuv\u0117","item":"https:\/\/kidsplay.lt\/parduotuve\/"},{"@type":"ListItem","position":3,"name":"WOOPIE BABY vonios \u017eaislas laivas banginis su perpildymo puodeliais"}]},{"@type":"WebSite","@id":"https:\/\/kidsplay.lt\/#website","url":"https:\/\/kidsplay.lt\/","name":"B\u0113rnu sp\u0113les.lv","description":"\u012evairios prek\u0117s vaikams","publisher":{"@id":"https:\/\/kidsplay.lt\/#organization"},"alternateName":"Kidsplay","potentialAction":[{"@type":"SearchAction","target":{"@type":"EntryPoint","urlTemplate":"https:\/\/kidsplay.lt\/?s={search_term_string}"},"query-input":{"@type":"PropertyValueSpecification","valueRequired":true,"valueName":"search_term_string"}}],"inLanguage":"lv-LV"},{"@type":"Organization","@id":"https:\/\/kidsplay.lt\/#organization","name":"B\u0113rnu sp\u0113le","url":"https:\/\/kidsplay.lt\/","logo":{"@type":"ImageObject","inLanguage":"lv-LV","@id":"https:\/\/kidsplay.lt\/#\/schema\/logo\/image\/","url":"https:\/\/kidsplay.lt\/wp-content\/uploads\/2023\/07\/kidsplay-logo.png","contentUrl":"https:\/\/kidsplay.lt\/wp-content\/uploads\/2023\/07\/kidsplay-logo.png","width":451,"height":98,"caption":"KidsPlay"},"image":{"@id":"https:\/\/kidsplay.lt\/#\/schema\/logo\/image\/"},"sameAs":["https:\/\/www.facebook.com\/www.kidsplay.lt"]}]}},"_links":{"self":[{"href":"https:\/\/kidsplay.lt\/lv\/wp-json\/wp\/v2\/product\/118312","targetHints":{"allow":["GET"]}}],"collection":[{"href":"https:\/\/kidsplay.lt\/lv\/wp-json\/wp\/v2\/product"}],"about":[{"href":"https:\/\/kidsplay.lt\/lv\/wp-json\/wp\/v2\/types\/product"}],"version-history":[{"count":1,"href":"https:\/\/kidsplay.lt\/lv\/wp-json\/wp\/v2\/product\/118312\/revisions"}],"predecessor-version":[{"id":118313,"href":"https:\/\/kidsplay.lt\/lv\/wp-json\/wp\/v2\/product\/118312\/revisions\/118313"}],"wp:featuredmedia":[{"embeddable":true,"href":"https:\/\/kidsplay.lt\/lv\/wp-json\/wp\/v2\/media\/118314"}],"wp:attachment":[{"href":"https:\/\/kidsplay.lt\/lv\/wp-json\/wp\/v2\/media?parent=118312"}],"wp:term":[{"taxonomy":"product_brand","embeddable":true,"href":"https:\/\/kidsplay.lt\/lv\/wp-json\/wp\/v2\/product_brand?post=118312"},{"taxonomy":"product_cat","embeddable":true,"href":"https:\/\/kidsplay.lt\/lv\/wp-json\/wp\/v2\/product_cat?post=118312"},{"taxonomy":"product_tag","embeddable":true,"href":"https:\/\/kidsplay.lt\/lv\/wp-json\/wp\/v2\/product_tag?post=118312"}],"curies":[{"name":"wp","href":"https:\/\/api.w.org\/{rel}","templated":true}]}}