{"id":118426,"date":"2026-05-13T09:40:12","date_gmt":"2026-05-13T06:40:12","guid":{"rendered":"https:\/\/kidsplay.lt\/produktas\/classic-world-medine-policijos-stotis-su-automobiliu-sraigtasparniu-ir-figurelemis-12-daliu-rinkinys-vaikams\/"},"modified":"2026-05-13T09:40:30","modified_gmt":"2026-05-13T06:40:30","slug":"classic-world-medine-policijos-stotis-su-automobiliu-sraigtasparniu-ir-figurelemis-12-daliu-rinkinys-vaikams","status":"publish","type":"product","link":"https:\/\/kidsplay.lt\/lv\/products\/classic-world-medine-policijos-stotis-su-automobiliu-sraigtasparniu-ir-figurelemis-12-daliu-rinkinys-vaikams\/","title":{"rendered":"CLASSIC WORLD medin\u0117 policijos stotis su automobiliu, sraigtasparniu ir fig\u016br\u0117l\u0117mis \u2013 12 dali\u0173 rinkinys vaikams"},"content":{"rendered":"<p>CLASSIC WORLD policijos stoties 12 dali\u0173 rinkinys \u2013 tai puikus \u017eaislas, leid\u017eiantis vaikui tapti dr\u0105siu policininku ir palaikyti tvark\u0105 mieste! Pagamintas i\u0161 nat\u016bralaus med\u017eio, \u0161is rinkinys i\u0161siskiria auk\u0161ta kokybe ir d\u0117mesiu detal\u0117ms. Policijos stotis buvo sukurta Pary\u017eiuje, tod\u0117l pasi\u017eymi i\u0161skirtiniu stiliumi ir funkcionalumu.<br \/>\nRinkin\u012f sudaro du pastatai \u2013 viename \u012frengta kamera, kitame apklaus\u0173 kambarys. Atidaromos durys ir judan\u010dios detal\u0117s leid\u017eia vaikams laisvai kurti savo istorijas ir \u012fvairius \u017eaidim\u0173 scenarijus. Tai puikus \u017eaislas vaizduotei, kalbiniams geb\u0117jimams ir smulkiajai motorikai lavinti.<br \/>\nFunkcijas:<\/p>\n<p> \tskirtas vaikams nuo 3 met\u0173 am\u017eiaus,<br \/>\n \tpagamintas i\u0161 nat\u016bralaus med\u017eio,<br \/>\n \trinkin\u012f sudaro 12 element\u0173,<br \/>\n \ttvirta ir saugi konstrukcija,<br \/>\n \tatidaromos durys ir judan\u010dios detal\u0117s,<br \/>\n \tedukacinis \u017eaislas, lavinantis vaizduot\u0119 ir smulki\u0105j\u0105 motorik\u0105,<br \/>\n \tpuiki dovana ma\u017eajam tvarkos serg\u0117tojui.<\/p>\n<p>Komplekt\u0101 ietilpst:<\/p>\n<p> \tpolicijos stoties pastatas su kamera,<br \/>\n \tpastatas su apklaus\u0173 kambariu,<br \/>\n \t2 policijos transporto priemon\u0117s,<br \/>\n \t2 policinink\u0173 fig\u016br\u0117l\u0117s,<br \/>\n \tkalinio fig\u016br\u0117l\u0117,<br \/>\n \tsraigtasparnis,<br \/>\n \tkiti teminiai priedai.<\/p>","protected":false},"excerpt":{"rendered":"<p>CLASSIC WORLD policijos stoties 12 dali\u0173 rinkinys \u2013 tai puikus \u017eaislas, leid\u017eiantis vaikui tapti dr\u0105siu policininku ir palaikyti tvark\u0105 mieste!<\/p>","protected":false},"featured_media":118428,"template":"","meta":{"_acf_changed":false,"_glsr_average":0,"_glsr_ranking":0,"_glsr_reviews":0},"product_brand":[],"product_cat":[891,883],"product_tag":[],"class_list":{"0":"post-118426","1":"product","2":"type-product","3":"status-publish","4":"has-post-thumbnail","6":"product_cat-medines-transporto-priemones","7":"product_cat-mediniai-zaislai-2","8":"\"style=\"background-color: #2ecc711c;\"","10":"first","11":"instock","12":"purchasable","13":"product-type-simple"},"acf":[],"yoast_head":"<!-- This site is optimized with the Yoast SEO plugin v27.5 - https:\/\/yoast.com\/product\/yoast-seo-wordpress\/ -->\n<title>CLASSIC WORLD medin\u0117 policijos stotis su automobiliu, sraigtasparniu ir fig\u016br\u0117l\u0117mis \u2013 12 dali\u0173 rinkinys vaikams<\/title>\n<meta name=\"robots\" content=\"index, follow, max-snippet:-1, max-image-preview:large, max-video-preview:-1\" \/>\n<link rel=\"canonical\" href=\"https:\/\/kidsplay.lt\/lv\/products\/classic-world-medine-policijos-stotis-su-automobiliu-sraigtasparniu-ir-figurelemis-12-daliu-rinkinys-vaikams\/\" \/>\n<meta property=\"og:locale\" content=\"lv_LV\" \/>\n<meta property=\"og:type\" content=\"article\" \/>\n<meta property=\"og:title\" content=\"CLASSIC WORLD medin\u0117 policijos stotis su automobiliu, sraigtasparniu ir fig\u016br\u0117l\u0117mis \u2013 12 dali\u0173 rinkinys vaikams\" \/>\n<meta property=\"og:description\" content=\"CLASSIC WORLD policijos stoties 12 dali\u0173 rinkinys \u2013 tai puikus \u017eaislas, leid\u017eiantis vaikui tapti dr\u0105siu policininku ir palaikyti tvark\u0105 mieste!\" \/>\n<meta property=\"og:url\" content=\"https:\/\/kidsplay.lt\/lv\/products\/classic-world-medine-policijos-stotis-su-automobiliu-sraigtasparniu-ir-figurelemis-12-daliu-rinkinys-vaikams\/\" \/>\n<meta property=\"og:site_name\" content=\"KidsPlay\" \/>\n<meta property=\"article:publisher\" content=\"https:\/\/www.facebook.com\/www.kidsplay.lt\" \/>\n<meta property=\"article:modified_time\" content=\"2026-05-13T06:40:30+00:00\" \/>\n<meta property=\"og:image\" content=\"https:\/\/kidsplay.lt\/wp-content\/uploads\/2026\/05\/CLASSIC-WORLD-medine-policijos-stotis-su-automobiliu-sraigtasparniu-ir-figurelemis-\u2013-12-daliu-rinkinys-vaikams.jpg\" \/>\n\t<meta property=\"og:image:width\" content=\"1000\" \/>\n\t<meta property=\"og:image:height\" content=\"1000\" \/>\n\t<meta property=\"og:image:type\" content=\"image\/jpeg\" \/>\n<meta name=\"twitter:card\" content=\"summary_large_image\" \/>\n<meta name=\"twitter:label1\" content=\"Est. reading time\" \/>\n\t<meta name=\"twitter:data1\" content=\"1 min\u016bte\" \/>\n<script type=\"application\/ld+json\" class=\"yoast-schema-graph\">{\"@context\":\"https:\\\/\\\/schema.org\",\"@graph\":[{\"@type\":\"WebPage\",\"@id\":\"https:\\\/\\\/kidsplay.lt\\\/produktas\\\/classic-world-medine-policijos-stotis-su-automobiliu-sraigtasparniu-ir-figurelemis-12-daliu-rinkinys-vaikams\\\/\",\"url\":\"https:\\\/\\\/kidsplay.lt\\\/produktas\\\/classic-world-medine-policijos-stotis-su-automobiliu-sraigtasparniu-ir-figurelemis-12-daliu-rinkinys-vaikams\\\/\",\"name\":\"CLASSIC WORLD medin\u0117 policijos stotis su automobiliu, sraigtasparniu ir fig\u016br\u0117l\u0117mis \u2013 12 dali\u0173 rinkinys vaikams\",\"isPartOf\":{\"@id\":\"https:\\\/\\\/kidsplay.lt\\\/#website\"},\"primaryImageOfPage\":{\"@id\":\"https:\\\/\\\/kidsplay.lt\\\/produktas\\\/classic-world-medine-policijos-stotis-su-automobiliu-sraigtasparniu-ir-figurelemis-12-daliu-rinkinys-vaikams\\\/#primaryimage\"},\"image\":{\"@id\":\"https:\\\/\\\/kidsplay.lt\\\/produktas\\\/classic-world-medine-policijos-stotis-su-automobiliu-sraigtasparniu-ir-figurelemis-12-daliu-rinkinys-vaikams\\\/#primaryimage\"},\"thumbnailUrl\":\"https:\\\/\\\/kidsplay.lt\\\/wp-content\\\/uploads\\\/2026\\\/05\\\/CLASSIC-WORLD-medine-policijos-stotis-su-automobiliu-sraigtasparniu-ir-figurelemis-\u2013-12-daliu-rinkinys-vaikams.jpg\",\"datePublished\":\"2026-05-13T06:40:12+00:00\",\"dateModified\":\"2026-05-13T06:40:30+00:00\",\"breadcrumb\":{\"@id\":\"https:\\\/\\\/kidsplay.lt\\\/produktas\\\/classic-world-medine-policijos-stotis-su-automobiliu-sraigtasparniu-ir-figurelemis-12-daliu-rinkinys-vaikams\\\/#breadcrumb\"},\"inLanguage\":\"lv-LV\",\"potentialAction\":[{\"@type\":\"ReadAction\",\"target\":[\"https:\\\/\\\/kidsplay.lt\\\/produktas\\\/classic-world-medine-policijos-stotis-su-automobiliu-sraigtasparniu-ir-figurelemis-12-daliu-rinkinys-vaikams\\\/\"]}]},{\"@type\":\"ImageObject\",\"inLanguage\":\"lv-LV\",\"@id\":\"https:\\\/\\\/kidsplay.lt\\\/produktas\\\/classic-world-medine-policijos-stotis-su-automobiliu-sraigtasparniu-ir-figurelemis-12-daliu-rinkinys-vaikams\\\/#primaryimage\",\"url\":\"https:\\\/\\\/kidsplay.lt\\\/wp-content\\\/uploads\\\/2026\\\/05\\\/CLASSIC-WORLD-medine-policijos-stotis-su-automobiliu-sraigtasparniu-ir-figurelemis-\u2013-12-daliu-rinkinys-vaikams.jpg\",\"contentUrl\":\"https:\\\/\\\/kidsplay.lt\\\/wp-content\\\/uploads\\\/2026\\\/05\\\/CLASSIC-WORLD-medine-policijos-stotis-su-automobiliu-sraigtasparniu-ir-figurelemis-\u2013-12-daliu-rinkinys-vaikams.jpg\",\"width\":1000,\"height\":1000,\"caption\":\"CLASSIC WORLD medin\u0117 policijos stotis su automobiliu\"},{\"@type\":\"BreadcrumbList\",\"@id\":\"https:\\\/\\\/kidsplay.lt\\\/produktas\\\/classic-world-medine-policijos-stotis-su-automobiliu-sraigtasparniu-ir-figurelemis-12-daliu-rinkinys-vaikams\\\/#breadcrumb\",\"itemListElement\":[{\"@type\":\"ListItem\",\"position\":1,\"name\":\"Pagrindinis\",\"item\":\"https:\\\/\\\/kidsplay.lt\\\/\"},{\"@type\":\"ListItem\",\"position\":2,\"name\":\"Parduotuv\u0117\",\"item\":\"https:\\\/\\\/kidsplay.lt\\\/parduotuve\\\/\"},{\"@type\":\"ListItem\",\"position\":3,\"name\":\"CLASSIC WORLD medin\u0117 policijos stotis su automobiliu, sraigtasparniu ir fig\u016br\u0117l\u0117mis \u2013 12 dali\u0173 rinkinys vaikams\"}]},{\"@type\":\"WebSite\",\"@id\":\"https:\\\/\\\/kidsplay.lt\\\/#website\",\"url\":\"https:\\\/\\\/kidsplay.lt\\\/\",\"name\":\"Kidsplay.lt\",\"description\":\"\u012evairios prek\u0117s vaikams\",\"publisher\":{\"@id\":\"https:\\\/\\\/kidsplay.lt\\\/#organization\"},\"alternateName\":\"Kidsplay\",\"potentialAction\":[{\"@type\":\"SearchAction\",\"target\":{\"@type\":\"EntryPoint\",\"urlTemplate\":\"https:\\\/\\\/kidsplay.lt\\\/?s={search_term_string}\"},\"query-input\":{\"@type\":\"PropertyValueSpecification\",\"valueRequired\":true,\"valueName\":\"search_term_string\"}}],\"inLanguage\":\"lv-LV\"},{\"@type\":\"Organization\",\"@id\":\"https:\\\/\\\/kidsplay.lt\\\/#organization\",\"name\":\"KidsPlay\",\"url\":\"https:\\\/\\\/kidsplay.lt\\\/\",\"logo\":{\"@type\":\"ImageObject\",\"inLanguage\":\"lv-LV\",\"@id\":\"https:\\\/\\\/kidsplay.lt\\\/#\\\/schema\\\/logo\\\/image\\\/\",\"url\":\"https:\\\/\\\/kidsplay.lt\\\/wp-content\\\/uploads\\\/2023\\\/07\\\/kidsplay-logo.png\",\"contentUrl\":\"https:\\\/\\\/kidsplay.lt\\\/wp-content\\\/uploads\\\/2023\\\/07\\\/kidsplay-logo.png\",\"width\":451,\"height\":98,\"caption\":\"KidsPlay\"},\"image\":{\"@id\":\"https:\\\/\\\/kidsplay.lt\\\/#\\\/schema\\\/logo\\\/image\\\/\"},\"sameAs\":[\"https:\\\/\\\/www.facebook.com\\\/www.kidsplay.lt\"]}]}<\/script>\n<!-- \/ Yoast SEO plugin. -->","yoast_head_json":{"title":"CLASSIC WORLD medin\u0117 policijos stotis su automobiliu, sraigtasparniu ir fig\u016br\u0117l\u0117mis \u2013 12 dali\u0173 rinkinys vaikams","robots":{"index":"index","follow":"follow","max-snippet":"max-snippet:-1","max-image-preview":"max-image-preview:large","max-video-preview":"max-video-preview:-1"},"canonical":"https:\/\/kidsplay.lt\/lv\/products\/classic-world-medine-policijos-stotis-su-automobiliu-sraigtasparniu-ir-figurelemis-12-daliu-rinkinys-vaikams\/","og_locale":"lv_LV","og_type":"article","og_title":"CLASSIC WORLD medin\u0117 policijos stotis su automobiliu, sraigtasparniu ir fig\u016br\u0117l\u0117mis \u2013 12 dali\u0173 rinkinys vaikams","og_description":"CLASSIC WORLD policijos stoties 12 dali\u0173 rinkinys \u2013 tai puikus \u017eaislas, leid\u017eiantis vaikui tapti dr\u0105siu policininku ir palaikyti tvark\u0105 mieste!","og_url":"https:\/\/kidsplay.lt\/lv\/products\/classic-world-medine-policijos-stotis-su-automobiliu-sraigtasparniu-ir-figurelemis-12-daliu-rinkinys-vaikams\/","og_site_name":"KidsPlay","article_publisher":"https:\/\/www.facebook.com\/www.kidsplay.lt","article_modified_time":"2026-05-13T06:40:30+00:00","og_image":[{"width":1000,"height":1000,"url":"https:\/\/kidsplay.lt\/wp-content\/uploads\/2026\/05\/CLASSIC-WORLD-medine-policijos-stotis-su-automobiliu-sraigtasparniu-ir-figurelemis-\u2013-12-daliu-rinkinys-vaikams.jpg","type":"image\/jpeg"}],"twitter_card":"summary_large_image","twitter_misc":{"Est. reading time":"1 min\u016bte"},"schema":{"@context":"https:\/\/schema.org","@graph":[{"@type":"WebPage","@id":"https:\/\/kidsplay.lt\/produktas\/classic-world-medine-policijos-stotis-su-automobiliu-sraigtasparniu-ir-figurelemis-12-daliu-rinkinys-vaikams\/","url":"https:\/\/kidsplay.lt\/produktas\/classic-world-medine-policijos-stotis-su-automobiliu-sraigtasparniu-ir-figurelemis-12-daliu-rinkinys-vaikams\/","name":"CLASSIC WORLD medin\u0117 policijos stotis su automobiliu, sraigtasparniu ir fig\u016br\u0117l\u0117mis \u2013 12 dali\u0173 rinkinys vaikams","isPartOf":{"@id":"https:\/\/kidsplay.lt\/#website"},"primaryImageOfPage":{"@id":"https:\/\/kidsplay.lt\/produktas\/classic-world-medine-policijos-stotis-su-automobiliu-sraigtasparniu-ir-figurelemis-12-daliu-rinkinys-vaikams\/#primaryimage"},"image":{"@id":"https:\/\/kidsplay.lt\/produktas\/classic-world-medine-policijos-stotis-su-automobiliu-sraigtasparniu-ir-figurelemis-12-daliu-rinkinys-vaikams\/#primaryimage"},"thumbnailUrl":"https:\/\/kidsplay.lt\/wp-content\/uploads\/2026\/05\/CLASSIC-WORLD-medine-policijos-stotis-su-automobiliu-sraigtasparniu-ir-figurelemis-\u2013-12-daliu-rinkinys-vaikams.jpg","datePublished":"2026-05-13T06:40:12+00:00","dateModified":"2026-05-13T06:40:30+00:00","breadcrumb":{"@id":"https:\/\/kidsplay.lt\/produktas\/classic-world-medine-policijos-stotis-su-automobiliu-sraigtasparniu-ir-figurelemis-12-daliu-rinkinys-vaikams\/#breadcrumb"},"inLanguage":"lv-LV","potentialAction":[{"@type":"ReadAction","target":["https:\/\/kidsplay.lt\/produktas\/classic-world-medine-policijos-stotis-su-automobiliu-sraigtasparniu-ir-figurelemis-12-daliu-rinkinys-vaikams\/"]}]},{"@type":"ImageObject","inLanguage":"lv-LV","@id":"https:\/\/kidsplay.lt\/produktas\/classic-world-medine-policijos-stotis-su-automobiliu-sraigtasparniu-ir-figurelemis-12-daliu-rinkinys-vaikams\/#primaryimage","url":"https:\/\/kidsplay.lt\/wp-content\/uploads\/2026\/05\/CLASSIC-WORLD-medine-policijos-stotis-su-automobiliu-sraigtasparniu-ir-figurelemis-\u2013-12-daliu-rinkinys-vaikams.jpg","contentUrl":"https:\/\/kidsplay.lt\/wp-content\/uploads\/2026\/05\/CLASSIC-WORLD-medine-policijos-stotis-su-automobiliu-sraigtasparniu-ir-figurelemis-\u2013-12-daliu-rinkinys-vaikams.jpg","width":1000,"height":1000,"caption":"CLASSIC WORLD medin\u0117 policijos stotis su automobiliu"},{"@type":"BreadcrumbList","@id":"https:\/\/kidsplay.lt\/produktas\/classic-world-medine-policijos-stotis-su-automobiliu-sraigtasparniu-ir-figurelemis-12-daliu-rinkinys-vaikams\/#breadcrumb","itemListElement":[{"@type":"ListItem","position":1,"name":"Pagrindinis","item":"https:\/\/kidsplay.lt\/"},{"@type":"ListItem","position":2,"name":"Parduotuv\u0117","item":"https:\/\/kidsplay.lt\/parduotuve\/"},{"@type":"ListItem","position":3,"name":"CLASSIC WORLD medin\u0117 policijos stotis su automobiliu, sraigtasparniu ir fig\u016br\u0117l\u0117mis \u2013 12 dali\u0173 rinkinys vaikams"}]},{"@type":"WebSite","@id":"https:\/\/kidsplay.lt\/#website","url":"https:\/\/kidsplay.lt\/","name":"B\u0113rnu sp\u0113les.lv","description":"\u012evairios prek\u0117s vaikams","publisher":{"@id":"https:\/\/kidsplay.lt\/#organization"},"alternateName":"Kidsplay","potentialAction":[{"@type":"SearchAction","target":{"@type":"EntryPoint","urlTemplate":"https:\/\/kidsplay.lt\/?s={search_term_string}"},"query-input":{"@type":"PropertyValueSpecification","valueRequired":true,"valueName":"search_term_string"}}],"inLanguage":"lv-LV"},{"@type":"Organization","@id":"https:\/\/kidsplay.lt\/#organization","name":"B\u0113rnu sp\u0113le","url":"https:\/\/kidsplay.lt\/","logo":{"@type":"ImageObject","inLanguage":"lv-LV","@id":"https:\/\/kidsplay.lt\/#\/schema\/logo\/image\/","url":"https:\/\/kidsplay.lt\/wp-content\/uploads\/2023\/07\/kidsplay-logo.png","contentUrl":"https:\/\/kidsplay.lt\/wp-content\/uploads\/2023\/07\/kidsplay-logo.png","width":451,"height":98,"caption":"KidsPlay"},"image":{"@id":"https:\/\/kidsplay.lt\/#\/schema\/logo\/image\/"},"sameAs":["https:\/\/www.facebook.com\/www.kidsplay.lt"]}]}},"_links":{"self":[{"href":"https:\/\/kidsplay.lt\/lv\/wp-json\/wp\/v2\/product\/118426","targetHints":{"allow":["GET"]}}],"collection":[{"href":"https:\/\/kidsplay.lt\/lv\/wp-json\/wp\/v2\/product"}],"about":[{"href":"https:\/\/kidsplay.lt\/lv\/wp-json\/wp\/v2\/types\/product"}],"version-history":[{"count":1,"href":"https:\/\/kidsplay.lt\/lv\/wp-json\/wp\/v2\/product\/118426\/revisions"}],"predecessor-version":[{"id":118427,"href":"https:\/\/kidsplay.lt\/lv\/wp-json\/wp\/v2\/product\/118426\/revisions\/118427"}],"wp:featuredmedia":[{"embeddable":true,"href":"https:\/\/kidsplay.lt\/lv\/wp-json\/wp\/v2\/media\/118428"}],"wp:attachment":[{"href":"https:\/\/kidsplay.lt\/lv\/wp-json\/wp\/v2\/media?parent=118426"}],"wp:term":[{"taxonomy":"product_brand","embeddable":true,"href":"https:\/\/kidsplay.lt\/lv\/wp-json\/wp\/v2\/product_brand?post=118426"},{"taxonomy":"product_cat","embeddable":true,"href":"https:\/\/kidsplay.lt\/lv\/wp-json\/wp\/v2\/product_cat?post=118426"},{"taxonomy":"product_tag","embeddable":true,"href":"https:\/\/kidsplay.lt\/lv\/wp-json\/wp\/v2\/product_tag?post=118426"}],"curies":[{"name":"wp","href":"https:\/\/api.w.org\/{rel}","templated":true}]}}