{"id":118447,"date":"2026-05-13T09:41:30","date_gmt":"2026-05-13T06:41:30","guid":{"rendered":"https:\/\/kidsplay.lt\/produktas\/classic-world-pasteliniu-spalvu-montessori-mandala-geliu-mozaikos-delione-vaikams\/"},"modified":"2026-05-14T18:30:19","modified_gmt":"2026-05-14T15:30:19","slug":"classic-world-pasteliniu-spalvu-montessori-mandala-geliu-mozaikos-delione-vaikams","status":"publish","type":"product","link":"https:\/\/kidsplay.lt\/lv\/products\/classic-world-pasteliniu-spalvu-montessori-mandala-geliu-mozaikos-delione-vaikams\/","title":{"rendered":"CLASSIC WORLD pastelini\u0173 spalv\u0173 Montessori mandala \u2013 g\u0117li\u0173 mozaikos d\u0117lion\u0117 vaikams"},"content":{"rendered":"<p>CLASSIC WORLD mandalos kalad\u0117l\u0117s \u2013 tai k\u016brybi\u0161ka d\u0117lion\u0117, \u012fkv\u0117pta \u017eydin\u010di\u0173 g\u0117li\u0173 motyv\u0173. Spalvingos detal\u0117s su tiksliais kampais ir harmoningai suderintomis spalvomis leid\u017eia vaikams kurti gra\u017eius, simetri\u0161kus ra\u0161tus, primenan\u010dius mandal\u0105. Kiekviena detal\u0117 sukurta taip, kad b\u016bt\u0173 galima tiek d\u0117lioti pagal pavyzd\u017eius, tiek laisvai kurti savo kompozicijas.<br \/>\n\u0160i d\u0117lion\u0117 puikiai tinka savaranki\u0161kam \u017eaidimui, ta\u010diau taip pat skatina bendr\u0105 k\u016bryb\u0105 su draugais ar suaugusiaisiais.<br \/>\nFunkcijas:<\/p>\n<p> \tskirta vaikams nuo 3 met\u0173 am\u017eiaus,<br \/>\n \tpagaminta i\u0161 auk\u0161tos kokyb\u0117s med\u017eio, u\u017etikrinan\u010dio saug\u0173 \u017eaidim\u0105,<br \/>\n \tleid\u017eia kurti \u012fvairias k\u016brybines kompozicijas, \u012fkv\u0117ptas mandal\u0173,<br \/>\n \tpuikiai tinka mokytis atpa\u017einti spalvas, formas ir ugdyti kantryb\u0119.<\/p>\n<p>Komplekt\u0101 ietilpst:<\/p>\n<p> \tspalvingos pastelini\u0173 atspalvi\u0173 kalad\u0117l\u0117s,<br \/>\n \tapvalus medinis pagrindas,<br \/>\n \tmai\u0161elis patogiam detali\u0173 laikymui.<\/p>","protected":false},"excerpt":{"rendered":"<p>CLASSIC WORLD mandalos kalad\u0117l\u0117s \u2013 tai k\u016brybi\u0161ka d\u0117lion\u0117, \u012fkv\u0117pta \u017eydin\u010di\u0173 g\u0117li\u0173 motyv\u0173. Spalvingos detal\u0117s su tiksliais kampais ir harmoningai suderintomis<\/p>","protected":false},"featured_media":118449,"template":"","meta":{"_acf_changed":false,"_glsr_average":0,"_glsr_ranking":0,"_glsr_reviews":0},"product_brand":[],"product_cat":[397,883],"product_tag":[],"class_list":{"0":"post-118447","1":"product","2":"type-product","3":"status-publish","4":"has-post-thumbnail","6":"product_cat-medines-deliones-mediniai-zaislai","7":"product_cat-mediniai-zaislai-2","8":"\"style=\"background-color: #2ecc711c;\"","10":"first","11":"instock","12":"purchasable","13":"product-type-simple"},"acf":[],"yoast_head":"<!-- This site is optimized with the Yoast SEO plugin v27.5 - https:\/\/yoast.com\/product\/yoast-seo-wordpress\/ -->\n<title>CLASSIC WORLD pastelini\u0173 spalv\u0173 Montessori mandala \u2013 g\u0117li\u0173 mozaikos d\u0117lion\u0117 vaikams<\/title>\n<meta name=\"robots\" content=\"index, follow, max-snippet:-1, max-image-preview:large, max-video-preview:-1\" \/>\n<link rel=\"canonical\" href=\"https:\/\/kidsplay.lt\/lv\/products\/classic-world-pasteliniu-spalvu-montessori-mandala-geliu-mozaikos-delione-vaikams\/\" \/>\n<meta property=\"og:locale\" content=\"lv_LV\" \/>\n<meta property=\"og:type\" content=\"article\" \/>\n<meta property=\"og:title\" content=\"CLASSIC WORLD pastelini\u0173 spalv\u0173 Montessori mandala \u2013 g\u0117li\u0173 mozaikos d\u0117lion\u0117 vaikams\" \/>\n<meta property=\"og:description\" content=\"CLASSIC WORLD mandalos kalad\u0117l\u0117s \u2013 tai k\u016brybi\u0161ka d\u0117lion\u0117, \u012fkv\u0117pta \u017eydin\u010di\u0173 g\u0117li\u0173 motyv\u0173. Spalvingos detal\u0117s su tiksliais kampais ir harmoningai suderintomis\" \/>\n<meta property=\"og:url\" content=\"https:\/\/kidsplay.lt\/lv\/products\/classic-world-pasteliniu-spalvu-montessori-mandala-geliu-mozaikos-delione-vaikams\/\" \/>\n<meta property=\"og:site_name\" content=\"KidsPlay\" \/>\n<meta property=\"article:publisher\" content=\"https:\/\/www.facebook.com\/www.kidsplay.lt\" \/>\n<meta property=\"article:modified_time\" content=\"2026-05-14T15:30:19+00:00\" \/>\n<meta property=\"og:image\" content=\"https:\/\/kidsplay.lt\/wp-content\/uploads\/2026\/05\/CLASSIC-WORLD-pasteliniu-spalvu-Montessori-mandala-\u2013-geliu-mozaikos-delione-vaikams.jpg\" \/>\n\t<meta property=\"og:image:width\" content=\"1000\" \/>\n\t<meta property=\"og:image:height\" content=\"1000\" \/>\n\t<meta property=\"og:image:type\" content=\"image\/jpeg\" \/>\n<meta name=\"twitter:card\" content=\"summary_large_image\" \/>\n<meta name=\"twitter:label1\" content=\"Est. reading time\" \/>\n\t<meta name=\"twitter:data1\" content=\"1 min\u016bte\" \/>\n<script type=\"application\/ld+json\" class=\"yoast-schema-graph\">{\"@context\":\"https:\\\/\\\/schema.org\",\"@graph\":[{\"@type\":\"WebPage\",\"@id\":\"https:\\\/\\\/kidsplay.lt\\\/produktas\\\/classic-world-pasteliniu-spalvu-montessori-mandala-geliu-mozaikos-delione-vaikams\\\/\",\"url\":\"https:\\\/\\\/kidsplay.lt\\\/produktas\\\/classic-world-pasteliniu-spalvu-montessori-mandala-geliu-mozaikos-delione-vaikams\\\/\",\"name\":\"CLASSIC WORLD pastelini\u0173 spalv\u0173 Montessori mandala \u2013 g\u0117li\u0173 mozaikos d\u0117lion\u0117 vaikams\",\"isPartOf\":{\"@id\":\"https:\\\/\\\/kidsplay.lt\\\/#website\"},\"primaryImageOfPage\":{\"@id\":\"https:\\\/\\\/kidsplay.lt\\\/produktas\\\/classic-world-pasteliniu-spalvu-montessori-mandala-geliu-mozaikos-delione-vaikams\\\/#primaryimage\"},\"image\":{\"@id\":\"https:\\\/\\\/kidsplay.lt\\\/produktas\\\/classic-world-pasteliniu-spalvu-montessori-mandala-geliu-mozaikos-delione-vaikams\\\/#primaryimage\"},\"thumbnailUrl\":\"https:\\\/\\\/kidsplay.lt\\\/wp-content\\\/uploads\\\/2026\\\/05\\\/CLASSIC-WORLD-pasteliniu-spalvu-Montessori-mandala-\u2013-geliu-mozaikos-delione-vaikams.jpg\",\"datePublished\":\"2026-05-13T06:41:30+00:00\",\"dateModified\":\"2026-05-14T15:30:19+00:00\",\"breadcrumb\":{\"@id\":\"https:\\\/\\\/kidsplay.lt\\\/produktas\\\/classic-world-pasteliniu-spalvu-montessori-mandala-geliu-mozaikos-delione-vaikams\\\/#breadcrumb\"},\"inLanguage\":\"lv-LV\",\"potentialAction\":[{\"@type\":\"ReadAction\",\"target\":[\"https:\\\/\\\/kidsplay.lt\\\/produktas\\\/classic-world-pasteliniu-spalvu-montessori-mandala-geliu-mozaikos-delione-vaikams\\\/\"]}]},{\"@type\":\"ImageObject\",\"inLanguage\":\"lv-LV\",\"@id\":\"https:\\\/\\\/kidsplay.lt\\\/produktas\\\/classic-world-pasteliniu-spalvu-montessori-mandala-geliu-mozaikos-delione-vaikams\\\/#primaryimage\",\"url\":\"https:\\\/\\\/kidsplay.lt\\\/wp-content\\\/uploads\\\/2026\\\/05\\\/CLASSIC-WORLD-pasteliniu-spalvu-Montessori-mandala-\u2013-geliu-mozaikos-delione-vaikams.jpg\",\"contentUrl\":\"https:\\\/\\\/kidsplay.lt\\\/wp-content\\\/uploads\\\/2026\\\/05\\\/CLASSIC-WORLD-pasteliniu-spalvu-Montessori-mandala-\u2013-geliu-mozaikos-delione-vaikams.jpg\",\"width\":1000,\"height\":1000,\"caption\":\"CLASSIC WORLD pastelini\u0173 spalv\u0173 Montessori mandala \u2013 g\u0117li\u0173 mozaikos d\u0117lion\u0117 vaikams\"},{\"@type\":\"BreadcrumbList\",\"@id\":\"https:\\\/\\\/kidsplay.lt\\\/produktas\\\/classic-world-pasteliniu-spalvu-montessori-mandala-geliu-mozaikos-delione-vaikams\\\/#breadcrumb\",\"itemListElement\":[{\"@type\":\"ListItem\",\"position\":1,\"name\":\"Pagrindinis\",\"item\":\"https:\\\/\\\/kidsplay.lt\\\/\"},{\"@type\":\"ListItem\",\"position\":2,\"name\":\"Parduotuv\u0117\",\"item\":\"https:\\\/\\\/kidsplay.lt\\\/parduotuve\\\/\"},{\"@type\":\"ListItem\",\"position\":3,\"name\":\"CLASSIC WORLD pastelini\u0173 spalv\u0173 Montessori mandala \u2013 g\u0117li\u0173 mozaikos d\u0117lion\u0117 vaikams\"}]},{\"@type\":\"WebSite\",\"@id\":\"https:\\\/\\\/kidsplay.lt\\\/#website\",\"url\":\"https:\\\/\\\/kidsplay.lt\\\/\",\"name\":\"Kidsplay.lt\",\"description\":\"\u012evairios prek\u0117s vaikams\",\"publisher\":{\"@id\":\"https:\\\/\\\/kidsplay.lt\\\/#organization\"},\"alternateName\":\"Kidsplay\",\"potentialAction\":[{\"@type\":\"SearchAction\",\"target\":{\"@type\":\"EntryPoint\",\"urlTemplate\":\"https:\\\/\\\/kidsplay.lt\\\/?s={search_term_string}\"},\"query-input\":{\"@type\":\"PropertyValueSpecification\",\"valueRequired\":true,\"valueName\":\"search_term_string\"}}],\"inLanguage\":\"lv-LV\"},{\"@type\":\"Organization\",\"@id\":\"https:\\\/\\\/kidsplay.lt\\\/#organization\",\"name\":\"KidsPlay\",\"url\":\"https:\\\/\\\/kidsplay.lt\\\/\",\"logo\":{\"@type\":\"ImageObject\",\"inLanguage\":\"lv-LV\",\"@id\":\"https:\\\/\\\/kidsplay.lt\\\/#\\\/schema\\\/logo\\\/image\\\/\",\"url\":\"https:\\\/\\\/kidsplay.lt\\\/wp-content\\\/uploads\\\/2023\\\/07\\\/kidsplay-logo.png\",\"contentUrl\":\"https:\\\/\\\/kidsplay.lt\\\/wp-content\\\/uploads\\\/2023\\\/07\\\/kidsplay-logo.png\",\"width\":451,\"height\":98,\"caption\":\"KidsPlay\"},\"image\":{\"@id\":\"https:\\\/\\\/kidsplay.lt\\\/#\\\/schema\\\/logo\\\/image\\\/\"},\"sameAs\":[\"https:\\\/\\\/www.facebook.com\\\/www.kidsplay.lt\"]}]}<\/script>\n<!-- \/ Yoast SEO plugin. -->","yoast_head_json":{"title":"CLASSIC WORLD pastelini\u0173 spalv\u0173 Montessori mandala \u2013 g\u0117li\u0173 mozaikos d\u0117lion\u0117 vaikams","robots":{"index":"index","follow":"follow","max-snippet":"max-snippet:-1","max-image-preview":"max-image-preview:large","max-video-preview":"max-video-preview:-1"},"canonical":"https:\/\/kidsplay.lt\/lv\/products\/classic-world-pasteliniu-spalvu-montessori-mandala-geliu-mozaikos-delione-vaikams\/","og_locale":"lv_LV","og_type":"article","og_title":"CLASSIC WORLD pastelini\u0173 spalv\u0173 Montessori mandala \u2013 g\u0117li\u0173 mozaikos d\u0117lion\u0117 vaikams","og_description":"CLASSIC WORLD mandalos kalad\u0117l\u0117s \u2013 tai k\u016brybi\u0161ka d\u0117lion\u0117, \u012fkv\u0117pta \u017eydin\u010di\u0173 g\u0117li\u0173 motyv\u0173. Spalvingos detal\u0117s su tiksliais kampais ir harmoningai suderintomis","og_url":"https:\/\/kidsplay.lt\/lv\/products\/classic-world-pasteliniu-spalvu-montessori-mandala-geliu-mozaikos-delione-vaikams\/","og_site_name":"KidsPlay","article_publisher":"https:\/\/www.facebook.com\/www.kidsplay.lt","article_modified_time":"2026-05-14T15:30:19+00:00","og_image":[{"width":1000,"height":1000,"url":"https:\/\/kidsplay.lt\/wp-content\/uploads\/2026\/05\/CLASSIC-WORLD-pasteliniu-spalvu-Montessori-mandala-\u2013-geliu-mozaikos-delione-vaikams.jpg","type":"image\/jpeg"}],"twitter_card":"summary_large_image","twitter_misc":{"Est. reading time":"1 min\u016bte"},"schema":{"@context":"https:\/\/schema.org","@graph":[{"@type":"WebPage","@id":"https:\/\/kidsplay.lt\/produktas\/classic-world-pasteliniu-spalvu-montessori-mandala-geliu-mozaikos-delione-vaikams\/","url":"https:\/\/kidsplay.lt\/produktas\/classic-world-pasteliniu-spalvu-montessori-mandala-geliu-mozaikos-delione-vaikams\/","name":"CLASSIC WORLD pastelini\u0173 spalv\u0173 Montessori mandala \u2013 g\u0117li\u0173 mozaikos d\u0117lion\u0117 vaikams","isPartOf":{"@id":"https:\/\/kidsplay.lt\/#website"},"primaryImageOfPage":{"@id":"https:\/\/kidsplay.lt\/produktas\/classic-world-pasteliniu-spalvu-montessori-mandala-geliu-mozaikos-delione-vaikams\/#primaryimage"},"image":{"@id":"https:\/\/kidsplay.lt\/produktas\/classic-world-pasteliniu-spalvu-montessori-mandala-geliu-mozaikos-delione-vaikams\/#primaryimage"},"thumbnailUrl":"https:\/\/kidsplay.lt\/wp-content\/uploads\/2026\/05\/CLASSIC-WORLD-pasteliniu-spalvu-Montessori-mandala-\u2013-geliu-mozaikos-delione-vaikams.jpg","datePublished":"2026-05-13T06:41:30+00:00","dateModified":"2026-05-14T15:30:19+00:00","breadcrumb":{"@id":"https:\/\/kidsplay.lt\/produktas\/classic-world-pasteliniu-spalvu-montessori-mandala-geliu-mozaikos-delione-vaikams\/#breadcrumb"},"inLanguage":"lv-LV","potentialAction":[{"@type":"ReadAction","target":["https:\/\/kidsplay.lt\/produktas\/classic-world-pasteliniu-spalvu-montessori-mandala-geliu-mozaikos-delione-vaikams\/"]}]},{"@type":"ImageObject","inLanguage":"lv-LV","@id":"https:\/\/kidsplay.lt\/produktas\/classic-world-pasteliniu-spalvu-montessori-mandala-geliu-mozaikos-delione-vaikams\/#primaryimage","url":"https:\/\/kidsplay.lt\/wp-content\/uploads\/2026\/05\/CLASSIC-WORLD-pasteliniu-spalvu-Montessori-mandala-\u2013-geliu-mozaikos-delione-vaikams.jpg","contentUrl":"https:\/\/kidsplay.lt\/wp-content\/uploads\/2026\/05\/CLASSIC-WORLD-pasteliniu-spalvu-Montessori-mandala-\u2013-geliu-mozaikos-delione-vaikams.jpg","width":1000,"height":1000,"caption":"CLASSIC WORLD pastelini\u0173 spalv\u0173 Montessori mandala \u2013 g\u0117li\u0173 mozaikos d\u0117lion\u0117 vaikams"},{"@type":"BreadcrumbList","@id":"https:\/\/kidsplay.lt\/produktas\/classic-world-pasteliniu-spalvu-montessori-mandala-geliu-mozaikos-delione-vaikams\/#breadcrumb","itemListElement":[{"@type":"ListItem","position":1,"name":"Pagrindinis","item":"https:\/\/kidsplay.lt\/"},{"@type":"ListItem","position":2,"name":"Parduotuv\u0117","item":"https:\/\/kidsplay.lt\/parduotuve\/"},{"@type":"ListItem","position":3,"name":"CLASSIC WORLD pastelini\u0173 spalv\u0173 Montessori mandala \u2013 g\u0117li\u0173 mozaikos d\u0117lion\u0117 vaikams"}]},{"@type":"WebSite","@id":"https:\/\/kidsplay.lt\/#website","url":"https:\/\/kidsplay.lt\/","name":"B\u0113rnu sp\u0113les.lv","description":"\u012evairios prek\u0117s vaikams","publisher":{"@id":"https:\/\/kidsplay.lt\/#organization"},"alternateName":"Kidsplay","potentialAction":[{"@type":"SearchAction","target":{"@type":"EntryPoint","urlTemplate":"https:\/\/kidsplay.lt\/?s={search_term_string}"},"query-input":{"@type":"PropertyValueSpecification","valueRequired":true,"valueName":"search_term_string"}}],"inLanguage":"lv-LV"},{"@type":"Organization","@id":"https:\/\/kidsplay.lt\/#organization","name":"B\u0113rnu sp\u0113le","url":"https:\/\/kidsplay.lt\/","logo":{"@type":"ImageObject","inLanguage":"lv-LV","@id":"https:\/\/kidsplay.lt\/#\/schema\/logo\/image\/","url":"https:\/\/kidsplay.lt\/wp-content\/uploads\/2023\/07\/kidsplay-logo.png","contentUrl":"https:\/\/kidsplay.lt\/wp-content\/uploads\/2023\/07\/kidsplay-logo.png","width":451,"height":98,"caption":"KidsPlay"},"image":{"@id":"https:\/\/kidsplay.lt\/#\/schema\/logo\/image\/"},"sameAs":["https:\/\/www.facebook.com\/www.kidsplay.lt"]}]}},"_links":{"self":[{"href":"https:\/\/kidsplay.lt\/lv\/wp-json\/wp\/v2\/product\/118447","targetHints":{"allow":["GET"]}}],"collection":[{"href":"https:\/\/kidsplay.lt\/lv\/wp-json\/wp\/v2\/product"}],"about":[{"href":"https:\/\/kidsplay.lt\/lv\/wp-json\/wp\/v2\/types\/product"}],"version-history":[{"count":1,"href":"https:\/\/kidsplay.lt\/lv\/wp-json\/wp\/v2\/product\/118447\/revisions"}],"predecessor-version":[{"id":118448,"href":"https:\/\/kidsplay.lt\/lv\/wp-json\/wp\/v2\/product\/118447\/revisions\/118448"}],"wp:featuredmedia":[{"embeddable":true,"href":"https:\/\/kidsplay.lt\/lv\/wp-json\/wp\/v2\/media\/118449"}],"wp:attachment":[{"href":"https:\/\/kidsplay.lt\/lv\/wp-json\/wp\/v2\/media?parent=118447"}],"wp:term":[{"taxonomy":"product_brand","embeddable":true,"href":"https:\/\/kidsplay.lt\/lv\/wp-json\/wp\/v2\/product_brand?post=118447"},{"taxonomy":"product_cat","embeddable":true,"href":"https:\/\/kidsplay.lt\/lv\/wp-json\/wp\/v2\/product_cat?post=118447"},{"taxonomy":"product_tag","embeddable":true,"href":"https:\/\/kidsplay.lt\/lv\/wp-json\/wp\/v2\/product_tag?post=118447"}],"curies":[{"name":"wp","href":"https:\/\/api.w.org\/{rel}","templated":true}]}}