{"id":17539,"date":"2023-07-06T20:08:13","date_gmt":"2023-07-06T20:08:13","guid":{"rendered":"https:\/\/kidsplay.lt\/?post_type=product&#038;p=17539"},"modified":"2025-10-04T11:22:15","modified_gmt":"2025-10-04T08:22:15","slug":"stumdoma-masinele-mercedes","status":"publish","type":"product","link":"https:\/\/kidsplay.lt\/lv\/products\/stumdoma-masinele-mercedes\/","title":{"rendered":"Mercedes stumjam\u0101 automa\u0161\u012bna"},"content":{"rendered":"<p>Ar Mercedes rati\u0146iem pastaigas ar b\u0113rnu ir \u012bsts prieks, pateicoties rokturim, ko izmantojat b\u0113rna vad\u012b\u0161anai! Rokturis ir savienots ar rite\u0146u priek\u0161\u0113jo asi, kas nodro\u0161ina pat\u012bkamu braucienu. Aizsarg\u0101jo\u0161i s\u0101nu r\u0101mji ne\u013cauj b\u0113rnam izkrist. Izvelkami k\u0101ju balsti maz\u0101kiem b\u0113rniem. Augst\u0101 un iztur\u012bg\u0101 atzveltne nodro\u0161ina pareizu mazu\u013ca st\u0101ju. Rite\u0146i ir izgatavoti no polipropil\u0113na, t\u0101p\u0113c tie ir iztur\u012bgi un nesaskr\u0101p\u0113 virsmu, kas noz\u012bm\u0113, ka tie ir lieliski piem\u0113roti ar\u012b brauk\u0161anai pa m\u0101ju!<\/p>\n<p>IZM\u0112RI:<\/p>\n<p>Kop\u0113jais augstums: 84 cm<br \/>\nS\u0113dek\u013ca augstums: 24 cm<br \/>\nPlatums: 28 cm<br \/>\nPlatums ar k\u0101ju balstiem: 40 cm<\/p>\n<p>Iepakojuma izm\u0113rs:<\/p>\n<p>Garums: 64,5 cm<br \/>\nPlatums: 34 cm<br \/>\nAugstums: 32 cm<br \/>\nNeto svars: 4 kg<br \/>\nKop\u0113jais svars: 4,9 kg<\/p>","protected":false},"excerpt":{"rendered":"<p>Ar Mercedes rati\u0146iem pastaigas ar b\u0113rnu ir \u012bsts prieks, pateicoties rokturim, ko izmantojat b\u0113rna vad\u012b\u0161anai! Rokturis ir savienots ar rite\u0146u priek\u0161\u0113jo asi, kas nodro\u0161ina pat\u012bkamu braucienu. Aizsarg\u0101jo\u0161i s\u0101nu r\u0101mji ne\u013cauj b\u0113rnam izkrist. Izvelkami k\u0101ju balsti maz\u0101kiem b\u0113rniem. Augst\u0101 un iztur\u012bg\u0101 atzveltne nodro\u0161ina pareizu mazu\u013ca st\u0101ju. Rite\u0146i ir izgatavoti no polipropil\u0113na, t\u0101p\u0113c tie ir iztur\u012bgi un nesaskr\u0101p\u0113 virsmu, kas noz\u012bm\u0113, ka tie ir lieliski piem\u0113roti ar\u012b brauk\u0161anai pa m\u0101ju!<\/p>","protected":false},"featured_media":17665,"template":"","meta":{"_acf_changed":false,"_glsr_average":0,"_glsr_ranking":0,"_glsr_reviews":0},"product_brand":[],"product_cat":[237,238],"product_tag":[],"class_list":{"0":"post-17539","1":"product","2":"type-product","3":"status-publish","4":"has-post-thumbnail","6":"product_cat-judejimo-priemones","7":"product_cat-stumdomos-masineles","8":"\"style=\"background-color: #2ecc711c;\"","10":"first","11":"instock","12":"shipping-taxable","13":"purchasable","14":"product-type-variable"},"acf":[],"yoast_head":"<!-- This site is optimized with the Yoast SEO plugin v27.4 - https:\/\/yoast.com\/product\/yoast-seo-wordpress\/ -->\n<title>Stumdoma ma\u0161in\u0117l\u0117 Mercedes - KidsPlay<\/title>\n<meta name=\"description\" content=\"Su stumdoma ma\u0161in\u0117le Mercedes vaik\u0161\u010diojimas su vaiku yra tikras malonumas, d\u0117ka rankenos, kuria vadovaujate vaikui!\" \/>\n<meta name=\"robots\" content=\"index, follow, max-snippet:-1, max-image-preview:large, max-video-preview:-1\" \/>\n<link rel=\"canonical\" href=\"https:\/\/kidsplay.lt\/lv\/products\/stumdoma-masinele-mercedes\/\" \/>\n<meta property=\"og:locale\" content=\"lv_LV\" \/>\n<meta property=\"og:type\" content=\"article\" \/>\n<meta property=\"og:title\" content=\"Stumdoma ma\u0161in\u0117l\u0117 Mercedes - KidsPlay\" \/>\n<meta property=\"og:description\" content=\"Su stumdoma ma\u0161in\u0117le Mercedes vaik\u0161\u010diojimas su vaiku yra tikras malonumas, d\u0117ka rankenos, kuria vadovaujate vaikui!\" \/>\n<meta property=\"og:url\" content=\"https:\/\/kidsplay.lt\/lv\/products\/stumdoma-masinele-mercedes\/\" \/>\n<meta property=\"og:site_name\" content=\"KidsPlay\" \/>\n<meta property=\"article:publisher\" content=\"https:\/\/www.facebook.com\/www.kidsplay.lt\" \/>\n<meta property=\"article:modified_time\" content=\"2025-10-04T08:22:15+00:00\" \/>\n<meta property=\"og:image\" content=\"https:\/\/kidsplay.lt\/wp-content\/uploads\/2023\/07\/stumdoma-masinele-mercedes.jpg\" \/>\n\t<meta property=\"og:image:width\" content=\"625\" \/>\n\t<meta property=\"og:image:height\" content=\"720\" \/>\n\t<meta property=\"og:image:type\" content=\"image\/jpeg\" \/>\n<meta name=\"twitter:card\" content=\"summary_large_image\" \/>\n<meta name=\"twitter:label1\" content=\"Est. reading time\" \/>\n\t<meta name=\"twitter:data1\" content=\"1 min\u016bte\" \/>\n<script type=\"application\/ld+json\" class=\"yoast-schema-graph\">{\"@context\":\"https:\\\/\\\/schema.org\",\"@graph\":[{\"@type\":\"WebPage\",\"@id\":\"https:\\\/\\\/kidsplay.lt\\\/produktas\\\/stumdoma-masinele-mercedes\\\/\",\"url\":\"https:\\\/\\\/kidsplay.lt\\\/produktas\\\/stumdoma-masinele-mercedes\\\/\",\"name\":\"Stumdoma ma\u0161in\u0117l\u0117 Mercedes - KidsPlay\",\"isPartOf\":{\"@id\":\"https:\\\/\\\/kidsplay.lt\\\/#website\"},\"primaryImageOfPage\":{\"@id\":\"https:\\\/\\\/kidsplay.lt\\\/produktas\\\/stumdoma-masinele-mercedes\\\/#primaryimage\"},\"image\":{\"@id\":\"https:\\\/\\\/kidsplay.lt\\\/produktas\\\/stumdoma-masinele-mercedes\\\/#primaryimage\"},\"thumbnailUrl\":\"https:\\\/\\\/kidsplay.lt\\\/wp-content\\\/uploads\\\/2023\\\/07\\\/stumdoma-masinele-mercedes.jpg\",\"datePublished\":\"2023-07-06T20:08:13+00:00\",\"dateModified\":\"2025-10-04T08:22:15+00:00\",\"description\":\"Su stumdoma ma\u0161in\u0117le Mercedes vaik\u0161\u010diojimas su vaiku yra tikras malonumas, d\u0117ka rankenos, kuria vadovaujate vaikui!\",\"breadcrumb\":{\"@id\":\"https:\\\/\\\/kidsplay.lt\\\/produktas\\\/stumdoma-masinele-mercedes\\\/#breadcrumb\"},\"inLanguage\":\"lv-LV\",\"potentialAction\":[{\"@type\":\"ReadAction\",\"target\":[\"https:\\\/\\\/kidsplay.lt\\\/produktas\\\/stumdoma-masinele-mercedes\\\/\"]}]},{\"@type\":\"ImageObject\",\"inLanguage\":\"lv-LV\",\"@id\":\"https:\\\/\\\/kidsplay.lt\\\/produktas\\\/stumdoma-masinele-mercedes\\\/#primaryimage\",\"url\":\"https:\\\/\\\/kidsplay.lt\\\/wp-content\\\/uploads\\\/2023\\\/07\\\/stumdoma-masinele-mercedes.jpg\",\"contentUrl\":\"https:\\\/\\\/kidsplay.lt\\\/wp-content\\\/uploads\\\/2023\\\/07\\\/stumdoma-masinele-mercedes.jpg\",\"width\":625,\"height\":720},{\"@type\":\"BreadcrumbList\",\"@id\":\"https:\\\/\\\/kidsplay.lt\\\/produktas\\\/stumdoma-masinele-mercedes\\\/#breadcrumb\",\"itemListElement\":[{\"@type\":\"ListItem\",\"position\":1,\"name\":\"Pagrindinis\",\"item\":\"https:\\\/\\\/kidsplay.lt\\\/\"},{\"@type\":\"ListItem\",\"position\":2,\"name\":\"Parduotuv\u0117\",\"item\":\"https:\\\/\\\/kidsplay.lt\\\/parduotuve\\\/\"},{\"@type\":\"ListItem\",\"position\":3,\"name\":\"Stumdoma ma\u0161in\u0117l\u0117 Mercedes\"}]},{\"@type\":\"WebSite\",\"@id\":\"https:\\\/\\\/kidsplay.lt\\\/#website\",\"url\":\"https:\\\/\\\/kidsplay.lt\\\/\",\"name\":\"Kidsplay.lt\",\"description\":\"\u012evairios prek\u0117s vaikams\",\"publisher\":{\"@id\":\"https:\\\/\\\/kidsplay.lt\\\/#organization\"},\"alternateName\":\"Kidsplay\",\"potentialAction\":[{\"@type\":\"SearchAction\",\"target\":{\"@type\":\"EntryPoint\",\"urlTemplate\":\"https:\\\/\\\/kidsplay.lt\\\/?s={search_term_string}\"},\"query-input\":{\"@type\":\"PropertyValueSpecification\",\"valueRequired\":true,\"valueName\":\"search_term_string\"}}],\"inLanguage\":\"lv-LV\"},{\"@type\":\"Organization\",\"@id\":\"https:\\\/\\\/kidsplay.lt\\\/#organization\",\"name\":\"KidsPlay\",\"url\":\"https:\\\/\\\/kidsplay.lt\\\/\",\"logo\":{\"@type\":\"ImageObject\",\"inLanguage\":\"lv-LV\",\"@id\":\"https:\\\/\\\/kidsplay.lt\\\/#\\\/schema\\\/logo\\\/image\\\/\",\"url\":\"https:\\\/\\\/kidsplay.lt\\\/wp-content\\\/uploads\\\/2023\\\/07\\\/kidsplay-logo.png\",\"contentUrl\":\"https:\\\/\\\/kidsplay.lt\\\/wp-content\\\/uploads\\\/2023\\\/07\\\/kidsplay-logo.png\",\"width\":451,\"height\":98,\"caption\":\"KidsPlay\"},\"image\":{\"@id\":\"https:\\\/\\\/kidsplay.lt\\\/#\\\/schema\\\/logo\\\/image\\\/\"},\"sameAs\":[\"https:\\\/\\\/www.facebook.com\\\/www.kidsplay.lt\"]}]}<\/script>\n<!-- \/ Yoast SEO plugin. -->","yoast_head_json":{"title":"Stumdoma ma\u0161in\u0117l\u0117 Mercedes - KidsPlay","description":"Su stumdoma ma\u0161in\u0117le Mercedes vaik\u0161\u010diojimas su vaiku yra tikras malonumas, d\u0117ka rankenos, kuria vadovaujate vaikui!","robots":{"index":"index","follow":"follow","max-snippet":"max-snippet:-1","max-image-preview":"max-image-preview:large","max-video-preview":"max-video-preview:-1"},"canonical":"https:\/\/kidsplay.lt\/lv\/products\/stumdoma-masinele-mercedes\/","og_locale":"lv_LV","og_type":"article","og_title":"Stumdoma ma\u0161in\u0117l\u0117 Mercedes - KidsPlay","og_description":"Su stumdoma ma\u0161in\u0117le Mercedes vaik\u0161\u010diojimas su vaiku yra tikras malonumas, d\u0117ka rankenos, kuria vadovaujate vaikui!","og_url":"https:\/\/kidsplay.lt\/lv\/products\/stumdoma-masinele-mercedes\/","og_site_name":"KidsPlay","article_publisher":"https:\/\/www.facebook.com\/www.kidsplay.lt","article_modified_time":"2025-10-04T08:22:15+00:00","og_image":[{"width":625,"height":720,"url":"https:\/\/kidsplay.lt\/wp-content\/uploads\/2023\/07\/stumdoma-masinele-mercedes.jpg","type":"image\/jpeg"}],"twitter_card":"summary_large_image","twitter_misc":{"Est. reading time":"1 min\u016bte"},"schema":{"@context":"https:\/\/schema.org","@graph":[{"@type":"WebPage","@id":"https:\/\/kidsplay.lt\/produktas\/stumdoma-masinele-mercedes\/","url":"https:\/\/kidsplay.lt\/produktas\/stumdoma-masinele-mercedes\/","name":"Stumdoma ma\u0161in\u0117l\u0117 Mercedes - KidsPlay","isPartOf":{"@id":"https:\/\/kidsplay.lt\/#website"},"primaryImageOfPage":{"@id":"https:\/\/kidsplay.lt\/produktas\/stumdoma-masinele-mercedes\/#primaryimage"},"image":{"@id":"https:\/\/kidsplay.lt\/produktas\/stumdoma-masinele-mercedes\/#primaryimage"},"thumbnailUrl":"https:\/\/kidsplay.lt\/wp-content\/uploads\/2023\/07\/stumdoma-masinele-mercedes.jpg","datePublished":"2023-07-06T20:08:13+00:00","dateModified":"2025-10-04T08:22:15+00:00","description":"Su stumdoma ma\u0161in\u0117le Mercedes vaik\u0161\u010diojimas su vaiku yra tikras malonumas, d\u0117ka rankenos, kuria vadovaujate vaikui!","breadcrumb":{"@id":"https:\/\/kidsplay.lt\/produktas\/stumdoma-masinele-mercedes\/#breadcrumb"},"inLanguage":"lv-LV","potentialAction":[{"@type":"ReadAction","target":["https:\/\/kidsplay.lt\/produktas\/stumdoma-masinele-mercedes\/"]}]},{"@type":"ImageObject","inLanguage":"lv-LV","@id":"https:\/\/kidsplay.lt\/produktas\/stumdoma-masinele-mercedes\/#primaryimage","url":"https:\/\/kidsplay.lt\/wp-content\/uploads\/2023\/07\/stumdoma-masinele-mercedes.jpg","contentUrl":"https:\/\/kidsplay.lt\/wp-content\/uploads\/2023\/07\/stumdoma-masinele-mercedes.jpg","width":625,"height":720},{"@type":"BreadcrumbList","@id":"https:\/\/kidsplay.lt\/produktas\/stumdoma-masinele-mercedes\/#breadcrumb","itemListElement":[{"@type":"ListItem","position":1,"name":"Pagrindinis","item":"https:\/\/kidsplay.lt\/"},{"@type":"ListItem","position":2,"name":"Parduotuv\u0117","item":"https:\/\/kidsplay.lt\/parduotuve\/"},{"@type":"ListItem","position":3,"name":"Stumdoma ma\u0161in\u0117l\u0117 Mercedes"}]},{"@type":"WebSite","@id":"https:\/\/kidsplay.lt\/#website","url":"https:\/\/kidsplay.lt\/","name":"B\u0113rnu sp\u0113les.lv","description":"\u012evairios prek\u0117s vaikams","publisher":{"@id":"https:\/\/kidsplay.lt\/#organization"},"alternateName":"Kidsplay","potentialAction":[{"@type":"SearchAction","target":{"@type":"EntryPoint","urlTemplate":"https:\/\/kidsplay.lt\/?s={search_term_string}"},"query-input":{"@type":"PropertyValueSpecification","valueRequired":true,"valueName":"search_term_string"}}],"inLanguage":"lv-LV"},{"@type":"Organization","@id":"https:\/\/kidsplay.lt\/#organization","name":"B\u0113rnu sp\u0113le","url":"https:\/\/kidsplay.lt\/","logo":{"@type":"ImageObject","inLanguage":"lv-LV","@id":"https:\/\/kidsplay.lt\/#\/schema\/logo\/image\/","url":"https:\/\/kidsplay.lt\/wp-content\/uploads\/2023\/07\/kidsplay-logo.png","contentUrl":"https:\/\/kidsplay.lt\/wp-content\/uploads\/2023\/07\/kidsplay-logo.png","width":451,"height":98,"caption":"KidsPlay"},"image":{"@id":"https:\/\/kidsplay.lt\/#\/schema\/logo\/image\/"},"sameAs":["https:\/\/www.facebook.com\/www.kidsplay.lt"]}]}},"_links":{"self":[{"href":"https:\/\/kidsplay.lt\/lv\/wp-json\/wp\/v2\/product\/17539","targetHints":{"allow":["GET"]}}],"collection":[{"href":"https:\/\/kidsplay.lt\/lv\/wp-json\/wp\/v2\/product"}],"about":[{"href":"https:\/\/kidsplay.lt\/lv\/wp-json\/wp\/v2\/types\/product"}],"version-history":[{"count":1,"href":"https:\/\/kidsplay.lt\/lv\/wp-json\/wp\/v2\/product\/17539\/revisions"}],"predecessor-version":[{"id":57350,"href":"https:\/\/kidsplay.lt\/lv\/wp-json\/wp\/v2\/product\/17539\/revisions\/57350"}],"wp:featuredmedia":[{"embeddable":true,"href":"https:\/\/kidsplay.lt\/lv\/wp-json\/wp\/v2\/media\/17665"}],"wp:attachment":[{"href":"https:\/\/kidsplay.lt\/lv\/wp-json\/wp\/v2\/media?parent=17539"}],"wp:term":[{"taxonomy":"product_brand","embeddable":true,"href":"https:\/\/kidsplay.lt\/lv\/wp-json\/wp\/v2\/product_brand?post=17539"},{"taxonomy":"product_cat","embeddable":true,"href":"https:\/\/kidsplay.lt\/lv\/wp-json\/wp\/v2\/product_cat?post=17539"},{"taxonomy":"product_tag","embeddable":true,"href":"https:\/\/kidsplay.lt\/lv\/wp-json\/wp\/v2\/product_tag?post=17539"}],"curies":[{"name":"wp","href":"https:\/\/api.w.org\/{rel}","templated":true}]}}