{"id":17540,"date":"2023-07-06T20:08:13","date_gmt":"2023-07-06T20:08:13","guid":{"rendered":"https:\/\/kidsplay.lt\/?post_type=product&#038;p=17540"},"modified":"2025-12-02T18:05:35","modified_gmt":"2025-12-02T16:05:35","slug":"balansinis-dviratukas-kinderkraft","status":"publish","type":"product","link":"https:\/\/kidsplay.lt\/lv\/products\/balansinis-dviratukas-kinderkraft\/","title":{"rendered":"Kinderkraft l\u012bdzsvara velosip\u0113ds"},"content":{"rendered":"<p>Kinderkraft l\u012bdzsvara velosip\u0113ds apvieno ori\u0123in\u0101lu, modernu dizainu, dro\u0161u konstrukciju un tr\u012bsrite\u0146a priek\u0161roc\u012bbas. Tas ir paredz\u0113ts maziem p\u0113tniekiem no 1 gada vecuma, kuri katru dienu ir gatavi jauniem piedz\u012bvojumiem m\u0101j\u0101s un pagalm\u0101. Lielisks velosip\u0113ds, lai j\u016bsu b\u0113rns var\u0113tu m\u0101c\u012bties un sp\u0113l\u0113ties. Velosip\u0113ds ir izstr\u0101d\u0101ts, dom\u0101jot par mazajiem, t\u0101p\u0113c t\u0101 konstrukcija ir veidota t\u0101, lai b\u0113rns iem\u0101c\u012btos l\u012bdzsvarot \u0137ermeni un saglab\u0101t l\u012bdzsvaru, pirmo reizi non\u0101kot saskar\u0113 ar mini velosip\u0113du.<br \/>\nVelosip\u0113ds sver tikai 1,8 kg, t\u0101p\u0113c j\u016bsu mazais to var viegli pa\u0146emt, nest vai braukt. Vieglo un vienm\u0113r\u012bgo braucienu veicina ar\u012b aizmugur\u0113jais ritenis ar gult\u0146iem, un t\u0113rauda r\u0101mis un no EVA put\u0101m izgatavotie rite\u0146i padara velosip\u0113du \u0101rk\u0101rt\u012bgi iztur\u012bgu. Velosip\u0113ds ir piel\u0101gots j\u016bsu b\u0113rna vajadz\u012bb\u0101m un izm\u0113ram, t\u0101p\u0113c tam ir iesp\u0113ja regul\u0113t s\u0113dekli par 26\u201328 cm.<\/p>","protected":false},"excerpt":{"rendered":"<p>Kinderkraft l\u012bdzsvara velosip\u0113ds apvieno ori\u0123in\u0101lu, modernu dizainu, dro\u0161u konstrukciju un tr\u012bsrite\u0146a priek\u0161roc\u012bbas. Tas ir paredz\u0113ts maziem p\u0113tniekiem no 1 gada vecuma, kuri katru dienu ir gatavi jauniem piedz\u012bvojumiem m\u0101j\u0101s un pagalm\u0101. Lielisks velosip\u0113ds, lai j\u016bsu b\u0113rns var\u0113tu m\u0101c\u012bties un sp\u0113l\u0113ties. Velosip\u0113ds ir izstr\u0101d\u0101ts, dom\u0101jot par mazajiem, t\u0101p\u0113c t\u0101 konstrukcija ir veidota t\u0101, lai b\u0113rns iem\u0101c\u012btos l\u012bdzsvarot \u0137ermeni un saglab\u0101t l\u012bdzsvaru, pirmo reizi non\u0101kot saskar\u0113 ar mini velosip\u0113du.<\/p>","protected":false},"featured_media":17670,"template":"","meta":{"_acf_changed":false,"_glsr_average":0,"_glsr_ranking":0,"_glsr_reviews":0},"product_brand":[],"product_cat":[240,237],"product_tag":[],"class_list":{"0":"post-17540","1":"product","2":"type-product","3":"status-publish","4":"has-post-thumbnail","6":"product_cat-balansiniai-dviratukai","7":"product_cat-judejimo-priemones","8":"\"style=\"background-color: #2ecc711c;\"","10":"first","11":"instock","12":"shipping-taxable","13":"purchasable","14":"product-type-variable"},"acf":[],"yoast_head":"<!-- This site is optimized with the Yoast SEO plugin v27.3 - https:\/\/yoast.com\/product\/yoast-seo-wordpress\/ -->\n<title>Balansinis dviratukas Kinderkraft - KidsPlay<\/title>\n<meta name=\"description\" content=\"Balancinis dviratukas Kinderkraft apjungia original\u0173, modern\u0173 dizain\u0105, saugi\u0105 strukt\u016br\u0105 ir triratuko privalumus.\" \/>\n<meta name=\"robots\" content=\"index, follow, max-snippet:-1, max-image-preview:large, max-video-preview:-1\" \/>\n<link rel=\"canonical\" href=\"https:\/\/kidsplay.lt\/lv\/products\/balansinis-dviratukas-kinderkraft\/\" \/>\n<meta property=\"og:locale\" content=\"lv_LV\" \/>\n<meta property=\"og:type\" content=\"article\" \/>\n<meta property=\"og:title\" content=\"Balansinis dviratukas Kinderkraft - KidsPlay\" \/>\n<meta property=\"og:description\" content=\"Balancinis dviratukas Kinderkraft apjungia original\u0173, modern\u0173 dizain\u0105, saugi\u0105 strukt\u016br\u0105 ir triratuko privalumus.\" \/>\n<meta property=\"og:url\" content=\"https:\/\/kidsplay.lt\/lv\/products\/balansinis-dviratukas-kinderkraft\/\" \/>\n<meta property=\"og:site_name\" content=\"KidsPlay\" \/>\n<meta property=\"article:publisher\" content=\"https:\/\/www.facebook.com\/www.kidsplay.lt\" \/>\n<meta property=\"article:modified_time\" content=\"2025-12-02T16:05:35+00:00\" \/>\n<meta property=\"og:image\" content=\"https:\/\/kidsplay.lt\/wp-content\/uploads\/2023\/07\/balancinis-dviratukas1.jpg\" \/>\n\t<meta property=\"og:image:width\" content=\"720\" \/>\n\t<meta property=\"og:image:height\" content=\"720\" \/>\n\t<meta property=\"og:image:type\" content=\"image\/jpeg\" \/>\n<meta name=\"twitter:card\" content=\"summary_large_image\" \/>\n<meta name=\"twitter:label1\" content=\"Est. reading time\" \/>\n\t<meta name=\"twitter:data1\" content=\"1 min\u016bte\" \/>\n<script type=\"application\/ld+json\" class=\"yoast-schema-graph\">{\"@context\":\"https:\\\/\\\/schema.org\",\"@graph\":[{\"@type\":\"WebPage\",\"@id\":\"https:\\\/\\\/kidsplay.lt\\\/produktas\\\/balansinis-dviratukas-kinderkraft\\\/\",\"url\":\"https:\\\/\\\/kidsplay.lt\\\/produktas\\\/balansinis-dviratukas-kinderkraft\\\/\",\"name\":\"Balansinis dviratukas Kinderkraft - KidsPlay\",\"isPartOf\":{\"@id\":\"https:\\\/\\\/kidsplay.lt\\\/#website\"},\"primaryImageOfPage\":{\"@id\":\"https:\\\/\\\/kidsplay.lt\\\/produktas\\\/balansinis-dviratukas-kinderkraft\\\/#primaryimage\"},\"image\":{\"@id\":\"https:\\\/\\\/kidsplay.lt\\\/produktas\\\/balansinis-dviratukas-kinderkraft\\\/#primaryimage\"},\"thumbnailUrl\":\"https:\\\/\\\/kidsplay.lt\\\/wp-content\\\/uploads\\\/2023\\\/07\\\/balancinis-dviratukas1.jpg\",\"datePublished\":\"2023-07-06T20:08:13+00:00\",\"dateModified\":\"2025-12-02T16:05:35+00:00\",\"description\":\"Balancinis dviratukas Kinderkraft apjungia original\u0173, modern\u0173 dizain\u0105, saugi\u0105 strukt\u016br\u0105 ir triratuko privalumus.\",\"breadcrumb\":{\"@id\":\"https:\\\/\\\/kidsplay.lt\\\/produktas\\\/balansinis-dviratukas-kinderkraft\\\/#breadcrumb\"},\"inLanguage\":\"lv-LV\",\"potentialAction\":[{\"@type\":\"ReadAction\",\"target\":[\"https:\\\/\\\/kidsplay.lt\\\/produktas\\\/balansinis-dviratukas-kinderkraft\\\/\"]}]},{\"@type\":\"ImageObject\",\"inLanguage\":\"lv-LV\",\"@id\":\"https:\\\/\\\/kidsplay.lt\\\/produktas\\\/balansinis-dviratukas-kinderkraft\\\/#primaryimage\",\"url\":\"https:\\\/\\\/kidsplay.lt\\\/wp-content\\\/uploads\\\/2023\\\/07\\\/balancinis-dviratukas1.jpg\",\"contentUrl\":\"https:\\\/\\\/kidsplay.lt\\\/wp-content\\\/uploads\\\/2023\\\/07\\\/balancinis-dviratukas1.jpg\",\"width\":720,\"height\":720},{\"@type\":\"BreadcrumbList\",\"@id\":\"https:\\\/\\\/kidsplay.lt\\\/produktas\\\/balansinis-dviratukas-kinderkraft\\\/#breadcrumb\",\"itemListElement\":[{\"@type\":\"ListItem\",\"position\":1,\"name\":\"Pagrindinis\",\"item\":\"https:\\\/\\\/kidsplay.lt\\\/\"},{\"@type\":\"ListItem\",\"position\":2,\"name\":\"Parduotuv\u0117\",\"item\":\"https:\\\/\\\/kidsplay.lt\\\/parduotuve\\\/\"},{\"@type\":\"ListItem\",\"position\":3,\"name\":\"Balansinis dviratukas Kinderkraft\"}]},{\"@type\":\"WebSite\",\"@id\":\"https:\\\/\\\/kidsplay.lt\\\/#website\",\"url\":\"https:\\\/\\\/kidsplay.lt\\\/\",\"name\":\"Kidsplay.lt\",\"description\":\"\u012evairios prek\u0117s vaikams\",\"publisher\":{\"@id\":\"https:\\\/\\\/kidsplay.lt\\\/#organization\"},\"alternateName\":\"Kidsplay\",\"potentialAction\":[{\"@type\":\"SearchAction\",\"target\":{\"@type\":\"EntryPoint\",\"urlTemplate\":\"https:\\\/\\\/kidsplay.lt\\\/?s={search_term_string}\"},\"query-input\":{\"@type\":\"PropertyValueSpecification\",\"valueRequired\":true,\"valueName\":\"search_term_string\"}}],\"inLanguage\":\"lv-LV\"},{\"@type\":\"Organization\",\"@id\":\"https:\\\/\\\/kidsplay.lt\\\/#organization\",\"name\":\"KidsPlay\",\"url\":\"https:\\\/\\\/kidsplay.lt\\\/\",\"logo\":{\"@type\":\"ImageObject\",\"inLanguage\":\"lv-LV\",\"@id\":\"https:\\\/\\\/kidsplay.lt\\\/#\\\/schema\\\/logo\\\/image\\\/\",\"url\":\"https:\\\/\\\/kidsplay.lt\\\/wp-content\\\/uploads\\\/2023\\\/07\\\/kidsplay-logo.png\",\"contentUrl\":\"https:\\\/\\\/kidsplay.lt\\\/wp-content\\\/uploads\\\/2023\\\/07\\\/kidsplay-logo.png\",\"width\":451,\"height\":98,\"caption\":\"KidsPlay\"},\"image\":{\"@id\":\"https:\\\/\\\/kidsplay.lt\\\/#\\\/schema\\\/logo\\\/image\\\/\"},\"sameAs\":[\"https:\\\/\\\/www.facebook.com\\\/www.kidsplay.lt\"]}]}<\/script>\n<!-- \/ Yoast SEO plugin. -->","yoast_head_json":{"title":"Balansinis dviratukas Kinderkraft - KidsPlay","description":"Balancinis dviratukas Kinderkraft apjungia original\u0173, modern\u0173 dizain\u0105, saugi\u0105 strukt\u016br\u0105 ir triratuko privalumus.","robots":{"index":"index","follow":"follow","max-snippet":"max-snippet:-1","max-image-preview":"max-image-preview:large","max-video-preview":"max-video-preview:-1"},"canonical":"https:\/\/kidsplay.lt\/lv\/products\/balansinis-dviratukas-kinderkraft\/","og_locale":"lv_LV","og_type":"article","og_title":"Balansinis dviratukas Kinderkraft - KidsPlay","og_description":"Balancinis dviratukas Kinderkraft apjungia original\u0173, modern\u0173 dizain\u0105, saugi\u0105 strukt\u016br\u0105 ir triratuko privalumus.","og_url":"https:\/\/kidsplay.lt\/lv\/products\/balansinis-dviratukas-kinderkraft\/","og_site_name":"KidsPlay","article_publisher":"https:\/\/www.facebook.com\/www.kidsplay.lt","article_modified_time":"2025-12-02T16:05:35+00:00","og_image":[{"width":720,"height":720,"url":"https:\/\/kidsplay.lt\/wp-content\/uploads\/2023\/07\/balancinis-dviratukas1.jpg","type":"image\/jpeg"}],"twitter_card":"summary_large_image","twitter_misc":{"Est. reading time":"1 min\u016bte"},"schema":{"@context":"https:\/\/schema.org","@graph":[{"@type":"WebPage","@id":"https:\/\/kidsplay.lt\/produktas\/balansinis-dviratukas-kinderkraft\/","url":"https:\/\/kidsplay.lt\/produktas\/balansinis-dviratukas-kinderkraft\/","name":"Balansinis dviratukas Kinderkraft - KidsPlay","isPartOf":{"@id":"https:\/\/kidsplay.lt\/#website"},"primaryImageOfPage":{"@id":"https:\/\/kidsplay.lt\/produktas\/balansinis-dviratukas-kinderkraft\/#primaryimage"},"image":{"@id":"https:\/\/kidsplay.lt\/produktas\/balansinis-dviratukas-kinderkraft\/#primaryimage"},"thumbnailUrl":"https:\/\/kidsplay.lt\/wp-content\/uploads\/2023\/07\/balancinis-dviratukas1.jpg","datePublished":"2023-07-06T20:08:13+00:00","dateModified":"2025-12-02T16:05:35+00:00","description":"Balancinis dviratukas Kinderkraft apjungia original\u0173, modern\u0173 dizain\u0105, saugi\u0105 strukt\u016br\u0105 ir triratuko privalumus.","breadcrumb":{"@id":"https:\/\/kidsplay.lt\/produktas\/balansinis-dviratukas-kinderkraft\/#breadcrumb"},"inLanguage":"lv-LV","potentialAction":[{"@type":"ReadAction","target":["https:\/\/kidsplay.lt\/produktas\/balansinis-dviratukas-kinderkraft\/"]}]},{"@type":"ImageObject","inLanguage":"lv-LV","@id":"https:\/\/kidsplay.lt\/produktas\/balansinis-dviratukas-kinderkraft\/#primaryimage","url":"https:\/\/kidsplay.lt\/wp-content\/uploads\/2023\/07\/balancinis-dviratukas1.jpg","contentUrl":"https:\/\/kidsplay.lt\/wp-content\/uploads\/2023\/07\/balancinis-dviratukas1.jpg","width":720,"height":720},{"@type":"BreadcrumbList","@id":"https:\/\/kidsplay.lt\/produktas\/balansinis-dviratukas-kinderkraft\/#breadcrumb","itemListElement":[{"@type":"ListItem","position":1,"name":"Pagrindinis","item":"https:\/\/kidsplay.lt\/"},{"@type":"ListItem","position":2,"name":"Parduotuv\u0117","item":"https:\/\/kidsplay.lt\/parduotuve\/"},{"@type":"ListItem","position":3,"name":"Balansinis dviratukas Kinderkraft"}]},{"@type":"WebSite","@id":"https:\/\/kidsplay.lt\/#website","url":"https:\/\/kidsplay.lt\/","name":"B\u0113rnu sp\u0113les.lv","description":"\u012evairios prek\u0117s vaikams","publisher":{"@id":"https:\/\/kidsplay.lt\/#organization"},"alternateName":"Kidsplay","potentialAction":[{"@type":"SearchAction","target":{"@type":"EntryPoint","urlTemplate":"https:\/\/kidsplay.lt\/?s={search_term_string}"},"query-input":{"@type":"PropertyValueSpecification","valueRequired":true,"valueName":"search_term_string"}}],"inLanguage":"lv-LV"},{"@type":"Organization","@id":"https:\/\/kidsplay.lt\/#organization","name":"B\u0113rnu sp\u0113le","url":"https:\/\/kidsplay.lt\/","logo":{"@type":"ImageObject","inLanguage":"lv-LV","@id":"https:\/\/kidsplay.lt\/#\/schema\/logo\/image\/","url":"https:\/\/kidsplay.lt\/wp-content\/uploads\/2023\/07\/kidsplay-logo.png","contentUrl":"https:\/\/kidsplay.lt\/wp-content\/uploads\/2023\/07\/kidsplay-logo.png","width":451,"height":98,"caption":"KidsPlay"},"image":{"@id":"https:\/\/kidsplay.lt\/#\/schema\/logo\/image\/"},"sameAs":["https:\/\/www.facebook.com\/www.kidsplay.lt"]}]}},"_links":{"self":[{"href":"https:\/\/kidsplay.lt\/lv\/wp-json\/wp\/v2\/product\/17540","targetHints":{"allow":["GET"]}}],"collection":[{"href":"https:\/\/kidsplay.lt\/lv\/wp-json\/wp\/v2\/product"}],"about":[{"href":"https:\/\/kidsplay.lt\/lv\/wp-json\/wp\/v2\/types\/product"}],"version-history":[{"count":2,"href":"https:\/\/kidsplay.lt\/lv\/wp-json\/wp\/v2\/product\/17540\/revisions"}],"predecessor-version":[{"id":81497,"href":"https:\/\/kidsplay.lt\/lv\/wp-json\/wp\/v2\/product\/17540\/revisions\/81497"}],"wp:featuredmedia":[{"embeddable":true,"href":"https:\/\/kidsplay.lt\/lv\/wp-json\/wp\/v2\/media\/17670"}],"wp:attachment":[{"href":"https:\/\/kidsplay.lt\/lv\/wp-json\/wp\/v2\/media?parent=17540"}],"wp:term":[{"taxonomy":"product_brand","embeddable":true,"href":"https:\/\/kidsplay.lt\/lv\/wp-json\/wp\/v2\/product_brand?post=17540"},{"taxonomy":"product_cat","embeddable":true,"href":"https:\/\/kidsplay.lt\/lv\/wp-json\/wp\/v2\/product_cat?post=17540"},{"taxonomy":"product_tag","embeddable":true,"href":"https:\/\/kidsplay.lt\/lv\/wp-json\/wp\/v2\/product_tag?post=17540"}],"curies":[{"name":"wp","href":"https:\/\/api.w.org\/{rel}","templated":true}]}}