{"id":17876,"date":"2023-07-06T20:12:34","date_gmt":"2023-07-06T17:12:34","guid":{"rendered":"https:\/\/kidsplay.lt\/?post_type=product&#038;p=17876"},"modified":"2026-02-25T16:19:29","modified_gmt":"2026-02-25T14:19:29","slug":"lopsys-kinderkraft-3in1","status":"publish","type":"product","link":"https:\/\/kidsplay.lt\/lv\/products\/lopsys-kinderkraft-3in1\/","title":{"rendered":"B\u0113rnu gulti\u0146a KINDERKRAFT 3in1"},"content":{"rendered":"<p>Lop\u0161ys KINDERKRAFT 3in1 prakti\u0161ka lovyt\u0117 viename, kuri\u0105 galite naudoti kaip lop\u0161\u012f, kelionin\u0119 lovel\u0119 ir klasikin\u0119 nam\u0173 lov\u0105. Reguliuojamas stogelis su \u012fmontuotu tinkleliu nuo uod\u0173 u\u017etikrins ram\u0173 ir saug\u0173 vaiko mieg\u0105 bet kokiomis s\u0105lygomis. Jis yra lengvas, tod\u0117l galite laisvai ne\u0161iotis, o prakti\u0161kas krep\u0161ys leid\u017eia laikyti ir lengvai transportuoti. Produktas skirtas vaikams nuo 0 iki 6 m\u0117nesi\u0173 &#8211; iki 9 kg (arba kai vaikas pradeda s\u0117d\u0117ti).<\/p>\n<ul>\n<li>Daugiafunkcinis: lop\u0161ys, kelionin\u0117 lovel\u0117, nam\u0173 lovel\u0117<\/li>\n<li>Nuimamas stogelis su \u012fmontuotu tinkleliu nuo uod\u0173<\/li>\n<li>Galimyb\u0117 nustatyti stabilioje ir s\u016bpuojan\u010dioje pad\u0117tyje<\/li>\n<li>D\u0117l kompakti\u0161kos ir lengvos lovel\u0117s strukt\u016bros (sveria apie 5 kg) labai lengva j\u0105 transportuoti<\/li>\n<li>Reguliuojamas gaubtas<\/li>\n<li>Greitas surinkimas ir i\u0161montavimas be \u012franki\u0173!<\/li>\n<li>\u010ciu\u017einys su u\u017evalkalu , kur\u012f galima plauti<\/li>\n<li>R\u0117mas: plieninis<\/li>\n<li>Vir\u0161us: poliesteris<\/li>\n<li>\u010ciu\u017einys: medviln\u0117, poliesteris<\/li>\n<li>Auk\u0161tis: 85 cm (53 cm be kabinos)<\/li>\n<li>Plotis: 61 cm<\/li>\n<li>Ilgis: 88 cm<\/li>\n<li>Sulankstytas: 65 x 61 x 19 cm<\/li>\n<li>\u010ciu\u017einys: 78 x 41 x 2,5 cm<\/li>\n<li>Vaiki\u0161kos lovel\u0117s svoris : 5,23 kg<\/li>\n<li>Vaikams: 0-6 m\u0117n., Iki ma\u017edaug 9 kg<\/li>\n<li>Produktas i\u0161bandytas ir patvirtintas pagal Europos saugos standartus EN 1130 ir EN 71<\/li>\n<\/ul>","protected":false},"excerpt":{"rendered":"<p>Lop\u0161ys KINDERKRAFT 3in1 prakti\u0161ka lovyt\u0117 viename, kuri\u0105 galite naudoti kaip lop\u0161\u012f, kelionin\u0119 lovel\u0119 ir klasikin\u0119 nam\u0173 lov\u0105. Reguliuojamas stogelis su \u012fmontuotu tinkleliu nuo uod\u0173 u\u017etikrins ram\u0173 ir saug\u0173 vaiko mieg\u0105 bet kokiomis s\u0105lygomis. Jis yra lengvas, tod\u0117l galite laisvai ne\u0161iotis, o prakti\u0161kas krep\u0161ys leid\u017eia laikyti ir lengvai transportuoti. Produktas skirtas vaikams nuo 0 iki 6 m\u0117nesi\u0173 &#8211; iki 9 kg (arba kai vaikas pradeda s\u0117d\u0117ti).<\/p>","protected":false},"featured_media":18024,"template":"","meta":{"_acf_changed":false,"_glsr_average":0,"_glsr_ranking":0,"_glsr_reviews":0},"product_brand":[],"product_cat":[252,255,254],"product_tag":[],"class_list":{"0":"post-17876","1":"product","2":"type-product","3":"status-publish","4":"has-post-thumbnail","6":"product_cat-gultukai","7":"product_cat-lovytes","8":"product_cat-vaiko-kambarys","9":"\"style=\"background-color: #2ecc711c;\"","11":"first","12":"instock","13":"shipping-taxable","14":"purchasable","15":"product-type-simple"},"acf":[],"yoast_head":"<!-- This site is optimized with the Yoast SEO plugin v27.3 - https:\/\/yoast.com\/product\/yoast-seo-wordpress\/ -->\n<title>Lop\u0161ys KINDERKRAFT 3in1 - KidsPlay<\/title>\n<meta name=\"description\" content=\"Lop\u0161ys KINDERKRAFT 3in1 prakti\u0161ka lovyt\u0117 viename, kuri\u0105 galite naudoti kaip lop\u0161\u012f, kelionin\u0119 lovel\u0119 ir klasikin\u0119 nam\u0173 lov\u0105.\" \/>\n<meta name=\"robots\" content=\"index, follow, max-snippet:-1, max-image-preview:large, max-video-preview:-1\" \/>\n<link rel=\"canonical\" href=\"https:\/\/kidsplay.lt\/lv\/products\/lopsys-kinderkraft-3in1\/\" \/>\n<meta property=\"og:locale\" content=\"lv_LV\" \/>\n<meta property=\"og:type\" content=\"article\" \/>\n<meta property=\"og:title\" content=\"Lop\u0161ys KINDERKRAFT 3in1 - KidsPlay\" \/>\n<meta property=\"og:description\" content=\"Lop\u0161ys KINDERKRAFT 3in1 prakti\u0161ka lovyt\u0117 viename, kuri\u0105 galite naudoti kaip lop\u0161\u012f, kelionin\u0119 lovel\u0119 ir klasikin\u0119 nam\u0173 lov\u0105.\" \/>\n<meta property=\"og:url\" content=\"https:\/\/kidsplay.lt\/lv\/products\/lopsys-kinderkraft-3in1\/\" \/>\n<meta property=\"og:site_name\" content=\"KidsPlay\" \/>\n<meta property=\"article:publisher\" content=\"https:\/\/www.facebook.com\/www.kidsplay.lt\" \/>\n<meta property=\"article:modified_time\" content=\"2026-02-25T14:19:29+00:00\" \/>\n<meta property=\"og:image\" content=\"https:\/\/kidsplay.lt\/wp-content\/uploads\/2023\/07\/lopsys-KINDERKRAFT-3in1-2.jpg\" \/>\n\t<meta property=\"og:image:width\" content=\"1440\" \/>\n\t<meta property=\"og:image:height\" content=\"1440\" \/>\n\t<meta property=\"og:image:type\" content=\"image\/jpeg\" \/>\n<meta name=\"twitter:card\" content=\"summary_large_image\" \/>\n<meta name=\"twitter:label1\" content=\"Est. reading time\" \/>\n\t<meta name=\"twitter:data1\" content=\"1 min\u016bte\" \/>\n<script type=\"application\/ld+json\" class=\"yoast-schema-graph\">{\"@context\":\"https:\\\/\\\/schema.org\",\"@graph\":[{\"@type\":\"WebPage\",\"@id\":\"https:\\\/\\\/kidsplay.lt\\\/produktas\\\/lopsys-kinderkraft-3in1\\\/\",\"url\":\"https:\\\/\\\/kidsplay.lt\\\/produktas\\\/lopsys-kinderkraft-3in1\\\/\",\"name\":\"Lop\u0161ys KINDERKRAFT 3in1 - KidsPlay\",\"isPartOf\":{\"@id\":\"https:\\\/\\\/kidsplay.lt\\\/#website\"},\"primaryImageOfPage\":{\"@id\":\"https:\\\/\\\/kidsplay.lt\\\/produktas\\\/lopsys-kinderkraft-3in1\\\/#primaryimage\"},\"image\":{\"@id\":\"https:\\\/\\\/kidsplay.lt\\\/produktas\\\/lopsys-kinderkraft-3in1\\\/#primaryimage\"},\"thumbnailUrl\":\"https:\\\/\\\/kidsplay.lt\\\/wp-content\\\/uploads\\\/2023\\\/07\\\/lopsys-KINDERKRAFT-3in1-2.jpg\",\"datePublished\":\"2023-07-06T17:12:34+00:00\",\"dateModified\":\"2026-02-25T14:19:29+00:00\",\"description\":\"Lop\u0161ys KINDERKRAFT 3in1 prakti\u0161ka lovyt\u0117 viename, kuri\u0105 galite naudoti kaip lop\u0161\u012f, kelionin\u0119 lovel\u0119 ir klasikin\u0119 nam\u0173 lov\u0105.\",\"breadcrumb\":{\"@id\":\"https:\\\/\\\/kidsplay.lt\\\/produktas\\\/lopsys-kinderkraft-3in1\\\/#breadcrumb\"},\"inLanguage\":\"lv-LV\",\"potentialAction\":[{\"@type\":\"ReadAction\",\"target\":[\"https:\\\/\\\/kidsplay.lt\\\/produktas\\\/lopsys-kinderkraft-3in1\\\/\"]}]},{\"@type\":\"ImageObject\",\"inLanguage\":\"lv-LV\",\"@id\":\"https:\\\/\\\/kidsplay.lt\\\/produktas\\\/lopsys-kinderkraft-3in1\\\/#primaryimage\",\"url\":\"https:\\\/\\\/kidsplay.lt\\\/wp-content\\\/uploads\\\/2023\\\/07\\\/lopsys-KINDERKRAFT-3in1-2.jpg\",\"contentUrl\":\"https:\\\/\\\/kidsplay.lt\\\/wp-content\\\/uploads\\\/2023\\\/07\\\/lopsys-KINDERKRAFT-3in1-2.jpg\",\"width\":1440,\"height\":1440},{\"@type\":\"BreadcrumbList\",\"@id\":\"https:\\\/\\\/kidsplay.lt\\\/produktas\\\/lopsys-kinderkraft-3in1\\\/#breadcrumb\",\"itemListElement\":[{\"@type\":\"ListItem\",\"position\":1,\"name\":\"Pagrindinis\",\"item\":\"https:\\\/\\\/kidsplay.lt\\\/\"},{\"@type\":\"ListItem\",\"position\":2,\"name\":\"Parduotuv\u0117\",\"item\":\"https:\\\/\\\/kidsplay.lt\\\/parduotuve\\\/\"},{\"@type\":\"ListItem\",\"position\":3,\"name\":\"Lop\u0161ys KINDERKRAFT 3in1\"}]},{\"@type\":\"WebSite\",\"@id\":\"https:\\\/\\\/kidsplay.lt\\\/#website\",\"url\":\"https:\\\/\\\/kidsplay.lt\\\/\",\"name\":\"Kidsplay.lt\",\"description\":\"\u012evairios prek\u0117s vaikams\",\"publisher\":{\"@id\":\"https:\\\/\\\/kidsplay.lt\\\/#organization\"},\"alternateName\":\"Kidsplay\",\"potentialAction\":[{\"@type\":\"SearchAction\",\"target\":{\"@type\":\"EntryPoint\",\"urlTemplate\":\"https:\\\/\\\/kidsplay.lt\\\/?s={search_term_string}\"},\"query-input\":{\"@type\":\"PropertyValueSpecification\",\"valueRequired\":true,\"valueName\":\"search_term_string\"}}],\"inLanguage\":\"lv-LV\"},{\"@type\":\"Organization\",\"@id\":\"https:\\\/\\\/kidsplay.lt\\\/#organization\",\"name\":\"KidsPlay\",\"url\":\"https:\\\/\\\/kidsplay.lt\\\/\",\"logo\":{\"@type\":\"ImageObject\",\"inLanguage\":\"lv-LV\",\"@id\":\"https:\\\/\\\/kidsplay.lt\\\/#\\\/schema\\\/logo\\\/image\\\/\",\"url\":\"https:\\\/\\\/kidsplay.lt\\\/wp-content\\\/uploads\\\/2023\\\/07\\\/kidsplay-logo.png\",\"contentUrl\":\"https:\\\/\\\/kidsplay.lt\\\/wp-content\\\/uploads\\\/2023\\\/07\\\/kidsplay-logo.png\",\"width\":451,\"height\":98,\"caption\":\"KidsPlay\"},\"image\":{\"@id\":\"https:\\\/\\\/kidsplay.lt\\\/#\\\/schema\\\/logo\\\/image\\\/\"},\"sameAs\":[\"https:\\\/\\\/www.facebook.com\\\/www.kidsplay.lt\"]}]}<\/script>\n<!-- \/ Yoast SEO plugin. -->","yoast_head_json":{"title":"Lop\u0161ys KINDERKRAFT 3in1 - KidsPlay","description":"Lop\u0161ys KINDERKRAFT 3in1 prakti\u0161ka lovyt\u0117 viename, kuri\u0105 galite naudoti kaip lop\u0161\u012f, kelionin\u0119 lovel\u0119 ir klasikin\u0119 nam\u0173 lov\u0105.","robots":{"index":"index","follow":"follow","max-snippet":"max-snippet:-1","max-image-preview":"max-image-preview:large","max-video-preview":"max-video-preview:-1"},"canonical":"https:\/\/kidsplay.lt\/lv\/products\/lopsys-kinderkraft-3in1\/","og_locale":"lv_LV","og_type":"article","og_title":"Lop\u0161ys KINDERKRAFT 3in1 - KidsPlay","og_description":"Lop\u0161ys KINDERKRAFT 3in1 prakti\u0161ka lovyt\u0117 viename, kuri\u0105 galite naudoti kaip lop\u0161\u012f, kelionin\u0119 lovel\u0119 ir klasikin\u0119 nam\u0173 lov\u0105.","og_url":"https:\/\/kidsplay.lt\/lv\/products\/lopsys-kinderkraft-3in1\/","og_site_name":"KidsPlay","article_publisher":"https:\/\/www.facebook.com\/www.kidsplay.lt","article_modified_time":"2026-02-25T14:19:29+00:00","og_image":[{"width":1440,"height":1440,"url":"https:\/\/kidsplay.lt\/wp-content\/uploads\/2023\/07\/lopsys-KINDERKRAFT-3in1-2.jpg","type":"image\/jpeg"}],"twitter_card":"summary_large_image","twitter_misc":{"Est. reading time":"1 min\u016bte"},"schema":{"@context":"https:\/\/schema.org","@graph":[{"@type":"WebPage","@id":"https:\/\/kidsplay.lt\/produktas\/lopsys-kinderkraft-3in1\/","url":"https:\/\/kidsplay.lt\/produktas\/lopsys-kinderkraft-3in1\/","name":"Lop\u0161ys KINDERKRAFT 3in1 - KidsPlay","isPartOf":{"@id":"https:\/\/kidsplay.lt\/#website"},"primaryImageOfPage":{"@id":"https:\/\/kidsplay.lt\/produktas\/lopsys-kinderkraft-3in1\/#primaryimage"},"image":{"@id":"https:\/\/kidsplay.lt\/produktas\/lopsys-kinderkraft-3in1\/#primaryimage"},"thumbnailUrl":"https:\/\/kidsplay.lt\/wp-content\/uploads\/2023\/07\/lopsys-KINDERKRAFT-3in1-2.jpg","datePublished":"2023-07-06T17:12:34+00:00","dateModified":"2026-02-25T14:19:29+00:00","description":"Lop\u0161ys KINDERKRAFT 3in1 prakti\u0161ka lovyt\u0117 viename, kuri\u0105 galite naudoti kaip lop\u0161\u012f, kelionin\u0119 lovel\u0119 ir klasikin\u0119 nam\u0173 lov\u0105.","breadcrumb":{"@id":"https:\/\/kidsplay.lt\/produktas\/lopsys-kinderkraft-3in1\/#breadcrumb"},"inLanguage":"lv-LV","potentialAction":[{"@type":"ReadAction","target":["https:\/\/kidsplay.lt\/produktas\/lopsys-kinderkraft-3in1\/"]}]},{"@type":"ImageObject","inLanguage":"lv-LV","@id":"https:\/\/kidsplay.lt\/produktas\/lopsys-kinderkraft-3in1\/#primaryimage","url":"https:\/\/kidsplay.lt\/wp-content\/uploads\/2023\/07\/lopsys-KINDERKRAFT-3in1-2.jpg","contentUrl":"https:\/\/kidsplay.lt\/wp-content\/uploads\/2023\/07\/lopsys-KINDERKRAFT-3in1-2.jpg","width":1440,"height":1440},{"@type":"BreadcrumbList","@id":"https:\/\/kidsplay.lt\/produktas\/lopsys-kinderkraft-3in1\/#breadcrumb","itemListElement":[{"@type":"ListItem","position":1,"name":"Pagrindinis","item":"https:\/\/kidsplay.lt\/"},{"@type":"ListItem","position":2,"name":"Parduotuv\u0117","item":"https:\/\/kidsplay.lt\/parduotuve\/"},{"@type":"ListItem","position":3,"name":"Lop\u0161ys KINDERKRAFT 3in1"}]},{"@type":"WebSite","@id":"https:\/\/kidsplay.lt\/#website","url":"https:\/\/kidsplay.lt\/","name":"B\u0113rnu sp\u0113les.lv","description":"\u012evairios prek\u0117s vaikams","publisher":{"@id":"https:\/\/kidsplay.lt\/#organization"},"alternateName":"Kidsplay","potentialAction":[{"@type":"SearchAction","target":{"@type":"EntryPoint","urlTemplate":"https:\/\/kidsplay.lt\/?s={search_term_string}"},"query-input":{"@type":"PropertyValueSpecification","valueRequired":true,"valueName":"search_term_string"}}],"inLanguage":"lv-LV"},{"@type":"Organization","@id":"https:\/\/kidsplay.lt\/#organization","name":"B\u0113rnu sp\u0113le","url":"https:\/\/kidsplay.lt\/","logo":{"@type":"ImageObject","inLanguage":"lv-LV","@id":"https:\/\/kidsplay.lt\/#\/schema\/logo\/image\/","url":"https:\/\/kidsplay.lt\/wp-content\/uploads\/2023\/07\/kidsplay-logo.png","contentUrl":"https:\/\/kidsplay.lt\/wp-content\/uploads\/2023\/07\/kidsplay-logo.png","width":451,"height":98,"caption":"KidsPlay"},"image":{"@id":"https:\/\/kidsplay.lt\/#\/schema\/logo\/image\/"},"sameAs":["https:\/\/www.facebook.com\/www.kidsplay.lt"]}]}},"_links":{"self":[{"href":"https:\/\/kidsplay.lt\/lv\/wp-json\/wp\/v2\/product\/17876","targetHints":{"allow":["GET"]}}],"collection":[{"href":"https:\/\/kidsplay.lt\/lv\/wp-json\/wp\/v2\/product"}],"about":[{"href":"https:\/\/kidsplay.lt\/lv\/wp-json\/wp\/v2\/types\/product"}],"version-history":[{"count":1,"href":"https:\/\/kidsplay.lt\/lv\/wp-json\/wp\/v2\/product\/17876\/revisions"}],"predecessor-version":[{"id":47172,"href":"https:\/\/kidsplay.lt\/lv\/wp-json\/wp\/v2\/product\/17876\/revisions\/47172"}],"wp:featuredmedia":[{"embeddable":true,"href":"https:\/\/kidsplay.lt\/lv\/wp-json\/wp\/v2\/media\/18024"}],"wp:attachment":[{"href":"https:\/\/kidsplay.lt\/lv\/wp-json\/wp\/v2\/media?parent=17876"}],"wp:term":[{"taxonomy":"product_brand","embeddable":true,"href":"https:\/\/kidsplay.lt\/lv\/wp-json\/wp\/v2\/product_brand?post=17876"},{"taxonomy":"product_cat","embeddable":true,"href":"https:\/\/kidsplay.lt\/lv\/wp-json\/wp\/v2\/product_cat?post=17876"},{"taxonomy":"product_tag","embeddable":true,"href":"https:\/\/kidsplay.lt\/lv\/wp-json\/wp\/v2\/product_tag?post=17876"}],"curies":[{"name":"wp","href":"https:\/\/api.w.org\/{rel}","templated":true}]}}