{"id":17877,"date":"2023-07-06T20:12:34","date_gmt":"2023-07-06T17:12:34","guid":{"rendered":"https:\/\/kidsplay.lt\/?post_type=product&#038;p=17877"},"modified":"2025-10-04T11:22:15","modified_gmt":"2025-10-04T08:22:15","slug":"kelionine-lovyte-su-priedais-kinderkraft","status":"publish","type":"product","link":"https:\/\/kidsplay.lt\/lv\/products\/kelionine-lovyte-su-priedais-kinderkraft\/","title":{"rendered":"Ce\u013cojumu gulti\u0146a ar aksesu\u0101riem Kinderkraft"},"content":{"rendered":"<p>Kelionin\u0117 lovyt\u0117 su priedais Kinderkraft \u0161iuolaikin\u0117 kelionin\u0117 lovel\u0117.\u00a0 Konstrukcija turi greit\u0105 sulankstymo ir i\u0161skleidimo sistem\u0105, taip pat dvigub\u0105 apsaug\u0105 nuo sulankstymo. Vaiki\u0161k\u0105 lovel\u0119 lengva transportuoti d\u0117l patogaus krep\u0161io. Jame yra erdvios tinklin\u0117s pus\u0117s ir tinklelis nuo uod\u0173. Plieninis r\u0117mas su sustiprinta konstrukcija u\u017etikrina visi\u0161k\u0105 stabilum\u0105, o mink\u0161ta med\u017eiaga garantuoja tinkam\u0105 apsaug\u0105 &#8211; nereikia montuoti papildom\u0173 apsaug\u0173, kaip klasikini\u0173 vaiki\u0161k\u0173 loveli\u0173. Be to, jis yra pagamintas i\u0161 auk\u0161tos kokyb\u0117s audinio, kur\u012f labai lengva i\u0161laikyti \u0161var\u0173. Tinklelis nuo uod\u0173 &#8211; jo d\u0117ka lovel\u0119 galima naudoti prie atidaryto lango arba lauke, u\u017etikrinant j\u016bs\u0173 vaikui ger\u0105 mieg\u0105. Didelis \u012fvairi\u0173 dyd\u017ei\u0173 ki\u0161eni\u0173 skai\u010dius leis jums po ranka tur\u0117ti vis\u0105 kosmetik\u0105, sauskelnes ir \u017eaislus.<\/p>\n<ul>\n<li>Med\u017eiagos: plastikas, plienas, 200D poliesteris<\/li>\n<li>Pakabinamo dugno gylis: 30 cm<\/li>\n<li>Did\u017eiausia lovel\u0117s apkrova: 25 kg<\/li>\n<li>Kei\u010diamojo stalo apkrova: 11 kg<\/li>\n<li>Vaiki\u0161kos lovel\u0117s svoris: 10,5 kg<\/li>\n<li>Vaiki\u0161kos lovel\u0117s svoris (su priedais): 14,90 kg<\/li>\n<li>Matmenys: 126 x 65 x 76 (cm)<\/li>\n<li>Sulankstyti matmenys: 77 x 28 x 28 (cm)<\/li>\n<\/ul>\n<p>Lovyt\u0117 gaminama pagal Europos standart\u0105 EN 716, kuriame nurodyti saugos reikalavimai ir k\u016bdiki\u0173 loveli\u0173 bandymo metodai.<\/p>","protected":false},"excerpt":{"rendered":"<p>Kelionin\u0117 lovyt\u0117 su priedais Kinderkraft \u0161iuolaikin\u0117 kelionin\u0117 lovel\u0117.\u00a0 Konstrukcija turi greit\u0105 sulankstymo ir i\u0161skleidimo sistem\u0105, taip pat dvigub\u0105 apsaug\u0105 nuo sulankstymo. Vaiki\u0161k\u0105 lovel\u0119 lengva transportuoti d\u0117l patogaus krep\u0161io. Jame yra erdvios tinklin\u0117s pus\u0117s ir tinklelis nuo uod\u0173. Plieninis r\u0117mas su sustiprinta konstrukcija u\u017etikrina visi\u0161k\u0105 stabilum\u0105, o mink\u0161ta med\u017eiaga garantuoja tinkam\u0105 apsaug\u0105 &#8211; nereikia montuoti papildom\u0173 apsaug\u0173, kaip klasikini\u0173 vaiki\u0161k\u0173 loveli\u0173. Be to, jis yra pagamintas i\u0161 auk\u0161tos kokyb\u0117s audinio, kur\u012f labai lengva i\u0161laikyti \u0161var\u0173. Tinklelis nuo uod\u0173 &#8211; jo d\u0117ka lovel\u0119 galima naudoti prie atidaryto lango arba lauke, u\u017etikrinant j\u016bs\u0173 vaikui ger\u0105 mieg\u0105. Didelis \u012fvairi\u0173 dyd\u017ei\u0173 ki\u0161eni\u0173 skai\u010dius leis jums po ranka tur\u0117ti vis\u0105 kosmetik\u0105, sauskelnes ir \u017eaislus.<\/p>","protected":false},"featured_media":18038,"template":"","meta":{"_acf_changed":false,"_glsr_average":0,"_glsr_ranking":0,"_glsr_reviews":0},"product_brand":[],"product_cat":[396,255,254],"product_tag":[],"class_list":{"0":"post-17877","1":"product","2":"type-product","3":"status-publish","4":"has-post-thumbnail","6":"product_cat-kudikiu-zaislai-vaikams2","7":"product_cat-lovytes","8":"product_cat-vaiko-kambarys","9":"\"style=\"background-color: #2ecc711c;\"","11":"first","12":"instock","13":"shipping-taxable","14":"purchasable","15":"product-type-simple"},"acf":[],"yoast_head":"<!-- This site is optimized with the Yoast SEO plugin v27.4 - https:\/\/yoast.com\/product\/yoast-seo-wordpress\/ -->\n<title>Kelionin\u0117 lovyt\u0117 su priedais Kinderkraft - KidsPlay<\/title>\n<meta name=\"description\" content=\"Kelionin\u0117 lovyt\u0117 su priedais Kinderkraft \u0161iuolaikin\u0117 kelionin\u0117 lovel\u0117.\u00a0 Konstrukcija turi greit\u0105 sulankstymo ir i\u0161skleidimo sistem\u0105.\" \/>\n<meta name=\"robots\" content=\"index, follow, max-snippet:-1, max-image-preview:large, max-video-preview:-1\" \/>\n<link rel=\"canonical\" href=\"https:\/\/kidsplay.lt\/lv\/products\/kelionine-lovyte-su-priedais-kinderkraft\/\" \/>\n<meta property=\"og:locale\" content=\"lv_LV\" \/>\n<meta property=\"og:type\" content=\"article\" \/>\n<meta property=\"og:title\" content=\"Kelionin\u0117 lovyt\u0117 su priedais Kinderkraft - KidsPlay\" \/>\n<meta property=\"og:description\" content=\"Kelionin\u0117 lovyt\u0117 su priedais Kinderkraft \u0161iuolaikin\u0117 kelionin\u0117 lovel\u0117.\u00a0 Konstrukcija turi greit\u0105 sulankstymo ir i\u0161skleidimo sistem\u0105.\" \/>\n<meta property=\"og:url\" content=\"https:\/\/kidsplay.lt\/lv\/products\/kelionine-lovyte-su-priedais-kinderkraft\/\" \/>\n<meta property=\"og:site_name\" content=\"KidsPlay\" \/>\n<meta property=\"article:publisher\" content=\"https:\/\/www.facebook.com\/www.kidsplay.lt\" \/>\n<meta property=\"article:modified_time\" content=\"2025-10-04T08:22:15+00:00\" \/>\n<meta property=\"og:image\" content=\"https:\/\/kidsplay.lt\/wp-content\/uploads\/2023\/07\/kelionine-lovyte-su-priedais.jpg\" \/>\n\t<meta property=\"og:image:width\" content=\"720\" \/>\n\t<meta property=\"og:image:height\" content=\"720\" \/>\n\t<meta property=\"og:image:type\" content=\"image\/jpeg\" \/>\n<meta name=\"twitter:card\" content=\"summary_large_image\" \/>\n<meta name=\"twitter:label1\" content=\"Est. reading time\" \/>\n\t<meta name=\"twitter:data1\" content=\"1 min\u016bte\" \/>\n<script type=\"application\/ld+json\" class=\"yoast-schema-graph\">{\"@context\":\"https:\\\/\\\/schema.org\",\"@graph\":[{\"@type\":\"WebPage\",\"@id\":\"https:\\\/\\\/kidsplay.lt\\\/produktas\\\/kelionine-lovyte-su-priedais-kinderkraft\\\/\",\"url\":\"https:\\\/\\\/kidsplay.lt\\\/produktas\\\/kelionine-lovyte-su-priedais-kinderkraft\\\/\",\"name\":\"Kelionin\u0117 lovyt\u0117 su priedais Kinderkraft - KidsPlay\",\"isPartOf\":{\"@id\":\"https:\\\/\\\/kidsplay.lt\\\/#website\"},\"primaryImageOfPage\":{\"@id\":\"https:\\\/\\\/kidsplay.lt\\\/produktas\\\/kelionine-lovyte-su-priedais-kinderkraft\\\/#primaryimage\"},\"image\":{\"@id\":\"https:\\\/\\\/kidsplay.lt\\\/produktas\\\/kelionine-lovyte-su-priedais-kinderkraft\\\/#primaryimage\"},\"thumbnailUrl\":\"https:\\\/\\\/kidsplay.lt\\\/wp-content\\\/uploads\\\/2023\\\/07\\\/kelionine-lovyte-su-priedais.jpg\",\"datePublished\":\"2023-07-06T17:12:34+00:00\",\"dateModified\":\"2025-10-04T08:22:15+00:00\",\"description\":\"Kelionin\u0117 lovyt\u0117 su priedais Kinderkraft \u0161iuolaikin\u0117 kelionin\u0117 lovel\u0117.\u00a0 Konstrukcija turi greit\u0105 sulankstymo ir i\u0161skleidimo sistem\u0105.\",\"breadcrumb\":{\"@id\":\"https:\\\/\\\/kidsplay.lt\\\/produktas\\\/kelionine-lovyte-su-priedais-kinderkraft\\\/#breadcrumb\"},\"inLanguage\":\"lv-LV\",\"potentialAction\":[{\"@type\":\"ReadAction\",\"target\":[\"https:\\\/\\\/kidsplay.lt\\\/produktas\\\/kelionine-lovyte-su-priedais-kinderkraft\\\/\"]}]},{\"@type\":\"ImageObject\",\"inLanguage\":\"lv-LV\",\"@id\":\"https:\\\/\\\/kidsplay.lt\\\/produktas\\\/kelionine-lovyte-su-priedais-kinderkraft\\\/#primaryimage\",\"url\":\"https:\\\/\\\/kidsplay.lt\\\/wp-content\\\/uploads\\\/2023\\\/07\\\/kelionine-lovyte-su-priedais.jpg\",\"contentUrl\":\"https:\\\/\\\/kidsplay.lt\\\/wp-content\\\/uploads\\\/2023\\\/07\\\/kelionine-lovyte-su-priedais.jpg\",\"width\":720,\"height\":720,\"caption\":\"kelionine lovyte\"},{\"@type\":\"BreadcrumbList\",\"@id\":\"https:\\\/\\\/kidsplay.lt\\\/produktas\\\/kelionine-lovyte-su-priedais-kinderkraft\\\/#breadcrumb\",\"itemListElement\":[{\"@type\":\"ListItem\",\"position\":1,\"name\":\"Pagrindinis\",\"item\":\"https:\\\/\\\/kidsplay.lt\\\/\"},{\"@type\":\"ListItem\",\"position\":2,\"name\":\"Parduotuv\u0117\",\"item\":\"https:\\\/\\\/kidsplay.lt\\\/parduotuve\\\/\"},{\"@type\":\"ListItem\",\"position\":3,\"name\":\"Kelionin\u0117 lovyt\u0117 su priedais Kinderkraft\"}]},{\"@type\":\"WebSite\",\"@id\":\"https:\\\/\\\/kidsplay.lt\\\/#website\",\"url\":\"https:\\\/\\\/kidsplay.lt\\\/\",\"name\":\"Kidsplay.lt\",\"description\":\"\u012evairios prek\u0117s vaikams\",\"publisher\":{\"@id\":\"https:\\\/\\\/kidsplay.lt\\\/#organization\"},\"alternateName\":\"Kidsplay\",\"potentialAction\":[{\"@type\":\"SearchAction\",\"target\":{\"@type\":\"EntryPoint\",\"urlTemplate\":\"https:\\\/\\\/kidsplay.lt\\\/?s={search_term_string}\"},\"query-input\":{\"@type\":\"PropertyValueSpecification\",\"valueRequired\":true,\"valueName\":\"search_term_string\"}}],\"inLanguage\":\"lv-LV\"},{\"@type\":\"Organization\",\"@id\":\"https:\\\/\\\/kidsplay.lt\\\/#organization\",\"name\":\"KidsPlay\",\"url\":\"https:\\\/\\\/kidsplay.lt\\\/\",\"logo\":{\"@type\":\"ImageObject\",\"inLanguage\":\"lv-LV\",\"@id\":\"https:\\\/\\\/kidsplay.lt\\\/#\\\/schema\\\/logo\\\/image\\\/\",\"url\":\"https:\\\/\\\/kidsplay.lt\\\/wp-content\\\/uploads\\\/2023\\\/07\\\/kidsplay-logo.png\",\"contentUrl\":\"https:\\\/\\\/kidsplay.lt\\\/wp-content\\\/uploads\\\/2023\\\/07\\\/kidsplay-logo.png\",\"width\":451,\"height\":98,\"caption\":\"KidsPlay\"},\"image\":{\"@id\":\"https:\\\/\\\/kidsplay.lt\\\/#\\\/schema\\\/logo\\\/image\\\/\"},\"sameAs\":[\"https:\\\/\\\/www.facebook.com\\\/www.kidsplay.lt\"]}]}<\/script>\n<!-- \/ Yoast SEO plugin. -->","yoast_head_json":{"title":"Kelionin\u0117 lovyt\u0117 su priedais Kinderkraft - KidsPlay","description":"Kelionin\u0117 lovyt\u0117 su priedais Kinderkraft \u0161iuolaikin\u0117 kelionin\u0117 lovel\u0117.\u00a0 Konstrukcija turi greit\u0105 sulankstymo ir i\u0161skleidimo sistem\u0105.","robots":{"index":"index","follow":"follow","max-snippet":"max-snippet:-1","max-image-preview":"max-image-preview:large","max-video-preview":"max-video-preview:-1"},"canonical":"https:\/\/kidsplay.lt\/lv\/products\/kelionine-lovyte-su-priedais-kinderkraft\/","og_locale":"lv_LV","og_type":"article","og_title":"Kelionin\u0117 lovyt\u0117 su priedais Kinderkraft - KidsPlay","og_description":"Kelionin\u0117 lovyt\u0117 su priedais Kinderkraft \u0161iuolaikin\u0117 kelionin\u0117 lovel\u0117.\u00a0 Konstrukcija turi greit\u0105 sulankstymo ir i\u0161skleidimo sistem\u0105.","og_url":"https:\/\/kidsplay.lt\/lv\/products\/kelionine-lovyte-su-priedais-kinderkraft\/","og_site_name":"KidsPlay","article_publisher":"https:\/\/www.facebook.com\/www.kidsplay.lt","article_modified_time":"2025-10-04T08:22:15+00:00","og_image":[{"width":720,"height":720,"url":"https:\/\/kidsplay.lt\/wp-content\/uploads\/2023\/07\/kelionine-lovyte-su-priedais.jpg","type":"image\/jpeg"}],"twitter_card":"summary_large_image","twitter_misc":{"Est. reading time":"1 min\u016bte"},"schema":{"@context":"https:\/\/schema.org","@graph":[{"@type":"WebPage","@id":"https:\/\/kidsplay.lt\/produktas\/kelionine-lovyte-su-priedais-kinderkraft\/","url":"https:\/\/kidsplay.lt\/produktas\/kelionine-lovyte-su-priedais-kinderkraft\/","name":"Kelionin\u0117 lovyt\u0117 su priedais Kinderkraft - KidsPlay","isPartOf":{"@id":"https:\/\/kidsplay.lt\/#website"},"primaryImageOfPage":{"@id":"https:\/\/kidsplay.lt\/produktas\/kelionine-lovyte-su-priedais-kinderkraft\/#primaryimage"},"image":{"@id":"https:\/\/kidsplay.lt\/produktas\/kelionine-lovyte-su-priedais-kinderkraft\/#primaryimage"},"thumbnailUrl":"https:\/\/kidsplay.lt\/wp-content\/uploads\/2023\/07\/kelionine-lovyte-su-priedais.jpg","datePublished":"2023-07-06T17:12:34+00:00","dateModified":"2025-10-04T08:22:15+00:00","description":"Kelionin\u0117 lovyt\u0117 su priedais Kinderkraft \u0161iuolaikin\u0117 kelionin\u0117 lovel\u0117.\u00a0 Konstrukcija turi greit\u0105 sulankstymo ir i\u0161skleidimo sistem\u0105.","breadcrumb":{"@id":"https:\/\/kidsplay.lt\/produktas\/kelionine-lovyte-su-priedais-kinderkraft\/#breadcrumb"},"inLanguage":"lv-LV","potentialAction":[{"@type":"ReadAction","target":["https:\/\/kidsplay.lt\/produktas\/kelionine-lovyte-su-priedais-kinderkraft\/"]}]},{"@type":"ImageObject","inLanguage":"lv-LV","@id":"https:\/\/kidsplay.lt\/produktas\/kelionine-lovyte-su-priedais-kinderkraft\/#primaryimage","url":"https:\/\/kidsplay.lt\/wp-content\/uploads\/2023\/07\/kelionine-lovyte-su-priedais.jpg","contentUrl":"https:\/\/kidsplay.lt\/wp-content\/uploads\/2023\/07\/kelionine-lovyte-su-priedais.jpg","width":720,"height":720,"caption":"kelionine lovyte"},{"@type":"BreadcrumbList","@id":"https:\/\/kidsplay.lt\/produktas\/kelionine-lovyte-su-priedais-kinderkraft\/#breadcrumb","itemListElement":[{"@type":"ListItem","position":1,"name":"Pagrindinis","item":"https:\/\/kidsplay.lt\/"},{"@type":"ListItem","position":2,"name":"Parduotuv\u0117","item":"https:\/\/kidsplay.lt\/parduotuve\/"},{"@type":"ListItem","position":3,"name":"Kelionin\u0117 lovyt\u0117 su priedais Kinderkraft"}]},{"@type":"WebSite","@id":"https:\/\/kidsplay.lt\/#website","url":"https:\/\/kidsplay.lt\/","name":"B\u0113rnu sp\u0113les.lv","description":"\u012evairios prek\u0117s vaikams","publisher":{"@id":"https:\/\/kidsplay.lt\/#organization"},"alternateName":"Kidsplay","potentialAction":[{"@type":"SearchAction","target":{"@type":"EntryPoint","urlTemplate":"https:\/\/kidsplay.lt\/?s={search_term_string}"},"query-input":{"@type":"PropertyValueSpecification","valueRequired":true,"valueName":"search_term_string"}}],"inLanguage":"lv-LV"},{"@type":"Organization","@id":"https:\/\/kidsplay.lt\/#organization","name":"B\u0113rnu sp\u0113le","url":"https:\/\/kidsplay.lt\/","logo":{"@type":"ImageObject","inLanguage":"lv-LV","@id":"https:\/\/kidsplay.lt\/#\/schema\/logo\/image\/","url":"https:\/\/kidsplay.lt\/wp-content\/uploads\/2023\/07\/kidsplay-logo.png","contentUrl":"https:\/\/kidsplay.lt\/wp-content\/uploads\/2023\/07\/kidsplay-logo.png","width":451,"height":98,"caption":"KidsPlay"},"image":{"@id":"https:\/\/kidsplay.lt\/#\/schema\/logo\/image\/"},"sameAs":["https:\/\/www.facebook.com\/www.kidsplay.lt"]}]}},"_links":{"self":[{"href":"https:\/\/kidsplay.lt\/lv\/wp-json\/wp\/v2\/product\/17877","targetHints":{"allow":["GET"]}}],"collection":[{"href":"https:\/\/kidsplay.lt\/lv\/wp-json\/wp\/v2\/product"}],"about":[{"href":"https:\/\/kidsplay.lt\/lv\/wp-json\/wp\/v2\/types\/product"}],"version-history":[{"count":1,"href":"https:\/\/kidsplay.lt\/lv\/wp-json\/wp\/v2\/product\/17877\/revisions"}],"predecessor-version":[{"id":47173,"href":"https:\/\/kidsplay.lt\/lv\/wp-json\/wp\/v2\/product\/17877\/revisions\/47173"}],"wp:featuredmedia":[{"embeddable":true,"href":"https:\/\/kidsplay.lt\/lv\/wp-json\/wp\/v2\/media\/18038"}],"wp:attachment":[{"href":"https:\/\/kidsplay.lt\/lv\/wp-json\/wp\/v2\/media?parent=17877"}],"wp:term":[{"taxonomy":"product_brand","embeddable":true,"href":"https:\/\/kidsplay.lt\/lv\/wp-json\/wp\/v2\/product_brand?post=17877"},{"taxonomy":"product_cat","embeddable":true,"href":"https:\/\/kidsplay.lt\/lv\/wp-json\/wp\/v2\/product_cat?post=17877"},{"taxonomy":"product_tag","embeddable":true,"href":"https:\/\/kidsplay.lt\/lv\/wp-json\/wp\/v2\/product_tag?post=17877"}],"curies":[{"name":"wp","href":"https:\/\/api.w.org\/{rel}","templated":true}]}}