{"id":17935,"date":"2023-07-06T20:13:06","date_gmt":"2023-07-06T20:13:06","guid":{"rendered":"https:\/\/kidsplay.lt\/?post_type=product&#038;p=17935"},"modified":"2025-10-04T11:22:15","modified_gmt":"2025-10-04T08:22:15","slug":"sodo-iskylu-stalas-vaikams","status":"publish","type":"product","link":"https:\/\/kidsplay.lt\/lv\/products\/sodo-iskylu-stalas-vaikams\/","title":{"rendered":"Sodo i\u0161kyl\u0173 \u200b\u200bstalas vaikams"},"content":{"rendered":"<p>Labai kokybi\u0161kas \u017eaislo apdirbimas u\u017etikrins j\u016bs\u0173 vaikui saug\u0173 \u017eaidim\u0105. Itin patvari, ry\u0161ki\u0173 spalv\u0173 med\u017eiaga garantuoja ilg\u0105 \u017eaislo tarnavimo laik\u0105. Stalas puikiai tinka \u017eaisti tiek patalpose (vaik\u0173 kambaryje), tiek sode. Maksimali suoliuk\u0173 apkrova iki 25 kg.<\/p>\n<p>Stalas puikiai tinka pie\u0161ti, spalvinti, \u017eaisti. Staliuke yra speciali skyl\u0117, leid\u017eianti \u012fsirengti sk\u0117t\u012f, kuris apsaugos ma\u017euosius nuo saul\u0117s.<\/p>\n<p>Stalo matmenys:<\/p>\n<p>&#8211; stalvir\u0161io plotis 43,5 cm<\/p>\n<p>&#8211; suolelio plotis 17 cm<\/p>\n<p>&#8211; bendras plotis 79 cm<\/p>\n<p>&#8211; bendras ilgis 78 cm<\/p>\n<p>&#8211; bendras auk\u0161tis 47 cm<\/p>\n<p>&nbsp;<\/p>","protected":false},"excerpt":{"rendered":"<p>Labai kokybi\u0161kas \u017eaislo apdirbimas u\u017etikrins j\u016bs\u0173 vaikui saug\u0173 \u017eaidim\u0105. Itin patvari, ry\u0161ki\u0173 spalv\u0173 med\u017eiaga garantuoja ilg\u0105 \u017eaislo tarnavimo laik\u0105. Stalas puikiai tinka \u017eaisti tiek patalpose (vaik\u0173 kambaryje), tiek sode. Maksimali suoliuk\u0173 apkrova iki 25 kg.<\/p>\n<p>Stalas puikiai tinka pie\u0161ti, spalvinti, \u017eaisti. Staliuke yra speciali skyl\u0117, leid\u017eianti \u012fsirengti sk\u0117t\u012f, kuris apsaugos ma\u017euosius nuo saul\u0117s.<\/p>","protected":false},"featured_media":18094,"template":"","meta":{"_acf_changed":false,"_glsr_average":0,"_glsr_ranking":0,"_glsr_reviews":0},"product_brand":[],"product_cat":[233],"product_tag":[],"class_list":{"0":"post-17935","1":"product","2":"type-product","3":"status-publish","4":"has-post-thumbnail","6":"product_cat-lauko-pramogos","7":"\"style=\"background-color: #2ecc711c;\"","9":"first","10":"instock","11":"shipping-taxable","12":"purchasable","13":"product-type-simple"},"acf":[],"yoast_head":"<!-- This site is optimized with the Yoast SEO plugin v27.4 - https:\/\/yoast.com\/product\/yoast-seo-wordpress\/ -->\n<title>Sodo i\u0161kyl\u0173 \u200b\u200bstalas vaikams - KidsPlay<\/title>\n<meta name=\"description\" content=\"Stalas puikiai tinka pie\u0161ti, spalvinti, \u017eaisti. Staliuke yra speciali skyl\u0117, leid\u017eianti \u012fsirengti sk\u0117t\u012f, kuris apsaugos ma\u017euosius nuo saul\u0117s.\u00a0\" \/>\n<meta name=\"robots\" content=\"index, follow, max-snippet:-1, max-image-preview:large, max-video-preview:-1\" \/>\n<link rel=\"canonical\" href=\"https:\/\/kidsplay.lt\/lv\/products\/sodo-iskylu-stalas-vaikams\/\" \/>\n<meta property=\"og:locale\" content=\"lv_LV\" \/>\n<meta property=\"og:type\" content=\"article\" \/>\n<meta property=\"og:title\" content=\"Sodo i\u0161kyl\u0173 \u200b\u200bstalas vaikams - KidsPlay\" \/>\n<meta property=\"og:description\" content=\"Stalas puikiai tinka pie\u0161ti, spalvinti, \u017eaisti. Staliuke yra speciali skyl\u0117, leid\u017eianti \u012fsirengti sk\u0117t\u012f, kuris apsaugos ma\u017euosius nuo saul\u0117s.\u00a0\" \/>\n<meta property=\"og:url\" content=\"https:\/\/kidsplay.lt\/lv\/products\/sodo-iskylu-stalas-vaikams\/\" \/>\n<meta property=\"og:site_name\" content=\"KidsPlay\" \/>\n<meta property=\"article:publisher\" content=\"https:\/\/www.facebook.com\/www.kidsplay.lt\" \/>\n<meta property=\"article:modified_time\" content=\"2025-10-04T08:22:15+00:00\" \/>\n<meta property=\"og:image\" content=\"https:\/\/kidsplay.lt\/wp-content\/uploads\/2023\/07\/vaikiskas-sodo-stalas.jpg\" \/>\n\t<meta property=\"og:image:width\" content=\"720\" \/>\n\t<meta property=\"og:image:height\" content=\"467\" \/>\n\t<meta property=\"og:image:type\" content=\"image\/jpeg\" \/>\n<meta name=\"twitter:card\" content=\"summary_large_image\" \/>\n<meta name=\"twitter:label1\" content=\"Est. reading time\" \/>\n\t<meta name=\"twitter:data1\" content=\"1 min\u016bte\" \/>\n<script type=\"application\/ld+json\" class=\"yoast-schema-graph\">{\"@context\":\"https:\\\/\\\/schema.org\",\"@graph\":[{\"@type\":\"WebPage\",\"@id\":\"https:\\\/\\\/kidsplay.lt\\\/produktas\\\/sodo-iskylu-stalas-vaikams\\\/\",\"url\":\"https:\\\/\\\/kidsplay.lt\\\/produktas\\\/sodo-iskylu-stalas-vaikams\\\/\",\"name\":\"Sodo i\u0161kyl\u0173 \u200b\u200bstalas vaikams - KidsPlay\",\"isPartOf\":{\"@id\":\"https:\\\/\\\/kidsplay.lt\\\/#website\"},\"primaryImageOfPage\":{\"@id\":\"https:\\\/\\\/kidsplay.lt\\\/produktas\\\/sodo-iskylu-stalas-vaikams\\\/#primaryimage\"},\"image\":{\"@id\":\"https:\\\/\\\/kidsplay.lt\\\/produktas\\\/sodo-iskylu-stalas-vaikams\\\/#primaryimage\"},\"thumbnailUrl\":\"https:\\\/\\\/kidsplay.lt\\\/wp-content\\\/uploads\\\/2023\\\/07\\\/vaikiskas-sodo-stalas.jpg\",\"datePublished\":\"2023-07-06T20:13:06+00:00\",\"dateModified\":\"2025-10-04T08:22:15+00:00\",\"description\":\"Stalas puikiai tinka pie\u0161ti, spalvinti, \u017eaisti. Staliuke yra speciali skyl\u0117, leid\u017eianti \u012fsirengti sk\u0117t\u012f, kuris apsaugos ma\u017euosius nuo saul\u0117s.\u00a0\",\"breadcrumb\":{\"@id\":\"https:\\\/\\\/kidsplay.lt\\\/produktas\\\/sodo-iskylu-stalas-vaikams\\\/#breadcrumb\"},\"inLanguage\":\"lv-LV\",\"potentialAction\":[{\"@type\":\"ReadAction\",\"target\":[\"https:\\\/\\\/kidsplay.lt\\\/produktas\\\/sodo-iskylu-stalas-vaikams\\\/\"]}]},{\"@type\":\"ImageObject\",\"inLanguage\":\"lv-LV\",\"@id\":\"https:\\\/\\\/kidsplay.lt\\\/produktas\\\/sodo-iskylu-stalas-vaikams\\\/#primaryimage\",\"url\":\"https:\\\/\\\/kidsplay.lt\\\/wp-content\\\/uploads\\\/2023\\\/07\\\/vaikiskas-sodo-stalas.jpg\",\"contentUrl\":\"https:\\\/\\\/kidsplay.lt\\\/wp-content\\\/uploads\\\/2023\\\/07\\\/vaikiskas-sodo-stalas.jpg\",\"width\":720,\"height\":467},{\"@type\":\"BreadcrumbList\",\"@id\":\"https:\\\/\\\/kidsplay.lt\\\/produktas\\\/sodo-iskylu-stalas-vaikams\\\/#breadcrumb\",\"itemListElement\":[{\"@type\":\"ListItem\",\"position\":1,\"name\":\"Pagrindinis\",\"item\":\"https:\\\/\\\/kidsplay.lt\\\/\"},{\"@type\":\"ListItem\",\"position\":2,\"name\":\"Parduotuv\u0117\",\"item\":\"https:\\\/\\\/kidsplay.lt\\\/parduotuve\\\/\"},{\"@type\":\"ListItem\",\"position\":3,\"name\":\"Sodo i\u0161kyl\u0173 \u200b\u200bstalas vaikams\"}]},{\"@type\":\"WebSite\",\"@id\":\"https:\\\/\\\/kidsplay.lt\\\/#website\",\"url\":\"https:\\\/\\\/kidsplay.lt\\\/\",\"name\":\"Kidsplay.lt\",\"description\":\"\u012evairios prek\u0117s vaikams\",\"publisher\":{\"@id\":\"https:\\\/\\\/kidsplay.lt\\\/#organization\"},\"alternateName\":\"Kidsplay\",\"potentialAction\":[{\"@type\":\"SearchAction\",\"target\":{\"@type\":\"EntryPoint\",\"urlTemplate\":\"https:\\\/\\\/kidsplay.lt\\\/?s={search_term_string}\"},\"query-input\":{\"@type\":\"PropertyValueSpecification\",\"valueRequired\":true,\"valueName\":\"search_term_string\"}}],\"inLanguage\":\"lv-LV\"},{\"@type\":\"Organization\",\"@id\":\"https:\\\/\\\/kidsplay.lt\\\/#organization\",\"name\":\"KidsPlay\",\"url\":\"https:\\\/\\\/kidsplay.lt\\\/\",\"logo\":{\"@type\":\"ImageObject\",\"inLanguage\":\"lv-LV\",\"@id\":\"https:\\\/\\\/kidsplay.lt\\\/#\\\/schema\\\/logo\\\/image\\\/\",\"url\":\"https:\\\/\\\/kidsplay.lt\\\/wp-content\\\/uploads\\\/2023\\\/07\\\/kidsplay-logo.png\",\"contentUrl\":\"https:\\\/\\\/kidsplay.lt\\\/wp-content\\\/uploads\\\/2023\\\/07\\\/kidsplay-logo.png\",\"width\":451,\"height\":98,\"caption\":\"KidsPlay\"},\"image\":{\"@id\":\"https:\\\/\\\/kidsplay.lt\\\/#\\\/schema\\\/logo\\\/image\\\/\"},\"sameAs\":[\"https:\\\/\\\/www.facebook.com\\\/www.kidsplay.lt\"]}]}<\/script>\n<!-- \/ Yoast SEO plugin. -->","yoast_head_json":{"title":"Sodo i\u0161kyl\u0173 \u200b\u200bstalas vaikams - KidsPlay","description":"Stalas puikiai tinka pie\u0161ti, spalvinti, \u017eaisti. Staliuke yra speciali skyl\u0117, leid\u017eianti \u012fsirengti sk\u0117t\u012f, kuris apsaugos ma\u017euosius nuo saul\u0117s.\u00a0","robots":{"index":"index","follow":"follow","max-snippet":"max-snippet:-1","max-image-preview":"max-image-preview:large","max-video-preview":"max-video-preview:-1"},"canonical":"https:\/\/kidsplay.lt\/lv\/products\/sodo-iskylu-stalas-vaikams\/","og_locale":"lv_LV","og_type":"article","og_title":"Sodo i\u0161kyl\u0173 \u200b\u200bstalas vaikams - KidsPlay","og_description":"Stalas puikiai tinka pie\u0161ti, spalvinti, \u017eaisti. Staliuke yra speciali skyl\u0117, leid\u017eianti \u012fsirengti sk\u0117t\u012f, kuris apsaugos ma\u017euosius nuo saul\u0117s.\u00a0","og_url":"https:\/\/kidsplay.lt\/lv\/products\/sodo-iskylu-stalas-vaikams\/","og_site_name":"KidsPlay","article_publisher":"https:\/\/www.facebook.com\/www.kidsplay.lt","article_modified_time":"2025-10-04T08:22:15+00:00","og_image":[{"width":720,"height":467,"url":"https:\/\/kidsplay.lt\/wp-content\/uploads\/2023\/07\/vaikiskas-sodo-stalas.jpg","type":"image\/jpeg"}],"twitter_card":"summary_large_image","twitter_misc":{"Est. reading time":"1 min\u016bte"},"schema":{"@context":"https:\/\/schema.org","@graph":[{"@type":"WebPage","@id":"https:\/\/kidsplay.lt\/produktas\/sodo-iskylu-stalas-vaikams\/","url":"https:\/\/kidsplay.lt\/produktas\/sodo-iskylu-stalas-vaikams\/","name":"Sodo i\u0161kyl\u0173 \u200b\u200bstalas vaikams - KidsPlay","isPartOf":{"@id":"https:\/\/kidsplay.lt\/#website"},"primaryImageOfPage":{"@id":"https:\/\/kidsplay.lt\/produktas\/sodo-iskylu-stalas-vaikams\/#primaryimage"},"image":{"@id":"https:\/\/kidsplay.lt\/produktas\/sodo-iskylu-stalas-vaikams\/#primaryimage"},"thumbnailUrl":"https:\/\/kidsplay.lt\/wp-content\/uploads\/2023\/07\/vaikiskas-sodo-stalas.jpg","datePublished":"2023-07-06T20:13:06+00:00","dateModified":"2025-10-04T08:22:15+00:00","description":"Stalas puikiai tinka pie\u0161ti, spalvinti, \u017eaisti. Staliuke yra speciali skyl\u0117, leid\u017eianti \u012fsirengti sk\u0117t\u012f, kuris apsaugos ma\u017euosius nuo saul\u0117s.\u00a0","breadcrumb":{"@id":"https:\/\/kidsplay.lt\/produktas\/sodo-iskylu-stalas-vaikams\/#breadcrumb"},"inLanguage":"lv-LV","potentialAction":[{"@type":"ReadAction","target":["https:\/\/kidsplay.lt\/produktas\/sodo-iskylu-stalas-vaikams\/"]}]},{"@type":"ImageObject","inLanguage":"lv-LV","@id":"https:\/\/kidsplay.lt\/produktas\/sodo-iskylu-stalas-vaikams\/#primaryimage","url":"https:\/\/kidsplay.lt\/wp-content\/uploads\/2023\/07\/vaikiskas-sodo-stalas.jpg","contentUrl":"https:\/\/kidsplay.lt\/wp-content\/uploads\/2023\/07\/vaikiskas-sodo-stalas.jpg","width":720,"height":467},{"@type":"BreadcrumbList","@id":"https:\/\/kidsplay.lt\/produktas\/sodo-iskylu-stalas-vaikams\/#breadcrumb","itemListElement":[{"@type":"ListItem","position":1,"name":"Pagrindinis","item":"https:\/\/kidsplay.lt\/"},{"@type":"ListItem","position":2,"name":"Parduotuv\u0117","item":"https:\/\/kidsplay.lt\/parduotuve\/"},{"@type":"ListItem","position":3,"name":"Sodo i\u0161kyl\u0173 \u200b\u200bstalas vaikams"}]},{"@type":"WebSite","@id":"https:\/\/kidsplay.lt\/#website","url":"https:\/\/kidsplay.lt\/","name":"B\u0113rnu sp\u0113les.lv","description":"\u012evairios prek\u0117s vaikams","publisher":{"@id":"https:\/\/kidsplay.lt\/#organization"},"alternateName":"Kidsplay","potentialAction":[{"@type":"SearchAction","target":{"@type":"EntryPoint","urlTemplate":"https:\/\/kidsplay.lt\/?s={search_term_string}"},"query-input":{"@type":"PropertyValueSpecification","valueRequired":true,"valueName":"search_term_string"}}],"inLanguage":"lv-LV"},{"@type":"Organization","@id":"https:\/\/kidsplay.lt\/#organization","name":"B\u0113rnu sp\u0113le","url":"https:\/\/kidsplay.lt\/","logo":{"@type":"ImageObject","inLanguage":"lv-LV","@id":"https:\/\/kidsplay.lt\/#\/schema\/logo\/image\/","url":"https:\/\/kidsplay.lt\/wp-content\/uploads\/2023\/07\/kidsplay-logo.png","contentUrl":"https:\/\/kidsplay.lt\/wp-content\/uploads\/2023\/07\/kidsplay-logo.png","width":451,"height":98,"caption":"KidsPlay"},"image":{"@id":"https:\/\/kidsplay.lt\/#\/schema\/logo\/image\/"},"sameAs":["https:\/\/www.facebook.com\/www.kidsplay.lt"]}]}},"_links":{"self":[{"href":"https:\/\/kidsplay.lt\/lv\/wp-json\/wp\/v2\/product\/17935","targetHints":{"allow":["GET"]}}],"collection":[{"href":"https:\/\/kidsplay.lt\/lv\/wp-json\/wp\/v2\/product"}],"about":[{"href":"https:\/\/kidsplay.lt\/lv\/wp-json\/wp\/v2\/types\/product"}],"version-history":[{"count":2,"href":"https:\/\/kidsplay.lt\/lv\/wp-json\/wp\/v2\/product\/17935\/revisions"}],"predecessor-version":[{"id":72249,"href":"https:\/\/kidsplay.lt\/lv\/wp-json\/wp\/v2\/product\/17935\/revisions\/72249"}],"wp:featuredmedia":[{"embeddable":true,"href":"https:\/\/kidsplay.lt\/lv\/wp-json\/wp\/v2\/media\/18094"}],"wp:attachment":[{"href":"https:\/\/kidsplay.lt\/lv\/wp-json\/wp\/v2\/media?parent=17935"}],"wp:term":[{"taxonomy":"product_brand","embeddable":true,"href":"https:\/\/kidsplay.lt\/lv\/wp-json\/wp\/v2\/product_brand?post=17935"},{"taxonomy":"product_cat","embeddable":true,"href":"https:\/\/kidsplay.lt\/lv\/wp-json\/wp\/v2\/product_cat?post=17935"},{"taxonomy":"product_tag","embeddable":true,"href":"https:\/\/kidsplay.lt\/lv\/wp-json\/wp\/v2\/product_tag?post=17935"}],"curies":[{"name":"wp","href":"https:\/\/api.w.org\/{rel}","templated":true}]}}