{"id":18082,"date":"2023-07-06T20:14:46","date_gmt":"2023-07-06T17:14:46","guid":{"rendered":"https:\/\/kidsplay.lt\/?post_type=product&#038;p=18082"},"modified":"2026-02-25T16:19:18","modified_gmt":"2026-02-25T14:19:18","slug":"gultukas-babybjorn-balance-soft-mesh","status":"publish","type":"product","link":"https:\/\/kidsplay.lt\/lv\/products\/gultukas-babybjorn-balance-soft-mesh\/","title":{"rendered":"B\u0113rnu gulti\u0146a BabyBjorn Balance Soft Mesh"},"content":{"rendered":"<p>BabyBjorn Balance Soft Mesh \u0161\u016bpul\u012btis nodro\u0161ina atbilsto\u0161u atbalstu b\u0113rna mugurai un galvai. \u0160\u016bpul\u012btim ir \u012bpa\u0161i piel\u0101gots auduma s\u0113deklis, kas piel\u0101gojas b\u0113rnam, pareizi sadalot vi\u0146a svaru. Pareiza b\u0113rna poz\u012bcija un atbalsts ir \u0101rk\u0101rt\u012bgi svar\u012bgs agr\u0101 b\u0113rn\u012bb\u0101, kad mazu\u013ca musku\u013ci v\u0113l ir v\u0101ji att\u012bst\u012bti. \u0160\u016bpul\u012btis tika izstr\u0101d\u0101ts cie\u0161\u0101 sadarb\u012bb\u0101 ar pediatriem. BABYBJ\u00d6RN sadarbojas ar lab\u0101kajiem pediatriem, dzemd\u012bbu speci\u0101listiem un psihologiem. Vi\u0146u medic\u012bnisk\u0101 pieredze ir \u013coti svar\u012bga jaunu risin\u0101jumu izstr\u0101d\u0113 un jaunu produktu ievie\u0161an\u0101. Visi \u0161\u016bpul\u012b izmantotie materi\u0101li ir delik\u0101ti un dro\u0161i b\u0113rnam. Tie ir p\u0101rbaud\u012bti un atbilst Oeko-Tex Standard 100 klases standartiem. Tas noz\u012bm\u0113, ka tie nesatur nevesel\u012bgas vielas un alerg\u0113nus. Pateicoties jaunajai sist\u0113mai, \u0161\u016bpul\u012bti var saloc\u012bt maz\u0101 izm\u0113r\u0101 un \u0146emt to l\u012bdzi atva\u013cin\u0101jum\u0101 vai ciemos pie vecvec\u0101kiem.<\/p>\n<p>Vecums: no dzim\u0161anas l\u012bdz 2 gadu vecumam<br \/>\nB\u0113rna svars: 3,5\u201313 kg<\/p>\n<p>Parametri<\/p>\n<ul>\n<li>Svars: 2,1 kg<\/li>\n<li>Atloc\u012bt\u0101 veid\u0101: 39 x 79 x 56 cm<\/li>\n<li>Saloc\u012bt\u0101 veid\u0101: 39 x 89 x 11 cm<\/li>\n<\/ul>\n<p>T\u012br\u012b\u0161ana<\/p>\n<p>Mazg\u0101t ve\u013cas ma\u0161\u012bn\u0101 silt\u0101 \u016bden\u012b (40\u00b0C). Mazg\u0101t atsevi\u0161\u0137i. Nebalin\u0101t. Izmantojiet videi draudz\u012bgus, maigus mazg\u0101\u0161anas l\u012bdzek\u013cus. Ne\u017e\u0101v\u0113t ve\u013cas \u017e\u0101v\u0113t\u0101j\u0101. Gludin\u0101t ar maksim\u0101lo gludin\u0101\u0161anas virsmas temperat\u016bru 110\u00b0C. Net\u012br\u012bt \u0137\u012bmiski. Lai no\u0146emtu p\u0101rvalku, no\u0146emiet 2 gumijas lentes no atsperes pamatnes un no\u0146emiet p\u0101rvalku no r\u0101mja.<\/p>\n<p>Garantija 36 m\u0113ne\u0161i<\/p>","protected":false},"excerpt":{"rendered":"<p>BabyBjorn Balance Soft Mesh \u0161\u016bpul\u012btis nodro\u0161ina atbilsto\u0161u atbalstu b\u0113rna mugurai un galvai. \u0160\u016bpul\u012btim ir \u012bpa\u0161i piel\u0101gots auduma s\u0113deklis, kas piel\u0101gojas b\u0113rnam, pareizi sadalot vi\u0146a svaru. Pareiza b\u0113rna poz\u012bcija un atbalsts ir \u0101rk\u0101rt\u012bgi svar\u012bgs agr\u0101 b\u0113rn\u012bb\u0101, kad mazu\u013ca musku\u013ci v\u0113l ir v\u0101ji att\u012bst\u012bti. \u0160\u016bpul\u012btis tika izstr\u0101d\u0101ts cie\u0161\u0101 sadarb\u012bb\u0101 ar pediatriem. BABYBJ\u00d6RN sadarbojas ar lab\u0101kajiem pediatriem, dzemd\u012bbu speci\u0101listiem un psihologiem. Vi\u0146u medic\u012bnisk\u0101 pieredze ir \u013coti svar\u012bga jaunu risin\u0101jumu izstr\u0101d\u0113 un jaunu produktu ievie\u0161an\u0101. Visi \u0161\u016bpul\u012b izmantotie materi\u0101li ir delik\u0101ti un dro\u0161i b\u0113rnam. Tie ir p\u0101rbaud\u012bti un atbilst Oeko-Tex Standard 100 klases standartiem. Tas noz\u012bm\u0113, ka tie nesatur nevesel\u012bgas vielas un alerg\u0113nus. Pateicoties jaunajai sist\u0113mai, \u0161\u016bpul\u012bti var saloc\u012bt maz\u0101 izm\u0113r\u0101 un \u0146emt to l\u012bdzi atva\u013cin\u0101jum\u0101 vai ciemos pie vecvec\u0101kiem.<\/p>","protected":false},"featured_media":18181,"template":"","meta":{"_acf_changed":false,"_glsr_average":0,"_glsr_ranking":0,"_glsr_reviews":0},"product_brand":[],"product_cat":[252],"product_tag":[],"class_list":{"0":"post-18082","1":"product","2":"type-product","3":"status-publish","4":"has-post-thumbnail","6":"product_cat-gultukai","7":"\"style=\"background-color: #2ecc711c;\"","9":"first","10":"instock","11":"shipping-taxable","12":"purchasable","13":"product-type-simple"},"acf":[],"yoast_head":"<!-- This site is optimized with the Yoast SEO plugin v27.4 - https:\/\/yoast.com\/product\/yoast-seo-wordpress\/ -->\n<title>Gultukas BabyBjorn Balance Soft Mesh - KidsPlay<\/title>\n<meta name=\"description\" content=\"Gultukas BabyBjorn Balance Soft Mesh suteikia tinkam\u0105 atram\u0105 vaiko nugarai ir galvai. Gultukas turi specialiai pritaikyt\u0105 audinio k\u0117d\u0119.\" \/>\n<meta name=\"robots\" content=\"index, follow, max-snippet:-1, max-image-preview:large, max-video-preview:-1\" \/>\n<link rel=\"canonical\" href=\"https:\/\/kidsplay.lt\/lv\/products\/gultukas-babybjorn-balance-soft-mesh\/\" \/>\n<meta property=\"og:locale\" content=\"lv_LV\" \/>\n<meta property=\"og:type\" content=\"article\" \/>\n<meta property=\"og:title\" content=\"Gultukas BabyBjorn Balance Soft Mesh - KidsPlay\" \/>\n<meta property=\"og:description\" content=\"Gultukas BabyBjorn Balance Soft Mesh suteikia tinkam\u0105 atram\u0105 vaiko nugarai ir galvai. Gultukas turi specialiai pritaikyt\u0105 audinio k\u0117d\u0119.\" \/>\n<meta property=\"og:url\" content=\"https:\/\/kidsplay.lt\/lv\/products\/gultukas-babybjorn-balance-soft-mesh\/\" \/>\n<meta property=\"og:site_name\" content=\"KidsPlay\" \/>\n<meta property=\"article:publisher\" content=\"https:\/\/www.facebook.com\/www.kidsplay.lt\" \/>\n<meta property=\"article:modified_time\" content=\"2026-02-25T14:19:18+00:00\" \/>\n<meta property=\"og:image\" content=\"https:\/\/kidsplay.lt\/wp-content\/uploads\/2023\/07\/gultukas-BABYBJORN-BALANCE-SOFT-MESH.jpg\" \/>\n\t<meta property=\"og:image:width\" content=\"415\" \/>\n\t<meta property=\"og:image:height\" content=\"500\" \/>\n\t<meta property=\"og:image:type\" content=\"image\/jpeg\" \/>\n<meta name=\"twitter:card\" content=\"summary_large_image\" \/>\n<meta name=\"twitter:label1\" content=\"Est. reading time\" \/>\n\t<meta name=\"twitter:data1\" content=\"1 min\u016bte\" \/>\n<script type=\"application\/ld+json\" class=\"yoast-schema-graph\">{\"@context\":\"https:\\\/\\\/schema.org\",\"@graph\":[{\"@type\":\"WebPage\",\"@id\":\"https:\\\/\\\/kidsplay.lt\\\/produktas\\\/gultukas-babybjorn-balance-soft-mesh\\\/\",\"url\":\"https:\\\/\\\/kidsplay.lt\\\/produktas\\\/gultukas-babybjorn-balance-soft-mesh\\\/\",\"name\":\"Gultukas BabyBjorn Balance Soft Mesh - KidsPlay\",\"isPartOf\":{\"@id\":\"https:\\\/\\\/kidsplay.lt\\\/#website\"},\"primaryImageOfPage\":{\"@id\":\"https:\\\/\\\/kidsplay.lt\\\/produktas\\\/gultukas-babybjorn-balance-soft-mesh\\\/#primaryimage\"},\"image\":{\"@id\":\"https:\\\/\\\/kidsplay.lt\\\/produktas\\\/gultukas-babybjorn-balance-soft-mesh\\\/#primaryimage\"},\"thumbnailUrl\":\"https:\\\/\\\/kidsplay.lt\\\/wp-content\\\/uploads\\\/2023\\\/07\\\/gultukas-BABYBJORN-BALANCE-SOFT-MESH.jpg\",\"datePublished\":\"2023-07-06T17:14:46+00:00\",\"dateModified\":\"2026-02-25T14:19:18+00:00\",\"description\":\"Gultukas BabyBjorn Balance Soft Mesh suteikia tinkam\u0105 atram\u0105 vaiko nugarai ir galvai. Gultukas turi specialiai pritaikyt\u0105 audinio k\u0117d\u0119.\",\"breadcrumb\":{\"@id\":\"https:\\\/\\\/kidsplay.lt\\\/produktas\\\/gultukas-babybjorn-balance-soft-mesh\\\/#breadcrumb\"},\"inLanguage\":\"lv-LV\",\"potentialAction\":[{\"@type\":\"ReadAction\",\"target\":[\"https:\\\/\\\/kidsplay.lt\\\/produktas\\\/gultukas-babybjorn-balance-soft-mesh\\\/\"]}]},{\"@type\":\"ImageObject\",\"inLanguage\":\"lv-LV\",\"@id\":\"https:\\\/\\\/kidsplay.lt\\\/produktas\\\/gultukas-babybjorn-balance-soft-mesh\\\/#primaryimage\",\"url\":\"https:\\\/\\\/kidsplay.lt\\\/wp-content\\\/uploads\\\/2023\\\/07\\\/gultukas-BABYBJORN-BALANCE-SOFT-MESH.jpg\",\"contentUrl\":\"https:\\\/\\\/kidsplay.lt\\\/wp-content\\\/uploads\\\/2023\\\/07\\\/gultukas-BABYBJORN-BALANCE-SOFT-MESH.jpg\",\"width\":415,\"height\":500},{\"@type\":\"BreadcrumbList\",\"@id\":\"https:\\\/\\\/kidsplay.lt\\\/produktas\\\/gultukas-babybjorn-balance-soft-mesh\\\/#breadcrumb\",\"itemListElement\":[{\"@type\":\"ListItem\",\"position\":1,\"name\":\"Pagrindinis\",\"item\":\"https:\\\/\\\/kidsplay.lt\\\/\"},{\"@type\":\"ListItem\",\"position\":2,\"name\":\"Parduotuv\u0117\",\"item\":\"https:\\\/\\\/kidsplay.lt\\\/parduotuve\\\/\"},{\"@type\":\"ListItem\",\"position\":3,\"name\":\"Gultukas BabyBjorn Balance Soft Mesh\"}]},{\"@type\":\"WebSite\",\"@id\":\"https:\\\/\\\/kidsplay.lt\\\/#website\",\"url\":\"https:\\\/\\\/kidsplay.lt\\\/\",\"name\":\"Kidsplay.lt\",\"description\":\"\u012evairios prek\u0117s vaikams\",\"publisher\":{\"@id\":\"https:\\\/\\\/kidsplay.lt\\\/#organization\"},\"alternateName\":\"Kidsplay\",\"potentialAction\":[{\"@type\":\"SearchAction\",\"target\":{\"@type\":\"EntryPoint\",\"urlTemplate\":\"https:\\\/\\\/kidsplay.lt\\\/?s={search_term_string}\"},\"query-input\":{\"@type\":\"PropertyValueSpecification\",\"valueRequired\":true,\"valueName\":\"search_term_string\"}}],\"inLanguage\":\"lv-LV\"},{\"@type\":\"Organization\",\"@id\":\"https:\\\/\\\/kidsplay.lt\\\/#organization\",\"name\":\"KidsPlay\",\"url\":\"https:\\\/\\\/kidsplay.lt\\\/\",\"logo\":{\"@type\":\"ImageObject\",\"inLanguage\":\"lv-LV\",\"@id\":\"https:\\\/\\\/kidsplay.lt\\\/#\\\/schema\\\/logo\\\/image\\\/\",\"url\":\"https:\\\/\\\/kidsplay.lt\\\/wp-content\\\/uploads\\\/2023\\\/07\\\/kidsplay-logo.png\",\"contentUrl\":\"https:\\\/\\\/kidsplay.lt\\\/wp-content\\\/uploads\\\/2023\\\/07\\\/kidsplay-logo.png\",\"width\":451,\"height\":98,\"caption\":\"KidsPlay\"},\"image\":{\"@id\":\"https:\\\/\\\/kidsplay.lt\\\/#\\\/schema\\\/logo\\\/image\\\/\"},\"sameAs\":[\"https:\\\/\\\/www.facebook.com\\\/www.kidsplay.lt\"]}]}<\/script>\n<!-- \/ Yoast SEO plugin. -->","yoast_head_json":{"title":"Gultukas BabyBjorn Balance Soft Mesh - KidsPlay","description":"Gultukas BabyBjorn Balance Soft Mesh suteikia tinkam\u0105 atram\u0105 vaiko nugarai ir galvai. Gultukas turi specialiai pritaikyt\u0105 audinio k\u0117d\u0119.","robots":{"index":"index","follow":"follow","max-snippet":"max-snippet:-1","max-image-preview":"max-image-preview:large","max-video-preview":"max-video-preview:-1"},"canonical":"https:\/\/kidsplay.lt\/lv\/products\/gultukas-babybjorn-balance-soft-mesh\/","og_locale":"lv_LV","og_type":"article","og_title":"Gultukas BabyBjorn Balance Soft Mesh - KidsPlay","og_description":"Gultukas BabyBjorn Balance Soft Mesh suteikia tinkam\u0105 atram\u0105 vaiko nugarai ir galvai. Gultukas turi specialiai pritaikyt\u0105 audinio k\u0117d\u0119.","og_url":"https:\/\/kidsplay.lt\/lv\/products\/gultukas-babybjorn-balance-soft-mesh\/","og_site_name":"KidsPlay","article_publisher":"https:\/\/www.facebook.com\/www.kidsplay.lt","article_modified_time":"2026-02-25T14:19:18+00:00","og_image":[{"width":415,"height":500,"url":"https:\/\/kidsplay.lt\/wp-content\/uploads\/2023\/07\/gultukas-BABYBJORN-BALANCE-SOFT-MESH.jpg","type":"image\/jpeg"}],"twitter_card":"summary_large_image","twitter_misc":{"Est. reading time":"1 min\u016bte"},"schema":{"@context":"https:\/\/schema.org","@graph":[{"@type":"WebPage","@id":"https:\/\/kidsplay.lt\/produktas\/gultukas-babybjorn-balance-soft-mesh\/","url":"https:\/\/kidsplay.lt\/produktas\/gultukas-babybjorn-balance-soft-mesh\/","name":"Gultukas BabyBjorn Balance Soft Mesh - KidsPlay","isPartOf":{"@id":"https:\/\/kidsplay.lt\/#website"},"primaryImageOfPage":{"@id":"https:\/\/kidsplay.lt\/produktas\/gultukas-babybjorn-balance-soft-mesh\/#primaryimage"},"image":{"@id":"https:\/\/kidsplay.lt\/produktas\/gultukas-babybjorn-balance-soft-mesh\/#primaryimage"},"thumbnailUrl":"https:\/\/kidsplay.lt\/wp-content\/uploads\/2023\/07\/gultukas-BABYBJORN-BALANCE-SOFT-MESH.jpg","datePublished":"2023-07-06T17:14:46+00:00","dateModified":"2026-02-25T14:19:18+00:00","description":"Gultukas BabyBjorn Balance Soft Mesh suteikia tinkam\u0105 atram\u0105 vaiko nugarai ir galvai. Gultukas turi specialiai pritaikyt\u0105 audinio k\u0117d\u0119.","breadcrumb":{"@id":"https:\/\/kidsplay.lt\/produktas\/gultukas-babybjorn-balance-soft-mesh\/#breadcrumb"},"inLanguage":"lv-LV","potentialAction":[{"@type":"ReadAction","target":["https:\/\/kidsplay.lt\/produktas\/gultukas-babybjorn-balance-soft-mesh\/"]}]},{"@type":"ImageObject","inLanguage":"lv-LV","@id":"https:\/\/kidsplay.lt\/produktas\/gultukas-babybjorn-balance-soft-mesh\/#primaryimage","url":"https:\/\/kidsplay.lt\/wp-content\/uploads\/2023\/07\/gultukas-BABYBJORN-BALANCE-SOFT-MESH.jpg","contentUrl":"https:\/\/kidsplay.lt\/wp-content\/uploads\/2023\/07\/gultukas-BABYBJORN-BALANCE-SOFT-MESH.jpg","width":415,"height":500},{"@type":"BreadcrumbList","@id":"https:\/\/kidsplay.lt\/produktas\/gultukas-babybjorn-balance-soft-mesh\/#breadcrumb","itemListElement":[{"@type":"ListItem","position":1,"name":"Pagrindinis","item":"https:\/\/kidsplay.lt\/"},{"@type":"ListItem","position":2,"name":"Parduotuv\u0117","item":"https:\/\/kidsplay.lt\/parduotuve\/"},{"@type":"ListItem","position":3,"name":"Gultukas BabyBjorn Balance Soft Mesh"}]},{"@type":"WebSite","@id":"https:\/\/kidsplay.lt\/#website","url":"https:\/\/kidsplay.lt\/","name":"B\u0113rnu sp\u0113les.lv","description":"\u012evairios prek\u0117s vaikams","publisher":{"@id":"https:\/\/kidsplay.lt\/#organization"},"alternateName":"Kidsplay","potentialAction":[{"@type":"SearchAction","target":{"@type":"EntryPoint","urlTemplate":"https:\/\/kidsplay.lt\/?s={search_term_string}"},"query-input":{"@type":"PropertyValueSpecification","valueRequired":true,"valueName":"search_term_string"}}],"inLanguage":"lv-LV"},{"@type":"Organization","@id":"https:\/\/kidsplay.lt\/#organization","name":"B\u0113rnu sp\u0113le","url":"https:\/\/kidsplay.lt\/","logo":{"@type":"ImageObject","inLanguage":"lv-LV","@id":"https:\/\/kidsplay.lt\/#\/schema\/logo\/image\/","url":"https:\/\/kidsplay.lt\/wp-content\/uploads\/2023\/07\/kidsplay-logo.png","contentUrl":"https:\/\/kidsplay.lt\/wp-content\/uploads\/2023\/07\/kidsplay-logo.png","width":451,"height":98,"caption":"KidsPlay"},"image":{"@id":"https:\/\/kidsplay.lt\/#\/schema\/logo\/image\/"},"sameAs":["https:\/\/www.facebook.com\/www.kidsplay.lt"]}]}},"_links":{"self":[{"href":"https:\/\/kidsplay.lt\/lv\/wp-json\/wp\/v2\/product\/18082","targetHints":{"allow":["GET"]}}],"collection":[{"href":"https:\/\/kidsplay.lt\/lv\/wp-json\/wp\/v2\/product"}],"about":[{"href":"https:\/\/kidsplay.lt\/lv\/wp-json\/wp\/v2\/types\/product"}],"version-history":[{"count":1,"href":"https:\/\/kidsplay.lt\/lv\/wp-json\/wp\/v2\/product\/18082\/revisions"}],"predecessor-version":[{"id":47186,"href":"https:\/\/kidsplay.lt\/lv\/wp-json\/wp\/v2\/product\/18082\/revisions\/47186"}],"wp:featuredmedia":[{"embeddable":true,"href":"https:\/\/kidsplay.lt\/lv\/wp-json\/wp\/v2\/media\/18181"}],"wp:attachment":[{"href":"https:\/\/kidsplay.lt\/lv\/wp-json\/wp\/v2\/media?parent=18082"}],"wp:term":[{"taxonomy":"product_brand","embeddable":true,"href":"https:\/\/kidsplay.lt\/lv\/wp-json\/wp\/v2\/product_brand?post=18082"},{"taxonomy":"product_cat","embeddable":true,"href":"https:\/\/kidsplay.lt\/lv\/wp-json\/wp\/v2\/product_cat?post=18082"},{"taxonomy":"product_tag","embeddable":true,"href":"https:\/\/kidsplay.lt\/lv\/wp-json\/wp\/v2\/product_tag?post=18082"}],"curies":[{"name":"wp","href":"https:\/\/api.w.org\/{rel}","templated":true}]}}