{"id":18395,"date":"2023-07-06T20:17:49","date_gmt":"2023-07-06T20:17:49","guid":{"rendered":"https:\/\/kidsplay.lt\/?post_type=product&#038;p=18395"},"modified":"2025-10-04T11:22:14","modified_gmt":"2025-10-04T08:22:14","slug":"triratukas-trike-fix-lite-pilkas","status":"publish","type":"product","link":"https:\/\/kidsplay.lt\/lv\/products\/triratukas-trike-fix-lite-pilkas\/","title":{"rendered":"Triratukas TRIKE FIX LITE pilkas"},"content":{"rendered":"<p>Triratukas TRIKE FIX LITE &#8211; tai modelis, augantis kartu su vaiku! Jis tarnaus j\u016bs\u0173 ma\u017eyliui daugel\u012f met\u0173 &#8211; pirmiausia kaip ve\u017eim\u0117lis, paskui kaip pirmasis dviratis.<\/p>\n<p>Dviratis yra su sulankstomomis koj\u0173 atramomis ma\u017eesniems vaikams, dir\u017eu ir apsauginiu tur\u0117klu. Koj\u0173 atramas ir tur\u0117klus galima nuimti, kai vaikas \u0161iek tiek paaugs, prad\u0117s mokytis va\u017eiuoti dvira\u010diu ir pasieks prie priekinio rato pritvirtint\u0105 vair\u0105 ir pedalus. J\u016bs tikrai \u012fvertinsite 360 laipsni\u0173 kampu sukam\u0105 s\u0117dyn\u0119, kuri\u0105 t\u0117vai m\u0117gsta naudoti dvira\u010dio naudojimo prad\u017eioje, kad gal\u0117t\u0173 pa\u017evelgti \u012f savo ma\u017eyl\u012f arba, prie\u0161ingai, parodyti jam pasaul\u012f pasivaik\u0161\u010diojim\u0173 metu.<\/p>\n<p>Neslystantys dvira\u010dio pedalai leid\u017eia ma\u017eyliui lengviau valdyti transporto priemon\u0119.<\/p>\n<p>Dviratis taip pat yra su skambu\u010diu. Juk kiekvienas dviratininkas &#8211; net ir pats ma\u017eiausias! &#8211; tur\u0117t\u0173 j\u012f tur\u0117ti. Vairo rankenos pagamintos i\u0161 gumos.<\/p>\n<p>Taip vadinamas \u201eLaisvas ratas\u201c leid\u017eia j\u016bs\u0173 ma\u017eyliui vairuoti transporto priemon\u0119 arba j\u0105 i\u0161jungti vienu jungikliu, taigi j\u016bs valdote visk\u0105.<\/p>\n<p>Naudojamos technologijos d\u0117ka \u201eTRIKE FIX LITE\u201c dviratis gali lengvai \u012fveikti sunkias ar akmenuotas dangas. Nor\u0117dami padidinti saugum\u0105, u\u017efiksuokite galinius ratus stabd\u017eiu.<\/p>\n<ul>\n<li>Skirta 1-5 met\u0173 vaikams<\/li>\n<li>Savaranki\u0161kai surenkamas dviratis (surinkimo instrukcijos d\u0117\u017eut\u0117je)&nbsp;<\/li>\n<li>Rato skersmuo: 25 cm ir 20 cm&nbsp;<\/li>\n<li>Dvira\u010dio svoris: ~ 8 kg&nbsp;<\/li>\n<li>Dvira\u010dio matmenys (maksimalus auk\u0161tis x ilgis x plotis): 105 cm x 94 cm x 52 cm&nbsp;<\/li>\n<li>Pakuot\u0117s matmenys: 60x40x29cm<\/li>\n<\/ul>\n<p>&nbsp;<\/p>","protected":false},"excerpt":{"rendered":"<p>Triratukas TRIKE FIX LITE &#8211; tai modelis, augantis kartu su vaiku! Jis tarnaus j\u016bs\u0173 ma\u017eyliui daugel\u012f met\u0173 &#8211; pirmiausia kaip ve\u017eim\u0117lis, paskui kaip pirmasis dviratis.<\/p>\n<p>Dviratis yra su sulankstomomis koj\u0173 atramomis ma\u017eesniems vaikams, dir\u017eu ir apsauginiu tur\u0117klu. Koj\u0173 atramas ir tur\u0117klus galima nuimti, kai vaikas \u0161iek tiek paaugs, prad\u0117s mokytis va\u017eiuoti dvira\u010diu ir pasieks prie priekinio rato pritvirtint\u0105 vair\u0105 ir pedalus. J\u016bs tikrai \u012fvertinsite 360 laipsni\u0173 kampu sukam\u0105 s\u0117dyn\u0119, kuri\u0105 t\u0117vai m\u0117gsta naudoti dvira\u010dio naudojimo prad\u017eioje, kad gal\u0117t\u0173 pa\u017evelgti \u012f savo ma\u017eyl\u012f arba, prie\u0161ingai, parodyti jam pasaul\u012f pasivaik\u0161\u010diojim\u0173 metu.<\/p>\n<p>Neslystantys dvira\u010dio pedalai leid\u017eia ma\u017eyliui lengviau valdyti transporto priemon\u0119.<\/p>","protected":false},"featured_media":18485,"template":"","meta":{"_acf_changed":false,"_glsr_average":0,"_glsr_ranking":0,"_glsr_reviews":0},"product_brand":[],"product_cat":[237,239],"product_tag":[],"class_list":{"0":"post-18395","1":"product","2":"type-product","3":"status-publish","4":"has-post-thumbnail","6":"product_cat-judejimo-priemones","7":"product_cat-triratukai","8":"\"style=\"background-color: #2ecc711c;\"","10":"first","11":"instock","12":"shipping-taxable","13":"purchasable","14":"product-type-simple"},"acf":[],"yoast_head":"<!-- This site is optimized with the Yoast SEO plugin v27.3 - https:\/\/yoast.com\/product\/yoast-seo-wordpress\/ -->\n<title>Triratukas TRIKE FIX LITE pilkas - KidsPlay<\/title>\n<meta name=\"description\" content=\"Triratukas TRIKE FIX LITE - tai modelis, augantis kartu su vaiku! Jis tarnaus ma\u017eyliui daugel\u012f met\u0173 kaip ve\u017eim\u0117lis, paskui kaip dviratis.\" \/>\n<meta name=\"robots\" content=\"index, follow, max-snippet:-1, max-image-preview:large, max-video-preview:-1\" \/>\n<link rel=\"canonical\" href=\"https:\/\/kidsplay.lt\/lv\/products\/triratukas-trike-fix-lite-pilkas\/\" \/>\n<meta property=\"og:locale\" content=\"lv_LV\" \/>\n<meta property=\"og:type\" content=\"article\" \/>\n<meta property=\"og:title\" content=\"Triratukas TRIKE FIX LITE pilkas - KidsPlay\" \/>\n<meta property=\"og:description\" content=\"Triratukas TRIKE FIX LITE - tai modelis, augantis kartu su vaiku! Jis tarnaus ma\u017eyliui daugel\u012f met\u0173 kaip ve\u017eim\u0117lis, paskui kaip dviratis.\" \/>\n<meta property=\"og:url\" content=\"https:\/\/kidsplay.lt\/lv\/products\/triratukas-trike-fix-lite-pilkas\/\" \/>\n<meta property=\"og:site_name\" content=\"KidsPlay\" \/>\n<meta property=\"article:publisher\" content=\"https:\/\/www.facebook.com\/www.kidsplay.lt\" \/>\n<meta property=\"article:modified_time\" content=\"2025-10-04T08:22:14+00:00\" \/>\n<meta property=\"og:image\" content=\"https:\/\/kidsplay.lt\/wp-content\/uploads\/2023\/07\/Triratukas-TRIKE-FIX-LITE.jpg\" \/>\n\t<meta property=\"og:image:width\" content=\"1600\" \/>\n\t<meta property=\"og:image:height\" content=\"1200\" \/>\n\t<meta property=\"og:image:type\" content=\"image\/jpeg\" \/>\n<meta name=\"twitter:card\" content=\"summary_large_image\" \/>\n<meta name=\"twitter:label1\" content=\"Est. reading time\" \/>\n\t<meta name=\"twitter:data1\" content=\"1 min\u016bte\" \/>\n<script type=\"application\/ld+json\" class=\"yoast-schema-graph\">{\"@context\":\"https:\\\/\\\/schema.org\",\"@graph\":[{\"@type\":\"WebPage\",\"@id\":\"https:\\\/\\\/kidsplay.lt\\\/produktas\\\/triratukas-trike-fix-lite-pilkas\\\/\",\"url\":\"https:\\\/\\\/kidsplay.lt\\\/produktas\\\/triratukas-trike-fix-lite-pilkas\\\/\",\"name\":\"Triratukas TRIKE FIX LITE pilkas - KidsPlay\",\"isPartOf\":{\"@id\":\"https:\\\/\\\/kidsplay.lt\\\/#website\"},\"primaryImageOfPage\":{\"@id\":\"https:\\\/\\\/kidsplay.lt\\\/produktas\\\/triratukas-trike-fix-lite-pilkas\\\/#primaryimage\"},\"image\":{\"@id\":\"https:\\\/\\\/kidsplay.lt\\\/produktas\\\/triratukas-trike-fix-lite-pilkas\\\/#primaryimage\"},\"thumbnailUrl\":\"https:\\\/\\\/kidsplay.lt\\\/wp-content\\\/uploads\\\/2023\\\/07\\\/Triratukas-TRIKE-FIX-LITE.jpg\",\"datePublished\":\"2023-07-06T20:17:49+00:00\",\"dateModified\":\"2025-10-04T08:22:14+00:00\",\"description\":\"Triratukas TRIKE FIX LITE - tai modelis, augantis kartu su vaiku! Jis tarnaus ma\u017eyliui daugel\u012f met\u0173 kaip ve\u017eim\u0117lis, paskui kaip dviratis.\",\"breadcrumb\":{\"@id\":\"https:\\\/\\\/kidsplay.lt\\\/produktas\\\/triratukas-trike-fix-lite-pilkas\\\/#breadcrumb\"},\"inLanguage\":\"lv-LV\",\"potentialAction\":[{\"@type\":\"ReadAction\",\"target\":[\"https:\\\/\\\/kidsplay.lt\\\/produktas\\\/triratukas-trike-fix-lite-pilkas\\\/\"]}]},{\"@type\":\"ImageObject\",\"inLanguage\":\"lv-LV\",\"@id\":\"https:\\\/\\\/kidsplay.lt\\\/produktas\\\/triratukas-trike-fix-lite-pilkas\\\/#primaryimage\",\"url\":\"https:\\\/\\\/kidsplay.lt\\\/wp-content\\\/uploads\\\/2023\\\/07\\\/Triratukas-TRIKE-FIX-LITE.jpg\",\"contentUrl\":\"https:\\\/\\\/kidsplay.lt\\\/wp-content\\\/uploads\\\/2023\\\/07\\\/Triratukas-TRIKE-FIX-LITE.jpg\",\"width\":1600,\"height\":1200},{\"@type\":\"BreadcrumbList\",\"@id\":\"https:\\\/\\\/kidsplay.lt\\\/produktas\\\/triratukas-trike-fix-lite-pilkas\\\/#breadcrumb\",\"itemListElement\":[{\"@type\":\"ListItem\",\"position\":1,\"name\":\"Pagrindinis\",\"item\":\"https:\\\/\\\/kidsplay.lt\\\/\"},{\"@type\":\"ListItem\",\"position\":2,\"name\":\"Parduotuv\u0117\",\"item\":\"https:\\\/\\\/kidsplay.lt\\\/parduotuve\\\/\"},{\"@type\":\"ListItem\",\"position\":3,\"name\":\"Triratukas TRIKE FIX LITE pilkas\"}]},{\"@type\":\"WebSite\",\"@id\":\"https:\\\/\\\/kidsplay.lt\\\/#website\",\"url\":\"https:\\\/\\\/kidsplay.lt\\\/\",\"name\":\"Kidsplay.lt\",\"description\":\"\u012evairios prek\u0117s vaikams\",\"publisher\":{\"@id\":\"https:\\\/\\\/kidsplay.lt\\\/#organization\"},\"alternateName\":\"Kidsplay\",\"potentialAction\":[{\"@type\":\"SearchAction\",\"target\":{\"@type\":\"EntryPoint\",\"urlTemplate\":\"https:\\\/\\\/kidsplay.lt\\\/?s={search_term_string}\"},\"query-input\":{\"@type\":\"PropertyValueSpecification\",\"valueRequired\":true,\"valueName\":\"search_term_string\"}}],\"inLanguage\":\"lv-LV\"},{\"@type\":\"Organization\",\"@id\":\"https:\\\/\\\/kidsplay.lt\\\/#organization\",\"name\":\"KidsPlay\",\"url\":\"https:\\\/\\\/kidsplay.lt\\\/\",\"logo\":{\"@type\":\"ImageObject\",\"inLanguage\":\"lv-LV\",\"@id\":\"https:\\\/\\\/kidsplay.lt\\\/#\\\/schema\\\/logo\\\/image\\\/\",\"url\":\"https:\\\/\\\/kidsplay.lt\\\/wp-content\\\/uploads\\\/2023\\\/07\\\/kidsplay-logo.png\",\"contentUrl\":\"https:\\\/\\\/kidsplay.lt\\\/wp-content\\\/uploads\\\/2023\\\/07\\\/kidsplay-logo.png\",\"width\":451,\"height\":98,\"caption\":\"KidsPlay\"},\"image\":{\"@id\":\"https:\\\/\\\/kidsplay.lt\\\/#\\\/schema\\\/logo\\\/image\\\/\"},\"sameAs\":[\"https:\\\/\\\/www.facebook.com\\\/www.kidsplay.lt\"]}]}<\/script>\n<!-- \/ Yoast SEO plugin. -->","yoast_head_json":{"title":"Triratukas TRIKE FIX LITE pilkas - KidsPlay","description":"Triratukas TRIKE FIX LITE - tai modelis, augantis kartu su vaiku! Jis tarnaus ma\u017eyliui daugel\u012f met\u0173 kaip ve\u017eim\u0117lis, paskui kaip dviratis.","robots":{"index":"index","follow":"follow","max-snippet":"max-snippet:-1","max-image-preview":"max-image-preview:large","max-video-preview":"max-video-preview:-1"},"canonical":"https:\/\/kidsplay.lt\/lv\/products\/triratukas-trike-fix-lite-pilkas\/","og_locale":"lv_LV","og_type":"article","og_title":"Triratukas TRIKE FIX LITE pilkas - KidsPlay","og_description":"Triratukas TRIKE FIX LITE - tai modelis, augantis kartu su vaiku! Jis tarnaus ma\u017eyliui daugel\u012f met\u0173 kaip ve\u017eim\u0117lis, paskui kaip dviratis.","og_url":"https:\/\/kidsplay.lt\/lv\/products\/triratukas-trike-fix-lite-pilkas\/","og_site_name":"KidsPlay","article_publisher":"https:\/\/www.facebook.com\/www.kidsplay.lt","article_modified_time":"2025-10-04T08:22:14+00:00","og_image":[{"width":1600,"height":1200,"url":"https:\/\/kidsplay.lt\/wp-content\/uploads\/2023\/07\/Triratukas-TRIKE-FIX-LITE.jpg","type":"image\/jpeg"}],"twitter_card":"summary_large_image","twitter_misc":{"Est. reading time":"1 min\u016bte"},"schema":{"@context":"https:\/\/schema.org","@graph":[{"@type":"WebPage","@id":"https:\/\/kidsplay.lt\/produktas\/triratukas-trike-fix-lite-pilkas\/","url":"https:\/\/kidsplay.lt\/produktas\/triratukas-trike-fix-lite-pilkas\/","name":"Triratukas TRIKE FIX LITE pilkas - KidsPlay","isPartOf":{"@id":"https:\/\/kidsplay.lt\/#website"},"primaryImageOfPage":{"@id":"https:\/\/kidsplay.lt\/produktas\/triratukas-trike-fix-lite-pilkas\/#primaryimage"},"image":{"@id":"https:\/\/kidsplay.lt\/produktas\/triratukas-trike-fix-lite-pilkas\/#primaryimage"},"thumbnailUrl":"https:\/\/kidsplay.lt\/wp-content\/uploads\/2023\/07\/Triratukas-TRIKE-FIX-LITE.jpg","datePublished":"2023-07-06T20:17:49+00:00","dateModified":"2025-10-04T08:22:14+00:00","description":"Triratukas TRIKE FIX LITE - tai modelis, augantis kartu su vaiku! Jis tarnaus ma\u017eyliui daugel\u012f met\u0173 kaip ve\u017eim\u0117lis, paskui kaip dviratis.","breadcrumb":{"@id":"https:\/\/kidsplay.lt\/produktas\/triratukas-trike-fix-lite-pilkas\/#breadcrumb"},"inLanguage":"lv-LV","potentialAction":[{"@type":"ReadAction","target":["https:\/\/kidsplay.lt\/produktas\/triratukas-trike-fix-lite-pilkas\/"]}]},{"@type":"ImageObject","inLanguage":"lv-LV","@id":"https:\/\/kidsplay.lt\/produktas\/triratukas-trike-fix-lite-pilkas\/#primaryimage","url":"https:\/\/kidsplay.lt\/wp-content\/uploads\/2023\/07\/Triratukas-TRIKE-FIX-LITE.jpg","contentUrl":"https:\/\/kidsplay.lt\/wp-content\/uploads\/2023\/07\/Triratukas-TRIKE-FIX-LITE.jpg","width":1600,"height":1200},{"@type":"BreadcrumbList","@id":"https:\/\/kidsplay.lt\/produktas\/triratukas-trike-fix-lite-pilkas\/#breadcrumb","itemListElement":[{"@type":"ListItem","position":1,"name":"Pagrindinis","item":"https:\/\/kidsplay.lt\/"},{"@type":"ListItem","position":2,"name":"Parduotuv\u0117","item":"https:\/\/kidsplay.lt\/parduotuve\/"},{"@type":"ListItem","position":3,"name":"Triratukas TRIKE FIX LITE pilkas"}]},{"@type":"WebSite","@id":"https:\/\/kidsplay.lt\/#website","url":"https:\/\/kidsplay.lt\/","name":"B\u0113rnu sp\u0113les.lv","description":"\u012evairios prek\u0117s vaikams","publisher":{"@id":"https:\/\/kidsplay.lt\/#organization"},"alternateName":"Kidsplay","potentialAction":[{"@type":"SearchAction","target":{"@type":"EntryPoint","urlTemplate":"https:\/\/kidsplay.lt\/?s={search_term_string}"},"query-input":{"@type":"PropertyValueSpecification","valueRequired":true,"valueName":"search_term_string"}}],"inLanguage":"lv-LV"},{"@type":"Organization","@id":"https:\/\/kidsplay.lt\/#organization","name":"B\u0113rnu sp\u0113le","url":"https:\/\/kidsplay.lt\/","logo":{"@type":"ImageObject","inLanguage":"lv-LV","@id":"https:\/\/kidsplay.lt\/#\/schema\/logo\/image\/","url":"https:\/\/kidsplay.lt\/wp-content\/uploads\/2023\/07\/kidsplay-logo.png","contentUrl":"https:\/\/kidsplay.lt\/wp-content\/uploads\/2023\/07\/kidsplay-logo.png","width":451,"height":98,"caption":"KidsPlay"},"image":{"@id":"https:\/\/kidsplay.lt\/#\/schema\/logo\/image\/"},"sameAs":["https:\/\/www.facebook.com\/www.kidsplay.lt"]}]}},"_links":{"self":[{"href":"https:\/\/kidsplay.lt\/lv\/wp-json\/wp\/v2\/product\/18395","targetHints":{"allow":["GET"]}}],"collection":[{"href":"https:\/\/kidsplay.lt\/lv\/wp-json\/wp\/v2\/product"}],"about":[{"href":"https:\/\/kidsplay.lt\/lv\/wp-json\/wp\/v2\/types\/product"}],"version-history":[{"count":1,"href":"https:\/\/kidsplay.lt\/lv\/wp-json\/wp\/v2\/product\/18395\/revisions"}],"predecessor-version":[{"id":63667,"href":"https:\/\/kidsplay.lt\/lv\/wp-json\/wp\/v2\/product\/18395\/revisions\/63667"}],"wp:featuredmedia":[{"embeddable":true,"href":"https:\/\/kidsplay.lt\/lv\/wp-json\/wp\/v2\/media\/18485"}],"wp:attachment":[{"href":"https:\/\/kidsplay.lt\/lv\/wp-json\/wp\/v2\/media?parent=18395"}],"wp:term":[{"taxonomy":"product_brand","embeddable":true,"href":"https:\/\/kidsplay.lt\/lv\/wp-json\/wp\/v2\/product_brand?post=18395"},{"taxonomy":"product_cat","embeddable":true,"href":"https:\/\/kidsplay.lt\/lv\/wp-json\/wp\/v2\/product_cat?post=18395"},{"taxonomy":"product_tag","embeddable":true,"href":"https:\/\/kidsplay.lt\/lv\/wp-json\/wp\/v2\/product_tag?post=18395"}],"curies":[{"name":"wp","href":"https:\/\/api.w.org\/{rel}","templated":true}]}}