{"id":18858,"date":"2023-07-06T20:27:37","date_gmt":"2023-07-06T17:27:37","guid":{"rendered":"https:\/\/kidsplay.lt\/?post_type=product&#038;p=18858"},"modified":"2025-10-04T12:21:12","modified_gmt":"2025-10-04T09:21:12","slug":"automobiline-kedute-kindercraft-9-36","status":"publish","type":"product","link":"https:\/\/kidsplay.lt\/lv\/products\/automobiline-kedute-kindercraft-9-36\/","title":{"rendered":"Autokr\u0113sli\u0146\u0161 Kindercraft 9-36"},"content":{"rendered":"<p>Automobilin\u0117 k\u0117dut\u0117 Kindercraft 9-36 kg sukurta taip, kad u\u017etikrint\u0173 maksimal\u0173 j\u016bs\u0173 vaiko saugumo ir komforto lyg\u012f vairuojant. M\u016bs\u0173 modeliai yra viena i\u0161 labiausiai pasirinkt\u0173 automobili\u0173 s\u0117dyni\u0173 rinkoje ir j\u0173 populiarumas nuolat auga. Visi produktai yra kruop\u0161\u010diai i\u0161bandyti ir prie\u0161 juos parduodant atliekami i\u0161sam\u016bs techniniai tyrimai. Atitinka Europos S\u0105jungoje reikalaujamus saugos patvirtinimus ECE R44 \/ 04.<\/p>\n<p>\u0160is modelis yra novatori\u0161kas produktas, skirtas trims svorio grup\u0117ms: nuo 9 iki 18 kg, nuo 15 iki 25 kg ir nuo 22 iki 36 kg. D\u0117l galimyb\u0117s i\u0161ardyti vidinius saugos dir\u017eus, skirtus ma\u017eesniems vaikams, \u0161eima gali ja naudotis daugel\u012f met\u0173.<\/p>\n<p>Funkcijas:<\/p>\n<ul>\n<li>Reguliuojamas atlo\u0161as<\/li>\n<li>Galvos atramos auk\u0161\u010dio reguliavimas<\/li>\n<li>Galima naudoti tik s\u0117dyn\u0117s pagrind\u0105<\/li>\n<li>Skirta vaikams nuo 9 kg iki 36 kg<\/li>\n<li>Atitinka Europos saugos standartus ECE R44 \/ 04<\/li>\n<li>Auk\u0161tos kokyb\u0117s med\u017eiagos<\/li>\n<li>Nuimamas, plaunamas apmu\u0161alas<\/li>\n<li>Sustiprinta r\u0117mo konstrukcija ir papildomas saugumas<\/li>\n<li>Saugos dir\u017eai su pe\u010di\u0173 pagalv\u0117mis<\/li>\n<li>Lengvas montavimas su trij\u0173 ta\u0161k\u0173 dir\u017eu automobilyje<\/li>\n<li>Produkto auk\u0161tis: 72 cm<\/li>\n<li>Produkto plotis: 42 cm<\/li>\n<li>Gaminio gylis: 41 cm<\/li>\n<\/ul>","protected":false},"excerpt":{"rendered":"<p>Automobilin\u0117 k\u0117dut\u0117 Kindercraft 9-36 kg sukurta taip, kad u\u017etikrint\u0173 maksimal\u0173 j\u016bs\u0173 vaiko saugumo ir komforto lyg\u012f vairuojant. M\u016bs\u0173 modeliai yra viena i\u0161 labiausiai pasirinkt\u0173 automobili\u0173 s\u0117dyni\u0173 rinkoje ir j\u0173 populiarumas nuolat auga. Visi produktai yra kruop\u0161\u010diai i\u0161bandyti ir prie\u0161 juos parduodant atliekami i\u0161sam\u016bs techniniai tyrimai. Atitinka Europos S\u0105jungoje reikalaujamus saugos patvirtinimus ECE R44 \/ 04.<\/p>","protected":false},"featured_media":49508,"template":"","meta":{"_acf_changed":false,"_glsr_average":0,"_glsr_ranking":0,"_glsr_reviews":0},"product_brand":[],"product_cat":[244,241],"product_tag":[],"class_list":{"0":"post-18858","1":"product","2":"type-product","3":"status-publish","4":"has-post-thumbnail","6":"product_cat-9-36-kg","7":"product_cat-automobilines-kedutes","8":"\"style=\"background-color: #2ecc711c;\"","10":"first","11":"instock","12":"shipping-taxable","13":"purchasable","14":"product-type-simple"},"acf":[],"yoast_head":"<!-- This site is optimized with the Yoast SEO plugin v27.3 - https:\/\/yoast.com\/product\/yoast-seo-wordpress\/ -->\n<title>Automobilin\u0117 k\u0117dut\u0117 Kindercraft 9-36 - KidsPlay<\/title>\n<meta name=\"description\" content=\"Automobilin\u0117 k\u0117dut\u0117 Kindercraft 9-36 kg sukurta taip, kad u\u017etikrint\u0173 maksimal\u0173 j\u016bs\u0173 vaiko saugumo ir komforto lyg\u012f vairuojant.\" \/>\n<meta name=\"robots\" content=\"index, follow, max-snippet:-1, max-image-preview:large, max-video-preview:-1\" \/>\n<link rel=\"canonical\" href=\"https:\/\/kidsplay.lt\/lv\/products\/automobiline-kedute-kindercraft-9-36\/\" \/>\n<meta property=\"og:locale\" content=\"lv_LV\" \/>\n<meta property=\"og:type\" content=\"article\" \/>\n<meta property=\"og:title\" content=\"Automobilin\u0117 k\u0117dut\u0117 Kindercraft 9-36 - KidsPlay\" \/>\n<meta property=\"og:description\" content=\"Automobilin\u0117 k\u0117dut\u0117 Kindercraft 9-36 kg sukurta taip, kad u\u017etikrint\u0173 maksimal\u0173 j\u016bs\u0173 vaiko saugumo ir komforto lyg\u012f vairuojant.\" \/>\n<meta property=\"og:url\" content=\"https:\/\/kidsplay.lt\/lv\/products\/automobiline-kedute-kindercraft-9-36\/\" \/>\n<meta property=\"og:site_name\" content=\"KidsPlay\" \/>\n<meta property=\"article:publisher\" content=\"https:\/\/www.facebook.com\/www.kidsplay.lt\" \/>\n<meta property=\"article:modified_time\" content=\"2025-10-04T09:21:12+00:00\" \/>\n<meta property=\"og:image\" content=\"https:\/\/kidsplay.lt\/wp-content\/uploads\/2023\/07\/Ekrano-kopija-2024-08-31-192745.png\" \/>\n\t<meta property=\"og:image:width\" content=\"576\" \/>\n\t<meta property=\"og:image:height\" content=\"638\" \/>\n\t<meta property=\"og:image:type\" content=\"image\/png\" \/>\n<meta name=\"twitter:card\" content=\"summary_large_image\" \/>\n<meta name=\"twitter:label1\" content=\"Est. reading time\" \/>\n\t<meta name=\"twitter:data1\" content=\"2 min\u016btes\" \/>\n<script type=\"application\/ld+json\" class=\"yoast-schema-graph\">{\"@context\":\"https:\\\/\\\/schema.org\",\"@graph\":[{\"@type\":\"WebPage\",\"@id\":\"https:\\\/\\\/kidsplay.lt\\\/produktas\\\/automobiline-kedute-kindercraft-9-36\\\/\",\"url\":\"https:\\\/\\\/kidsplay.lt\\\/produktas\\\/automobiline-kedute-kindercraft-9-36\\\/\",\"name\":\"Automobilin\u0117 k\u0117dut\u0117 Kindercraft 9-36 - KidsPlay\",\"isPartOf\":{\"@id\":\"https:\\\/\\\/kidsplay.lt\\\/#website\"},\"primaryImageOfPage\":{\"@id\":\"https:\\\/\\\/kidsplay.lt\\\/produktas\\\/automobiline-kedute-kindercraft-9-36\\\/#primaryimage\"},\"image\":{\"@id\":\"https:\\\/\\\/kidsplay.lt\\\/produktas\\\/automobiline-kedute-kindercraft-9-36\\\/#primaryimage\"},\"thumbnailUrl\":\"https:\\\/\\\/kidsplay.lt\\\/wp-content\\\/uploads\\\/2023\\\/07\\\/Ekrano-kopija-2024-08-31-192745.png\",\"datePublished\":\"2023-07-06T17:27:37+00:00\",\"dateModified\":\"2025-10-04T09:21:12+00:00\",\"description\":\"Automobilin\u0117 k\u0117dut\u0117 Kindercraft 9-36 kg sukurta taip, kad u\u017etikrint\u0173 maksimal\u0173 j\u016bs\u0173 vaiko saugumo ir komforto lyg\u012f vairuojant.\",\"breadcrumb\":{\"@id\":\"https:\\\/\\\/kidsplay.lt\\\/produktas\\\/automobiline-kedute-kindercraft-9-36\\\/#breadcrumb\"},\"inLanguage\":\"lv-LV\",\"potentialAction\":[{\"@type\":\"ReadAction\",\"target\":[\"https:\\\/\\\/kidsplay.lt\\\/produktas\\\/automobiline-kedute-kindercraft-9-36\\\/\"]}]},{\"@type\":\"ImageObject\",\"inLanguage\":\"lv-LV\",\"@id\":\"https:\\\/\\\/kidsplay.lt\\\/produktas\\\/automobiline-kedute-kindercraft-9-36\\\/#primaryimage\",\"url\":\"https:\\\/\\\/kidsplay.lt\\\/wp-content\\\/uploads\\\/2023\\\/07\\\/Ekrano-kopija-2024-08-31-192745.png\",\"contentUrl\":\"https:\\\/\\\/kidsplay.lt\\\/wp-content\\\/uploads\\\/2023\\\/07\\\/Ekrano-kopija-2024-08-31-192745.png\",\"width\":576,\"height\":638},{\"@type\":\"BreadcrumbList\",\"@id\":\"https:\\\/\\\/kidsplay.lt\\\/produktas\\\/automobiline-kedute-kindercraft-9-36\\\/#breadcrumb\",\"itemListElement\":[{\"@type\":\"ListItem\",\"position\":1,\"name\":\"Pagrindinis\",\"item\":\"https:\\\/\\\/kidsplay.lt\\\/\"},{\"@type\":\"ListItem\",\"position\":2,\"name\":\"Parduotuv\u0117\",\"item\":\"https:\\\/\\\/kidsplay.lt\\\/parduotuve\\\/\"},{\"@type\":\"ListItem\",\"position\":3,\"name\":\"Automobilin\u0117 k\u0117dut\u0117 Kindercraft 9-36\"}]},{\"@type\":\"WebSite\",\"@id\":\"https:\\\/\\\/kidsplay.lt\\\/#website\",\"url\":\"https:\\\/\\\/kidsplay.lt\\\/\",\"name\":\"Kidsplay.lt\",\"description\":\"\u012evairios prek\u0117s vaikams\",\"publisher\":{\"@id\":\"https:\\\/\\\/kidsplay.lt\\\/#organization\"},\"alternateName\":\"Kidsplay\",\"potentialAction\":[{\"@type\":\"SearchAction\",\"target\":{\"@type\":\"EntryPoint\",\"urlTemplate\":\"https:\\\/\\\/kidsplay.lt\\\/?s={search_term_string}\"},\"query-input\":{\"@type\":\"PropertyValueSpecification\",\"valueRequired\":true,\"valueName\":\"search_term_string\"}}],\"inLanguage\":\"lv-LV\"},{\"@type\":\"Organization\",\"@id\":\"https:\\\/\\\/kidsplay.lt\\\/#organization\",\"name\":\"KidsPlay\",\"url\":\"https:\\\/\\\/kidsplay.lt\\\/\",\"logo\":{\"@type\":\"ImageObject\",\"inLanguage\":\"lv-LV\",\"@id\":\"https:\\\/\\\/kidsplay.lt\\\/#\\\/schema\\\/logo\\\/image\\\/\",\"url\":\"https:\\\/\\\/kidsplay.lt\\\/wp-content\\\/uploads\\\/2023\\\/07\\\/kidsplay-logo.png\",\"contentUrl\":\"https:\\\/\\\/kidsplay.lt\\\/wp-content\\\/uploads\\\/2023\\\/07\\\/kidsplay-logo.png\",\"width\":451,\"height\":98,\"caption\":\"KidsPlay\"},\"image\":{\"@id\":\"https:\\\/\\\/kidsplay.lt\\\/#\\\/schema\\\/logo\\\/image\\\/\"},\"sameAs\":[\"https:\\\/\\\/www.facebook.com\\\/www.kidsplay.lt\"]}]}<\/script>\n<!-- \/ Yoast SEO plugin. -->","yoast_head_json":{"title":"Automobilin\u0117 k\u0117dut\u0117 Kindercraft 9-36 - KidsPlay","description":"Automobilin\u0117 k\u0117dut\u0117 Kindercraft 9-36 kg sukurta taip, kad u\u017etikrint\u0173 maksimal\u0173 j\u016bs\u0173 vaiko saugumo ir komforto lyg\u012f vairuojant.","robots":{"index":"index","follow":"follow","max-snippet":"max-snippet:-1","max-image-preview":"max-image-preview:large","max-video-preview":"max-video-preview:-1"},"canonical":"https:\/\/kidsplay.lt\/lv\/products\/automobiline-kedute-kindercraft-9-36\/","og_locale":"lv_LV","og_type":"article","og_title":"Automobilin\u0117 k\u0117dut\u0117 Kindercraft 9-36 - KidsPlay","og_description":"Automobilin\u0117 k\u0117dut\u0117 Kindercraft 9-36 kg sukurta taip, kad u\u017etikrint\u0173 maksimal\u0173 j\u016bs\u0173 vaiko saugumo ir komforto lyg\u012f vairuojant.","og_url":"https:\/\/kidsplay.lt\/lv\/products\/automobiline-kedute-kindercraft-9-36\/","og_site_name":"KidsPlay","article_publisher":"https:\/\/www.facebook.com\/www.kidsplay.lt","article_modified_time":"2025-10-04T09:21:12+00:00","og_image":[{"width":576,"height":638,"url":"https:\/\/kidsplay.lt\/wp-content\/uploads\/2023\/07\/Ekrano-kopija-2024-08-31-192745.png","type":"image\/png"}],"twitter_card":"summary_large_image","twitter_misc":{"Est. reading time":"2 min\u016btes"},"schema":{"@context":"https:\/\/schema.org","@graph":[{"@type":"WebPage","@id":"https:\/\/kidsplay.lt\/produktas\/automobiline-kedute-kindercraft-9-36\/","url":"https:\/\/kidsplay.lt\/produktas\/automobiline-kedute-kindercraft-9-36\/","name":"Automobilin\u0117 k\u0117dut\u0117 Kindercraft 9-36 - KidsPlay","isPartOf":{"@id":"https:\/\/kidsplay.lt\/#website"},"primaryImageOfPage":{"@id":"https:\/\/kidsplay.lt\/produktas\/automobiline-kedute-kindercraft-9-36\/#primaryimage"},"image":{"@id":"https:\/\/kidsplay.lt\/produktas\/automobiline-kedute-kindercraft-9-36\/#primaryimage"},"thumbnailUrl":"https:\/\/kidsplay.lt\/wp-content\/uploads\/2023\/07\/Ekrano-kopija-2024-08-31-192745.png","datePublished":"2023-07-06T17:27:37+00:00","dateModified":"2025-10-04T09:21:12+00:00","description":"Automobilin\u0117 k\u0117dut\u0117 Kindercraft 9-36 kg sukurta taip, kad u\u017etikrint\u0173 maksimal\u0173 j\u016bs\u0173 vaiko saugumo ir komforto lyg\u012f vairuojant.","breadcrumb":{"@id":"https:\/\/kidsplay.lt\/produktas\/automobiline-kedute-kindercraft-9-36\/#breadcrumb"},"inLanguage":"lv-LV","potentialAction":[{"@type":"ReadAction","target":["https:\/\/kidsplay.lt\/produktas\/automobiline-kedute-kindercraft-9-36\/"]}]},{"@type":"ImageObject","inLanguage":"lv-LV","@id":"https:\/\/kidsplay.lt\/produktas\/automobiline-kedute-kindercraft-9-36\/#primaryimage","url":"https:\/\/kidsplay.lt\/wp-content\/uploads\/2023\/07\/Ekrano-kopija-2024-08-31-192745.png","contentUrl":"https:\/\/kidsplay.lt\/wp-content\/uploads\/2023\/07\/Ekrano-kopija-2024-08-31-192745.png","width":576,"height":638},{"@type":"BreadcrumbList","@id":"https:\/\/kidsplay.lt\/produktas\/automobiline-kedute-kindercraft-9-36\/#breadcrumb","itemListElement":[{"@type":"ListItem","position":1,"name":"Pagrindinis","item":"https:\/\/kidsplay.lt\/"},{"@type":"ListItem","position":2,"name":"Parduotuv\u0117","item":"https:\/\/kidsplay.lt\/parduotuve\/"},{"@type":"ListItem","position":3,"name":"Automobilin\u0117 k\u0117dut\u0117 Kindercraft 9-36"}]},{"@type":"WebSite","@id":"https:\/\/kidsplay.lt\/#website","url":"https:\/\/kidsplay.lt\/","name":"B\u0113rnu sp\u0113les.lv","description":"\u012evairios prek\u0117s vaikams","publisher":{"@id":"https:\/\/kidsplay.lt\/#organization"},"alternateName":"Kidsplay","potentialAction":[{"@type":"SearchAction","target":{"@type":"EntryPoint","urlTemplate":"https:\/\/kidsplay.lt\/?s={search_term_string}"},"query-input":{"@type":"PropertyValueSpecification","valueRequired":true,"valueName":"search_term_string"}}],"inLanguage":"lv-LV"},{"@type":"Organization","@id":"https:\/\/kidsplay.lt\/#organization","name":"B\u0113rnu sp\u0113le","url":"https:\/\/kidsplay.lt\/","logo":{"@type":"ImageObject","inLanguage":"lv-LV","@id":"https:\/\/kidsplay.lt\/#\/schema\/logo\/image\/","url":"https:\/\/kidsplay.lt\/wp-content\/uploads\/2023\/07\/kidsplay-logo.png","contentUrl":"https:\/\/kidsplay.lt\/wp-content\/uploads\/2023\/07\/kidsplay-logo.png","width":451,"height":98,"caption":"KidsPlay"},"image":{"@id":"https:\/\/kidsplay.lt\/#\/schema\/logo\/image\/"},"sameAs":["https:\/\/www.facebook.com\/www.kidsplay.lt"]}]}},"_links":{"self":[{"href":"https:\/\/kidsplay.lt\/lv\/wp-json\/wp\/v2\/product\/18858","targetHints":{"allow":["GET"]}}],"collection":[{"href":"https:\/\/kidsplay.lt\/lv\/wp-json\/wp\/v2\/product"}],"about":[{"href":"https:\/\/kidsplay.lt\/lv\/wp-json\/wp\/v2\/types\/product"}],"version-history":[{"count":1,"href":"https:\/\/kidsplay.lt\/lv\/wp-json\/wp\/v2\/product\/18858\/revisions"}],"predecessor-version":[{"id":47211,"href":"https:\/\/kidsplay.lt\/lv\/wp-json\/wp\/v2\/product\/18858\/revisions\/47211"}],"wp:featuredmedia":[{"embeddable":true,"href":"https:\/\/kidsplay.lt\/lv\/wp-json\/wp\/v2\/media\/49508"}],"wp:attachment":[{"href":"https:\/\/kidsplay.lt\/lv\/wp-json\/wp\/v2\/media?parent=18858"}],"wp:term":[{"taxonomy":"product_brand","embeddable":true,"href":"https:\/\/kidsplay.lt\/lv\/wp-json\/wp\/v2\/product_brand?post=18858"},{"taxonomy":"product_cat","embeddable":true,"href":"https:\/\/kidsplay.lt\/lv\/wp-json\/wp\/v2\/product_cat?post=18858"},{"taxonomy":"product_tag","embeddable":true,"href":"https:\/\/kidsplay.lt\/lv\/wp-json\/wp\/v2\/product_tag?post=18858"}],"curies":[{"name":"wp","href":"https:\/\/api.w.org\/{rel}","templated":true}]}}